

{"id":77545,"date":"2025-06-16T16:43:14","date_gmt":"2025-06-16T14:43:14","guid":{"rendered":"https:\/\/www.mpfiltri.com\/product\/produit\/"},"modified":"2026-04-10T15:53:19","modified_gmt":"2026-04-10T13:53:19","slug":"lms-lds","status":"publish","type":"product","link":"https:\/\/www.mpfiltri.com\/fr\/product\/lms-lds\/","title":{"rendered":"LMS-LDS"},"content":{"rendered":"<p>Les lanternes silencieuses LMS\/LDS sont utilis\u00e9es comme organe de liaison entre des moteurs \u00e9lectriques de la taille 100 \u00e0 335 et des pompes \u00e0 bride ISO3019 ou SAE. Les anneaux amortisseurs (NBR 75 Shore) sont mont\u00e9s entre la base moteur et la bride pompe et permettent de r\u00e9duire le bruit dans le syst\u00e8me.<\/p>\n<p>\u2022 R\u00e9duction du bruit jusqu\u2019\u00e0 5 dbA<\/p>\n<p>\u2022 Double empreinte de per\u00e7age sur demande<\/p>\n<p>\u2022 Trou d`inspection et de purge de l\u2019huile afin de v\u00e9rifier l\u2019\u00e9tat de l`accouplement et de toute fuite possible<\/p>\n<p>\u2022 Trous de fixation de pompe personnalis\u00e9s<\/p>\n<p>\u2022 Traitements de surface sp\u00e9cifiques sur demande<\/p>\n<p>\u2022 Interchangeable avec OMT<\/p>\n","protected":false},"excerpt":{"rendered":"<p>Les lanternes silencieuses LMS\/LDS sont utilis\u00e9es comme organe de liaison entre des moteurs \u00e9lectriques de la taille 100 \u00e0 335 et des pompes \u00e0 bride ISO3019 ou SAE. Les anneaux amortisseurs (NBR 75 Shore) sont mont\u00e9s entre la base moteur et la bride pompe et permettent de r\u00e9duire le bruit dans le syst\u00e8me. \u2022 R\u00e9duction [&hellip;]<\/p>\n","protected":false},"featured_media":0,"comment_status":"open","ping_status":"closed","template":"","meta":{"_acf_changed":false,"_gspb_post_css":"","inline_featured_image":false,"_genesis_hide_title":false,"_genesis_hide_breadcrumbs":false,"_genesis_hide_singular_image":false,"_genesis_hide_footer_widgets":false,"_genesis_custom_body_class":"","_genesis_custom_post_class":"","_genesis_layout":"","_links_to":"","_links_to_target":""},"product-structure":[],"product_brand":[],"product_cat":[13160,13188,13229,13195,13209,13277,13289,13263,13270],"product_tag":[],"class_list":{"0":"post-77545","1":"product","2":"type-product","3":"status-publish","5":"product_cat-agricole-forestier","6":"product_cat-applications","7":"product_cat-equipement-industriel","8":"product_cat-equipement-mobile","9":"product_cat-industrie-miniere","10":"product_cat-machines-a-former","11":"product_cat-systemes-oleodynamiques","12":"product_cat-textile-bois-pates-et-papier","13":"product_cat-traitement-des-dechets","14":"entry","16":"first","17":"instock","18":"shipping-taxable","19":"product-type-simple"},"acf":[],"yoast_head":"<!-- This site is optimized with the Yoast SEO plugin v27.2 - https:\/\/yoast.com\/product\/yoast-seo-wordpress\/ -->\n<title>Lanterne pompe LMS LDS | Transmission de puissance hydraulique<\/title>\n<meta name=\"description\" content=\"D\u00e9couvrez les lanternes pompe LMS et LDS MP Filtri, con\u00e7ues pour garantir une transmission de puissance hydraulique fiable et une installation robuste.\" \/>\n<meta name=\"robots\" content=\"index, follow, max-snippet:-1, max-image-preview:large, max-video-preview:-1\" \/>\n<link rel=\"canonical\" href=\"https:\/\/www.mpfiltri.com\/fr\/product\/lms-lds\/\" \/>\n<meta property=\"og:locale\" content=\"fr_FR\" \/>\n<meta property=\"og:type\" content=\"article\" \/>\n<meta property=\"og:title\" content=\"Lanterne pompe LMS LDS | Transmission de puissance hydraulique\" \/>\n<meta property=\"og:description\" content=\"D\u00e9couvrez les lanternes pompe LMS et LDS MP Filtri, con\u00e7ues pour garantir une transmission de puissance hydraulique fiable et une installation robuste.\" \/>\n<meta property=\"og:url\" content=\"https:\/\/www.mpfiltri.com\/fr\/product\/lms-lds\/\" \/>\n<meta property=\"og:site_name\" content=\"MP Filtri\" \/>\n<meta property=\"article:publisher\" content=\"https:\/\/www.facebook.com\/MPFiltriITA\" \/>\n<meta property=\"article:modified_time\" content=\"2026-04-10T13:53:19+00:00\" \/>\n<meta name=\"twitter:card\" content=\"summary_large_image\" \/>\n<meta name=\"twitter:label1\" content=\"Dur\u00e9e de lecture estim\u00e9e\" \/>\n\t<meta name=\"twitter:data1\" content=\"2 minutes\" \/>\n<script type=\"application\/ld+json\" class=\"yoast-schema-graph\">{\"@context\":\"https:\/\/schema.org\",\"@graph\":[{\"@type\":\"WebPage\",\"@id\":\"https:\/\/www.mpfiltri.com\/fr\/product\/lms-lds\/\",\"url\":\"https:\/\/www.mpfiltri.com\/fr\/product\/lms-lds\/\",\"name\":\"Lanterne pompe LMS LDS | Transmission de puissance hydraulique\",\"isPartOf\":{\"@id\":\"https:\/\/www.mpfiltri.com\/fr\/#website\"},\"datePublished\":\"2025-06-16T14:43:14+00:00\",\"dateModified\":\"2026-04-10T13:53:19+00:00\",\"description\":\"D\u00e9couvrez les lanternes pompe LMS et LDS MP Filtri, con\u00e7ues pour garantir une transmission de puissance hydraulique fiable et une installation robuste.\",\"breadcrumb\":{\"@id\":\"https:\/\/www.mpfiltri.com\/fr\/product\/lms-lds\/#breadcrumb\"},\"inLanguage\":\"fr-FR\",\"potentialAction\":[{\"@type\":\"ReadAction\",\"target\":[\"https:\/\/www.mpfiltri.com\/fr\/product\/lms-lds\/\"]}]},{\"@type\":\"BreadcrumbList\",\"@id\":\"https:\/\/www.mpfiltri.com\/fr\/product\/lms-lds\/#breadcrumb\",\"itemListElement\":[{\"@type\":\"ListItem\",\"position\":1,\"name\":\"Home\",\"item\":\"https:\/\/www.mpfiltri.com\/fr\/\"},{\"@type\":\"ListItem\",\"position\":2,\"name\":\"Produits\",\"item\":\"https:\/\/www.mpfiltri.com\/fr\/shop\/\"},{\"@type\":\"ListItem\",\"position\":3,\"name\":\"LMS-LDS\"}]},{\"@type\":\"WebSite\",\"@id\":\"https:\/\/www.mpfiltri.com\/fr\/#website\",\"url\":\"https:\/\/www.mpfiltri.com\/fr\/\",\"name\":\"MP Filtri\",\"description\":\"\",\"publisher\":{\"@id\":\"https:\/\/www.mpfiltri.com\/fr\/#organization\"},\"potentialAction\":[{\"@type\":\"SearchAction\",\"target\":{\"@type\":\"EntryPoint\",\"urlTemplate\":\"https:\/\/www.mpfiltri.com\/fr\/?s={search_term_string}\"},\"query-input\":{\"@type\":\"PropertyValueSpecification\",\"valueRequired\":true,\"valueName\":\"search_term_string\"}}],\"inLanguage\":\"fr-FR\"},{\"@type\":\"Organization\",\"@id\":\"https:\/\/www.mpfiltri.com\/fr\/#organization\",\"name\":\"MP Filtri\",\"url\":\"https:\/\/www.mpfiltri.com\/fr\/\",\"logo\":{\"@type\":\"ImageObject\",\"inLanguage\":\"fr-FR\",\"@id\":\"https:\/\/www.mpfiltri.com\/fr\/#\/schema\/logo\/image\/\",\"url\":\"\",\"contentUrl\":\"\",\"caption\":\"MP Filtri\"},\"image\":{\"@id\":\"https:\/\/www.mpfiltri.com\/fr\/#\/schema\/logo\/image\/\"},\"sameAs\":[\"https:\/\/www.facebook.com\/MPFiltriITA\",\"https:\/\/www.instagram.com\/mpfiltri\/\",\"https:\/\/www.youtube.com\/channel\/UCCzNMySYc1c4M-2B4v0K_QA?view_as=subscriber\",\"https:\/\/www.linkedin.com\/company\/mp-filtri-spa\/\"]}]}<\/script>\n<!-- \/ Yoast SEO plugin. -->","yoast_head_json":{"title":"Lanterne pompe LMS LDS | Transmission de puissance hydraulique","description":"D\u00e9couvrez les lanternes pompe LMS et LDS MP Filtri, con\u00e7ues pour garantir une transmission de puissance hydraulique fiable et une installation robuste.","robots":{"index":"index","follow":"follow","max-snippet":"max-snippet:-1","max-image-preview":"max-image-preview:large","max-video-preview":"max-video-preview:-1"},"canonical":"https:\/\/www.mpfiltri.com\/fr\/product\/lms-lds\/","og_locale":"fr_FR","og_type":"article","og_title":"Lanterne pompe LMS LDS | Transmission de puissance hydraulique","og_description":"D\u00e9couvrez les lanternes pompe LMS et LDS MP Filtri, con\u00e7ues pour garantir une transmission de puissance hydraulique fiable et une installation robuste.","og_url":"https:\/\/www.mpfiltri.com\/fr\/product\/lms-lds\/","og_site_name":"MP Filtri","article_publisher":"https:\/\/www.facebook.com\/MPFiltriITA","article_modified_time":"2026-04-10T13:53:19+00:00","twitter_card":"summary_large_image","twitter_misc":{"Dur\u00e9e de lecture estim\u00e9e":"2 minutes"},"schema":{"@context":"https:\/\/schema.org","@graph":[{"@type":"WebPage","@id":"https:\/\/www.mpfiltri.com\/fr\/product\/lms-lds\/","url":"https:\/\/www.mpfiltri.com\/fr\/product\/lms-lds\/","name":"Lanterne pompe LMS LDS | Transmission de puissance hydraulique","isPartOf":{"@id":"https:\/\/www.mpfiltri.com\/fr\/#website"},"datePublished":"2025-06-16T14:43:14+00:00","dateModified":"2026-04-10T13:53:19+00:00","description":"D\u00e9couvrez les lanternes pompe LMS et LDS MP Filtri, con\u00e7ues pour garantir une transmission de puissance hydraulique fiable et une installation robuste.","breadcrumb":{"@id":"https:\/\/www.mpfiltri.com\/fr\/product\/lms-lds\/#breadcrumb"},"inLanguage":"fr-FR","potentialAction":[{"@type":"ReadAction","target":["https:\/\/www.mpfiltri.com\/fr\/product\/lms-lds\/"]}]},{"@type":"BreadcrumbList","@id":"https:\/\/www.mpfiltri.com\/fr\/product\/lms-lds\/#breadcrumb","itemListElement":[{"@type":"ListItem","position":1,"name":"Home","item":"https:\/\/www.mpfiltri.com\/fr\/"},{"@type":"ListItem","position":2,"name":"Produits","item":"https:\/\/www.mpfiltri.com\/fr\/shop\/"},{"@type":"ListItem","position":3,"name":"LMS-LDS"}]},{"@type":"WebSite","@id":"https:\/\/www.mpfiltri.com\/fr\/#website","url":"https:\/\/www.mpfiltri.com\/fr\/","name":"MP Filtri","description":"","publisher":{"@id":"https:\/\/www.mpfiltri.com\/fr\/#organization"},"potentialAction":[{"@type":"SearchAction","target":{"@type":"EntryPoint","urlTemplate":"https:\/\/www.mpfiltri.com\/fr\/?s={search_term_string}"},"query-input":{"@type":"PropertyValueSpecification","valueRequired":true,"valueName":"search_term_string"}}],"inLanguage":"fr-FR"},{"@type":"Organization","@id":"https:\/\/www.mpfiltri.com\/fr\/#organization","name":"MP Filtri","url":"https:\/\/www.mpfiltri.com\/fr\/","logo":{"@type":"ImageObject","inLanguage":"fr-FR","@id":"https:\/\/www.mpfiltri.com\/fr\/#\/schema\/logo\/image\/","url":"","contentUrl":"","caption":"MP Filtri"},"image":{"@id":"https:\/\/www.mpfiltri.com\/fr\/#\/schema\/logo\/image\/"},"sameAs":["https:\/\/www.facebook.com\/MPFiltriITA","https:\/\/www.instagram.com\/mpfiltri\/","https:\/\/www.youtube.com\/channel\/UCCzNMySYc1c4M-2B4v0K_QA?view_as=subscriber","https:\/\/www.linkedin.com\/company\/mp-filtri-spa\/"]}]}},"_links":{"self":[{"href":"https:\/\/www.mpfiltri.com\/fr\/wp-json\/wp\/v2\/product\/77545","targetHints":{"allow":["GET"]}}],"collection":[{"href":"https:\/\/www.mpfiltri.com\/fr\/wp-json\/wp\/v2\/product"}],"about":[{"href":"https:\/\/www.mpfiltri.com\/fr\/wp-json\/wp\/v2\/types\/product"}],"replies":[{"embeddable":true,"href":"https:\/\/www.mpfiltri.com\/fr\/wp-json\/wp\/v2\/comments?post=77545"}],"wp:attachment":[{"href":"https:\/\/www.mpfiltri.com\/fr\/wp-json\/wp\/v2\/media?parent=77545"}],"wp:term":[{"taxonomy":"product-structure","embeddable":true,"href":"https:\/\/www.mpfiltri.com\/fr\/wp-json\/wp\/v2\/product-structure?post=77545"},{"taxonomy":"product_brand","embeddable":true,"href":"https:\/\/www.mpfiltri.com\/fr\/wp-json\/wp\/v2\/product_brand?post=77545"},{"taxonomy":"product_cat","embeddable":true,"href":"https:\/\/www.mpfiltri.com\/fr\/wp-json\/wp\/v2\/product_cat?post=77545"},{"taxonomy":"product_tag","embeddable":true,"href":"https:\/\/www.mpfiltri.com\/fr\/wp-json\/wp\/v2\/product_tag?post=77545"}],"curies":[{"name":"wp","href":"https:\/\/api.w.org\/{rel}","templated":true}]}}