

{"id":77540,"date":"2025-06-16T16:39:53","date_gmt":"2025-06-16T14:39:53","guid":{"rendered":"https:\/\/www.mpfiltri.com\/product\/produit\/"},"modified":"2026-04-09T11:35:54","modified_gmt":"2026-04-09T09:35:54","slug":"lmd-951","status":"publish","type":"product","link":"https:\/\/www.mpfiltri.com\/fr\/product\/lmd-951\/","title":{"rendered":"LMD 951"},"content":{"rendered":"<p>Filtre duplex en ligne basse pression avec maintenance par le dessus. Pression de service jusqu`\u00e0 16 bar (232 psi), d\u00e9bit d`huile jusqu`\u00e0 1200 l\/min (317 gpm), raccordements \u00e0 brides SAE en 3&#8243; et 4&#8243;. \/ DIN PN 16.<\/p>\n<p>Filtre duplex montage en ligne avec une large gamme de m\u00e9dias d\u2019filtrants, y compris de r\u00e9tention d\u2019eau. Con\u00e7u pour permettre le remplacement des \u00e9l\u00e9ments filtrants dans les op\u00e9rations de maintenance de machines en fonctionnement permanent, la t\u00eate en bas facilite le changement des \u00e9l\u00e9ments et une perte d\u2019huile minimale.<\/p>\n<p>Voir le tableau correspondant pour la compatibilit\u00e9 des fluides.<\/p>\n","protected":false},"excerpt":{"rendered":"<p>Filtre duplex en ligne basse pression avec maintenance par le dessus. Pression de service jusqu`\u00e0 16 bar (232 psi), d\u00e9bit d`huile jusqu`\u00e0 1200 l\/min (317 gpm), raccordements \u00e0 brides SAE en 3&#8243; et 4&#8243;. \/ DIN PN 16. Filtre duplex montage en ligne avec une large gamme de m\u00e9dias d\u2019filtrants, y compris de r\u00e9tention d\u2019eau. [&hellip;]<\/p>\n","protected":false},"featured_media":0,"comment_status":"open","ping_status":"closed","template":"","meta":{"_acf_changed":false,"_gspb_post_css":"","inline_featured_image":false,"_genesis_hide_title":false,"_genesis_hide_breadcrumbs":false,"_genesis_hide_singular_image":false,"_genesis_hide_footer_widgets":false,"_genesis_custom_body_class":"","_genesis_custom_post_class":"","_genesis_layout":"","_links_to":"","_links_to_target":""},"product-structure":[],"product_brand":[],"product_cat":[13235,13229,13283,13242,13249,13289],"product_tag":[],"class_list":{"0":"post-77540","1":"product","2":"type-product","3":"status-publish","5":"product_cat-chimie-petrole-gaz","6":"product_cat-equipement-industriel","7":"product_cat-lubrification-et-flushing-des-machines-hors-ligne","8":"product_cat-metallurgie","9":"product_cat-production-denergie","10":"product_cat-systemes-oleodynamiques","11":"entry","13":"first","14":"instock","15":"shipping-taxable","16":"product-type-simple"},"acf":[],"yoast_head":"<!-- This site is optimized with the Yoast SEO plugin v27.2 - https:\/\/yoast.com\/product\/yoast-seo-wordpress\/ -->\n<title>Filtre hydraulique double LMD 951 | MP Filtri<\/title>\n<meta name=\"description\" content=\"D\u00e9couvrez le filtre hydraulique double LMD 951 de MP Filtri, con\u00e7u pour garantir une filtration continue, fiable et performante dans les syst\u00e8mes hydrauliques exigeants.\" \/>\n<meta name=\"robots\" content=\"index, follow, max-snippet:-1, max-image-preview:large, max-video-preview:-1\" \/>\n<link rel=\"canonical\" href=\"https:\/\/www.mpfiltri.com\/fr\/product\/lmd-951\/\" \/>\n<meta property=\"og:locale\" content=\"fr_FR\" \/>\n<meta property=\"og:type\" content=\"article\" \/>\n<meta property=\"og:title\" content=\"Filtre hydraulique double LMD 951 | MP Filtri\" \/>\n<meta property=\"og:description\" content=\"D\u00e9couvrez le filtre hydraulique double LMD 951 de MP Filtri, con\u00e7u pour garantir une filtration continue, fiable et performante dans les syst\u00e8mes hydrauliques exigeants.\" \/>\n<meta property=\"og:url\" content=\"https:\/\/www.mpfiltri.com\/fr\/product\/lmd-951\/\" \/>\n<meta property=\"og:site_name\" content=\"MP Filtri\" \/>\n<meta property=\"article:publisher\" content=\"https:\/\/www.facebook.com\/MPFiltriITA\" \/>\n<meta property=\"article:modified_time\" content=\"2026-04-09T09:35:54+00:00\" \/>\n<meta name=\"twitter:card\" content=\"summary_large_image\" \/>\n<meta name=\"twitter:label1\" content=\"Dur\u00e9e de lecture estim\u00e9e\" \/>\n\t<meta name=\"twitter:data1\" content=\"1 minute\" \/>\n<script type=\"application\/ld+json\" class=\"yoast-schema-graph\">{\"@context\":\"https:\/\/schema.org\",\"@graph\":[{\"@type\":\"WebPage\",\"@id\":\"https:\/\/www.mpfiltri.com\/fr\/product\/lmd-951\/\",\"url\":\"https:\/\/www.mpfiltri.com\/fr\/product\/lmd-951\/\",\"name\":\"Filtre hydraulique double LMD 951 | MP Filtri\",\"isPartOf\":{\"@id\":\"https:\/\/www.mpfiltri.com\/fr\/#website\"},\"datePublished\":\"2025-06-16T14:39:53+00:00\",\"dateModified\":\"2026-04-09T09:35:54+00:00\",\"description\":\"D\u00e9couvrez le filtre hydraulique double LMD 951 de MP Filtri, con\u00e7u pour garantir une filtration continue, fiable et performante dans les syst\u00e8mes hydrauliques exigeants.\",\"breadcrumb\":{\"@id\":\"https:\/\/www.mpfiltri.com\/fr\/product\/lmd-951\/#breadcrumb\"},\"inLanguage\":\"fr-FR\",\"potentialAction\":[{\"@type\":\"ReadAction\",\"target\":[\"https:\/\/www.mpfiltri.com\/fr\/product\/lmd-951\/\"]}]},{\"@type\":\"BreadcrumbList\",\"@id\":\"https:\/\/www.mpfiltri.com\/fr\/product\/lmd-951\/#breadcrumb\",\"itemListElement\":[{\"@type\":\"ListItem\",\"position\":1,\"name\":\"Home\",\"item\":\"https:\/\/www.mpfiltri.com\/fr\/\"},{\"@type\":\"ListItem\",\"position\":2,\"name\":\"Produits\",\"item\":\"https:\/\/www.mpfiltri.com\/fr\/shop\/\"},{\"@type\":\"ListItem\",\"position\":3,\"name\":\"LMD 951\"}]},{\"@type\":\"WebSite\",\"@id\":\"https:\/\/www.mpfiltri.com\/fr\/#website\",\"url\":\"https:\/\/www.mpfiltri.com\/fr\/\",\"name\":\"MP Filtri\",\"description\":\"\",\"publisher\":{\"@id\":\"https:\/\/www.mpfiltri.com\/fr\/#organization\"},\"potentialAction\":[{\"@type\":\"SearchAction\",\"target\":{\"@type\":\"EntryPoint\",\"urlTemplate\":\"https:\/\/www.mpfiltri.com\/fr\/?s={search_term_string}\"},\"query-input\":{\"@type\":\"PropertyValueSpecification\",\"valueRequired\":true,\"valueName\":\"search_term_string\"}}],\"inLanguage\":\"fr-FR\"},{\"@type\":\"Organization\",\"@id\":\"https:\/\/www.mpfiltri.com\/fr\/#organization\",\"name\":\"MP Filtri\",\"url\":\"https:\/\/www.mpfiltri.com\/fr\/\",\"logo\":{\"@type\":\"ImageObject\",\"inLanguage\":\"fr-FR\",\"@id\":\"https:\/\/www.mpfiltri.com\/fr\/#\/schema\/logo\/image\/\",\"url\":\"\",\"contentUrl\":\"\",\"caption\":\"MP Filtri\"},\"image\":{\"@id\":\"https:\/\/www.mpfiltri.com\/fr\/#\/schema\/logo\/image\/\"},\"sameAs\":[\"https:\/\/www.facebook.com\/MPFiltriITA\",\"https:\/\/www.instagram.com\/mpfiltri\/\",\"https:\/\/www.youtube.com\/channel\/UCCzNMySYc1c4M-2B4v0K_QA?view_as=subscriber\",\"https:\/\/www.linkedin.com\/company\/mp-filtri-spa\/\"]}]}<\/script>\n<!-- \/ Yoast SEO plugin. -->","yoast_head_json":{"title":"Filtre hydraulique double LMD 951 | MP Filtri","description":"D\u00e9couvrez le filtre hydraulique double LMD 951 de MP Filtri, con\u00e7u pour garantir une filtration continue, fiable et performante dans les syst\u00e8mes hydrauliques exigeants.","robots":{"index":"index","follow":"follow","max-snippet":"max-snippet:-1","max-image-preview":"max-image-preview:large","max-video-preview":"max-video-preview:-1"},"canonical":"https:\/\/www.mpfiltri.com\/fr\/product\/lmd-951\/","og_locale":"fr_FR","og_type":"article","og_title":"Filtre hydraulique double LMD 951 | MP Filtri","og_description":"D\u00e9couvrez le filtre hydraulique double LMD 951 de MP Filtri, con\u00e7u pour garantir une filtration continue, fiable et performante dans les syst\u00e8mes hydrauliques exigeants.","og_url":"https:\/\/www.mpfiltri.com\/fr\/product\/lmd-951\/","og_site_name":"MP Filtri","article_publisher":"https:\/\/www.facebook.com\/MPFiltriITA","article_modified_time":"2026-04-09T09:35:54+00:00","twitter_card":"summary_large_image","twitter_misc":{"Dur\u00e9e de lecture estim\u00e9e":"1 minute"},"schema":{"@context":"https:\/\/schema.org","@graph":[{"@type":"WebPage","@id":"https:\/\/www.mpfiltri.com\/fr\/product\/lmd-951\/","url":"https:\/\/www.mpfiltri.com\/fr\/product\/lmd-951\/","name":"Filtre hydraulique double LMD 951 | MP Filtri","isPartOf":{"@id":"https:\/\/www.mpfiltri.com\/fr\/#website"},"datePublished":"2025-06-16T14:39:53+00:00","dateModified":"2026-04-09T09:35:54+00:00","description":"D\u00e9couvrez le filtre hydraulique double LMD 951 de MP Filtri, con\u00e7u pour garantir une filtration continue, fiable et performante dans les syst\u00e8mes hydrauliques exigeants.","breadcrumb":{"@id":"https:\/\/www.mpfiltri.com\/fr\/product\/lmd-951\/#breadcrumb"},"inLanguage":"fr-FR","potentialAction":[{"@type":"ReadAction","target":["https:\/\/www.mpfiltri.com\/fr\/product\/lmd-951\/"]}]},{"@type":"BreadcrumbList","@id":"https:\/\/www.mpfiltri.com\/fr\/product\/lmd-951\/#breadcrumb","itemListElement":[{"@type":"ListItem","position":1,"name":"Home","item":"https:\/\/www.mpfiltri.com\/fr\/"},{"@type":"ListItem","position":2,"name":"Produits","item":"https:\/\/www.mpfiltri.com\/fr\/shop\/"},{"@type":"ListItem","position":3,"name":"LMD 951"}]},{"@type":"WebSite","@id":"https:\/\/www.mpfiltri.com\/fr\/#website","url":"https:\/\/www.mpfiltri.com\/fr\/","name":"MP Filtri","description":"","publisher":{"@id":"https:\/\/www.mpfiltri.com\/fr\/#organization"},"potentialAction":[{"@type":"SearchAction","target":{"@type":"EntryPoint","urlTemplate":"https:\/\/www.mpfiltri.com\/fr\/?s={search_term_string}"},"query-input":{"@type":"PropertyValueSpecification","valueRequired":true,"valueName":"search_term_string"}}],"inLanguage":"fr-FR"},{"@type":"Organization","@id":"https:\/\/www.mpfiltri.com\/fr\/#organization","name":"MP Filtri","url":"https:\/\/www.mpfiltri.com\/fr\/","logo":{"@type":"ImageObject","inLanguage":"fr-FR","@id":"https:\/\/www.mpfiltri.com\/fr\/#\/schema\/logo\/image\/","url":"","contentUrl":"","caption":"MP Filtri"},"image":{"@id":"https:\/\/www.mpfiltri.com\/fr\/#\/schema\/logo\/image\/"},"sameAs":["https:\/\/www.facebook.com\/MPFiltriITA","https:\/\/www.instagram.com\/mpfiltri\/","https:\/\/www.youtube.com\/channel\/UCCzNMySYc1c4M-2B4v0K_QA?view_as=subscriber","https:\/\/www.linkedin.com\/company\/mp-filtri-spa\/"]}]}},"_links":{"self":[{"href":"https:\/\/www.mpfiltri.com\/fr\/wp-json\/wp\/v2\/product\/77540","targetHints":{"allow":["GET"]}}],"collection":[{"href":"https:\/\/www.mpfiltri.com\/fr\/wp-json\/wp\/v2\/product"}],"about":[{"href":"https:\/\/www.mpfiltri.com\/fr\/wp-json\/wp\/v2\/types\/product"}],"replies":[{"embeddable":true,"href":"https:\/\/www.mpfiltri.com\/fr\/wp-json\/wp\/v2\/comments?post=77540"}],"wp:attachment":[{"href":"https:\/\/www.mpfiltri.com\/fr\/wp-json\/wp\/v2\/media?parent=77540"}],"wp:term":[{"taxonomy":"product-structure","embeddable":true,"href":"https:\/\/www.mpfiltri.com\/fr\/wp-json\/wp\/v2\/product-structure?post=77540"},{"taxonomy":"product_brand","embeddable":true,"href":"https:\/\/www.mpfiltri.com\/fr\/wp-json\/wp\/v2\/product_brand?post=77540"},{"taxonomy":"product_cat","embeddable":true,"href":"https:\/\/www.mpfiltri.com\/fr\/wp-json\/wp\/v2\/product_cat?post=77540"},{"taxonomy":"product_tag","embeddable":true,"href":"https:\/\/www.mpfiltri.com\/fr\/wp-json\/wp\/v2\/product_tag?post=77540"}],"curies":[{"name":"wp","href":"https:\/\/api.w.org\/{rel}","templated":true}]}}