

{"id":77530,"date":"2025-06-16T16:42:08","date_gmt":"2025-06-16T14:42:08","guid":{"rendered":"https:\/\/www.mpfiltri.com\/product\/produit\/"},"modified":"2026-04-01T16:23:49","modified_gmt":"2026-04-01T14:23:49","slug":"filtres-en-ligne-80-bar-basse-moyenne-pression","status":"publish","type":"product","link":"https:\/\/www.mpfiltri.com\/fr\/product\/filtres-en-ligne-80-bar-basse-moyenne-pression\/","title":{"rendered":"FILTRES EN LIGNE, &lt;= 80 BAR (BASSE &amp; MOYENNE PRESSION)"},"content":{"rendered":"<p>Con\u00e7u pour effectuer une filtration de retour en ligne, de pression ou de recirculation en parall\u00e8le, prot\u00e9geant les composants du syst\u00e8me hydraulique les plus sensibles. D`une conception robuste et de nombreuses options, la s\u00e9rie LMP offre une gamme vari\u00e9e de mod\u00e8les de corps et d\u2019\u00e9l\u00e9ments adapt\u00e9s aux d\u00e9bits bas \u00e0 \u00e9lev\u00e9s et \u00e0 la protection maximale des circuits. Les filtres LMP mont\u00e9s en ligne sont disponibles en versions connexions filet\u00e9es, en ligne multi-connexions et \u00e0 brides \u00e0 int\u00e9grer en protection des blocs de contr\u00f4le sur les circuits des installations ou montage de la t\u00eate flaqu\u00e9e sur bloc. Les filtres LMP sont \u00e9galement disponibles en configuration duplex pour une filtration continue sans interruption de fonctionnement des installations.<\/p>\n","protected":false},"excerpt":{"rendered":"<p>Con\u00e7u pour effectuer une filtration de retour en ligne, de pression ou de recirculation en parall\u00e8le, prot\u00e9geant les composants du syst\u00e8me hydraulique les plus sensibles. D`une conception robuste et de nombreuses options, la s\u00e9rie LMP offre une gamme vari\u00e9e de mod\u00e8les de corps et d\u2019\u00e9l\u00e9ments adapt\u00e9s aux d\u00e9bits bas \u00e0 \u00e9lev\u00e9s et \u00e0 la protection [&hellip;]<\/p>\n","protected":false},"featured_media":38242,"comment_status":"open","ping_status":"closed","template":"","meta":{"_acf_changed":false,"_gspb_post_css":"","inline_featured_image":false,"_genesis_hide_title":false,"_genesis_hide_breadcrumbs":false,"_genesis_hide_singular_image":false,"_genesis_hide_footer_widgets":false,"_genesis_custom_body_class":"","_genesis_custom_post_class":"","_genesis_layout":"","_links_to":"","_links_to_target":""},"product-structure":[61],"product_brand":[],"product_cat":[],"product_tag":[],"class_list":{"0":"post-77530","1":"product","2":"type-product","3":"status-publish","4":"has-post-thumbnail","6":"product-structure-family","7":"entry","9":"first","10":"instock","11":"shipping-taxable","12":"product-type-simple"},"acf":[],"yoast_head":"<!-- This site is optimized with the Yoast SEO plugin v27.2 - https:\/\/yoast.com\/product\/yoast-seo-wordpress\/ -->\n<title>FILTRES EN LIGNE, &lt;= 80 BAR (BASSE &amp; MOYENNE PRESSION) - MP Filtri<\/title>\n<meta name=\"robots\" content=\"index, follow, max-snippet:-1, max-image-preview:large, max-video-preview:-1\" \/>\n<link rel=\"canonical\" href=\"https:\/\/www.mpfiltri.com\/fr\/product\/filtres-en-ligne-80-bar-basse-moyenne-pression\/\" \/>\n<meta property=\"og:locale\" content=\"fr_FR\" \/>\n<meta property=\"og:type\" content=\"article\" \/>\n<meta property=\"og:title\" content=\"FILTRES EN LIGNE, &lt;= 80 BAR (BASSE &amp; MOYENNE PRESSION) - MP Filtri\" \/>\n<meta property=\"og:description\" content=\"Con\u00e7u pour effectuer une filtration de retour en ligne, de pression ou de recirculation en parall\u00e8le, prot\u00e9geant les composants du syst\u00e8me hydraulique les plus sensibles. D`une conception robuste et de nombreuses options, la s\u00e9rie LMP offre une gamme vari\u00e9e de mod\u00e8les de corps et d\u2019\u00e9l\u00e9ments adapt\u00e9s aux d\u00e9bits bas \u00e0 \u00e9lev\u00e9s et \u00e0 la protection [&hellip;]\" \/>\n<meta property=\"og:url\" content=\"https:\/\/www.mpfiltri.com\/fr\/product\/filtres-en-ligne-80-bar-basse-moyenne-pression\/\" \/>\n<meta property=\"og:site_name\" content=\"MP Filtri\" \/>\n<meta property=\"article:publisher\" content=\"https:\/\/www.facebook.com\/MPFiltriITA\" \/>\n<meta property=\"article:modified_time\" content=\"2026-04-01T14:23:49+00:00\" \/>\n<meta property=\"og:image\" content=\"https:\/\/www.mpfiltri.com\/wp-content\/uploads\/2025\/10\/hf-lowmedium.png\" \/>\n\t<meta property=\"og:image:width\" content=\"700\" \/>\n\t<meta property=\"og:image:height\" content=\"700\" \/>\n\t<meta property=\"og:image:type\" content=\"image\/png\" \/>\n<meta name=\"twitter:card\" content=\"summary_large_image\" \/>\n<meta name=\"twitter:label1\" content=\"Dur\u00e9e de lecture estim\u00e9e\" \/>\n\t<meta name=\"twitter:data1\" content=\"1 minute\" \/>\n<script type=\"application\/ld+json\" class=\"yoast-schema-graph\">{\"@context\":\"https:\/\/schema.org\",\"@graph\":[{\"@type\":\"WebPage\",\"@id\":\"https:\/\/www.mpfiltri.com\/fr\/product\/filtres-en-ligne-80-bar-basse-moyenne-pression\/\",\"url\":\"https:\/\/www.mpfiltri.com\/fr\/product\/filtres-en-ligne-80-bar-basse-moyenne-pression\/\",\"name\":\"FILTRES EN LIGNE, &lt;= 80 BAR (BASSE &amp; MOYENNE PRESSION) - MP Filtri\",\"isPartOf\":{\"@id\":\"https:\/\/www.mpfiltri.com\/fr\/#website\"},\"primaryImageOfPage\":{\"@id\":\"https:\/\/www.mpfiltri.com\/fr\/product\/filtres-en-ligne-80-bar-basse-moyenne-pression\/#primaryimage\"},\"image\":{\"@id\":\"https:\/\/www.mpfiltri.com\/fr\/product\/filtres-en-ligne-80-bar-basse-moyenne-pression\/#primaryimage\"},\"thumbnailUrl\":\"https:\/\/www.mpfiltri.com\/wp-content\/uploads\/2025\/10\/hf-lowmedium.png\",\"datePublished\":\"2025-06-16T14:42:08+00:00\",\"dateModified\":\"2026-04-01T14:23:49+00:00\",\"breadcrumb\":{\"@id\":\"https:\/\/www.mpfiltri.com\/fr\/product\/filtres-en-ligne-80-bar-basse-moyenne-pression\/#breadcrumb\"},\"inLanguage\":\"fr-FR\",\"potentialAction\":[{\"@type\":\"ReadAction\",\"target\":[\"https:\/\/www.mpfiltri.com\/fr\/product\/filtres-en-ligne-80-bar-basse-moyenne-pression\/\"]}]},{\"@type\":\"ImageObject\",\"inLanguage\":\"fr-FR\",\"@id\":\"https:\/\/www.mpfiltri.com\/fr\/product\/filtres-en-ligne-80-bar-basse-moyenne-pression\/#primaryimage\",\"url\":\"https:\/\/www.mpfiltri.com\/wp-content\/uploads\/2025\/10\/hf-lowmedium.png\",\"contentUrl\":\"https:\/\/www.mpfiltri.com\/wp-content\/uploads\/2025\/10\/hf-lowmedium.png\",\"width\":700,\"height\":700},{\"@type\":\"BreadcrumbList\",\"@id\":\"https:\/\/www.mpfiltri.com\/fr\/product\/filtres-en-ligne-80-bar-basse-moyenne-pression\/#breadcrumb\",\"itemListElement\":[{\"@type\":\"ListItem\",\"position\":1,\"name\":\"Home\",\"item\":\"https:\/\/www.mpfiltri.com\/fr\/\"},{\"@type\":\"ListItem\",\"position\":2,\"name\":\"Produits\",\"item\":\"https:\/\/www.mpfiltri.com\/fr\/shop\/\"},{\"@type\":\"ListItem\",\"position\":3,\"name\":\"FILTRES EN LIGNE, &lt;= 80 BAR (BASSE &amp; MOYENNE PRESSION)\"}]},{\"@type\":\"WebSite\",\"@id\":\"https:\/\/www.mpfiltri.com\/fr\/#website\",\"url\":\"https:\/\/www.mpfiltri.com\/fr\/\",\"name\":\"MP Filtri\",\"description\":\"\",\"publisher\":{\"@id\":\"https:\/\/www.mpfiltri.com\/fr\/#organization\"},\"potentialAction\":[{\"@type\":\"SearchAction\",\"target\":{\"@type\":\"EntryPoint\",\"urlTemplate\":\"https:\/\/www.mpfiltri.com\/fr\/?s={search_term_string}\"},\"query-input\":{\"@type\":\"PropertyValueSpecification\",\"valueRequired\":true,\"valueName\":\"search_term_string\"}}],\"inLanguage\":\"fr-FR\"},{\"@type\":\"Organization\",\"@id\":\"https:\/\/www.mpfiltri.com\/fr\/#organization\",\"name\":\"MP Filtri\",\"url\":\"https:\/\/www.mpfiltri.com\/fr\/\",\"logo\":{\"@type\":\"ImageObject\",\"inLanguage\":\"fr-FR\",\"@id\":\"https:\/\/www.mpfiltri.com\/fr\/#\/schema\/logo\/image\/\",\"url\":\"\",\"contentUrl\":\"\",\"caption\":\"MP Filtri\"},\"image\":{\"@id\":\"https:\/\/www.mpfiltri.com\/fr\/#\/schema\/logo\/image\/\"},\"sameAs\":[\"https:\/\/www.facebook.com\/MPFiltriITA\",\"https:\/\/www.instagram.com\/mpfiltri\/\",\"https:\/\/www.youtube.com\/channel\/UCCzNMySYc1c4M-2B4v0K_QA?view_as=subscriber\",\"https:\/\/www.linkedin.com\/company\/mp-filtri-spa\/\"]}]}<\/script>\n<!-- \/ Yoast SEO plugin. -->","yoast_head_json":{"title":"FILTRES EN LIGNE, &lt;= 80 BAR (BASSE &amp; MOYENNE PRESSION) - MP Filtri","robots":{"index":"index","follow":"follow","max-snippet":"max-snippet:-1","max-image-preview":"max-image-preview:large","max-video-preview":"max-video-preview:-1"},"canonical":"https:\/\/www.mpfiltri.com\/fr\/product\/filtres-en-ligne-80-bar-basse-moyenne-pression\/","og_locale":"fr_FR","og_type":"article","og_title":"FILTRES EN LIGNE, &lt;= 80 BAR (BASSE &amp; MOYENNE PRESSION) - MP Filtri","og_description":"Con\u00e7u pour effectuer une filtration de retour en ligne, de pression ou de recirculation en parall\u00e8le, prot\u00e9geant les composants du syst\u00e8me hydraulique les plus sensibles. D`une conception robuste et de nombreuses options, la s\u00e9rie LMP offre une gamme vari\u00e9e de mod\u00e8les de corps et d\u2019\u00e9l\u00e9ments adapt\u00e9s aux d\u00e9bits bas \u00e0 \u00e9lev\u00e9s et \u00e0 la protection [&hellip;]","og_url":"https:\/\/www.mpfiltri.com\/fr\/product\/filtres-en-ligne-80-bar-basse-moyenne-pression\/","og_site_name":"MP Filtri","article_publisher":"https:\/\/www.facebook.com\/MPFiltriITA","article_modified_time":"2026-04-01T14:23:49+00:00","og_image":[{"width":700,"height":700,"url":"https:\/\/www.mpfiltri.com\/wp-content\/uploads\/2025\/10\/hf-lowmedium.png","type":"image\/png"}],"twitter_card":"summary_large_image","twitter_misc":{"Dur\u00e9e de lecture estim\u00e9e":"1 minute"},"schema":{"@context":"https:\/\/schema.org","@graph":[{"@type":"WebPage","@id":"https:\/\/www.mpfiltri.com\/fr\/product\/filtres-en-ligne-80-bar-basse-moyenne-pression\/","url":"https:\/\/www.mpfiltri.com\/fr\/product\/filtres-en-ligne-80-bar-basse-moyenne-pression\/","name":"FILTRES EN LIGNE, &lt;= 80 BAR (BASSE &amp; MOYENNE PRESSION) - MP Filtri","isPartOf":{"@id":"https:\/\/www.mpfiltri.com\/fr\/#website"},"primaryImageOfPage":{"@id":"https:\/\/www.mpfiltri.com\/fr\/product\/filtres-en-ligne-80-bar-basse-moyenne-pression\/#primaryimage"},"image":{"@id":"https:\/\/www.mpfiltri.com\/fr\/product\/filtres-en-ligne-80-bar-basse-moyenne-pression\/#primaryimage"},"thumbnailUrl":"https:\/\/www.mpfiltri.com\/wp-content\/uploads\/2025\/10\/hf-lowmedium.png","datePublished":"2025-06-16T14:42:08+00:00","dateModified":"2026-04-01T14:23:49+00:00","breadcrumb":{"@id":"https:\/\/www.mpfiltri.com\/fr\/product\/filtres-en-ligne-80-bar-basse-moyenne-pression\/#breadcrumb"},"inLanguage":"fr-FR","potentialAction":[{"@type":"ReadAction","target":["https:\/\/www.mpfiltri.com\/fr\/product\/filtres-en-ligne-80-bar-basse-moyenne-pression\/"]}]},{"@type":"ImageObject","inLanguage":"fr-FR","@id":"https:\/\/www.mpfiltri.com\/fr\/product\/filtres-en-ligne-80-bar-basse-moyenne-pression\/#primaryimage","url":"https:\/\/www.mpfiltri.com\/wp-content\/uploads\/2025\/10\/hf-lowmedium.png","contentUrl":"https:\/\/www.mpfiltri.com\/wp-content\/uploads\/2025\/10\/hf-lowmedium.png","width":700,"height":700},{"@type":"BreadcrumbList","@id":"https:\/\/www.mpfiltri.com\/fr\/product\/filtres-en-ligne-80-bar-basse-moyenne-pression\/#breadcrumb","itemListElement":[{"@type":"ListItem","position":1,"name":"Home","item":"https:\/\/www.mpfiltri.com\/fr\/"},{"@type":"ListItem","position":2,"name":"Produits","item":"https:\/\/www.mpfiltri.com\/fr\/shop\/"},{"@type":"ListItem","position":3,"name":"FILTRES EN LIGNE, &lt;= 80 BAR (BASSE &amp; MOYENNE PRESSION)"}]},{"@type":"WebSite","@id":"https:\/\/www.mpfiltri.com\/fr\/#website","url":"https:\/\/www.mpfiltri.com\/fr\/","name":"MP Filtri","description":"","publisher":{"@id":"https:\/\/www.mpfiltri.com\/fr\/#organization"},"potentialAction":[{"@type":"SearchAction","target":{"@type":"EntryPoint","urlTemplate":"https:\/\/www.mpfiltri.com\/fr\/?s={search_term_string}"},"query-input":{"@type":"PropertyValueSpecification","valueRequired":true,"valueName":"search_term_string"}}],"inLanguage":"fr-FR"},{"@type":"Organization","@id":"https:\/\/www.mpfiltri.com\/fr\/#organization","name":"MP Filtri","url":"https:\/\/www.mpfiltri.com\/fr\/","logo":{"@type":"ImageObject","inLanguage":"fr-FR","@id":"https:\/\/www.mpfiltri.com\/fr\/#\/schema\/logo\/image\/","url":"","contentUrl":"","caption":"MP Filtri"},"image":{"@id":"https:\/\/www.mpfiltri.com\/fr\/#\/schema\/logo\/image\/"},"sameAs":["https:\/\/www.facebook.com\/MPFiltriITA","https:\/\/www.instagram.com\/mpfiltri\/","https:\/\/www.youtube.com\/channel\/UCCzNMySYc1c4M-2B4v0K_QA?view_as=subscriber","https:\/\/www.linkedin.com\/company\/mp-filtri-spa\/"]}]}},"_links":{"self":[{"href":"https:\/\/www.mpfiltri.com\/fr\/wp-json\/wp\/v2\/product\/77530","targetHints":{"allow":["GET"]}}],"collection":[{"href":"https:\/\/www.mpfiltri.com\/fr\/wp-json\/wp\/v2\/product"}],"about":[{"href":"https:\/\/www.mpfiltri.com\/fr\/wp-json\/wp\/v2\/types\/product"}],"replies":[{"embeddable":true,"href":"https:\/\/www.mpfiltri.com\/fr\/wp-json\/wp\/v2\/comments?post=77530"}],"wp:featuredmedia":[{"embeddable":true,"href":"https:\/\/www.mpfiltri.com\/fr\/wp-json\/wp\/v2\/media\/38242"}],"wp:attachment":[{"href":"https:\/\/www.mpfiltri.com\/fr\/wp-json\/wp\/v2\/media?parent=77530"}],"wp:term":[{"taxonomy":"product-structure","embeddable":true,"href":"https:\/\/www.mpfiltri.com\/fr\/wp-json\/wp\/v2\/product-structure?post=77530"},{"taxonomy":"product_brand","embeddable":true,"href":"https:\/\/www.mpfiltri.com\/fr\/wp-json\/wp\/v2\/product_brand?post=77530"},{"taxonomy":"product_cat","embeddable":true,"href":"https:\/\/www.mpfiltri.com\/fr\/wp-json\/wp\/v2\/product_cat?post=77530"},{"taxonomy":"product_tag","embeddable":true,"href":"https:\/\/www.mpfiltri.com\/fr\/wp-json\/wp\/v2\/product_tag?post=77530"}],"curies":[{"name":"wp","href":"https:\/\/api.w.org\/{rel}","templated":true}]}}