

{"id":77529,"date":"2025-10-22T10:35:03","date_gmt":"2025-10-22T08:35:03","guid":{"rendered":"https:\/\/www.mpfiltri.com\/product\/produit\/"},"modified":"2026-04-01T16:22:46","modified_gmt":"2026-04-01T14:22:46","slug":"appareils-de-mesure-de-la-contamination","status":"publish","type":"product","link":"https:\/\/www.mpfiltri.com\/fr\/product\/appareils-de-mesure-de-la-contamination\/","title":{"rendered":"APPAREILS DE MESURE DE LA CONTAMINATION"},"content":{"rendered":"<p>MP Filtri con\u00e7oit et fabrique une gamme compl\u00e8te d\u2019appareils de mesure de la contamination, visant \u00e0 augmenter la dur\u00e9e de vie et la productivit\u00e9 des circuits hydrauliques. La technologie de la gamme Contamination Monitoring Products permet d\u2019effectuer une maintenance pr\u00e9ventive et pr\u00e9dictive, garantissant ainsi une continuit\u00e9 de fonctionnement maximale, une dur\u00e9e de vie plus longue des composants et une r\u00e9duction relative des co\u00fbts. Une solution compl\u00e8te qui combine des syst\u00e8mes hautement fonctionnels et \u00e9co \u00e9nerg\u00e9tiques avec une large gamme de services apr\u00e8s-vente.<\/p>\n","protected":false},"excerpt":{"rendered":"<p>MP Filtri con\u00e7oit et fabrique une gamme compl\u00e8te d\u2019appareils de mesure de la contamination, visant \u00e0 augmenter la dur\u00e9e de vie et la productivit\u00e9 des circuits hydrauliques. La technologie de la gamme Contamination Monitoring Products permet d\u2019effectuer une maintenance pr\u00e9ventive et pr\u00e9dictive, garantissant ainsi une continuit\u00e9 de fonctionnement maximale, une dur\u00e9e de vie plus longue [&hellip;]<\/p>\n","protected":false},"featured_media":81751,"comment_status":"open","ping_status":"closed","template":"","meta":{"_acf_changed":false,"_gspb_post_css":"","inline_featured_image":false,"_genesis_hide_title":false,"_genesis_hide_breadcrumbs":false,"_genesis_hide_singular_image":false,"_genesis_hide_footer_widgets":false,"_genesis_custom_body_class":"","_genesis_custom_post_class":"","_genesis_layout":"","_links_to":"","_links_to_target":""},"product-structure":[60],"product_brand":[],"product_cat":[],"product_tag":[],"class_list":{"0":"post-77529","1":"product","2":"type-product","3":"status-publish","4":"has-post-thumbnail","6":"product-structure-catalogue","7":"entry","9":"first","10":"instock","11":"shipping-taxable","12":"product-type-simple"},"acf":[],"yoast_head":"<!-- This site is optimized with the Yoast SEO plugin v27.2 - https:\/\/yoast.com\/product\/yoast-seo-wordpress\/ -->\n<title>APPAREILS DE MESURE DE LA CONTAMINATION - MP Filtri<\/title>\n<meta name=\"robots\" content=\"index, follow, max-snippet:-1, max-image-preview:large, max-video-preview:-1\" \/>\n<link rel=\"canonical\" href=\"https:\/\/www.mpfiltri.com\/fr\/product\/appareils-de-mesure-de-la-contamination\/\" \/>\n<meta property=\"og:locale\" content=\"fr_FR\" \/>\n<meta property=\"og:type\" content=\"article\" \/>\n<meta property=\"og:title\" content=\"APPAREILS DE MESURE DE LA CONTAMINATION - MP Filtri\" \/>\n<meta property=\"og:description\" content=\"MP Filtri con\u00e7oit et fabrique une gamme compl\u00e8te d\u2019appareils de mesure de la contamination, visant \u00e0 augmenter la dur\u00e9e de vie et la productivit\u00e9 des circuits hydrauliques. La technologie de la gamme Contamination Monitoring Products permet d\u2019effectuer une maintenance pr\u00e9ventive et pr\u00e9dictive, garantissant ainsi une continuit\u00e9 de fonctionnement maximale, une dur\u00e9e de vie plus longue [&hellip;]\" \/>\n<meta property=\"og:url\" content=\"https:\/\/www.mpfiltri.com\/fr\/product\/appareils-de-mesure-de-la-contamination\/\" \/>\n<meta property=\"og:site_name\" content=\"MP Filtri\" \/>\n<meta property=\"article:publisher\" content=\"https:\/\/www.facebook.com\/MPFiltriITA\" \/>\n<meta property=\"article:modified_time\" content=\"2026-04-01T14:22:46+00:00\" \/>\n<meta property=\"og:image\" content=\"https:\/\/www.mpfiltri.com\/wp-content\/uploads\/2025\/10\/CMP_250px.png\" \/>\n\t<meta property=\"og:image:width\" content=\"313\" \/>\n\t<meta property=\"og:image:height\" content=\"313\" \/>\n\t<meta property=\"og:image:type\" content=\"image\/png\" \/>\n<meta name=\"twitter:card\" content=\"summary_large_image\" \/>\n<script type=\"application\/ld+json\" class=\"yoast-schema-graph\">{\"@context\":\"https:\/\/schema.org\",\"@graph\":[{\"@type\":\"WebPage\",\"@id\":\"https:\/\/www.mpfiltri.com\/fr\/product\/appareils-de-mesure-de-la-contamination\/\",\"url\":\"https:\/\/www.mpfiltri.com\/fr\/product\/appareils-de-mesure-de-la-contamination\/\",\"name\":\"APPAREILS DE MESURE DE LA CONTAMINATION - MP Filtri\",\"isPartOf\":{\"@id\":\"https:\/\/www.mpfiltri.com\/fr\/#website\"},\"primaryImageOfPage\":{\"@id\":\"https:\/\/www.mpfiltri.com\/fr\/product\/appareils-de-mesure-de-la-contamination\/#primaryimage\"},\"image\":{\"@id\":\"https:\/\/www.mpfiltri.com\/fr\/product\/appareils-de-mesure-de-la-contamination\/#primaryimage\"},\"thumbnailUrl\":\"https:\/\/www.mpfiltri.com\/wp-content\/uploads\/2026\/03\/CMP_250px-2.png\",\"datePublished\":\"2025-10-22T08:35:03+00:00\",\"dateModified\":\"2026-04-01T14:22:46+00:00\",\"breadcrumb\":{\"@id\":\"https:\/\/www.mpfiltri.com\/fr\/product\/appareils-de-mesure-de-la-contamination\/#breadcrumb\"},\"inLanguage\":\"fr-FR\",\"potentialAction\":[{\"@type\":\"ReadAction\",\"target\":[\"https:\/\/www.mpfiltri.com\/fr\/product\/appareils-de-mesure-de-la-contamination\/\"]}]},{\"@type\":\"ImageObject\",\"inLanguage\":\"fr-FR\",\"@id\":\"https:\/\/www.mpfiltri.com\/fr\/product\/appareils-de-mesure-de-la-contamination\/#primaryimage\",\"url\":\"https:\/\/www.mpfiltri.com\/wp-content\/uploads\/2026\/03\/CMP_250px-2.png\",\"contentUrl\":\"https:\/\/www.mpfiltri.com\/wp-content\/uploads\/2026\/03\/CMP_250px-2.png\",\"width\":313,\"height\":313},{\"@type\":\"BreadcrumbList\",\"@id\":\"https:\/\/www.mpfiltri.com\/fr\/product\/appareils-de-mesure-de-la-contamination\/#breadcrumb\",\"itemListElement\":[{\"@type\":\"ListItem\",\"position\":1,\"name\":\"Home\",\"item\":\"https:\/\/www.mpfiltri.com\/fr\/\"},{\"@type\":\"ListItem\",\"position\":2,\"name\":\"Produits\",\"item\":\"https:\/\/www.mpfiltri.com\/fr\/shop\/\"},{\"@type\":\"ListItem\",\"position\":3,\"name\":\"APPAREILS DE MESURE DE LA CONTAMINATION\"}]},{\"@type\":\"WebSite\",\"@id\":\"https:\/\/www.mpfiltri.com\/fr\/#website\",\"url\":\"https:\/\/www.mpfiltri.com\/fr\/\",\"name\":\"MP Filtri\",\"description\":\"\",\"publisher\":{\"@id\":\"https:\/\/www.mpfiltri.com\/fr\/#organization\"},\"potentialAction\":[{\"@type\":\"SearchAction\",\"target\":{\"@type\":\"EntryPoint\",\"urlTemplate\":\"https:\/\/www.mpfiltri.com\/fr\/?s={search_term_string}\"},\"query-input\":{\"@type\":\"PropertyValueSpecification\",\"valueRequired\":true,\"valueName\":\"search_term_string\"}}],\"inLanguage\":\"fr-FR\"},{\"@type\":\"Organization\",\"@id\":\"https:\/\/www.mpfiltri.com\/fr\/#organization\",\"name\":\"MP Filtri\",\"url\":\"https:\/\/www.mpfiltri.com\/fr\/\",\"logo\":{\"@type\":\"ImageObject\",\"inLanguage\":\"fr-FR\",\"@id\":\"https:\/\/www.mpfiltri.com\/fr\/#\/schema\/logo\/image\/\",\"url\":\"\",\"contentUrl\":\"\",\"caption\":\"MP Filtri\"},\"image\":{\"@id\":\"https:\/\/www.mpfiltri.com\/fr\/#\/schema\/logo\/image\/\"},\"sameAs\":[\"https:\/\/www.facebook.com\/MPFiltriITA\",\"https:\/\/www.instagram.com\/mpfiltri\/\",\"https:\/\/www.youtube.com\/channel\/UCCzNMySYc1c4M-2B4v0K_QA?view_as=subscriber\",\"https:\/\/www.linkedin.com\/company\/mp-filtri-spa\/\"]}]}<\/script>\n<!-- \/ Yoast SEO plugin. -->","yoast_head_json":{"title":"APPAREILS DE MESURE DE LA CONTAMINATION - MP Filtri","robots":{"index":"index","follow":"follow","max-snippet":"max-snippet:-1","max-image-preview":"max-image-preview:large","max-video-preview":"max-video-preview:-1"},"canonical":"https:\/\/www.mpfiltri.com\/fr\/product\/appareils-de-mesure-de-la-contamination\/","og_locale":"fr_FR","og_type":"article","og_title":"APPAREILS DE MESURE DE LA CONTAMINATION - MP Filtri","og_description":"MP Filtri con\u00e7oit et fabrique une gamme compl\u00e8te d\u2019appareils de mesure de la contamination, visant \u00e0 augmenter la dur\u00e9e de vie et la productivit\u00e9 des circuits hydrauliques. La technologie de la gamme Contamination Monitoring Products permet d\u2019effectuer une maintenance pr\u00e9ventive et pr\u00e9dictive, garantissant ainsi une continuit\u00e9 de fonctionnement maximale, une dur\u00e9e de vie plus longue [&hellip;]","og_url":"https:\/\/www.mpfiltri.com\/fr\/product\/appareils-de-mesure-de-la-contamination\/","og_site_name":"MP Filtri","article_publisher":"https:\/\/www.facebook.com\/MPFiltriITA","article_modified_time":"2026-04-01T14:22:46+00:00","og_image":[{"width":313,"height":313,"url":"https:\/\/www.mpfiltri.com\/wp-content\/uploads\/2025\/10\/CMP_250px.png","type":"image\/png"}],"twitter_card":"summary_large_image","schema":{"@context":"https:\/\/schema.org","@graph":[{"@type":"WebPage","@id":"https:\/\/www.mpfiltri.com\/fr\/product\/appareils-de-mesure-de-la-contamination\/","url":"https:\/\/www.mpfiltri.com\/fr\/product\/appareils-de-mesure-de-la-contamination\/","name":"APPAREILS DE MESURE DE LA CONTAMINATION - MP Filtri","isPartOf":{"@id":"https:\/\/www.mpfiltri.com\/fr\/#website"},"primaryImageOfPage":{"@id":"https:\/\/www.mpfiltri.com\/fr\/product\/appareils-de-mesure-de-la-contamination\/#primaryimage"},"image":{"@id":"https:\/\/www.mpfiltri.com\/fr\/product\/appareils-de-mesure-de-la-contamination\/#primaryimage"},"thumbnailUrl":"https:\/\/www.mpfiltri.com\/wp-content\/uploads\/2026\/03\/CMP_250px-2.png","datePublished":"2025-10-22T08:35:03+00:00","dateModified":"2026-04-01T14:22:46+00:00","breadcrumb":{"@id":"https:\/\/www.mpfiltri.com\/fr\/product\/appareils-de-mesure-de-la-contamination\/#breadcrumb"},"inLanguage":"fr-FR","potentialAction":[{"@type":"ReadAction","target":["https:\/\/www.mpfiltri.com\/fr\/product\/appareils-de-mesure-de-la-contamination\/"]}]},{"@type":"ImageObject","inLanguage":"fr-FR","@id":"https:\/\/www.mpfiltri.com\/fr\/product\/appareils-de-mesure-de-la-contamination\/#primaryimage","url":"https:\/\/www.mpfiltri.com\/wp-content\/uploads\/2026\/03\/CMP_250px-2.png","contentUrl":"https:\/\/www.mpfiltri.com\/wp-content\/uploads\/2026\/03\/CMP_250px-2.png","width":313,"height":313},{"@type":"BreadcrumbList","@id":"https:\/\/www.mpfiltri.com\/fr\/product\/appareils-de-mesure-de-la-contamination\/#breadcrumb","itemListElement":[{"@type":"ListItem","position":1,"name":"Home","item":"https:\/\/www.mpfiltri.com\/fr\/"},{"@type":"ListItem","position":2,"name":"Produits","item":"https:\/\/www.mpfiltri.com\/fr\/shop\/"},{"@type":"ListItem","position":3,"name":"APPAREILS DE MESURE DE LA CONTAMINATION"}]},{"@type":"WebSite","@id":"https:\/\/www.mpfiltri.com\/fr\/#website","url":"https:\/\/www.mpfiltri.com\/fr\/","name":"MP Filtri","description":"","publisher":{"@id":"https:\/\/www.mpfiltri.com\/fr\/#organization"},"potentialAction":[{"@type":"SearchAction","target":{"@type":"EntryPoint","urlTemplate":"https:\/\/www.mpfiltri.com\/fr\/?s={search_term_string}"},"query-input":{"@type":"PropertyValueSpecification","valueRequired":true,"valueName":"search_term_string"}}],"inLanguage":"fr-FR"},{"@type":"Organization","@id":"https:\/\/www.mpfiltri.com\/fr\/#organization","name":"MP Filtri","url":"https:\/\/www.mpfiltri.com\/fr\/","logo":{"@type":"ImageObject","inLanguage":"fr-FR","@id":"https:\/\/www.mpfiltri.com\/fr\/#\/schema\/logo\/image\/","url":"","contentUrl":"","caption":"MP Filtri"},"image":{"@id":"https:\/\/www.mpfiltri.com\/fr\/#\/schema\/logo\/image\/"},"sameAs":["https:\/\/www.facebook.com\/MPFiltriITA","https:\/\/www.instagram.com\/mpfiltri\/","https:\/\/www.youtube.com\/channel\/UCCzNMySYc1c4M-2B4v0K_QA?view_as=subscriber","https:\/\/www.linkedin.com\/company\/mp-filtri-spa\/"]}]}},"_links":{"self":[{"href":"https:\/\/www.mpfiltri.com\/fr\/wp-json\/wp\/v2\/product\/77529","targetHints":{"allow":["GET"]}}],"collection":[{"href":"https:\/\/www.mpfiltri.com\/fr\/wp-json\/wp\/v2\/product"}],"about":[{"href":"https:\/\/www.mpfiltri.com\/fr\/wp-json\/wp\/v2\/types\/product"}],"replies":[{"embeddable":true,"href":"https:\/\/www.mpfiltri.com\/fr\/wp-json\/wp\/v2\/comments?post=77529"}],"wp:featuredmedia":[{"embeddable":true,"href":"https:\/\/www.mpfiltri.com\/fr\/wp-json\/wp\/v2\/media\/81751"}],"wp:attachment":[{"href":"https:\/\/www.mpfiltri.com\/fr\/wp-json\/wp\/v2\/media?parent=77529"}],"wp:term":[{"taxonomy":"product-structure","embeddable":true,"href":"https:\/\/www.mpfiltri.com\/fr\/wp-json\/wp\/v2\/product-structure?post=77529"},{"taxonomy":"product_brand","embeddable":true,"href":"https:\/\/www.mpfiltri.com\/fr\/wp-json\/wp\/v2\/product_brand?post=77529"},{"taxonomy":"product_cat","embeddable":true,"href":"https:\/\/www.mpfiltri.com\/fr\/wp-json\/wp\/v2\/product_cat?post=77529"},{"taxonomy":"product_tag","embeddable":true,"href":"https:\/\/www.mpfiltri.com\/fr\/wp-json\/wp\/v2\/product_tag?post=77529"}],"curies":[{"name":"wp","href":"https:\/\/api.w.org\/{rel}","templated":true}]}}