

{"id":77392,"date":"2025-06-17T17:02:48","date_gmt":"2025-06-17T15:02:48","guid":{"rendered":"https:\/\/www.mpfiltri.com\/product\/produit\/"},"modified":"2026-04-10T14:43:31","modified_gmt":"2026-04-10T12:43:31","slug":"cml-4","status":"publish","type":"product","link":"https:\/\/www.mpfiltri.com\/fr\/product\/cml-4\/","title":{"rendered":"CML 4"},"content":{"rendered":"<p>Le CML4 est un moniteur de contamination compact et portable qui fournit une \u00e9valuation rapide et pr\u00e9cise de la contamination sur le terrain et est la solution parfaite pour les secteurs mobile, construction et location d&#8217;\u00e9quipements.<\/p>\n<p>\u2022Pompe Int\u00e9gr\u00e9e : Pour tester les \u00e9chantillons d&#8217;huile non pressuris\u00e9s<\/p>\n<p>\u2022Simple et Intuitif : Facile \u00e0 ma\u00eetriser sans besoin d&#8217;un ordinateur portable<\/p>\n<p>\u2022Batterie Lithium-Ion de Longue Dur\u00e9e<\/p>\n<p>\u2022\u00c9chantillonnage \u00e0 Haute Pression : Jusqu&#8217;\u00e0 420 bar \/ 6091 PSI<\/p>\n<p>\u2022Capacit\u00e9 de M\u00e9moire : Stocke jusqu&#8217;\u00e0 4000 r\u00e9sultats<\/p>\n<p>\u2022Connectivit\u00e9 : Port USB-C int\u00e9gr\u00e9<\/p>\n<p>\u2022Haute R\u00e9solution : \u00c9cran tactile couleur de 7\u201d<\/p>\n<p>\u2022Indice de Protection IP65 : Pour une protection accrue<\/p>\n<p>\u2022Compatible Bluetooth : Accessoire d&#8217;imprimante en option disponible<\/p>\n<p>\u2022Formats de Rapport Vari\u00e9s Inclus<\/p>\n","protected":false},"excerpt":{"rendered":"<p>Le CML4 est un moniteur de contamination compact et portable qui fournit une \u00e9valuation rapide et pr\u00e9cise de la contamination sur le terrain et est la solution parfaite pour les secteurs mobile, construction et location d&#8217;\u00e9quipements. \u2022Pompe Int\u00e9gr\u00e9e : Pour tester les \u00e9chantillons d&#8217;huile non pressuris\u00e9s \u2022Simple et Intuitif : Facile \u00e0 ma\u00eetriser sans besoin [&hellip;]<\/p>\n","protected":false},"featured_media":0,"comment_status":"open","ping_status":"closed","template":"","meta":{"_acf_changed":false,"_gspb_post_css":"","inline_featured_image":false,"_genesis_hide_title":false,"_genesis_hide_breadcrumbs":false,"_genesis_hide_singular_image":false,"_genesis_hide_footer_widgets":false,"_genesis_custom_body_class":"","_genesis_custom_post_class":"","_genesis_layout":"","_links_to":"","_links_to_target":""},"product-structure":[],"product_brand":[],"product_cat":[13160,13188,13235,13256,13229,13195,13310,13209,13283,13277,13125,13202,13242,13249,13289,13263,13270,13216,13223],"product_tag":[],"class_list":{"0":"post-77392","1":"product","2":"type-product","3":"status-publish","5":"product_cat-agricole-forestier","6":"product_cat-applications","7":"product_cat-chimie-petrole-gaz","8":"product_cat-emballages-et-agroalimentaire","9":"product_cat-equipement-industriel","10":"product_cat-equipement-mobile","11":"product_cat-gamme","12":"product_cat-industrie-miniere","13":"product_cat-lubrification-et-flushing-des-machines-hors-ligne","14":"product_cat-machines-a-former","15":"product_cat-machines-pour-construction","16":"product_cat-manipulation-des-materiaux","17":"product_cat-metallurgie","18":"product_cat-production-denergie","19":"product_cat-systemes-oleodynamiques","20":"product_cat-textile-bois-pates-et-papier","21":"product_cat-traitement-des-dechets","22":"product_cat-vehicules-aeronautiques-et-marines","23":"product_cat-vehicules-utilitaires","24":"entry","26":"first","27":"instock","28":"shipping-taxable","29":"product-type-simple"},"acf":[],"yoast_head":"<!-- This site is optimized with the Yoast SEO plugin v27.2 - https:\/\/yoast.com\/product\/yoast-seo-wordpress\/ -->\n<title>Compteur de particules laboratoire CML 4 | Analyse contamination<\/title>\n<meta name=\"description\" content=\"D\u00e9couvrez le compteur de particules CML 4 MP Filtri, con\u00e7u pour le comptage de particules en laboratoire et le contr\u00f4le avanc\u00e9 de la contamination des fluides.\" \/>\n<meta name=\"robots\" content=\"index, follow, max-snippet:-1, max-image-preview:large, max-video-preview:-1\" \/>\n<link rel=\"canonical\" href=\"https:\/\/www.mpfiltri.com\/fr\/product\/cml-4\/\" \/>\n<meta property=\"og:locale\" content=\"fr_FR\" \/>\n<meta property=\"og:type\" content=\"article\" \/>\n<meta property=\"og:title\" content=\"Compteur de particules laboratoire CML 4 | Analyse contamination\" \/>\n<meta property=\"og:description\" content=\"D\u00e9couvrez le compteur de particules CML 4 MP Filtri, con\u00e7u pour le comptage de particules en laboratoire et le contr\u00f4le avanc\u00e9 de la contamination des fluides.\" \/>\n<meta property=\"og:url\" content=\"https:\/\/www.mpfiltri.com\/fr\/product\/cml-4\/\" \/>\n<meta property=\"og:site_name\" content=\"MP Filtri\" \/>\n<meta property=\"article:publisher\" content=\"https:\/\/www.facebook.com\/MPFiltriITA\" \/>\n<meta property=\"article:modified_time\" content=\"2026-04-10T12:43:31+00:00\" \/>\n<meta name=\"twitter:card\" content=\"summary_large_image\" \/>\n<meta name=\"twitter:label1\" content=\"Dur\u00e9e de lecture estim\u00e9e\" \/>\n\t<meta name=\"twitter:data1\" content=\"2 minutes\" \/>\n<script type=\"application\/ld+json\" class=\"yoast-schema-graph\">{\"@context\":\"https:\/\/schema.org\",\"@graph\":[{\"@type\":\"WebPage\",\"@id\":\"https:\/\/www.mpfiltri.com\/fr\/product\/cml-4\/\",\"url\":\"https:\/\/www.mpfiltri.com\/fr\/product\/cml-4\/\",\"name\":\"Compteur de particules laboratoire CML 4 | Analyse contamination\",\"isPartOf\":{\"@id\":\"https:\/\/www.mpfiltri.com\/fr\/#website\"},\"datePublished\":\"2025-06-17T15:02:48+00:00\",\"dateModified\":\"2026-04-10T12:43:31+00:00\",\"description\":\"D\u00e9couvrez le compteur de particules CML 4 MP Filtri, con\u00e7u pour le comptage de particules en laboratoire et le contr\u00f4le avanc\u00e9 de la contamination des fluides.\",\"breadcrumb\":{\"@id\":\"https:\/\/www.mpfiltri.com\/fr\/product\/cml-4\/#breadcrumb\"},\"inLanguage\":\"fr-FR\",\"potentialAction\":[{\"@type\":\"ReadAction\",\"target\":[\"https:\/\/www.mpfiltri.com\/fr\/product\/cml-4\/\"]}]},{\"@type\":\"BreadcrumbList\",\"@id\":\"https:\/\/www.mpfiltri.com\/fr\/product\/cml-4\/#breadcrumb\",\"itemListElement\":[{\"@type\":\"ListItem\",\"position\":1,\"name\":\"Home\",\"item\":\"https:\/\/www.mpfiltri.com\/fr\/\"},{\"@type\":\"ListItem\",\"position\":2,\"name\":\"Produits\",\"item\":\"https:\/\/www.mpfiltri.com\/fr\/shop\/\"},{\"@type\":\"ListItem\",\"position\":3,\"name\":\"CML 4\"}]},{\"@type\":\"WebSite\",\"@id\":\"https:\/\/www.mpfiltri.com\/fr\/#website\",\"url\":\"https:\/\/www.mpfiltri.com\/fr\/\",\"name\":\"MP Filtri\",\"description\":\"\",\"publisher\":{\"@id\":\"https:\/\/www.mpfiltri.com\/fr\/#organization\"},\"potentialAction\":[{\"@type\":\"SearchAction\",\"target\":{\"@type\":\"EntryPoint\",\"urlTemplate\":\"https:\/\/www.mpfiltri.com\/fr\/?s={search_term_string}\"},\"query-input\":{\"@type\":\"PropertyValueSpecification\",\"valueRequired\":true,\"valueName\":\"search_term_string\"}}],\"inLanguage\":\"fr-FR\"},{\"@type\":\"Organization\",\"@id\":\"https:\/\/www.mpfiltri.com\/fr\/#organization\",\"name\":\"MP Filtri\",\"url\":\"https:\/\/www.mpfiltri.com\/fr\/\",\"logo\":{\"@type\":\"ImageObject\",\"inLanguage\":\"fr-FR\",\"@id\":\"https:\/\/www.mpfiltri.com\/fr\/#\/schema\/logo\/image\/\",\"url\":\"\",\"contentUrl\":\"\",\"caption\":\"MP Filtri\"},\"image\":{\"@id\":\"https:\/\/www.mpfiltri.com\/fr\/#\/schema\/logo\/image\/\"},\"sameAs\":[\"https:\/\/www.facebook.com\/MPFiltriITA\",\"https:\/\/www.instagram.com\/mpfiltri\/\",\"https:\/\/www.youtube.com\/channel\/UCCzNMySYc1c4M-2B4v0K_QA?view_as=subscriber\",\"https:\/\/www.linkedin.com\/company\/mp-filtri-spa\/\"]}]}<\/script>\n<!-- \/ Yoast SEO plugin. -->","yoast_head_json":{"title":"Compteur de particules laboratoire CML 4 | Analyse contamination","description":"D\u00e9couvrez le compteur de particules CML 4 MP Filtri, con\u00e7u pour le comptage de particules en laboratoire et le contr\u00f4le avanc\u00e9 de la contamination des fluides.","robots":{"index":"index","follow":"follow","max-snippet":"max-snippet:-1","max-image-preview":"max-image-preview:large","max-video-preview":"max-video-preview:-1"},"canonical":"https:\/\/www.mpfiltri.com\/fr\/product\/cml-4\/","og_locale":"fr_FR","og_type":"article","og_title":"Compteur de particules laboratoire CML 4 | Analyse contamination","og_description":"D\u00e9couvrez le compteur de particules CML 4 MP Filtri, con\u00e7u pour le comptage de particules en laboratoire et le contr\u00f4le avanc\u00e9 de la contamination des fluides.","og_url":"https:\/\/www.mpfiltri.com\/fr\/product\/cml-4\/","og_site_name":"MP Filtri","article_publisher":"https:\/\/www.facebook.com\/MPFiltriITA","article_modified_time":"2026-04-10T12:43:31+00:00","twitter_card":"summary_large_image","twitter_misc":{"Dur\u00e9e de lecture estim\u00e9e":"2 minutes"},"schema":{"@context":"https:\/\/schema.org","@graph":[{"@type":"WebPage","@id":"https:\/\/www.mpfiltri.com\/fr\/product\/cml-4\/","url":"https:\/\/www.mpfiltri.com\/fr\/product\/cml-4\/","name":"Compteur de particules laboratoire CML 4 | Analyse contamination","isPartOf":{"@id":"https:\/\/www.mpfiltri.com\/fr\/#website"},"datePublished":"2025-06-17T15:02:48+00:00","dateModified":"2026-04-10T12:43:31+00:00","description":"D\u00e9couvrez le compteur de particules CML 4 MP Filtri, con\u00e7u pour le comptage de particules en laboratoire et le contr\u00f4le avanc\u00e9 de la contamination des fluides.","breadcrumb":{"@id":"https:\/\/www.mpfiltri.com\/fr\/product\/cml-4\/#breadcrumb"},"inLanguage":"fr-FR","potentialAction":[{"@type":"ReadAction","target":["https:\/\/www.mpfiltri.com\/fr\/product\/cml-4\/"]}]},{"@type":"BreadcrumbList","@id":"https:\/\/www.mpfiltri.com\/fr\/product\/cml-4\/#breadcrumb","itemListElement":[{"@type":"ListItem","position":1,"name":"Home","item":"https:\/\/www.mpfiltri.com\/fr\/"},{"@type":"ListItem","position":2,"name":"Produits","item":"https:\/\/www.mpfiltri.com\/fr\/shop\/"},{"@type":"ListItem","position":3,"name":"CML 4"}]},{"@type":"WebSite","@id":"https:\/\/www.mpfiltri.com\/fr\/#website","url":"https:\/\/www.mpfiltri.com\/fr\/","name":"MP Filtri","description":"","publisher":{"@id":"https:\/\/www.mpfiltri.com\/fr\/#organization"},"potentialAction":[{"@type":"SearchAction","target":{"@type":"EntryPoint","urlTemplate":"https:\/\/www.mpfiltri.com\/fr\/?s={search_term_string}"},"query-input":{"@type":"PropertyValueSpecification","valueRequired":true,"valueName":"search_term_string"}}],"inLanguage":"fr-FR"},{"@type":"Organization","@id":"https:\/\/www.mpfiltri.com\/fr\/#organization","name":"MP Filtri","url":"https:\/\/www.mpfiltri.com\/fr\/","logo":{"@type":"ImageObject","inLanguage":"fr-FR","@id":"https:\/\/www.mpfiltri.com\/fr\/#\/schema\/logo\/image\/","url":"","contentUrl":"","caption":"MP Filtri"},"image":{"@id":"https:\/\/www.mpfiltri.com\/fr\/#\/schema\/logo\/image\/"},"sameAs":["https:\/\/www.facebook.com\/MPFiltriITA","https:\/\/www.instagram.com\/mpfiltri\/","https:\/\/www.youtube.com\/channel\/UCCzNMySYc1c4M-2B4v0K_QA?view_as=subscriber","https:\/\/www.linkedin.com\/company\/mp-filtri-spa\/"]}]}},"_links":{"self":[{"href":"https:\/\/www.mpfiltri.com\/fr\/wp-json\/wp\/v2\/product\/77392","targetHints":{"allow":["GET"]}}],"collection":[{"href":"https:\/\/www.mpfiltri.com\/fr\/wp-json\/wp\/v2\/product"}],"about":[{"href":"https:\/\/www.mpfiltri.com\/fr\/wp-json\/wp\/v2\/types\/product"}],"replies":[{"embeddable":true,"href":"https:\/\/www.mpfiltri.com\/fr\/wp-json\/wp\/v2\/comments?post=77392"}],"wp:attachment":[{"href":"https:\/\/www.mpfiltri.com\/fr\/wp-json\/wp\/v2\/media?parent=77392"}],"wp:term":[{"taxonomy":"product-structure","embeddable":true,"href":"https:\/\/www.mpfiltri.com\/fr\/wp-json\/wp\/v2\/product-structure?post=77392"},{"taxonomy":"product_brand","embeddable":true,"href":"https:\/\/www.mpfiltri.com\/fr\/wp-json\/wp\/v2\/product_brand?post=77392"},{"taxonomy":"product_cat","embeddable":true,"href":"https:\/\/www.mpfiltri.com\/fr\/wp-json\/wp\/v2\/product_cat?post=77392"},{"taxonomy":"product_tag","embeddable":true,"href":"https:\/\/www.mpfiltri.com\/fr\/wp-json\/wp\/v2\/product_tag?post=77392"}],"curies":[{"name":"wp","href":"https:\/\/api.w.org\/{rel}","templated":true}]}}