

{"id":77373,"date":"2025-10-20T12:56:29","date_gmt":"2025-10-20T10:56:29","guid":{"rendered":"https:\/\/www.mpfiltri.com\/product\/produit\/"},"modified":"2026-04-01T16:22:47","modified_gmt":"2026-04-01T14:22:47","slug":"indicateurs-barometriques-pression","status":"publish","type":"product","link":"https:\/\/www.mpfiltri.com\/fr\/product\/indicateurs-barometriques-pression\/","title":{"rendered":"INDICATEURS BAROM\u00c9TRIQUES (PRESSION)"},"content":{"rendered":"<p>Les indicateurs de pression sont utilis\u00e9s sur la ligne de retour pour v\u00e9rifier l\u2019efficacit\u00e9 de l\u2019\u00e9l\u00e9ment filtrant. Ils mesurent la pression en amont de l\u2019\u00e9l\u00e9ment filtrant. Les indicateurs barom\u00e9triques (pression) sont identifi\u00e9s dans le catalogue de filtration hydraulique et dans le tableau du guide de r\u00e9f\u00e9rence rapide par la lettre &#8220;B&#8221;.<\/p>\n","protected":false},"excerpt":{"rendered":"<p>Les indicateurs de pression sont utilis\u00e9s sur la ligne de retour pour v\u00e9rifier l\u2019efficacit\u00e9 de l\u2019\u00e9l\u00e9ment filtrant. Ils mesurent la pression en amont de l\u2019\u00e9l\u00e9ment filtrant. Les indicateurs barom\u00e9triques (pression) sont identifi\u00e9s dans le catalogue de filtration hydraulique et dans le tableau du guide de r\u00e9f\u00e9rence rapide par la lettre &#8220;B&#8221;.<\/p>\n","protected":false},"featured_media":0,"comment_status":"open","ping_status":"closed","template":"","meta":{"_acf_changed":false,"_gspb_post_css":"","inline_featured_image":false,"_genesis_hide_title":false,"_genesis_hide_breadcrumbs":false,"_genesis_hide_singular_image":false,"_genesis_hide_footer_widgets":false,"_genesis_custom_body_class":"","_genesis_custom_post_class":"","_genesis_layout":"","_links_to":"","_links_to_target":""},"product-structure":[62],"product_brand":[],"product_cat":[],"product_tag":[],"class_list":{"0":"post-77373","1":"product","2":"type-product","3":"status-publish","5":"product-structure-series","6":"entry","8":"first","9":"instock","10":"shipping-taxable","11":"product-type-simple"},"acf":[],"yoast_head":"<!-- This site is optimized with the Yoast SEO plugin v27.2 - https:\/\/yoast.com\/product\/yoast-seo-wordpress\/ -->\n<title>INDICATEURS BAROM\u00c9TRIQUES (PRESSION) - MP Filtri<\/title>\n<meta name=\"robots\" content=\"index, follow, max-snippet:-1, max-image-preview:large, max-video-preview:-1\" \/>\n<link rel=\"canonical\" href=\"https:\/\/www.mpfiltri.com\/fr\/product\/indicateurs-barometriques-pression\/\" \/>\n<meta property=\"og:locale\" content=\"fr_FR\" \/>\n<meta property=\"og:type\" content=\"article\" \/>\n<meta property=\"og:title\" content=\"INDICATEURS BAROM\u00c9TRIQUES (PRESSION) - MP Filtri\" \/>\n<meta property=\"og:description\" content=\"Les indicateurs de pression sont utilis\u00e9s sur la ligne de retour pour v\u00e9rifier l\u2019efficacit\u00e9 de l\u2019\u00e9l\u00e9ment filtrant. Ils mesurent la pression en amont de l\u2019\u00e9l\u00e9ment filtrant. Les indicateurs barom\u00e9triques (pression) sont identifi\u00e9s dans le catalogue de filtration hydraulique et dans le tableau du guide de r\u00e9f\u00e9rence rapide par la lettre &#8220;B&#8221;.\" \/>\n<meta property=\"og:url\" content=\"https:\/\/www.mpfiltri.com\/fr\/product\/indicateurs-barometriques-pression\/\" \/>\n<meta property=\"og:site_name\" content=\"MP Filtri\" \/>\n<meta property=\"article:publisher\" content=\"https:\/\/www.facebook.com\/MPFiltriITA\" \/>\n<meta property=\"article:modified_time\" content=\"2026-04-01T14:22:47+00:00\" \/>\n<meta name=\"twitter:card\" content=\"summary_large_image\" \/>\n<script type=\"application\/ld+json\" class=\"yoast-schema-graph\">{\"@context\":\"https:\/\/schema.org\",\"@graph\":[{\"@type\":\"WebPage\",\"@id\":\"https:\/\/www.mpfiltri.com\/fr\/product\/indicateurs-barometriques-pression\/\",\"url\":\"https:\/\/www.mpfiltri.com\/fr\/product\/indicateurs-barometriques-pression\/\",\"name\":\"INDICATEURS BAROM\u00c9TRIQUES (PRESSION) - MP Filtri\",\"isPartOf\":{\"@id\":\"https:\/\/www.mpfiltri.com\/fr\/#website\"},\"datePublished\":\"2025-10-20T10:56:29+00:00\",\"dateModified\":\"2026-04-01T14:22:47+00:00\",\"breadcrumb\":{\"@id\":\"https:\/\/www.mpfiltri.com\/fr\/product\/indicateurs-barometriques-pression\/#breadcrumb\"},\"inLanguage\":\"fr-FR\",\"potentialAction\":[{\"@type\":\"ReadAction\",\"target\":[\"https:\/\/www.mpfiltri.com\/fr\/product\/indicateurs-barometriques-pression\/\"]}]},{\"@type\":\"BreadcrumbList\",\"@id\":\"https:\/\/www.mpfiltri.com\/fr\/product\/indicateurs-barometriques-pression\/#breadcrumb\",\"itemListElement\":[{\"@type\":\"ListItem\",\"position\":1,\"name\":\"Home\",\"item\":\"https:\/\/www.mpfiltri.com\/fr\/\"},{\"@type\":\"ListItem\",\"position\":2,\"name\":\"Produits\",\"item\":\"https:\/\/www.mpfiltri.com\/fr\/shop\/\"},{\"@type\":\"ListItem\",\"position\":3,\"name\":\"INDICATEURS BAROM\u00c9TRIQUES (PRESSION)\"}]},{\"@type\":\"WebSite\",\"@id\":\"https:\/\/www.mpfiltri.com\/fr\/#website\",\"url\":\"https:\/\/www.mpfiltri.com\/fr\/\",\"name\":\"MP Filtri\",\"description\":\"\",\"publisher\":{\"@id\":\"https:\/\/www.mpfiltri.com\/fr\/#organization\"},\"potentialAction\":[{\"@type\":\"SearchAction\",\"target\":{\"@type\":\"EntryPoint\",\"urlTemplate\":\"https:\/\/www.mpfiltri.com\/fr\/?s={search_term_string}\"},\"query-input\":{\"@type\":\"PropertyValueSpecification\",\"valueRequired\":true,\"valueName\":\"search_term_string\"}}],\"inLanguage\":\"fr-FR\"},{\"@type\":\"Organization\",\"@id\":\"https:\/\/www.mpfiltri.com\/fr\/#organization\",\"name\":\"MP Filtri\",\"url\":\"https:\/\/www.mpfiltri.com\/fr\/\",\"logo\":{\"@type\":\"ImageObject\",\"inLanguage\":\"fr-FR\",\"@id\":\"https:\/\/www.mpfiltri.com\/fr\/#\/schema\/logo\/image\/\",\"url\":\"\",\"contentUrl\":\"\",\"caption\":\"MP Filtri\"},\"image\":{\"@id\":\"https:\/\/www.mpfiltri.com\/fr\/#\/schema\/logo\/image\/\"},\"sameAs\":[\"https:\/\/www.facebook.com\/MPFiltriITA\",\"https:\/\/www.instagram.com\/mpfiltri\/\",\"https:\/\/www.youtube.com\/channel\/UCCzNMySYc1c4M-2B4v0K_QA?view_as=subscriber\",\"https:\/\/www.linkedin.com\/company\/mp-filtri-spa\/\"]}]}<\/script>\n<!-- \/ Yoast SEO plugin. -->","yoast_head_json":{"title":"INDICATEURS BAROM\u00c9TRIQUES (PRESSION) - MP Filtri","robots":{"index":"index","follow":"follow","max-snippet":"max-snippet:-1","max-image-preview":"max-image-preview:large","max-video-preview":"max-video-preview:-1"},"canonical":"https:\/\/www.mpfiltri.com\/fr\/product\/indicateurs-barometriques-pression\/","og_locale":"fr_FR","og_type":"article","og_title":"INDICATEURS BAROM\u00c9TRIQUES (PRESSION) - MP Filtri","og_description":"Les indicateurs de pression sont utilis\u00e9s sur la ligne de retour pour v\u00e9rifier l\u2019efficacit\u00e9 de l\u2019\u00e9l\u00e9ment filtrant. Ils mesurent la pression en amont de l\u2019\u00e9l\u00e9ment filtrant. Les indicateurs barom\u00e9triques (pression) sont identifi\u00e9s dans le catalogue de filtration hydraulique et dans le tableau du guide de r\u00e9f\u00e9rence rapide par la lettre &#8220;B&#8221;.","og_url":"https:\/\/www.mpfiltri.com\/fr\/product\/indicateurs-barometriques-pression\/","og_site_name":"MP Filtri","article_publisher":"https:\/\/www.facebook.com\/MPFiltriITA","article_modified_time":"2026-04-01T14:22:47+00:00","twitter_card":"summary_large_image","schema":{"@context":"https:\/\/schema.org","@graph":[{"@type":"WebPage","@id":"https:\/\/www.mpfiltri.com\/fr\/product\/indicateurs-barometriques-pression\/","url":"https:\/\/www.mpfiltri.com\/fr\/product\/indicateurs-barometriques-pression\/","name":"INDICATEURS BAROM\u00c9TRIQUES (PRESSION) - MP Filtri","isPartOf":{"@id":"https:\/\/www.mpfiltri.com\/fr\/#website"},"datePublished":"2025-10-20T10:56:29+00:00","dateModified":"2026-04-01T14:22:47+00:00","breadcrumb":{"@id":"https:\/\/www.mpfiltri.com\/fr\/product\/indicateurs-barometriques-pression\/#breadcrumb"},"inLanguage":"fr-FR","potentialAction":[{"@type":"ReadAction","target":["https:\/\/www.mpfiltri.com\/fr\/product\/indicateurs-barometriques-pression\/"]}]},{"@type":"BreadcrumbList","@id":"https:\/\/www.mpfiltri.com\/fr\/product\/indicateurs-barometriques-pression\/#breadcrumb","itemListElement":[{"@type":"ListItem","position":1,"name":"Home","item":"https:\/\/www.mpfiltri.com\/fr\/"},{"@type":"ListItem","position":2,"name":"Produits","item":"https:\/\/www.mpfiltri.com\/fr\/shop\/"},{"@type":"ListItem","position":3,"name":"INDICATEURS BAROM\u00c9TRIQUES (PRESSION)"}]},{"@type":"WebSite","@id":"https:\/\/www.mpfiltri.com\/fr\/#website","url":"https:\/\/www.mpfiltri.com\/fr\/","name":"MP Filtri","description":"","publisher":{"@id":"https:\/\/www.mpfiltri.com\/fr\/#organization"},"potentialAction":[{"@type":"SearchAction","target":{"@type":"EntryPoint","urlTemplate":"https:\/\/www.mpfiltri.com\/fr\/?s={search_term_string}"},"query-input":{"@type":"PropertyValueSpecification","valueRequired":true,"valueName":"search_term_string"}}],"inLanguage":"fr-FR"},{"@type":"Organization","@id":"https:\/\/www.mpfiltri.com\/fr\/#organization","name":"MP Filtri","url":"https:\/\/www.mpfiltri.com\/fr\/","logo":{"@type":"ImageObject","inLanguage":"fr-FR","@id":"https:\/\/www.mpfiltri.com\/fr\/#\/schema\/logo\/image\/","url":"","contentUrl":"","caption":"MP Filtri"},"image":{"@id":"https:\/\/www.mpfiltri.com\/fr\/#\/schema\/logo\/image\/"},"sameAs":["https:\/\/www.facebook.com\/MPFiltriITA","https:\/\/www.instagram.com\/mpfiltri\/","https:\/\/www.youtube.com\/channel\/UCCzNMySYc1c4M-2B4v0K_QA?view_as=subscriber","https:\/\/www.linkedin.com\/company\/mp-filtri-spa\/"]}]}},"_links":{"self":[{"href":"https:\/\/www.mpfiltri.com\/fr\/wp-json\/wp\/v2\/product\/77373","targetHints":{"allow":["GET"]}}],"collection":[{"href":"https:\/\/www.mpfiltri.com\/fr\/wp-json\/wp\/v2\/product"}],"about":[{"href":"https:\/\/www.mpfiltri.com\/fr\/wp-json\/wp\/v2\/types\/product"}],"replies":[{"embeddable":true,"href":"https:\/\/www.mpfiltri.com\/fr\/wp-json\/wp\/v2\/comments?post=77373"}],"wp:attachment":[{"href":"https:\/\/www.mpfiltri.com\/fr\/wp-json\/wp\/v2\/media?parent=77373"}],"wp:term":[{"taxonomy":"product-structure","embeddable":true,"href":"https:\/\/www.mpfiltri.com\/fr\/wp-json\/wp\/v2\/product-structure?post=77373"},{"taxonomy":"product_brand","embeddable":true,"href":"https:\/\/www.mpfiltri.com\/fr\/wp-json\/wp\/v2\/product_brand?post=77373"},{"taxonomy":"product_cat","embeddable":true,"href":"https:\/\/www.mpfiltri.com\/fr\/wp-json\/wp\/v2\/product_cat?post=77373"},{"taxonomy":"product_tag","embeddable":true,"href":"https:\/\/www.mpfiltri.com\/fr\/wp-json\/wp\/v2\/product_tag?post=77373"}],"curies":[{"name":"wp","href":"https:\/\/api.w.org\/{rel}","templated":true}]}}