

{"id":77354,"date":"2025-06-16T16:41:11","date_gmt":"2025-06-16T14:41:11","guid":{"rendered":"https:\/\/www.mpfiltri.com\/product\/produit\/"},"modified":"2026-04-01T16:23:56","modified_gmt":"2026-04-01T14:23:56","slug":"lmp-952-953-954","status":"publish","type":"product","link":"https:\/\/www.mpfiltri.com\/fr\/product\/lmp-952-953-954\/","title":{"rendered":"LMP 952 &#8211; 953 &#8211; 954"},"content":{"rendered":"<p>Filtre en ligne basse pression avec maintenance par le dessus, montage en parall\u00e8le sur collecteur. Pression de service 30 bar maximum (435 psi), d\u00e9bit d`huile jusqu`\u00e0 2400 l\/min (634 gpm), raccordements \u00e0 brides SAE en 3&#8243; et 4&#8243;.<\/p>\n<p>Filtres en ligne montage sur collecteur en version 2, 3 ou 4 corps , pour des applications \u00e0 haute viscosit\u00e9 et grand d\u00e9bit avec une large gamme de m\u00e9dias filtrants, y compris de r\u00e9tention d`eau, particuli\u00e8rement adapt\u00e9s pour les circuits de filtration en parall\u00e8le en raison de la capacit\u00e9 de r\u00e9tention \u00e9lev\u00e9e. Le design avec t\u00eate en bas facilite le changement des \u00e9l\u00e9ments et une perte d\u2019huile minimale.<\/p>\n<p>Voir le tableau correspondant pour la compatibilit\u00e9 des fluides.<\/p>\n","protected":false},"excerpt":{"rendered":"<p>Filtre en ligne basse pression avec maintenance par le dessus, montage en parall\u00e8le sur collecteur. Pression de service 30 bar maximum (435 psi), d\u00e9bit d`huile jusqu`\u00e0 2400 l\/min (634 gpm), raccordements \u00e0 brides SAE en 3&#8243; et 4&#8243;. Filtres en ligne montage sur collecteur en version 2, 3 ou 4 corps , pour des applications [&hellip;]<\/p>\n","protected":false},"featured_media":0,"comment_status":"open","ping_status":"closed","template":"","meta":{"_acf_changed":false,"_gspb_post_css":"","inline_featured_image":false,"_genesis_hide_title":false,"_genesis_hide_breadcrumbs":false,"_genesis_hide_singular_image":false,"_genesis_hide_footer_widgets":false,"_genesis_custom_body_class":"","_genesis_custom_post_class":"","_genesis_layout":"","_links_to":"","_links_to_target":""},"product-structure":[62],"product_brand":[],"product_cat":[13256,13229,13195,13209,13283,13277,13289,13263,13270],"product_tag":[],"class_list":{"0":"post-77354","1":"product","2":"type-product","3":"status-publish","5":"product-structure-series","6":"product_cat-emballages-et-agroalimentaire","7":"product_cat-equipement-industriel","8":"product_cat-equipement-mobile","9":"product_cat-industrie-miniere","10":"product_cat-lubrification-et-flushing-des-machines-hors-ligne","11":"product_cat-machines-a-former","12":"product_cat-systemes-oleodynamiques","13":"product_cat-textile-bois-pates-et-papier","14":"product_cat-traitement-des-dechets","15":"entry","17":"first","18":"instock","19":"shipping-taxable","20":"product-type-simple"},"acf":[],"yoast_head":"<!-- This site is optimized with the Yoast SEO plugin v27.2 - https:\/\/yoast.com\/product\/yoast-seo-wordpress\/ -->\n<title>LMP 952 - 953 - 954 - MP Filtri<\/title>\n<meta name=\"robots\" content=\"index, follow, max-snippet:-1, max-image-preview:large, max-video-preview:-1\" \/>\n<link rel=\"canonical\" href=\"https:\/\/www.mpfiltri.com\/fr\/product\/lmp-952-953-954\/\" \/>\n<meta property=\"og:locale\" content=\"fr_FR\" \/>\n<meta property=\"og:type\" content=\"article\" \/>\n<meta property=\"og:title\" content=\"LMP 952 - 953 - 954 - MP Filtri\" \/>\n<meta property=\"og:description\" content=\"Filtre en ligne basse pression avec maintenance par le dessus, montage en parall\u00e8le sur collecteur. Pression de service 30 bar maximum (435 psi), d\u00e9bit d`huile jusqu`\u00e0 2400 l\/min (634 gpm), raccordements \u00e0 brides SAE en 3&#8243; et 4&#8243;. Filtres en ligne montage sur collecteur en version 2, 3 ou 4 corps , pour des applications [&hellip;]\" \/>\n<meta property=\"og:url\" content=\"https:\/\/www.mpfiltri.com\/fr\/product\/lmp-952-953-954\/\" \/>\n<meta property=\"og:site_name\" content=\"MP Filtri\" \/>\n<meta property=\"article:publisher\" content=\"https:\/\/www.facebook.com\/MPFiltriITA\" \/>\n<meta property=\"article:modified_time\" content=\"2026-04-01T14:23:56+00:00\" \/>\n<meta name=\"twitter:card\" content=\"summary_large_image\" \/>\n<meta name=\"twitter:label1\" content=\"Dur\u00e9e de lecture estim\u00e9e\" \/>\n\t<meta name=\"twitter:data1\" content=\"1 minute\" \/>\n<script type=\"application\/ld+json\" class=\"yoast-schema-graph\">{\"@context\":\"https:\/\/schema.org\",\"@graph\":[{\"@type\":\"WebPage\",\"@id\":\"https:\/\/www.mpfiltri.com\/fr\/product\/lmp-952-953-954\/\",\"url\":\"https:\/\/www.mpfiltri.com\/fr\/product\/lmp-952-953-954\/\",\"name\":\"LMP 952 - 953 - 954 - MP Filtri\",\"isPartOf\":{\"@id\":\"https:\/\/www.mpfiltri.com\/fr\/#website\"},\"datePublished\":\"2025-06-16T14:41:11+00:00\",\"dateModified\":\"2026-04-01T14:23:56+00:00\",\"breadcrumb\":{\"@id\":\"https:\/\/www.mpfiltri.com\/fr\/product\/lmp-952-953-954\/#breadcrumb\"},\"inLanguage\":\"fr-FR\",\"potentialAction\":[{\"@type\":\"ReadAction\",\"target\":[\"https:\/\/www.mpfiltri.com\/fr\/product\/lmp-952-953-954\/\"]}]},{\"@type\":\"BreadcrumbList\",\"@id\":\"https:\/\/www.mpfiltri.com\/fr\/product\/lmp-952-953-954\/#breadcrumb\",\"itemListElement\":[{\"@type\":\"ListItem\",\"position\":1,\"name\":\"Home\",\"item\":\"https:\/\/www.mpfiltri.com\/fr\/\"},{\"@type\":\"ListItem\",\"position\":2,\"name\":\"Produits\",\"item\":\"https:\/\/www.mpfiltri.com\/fr\/shop\/\"},{\"@type\":\"ListItem\",\"position\":3,\"name\":\"LMP 952 &#8211; 953 &#8211; 954\"}]},{\"@type\":\"WebSite\",\"@id\":\"https:\/\/www.mpfiltri.com\/fr\/#website\",\"url\":\"https:\/\/www.mpfiltri.com\/fr\/\",\"name\":\"MP Filtri\",\"description\":\"\",\"publisher\":{\"@id\":\"https:\/\/www.mpfiltri.com\/fr\/#organization\"},\"potentialAction\":[{\"@type\":\"SearchAction\",\"target\":{\"@type\":\"EntryPoint\",\"urlTemplate\":\"https:\/\/www.mpfiltri.com\/fr\/?s={search_term_string}\"},\"query-input\":{\"@type\":\"PropertyValueSpecification\",\"valueRequired\":true,\"valueName\":\"search_term_string\"}}],\"inLanguage\":\"fr-FR\"},{\"@type\":\"Organization\",\"@id\":\"https:\/\/www.mpfiltri.com\/fr\/#organization\",\"name\":\"MP Filtri\",\"url\":\"https:\/\/www.mpfiltri.com\/fr\/\",\"logo\":{\"@type\":\"ImageObject\",\"inLanguage\":\"fr-FR\",\"@id\":\"https:\/\/www.mpfiltri.com\/fr\/#\/schema\/logo\/image\/\",\"url\":\"\",\"contentUrl\":\"\",\"caption\":\"MP Filtri\"},\"image\":{\"@id\":\"https:\/\/www.mpfiltri.com\/fr\/#\/schema\/logo\/image\/\"},\"sameAs\":[\"https:\/\/www.facebook.com\/MPFiltriITA\",\"https:\/\/www.instagram.com\/mpfiltri\/\",\"https:\/\/www.youtube.com\/channel\/UCCzNMySYc1c4M-2B4v0K_QA?view_as=subscriber\",\"https:\/\/www.linkedin.com\/company\/mp-filtri-spa\/\"]}]}<\/script>\n<!-- \/ Yoast SEO plugin. -->","yoast_head_json":{"title":"LMP 952 - 953 - 954 - MP Filtri","robots":{"index":"index","follow":"follow","max-snippet":"max-snippet:-1","max-image-preview":"max-image-preview:large","max-video-preview":"max-video-preview:-1"},"canonical":"https:\/\/www.mpfiltri.com\/fr\/product\/lmp-952-953-954\/","og_locale":"fr_FR","og_type":"article","og_title":"LMP 952 - 953 - 954 - MP Filtri","og_description":"Filtre en ligne basse pression avec maintenance par le dessus, montage en parall\u00e8le sur collecteur. Pression de service 30 bar maximum (435 psi), d\u00e9bit d`huile jusqu`\u00e0 2400 l\/min (634 gpm), raccordements \u00e0 brides SAE en 3&#8243; et 4&#8243;. Filtres en ligne montage sur collecteur en version 2, 3 ou 4 corps , pour des applications [&hellip;]","og_url":"https:\/\/www.mpfiltri.com\/fr\/product\/lmp-952-953-954\/","og_site_name":"MP Filtri","article_publisher":"https:\/\/www.facebook.com\/MPFiltriITA","article_modified_time":"2026-04-01T14:23:56+00:00","twitter_card":"summary_large_image","twitter_misc":{"Dur\u00e9e de lecture estim\u00e9e":"1 minute"},"schema":{"@context":"https:\/\/schema.org","@graph":[{"@type":"WebPage","@id":"https:\/\/www.mpfiltri.com\/fr\/product\/lmp-952-953-954\/","url":"https:\/\/www.mpfiltri.com\/fr\/product\/lmp-952-953-954\/","name":"LMP 952 - 953 - 954 - MP Filtri","isPartOf":{"@id":"https:\/\/www.mpfiltri.com\/fr\/#website"},"datePublished":"2025-06-16T14:41:11+00:00","dateModified":"2026-04-01T14:23:56+00:00","breadcrumb":{"@id":"https:\/\/www.mpfiltri.com\/fr\/product\/lmp-952-953-954\/#breadcrumb"},"inLanguage":"fr-FR","potentialAction":[{"@type":"ReadAction","target":["https:\/\/www.mpfiltri.com\/fr\/product\/lmp-952-953-954\/"]}]},{"@type":"BreadcrumbList","@id":"https:\/\/www.mpfiltri.com\/fr\/product\/lmp-952-953-954\/#breadcrumb","itemListElement":[{"@type":"ListItem","position":1,"name":"Home","item":"https:\/\/www.mpfiltri.com\/fr\/"},{"@type":"ListItem","position":2,"name":"Produits","item":"https:\/\/www.mpfiltri.com\/fr\/shop\/"},{"@type":"ListItem","position":3,"name":"LMP 952 &#8211; 953 &#8211; 954"}]},{"@type":"WebSite","@id":"https:\/\/www.mpfiltri.com\/fr\/#website","url":"https:\/\/www.mpfiltri.com\/fr\/","name":"MP Filtri","description":"","publisher":{"@id":"https:\/\/www.mpfiltri.com\/fr\/#organization"},"potentialAction":[{"@type":"SearchAction","target":{"@type":"EntryPoint","urlTemplate":"https:\/\/www.mpfiltri.com\/fr\/?s={search_term_string}"},"query-input":{"@type":"PropertyValueSpecification","valueRequired":true,"valueName":"search_term_string"}}],"inLanguage":"fr-FR"},{"@type":"Organization","@id":"https:\/\/www.mpfiltri.com\/fr\/#organization","name":"MP Filtri","url":"https:\/\/www.mpfiltri.com\/fr\/","logo":{"@type":"ImageObject","inLanguage":"fr-FR","@id":"https:\/\/www.mpfiltri.com\/fr\/#\/schema\/logo\/image\/","url":"","contentUrl":"","caption":"MP Filtri"},"image":{"@id":"https:\/\/www.mpfiltri.com\/fr\/#\/schema\/logo\/image\/"},"sameAs":["https:\/\/www.facebook.com\/MPFiltriITA","https:\/\/www.instagram.com\/mpfiltri\/","https:\/\/www.youtube.com\/channel\/UCCzNMySYc1c4M-2B4v0K_QA?view_as=subscriber","https:\/\/www.linkedin.com\/company\/mp-filtri-spa\/"]}]}},"_links":{"self":[{"href":"https:\/\/www.mpfiltri.com\/fr\/wp-json\/wp\/v2\/product\/77354","targetHints":{"allow":["GET"]}}],"collection":[{"href":"https:\/\/www.mpfiltri.com\/fr\/wp-json\/wp\/v2\/product"}],"about":[{"href":"https:\/\/www.mpfiltri.com\/fr\/wp-json\/wp\/v2\/types\/product"}],"replies":[{"embeddable":true,"href":"https:\/\/www.mpfiltri.com\/fr\/wp-json\/wp\/v2\/comments?post=77354"}],"wp:attachment":[{"href":"https:\/\/www.mpfiltri.com\/fr\/wp-json\/wp\/v2\/media?parent=77354"}],"wp:term":[{"taxonomy":"product-structure","embeddable":true,"href":"https:\/\/www.mpfiltri.com\/fr\/wp-json\/wp\/v2\/product-structure?post=77354"},{"taxonomy":"product_brand","embeddable":true,"href":"https:\/\/www.mpfiltri.com\/fr\/wp-json\/wp\/v2\/product_brand?post=77354"},{"taxonomy":"product_cat","embeddable":true,"href":"https:\/\/www.mpfiltri.com\/fr\/wp-json\/wp\/v2\/product_cat?post=77354"},{"taxonomy":"product_tag","embeddable":true,"href":"https:\/\/www.mpfiltri.com\/fr\/wp-json\/wp\/v2\/product_tag?post=77354"}],"curies":[{"name":"wp","href":"https:\/\/api.w.org\/{rel}","templated":true}]}}