

{"id":15822,"date":"2024-12-09T11:25:59","date_gmt":"2024-12-09T10:25:59","guid":{"rendered":"https:\/\/www.mpfiltri.com\/privacy-policy\/"},"modified":"2025-05-20T14:43:52","modified_gmt":"2025-05-20T12:43:52","slug":"politique-de-confidentialite","status":"publish","type":"page","link":"https:\/\/www.mpfiltri.com\/fr\/politique-de-confidentialite\/","title":{"rendered":"Politique de confidentialit\u00e9"},"content":{"rendered":"\n<div class=\"wp-block-stackable-columns stk-block-columns stk-block stk-820bb05 body-lines height-100\" data-block-id=\"820bb05\"><style>.stk-820bb05 {margin-top:0px !important;margin-right:0px !important;margin-bottom:0px !important;margin-left:0px !important;}.stk-820bb05-column{--stk-columns-spacing:0px !important;}<\/style><div class=\"stk-row stk-inner-blocks stk-block-content stk-content-align stk-820bb05-column\">\n<div class=\"wp-block-stackable-column stk-block-column stk-column stk-block stk-745f29b\" data-v=\"4\" data-block-id=\"745f29b\"><div class=\"stk-column-wrapper stk-block-column__content stk-container stk-745f29b-container stk--no-background stk--no-padding\"><div class=\"stk-block-content stk-inner-blocks stk-745f29b-inner-blocks\"><\/div><\/div><\/div>\n<\/div><\/div>\n\n\n\n<div class=\"wp-block-stackable-columns stk-block-columns stk-block stk-ed0a22b\" data-block-id=\"ed0a22b\"><style>.stk-ed0a22b {border-color:#E6E6E6 !important;border-right-width:1px !important;border-left-width:1px !important;margin-top:0px !important;margin-right:0px !important;margin-bottom:0px !important;margin-left:0px !important;}<\/style><div class=\"stk-row stk-inner-blocks stk-block-content stk-content-align stk-ed0a22b-column\">\n<div class=\"wp-block-stackable-column stk-block-column stk-column stk-block stk-595eec5\" data-v=\"4\" data-block-id=\"595eec5\"><style>.stk-595eec5-inner-blocks{align-items:flex-start !important;}.stk-595eec5 {border-style:solid !important;border-color:#E6E6E6 !important;border-right-width:1px !important;border-left-width:1px !important;padding-right:30px !important;padding-left:30px !important;}<\/style><div class=\"stk-column-wrapper stk-block-column__content stk-container stk-595eec5-container stk--no-background stk--no-padding\"><div class=\"has-text-align-left stk--column-flex stk-block-content stk-inner-blocks stk-595eec5-inner-blocks\">\n<h2 class=\"wp-block-heading\" id=\"politique-de-confidentialite\">Politique de confidentialit\u00e9<\/h2>\n\n\n\n<p>La pr\u00e9sente politique de confidentialit\u00e9 (ci-apr\u00e8s d\u00e9nomm\u00e9e la \u00ab&nbsp;<strong>Politique&nbsp;<\/strong>\u00bb) vaut comme mentions d\u2019information conform\u00e9ment aux termes de l`art. 13 du R\u00e8glement (UE) 2016\/679 (\u00ab&nbsp;<strong>RGPD&nbsp;<\/strong>\u00bb).<\/p>\n\n\n\n<p>Cette Politique s\u2019applique aux donn\u00e9es \u00e0 caract\u00e8re personnel vous concernant, collect\u00e9es et trait\u00e9es par MP Filtri S.p.A., dont le si\u00e8ge social est sis Via Primo Maggio 3, Pessano Con Bornago (Milan), &#8211; en sa qualit\u00e9 de responsable du traitement &#8211; (ci-apr\u00e8s d\u00e9nomm\u00e9 \u00ab&nbsp;<strong>MPFiltri&nbsp;<\/strong>\u00bb, \u00ab&nbsp;<strong>nous&nbsp;<\/strong>\u00bb ou \u00ab&nbsp;<strong>notre&nbsp;<\/strong>\u00bb selon les cas) \u00e0 travers le site&nbsp;<a href=\"https:\/\/www.mpfiltri.com\/\">www.mpfiltri.com<\/a>&nbsp;(ci-apr\u00e8s d\u00e9nomm\u00e9 le \u00ab&nbsp;<strong>Site&nbsp;<\/strong>\u00bb) ainsi qu\u2019\u00e0 travers n\u2019importe quel autre instrument, appartenant ou utilis\u00e9 par MPFiltri, renvoyant \u00e0 la pr\u00e9sente Politique de confidentialit\u00e9.<\/p>\n\n\n\n<p><strong>Quelles donn\u00e9es \u00e0 caract\u00e8re personnel collectons-nous ?<\/strong><\/p>\n\n\n\n<p>Nous pourrions \u00eatre amen\u00e9s \u00e0 collecter les donn\u00e9es suivantes :<\/p>\n\n\n\n<p>(1) Donn\u00e9es d\u2019identification comme votre pr\u00e9nom et votre nom ;<\/p>\n\n\n\n<p>(2) Donn\u00e9es de contact comme votre adresse de messagerie et votre num\u00e9ro de t\u00e9l\u00e9phone ;<\/p>\n\n\n\n<p>(3) Donn\u00e9es relatives \u00e0 votre vie professionnelle comme l\u2019entreprise pour laquelle vous travaillez ;<\/p>\n\n\n\n<p>(4) Informations sur les dispositifs utilis\u00e9s pour consulter les Sites comme votre adresse IP, votre syst\u00e8me d`exploitation, le logiciel de navigation que vous utilisez et les informations recueillies \u00e0 travers les cookies install\u00e9s sur les Sites ;<\/p>\n\n\n\n<p>(5) Toute autre information que vous pourriez \u00eatre amen\u00e9(e) \u00e0 nous communiquer de fa\u00e7on spontan\u00e9e.<\/p>\n\n\n\n<p>Pour en savoir plus sur les cookies, consultez notre&nbsp;<a href=\"https:\/\/www.mpfiltri.fr\/cookie-policy.html\">Politique des cookies<\/a>.<\/p>\n\n\n\n<p>La communication des donn\u00e9es \u00e0 caract\u00e8re personnel vous concernant est facultative mais est n\u00e9cessaire \u00e0 la r\u00e9alisation des finalit\u00e9s list\u00e9es ci-dessous. \u00c0 d\u00e9faut de communication des donn\u00e9es \u00e0 caract\u00e8re personnel vous concernant, nous ne pourrons pas donner suite \u00e0 ces finalit\u00e9s.<\/p>\n\n\n\n<div class=\"wp-block-stackable-spacer stk-block-spacer stk--no-padding stk-block stk-13ded7a\" data-block-id=\"13ded7a\"><\/div>\n\n\n\n<p><strong>De quelle fa\u00e7on recueillons-nous les donn\u00e9es \u00e0 caract\u00e8re personnel vous concernant ?<\/strong><\/p>\n\n\n\n<p>Les donn\u00e9es que nous traitons nous sont fournies directement par vos soins, lorsque vous consultez les Sites, que vous remplissez des formulaires qu`ils contiennent et, en g\u00e9n\u00e9ral, \u00e0 chaque fois que vous interagissez avec nous.<\/p>\n\n\n\n<div class=\"wp-block-stackable-spacer stk-block-spacer stk--no-padding stk-block stk-1836947\" data-block-id=\"1836947\"><\/div>\n\n\n\n<p><strong>Pour quelles finalit\u00e9s et sur quelle base juridique traitons-nous les donn\u00e9es \u00e0 caract\u00e8re personnel vous concernant ?<\/strong><\/p>\n\n\n\n<p>Nous pourrions \u00eatre amen\u00e9s \u00e0 traiter les donn\u00e9es \u00e0 caract\u00e8re personnel vous concernant :<\/p>\n\n\n\n<p>(1) Pour vous permettre d\u2019exploiter les services en ligne que nous mettons \u00e0 votre disposition \u00e0 travers le Site ;<\/p>\n\n\n\n<p>(2) R\u00e9pondre \u00e0 vos questions et donner suite \u00e0 vos demandes d`informations ;<\/p>\n\n\n\n<p>(3) Avec votre consentement, vous envoyer &#8211; aussi par le biais de syst\u00e8mes automatis\u00e9s de communication &#8211; des communications commerciales de nature informative ou promotionnelle en rapport \u00e0 nos produits et nos services (finalit\u00e9s de marketing) ;<\/p>\n\n\n\n<p>(4) Remplir nos obligations l\u00e9gales ou r\u00e9glementaires ;<\/p>\n\n\n\n<p>(5) Exercer ou d\u00e9fendre un droit en justice.<\/p>\n\n\n\n<p>Le traitement des donn\u00e9es \u00e0 caract\u00e8re personnel vous concernant dans les finalit\u00e9s vis\u00e9es aux points (1) et (2) ne requiert pas votre consentement en ce qu\u2019il est n\u00e9cessaire pour donner suite \u00e0 vos demandes, aux termes de l\u2019art. 6, 1er alin\u00e9a, lettre b) du RGPD.&nbsp;<\/p>\n\n\n\n<p>Le traitement des donn\u00e9es \u00e0 caract\u00e8re personnel vous concernant dans les finalit\u00e9s vis\u00e9es au point (3) requiert votre consentement aux termes de l\u2019art. 6, 1er alin\u00e9a, lettre a). Le traitement des donn\u00e9es \u00e0 caract\u00e8re personnel vous concernant dans les finalit\u00e9s vis\u00e9es au point (4) ne requiert pas votre consentement en ce qu\u2019il est n\u00e9cessaire pour remplir des obligations l\u00e9gales ou r\u00e9glementaires auxquelles est assujetti le responsable du traitement, aux termes de l\u2019art. 6, 1er alin\u00e9a, lettre c) du RGPD.&nbsp;<\/p>\n\n\n\n<p>Le traitement des donn\u00e9es \u00e0 caract\u00e8re personnel vous concernant dans les finalit\u00e9s vis\u00e9es au point (5) ne requiert pas votre consentement en ce qu\u2019il est n\u00e9cessaire pour l\u2019ex\u00e9cution de l\u2019int\u00e9r\u00eat l\u00e9gitime du responsable du traitement, aux termes de l\u2019art. 6, 1er alin\u00e9a, lettre f) du RGPD.&nbsp;<\/p>\n\n\n\n<div class=\"wp-block-stackable-spacer stk-block-spacer stk--no-padding stk-block stk-f926b2d\" data-block-id=\"f926b2d\"><\/div>\n\n\n\n<p><strong>Quelles mesures de s\u00e9curit\u00e9 mettons-nous en \u0153uvre pour prot\u00e9ger vos donn\u00e9es \u00e0 caract\u00e8re personnel ?<\/strong><\/p>\n\n\n\n<p>Nous adoptons des mesures techniques et organisationnelles pour prot\u00e9ger les donn\u00e9es \u00e0 caract\u00e8re personnel vous concernant contre les risques de destruction, de perte ou d\u2019alt\u00e9ration (accidentelle ou ill\u00e9gitime) ainsi que de communication ou d\u2019acc\u00e8s non autoris\u00e9s \u00e0 ces derni\u00e8res.<\/p>\n\n\n\n<div class=\"wp-block-stackable-spacer stk-block-spacer stk--no-padding stk-block stk-938d88d\" data-block-id=\"938d88d\"><\/div>\n\n\n\n<p><strong>Pendant combien de temps conservons-nous les donn\u00e9es vous concernant ?<\/strong><\/p>\n\n\n\n<p>Les donn\u00e9es \u00e0 caract\u00e8re personnel vous concernant ne seront conserv\u00e9es que pour la dur\u00e9e n\u00e9cessaire \u00e0 la r\u00e9alisation des finalit\u00e9s pour lesquelles elles ont \u00e9t\u00e9 recueillies. \u00c0 savoir :<\/p>\n\n\n\n<p>(1) les donn\u00e9es recueillies pour r\u00e9pondre \u00e0 vos questions et donner suite \u00e0 vos demandes d`informations seront conserv\u00e9es pendant un mois \u00e0 compter de la derni\u00e8re communication ;<\/p>\n\n\n\n<p>(2) les donn\u00e9es recueillies dans les finalit\u00e9s de marketing seront conserv\u00e9es pendant deux ans.<\/p>\n\n\n\n<p>Les donn\u00e9es recueillies pour d\u2019autres finalit\u00e9s pourront \u00eatre conserv\u00e9es pendant le temps n\u00e9cessaire pour atteindre ces finalit\u00e9s ou pendant le temps que nous sommes tenus de les conserver aux termes des lois ou des r\u00e8glements applicables.<\/p>\n\n\n\n<div class=\"wp-block-stackable-spacer stk-block-spacer stk--no-padding stk-block stk-9f1f4cc\" data-block-id=\"9f1f4cc\"><\/div>\n\n\n\n<p><strong>Avec qui partageons-nous les donn\u00e9es \u00e0 caract\u00e8re personnel vous concernant ?<\/strong><\/p>\n\n\n\n<p>Les donn\u00e9es \u00e0 caract\u00e8re personnel vous concernant pourront \u00eatre rendues accessibles, mises \u00e0 la connaissance ou communiqu\u00e9es aux entit\u00e9s suivantes, lesquelles agissent comme personnes autoris\u00e9es au traitement, sous-traitants ou responsables autonomes :<\/p>\n\n\n\n<p>(1) \u00e0 nos employ\u00e9s ou collaborateurs \u00e0 quelque titre que ce soit ;<\/p>\n\n\n\n<p>(2) \u00e0 des entit\u00e9s publiques ou priv\u00e9es, personnes physiques ou juridiques, qui effectuent des activit\u00e9s de traitement pour notre compte ou auxquelles nous sommes tenues de communiquer les donn\u00e9es \u00e0 caract\u00e8re personnel vous concernant en vertu d\u2019obligations l\u00e9gales ou contractuelles.<\/p>\n\n\n\n<div class=\"wp-block-stackable-spacer stk-block-spacer stk--no-padding stk-block stk-b938499\" data-block-id=\"b938499\"><\/div>\n\n\n\n<p><strong>Vos donn\u00e9es \u00e0 caract\u00e8re personnel peuvent-elle \u00eatre transf\u00e9r\u00e9es ?<\/strong><\/p>\n\n\n\n<p>Dans l\u2019\u00e9ventualit\u00e9 o\u00f9 certaines des entit\u00e9s auxquelles nous faisons appel pour traiter les donn\u00e9es \u00e0 caract\u00e8re personnel vous concernant seraient \u00e9tablies hors de l\u2019Espace \u00e9conomique europ\u00e9en, nous transf\u00e9rerons les donn\u00e9es \u00e0 caract\u00e8re personnel vous concernant sur la base de clauses contractuelles standard tel que vis\u00e9 \u00e0 l\u2019art. 46 (2), (c) et (d) du RGPD.<\/p>\n\n\n\n<div class=\"wp-block-stackable-spacer stk-block-spacer stk--no-padding stk-block stk-fa9f01f\" data-block-id=\"fa9f01f\"><\/div>\n\n\n\n<p><strong>De quels droits disposez-vous sur le traitement de vos donn\u00e9es \u00e0 caract\u00e8re personnel ?<\/strong><\/p>\n\n\n\n<p>Aux termes des art. 15 \u00e0 20 du RGPD, vous avez le droit de nous demander de :<\/p>\n\n\n\n<p>(1) \u00eatre inform\u00e9(e) sur les finalit\u00e9s et les modalit\u00e9s du traitement des donn\u00e9es \u00e0 caract\u00e8re personnel vous concernant ;<\/p>\n\n\n\n<p>(2) acc\u00e9der aux donn\u00e9es \u00e0 caract\u00e8re personnel vous concernant et en recevoir une copie ;<\/p>\n\n\n\n<p>(3) rectifier les donn\u00e9es incompl\u00e8tes, inexactes ou non \u00e0 jour ;&nbsp;<\/p>\n\n\n\n<p>(4) supprimer les donn\u00e9es \u00e0 caract\u00e8re personnel vous concernant ;<\/p>\n\n\n\n<p>(5) limiter le traitement des donn\u00e9es \u00e0 caract\u00e8re personnel, si applicable aux termes du RGPD ;<\/p>\n\n\n\n<p>(6) vous opposer au traitement, en tout ou en partie, si applicable aux termes du RGPD ;&nbsp;<\/p>\n\n\n\n<p>(7) obtenir la portabilit\u00e9 des donn\u00e9es \u00e0 caract\u00e8re personnel vous concernant, si applicable aux termes du RGPD.<\/p>\n\n\n\n<p>Dans l\u2019\u00e9ventualit\u00e9 o\u00f9 il serait n\u00e9cessaire de recevoir le consentement pour le traitement des donn\u00e9es \u00e0 caract\u00e8re personnel, vous pourrez \u00e9galement retirer \u00e0 tout moment le consentement pr\u00e9c\u00e9demment accord\u00e9, sans pr\u00e9judice de la lic\u00e9it\u00e9 du traitement bas\u00e9 sur le consentement accord\u00e9 jusqu\u2019au retrait.<\/p>\n\n\n\n<p>Vous pouvez exercer les droits vis\u00e9s plus haut en \u00e9crivant \u00e0 privacy@mpfiltri.it&nbsp;<\/p>\n\n\n\n<p>Vous avez \u00e9galement le droit d\u2019introduire une r\u00e9clamation aupr\u00e8s de l\u2019Autorit\u00e9 de contr\u00f4le en mati\u00e8re de protection des donn\u00e9es \u00e0 caract\u00e8re personnel en cas de soup\u00e7on de violation des droits qui vous sont accord\u00e9s aux termes du RGPD.<\/p>\n\n\n\n<div class=\"wp-block-stackable-spacer stk-block-spacer stk--no-padding stk-block stk-c1582aa\" data-block-id=\"c1582aa\"><\/div>\n\n\n\n<p><strong>Liens vers d\u2019autres sites<\/strong><\/p>\n\n\n\n<p>Le Site ou tout autre instrument renvoyant \u00e0 la pr\u00e9sente Politique de confidentialit\u00e9 pourrait contenir des liens vers des sites externes. Si vous cliquez sur l\u2019un de ces liens, vous serez redirig\u00e9e vers un site non couvert par la pr\u00e9sente Politique de confidentialit\u00e9.<\/p>\n\n\n\n<div class=\"wp-block-stackable-spacer stk-block-spacer stk--no-padding stk-block stk-fcdd6b2\" data-block-id=\"fcdd6b2\"><\/div>\n\n\n\n<p><strong>Modifications de la pr\u00e9sente Politique de confidentialit\u00e9<\/strong><\/p>\n\n\n\n<p>Afin de prendre en compte les \u00e9volutions technologiques, les changements l\u00e9gislatifs et r\u00e9glementaires et les bonnes pratiques commerciales, la pr\u00e9sente Politique de confidentialit\u00e9 pourra faire l\u2019objet de mises \u00e0 jour. En cons\u00e9quence, nous vous invitons \u00e0 consulter r\u00e9guli\u00e8rement le Site pour prendre connaissance des \u00e9ventuelles modifications.<\/p>\n\n\n\n<div class=\"wp-block-buttons is-layout-flex wp-block-buttons-is-layout-flex\">\n<div class=\"wp-block-button\"><a class=\"wp-block-button__link wp-element-button\" href=\"https:\/\/www.mpfiltri.com\/wp-content\/uploads\/2025\/05\/0XYSSw_MPFiltriFRPrivacyPolicy.pdf\" target=\"_blank\" rel=\"noreferrer noopener\">T\u00e9l\u00e9chargez<\/a><\/div>\n<\/div>\n<\/div><\/div><\/div>\n<\/div><\/div>\n\n\n\n<div class=\"wp-block-stackable-columns stk-block-columns stk-block stk-b4389cd body-lines height-100\" data-block-id=\"b4389cd\"><style>.stk-b4389cd {margin-top:0px !important;margin-right:0px !important;margin-bottom:0px !important;margin-left:0px !important;}.stk-b4389cd-column{--stk-columns-spacing:0px !important;}<\/style><div class=\"stk-row stk-inner-blocks stk-block-content stk-content-align stk-b4389cd-column\">\n<div class=\"wp-block-stackable-column stk-block-column stk-column stk-block stk-1007f7e\" data-v=\"4\" data-block-id=\"1007f7e\"><div class=\"stk-column-wrapper stk-block-column__content stk-container stk-1007f7e-container stk--no-background stk--no-padding\"><div class=\"stk-block-content stk-inner-blocks stk-1007f7e-inner-blocks\"><\/div><\/div><\/div>\n<\/div><\/div>\n","protected":false},"excerpt":{"rendered":"<p>Politique de confidentialit\u00e9 La pr\u00e9sente politique de confidentialit\u00e9 (ci-apr\u00e8s d\u00e9nomm\u00e9e la \u00ab&nbsp;Politique&nbsp;\u00bb) vaut comme mentions d\u2019information conform\u00e9ment aux termes de l`art. 13 du R\u00e8glement (UE) 2016\/679 (\u00ab&nbsp;RGPD&nbsp;\u00bb). Cette Politique s\u2019applique aux donn\u00e9es \u00e0 caract\u00e8re personnel vous concernant, collect\u00e9es et trait\u00e9es par MP Filtri S.p.A., dont le si\u00e8ge social est sis Via Primo Maggio 3, Pessano [&hellip;]<\/p>\n","protected":false},"author":3,"featured_media":0,"parent":0,"menu_order":317,"comment_status":"closed","ping_status":"open","template":"","meta":{"_acf_changed":false,"_gspb_post_css":"","inline_featured_image":false,"_genesis_hide_title":false,"_genesis_hide_breadcrumbs":false,"_genesis_hide_singular_image":false,"_genesis_hide_footer_widgets":false,"_genesis_custom_body_class":"","_genesis_custom_post_class":"","_genesis_layout":"","footnotes":"","_links_to":"","_links_to_target":""},"class_list":{"0":"post-15822","1":"page","2":"type-page","3":"status-publish","5":"entry"},"acf":[],"yoast_head":"<!-- This site is optimized with the Yoast SEO plugin v27.2 - https:\/\/yoast.com\/product\/yoast-seo-wordpress\/ -->\n<title>Politique de confidentialit\u00e9 - MP Filtri<\/title>\n<meta name=\"robots\" content=\"index, follow, max-snippet:-1, max-image-preview:large, max-video-preview:-1\" \/>\n<link rel=\"canonical\" href=\"https:\/\/www.mpfiltri.com\/fr\/politique-de-confidentialite\/\" \/>\n<meta property=\"og:locale\" content=\"fr_FR\" \/>\n<meta property=\"og:type\" content=\"article\" \/>\n<meta property=\"og:title\" content=\"Politique de confidentialit\u00e9 - MP Filtri\" \/>\n<meta property=\"og:description\" content=\"Politique de confidentialit\u00e9 La pr\u00e9sente politique de confidentialit\u00e9 (ci-apr\u00e8s d\u00e9nomm\u00e9e la \u00ab&nbsp;Politique&nbsp;\u00bb) vaut comme mentions d\u2019information conform\u00e9ment aux termes de l`art. 13 du R\u00e8glement (UE) 2016\/679 (\u00ab&nbsp;RGPD&nbsp;\u00bb). Cette Politique s\u2019applique aux donn\u00e9es \u00e0 caract\u00e8re personnel vous concernant, collect\u00e9es et trait\u00e9es par MP Filtri S.p.A., dont le si\u00e8ge social est sis Via Primo Maggio 3, Pessano [&hellip;]\" \/>\n<meta property=\"og:url\" content=\"https:\/\/www.mpfiltri.com\/fr\/politique-de-confidentialite\/\" \/>\n<meta property=\"og:site_name\" content=\"MP Filtri\" \/>\n<meta property=\"article:publisher\" content=\"https:\/\/www.facebook.com\/MPFiltriITA\" \/>\n<meta property=\"article:modified_time\" content=\"2025-05-20T12:43:52+00:00\" \/>\n<meta name=\"twitter:card\" content=\"summary_large_image\" \/>\n<meta name=\"twitter:label1\" content=\"Dur\u00e9e de lecture estim\u00e9e\" \/>\n\t<meta name=\"twitter:data1\" content=\"6 minutes\" \/>\n<script type=\"application\/ld+json\" class=\"yoast-schema-graph\">{\"@context\":\"https:\/\/schema.org\",\"@graph\":[{\"@type\":\"WebPage\",\"@id\":\"https:\/\/www.mpfiltri.com\/fr\/politique-de-confidentialite\/\",\"url\":\"https:\/\/www.mpfiltri.com\/fr\/politique-de-confidentialite\/\",\"name\":\"Politique de confidentialit\u00e9 - MP Filtri\",\"isPartOf\":{\"@id\":\"https:\/\/www.mpfiltri.com\/fr\/#website\"},\"datePublished\":\"2024-12-09T10:25:59+00:00\",\"dateModified\":\"2025-05-20T12:43:52+00:00\",\"breadcrumb\":{\"@id\":\"https:\/\/www.mpfiltri.com\/fr\/politique-de-confidentialite\/#breadcrumb\"},\"inLanguage\":\"fr-FR\",\"potentialAction\":[{\"@type\":\"ReadAction\",\"target\":[\"https:\/\/www.mpfiltri.com\/fr\/politique-de-confidentialite\/\"]}]},{\"@type\":\"BreadcrumbList\",\"@id\":\"https:\/\/www.mpfiltri.com\/fr\/politique-de-confidentialite\/#breadcrumb\",\"itemListElement\":[{\"@type\":\"ListItem\",\"position\":1,\"name\":\"Home\",\"item\":\"https:\/\/www.mpfiltri.com\/fr\/\"},{\"@type\":\"ListItem\",\"position\":2,\"name\":\"Politique de confidentialit\u00e9\"}]},{\"@type\":\"WebSite\",\"@id\":\"https:\/\/www.mpfiltri.com\/fr\/#website\",\"url\":\"https:\/\/www.mpfiltri.com\/fr\/\",\"name\":\"MP Filtri\",\"description\":\"\",\"publisher\":{\"@id\":\"https:\/\/www.mpfiltri.com\/fr\/#organization\"},\"potentialAction\":[{\"@type\":\"SearchAction\",\"target\":{\"@type\":\"EntryPoint\",\"urlTemplate\":\"https:\/\/www.mpfiltri.com\/fr\/?s={search_term_string}\"},\"query-input\":{\"@type\":\"PropertyValueSpecification\",\"valueRequired\":true,\"valueName\":\"search_term_string\"}}],\"inLanguage\":\"fr-FR\"},{\"@type\":\"Organization\",\"@id\":\"https:\/\/www.mpfiltri.com\/fr\/#organization\",\"name\":\"MP Filtri\",\"url\":\"https:\/\/www.mpfiltri.com\/fr\/\",\"logo\":{\"@type\":\"ImageObject\",\"inLanguage\":\"fr-FR\",\"@id\":\"https:\/\/www.mpfiltri.com\/fr\/#\/schema\/logo\/image\/\",\"url\":\"\",\"contentUrl\":\"\",\"caption\":\"MP Filtri\"},\"image\":{\"@id\":\"https:\/\/www.mpfiltri.com\/fr\/#\/schema\/logo\/image\/\"},\"sameAs\":[\"https:\/\/www.facebook.com\/MPFiltriITA\",\"https:\/\/www.instagram.com\/mpfiltri\/\",\"https:\/\/www.youtube.com\/channel\/UCCzNMySYc1c4M-2B4v0K_QA?view_as=subscriber\",\"https:\/\/www.linkedin.com\/company\/mp-filtri-spa\/\"]}]}<\/script>\n<!-- \/ Yoast SEO plugin. -->","yoast_head_json":{"title":"Politique de confidentialit\u00e9 - MP Filtri","robots":{"index":"index","follow":"follow","max-snippet":"max-snippet:-1","max-image-preview":"max-image-preview:large","max-video-preview":"max-video-preview:-1"},"canonical":"https:\/\/www.mpfiltri.com\/fr\/politique-de-confidentialite\/","og_locale":"fr_FR","og_type":"article","og_title":"Politique de confidentialit\u00e9 - MP Filtri","og_description":"Politique de confidentialit\u00e9 La pr\u00e9sente politique de confidentialit\u00e9 (ci-apr\u00e8s d\u00e9nomm\u00e9e la \u00ab&nbsp;Politique&nbsp;\u00bb) vaut comme mentions d\u2019information conform\u00e9ment aux termes de l`art. 13 du R\u00e8glement (UE) 2016\/679 (\u00ab&nbsp;RGPD&nbsp;\u00bb). Cette Politique s\u2019applique aux donn\u00e9es \u00e0 caract\u00e8re personnel vous concernant, collect\u00e9es et trait\u00e9es par MP Filtri S.p.A., dont le si\u00e8ge social est sis Via Primo Maggio 3, Pessano [&hellip;]","og_url":"https:\/\/www.mpfiltri.com\/fr\/politique-de-confidentialite\/","og_site_name":"MP Filtri","article_publisher":"https:\/\/www.facebook.com\/MPFiltriITA","article_modified_time":"2025-05-20T12:43:52+00:00","twitter_card":"summary_large_image","twitter_misc":{"Dur\u00e9e de lecture estim\u00e9e":"6 minutes"},"schema":{"@context":"https:\/\/schema.org","@graph":[{"@type":"WebPage","@id":"https:\/\/www.mpfiltri.com\/fr\/politique-de-confidentialite\/","url":"https:\/\/www.mpfiltri.com\/fr\/politique-de-confidentialite\/","name":"Politique de confidentialit\u00e9 - MP Filtri","isPartOf":{"@id":"https:\/\/www.mpfiltri.com\/fr\/#website"},"datePublished":"2024-12-09T10:25:59+00:00","dateModified":"2025-05-20T12:43:52+00:00","breadcrumb":{"@id":"https:\/\/www.mpfiltri.com\/fr\/politique-de-confidentialite\/#breadcrumb"},"inLanguage":"fr-FR","potentialAction":[{"@type":"ReadAction","target":["https:\/\/www.mpfiltri.com\/fr\/politique-de-confidentialite\/"]}]},{"@type":"BreadcrumbList","@id":"https:\/\/www.mpfiltri.com\/fr\/politique-de-confidentialite\/#breadcrumb","itemListElement":[{"@type":"ListItem","position":1,"name":"Home","item":"https:\/\/www.mpfiltri.com\/fr\/"},{"@type":"ListItem","position":2,"name":"Politique de confidentialit\u00e9"}]},{"@type":"WebSite","@id":"https:\/\/www.mpfiltri.com\/fr\/#website","url":"https:\/\/www.mpfiltri.com\/fr\/","name":"MP Filtri","description":"","publisher":{"@id":"https:\/\/www.mpfiltri.com\/fr\/#organization"},"potentialAction":[{"@type":"SearchAction","target":{"@type":"EntryPoint","urlTemplate":"https:\/\/www.mpfiltri.com\/fr\/?s={search_term_string}"},"query-input":{"@type":"PropertyValueSpecification","valueRequired":true,"valueName":"search_term_string"}}],"inLanguage":"fr-FR"},{"@type":"Organization","@id":"https:\/\/www.mpfiltri.com\/fr\/#organization","name":"MP Filtri","url":"https:\/\/www.mpfiltri.com\/fr\/","logo":{"@type":"ImageObject","inLanguage":"fr-FR","@id":"https:\/\/www.mpfiltri.com\/fr\/#\/schema\/logo\/image\/","url":"","contentUrl":"","caption":"MP Filtri"},"image":{"@id":"https:\/\/www.mpfiltri.com\/fr\/#\/schema\/logo\/image\/"},"sameAs":["https:\/\/www.facebook.com\/MPFiltriITA","https:\/\/www.instagram.com\/mpfiltri\/","https:\/\/www.youtube.com\/channel\/UCCzNMySYc1c4M-2B4v0K_QA?view_as=subscriber","https:\/\/www.linkedin.com\/company\/mp-filtri-spa\/"]}]}},"featured_image_src":null,"featured_image_src_square":null,"_links":{"self":[{"href":"https:\/\/www.mpfiltri.com\/fr\/wp-json\/wp\/v2\/pages\/15822","targetHints":{"allow":["GET"]}}],"collection":[{"href":"https:\/\/www.mpfiltri.com\/fr\/wp-json\/wp\/v2\/pages"}],"about":[{"href":"https:\/\/www.mpfiltri.com\/fr\/wp-json\/wp\/v2\/types\/page"}],"author":[{"embeddable":true,"href":"https:\/\/www.mpfiltri.com\/fr\/wp-json\/wp\/v2\/users\/3"}],"replies":[{"embeddable":true,"href":"https:\/\/www.mpfiltri.com\/fr\/wp-json\/wp\/v2\/comments?post=15822"}],"version-history":[{"count":1,"href":"https:\/\/www.mpfiltri.com\/fr\/wp-json\/wp\/v2\/pages\/15822\/revisions"}],"predecessor-version":[{"id":15859,"href":"https:\/\/www.mpfiltri.com\/fr\/wp-json\/wp\/v2\/pages\/15822\/revisions\/15859"}],"wp:attachment":[{"href":"https:\/\/www.mpfiltri.com\/fr\/wp-json\/wp\/v2\/media?parent=15822"}],"curies":[{"name":"wp","href":"https:\/\/api.w.org\/{rel}","templated":true}]}}