

{"id":15704,"date":"2024-12-09T13:23:14","date_gmt":"2024-12-09T12:23:14","guid":{"rendered":"https:\/\/www.mpfiltri.com\/cookie-policy\/"},"modified":"2025-05-20T14:29:25","modified_gmt":"2025-05-20T12:29:25","slug":"politique-des-cookies","status":"publish","type":"page","link":"https:\/\/www.mpfiltri.com\/fr\/politique-des-cookies\/","title":{"rendered":"Politique des cookies"},"content":{"rendered":"\n<div class=\"wp-block-stackable-columns stk-block-columns stk-block stk-820bb05 body-lines height-100\" data-block-id=\"820bb05\"><style>.stk-820bb05 {margin-top:0px !important;margin-right:0px !important;margin-bottom:0px !important;margin-left:0px !important;}.stk-820bb05-column{--stk-columns-spacing:0px !important;}<\/style><div class=\"stk-row stk-inner-blocks stk-block-content stk-content-align stk-820bb05-column\">\n<div class=\"wp-block-stackable-column stk-block-column stk-column stk-block stk-745f29b\" data-v=\"4\" data-block-id=\"745f29b\"><div class=\"stk-column-wrapper stk-block-column__content stk-container stk-745f29b-container stk--no-background stk--no-padding\"><div class=\"stk-block-content stk-inner-blocks stk-745f29b-inner-blocks\"><\/div><\/div><\/div>\n<\/div><\/div>\n\n\n\n<div class=\"wp-block-stackable-columns stk-block-columns stk-block stk-0cf28ed\" data-block-id=\"0cf28ed\"><style>.stk-0cf28ed {margin-top:0px !important;margin-right:0px !important;margin-bottom:0px !important;margin-left:0px !important;}<\/style><div class=\"stk-row stk-inner-blocks stk-block-content stk-content-align stk-0cf28ed-column\">\n<div class=\"wp-block-stackable-column stk-block-column stk-column stk-block stk-048f6ae\" data-v=\"4\" data-block-id=\"048f6ae\"><style>.stk-048f6ae-inner-blocks{align-items:flex-start !important;}.stk-048f6ae {border-style:solid !important;border-color:#E6E6E6 !important;border-right-width:1px !important;border-left-width:1px !important;padding-right:30px !important;padding-left:30px !important;}<\/style><div class=\"stk-column-wrapper stk-block-column__content stk-container stk-048f6ae-container stk--no-background stk--no-padding\"><div class=\"has-text-align-left stk--column-flex stk-block-content stk-inner-blocks stk-048f6ae-inner-blocks\">\n<h2 class=\"wp-block-heading\" id=\"politique-des-cookies\">Politique des cookies<\/h2>\n\n\n\n<p>Dans le cadre de l\u2019exploitation du site Internet&nbsp;<a href=\"https:\/\/www.mpfiltri.fr\/\">https:\/\/www.mpfiltri.fr\/<\/a>&nbsp;(ci-apr\u00e8s d\u00e9nomm\u00e9 le \u00ab Site \u00bb) MP Filtri S.p.A., dont le si\u00e8ge social est sis Via Primo Maggio 3, Pessano Con Bornago (Milan) (ci-apr\u00e8s d\u00e9nomm\u00e9 \u00ab&nbsp;<strong>MPFiltri<\/strong>&nbsp;\u00bb, \u00ab&nbsp;<strong>nous&nbsp;<\/strong>\u00bb ou \u00ab&nbsp;<strong>notre&nbsp;<\/strong>\u00bb selon les cas) peut \u00eatre amen\u00e9e \u00e0 implanter des cookies ou autres traceurs sur le terminal de l\u2019utilisateur (ci-apr\u00e8s d\u00e9nomm\u00e9 l\u2019\u00ab&nbsp;<strong>Utilisateur<\/strong>&nbsp;\u00bb).<\/p>\n\n\n\n<p><strong>Qu\u2019est-ce qu\u2019un cookie ?<\/strong><\/p>\n\n\n\n<p>Les cookies sont des fichiers texte de petite taille qu\u2019un site Internet peut envoyer, pendant la navigation, au dispositif utilis\u00e9 pour cette derni\u00e8re, qu\u2019il s\u2019agisse d\u2019un PC, d\u2019un notebook, d\u2019un smartphone, d\u2019une tablette, etc. ; g\u00e9n\u00e9ralement, les cookies sont conserv\u00e9s directement sur le logiciel utilis\u00e9 pour la navigation. Le site Internet qui les a transmis peut ensuite lire et enregistrer les cookies pr\u00e9sents sur le dispositif pour obtenir des informations de plusieurs types.&nbsp;<\/p>\n\n\n\n<p>Les cookies sont utilis\u00e9s \u00e0 diff\u00e9rents fins : authentifications informatiques, monitorage de session, m\u00e9morisation d\u2019informations relatives \u00e0 des configurations sp\u00e9cifiques concernant les utilisateurs qui acc\u00e8dent au serveur, etc. Des informations suppl\u00e9mentaires sur les cookies sont disponibles sur le site&nbsp;<a href=\"https:\/\/www.allaboutcookies.org\/verify\">www.allaboutcookies.org<\/a>.<\/p>\n\n\n\n<div class=\"wp-block-stackable-spacer stk-block-spacer stk--no-padding stk-block stk-d7cc210\" data-block-id=\"d7cc210\"><\/div>\n\n\n\n<p><strong>Pourquoi utilisons-nous les cookies ?<\/strong><\/p>\n\n\n\n<p>Le Site peut utiliser les cookies pour diff\u00e9rentes raisons.&nbsp;<\/p>\n\n\n\n<p>Certains cookies sont essentiels et en leur absence, l\u2019utilisateur pourrait, par exemple, ne pas \u00eatre en mesure d\u2019utiliser le Site de mani\u00e8re optimale.<\/p>\n\n\n\n<p>Nous nous effor\u00e7ons sans cesse d\u2019am\u00e9liorer notre Site, entre autres dans le but de faciliter l\u2019acc\u00e8s \u00e0 nos services.&nbsp;<\/p>\n\n\n\n<p>Aussi, il est pour nous essentiel de savoir de quelle mani\u00e8re notre Site est utilis\u00e9 via des cookies statistiques permettant de g\u00e9n\u00e9rer un rapport d\u2019analyse sur la mani\u00e8re dont le Site fonctionne.<\/p>\n\n\n\n<div class=\"wp-block-stackable-spacer stk-block-spacer stk--no-padding stk-block stk-7f50ee7\" data-block-id=\"7f50ee7\"><\/div>\n\n\n\n<p><strong>Quels sont les cookies utilis\u00e9s sur le site ?<\/strong><\/p>\n\n\n\n<figure class=\"wp-block-table\"><table class=\"has-fixed-layout\"><tbody><tr><td><strong>Type de cookies<\/strong><\/td><td><strong>Utilit\u00e9 de ce cookies<\/strong><\/td><td><strong>Dur\u00e9e de conservation<\/strong><\/td><td><strong>Accepter \/ refuser<\/strong><\/td><\/tr><tr><td><strong>Cookies n\u00e9cessaires<\/strong><\/td><td>Ces cookies permettent au Site&nbsp;<a href=\"http:\/\/www.mpfiltri.com\/\">www.mpfiltri.com<\/a>&nbsp;de fonctionner de mani\u00e8re optimale, principalement afin de sauvegarder l\u2019\u00e9tat actuel de votre navigation.<\/td><td><strong>6 mois<\/strong><\/td><td><strong>N\/A<\/strong><\/td><\/tr><tr><td><strong>Cookies Statistiques<\/strong><\/td><td>Cookies install\u00e9s par Matomo. Utilis\u00e9s pour calculer les donn\u00e9es des visiteurs, les sessions, les campagnes d&#8217;information et suivre l&#8217;utilisation du site pour l&#8217;\u00e9laboration de rapports d&#8217;activit\u00e9s Matomo. Les cookies stockent des informations anonymes et attribuent un num\u00e9ro g\u00e9n\u00e9r\u00e9 au hasard pour compter chacun des visiteurs.&nbsp;<\/td><td><strong>&nbsp;<\/strong><strong>6 mois<\/strong><\/td><td><strong>Accepter<\/strong><strong>Refuser<\/strong><\/td><\/tr><tr><td><strong>Cookies r\u00e9seaux sociaux<\/strong><\/td><td>Ces cookies permettent \u00e0 l\u2019Utilisateur pr\u00e9sent sur les r\u00e9seaux sociaux d\u2019interagir avec le Site.Il s\u2019agit de cookies non indispensables au fonctionnement du Site.<\/td><td>&nbsp;<\/td><td><strong>Accepter<\/strong><strong>Refuser<\/strong><\/td><\/tr><\/tbody><\/table><\/figure>\n\n\n\n<p>Les cookies mentionn\u00e9s ci-avant sont tous collect\u00e9s et analys\u00e9s sous forme anonyme et agr\u00e9g\u00e9e.<\/p>\n\n\n\n<p>Enfin, le recours \u00e0 toute forme de cookies de profilage est exclu.<\/p>\n\n\n\n<div class=\"wp-block-stackable-spacer stk-block-spacer stk--no-padding stk-block stk-f8d3382\" data-block-id=\"f8d3382\"><\/div>\n\n\n\n<p><strong>Mesures d\u2019audience<\/strong><\/p>\n\n\n\n<p>Si l\u2019utilisateur souhaite que Matomo n\u2019utilise d\u2019aucune mani\u00e8re les donn\u00e9es collect\u00e9es, il peut modifier \u00e0 cet effet la configuration du logiciel de navigation utilis\u00e9, quel qu\u2019il soit. Cette configuration est d\u00e9crite dans le menu d\u2019aide du logiciel de navigation utilis\u00e9, ce qui permet de conna\u00eetre la modalit\u00e9 de modification des choix concernant les cookies.<\/p>\n\n\n\n<p>Se reporter aux liens suivants pour acc\u00e9der aux renseignements fournis par les logiciels de navigation :<\/p>\n\n\n\n<p>Internet Explorer :&nbsp;<a href=\"http:\/\/windows.microsoft.com\/it-It\/windows7\/Block-enable-or-allow-cookies\" target=\"_blank\" rel=\"noreferrer noopener\">http:\/\/windows.microsoft.com\/it-It\/windows7\/Block-enable-or-allow-cookies<\/a><\/p>\n\n\n\n<p>Safari :&nbsp;<a href=\"http:\/\/www.apple.com\/it\/support\" target=\"_blank\" rel=\"noreferrer noopener\">http:\/\/www.apple.com\/it\/support<\/a><\/p>\n\n\n\n<p>Chrome :&nbsp;<a href=\"https:\/\/support.google.com\/chrome\/answer\/95647?hl=it&amp;hlrm=en\" target=\"_blank\" rel=\"noreferrer noopener\">https:\/\/support.google.com\/chrome\/answer\/95647?hl=it&amp;hlrm=en<\/a><\/p>\n\n\n\n<p>Firefox :&nbsp;<a href=\"http:\/\/support.mozilla.org\/it\/kb\/Attivare%20e%20disattivare%20i%20cookie\" target=\"_blank\" rel=\"noreferrer noopener\">http:\/\/support.mozilla.org\/it\/kb\/Attivare%20e%20disattivare%20i%20cookie<\/a>&nbsp;Opera :&nbsp;<a href=\"http:\/\/help.opera.com\/Windows\/10.20\/it\/cookies.html\" target=\"_blank\" rel=\"noreferrer noopener\">http:\/\/help.opera.com\/Windows\/10.20\/it\/cookies.html<\/a><\/p>\n\n\n\n<p>Le Site reste dans tous le cas pleinement utilisable quand bien m\u00eame il aurait \u00e9t\u00e9 d\u00e9cid\u00e9 de d\u00e9sactiver la fonction de monitorage. Pour un opt-out permanent, le logiciel de navigation doit accepter les cookies permanents. Si le logiciel de navigation utilis\u00e9 n\u2019accepte pas les cookies permanents, l\u2019enregistrement de l\u2019opt-out n\u2019est techniquement pas possible. Pour d\u00e9sactiver le monitorage, utiliser les fonctions pr\u00e9vues \u00e0 cet effet du logiciel de navigation (\u00e0 ce sujet, consulter le site&nbsp;<a href=\"https:\/\/www.allaboutcookies.org\/verify\" target=\"_blank\" rel=\"noreferrer noopener\">www.allaboutcookies.org<\/a>).<\/p>\n\n\n\n<p>Pour \u00e9liminer les cookies du logiciel de navigation install\u00e9 sur le smartphone ou la tablette, faire r\u00e9f\u00e9rence \u00e0 la notice d\u2019utilisation du dispositif.<\/p>\n\n\n\n<div class=\"wp-block-stackable-spacer stk-block-spacer stk--no-padding stk-block stk-d95e7cb\" data-block-id=\"d95e7cb\"><\/div>\n\n\n\n<p><strong>Cookies de r\u00e9seaux sociaux<\/strong><\/p>\n\n\n\n<p>Nous offrons la possibilit\u00e9 \u00e0 l\u2019Utilisateur de consulter ses pages sur les r\u00e9seaux sociaux par le biais de boutons (Facebook, Twitter, Pinterest et Instagram).&nbsp;<\/p>\n\n\n\n<p>\u00c0 cette occasion, les plugins de r\u00e9seaux sociaux mis \u00e0 disposition sur le Site utilise des cookies permettant de tracer la navigation des Utilisateurs, ind\u00e9pendamment du fait qu\u2019ils soient inscrits aupr\u00e8s des r\u00e9seaux sociaux consid\u00e9r\u00e9s ou qu\u2019ils soient connect\u00e9s sur leur compte personnel au moment de la navigation sur le Site.&nbsp;<\/p>\n\n\n\n<p>Les cookies mis en place permettent \u00e9galement aux \u00e9diteurs des diff\u00e9rents r\u00e9seaux sociaux de cibler des offres publicitaires sur leurs plateformes respectives.<\/p>\n\n\n\n<p>Dans ce cadre, nous n\u2019exer\u00e7ons aucune ma\u00eetrise sur le traitement des donn\u00e9es personnelles \u00e9ventuellement op\u00e9r\u00e9es par les \u00e9diteurs des diff\u00e9rentes plateformes des r\u00e9seaux sociaux concern\u00e9s, qui restent les seuls responsables de leurs propres traitements, sauf s\u2019agissant des traitements issus des param\u00e9trages sp\u00e9cifiques effectu\u00e9s par MP Filtri sur ces plateformes de r\u00e9seaux sociaux, le cas \u00e9ch\u00e9ant, pour lesquels MP Filtri est coresponsable de traitement.&nbsp;<\/p>\n\n\n\n<p>MP Filtri invite donc l\u2019Utilisateur \u00e0 consulter pr\u00e9alablement les conditions g\u00e9n\u00e9rales d\u2019utilisation ainsi que les politiques de confidentialit\u00e9 respectives desdits \u00e9diteurs de plateformes de r\u00e9seaux sociaux s\u2019ils souhaitent utiliser les boutons de partage mis \u00e0 leur disposition.<\/p>\n\n\n\n<div class=\"wp-block-buttons is-layout-flex wp-block-buttons-is-layout-flex\">\n<div class=\"wp-block-button\"><a class=\"wp-block-button__link wp-element-button\" href=\"https:\/\/www.mpfiltri.com\/wp-content\/uploads\/2025\/05\/MPFiltriFRCookiePolicyREV.pdf\" target=\"_blank\" rel=\"noreferrer noopener\">T\u00e9l\u00e9chargez<\/a><\/div>\n<\/div>\n<\/div><\/div><\/div>\n<\/div><\/div>\n\n\n\n<div class=\"wp-block-stackable-columns stk-block-columns stk-block stk-cb27d40 body-lines height-100\" data-block-id=\"cb27d40\"><style>.stk-cb27d40 {margin-top:0px !important;margin-right:0px !important;margin-bottom:0px !important;margin-left:0px !important;}.stk-cb27d40-column{--stk-columns-spacing:0px !important;}<\/style><div class=\"stk-row stk-inner-blocks stk-block-content stk-content-align stk-cb27d40-column\">\n<div class=\"wp-block-stackable-column stk-block-column stk-column stk-block stk-118f174\" data-v=\"4\" data-block-id=\"118f174\"><div class=\"stk-column-wrapper stk-block-column__content stk-container stk-118f174-container stk--no-background stk--no-padding\"><div class=\"stk-block-content stk-inner-blocks stk-118f174-inner-blocks\"><\/div><\/div><\/div>\n<\/div><\/div>\n","protected":false},"excerpt":{"rendered":"<p>Politique des cookies Dans le cadre de l\u2019exploitation du site Internet&nbsp;https:\/\/www.mpfiltri.fr\/&nbsp;(ci-apr\u00e8s d\u00e9nomm\u00e9 le \u00ab Site \u00bb) MP Filtri S.p.A., dont le si\u00e8ge social est sis Via Primo Maggio 3, Pessano Con Bornago (Milan) (ci-apr\u00e8s d\u00e9nomm\u00e9 \u00ab&nbsp;MPFiltri&nbsp;\u00bb, \u00ab&nbsp;nous&nbsp;\u00bb ou \u00ab&nbsp;notre&nbsp;\u00bb selon les cas) peut \u00eatre amen\u00e9e \u00e0 implanter des cookies ou autres traceurs sur le terminal [&hellip;]<\/p>\n","protected":false},"author":3,"featured_media":0,"parent":0,"menu_order":284,"comment_status":"closed","ping_status":"closed","template":"","meta":{"_acf_changed":false,"_gspb_post_css":"","inline_featured_image":false,"_genesis_hide_title":false,"_genesis_hide_breadcrumbs":false,"_genesis_hide_singular_image":false,"_genesis_hide_footer_widgets":false,"_genesis_custom_body_class":"","_genesis_custom_post_class":"","_genesis_layout":"","footnotes":"","_links_to":"","_links_to_target":""},"class_list":{"0":"post-15704","1":"page","2":"type-page","3":"status-publish","5":"entry"},"acf":[],"yoast_head":"<!-- This site is optimized with the Yoast SEO plugin v27.2 - https:\/\/yoast.com\/product\/yoast-seo-wordpress\/ -->\n<title>Politique des cookies - MP Filtri<\/title>\n<meta name=\"robots\" content=\"index, follow, max-snippet:-1, max-image-preview:large, max-video-preview:-1\" \/>\n<link rel=\"canonical\" href=\"https:\/\/www.mpfiltri.com\/fr\/politique-des-cookies\/\" \/>\n<meta property=\"og:locale\" content=\"fr_FR\" \/>\n<meta property=\"og:type\" content=\"article\" \/>\n<meta property=\"og:title\" content=\"Politique des cookies - MP Filtri\" \/>\n<meta property=\"og:description\" content=\"Politique des cookies Dans le cadre de l\u2019exploitation du site Internet&nbsp;https:\/\/www.mpfiltri.fr\/&nbsp;(ci-apr\u00e8s d\u00e9nomm\u00e9 le \u00ab Site \u00bb) MP Filtri S.p.A., dont le si\u00e8ge social est sis Via Primo Maggio 3, Pessano Con Bornago (Milan) (ci-apr\u00e8s d\u00e9nomm\u00e9 \u00ab&nbsp;MPFiltri&nbsp;\u00bb, \u00ab&nbsp;nous&nbsp;\u00bb ou \u00ab&nbsp;notre&nbsp;\u00bb selon les cas) peut \u00eatre amen\u00e9e \u00e0 implanter des cookies ou autres traceurs sur le terminal [&hellip;]\" \/>\n<meta property=\"og:url\" content=\"https:\/\/www.mpfiltri.com\/fr\/politique-des-cookies\/\" \/>\n<meta property=\"og:site_name\" content=\"MP Filtri\" \/>\n<meta property=\"article:publisher\" content=\"https:\/\/www.facebook.com\/MPFiltriITA\" \/>\n<meta property=\"article:modified_time\" content=\"2025-05-20T12:29:25+00:00\" \/>\n<meta name=\"twitter:card\" content=\"summary_large_image\" \/>\n<meta name=\"twitter:label1\" content=\"Dur\u00e9e de lecture estim\u00e9e\" \/>\n\t<meta name=\"twitter:data1\" content=\"4 minutes\" \/>\n<script type=\"application\/ld+json\" class=\"yoast-schema-graph\">{\"@context\":\"https:\/\/schema.org\",\"@graph\":[{\"@type\":\"WebPage\",\"@id\":\"https:\/\/www.mpfiltri.com\/fr\/politique-des-cookies\/\",\"url\":\"https:\/\/www.mpfiltri.com\/fr\/politique-des-cookies\/\",\"name\":\"Politique des cookies - MP Filtri\",\"isPartOf\":{\"@id\":\"https:\/\/www.mpfiltri.com\/fr\/#website\"},\"datePublished\":\"2024-12-09T12:23:14+00:00\",\"dateModified\":\"2025-05-20T12:29:25+00:00\",\"breadcrumb\":{\"@id\":\"https:\/\/www.mpfiltri.com\/fr\/politique-des-cookies\/#breadcrumb\"},\"inLanguage\":\"fr-FR\",\"potentialAction\":[{\"@type\":\"ReadAction\",\"target\":[\"https:\/\/www.mpfiltri.com\/fr\/politique-des-cookies\/\"]}]},{\"@type\":\"BreadcrumbList\",\"@id\":\"https:\/\/www.mpfiltri.com\/fr\/politique-des-cookies\/#breadcrumb\",\"itemListElement\":[{\"@type\":\"ListItem\",\"position\":1,\"name\":\"Home\",\"item\":\"https:\/\/www.mpfiltri.com\/fr\/\"},{\"@type\":\"ListItem\",\"position\":2,\"name\":\"Politique des cookies\"}]},{\"@type\":\"WebSite\",\"@id\":\"https:\/\/www.mpfiltri.com\/fr\/#website\",\"url\":\"https:\/\/www.mpfiltri.com\/fr\/\",\"name\":\"MP Filtri\",\"description\":\"\",\"publisher\":{\"@id\":\"https:\/\/www.mpfiltri.com\/fr\/#organization\"},\"potentialAction\":[{\"@type\":\"SearchAction\",\"target\":{\"@type\":\"EntryPoint\",\"urlTemplate\":\"https:\/\/www.mpfiltri.com\/fr\/?s={search_term_string}\"},\"query-input\":{\"@type\":\"PropertyValueSpecification\",\"valueRequired\":true,\"valueName\":\"search_term_string\"}}],\"inLanguage\":\"fr-FR\"},{\"@type\":\"Organization\",\"@id\":\"https:\/\/www.mpfiltri.com\/fr\/#organization\",\"name\":\"MP Filtri\",\"url\":\"https:\/\/www.mpfiltri.com\/fr\/\",\"logo\":{\"@type\":\"ImageObject\",\"inLanguage\":\"fr-FR\",\"@id\":\"https:\/\/www.mpfiltri.com\/fr\/#\/schema\/logo\/image\/\",\"url\":\"\",\"contentUrl\":\"\",\"caption\":\"MP Filtri\"},\"image\":{\"@id\":\"https:\/\/www.mpfiltri.com\/fr\/#\/schema\/logo\/image\/\"},\"sameAs\":[\"https:\/\/www.facebook.com\/MPFiltriITA\",\"https:\/\/www.instagram.com\/mpfiltri\/\",\"https:\/\/www.youtube.com\/channel\/UCCzNMySYc1c4M-2B4v0K_QA?view_as=subscriber\",\"https:\/\/www.linkedin.com\/company\/mp-filtri-spa\/\"]}]}<\/script>\n<!-- \/ Yoast SEO plugin. -->","yoast_head_json":{"title":"Politique des cookies - MP Filtri","robots":{"index":"index","follow":"follow","max-snippet":"max-snippet:-1","max-image-preview":"max-image-preview:large","max-video-preview":"max-video-preview:-1"},"canonical":"https:\/\/www.mpfiltri.com\/fr\/politique-des-cookies\/","og_locale":"fr_FR","og_type":"article","og_title":"Politique des cookies - MP Filtri","og_description":"Politique des cookies Dans le cadre de l\u2019exploitation du site Internet&nbsp;https:\/\/www.mpfiltri.fr\/&nbsp;(ci-apr\u00e8s d\u00e9nomm\u00e9 le \u00ab Site \u00bb) MP Filtri S.p.A., dont le si\u00e8ge social est sis Via Primo Maggio 3, Pessano Con Bornago (Milan) (ci-apr\u00e8s d\u00e9nomm\u00e9 \u00ab&nbsp;MPFiltri&nbsp;\u00bb, \u00ab&nbsp;nous&nbsp;\u00bb ou \u00ab&nbsp;notre&nbsp;\u00bb selon les cas) peut \u00eatre amen\u00e9e \u00e0 implanter des cookies ou autres traceurs sur le terminal [&hellip;]","og_url":"https:\/\/www.mpfiltri.com\/fr\/politique-des-cookies\/","og_site_name":"MP Filtri","article_publisher":"https:\/\/www.facebook.com\/MPFiltriITA","article_modified_time":"2025-05-20T12:29:25+00:00","twitter_card":"summary_large_image","twitter_misc":{"Dur\u00e9e de lecture estim\u00e9e":"4 minutes"},"schema":{"@context":"https:\/\/schema.org","@graph":[{"@type":"WebPage","@id":"https:\/\/www.mpfiltri.com\/fr\/politique-des-cookies\/","url":"https:\/\/www.mpfiltri.com\/fr\/politique-des-cookies\/","name":"Politique des cookies - MP Filtri","isPartOf":{"@id":"https:\/\/www.mpfiltri.com\/fr\/#website"},"datePublished":"2024-12-09T12:23:14+00:00","dateModified":"2025-05-20T12:29:25+00:00","breadcrumb":{"@id":"https:\/\/www.mpfiltri.com\/fr\/politique-des-cookies\/#breadcrumb"},"inLanguage":"fr-FR","potentialAction":[{"@type":"ReadAction","target":["https:\/\/www.mpfiltri.com\/fr\/politique-des-cookies\/"]}]},{"@type":"BreadcrumbList","@id":"https:\/\/www.mpfiltri.com\/fr\/politique-des-cookies\/#breadcrumb","itemListElement":[{"@type":"ListItem","position":1,"name":"Home","item":"https:\/\/www.mpfiltri.com\/fr\/"},{"@type":"ListItem","position":2,"name":"Politique des cookies"}]},{"@type":"WebSite","@id":"https:\/\/www.mpfiltri.com\/fr\/#website","url":"https:\/\/www.mpfiltri.com\/fr\/","name":"MP Filtri","description":"","publisher":{"@id":"https:\/\/www.mpfiltri.com\/fr\/#organization"},"potentialAction":[{"@type":"SearchAction","target":{"@type":"EntryPoint","urlTemplate":"https:\/\/www.mpfiltri.com\/fr\/?s={search_term_string}"},"query-input":{"@type":"PropertyValueSpecification","valueRequired":true,"valueName":"search_term_string"}}],"inLanguage":"fr-FR"},{"@type":"Organization","@id":"https:\/\/www.mpfiltri.com\/fr\/#organization","name":"MP Filtri","url":"https:\/\/www.mpfiltri.com\/fr\/","logo":{"@type":"ImageObject","inLanguage":"fr-FR","@id":"https:\/\/www.mpfiltri.com\/fr\/#\/schema\/logo\/image\/","url":"","contentUrl":"","caption":"MP Filtri"},"image":{"@id":"https:\/\/www.mpfiltri.com\/fr\/#\/schema\/logo\/image\/"},"sameAs":["https:\/\/www.facebook.com\/MPFiltriITA","https:\/\/www.instagram.com\/mpfiltri\/","https:\/\/www.youtube.com\/channel\/UCCzNMySYc1c4M-2B4v0K_QA?view_as=subscriber","https:\/\/www.linkedin.com\/company\/mp-filtri-spa\/"]}]}},"featured_image_src":null,"featured_image_src_square":null,"_links":{"self":[{"href":"https:\/\/www.mpfiltri.com\/fr\/wp-json\/wp\/v2\/pages\/15704","targetHints":{"allow":["GET"]}}],"collection":[{"href":"https:\/\/www.mpfiltri.com\/fr\/wp-json\/wp\/v2\/pages"}],"about":[{"href":"https:\/\/www.mpfiltri.com\/fr\/wp-json\/wp\/v2\/types\/page"}],"author":[{"embeddable":true,"href":"https:\/\/www.mpfiltri.com\/fr\/wp-json\/wp\/v2\/users\/3"}],"replies":[{"embeddable":true,"href":"https:\/\/www.mpfiltri.com\/fr\/wp-json\/wp\/v2\/comments?post=15704"}],"version-history":[{"count":3,"href":"https:\/\/www.mpfiltri.com\/fr\/wp-json\/wp\/v2\/pages\/15704\/revisions"}],"predecessor-version":[{"id":15760,"href":"https:\/\/www.mpfiltri.com\/fr\/wp-json\/wp\/v2\/pages\/15704\/revisions\/15760"}],"wp:attachment":[{"href":"https:\/\/www.mpfiltri.com\/fr\/wp-json\/wp\/v2\/media?parent=15704"}],"curies":[{"name":"wp","href":"https:\/\/api.w.org\/{rel}","templated":true}]}}