

{"id":14317,"date":"2024-12-11T10:57:43","date_gmt":"2024-12-11T09:57:43","guid":{"rendered":"https:\/\/www.mpfiltri.com\/knowledge-center\/"},"modified":"2025-10-21T13:45:43","modified_gmt":"2025-10-21T11:45:43","slug":"knowledge-center","status":"publish","type":"page","link":"https:\/\/www.mpfiltri.com\/fr\/ressources\/knowledge-center\/","title":{"rendered":"Knowledge Center"},"content":{"rendered":"\n<div class=\"wp-block-media-text has-media-on-the-right is-stacked-on-mobile\"><div class=\"wp-block-media-text__content\">\n<h2 class=\"wp-block-heading\" id=\"connaitre-la-filtration-hydraulique\">CONNAITRE LA FILTRATION HYDRAULIQUE<\/h2>\n\n\n\n<p>Un recueil d`informations essentielles qui pr\u00e9sente tout, des normes ISO aux derni\u00e8res perc\u00e9es en mati\u00e8re de filtration et de technologie des \u00e9l\u00e9ments. Cette section pr\u00e9sente tout ce que vous devez savoir sur la gestion de la contamination, le dimensionnement de la filtration et la compatibilit\u00e9 des fluides.<\/p>\n\n\n\n<div class=\"wp-block-buttons is-layout-flex wp-block-buttons-is-layout-flex\">\n<div class=\"wp-block-button\"><a class=\"wp-block-button__link wp-element-button\" href=\"https:\/\/www.mpfiltri.com\/fr\/ressources\/knowledge-center\/connaitre-la-filtration-hydraulique\/\">Continuez<\/a><\/div>\n<\/div>\n<\/div><figure class=\"wp-block-media-text__media\"><img loading=\"lazy\" decoding=\"async\" width=\"1024\" height=\"641\" src=\"https:\/\/www.mpfiltri.com\/wp-content\/uploads\/2025\/02\/hydraulic-filtration-knowledge-1024x641.jpg\" alt=\"HYDRAULIC FILTRATION KNOWLEDGE\" class=\"wp-image-2640 size-full\" srcset=\"https:\/\/www.mpfiltri.com\/wp-content\/uploads\/2025\/02\/hydraulic-filtration-knowledge-1024x641.jpg 1024w, https:\/\/www.mpfiltri.com\/wp-content\/uploads\/2025\/02\/hydraulic-filtration-knowledge-300x188.jpg 300w, https:\/\/www.mpfiltri.com\/wp-content\/uploads\/2025\/02\/hydraulic-filtration-knowledge-768x481.jpg 768w, https:\/\/www.mpfiltri.com\/wp-content\/uploads\/2025\/02\/hydraulic-filtration-knowledge-655x410.jpg 655w, https:\/\/www.mpfiltri.com\/wp-content\/uploads\/2025\/02\/hydraulic-filtration-knowledge.jpg 1440w\" sizes=\"auto, (max-width: 1024px) 100vw, 1024px\" \/><\/figure><\/div>\n\n\n\n<div class=\"wp-block-media-text is-stacked-on-mobile\"><figure class=\"wp-block-media-text__media\"><img loading=\"lazy\" decoding=\"async\" width=\"1024\" height=\"741\" src=\"https:\/\/www.mpfiltri.com\/wp-content\/uploads\/2025\/02\/contamination-monitoring-product-knowledge-1024x741.jpg\" alt=\"Contamination monitoring product knowledge\" class=\"wp-image-2646 size-full\" srcset=\"https:\/\/www.mpfiltri.com\/wp-content\/uploads\/2025\/02\/contamination-monitoring-product-knowledge-1024x741.jpg 1024w, https:\/\/www.mpfiltri.com\/wp-content\/uploads\/2025\/02\/contamination-monitoring-product-knowledge-300x217.jpg 300w, https:\/\/www.mpfiltri.com\/wp-content\/uploads\/2025\/02\/contamination-monitoring-product-knowledge-768x556.jpg 768w, https:\/\/www.mpfiltri.com\/wp-content\/uploads\/2025\/02\/contamination-monitoring-product-knowledge-655x474.jpg 655w, https:\/\/www.mpfiltri.com\/wp-content\/uploads\/2025\/02\/contamination-monitoring-product-knowledge.jpg 1442w\" sizes=\"auto, (max-width: 1024px) 100vw, 1024px\" \/><\/figure><div class=\"wp-block-media-text__content\">\n<h2 class=\"wp-block-heading\" id=\"connaitre-les-produits-de-surveillance-de-la-contamination\">CONNAITRE LES PRODUITS DE SURVEILLANCE DE LA CONTAMINATION<\/h2>\n\n\n\n<p>Le partage d`informations cl\u00e9s et de logiciels vous aideront \u00e0 tirer le meilleur parti de notre technologie de pointe en mati\u00e8re de contr\u00f4le de la contamination. Vous trouverez ici les derniers microprogrammes, des logiciels permettant de visualiser les tendances et les analyses, ainsi qu`un aper\u00e7u d\u00e9taill\u00e9 des exigences et des normes en vigueur dans l`industrie et ce par les principaux experts dans leur domaine.<\/p>\n\n\n\n<div class=\"wp-block-buttons is-layout-flex wp-block-buttons-is-layout-flex\">\n<div class=\"wp-block-button\"><a class=\"wp-block-button__link wp-element-button\" href=\"https:\/\/www.mpfiltri.com\/fr\/ressources\/knowledge-center\/connaitre-les-produits-desurveillance-de-la-contamination\/\">Continuez<\/a><\/div>\n<\/div>\n<\/div><\/div>\n\n\n\n<div class=\"wp-block-stackable-columns stk-block-columns stk-block stk-820bb05 body-lines height-100\" data-block-id=\"820bb05\"><style>.stk-820bb05 {margin-top:0px !important;margin-right:0px !important;margin-bottom:0px !important;margin-left:0px !important;}.stk-820bb05-column{--stk-columns-spacing:0px !important;}<\/style><div class=\"stk-row stk-inner-blocks stk-block-content stk-content-align stk-820bb05-column\">\n<div class=\"wp-block-stackable-column stk-block-column stk-column stk-block stk-745f29b\" data-v=\"4\" data-block-id=\"745f29b\"><div class=\"stk-column-wrapper stk-block-column__content stk-container stk-745f29b-container stk--no-background stk--no-padding\"><div class=\"stk-block-content stk-inner-blocks stk-745f29b-inner-blocks\"><\/div><\/div><\/div>\n\n\n\n<div class=\"wp-block-stackable-column stk-block-column stk-column stk-block stk-0576f85\" data-v=\"4\" data-block-id=\"0576f85\"><div class=\"stk-column-wrapper stk-block-column__content stk-container stk-0576f85-container stk--no-background stk--no-padding\"><div class=\"stk-block-content stk-inner-blocks stk-0576f85-inner-blocks\"><\/div><\/div><\/div>\n<\/div><\/div>\n","protected":false},"excerpt":{"rendered":"","protected":false},"author":2,"featured_media":0,"parent":22626,"menu_order":115,"comment_status":"closed","ping_status":"closed","template":"","meta":{"_acf_changed":false,"_gspb_post_css":"","inline_featured_image":false,"_genesis_hide_title":false,"_genesis_hide_breadcrumbs":false,"_genesis_hide_singular_image":false,"_genesis_hide_footer_widgets":false,"_genesis_custom_body_class":"","_genesis_custom_post_class":"","_genesis_layout":"","footnotes":"","_links_to":"","_links_to_target":""},"class_list":{"0":"post-14317","1":"page","2":"type-page","3":"status-publish","5":"entry"},"acf":[],"yoast_head":"<!-- This site is optimized with the Yoast SEO plugin v27.2 - https:\/\/yoast.com\/product\/yoast-seo-wordpress\/ -->\n<title>Knowledge Center \u2013 Filtration Hydraulique<\/title>\n<meta name=\"description\" content=\"Guides sur filtres hydrauliques, filtration hydraulique, accouplement pompe hydraulique et indicateur de colmatage pour syst\u00e8mes efficaces.\" \/>\n<meta name=\"robots\" content=\"index, follow, max-snippet:-1, max-image-preview:large, max-video-preview:-1\" \/>\n<link rel=\"canonical\" href=\"https:\/\/www.mpfiltri.com\/fr\/ressources\/knowledge-center\/\" \/>\n<meta property=\"og:locale\" content=\"fr_FR\" \/>\n<meta property=\"og:type\" content=\"article\" \/>\n<meta property=\"og:title\" content=\"Knowledge Center \u2013 Filtration Hydraulique\" \/>\n<meta property=\"og:description\" content=\"Guides sur filtres hydrauliques, filtration hydraulique, accouplement pompe hydraulique et indicateur de colmatage pour syst\u00e8mes efficaces.\" \/>\n<meta property=\"og:url\" content=\"https:\/\/www.mpfiltri.com\/fr\/ressources\/knowledge-center\/\" \/>\n<meta property=\"og:site_name\" content=\"MP Filtri\" \/>\n<meta property=\"article:publisher\" content=\"https:\/\/www.facebook.com\/MPFiltriITA\" \/>\n<meta property=\"article:modified_time\" content=\"2025-10-21T11:45:43+00:00\" \/>\n<meta property=\"og:image\" content=\"https:\/\/www.mpfiltri.com\/wp-content\/uploads\/2025\/02\/hydraulic-filtration-knowledge.jpg\" \/>\n\t<meta property=\"og:image:width\" content=\"1440\" \/>\n\t<meta property=\"og:image:height\" content=\"902\" \/>\n\t<meta property=\"og:image:type\" content=\"image\/jpeg\" \/>\n<meta name=\"twitter:card\" content=\"summary_large_image\" \/>\n<meta name=\"twitter:label1\" content=\"Dur\u00e9e de lecture estim\u00e9e\" \/>\n\t<meta name=\"twitter:data1\" content=\"2 minutes\" \/>\n<script type=\"application\/ld+json\" class=\"yoast-schema-graph\">{\"@context\":\"https:\/\/schema.org\",\"@graph\":[{\"@type\":\"WebPage\",\"@id\":\"https:\/\/www.mpfiltri.com\/fr\/ressources\/knowledge-center\/\",\"url\":\"https:\/\/www.mpfiltri.com\/fr\/ressources\/knowledge-center\/\",\"name\":\"Knowledge Center \u2013 Filtration Hydraulique\",\"isPartOf\":{\"@id\":\"https:\/\/www.mpfiltri.com\/fr\/#website\"},\"primaryImageOfPage\":{\"@id\":\"https:\/\/www.mpfiltri.com\/fr\/ressources\/knowledge-center\/#primaryimage\"},\"image\":{\"@id\":\"https:\/\/www.mpfiltri.com\/fr\/ressources\/knowledge-center\/#primaryimage\"},\"thumbnailUrl\":\"https:\/\/www.mpfiltri.com\/wp-content\/uploads\/2025\/02\/hydraulic-filtration-knowledge-1024x641.jpg\",\"datePublished\":\"2024-12-11T09:57:43+00:00\",\"dateModified\":\"2025-10-21T11:45:43+00:00\",\"description\":\"Guides sur filtres hydrauliques, filtration hydraulique, accouplement pompe hydraulique et indicateur de colmatage pour syst\u00e8mes efficaces.\",\"breadcrumb\":{\"@id\":\"https:\/\/www.mpfiltri.com\/fr\/ressources\/knowledge-center\/#breadcrumb\"},\"inLanguage\":\"fr-FR\",\"potentialAction\":[{\"@type\":\"ReadAction\",\"target\":[\"https:\/\/www.mpfiltri.com\/fr\/ressources\/knowledge-center\/\"]}]},{\"@type\":\"ImageObject\",\"inLanguage\":\"fr-FR\",\"@id\":\"https:\/\/www.mpfiltri.com\/fr\/ressources\/knowledge-center\/#primaryimage\",\"url\":\"https:\/\/www.mpfiltri.com\/wp-content\/uploads\/2025\/02\/hydraulic-filtration-knowledge-1024x641.jpg\",\"contentUrl\":\"https:\/\/www.mpfiltri.com\/wp-content\/uploads\/2025\/02\/hydraulic-filtration-knowledge-1024x641.jpg\"},{\"@type\":\"BreadcrumbList\",\"@id\":\"https:\/\/www.mpfiltri.com\/fr\/ressources\/knowledge-center\/#breadcrumb\",\"itemListElement\":[{\"@type\":\"ListItem\",\"position\":1,\"name\":\"Home\",\"item\":\"https:\/\/www.mpfiltri.com\/fr\/\"},{\"@type\":\"ListItem\",\"position\":2,\"name\":\"Ressources\",\"item\":\"https:\/\/www.mpfiltri.com\/fr\/ressources\/\"},{\"@type\":\"ListItem\",\"position\":3,\"name\":\"Knowledge Center\"}]},{\"@type\":\"WebSite\",\"@id\":\"https:\/\/www.mpfiltri.com\/fr\/#website\",\"url\":\"https:\/\/www.mpfiltri.com\/fr\/\",\"name\":\"MP Filtri\",\"description\":\"\",\"publisher\":{\"@id\":\"https:\/\/www.mpfiltri.com\/fr\/#organization\"},\"potentialAction\":[{\"@type\":\"SearchAction\",\"target\":{\"@type\":\"EntryPoint\",\"urlTemplate\":\"https:\/\/www.mpfiltri.com\/fr\/?s={search_term_string}\"},\"query-input\":{\"@type\":\"PropertyValueSpecification\",\"valueRequired\":true,\"valueName\":\"search_term_string\"}}],\"inLanguage\":\"fr-FR\"},{\"@type\":\"Organization\",\"@id\":\"https:\/\/www.mpfiltri.com\/fr\/#organization\",\"name\":\"MP Filtri\",\"url\":\"https:\/\/www.mpfiltri.com\/fr\/\",\"logo\":{\"@type\":\"ImageObject\",\"inLanguage\":\"fr-FR\",\"@id\":\"https:\/\/www.mpfiltri.com\/fr\/#\/schema\/logo\/image\/\",\"url\":\"\",\"contentUrl\":\"\",\"caption\":\"MP Filtri\"},\"image\":{\"@id\":\"https:\/\/www.mpfiltri.com\/fr\/#\/schema\/logo\/image\/\"},\"sameAs\":[\"https:\/\/www.facebook.com\/MPFiltriITA\",\"https:\/\/www.instagram.com\/mpfiltri\/\",\"https:\/\/www.youtube.com\/channel\/UCCzNMySYc1c4M-2B4v0K_QA?view_as=subscriber\",\"https:\/\/www.linkedin.com\/company\/mp-filtri-spa\/\"]}]}<\/script>\n<!-- \/ Yoast SEO plugin. -->","yoast_head_json":{"title":"Knowledge Center \u2013 Filtration Hydraulique","description":"Guides sur filtres hydrauliques, filtration hydraulique, accouplement pompe hydraulique et indicateur de colmatage pour syst\u00e8mes efficaces.","robots":{"index":"index","follow":"follow","max-snippet":"max-snippet:-1","max-image-preview":"max-image-preview:large","max-video-preview":"max-video-preview:-1"},"canonical":"https:\/\/www.mpfiltri.com\/fr\/ressources\/knowledge-center\/","og_locale":"fr_FR","og_type":"article","og_title":"Knowledge Center \u2013 Filtration Hydraulique","og_description":"Guides sur filtres hydrauliques, filtration hydraulique, accouplement pompe hydraulique et indicateur de colmatage pour syst\u00e8mes efficaces.","og_url":"https:\/\/www.mpfiltri.com\/fr\/ressources\/knowledge-center\/","og_site_name":"MP Filtri","article_publisher":"https:\/\/www.facebook.com\/MPFiltriITA","article_modified_time":"2025-10-21T11:45:43+00:00","og_image":[{"width":1440,"height":902,"url":"https:\/\/www.mpfiltri.com\/wp-content\/uploads\/2025\/02\/hydraulic-filtration-knowledge.jpg","type":"image\/jpeg"}],"twitter_card":"summary_large_image","twitter_misc":{"Dur\u00e9e de lecture estim\u00e9e":"2 minutes"},"schema":{"@context":"https:\/\/schema.org","@graph":[{"@type":"WebPage","@id":"https:\/\/www.mpfiltri.com\/fr\/ressources\/knowledge-center\/","url":"https:\/\/www.mpfiltri.com\/fr\/ressources\/knowledge-center\/","name":"Knowledge Center \u2013 Filtration Hydraulique","isPartOf":{"@id":"https:\/\/www.mpfiltri.com\/fr\/#website"},"primaryImageOfPage":{"@id":"https:\/\/www.mpfiltri.com\/fr\/ressources\/knowledge-center\/#primaryimage"},"image":{"@id":"https:\/\/www.mpfiltri.com\/fr\/ressources\/knowledge-center\/#primaryimage"},"thumbnailUrl":"https:\/\/www.mpfiltri.com\/wp-content\/uploads\/2025\/02\/hydraulic-filtration-knowledge-1024x641.jpg","datePublished":"2024-12-11T09:57:43+00:00","dateModified":"2025-10-21T11:45:43+00:00","description":"Guides sur filtres hydrauliques, filtration hydraulique, accouplement pompe hydraulique et indicateur de colmatage pour syst\u00e8mes efficaces.","breadcrumb":{"@id":"https:\/\/www.mpfiltri.com\/fr\/ressources\/knowledge-center\/#breadcrumb"},"inLanguage":"fr-FR","potentialAction":[{"@type":"ReadAction","target":["https:\/\/www.mpfiltri.com\/fr\/ressources\/knowledge-center\/"]}]},{"@type":"ImageObject","inLanguage":"fr-FR","@id":"https:\/\/www.mpfiltri.com\/fr\/ressources\/knowledge-center\/#primaryimage","url":"https:\/\/www.mpfiltri.com\/wp-content\/uploads\/2025\/02\/hydraulic-filtration-knowledge-1024x641.jpg","contentUrl":"https:\/\/www.mpfiltri.com\/wp-content\/uploads\/2025\/02\/hydraulic-filtration-knowledge-1024x641.jpg"},{"@type":"BreadcrumbList","@id":"https:\/\/www.mpfiltri.com\/fr\/ressources\/knowledge-center\/#breadcrumb","itemListElement":[{"@type":"ListItem","position":1,"name":"Home","item":"https:\/\/www.mpfiltri.com\/fr\/"},{"@type":"ListItem","position":2,"name":"Ressources","item":"https:\/\/www.mpfiltri.com\/fr\/ressources\/"},{"@type":"ListItem","position":3,"name":"Knowledge Center"}]},{"@type":"WebSite","@id":"https:\/\/www.mpfiltri.com\/fr\/#website","url":"https:\/\/www.mpfiltri.com\/fr\/","name":"MP Filtri","description":"","publisher":{"@id":"https:\/\/www.mpfiltri.com\/fr\/#organization"},"potentialAction":[{"@type":"SearchAction","target":{"@type":"EntryPoint","urlTemplate":"https:\/\/www.mpfiltri.com\/fr\/?s={search_term_string}"},"query-input":{"@type":"PropertyValueSpecification","valueRequired":true,"valueName":"search_term_string"}}],"inLanguage":"fr-FR"},{"@type":"Organization","@id":"https:\/\/www.mpfiltri.com\/fr\/#organization","name":"MP Filtri","url":"https:\/\/www.mpfiltri.com\/fr\/","logo":{"@type":"ImageObject","inLanguage":"fr-FR","@id":"https:\/\/www.mpfiltri.com\/fr\/#\/schema\/logo\/image\/","url":"","contentUrl":"","caption":"MP Filtri"},"image":{"@id":"https:\/\/www.mpfiltri.com\/fr\/#\/schema\/logo\/image\/"},"sameAs":["https:\/\/www.facebook.com\/MPFiltriITA","https:\/\/www.instagram.com\/mpfiltri\/","https:\/\/www.youtube.com\/channel\/UCCzNMySYc1c4M-2B4v0K_QA?view_as=subscriber","https:\/\/www.linkedin.com\/company\/mp-filtri-spa\/"]}]}},"featured_image_src":null,"featured_image_src_square":null,"_links":{"self":[{"href":"https:\/\/www.mpfiltri.com\/fr\/wp-json\/wp\/v2\/pages\/14317","targetHints":{"allow":["GET"]}}],"collection":[{"href":"https:\/\/www.mpfiltri.com\/fr\/wp-json\/wp\/v2\/pages"}],"about":[{"href":"https:\/\/www.mpfiltri.com\/fr\/wp-json\/wp\/v2\/types\/page"}],"author":[{"embeddable":true,"href":"https:\/\/www.mpfiltri.com\/fr\/wp-json\/wp\/v2\/users\/2"}],"replies":[{"embeddable":true,"href":"https:\/\/www.mpfiltri.com\/fr\/wp-json\/wp\/v2\/comments?post=14317"}],"version-history":[{"count":4,"href":"https:\/\/www.mpfiltri.com\/fr\/wp-json\/wp\/v2\/pages\/14317\/revisions"}],"predecessor-version":[{"id":34465,"href":"https:\/\/www.mpfiltri.com\/fr\/wp-json\/wp\/v2\/pages\/14317\/revisions\/34465"}],"up":[{"embeddable":true,"href":"https:\/\/www.mpfiltri.com\/fr\/wp-json\/wp\/v2\/pages\/22626"}],"wp:attachment":[{"href":"https:\/\/www.mpfiltri.com\/fr\/wp-json\/wp\/v2\/media?parent=14317"}],"curies":[{"name":"wp","href":"https:\/\/api.w.org\/{rel}","templated":true}]}}