

{"id":13979,"date":"2024-12-11T10:44:38","date_gmt":"2024-12-11T09:44:38","guid":{"rendered":"https:\/\/www.mpfiltri.com\/societe\/social-responsibility\/"},"modified":"2025-10-27T14:25:16","modified_gmt":"2025-10-27T13:25:16","slug":"responsabilites-sociales","status":"publish","type":"page","link":"https:\/\/www.mpfiltri.com\/fr\/societe\/responsabilites-sociales\/","title":{"rendered":"Responsabilit\u00e9s sociales"},"content":{"rendered":"\n<div class=\"wp-block-media-text has-media-on-the-right is-stacked-on-mobile\"><div class=\"wp-block-media-text__content\">\n<h2 class=\"wp-block-heading\" id=\"responsabilites-sociales\">RESPONSABILIT\u00c9S SOCIALES<\/h2>\n\n\n\n<p>MP Filtri a toujours bas\u00e9 son activit\u00e9 sur des principes solides qui forment les bases de ses codes d`\u00e9thique : la cr\u00e9ation de rapports positifs avec ses clients, fournisseurs, partenaires et employ\u00e9s.<\/p>\n\n\n\n<p>L`\u00e9thique est le fil conducteur de notre activit\u00e9 : sant\u00e9, s\u00e9curit\u00e9 et protection de l`environnement. Un engagement et une responsabilit\u00e9 qui s`expriment \u00e9galement au travers d` actions de bienfaisance, d`initiatives humanitaires et sportives au niveau local et international.<\/p>\n\n\n\n<p>C`est par exemple la participation en Ouganda \u00e0 un projet Inter Campus. Depuis 1997, dans 29 pays, une intervention sociale et coop\u00e9rative utilise le football comme vecteur d`\u00e9ducation pour restaurer le droit de jouer aux enfants dans le besoin.<\/p>\n<\/div><figure class=\"wp-block-media-text__media\"><img loading=\"lazy\" decoding=\"async\" width=\"1024\" height=\"768\" src=\"https:\/\/www.mpfiltri.com\/wp-content\/uploads\/2025\/06\/IMG_5849-min-1024x768.jpg\" alt=\"Uganda photo\" class=\"wp-image-27862 size-full\" srcset=\"https:\/\/www.mpfiltri.com\/wp-content\/uploads\/2025\/06\/IMG_5849-min-1024x768.jpg 1024w, https:\/\/www.mpfiltri.com\/wp-content\/uploads\/2025\/06\/IMG_5849-min-300x225.jpg 300w, https:\/\/www.mpfiltri.com\/wp-content\/uploads\/2025\/06\/IMG_5849-min-768x576.jpg 768w, https:\/\/www.mpfiltri.com\/wp-content\/uploads\/2025\/06\/IMG_5849-min-1536x1152.jpg 1536w, https:\/\/www.mpfiltri.com\/wp-content\/uploads\/2025\/06\/IMG_5849-min-2048x1536.jpg 2048w, https:\/\/www.mpfiltri.com\/wp-content\/uploads\/2025\/06\/IMG_5849-min-702x526.jpg 702w, https:\/\/www.mpfiltri.com\/wp-content\/uploads\/2025\/06\/IMG_5849-min-655x491.jpg 655w\" sizes=\"auto, (max-width: 1024px) 100vw, 1024px\" \/><\/figure><\/div>\n\n\n\n<div class=\"wp-block-stackable-columns stk-block-columns stk-block stk-820bb05 body-lines height-100\" data-block-id=\"820bb05\"><style>.stk-820bb05 {margin-top:0px !important;margin-right:0px !important;margin-bottom:0px !important;margin-left:0px !important;}.stk-820bb05-column{--stk-columns-spacing:0px !important;}<\/style><div class=\"stk-row stk-inner-blocks stk-block-content stk-content-align stk-820bb05-column\">\n<div class=\"wp-block-stackable-column stk-block-column stk-column stk-block stk-745f29b\" data-v=\"4\" data-block-id=\"745f29b\"><div class=\"stk-column-wrapper stk-block-column__content stk-container stk-745f29b-container stk--no-background stk--no-padding\"><div class=\"stk-block-content stk-inner-blocks stk-745f29b-inner-blocks\"><\/div><\/div><\/div>\n\n\n\n<div class=\"wp-block-stackable-column stk-block-column stk-column stk-block stk-0576f85\" data-v=\"4\" data-block-id=\"0576f85\"><div class=\"stk-column-wrapper stk-block-column__content stk-container stk-0576f85-container stk--no-background stk--no-padding\"><div class=\"stk-block-content stk-inner-blocks stk-0576f85-inner-blocks\"><\/div><\/div><\/div>\n<\/div><\/div>\n","protected":false},"excerpt":{"rendered":"<p>RESPONSABILIT\u00c9S SOCIALES MP Filtri a toujours bas\u00e9 son activit\u00e9 sur des principes solides qui forment les bases de ses codes d`\u00e9thique : la cr\u00e9ation de rapports positifs avec ses clients, fournisseurs, partenaires et employ\u00e9s. L`\u00e9thique est le fil conducteur de notre activit\u00e9 : sant\u00e9, s\u00e9curit\u00e9 et protection de l`environnement. Un engagement et une responsabilit\u00e9 qui [&hellip;]<\/p>\n","protected":false},"author":2,"featured_media":13411,"parent":13380,"menu_order":52,"comment_status":"closed","ping_status":"closed","template":"","meta":{"_acf_changed":false,"_gspb_post_css":"","inline_featured_image":false,"_genesis_hide_title":false,"_genesis_hide_breadcrumbs":false,"_genesis_hide_singular_image":false,"_genesis_hide_footer_widgets":false,"_genesis_custom_body_class":"","_genesis_custom_post_class":"","_genesis_layout":"","footnotes":"","_links_to":"","_links_to_target":""},"class_list":{"0":"post-13979","1":"page","2":"type-page","3":"status-publish","4":"has-post-thumbnail","6":"entry"},"acf":[],"yoast_head":"<!-- This site is optimized with the Yoast SEO plugin v27.2 - https:\/\/yoast.com\/product\/yoast-seo-wordpress\/ -->\n<title>Responsabilit\u00e9s sociales - MP Filtri<\/title>\n<meta name=\"description\" content=\"Initiatives RSE avec filtres Atex, filtration hydraulique et indicateur de niveau d&#039;huile pour un impact durable.\" \/>\n<meta name=\"robots\" content=\"index, follow, max-snippet:-1, max-image-preview:large, max-video-preview:-1\" \/>\n<link rel=\"canonical\" href=\"https:\/\/www.mpfiltri.com\/fr\/societe\/responsabilites-sociales\/\" \/>\n<meta property=\"og:locale\" content=\"fr_FR\" \/>\n<meta property=\"og:type\" content=\"article\" \/>\n<meta property=\"og:title\" content=\"Responsabilit\u00e9s sociales - MP Filtri\" \/>\n<meta property=\"og:description\" content=\"Initiatives RSE avec filtres Atex, filtration hydraulique et indicateur de niveau d&#039;huile pour un impact durable.\" \/>\n<meta property=\"og:url\" content=\"https:\/\/www.mpfiltri.com\/fr\/societe\/responsabilites-sociales\/\" \/>\n<meta property=\"og:site_name\" content=\"MP Filtri\" \/>\n<meta property=\"article:publisher\" content=\"https:\/\/www.facebook.com\/MPFiltriITA\" \/>\n<meta property=\"article:modified_time\" content=\"2025-10-27T13:25:16+00:00\" \/>\n<meta property=\"og:image\" content=\"https:\/\/www.mpfiltri.com\/wp-content\/uploads\/2025\/01\/bg-who-we-are-scaled.jpg\" \/>\n\t<meta property=\"og:image:width\" content=\"2560\" \/>\n\t<meta property=\"og:image:height\" content=\"685\" \/>\n\t<meta property=\"og:image:type\" content=\"image\/jpeg\" \/>\n<meta name=\"twitter:card\" content=\"summary_large_image\" \/>\n<meta name=\"twitter:label1\" content=\"Dur\u00e9e de lecture estim\u00e9e\" \/>\n\t<meta name=\"twitter:data1\" content=\"2 minutes\" \/>\n<script type=\"application\/ld+json\" class=\"yoast-schema-graph\">{\"@context\":\"https:\/\/schema.org\",\"@graph\":[{\"@type\":\"WebPage\",\"@id\":\"https:\/\/www.mpfiltri.com\/fr\/societe\/responsabilites-sociales\/\",\"url\":\"https:\/\/www.mpfiltri.com\/fr\/societe\/responsabilites-sociales\/\",\"name\":\"Responsabilit\u00e9s sociales - MP Filtri\",\"isPartOf\":{\"@id\":\"https:\/\/www.mpfiltri.com\/fr\/#website\"},\"primaryImageOfPage\":{\"@id\":\"https:\/\/www.mpfiltri.com\/fr\/societe\/responsabilites-sociales\/#primaryimage\"},\"image\":{\"@id\":\"https:\/\/www.mpfiltri.com\/fr\/societe\/responsabilites-sociales\/#primaryimage\"},\"thumbnailUrl\":\"https:\/\/www.mpfiltri.com\/wp-content\/uploads\/2025\/01\/bg-who-we-are-scaled.jpg\",\"datePublished\":\"2024-12-11T09:44:38+00:00\",\"dateModified\":\"2025-10-27T13:25:16+00:00\",\"description\":\"Initiatives RSE avec filtres Atex, filtration hydraulique et indicateur de niveau d'huile pour un impact durable.\",\"breadcrumb\":{\"@id\":\"https:\/\/www.mpfiltri.com\/fr\/societe\/responsabilites-sociales\/#breadcrumb\"},\"inLanguage\":\"fr-FR\",\"potentialAction\":[{\"@type\":\"ReadAction\",\"target\":[\"https:\/\/www.mpfiltri.com\/fr\/societe\/responsabilites-sociales\/\"]}]},{\"@type\":\"ImageObject\",\"inLanguage\":\"fr-FR\",\"@id\":\"https:\/\/www.mpfiltri.com\/fr\/societe\/responsabilites-sociales\/#primaryimage\",\"url\":\"https:\/\/www.mpfiltri.com\/wp-content\/uploads\/2025\/01\/bg-who-we-are-scaled.jpg\",\"contentUrl\":\"https:\/\/www.mpfiltri.com\/wp-content\/uploads\/2025\/01\/bg-who-we-are-scaled.jpg\",\"width\":2560,\"height\":685},{\"@type\":\"BreadcrumbList\",\"@id\":\"https:\/\/www.mpfiltri.com\/fr\/societe\/responsabilites-sociales\/#breadcrumb\",\"itemListElement\":[{\"@type\":\"ListItem\",\"position\":1,\"name\":\"Home\",\"item\":\"https:\/\/www.mpfiltri.com\/fr\/\"},{\"@type\":\"ListItem\",\"position\":2,\"name\":\"Soci\u00e9t\u00e9\",\"item\":\"https:\/\/www.mpfiltri.com\/fr\/societe\/\"},{\"@type\":\"ListItem\",\"position\":3,\"name\":\"Responsabilit\u00e9s sociales\"}]},{\"@type\":\"WebSite\",\"@id\":\"https:\/\/www.mpfiltri.com\/fr\/#website\",\"url\":\"https:\/\/www.mpfiltri.com\/fr\/\",\"name\":\"MP Filtri\",\"description\":\"\",\"publisher\":{\"@id\":\"https:\/\/www.mpfiltri.com\/fr\/#organization\"},\"potentialAction\":[{\"@type\":\"SearchAction\",\"target\":{\"@type\":\"EntryPoint\",\"urlTemplate\":\"https:\/\/www.mpfiltri.com\/fr\/?s={search_term_string}\"},\"query-input\":{\"@type\":\"PropertyValueSpecification\",\"valueRequired\":true,\"valueName\":\"search_term_string\"}}],\"inLanguage\":\"fr-FR\"},{\"@type\":\"Organization\",\"@id\":\"https:\/\/www.mpfiltri.com\/fr\/#organization\",\"name\":\"MP Filtri\",\"url\":\"https:\/\/www.mpfiltri.com\/fr\/\",\"logo\":{\"@type\":\"ImageObject\",\"inLanguage\":\"fr-FR\",\"@id\":\"https:\/\/www.mpfiltri.com\/fr\/#\/schema\/logo\/image\/\",\"url\":\"\",\"contentUrl\":\"\",\"caption\":\"MP Filtri\"},\"image\":{\"@id\":\"https:\/\/www.mpfiltri.com\/fr\/#\/schema\/logo\/image\/\"},\"sameAs\":[\"https:\/\/www.facebook.com\/MPFiltriITA\",\"https:\/\/www.instagram.com\/mpfiltri\/\",\"https:\/\/www.youtube.com\/channel\/UCCzNMySYc1c4M-2B4v0K_QA?view_as=subscriber\",\"https:\/\/www.linkedin.com\/company\/mp-filtri-spa\/\"]}]}<\/script>\n<!-- \/ Yoast SEO plugin. -->","yoast_head_json":{"title":"Responsabilit\u00e9s sociales - MP Filtri","description":"Initiatives RSE avec filtres Atex, filtration hydraulique et indicateur de niveau d'huile pour un impact durable.","robots":{"index":"index","follow":"follow","max-snippet":"max-snippet:-1","max-image-preview":"max-image-preview:large","max-video-preview":"max-video-preview:-1"},"canonical":"https:\/\/www.mpfiltri.com\/fr\/societe\/responsabilites-sociales\/","og_locale":"fr_FR","og_type":"article","og_title":"Responsabilit\u00e9s sociales - MP Filtri","og_description":"Initiatives RSE avec filtres Atex, filtration hydraulique et indicateur de niveau d'huile pour un impact durable.","og_url":"https:\/\/www.mpfiltri.com\/fr\/societe\/responsabilites-sociales\/","og_site_name":"MP Filtri","article_publisher":"https:\/\/www.facebook.com\/MPFiltriITA","article_modified_time":"2025-10-27T13:25:16+00:00","og_image":[{"width":2560,"height":685,"url":"https:\/\/www.mpfiltri.com\/wp-content\/uploads\/2025\/01\/bg-who-we-are-scaled.jpg","type":"image\/jpeg"}],"twitter_card":"summary_large_image","twitter_misc":{"Dur\u00e9e de lecture estim\u00e9e":"2 minutes"},"schema":{"@context":"https:\/\/schema.org","@graph":[{"@type":"WebPage","@id":"https:\/\/www.mpfiltri.com\/fr\/societe\/responsabilites-sociales\/","url":"https:\/\/www.mpfiltri.com\/fr\/societe\/responsabilites-sociales\/","name":"Responsabilit\u00e9s sociales - MP Filtri","isPartOf":{"@id":"https:\/\/www.mpfiltri.com\/fr\/#website"},"primaryImageOfPage":{"@id":"https:\/\/www.mpfiltri.com\/fr\/societe\/responsabilites-sociales\/#primaryimage"},"image":{"@id":"https:\/\/www.mpfiltri.com\/fr\/societe\/responsabilites-sociales\/#primaryimage"},"thumbnailUrl":"https:\/\/www.mpfiltri.com\/wp-content\/uploads\/2025\/01\/bg-who-we-are-scaled.jpg","datePublished":"2024-12-11T09:44:38+00:00","dateModified":"2025-10-27T13:25:16+00:00","description":"Initiatives RSE avec filtres Atex, filtration hydraulique et indicateur de niveau d'huile pour un impact durable.","breadcrumb":{"@id":"https:\/\/www.mpfiltri.com\/fr\/societe\/responsabilites-sociales\/#breadcrumb"},"inLanguage":"fr-FR","potentialAction":[{"@type":"ReadAction","target":["https:\/\/www.mpfiltri.com\/fr\/societe\/responsabilites-sociales\/"]}]},{"@type":"ImageObject","inLanguage":"fr-FR","@id":"https:\/\/www.mpfiltri.com\/fr\/societe\/responsabilites-sociales\/#primaryimage","url":"https:\/\/www.mpfiltri.com\/wp-content\/uploads\/2025\/01\/bg-who-we-are-scaled.jpg","contentUrl":"https:\/\/www.mpfiltri.com\/wp-content\/uploads\/2025\/01\/bg-who-we-are-scaled.jpg","width":2560,"height":685},{"@type":"BreadcrumbList","@id":"https:\/\/www.mpfiltri.com\/fr\/societe\/responsabilites-sociales\/#breadcrumb","itemListElement":[{"@type":"ListItem","position":1,"name":"Home","item":"https:\/\/www.mpfiltri.com\/fr\/"},{"@type":"ListItem","position":2,"name":"Soci\u00e9t\u00e9","item":"https:\/\/www.mpfiltri.com\/fr\/societe\/"},{"@type":"ListItem","position":3,"name":"Responsabilit\u00e9s sociales"}]},{"@type":"WebSite","@id":"https:\/\/www.mpfiltri.com\/fr\/#website","url":"https:\/\/www.mpfiltri.com\/fr\/","name":"MP Filtri","description":"","publisher":{"@id":"https:\/\/www.mpfiltri.com\/fr\/#organization"},"potentialAction":[{"@type":"SearchAction","target":{"@type":"EntryPoint","urlTemplate":"https:\/\/www.mpfiltri.com\/fr\/?s={search_term_string}"},"query-input":{"@type":"PropertyValueSpecification","valueRequired":true,"valueName":"search_term_string"}}],"inLanguage":"fr-FR"},{"@type":"Organization","@id":"https:\/\/www.mpfiltri.com\/fr\/#organization","name":"MP Filtri","url":"https:\/\/www.mpfiltri.com\/fr\/","logo":{"@type":"ImageObject","inLanguage":"fr-FR","@id":"https:\/\/www.mpfiltri.com\/fr\/#\/schema\/logo\/image\/","url":"","contentUrl":"","caption":"MP Filtri"},"image":{"@id":"https:\/\/www.mpfiltri.com\/fr\/#\/schema\/logo\/image\/"},"sameAs":["https:\/\/www.facebook.com\/MPFiltriITA","https:\/\/www.instagram.com\/mpfiltri\/","https:\/\/www.youtube.com\/channel\/UCCzNMySYc1c4M-2B4v0K_QA?view_as=subscriber","https:\/\/www.linkedin.com\/company\/mp-filtri-spa\/"]}]}},"featured_image_src":"https:\/\/www.mpfiltri.com\/wp-content\/uploads\/2025\/01\/bg-who-we-are-600x400.jpg","featured_image_src_square":"https:\/\/www.mpfiltri.com\/wp-content\/uploads\/2025\/01\/bg-who-we-are-600x600.jpg","_links":{"self":[{"href":"https:\/\/www.mpfiltri.com\/fr\/wp-json\/wp\/v2\/pages\/13979","targetHints":{"allow":["GET"]}}],"collection":[{"href":"https:\/\/www.mpfiltri.com\/fr\/wp-json\/wp\/v2\/pages"}],"about":[{"href":"https:\/\/www.mpfiltri.com\/fr\/wp-json\/wp\/v2\/types\/page"}],"author":[{"embeddable":true,"href":"https:\/\/www.mpfiltri.com\/fr\/wp-json\/wp\/v2\/users\/2"}],"replies":[{"embeddable":true,"href":"https:\/\/www.mpfiltri.com\/fr\/wp-json\/wp\/v2\/comments?post=13979"}],"version-history":[{"count":8,"href":"https:\/\/www.mpfiltri.com\/fr\/wp-json\/wp\/v2\/pages\/13979\/revisions"}],"predecessor-version":[{"id":57026,"href":"https:\/\/www.mpfiltri.com\/fr\/wp-json\/wp\/v2\/pages\/13979\/revisions\/57026"}],"up":[{"embeddable":true,"href":"https:\/\/www.mpfiltri.com\/fr\/wp-json\/wp\/v2\/pages\/13380"}],"wp:featuredmedia":[{"embeddable":true,"href":"https:\/\/www.mpfiltri.com\/fr\/wp-json\/wp\/v2\/media\/13411"}],"wp:attachment":[{"href":"https:\/\/www.mpfiltri.com\/fr\/wp-json\/wp\/v2\/media?parent=13979"}],"curies":[{"name":"wp","href":"https:\/\/api.w.org\/{rel}","templated":true}]}}