

{"id":13398,"date":"2024-12-11T10:43:25","date_gmt":"2024-12-11T09:43:25","guid":{"rendered":"https:\/\/www.mpfiltri.com\/societe\/mission-vision\/"},"modified":"2025-12-16T11:41:06","modified_gmt":"2025-12-16T10:41:06","slug":"mission-vision","status":"publish","type":"page","link":"https:\/\/www.mpfiltri.com\/fr\/societe\/mission-vision\/","title":{"rendered":"Mission et vision"},"content":{"rendered":"\n<div class=\"wp-block-stackable-columns stk-block-columns stk-block stk-7104bff\" data-block-id=\"7104bff\"><style>.stk-7104bff {margin-top:0px !important;margin-right:0px !important;margin-bottom:0px !important;margin-left:0px !important;}.stk-7104bff-column{--stk-columns-spacing:0px !important;flex-wrap:wrap !important;--stk-flex-grow:0 !important;}<\/style><div class=\"stk-row stk-inner-blocks stk-block-content stk-content-align stk-7104bff-column\">\n<div class=\"wp-block-stackable-column stk-block-column stk-column stk-block stk-d637e12\" data-v=\"4\" data-block-id=\"d637e12\"><style>.stk-d637e12 {border-style:solid !important;border-color:#E6E6E6 !important;border-top-width:1px !important;border-right-width:1px !important;border-bottom-width:1px !important;border-left-width:1px !important;padding-top:60px !important;padding-right:30px !important;padding-bottom:60px !important;padding-left:30px !important;margin-top:0px !important;margin-right:0px !important;margin-bottom:0px !important;margin-left:0px !important;}@media screen and (min-width: 768px) and (max-width: 1023px){.stk-d637e12 {flex:var(--stk-flex-grow, 1) 1 calc(100% - var(--stk-column-gap, 0px) * 0 \/ 1 ) !important;}}<\/style><div class=\"stk-column-wrapper stk-block-column__content stk-container stk-d637e12-container stk--no-background stk--no-padding\"><div class=\"stk-block-content stk-inner-blocks stk-d637e12-inner-blocks\">\n<h2 class=\"wp-block-heading\" id=\"vision\">Vision<\/h2>\n\n\n\n<h3 class=\"wp-block-heading\" id=\"representer-l-excellence-dans-le-secteur-hydraulique\">REPR\u00c9SENTER L\u2019EXCELLENCE DANS LE SECTEUR HYDRAULIQUE<\/h3>\n\n\n\n<p>En tant qu\u2019entreprise, nous nous engageons pleinement \u00e0 r\u00e9pondre aux besoins de nos clients et partenaires commerciaux.<br>Nous sommes guid\u00e9s par un esprit entrepreneurial qui oriente \u00e0 la fois notre r\u00e9flexion et nos actions, et qui nous permet d\u2019atteindre notre objectif : fournir des solutions innovantes qui am\u00e9liorent la productivit\u00e9 et les performances.<\/p>\n<\/div><\/div><\/div>\n\n\n\n<div class=\"wp-block-stackable-column stk-block-column stk-column stk-block stk-550ac66\" data-v=\"4\" data-block-id=\"550ac66\"><style>.stk-550ac66 {border-style:solid !important;border-color:#E6E6E6 !important;border-top-width:0px !important;border-right-width:1px !important;border-bottom-width:1px !important;border-left-width:0px !important;margin-top:0px !important;margin-right:0px !important;margin-bottom:0px !important;margin-left:0px !important;}@media screen and (min-width: 768px) and (max-width: 1023px){.stk-550ac66 {flex:var(--stk-flex-grow, 1) 1 calc(100% - var(--stk-column-gap, 0px) * 0 \/ 1 ) !important;}}<\/style><div class=\"stk-column-wrapper stk-block-column__content stk-container stk-550ac66-container stk--no-background stk--no-padding\"><div class=\"stk-block-content stk-inner-blocks stk-550ac66-inner-blocks\">\n<div class=\"wp-block-stackable-image stk-block-image stk-block stk-3549b6c\" data-block-id=\"3549b6c\"><figure><span class=\"stk-img-wrapper stk-image--shape-stretch\"><img loading=\"lazy\" decoding=\"async\" class=\"stk-img wp-image-35427\" src=\"https:\/\/www.mpfiltri.com\/wp-content\/uploads\/2025\/09\/mission-vision.jpg\" width=\"630\" height=\"459\" alt=\"Mission and vision's media\" srcset=\"https:\/\/www.mpfiltri.com\/wp-content\/uploads\/2025\/09\/mission-vision.jpg 630w, https:\/\/www.mpfiltri.com\/wp-content\/uploads\/2025\/09\/mission-vision-300x219.jpg 300w\" sizes=\"auto, (max-width: 630px) 100vw, 630px\" \/><\/span><\/figure><\/div>\n<\/div><\/div><\/div>\n<\/div><\/div>\n\n\n\n<div class=\"wp-block-stackable-columns stk-block-columns stk-block stk-83a6786\" data-block-id=\"83a6786\"><style>.stk-83a6786 {margin-top:0px !important;margin-right:0px !important;margin-bottom:0px !important;margin-left:0px !important;}.stk-83a6786-column{--stk-columns-spacing:0px !important;flex-wrap:wrap !important;--stk-flex-grow:0 !important;}<\/style><div class=\"stk-row stk-inner-blocks stk-block-content stk-content-align stk-83a6786-column\">\n<div class=\"wp-block-stackable-column stk-block-column stk-column stk-block stk-a8a32da\" data-v=\"4\" data-block-id=\"a8a32da\"><style>.stk-a8a32da {border-style:solid !important;border-color:#E6E6E6 !important;border-top-width:1px !important;border-right-width:1px !important;border-bottom-width:1px !important;border-left-width:1px !important;margin-top:0px !important;margin-right:0px !important;margin-bottom:0px !important;margin-left:0px !important;}@media screen and (min-width: 768px) and (max-width: 1023px){.stk-a8a32da {flex:var(--stk-flex-grow, 1) 1 calc(100% - var(--stk-column-gap, 0px) * 0 \/ 1 ) !important;}}<\/style><div class=\"stk-column-wrapper stk-block-column__content stk-container stk-a8a32da-container stk--no-background stk--no-padding\"><div class=\"stk-block-content stk-inner-blocks stk-a8a32da-inner-blocks\">\n<div class=\"wp-block-stackable-image stk-block-image stk-block stk-c92d02a\" data-block-id=\"c92d02a\"><figure><span class=\"stk-img-wrapper stk-image--shape-stretch\"><img loading=\"lazy\" decoding=\"async\" class=\"stk-img wp-image-2177\" src=\"https:\/\/www.mpfiltri.com\/wp-content\/uploads\/2025\/01\/mission-vision-media-text.jpg\" width=\"1440\" height=\"922\" alt=\"Mission and vision's media\" srcset=\"https:\/\/www.mpfiltri.com\/wp-content\/uploads\/2025\/01\/mission-vision-media-text.jpg 1440w, https:\/\/www.mpfiltri.com\/wp-content\/uploads\/2025\/01\/mission-vision-media-text-300x192.jpg 300w, https:\/\/www.mpfiltri.com\/wp-content\/uploads\/2025\/01\/mission-vision-media-text-1024x656.jpg 1024w, https:\/\/www.mpfiltri.com\/wp-content\/uploads\/2025\/01\/mission-vision-media-text-768x492.jpg 768w, https:\/\/www.mpfiltri.com\/wp-content\/uploads\/2025\/01\/mission-vision-media-text-655x419.jpg 655w\" sizes=\"auto, (max-width: 1440px) 100vw, 1440px\" \/><\/span><\/figure><\/div>\n<\/div><\/div><\/div>\n\n\n\n<div class=\"wp-block-stackable-column stk-block-column stk-column stk-block stk-a87dee2\" data-v=\"4\" data-block-id=\"a87dee2\"><style>.stk-a87dee2 {border-style:solid !important;border-color:#E6E6E6 !important;border-top-width:0px !important;border-right-width:1px !important;border-bottom-width:1px !important;border-left-width:0px !important;padding-top:60px !important;padding-right:30px !important;padding-bottom:60px !important;padding-left:30px !important;margin-top:0px !important;margin-right:0px !important;margin-bottom:0px !important;margin-left:0px !important;}@media screen and (min-width: 768px) and (max-width: 1023px){.stk-a87dee2 {flex:var(--stk-flex-grow, 1) 1 calc(100% - var(--stk-column-gap, 0px) * 0 \/ 1 ) !important;}}<\/style><div class=\"stk-column-wrapper stk-block-column__content stk-container stk-a87dee2-container stk--no-background stk--no-padding\"><div class=\"stk-block-content stk-inner-blocks stk-a87dee2-inner-blocks\">\n<h2 class=\"wp-block-heading\" id=\"mission\">Mission<\/h2>\n\n\n\n<h3 class=\"wp-block-heading\" id=\"nous-sommes-un-partenaire-mondial-a-presence-locale\">NOUS SOMMES UN PARTENAIRE MONDIAL \u00c0 PR\u00c9SENCE LOCALE<\/h3>\n\n\n\n<p>Nous poursuivons constamment l\u2019excellence technologique et d\u00e9veloppons des solutions ax\u00e9es sur l\u2019innovation et l\u2019am\u00e9lioration continue.<\/p>\n\n\n\n<p>Les besoins de nos clients et partenaires commerciaux sont toujours satisfaits, gr\u00e2ce \u00e0 la comp\u00e9tence et \u00e0 la disponibilit\u00e9 qui caract\u00e9risent notre personnel dans toutes nos implantations \u00e0 travers le monde, faisant de MP Filtri un partenaire mondial \u00e0 ancrage local.<\/p>\n\n\n\n<h3 class=\"wp-block-heading\" id=\"exploration\">EXPLORATION<\/h3>\n\n\n\n<p>En analysant l\u2019industrie, nous pouvons anticiper les tendances du march\u00e9 et saisir chaque nouvelle opportunit\u00e9.<\/p>\n\n\n\n<h3 class=\"wp-block-heading\" id=\"formation\">FORMATION<\/h3>\n\n\n\n<p>Nous transformons l\u2019exp\u00e9rience acquise en expertise pr\u00e9cieuse, nous permettant de relever tous les d\u00e9fis.<\/p>\n\n\n\n<h3 class=\"wp-block-heading\" id=\"determination\">D\u00c9TERMINATION<\/h3>\n\n\n\n<p>Nous continuons d\u2019innover, alliant haute performance en termes de r\u00e9activit\u00e9 \u00e0 une capacit\u00e9 unique de d\u00e9velopper et lancer de nouvelles gammes de produits.<\/p>\n<\/div><\/div><\/div>\n<\/div><\/div>\n\n\n\n<div class=\"wp-block-stackable-columns stk-block-columns stk-block stk-820bb05 body-lines height-100\" data-block-id=\"820bb05\"><style>.stk-820bb05 {margin-top:0px !important;margin-right:0px !important;margin-bottom:0px !important;margin-left:0px !important;}.stk-820bb05-column{--stk-columns-spacing:0px !important;}<\/style><div class=\"stk-row stk-inner-blocks stk-block-content stk-content-align stk-820bb05-column\">\n<div class=\"wp-block-stackable-column stk-block-column stk-column stk-block stk-745f29b\" data-v=\"4\" data-block-id=\"745f29b\"><div class=\"stk-column-wrapper stk-block-column__content stk-container stk-745f29b-container stk--no-background stk--no-padding\"><div class=\"stk-block-content stk-inner-blocks stk-745f29b-inner-blocks\"><\/div><\/div><\/div>\n\n\n\n<div class=\"wp-block-stackable-column stk-block-column stk-column stk-block stk-0576f85\" data-v=\"4\" data-block-id=\"0576f85\"><div class=\"stk-column-wrapper stk-block-column__content stk-container stk-0576f85-container stk--no-background stk--no-padding\"><div class=\"stk-block-content stk-inner-blocks stk-0576f85-inner-blocks\"><\/div><\/div><\/div>\n<\/div><\/div>\n","protected":false},"excerpt":{"rendered":"<p>Vision REPR\u00c9SENTER L\u2019EXCELLENCE DANS LE SECTEUR HYDRAULIQUE En tant qu\u2019entreprise, nous nous engageons pleinement \u00e0 r\u00e9pondre aux besoins de nos clients et partenaires commerciaux.Nous sommes guid\u00e9s par un esprit entrepreneurial qui oriente \u00e0 la fois notre r\u00e9flexion et nos actions, et qui nous permet d\u2019atteindre notre objectif : fournir des solutions innovantes qui am\u00e9liorent la [&hellip;]<\/p>\n","protected":false},"author":2,"featured_media":0,"parent":13380,"menu_order":34,"comment_status":"closed","ping_status":"closed","template":"","meta":{"_acf_changed":false,"_gspb_post_css":"","inline_featured_image":false,"_genesis_hide_title":false,"_genesis_hide_breadcrumbs":false,"_genesis_hide_singular_image":false,"_genesis_hide_footer_widgets":false,"_genesis_custom_body_class":"","_genesis_custom_post_class":"","_genesis_layout":"","footnotes":"","_links_to":"","_links_to_target":""},"class_list":{"0":"post-13398","1":"page","2":"type-page","3":"status-publish","5":"entry"},"acf":[],"yoast_head":"<!-- This site is optimized with the Yoast SEO plugin v27.2 - https:\/\/yoast.com\/product\/yoast-seo-wordpress\/ -->\n<title>Mission, Vision et Valeurs - MP Filtri<\/title>\n<meta name=\"description\" content=\"MP Filtri pr\u00e9sente sa mission et sa vision : d\u00e9velopper des solutions de filtration performantes, durables et orient\u00e9es client pour les syst\u00e8mes hydrauliques.\" \/>\n<meta name=\"robots\" content=\"index, follow, max-snippet:-1, max-image-preview:large, max-video-preview:-1\" \/>\n<link rel=\"canonical\" href=\"https:\/\/www.mpfiltri.com\/fr\/societe\/mission-vision\/\" \/>\n<meta property=\"og:locale\" content=\"fr_FR\" \/>\n<meta property=\"og:type\" content=\"article\" \/>\n<meta property=\"og:title\" content=\"Mission, Vision et Valeurs - MP Filtri\" \/>\n<meta property=\"og:description\" content=\"MP Filtri pr\u00e9sente sa mission et sa vision : d\u00e9velopper des solutions de filtration performantes, durables et orient\u00e9es client pour les syst\u00e8mes hydrauliques.\" \/>\n<meta property=\"og:url\" content=\"https:\/\/www.mpfiltri.com\/fr\/societe\/mission-vision\/\" \/>\n<meta property=\"og:site_name\" content=\"MP Filtri\" \/>\n<meta property=\"article:publisher\" content=\"https:\/\/www.facebook.com\/MPFiltriITA\" \/>\n<meta property=\"article:modified_time\" content=\"2025-12-16T10:41:06+00:00\" \/>\n<meta property=\"og:image\" content=\"https:\/\/www.mpfiltri.com\/wp-content\/uploads\/2025\/09\/mission-vision.jpg\" \/>\n\t<meta property=\"og:image:width\" content=\"630\" \/>\n\t<meta property=\"og:image:height\" content=\"459\" \/>\n\t<meta property=\"og:image:type\" content=\"image\/jpeg\" \/>\n<meta name=\"twitter:card\" content=\"summary_large_image\" \/>\n<meta name=\"twitter:label1\" content=\"Dur\u00e9e de lecture estim\u00e9e\" \/>\n\t<meta name=\"twitter:data1\" content=\"2 minutes\" \/>\n<script type=\"application\/ld+json\" class=\"yoast-schema-graph\">{\"@context\":\"https:\/\/schema.org\",\"@graph\":[{\"@type\":\"WebPage\",\"@id\":\"https:\/\/www.mpfiltri.com\/fr\/societe\/mission-vision\/\",\"url\":\"https:\/\/www.mpfiltri.com\/fr\/societe\/mission-vision\/\",\"name\":\"Mission, Vision et Valeurs - MP Filtri\",\"isPartOf\":{\"@id\":\"https:\/\/www.mpfiltri.com\/fr\/#website\"},\"primaryImageOfPage\":{\"@id\":\"https:\/\/www.mpfiltri.com\/fr\/societe\/mission-vision\/#primaryimage\"},\"image\":{\"@id\":\"https:\/\/www.mpfiltri.com\/fr\/societe\/mission-vision\/#primaryimage\"},\"thumbnailUrl\":\"https:\/\/www.mpfiltri.com\/wp-content\/uploads\/2025\/09\/mission-vision.jpg\",\"datePublished\":\"2024-12-11T09:43:25+00:00\",\"dateModified\":\"2025-12-16T10:41:06+00:00\",\"description\":\"MP Filtri pr\u00e9sente sa mission et sa vision : d\u00e9velopper des solutions de filtration performantes, durables et orient\u00e9es client pour les syst\u00e8mes hydrauliques.\",\"breadcrumb\":{\"@id\":\"https:\/\/www.mpfiltri.com\/fr\/societe\/mission-vision\/#breadcrumb\"},\"inLanguage\":\"fr-FR\",\"potentialAction\":[{\"@type\":\"ReadAction\",\"target\":[\"https:\/\/www.mpfiltri.com\/fr\/societe\/mission-vision\/\"]}]},{\"@type\":\"ImageObject\",\"inLanguage\":\"fr-FR\",\"@id\":\"https:\/\/www.mpfiltri.com\/fr\/societe\/mission-vision\/#primaryimage\",\"url\":\"https:\/\/www.mpfiltri.com\/wp-content\/uploads\/2025\/09\/mission-vision.jpg\",\"contentUrl\":\"https:\/\/www.mpfiltri.com\/wp-content\/uploads\/2025\/09\/mission-vision.jpg\"},{\"@type\":\"BreadcrumbList\",\"@id\":\"https:\/\/www.mpfiltri.com\/fr\/societe\/mission-vision\/#breadcrumb\",\"itemListElement\":[{\"@type\":\"ListItem\",\"position\":1,\"name\":\"Home\",\"item\":\"https:\/\/www.mpfiltri.com\/fr\/\"},{\"@type\":\"ListItem\",\"position\":2,\"name\":\"Soci\u00e9t\u00e9\",\"item\":\"https:\/\/www.mpfiltri.com\/fr\/societe\/\"},{\"@type\":\"ListItem\",\"position\":3,\"name\":\"Mission et vision\"}]},{\"@type\":\"WebSite\",\"@id\":\"https:\/\/www.mpfiltri.com\/fr\/#website\",\"url\":\"https:\/\/www.mpfiltri.com\/fr\/\",\"name\":\"MP Filtri\",\"description\":\"\",\"publisher\":{\"@id\":\"https:\/\/www.mpfiltri.com\/fr\/#organization\"},\"potentialAction\":[{\"@type\":\"SearchAction\",\"target\":{\"@type\":\"EntryPoint\",\"urlTemplate\":\"https:\/\/www.mpfiltri.com\/fr\/?s={search_term_string}\"},\"query-input\":{\"@type\":\"PropertyValueSpecification\",\"valueRequired\":true,\"valueName\":\"search_term_string\"}}],\"inLanguage\":\"fr-FR\"},{\"@type\":\"Organization\",\"@id\":\"https:\/\/www.mpfiltri.com\/fr\/#organization\",\"name\":\"MP Filtri\",\"url\":\"https:\/\/www.mpfiltri.com\/fr\/\",\"logo\":{\"@type\":\"ImageObject\",\"inLanguage\":\"fr-FR\",\"@id\":\"https:\/\/www.mpfiltri.com\/fr\/#\/schema\/logo\/image\/\",\"url\":\"\",\"contentUrl\":\"\",\"caption\":\"MP Filtri\"},\"image\":{\"@id\":\"https:\/\/www.mpfiltri.com\/fr\/#\/schema\/logo\/image\/\"},\"sameAs\":[\"https:\/\/www.facebook.com\/MPFiltriITA\",\"https:\/\/www.instagram.com\/mpfiltri\/\",\"https:\/\/www.youtube.com\/channel\/UCCzNMySYc1c4M-2B4v0K_QA?view_as=subscriber\",\"https:\/\/www.linkedin.com\/company\/mp-filtri-spa\/\"]}]}<\/script>\n<!-- \/ Yoast SEO plugin. -->","yoast_head_json":{"title":"Mission, Vision et Valeurs - MP Filtri","description":"MP Filtri pr\u00e9sente sa mission et sa vision : d\u00e9velopper des solutions de filtration performantes, durables et orient\u00e9es client pour les syst\u00e8mes hydrauliques.","robots":{"index":"index","follow":"follow","max-snippet":"max-snippet:-1","max-image-preview":"max-image-preview:large","max-video-preview":"max-video-preview:-1"},"canonical":"https:\/\/www.mpfiltri.com\/fr\/societe\/mission-vision\/","og_locale":"fr_FR","og_type":"article","og_title":"Mission, Vision et Valeurs - MP Filtri","og_description":"MP Filtri pr\u00e9sente sa mission et sa vision : d\u00e9velopper des solutions de filtration performantes, durables et orient\u00e9es client pour les syst\u00e8mes hydrauliques.","og_url":"https:\/\/www.mpfiltri.com\/fr\/societe\/mission-vision\/","og_site_name":"MP Filtri","article_publisher":"https:\/\/www.facebook.com\/MPFiltriITA","article_modified_time":"2025-12-16T10:41:06+00:00","og_image":[{"width":630,"height":459,"url":"https:\/\/www.mpfiltri.com\/wp-content\/uploads\/2025\/09\/mission-vision.jpg","type":"image\/jpeg"}],"twitter_card":"summary_large_image","twitter_misc":{"Dur\u00e9e de lecture estim\u00e9e":"2 minutes"},"schema":{"@context":"https:\/\/schema.org","@graph":[{"@type":"WebPage","@id":"https:\/\/www.mpfiltri.com\/fr\/societe\/mission-vision\/","url":"https:\/\/www.mpfiltri.com\/fr\/societe\/mission-vision\/","name":"Mission, Vision et Valeurs - MP Filtri","isPartOf":{"@id":"https:\/\/www.mpfiltri.com\/fr\/#website"},"primaryImageOfPage":{"@id":"https:\/\/www.mpfiltri.com\/fr\/societe\/mission-vision\/#primaryimage"},"image":{"@id":"https:\/\/www.mpfiltri.com\/fr\/societe\/mission-vision\/#primaryimage"},"thumbnailUrl":"https:\/\/www.mpfiltri.com\/wp-content\/uploads\/2025\/09\/mission-vision.jpg","datePublished":"2024-12-11T09:43:25+00:00","dateModified":"2025-12-16T10:41:06+00:00","description":"MP Filtri pr\u00e9sente sa mission et sa vision : d\u00e9velopper des solutions de filtration performantes, durables et orient\u00e9es client pour les syst\u00e8mes hydrauliques.","breadcrumb":{"@id":"https:\/\/www.mpfiltri.com\/fr\/societe\/mission-vision\/#breadcrumb"},"inLanguage":"fr-FR","potentialAction":[{"@type":"ReadAction","target":["https:\/\/www.mpfiltri.com\/fr\/societe\/mission-vision\/"]}]},{"@type":"ImageObject","inLanguage":"fr-FR","@id":"https:\/\/www.mpfiltri.com\/fr\/societe\/mission-vision\/#primaryimage","url":"https:\/\/www.mpfiltri.com\/wp-content\/uploads\/2025\/09\/mission-vision.jpg","contentUrl":"https:\/\/www.mpfiltri.com\/wp-content\/uploads\/2025\/09\/mission-vision.jpg"},{"@type":"BreadcrumbList","@id":"https:\/\/www.mpfiltri.com\/fr\/societe\/mission-vision\/#breadcrumb","itemListElement":[{"@type":"ListItem","position":1,"name":"Home","item":"https:\/\/www.mpfiltri.com\/fr\/"},{"@type":"ListItem","position":2,"name":"Soci\u00e9t\u00e9","item":"https:\/\/www.mpfiltri.com\/fr\/societe\/"},{"@type":"ListItem","position":3,"name":"Mission et vision"}]},{"@type":"WebSite","@id":"https:\/\/www.mpfiltri.com\/fr\/#website","url":"https:\/\/www.mpfiltri.com\/fr\/","name":"MP Filtri","description":"","publisher":{"@id":"https:\/\/www.mpfiltri.com\/fr\/#organization"},"potentialAction":[{"@type":"SearchAction","target":{"@type":"EntryPoint","urlTemplate":"https:\/\/www.mpfiltri.com\/fr\/?s={search_term_string}"},"query-input":{"@type":"PropertyValueSpecification","valueRequired":true,"valueName":"search_term_string"}}],"inLanguage":"fr-FR"},{"@type":"Organization","@id":"https:\/\/www.mpfiltri.com\/fr\/#organization","name":"MP Filtri","url":"https:\/\/www.mpfiltri.com\/fr\/","logo":{"@type":"ImageObject","inLanguage":"fr-FR","@id":"https:\/\/www.mpfiltri.com\/fr\/#\/schema\/logo\/image\/","url":"","contentUrl":"","caption":"MP Filtri"},"image":{"@id":"https:\/\/www.mpfiltri.com\/fr\/#\/schema\/logo\/image\/"},"sameAs":["https:\/\/www.facebook.com\/MPFiltriITA","https:\/\/www.instagram.com\/mpfiltri\/","https:\/\/www.youtube.com\/channel\/UCCzNMySYc1c4M-2B4v0K_QA?view_as=subscriber","https:\/\/www.linkedin.com\/company\/mp-filtri-spa\/"]}]}},"featured_image_src":null,"featured_image_src_square":null,"_links":{"self":[{"href":"https:\/\/www.mpfiltri.com\/fr\/wp-json\/wp\/v2\/pages\/13398","targetHints":{"allow":["GET"]}}],"collection":[{"href":"https:\/\/www.mpfiltri.com\/fr\/wp-json\/wp\/v2\/pages"}],"about":[{"href":"https:\/\/www.mpfiltri.com\/fr\/wp-json\/wp\/v2\/types\/page"}],"author":[{"embeddable":true,"href":"https:\/\/www.mpfiltri.com\/fr\/wp-json\/wp\/v2\/users\/2"}],"replies":[{"embeddable":true,"href":"https:\/\/www.mpfiltri.com\/fr\/wp-json\/wp\/v2\/comments?post=13398"}],"version-history":[{"count":7,"href":"https:\/\/www.mpfiltri.com\/fr\/wp-json\/wp\/v2\/pages\/13398\/revisions"}],"predecessor-version":[{"id":35434,"href":"https:\/\/www.mpfiltri.com\/fr\/wp-json\/wp\/v2\/pages\/13398\/revisions\/35434"}],"up":[{"embeddable":true,"href":"https:\/\/www.mpfiltri.com\/fr\/wp-json\/wp\/v2\/pages\/13380"}],"wp:attachment":[{"href":"https:\/\/www.mpfiltri.com\/fr\/wp-json\/wp\/v2\/media?parent=13398"}],"curies":[{"name":"wp","href":"https:\/\/api.w.org\/{rel}","templated":true}]}}