

{"id":77349,"date":"2025-06-16T16:43:43","date_gmt":"2025-06-16T14:43:43","guid":{"rendered":"https:\/\/www.mpfiltri.com\/product\/produkt-3\/"},"modified":"2026-04-01T16:23:39","modified_gmt":"2026-04-01T14:23:39","slug":"sgek","status":"publish","type":"product","link":"https:\/\/www.mpfiltri.com\/de\/produkt\/sgek\/","title":{"rendered":"SGEK"},"content":{"rendered":"<p>Die <strong>flexiblen Halbkupplungen der Baureihe SGEK<\/strong> sind erh\u00e4ltlich f\u00fcr Anwendungen mit IEC-Elektromotoren von Gr\u00f6\u00dfe 63 bis Gr\u00f6\u00dfe 315 und Verbrennungsmotoren bis 7,5 Kw (10 PS).<\/p>\n<p>Sie wurden speziell entwickelt, um mit den wichtigsten Herstellern austauschbar zu sein.<\/p>\n<p>\u2022 Halbkupplung auf der Motorseite mit vollst\u00e4ndiger Abdeckung der Welle<\/p>\n<p>\u2022 Halbkupplung in Standardl\u00e4nge auf der Pumpenseite, um eine gr\u00f6\u00dfere Anzahl von Anwendungen abzudecken<\/p>\n<p>\u2022 Gewindestift zur Befestigung an den Wellen bei Standardanwendungen<\/p>\n<p>\u2022 Ausgleich von radialem, winkeligem und axialem Versatz<\/p>\n<p>\u2022 Entspricht der Norm DIN740\/2<\/p>\n<p>\u2022 Der Zahnkranz garantiert eine deutliche Ger\u00e4uschreduzierung<\/p>\n<p>\u2022 Austauschbar mit KTR-RL Hydraulik<\/p>\n","protected":false},"excerpt":{"rendered":"<p>Die flexiblen Halbkupplungen der Baureihe SGEK sind erh\u00e4ltlich f\u00fcr Anwendungen mit IEC-Elektromotoren von Gr\u00f6\u00dfe 63 bis Gr\u00f6\u00dfe 315 und Verbrennungsmotoren bis 7,5 Kw (10 PS). Sie wurden speziell entwickelt, um mit den wichtigsten Herstellern austauschbar zu sein. \u2022 Halbkupplung auf der Motorseite mit vollst\u00e4ndiger Abdeckung der Welle \u2022 Halbkupplung in Standardl\u00e4nge auf der Pumpenseite, um [&hellip;]<\/p>\n","protected":false},"featured_media":0,"comment_status":"open","ping_status":"closed","template":"","meta":{"_acf_changed":false,"_gspb_post_css":"","inline_featured_image":false,"_genesis_hide_title":false,"_genesis_hide_breadcrumbs":false,"_genesis_hide_singular_image":false,"_genesis_hide_footer_widgets":false,"_genesis_custom_body_class":"","_genesis_custom_post_class":"","_genesis_layout":"","_links_to":"","_links_to_target":""},"product-structure":[62],"product_brand":[],"product_cat":[13189,13126,13210,13271,13203,13290,13161,13217,13196,13278,13230,13264],"product_tag":[],"class_list":{"0":"post-77349","1":"product","2":"type-product","3":"status-publish","5":"product-structure-series","6":"product_cat-anwendungen","7":"product_cat-baumaschinen","8":"product_cat-bergbau","9":"product_cat-entsorgung-und-recycling","10":"product_cat-foerdertechnik","11":"product_cat-hydraulikanlagen","12":"product_cat-land-und-forstmaschinen","13":"product_cat-luftfahrt-und-marine","14":"product_cat-mobile-anwendungen","15":"product_cat-pressen-und-umformmaschinen","16":"product_cat-stationaere-anwendungen","17":"product_cat-textil-holz-und-papier","18":"entry","20":"first","21":"instock","22":"shipping-taxable","23":"product-type-simple"},"acf":[],"yoast_head":"<!-- This site is optimized with the Yoast SEO plugin v27.2 - https:\/\/yoast.com\/product\/yoast-seo-wordpress\/ -->\n<title>SGEK - MP Filtri<\/title>\n<meta name=\"robots\" content=\"index, follow, max-snippet:-1, max-image-preview:large, max-video-preview:-1\" \/>\n<link rel=\"canonical\" href=\"https:\/\/www.mpfiltri.com\/de\/produkt\/sgek\/\" \/>\n<meta property=\"og:locale\" content=\"de_DE\" \/>\n<meta property=\"og:type\" content=\"article\" \/>\n<meta property=\"og:title\" content=\"SGEK - MP Filtri\" \/>\n<meta property=\"og:description\" content=\"Die flexiblen Halbkupplungen der Baureihe SGEK sind erh\u00e4ltlich f\u00fcr Anwendungen mit IEC-Elektromotoren von Gr\u00f6\u00dfe 63 bis Gr\u00f6\u00dfe 315 und Verbrennungsmotoren bis 7,5 Kw (10 PS). Sie wurden speziell entwickelt, um mit den wichtigsten Herstellern austauschbar zu sein. \u2022 Halbkupplung auf der Motorseite mit vollst\u00e4ndiger Abdeckung der Welle \u2022 Halbkupplung in Standardl\u00e4nge auf der Pumpenseite, um [&hellip;]\" \/>\n<meta property=\"og:url\" content=\"https:\/\/www.mpfiltri.com\/de\/produkt\/sgek\/\" \/>\n<meta property=\"og:site_name\" content=\"MP Filtri\" \/>\n<meta property=\"article:publisher\" content=\"https:\/\/www.facebook.com\/MPFiltriITA\" \/>\n<meta property=\"article:modified_time\" content=\"2026-04-01T14:23:39+00:00\" \/>\n<meta name=\"twitter:card\" content=\"summary_large_image\" \/>\n<script type=\"application\/ld+json\" class=\"yoast-schema-graph\">{\"@context\":\"https:\/\/schema.org\",\"@graph\":[{\"@type\":\"WebPage\",\"@id\":\"https:\/\/www.mpfiltri.com\/de\/produkt\/sgek\/\",\"url\":\"https:\/\/www.mpfiltri.com\/de\/produkt\/sgek\/\",\"name\":\"SGEK - MP Filtri\",\"isPartOf\":{\"@id\":\"https:\/\/www.mpfiltri.com\/de\/#website\"},\"datePublished\":\"2025-06-16T14:43:43+00:00\",\"dateModified\":\"2026-04-01T14:23:39+00:00\",\"breadcrumb\":{\"@id\":\"https:\/\/www.mpfiltri.com\/de\/produkt\/sgek\/#breadcrumb\"},\"inLanguage\":\"de\",\"potentialAction\":[{\"@type\":\"ReadAction\",\"target\":[\"https:\/\/www.mpfiltri.com\/de\/produkt\/sgek\/\"]}]},{\"@type\":\"BreadcrumbList\",\"@id\":\"https:\/\/www.mpfiltri.com\/de\/produkt\/sgek\/#breadcrumb\",\"itemListElement\":[{\"@type\":\"ListItem\",\"position\":1,\"name\":\"Home\",\"item\":\"https:\/\/www.mpfiltri.com\/de\/\"},{\"@type\":\"ListItem\",\"position\":2,\"name\":\"Produkte\",\"item\":\"https:\/\/www.mpfiltri.com\/de\/shop\/\"},{\"@type\":\"ListItem\",\"position\":3,\"name\":\"SGEK\"}]},{\"@type\":\"WebSite\",\"@id\":\"https:\/\/www.mpfiltri.com\/de\/#website\",\"url\":\"https:\/\/www.mpfiltri.com\/de\/\",\"name\":\"MP Filtri\",\"description\":\"\",\"publisher\":{\"@id\":\"https:\/\/www.mpfiltri.com\/de\/#organization\"},\"potentialAction\":[{\"@type\":\"SearchAction\",\"target\":{\"@type\":\"EntryPoint\",\"urlTemplate\":\"https:\/\/www.mpfiltri.com\/de\/?s={search_term_string}\"},\"query-input\":{\"@type\":\"PropertyValueSpecification\",\"valueRequired\":true,\"valueName\":\"search_term_string\"}}],\"inLanguage\":\"de\"},{\"@type\":\"Organization\",\"@id\":\"https:\/\/www.mpfiltri.com\/de\/#organization\",\"name\":\"MP Filtri\",\"url\":\"https:\/\/www.mpfiltri.com\/de\/\",\"logo\":{\"@type\":\"ImageObject\",\"inLanguage\":\"de\",\"@id\":\"https:\/\/www.mpfiltri.com\/de\/#\/schema\/logo\/image\/\",\"url\":\"\",\"contentUrl\":\"\",\"caption\":\"MP Filtri\"},\"image\":{\"@id\":\"https:\/\/www.mpfiltri.com\/de\/#\/schema\/logo\/image\/\"},\"sameAs\":[\"https:\/\/www.facebook.com\/MPFiltriITA\",\"https:\/\/www.instagram.com\/mpfiltri\/\",\"https:\/\/www.youtube.com\/channel\/UCCzNMySYc1c4M-2B4v0K_QA?view_as=subscriber\",\"https:\/\/www.linkedin.com\/company\/mp-filtri-spa\/\"]}]}<\/script>\n<!-- \/ Yoast SEO plugin. -->","yoast_head_json":{"title":"SGEK - MP Filtri","robots":{"index":"index","follow":"follow","max-snippet":"max-snippet:-1","max-image-preview":"max-image-preview:large","max-video-preview":"max-video-preview:-1"},"canonical":"https:\/\/www.mpfiltri.com\/de\/produkt\/sgek\/","og_locale":"de_DE","og_type":"article","og_title":"SGEK - MP Filtri","og_description":"Die flexiblen Halbkupplungen der Baureihe SGEK sind erh\u00e4ltlich f\u00fcr Anwendungen mit IEC-Elektromotoren von Gr\u00f6\u00dfe 63 bis Gr\u00f6\u00dfe 315 und Verbrennungsmotoren bis 7,5 Kw (10 PS). Sie wurden speziell entwickelt, um mit den wichtigsten Herstellern austauschbar zu sein. \u2022 Halbkupplung auf der Motorseite mit vollst\u00e4ndiger Abdeckung der Welle \u2022 Halbkupplung in Standardl\u00e4nge auf der Pumpenseite, um [&hellip;]","og_url":"https:\/\/www.mpfiltri.com\/de\/produkt\/sgek\/","og_site_name":"MP Filtri","article_publisher":"https:\/\/www.facebook.com\/MPFiltriITA","article_modified_time":"2026-04-01T14:23:39+00:00","twitter_card":"summary_large_image","schema":{"@context":"https:\/\/schema.org","@graph":[{"@type":"WebPage","@id":"https:\/\/www.mpfiltri.com\/de\/produkt\/sgek\/","url":"https:\/\/www.mpfiltri.com\/de\/produkt\/sgek\/","name":"SGEK - MP Filtri","isPartOf":{"@id":"https:\/\/www.mpfiltri.com\/de\/#website"},"datePublished":"2025-06-16T14:43:43+00:00","dateModified":"2026-04-01T14:23:39+00:00","breadcrumb":{"@id":"https:\/\/www.mpfiltri.com\/de\/produkt\/sgek\/#breadcrumb"},"inLanguage":"de","potentialAction":[{"@type":"ReadAction","target":["https:\/\/www.mpfiltri.com\/de\/produkt\/sgek\/"]}]},{"@type":"BreadcrumbList","@id":"https:\/\/www.mpfiltri.com\/de\/produkt\/sgek\/#breadcrumb","itemListElement":[{"@type":"ListItem","position":1,"name":"Home","item":"https:\/\/www.mpfiltri.com\/de\/"},{"@type":"ListItem","position":2,"name":"Produkte","item":"https:\/\/www.mpfiltri.com\/de\/shop\/"},{"@type":"ListItem","position":3,"name":"SGEK"}]},{"@type":"WebSite","@id":"https:\/\/www.mpfiltri.com\/de\/#website","url":"https:\/\/www.mpfiltri.com\/de\/","name":"MP Filtri","description":"","publisher":{"@id":"https:\/\/www.mpfiltri.com\/de\/#organization"},"potentialAction":[{"@type":"SearchAction","target":{"@type":"EntryPoint","urlTemplate":"https:\/\/www.mpfiltri.com\/de\/?s={search_term_string}"},"query-input":{"@type":"PropertyValueSpecification","valueRequired":true,"valueName":"search_term_string"}}],"inLanguage":"de"},{"@type":"Organization","@id":"https:\/\/www.mpfiltri.com\/de\/#organization","name":"MP Filtri","url":"https:\/\/www.mpfiltri.com\/de\/","logo":{"@type":"ImageObject","inLanguage":"de","@id":"https:\/\/www.mpfiltri.com\/de\/#\/schema\/logo\/image\/","url":"","contentUrl":"","caption":"MP Filtri"},"image":{"@id":"https:\/\/www.mpfiltri.com\/de\/#\/schema\/logo\/image\/"},"sameAs":["https:\/\/www.facebook.com\/MPFiltriITA","https:\/\/www.instagram.com\/mpfiltri\/","https:\/\/www.youtube.com\/channel\/UCCzNMySYc1c4M-2B4v0K_QA?view_as=subscriber","https:\/\/www.linkedin.com\/company\/mp-filtri-spa\/"]}]}},"_links":{"self":[{"href":"https:\/\/www.mpfiltri.com\/de\/wp-json\/wp\/v2\/product\/77349","targetHints":{"allow":["GET"]}}],"collection":[{"href":"https:\/\/www.mpfiltri.com\/de\/wp-json\/wp\/v2\/product"}],"about":[{"href":"https:\/\/www.mpfiltri.com\/de\/wp-json\/wp\/v2\/types\/product"}],"replies":[{"embeddable":true,"href":"https:\/\/www.mpfiltri.com\/de\/wp-json\/wp\/v2\/comments?post=77349"}],"wp:attachment":[{"href":"https:\/\/www.mpfiltri.com\/de\/wp-json\/wp\/v2\/media?parent=77349"}],"wp:term":[{"taxonomy":"product-structure","embeddable":true,"href":"https:\/\/www.mpfiltri.com\/de\/wp-json\/wp\/v2\/product-structure?post=77349"},{"taxonomy":"product_brand","embeddable":true,"href":"https:\/\/www.mpfiltri.com\/de\/wp-json\/wp\/v2\/product_brand?post=77349"},{"taxonomy":"product_cat","embeddable":true,"href":"https:\/\/www.mpfiltri.com\/de\/wp-json\/wp\/v2\/product_cat?post=77349"},{"taxonomy":"product_tag","embeddable":true,"href":"https:\/\/www.mpfiltri.com\/de\/wp-json\/wp\/v2\/product_tag?post=77349"}],"curies":[{"name":"wp","href":"https:\/\/api.w.org\/{rel}","templated":true}]}}