

{"id":77341,"date":"2025-10-22T10:35:03","date_gmt":"2025-10-22T08:35:03","guid":{"rendered":"https:\/\/www.mpfiltri.com\/product\/produkt-3\/"},"modified":"2026-04-01T16:22:46","modified_gmt":"2026-04-01T14:22:46","slug":"partikelmesstechnik","status":"publish","type":"product","link":"https:\/\/www.mpfiltri.com\/de\/produkt\/partikelmesstechnik\/","title":{"rendered":"PARTIKELMESSTECHNIK"},"content":{"rendered":"<p>MP Filtri entwickelt und fertigt ein komplettes Sortiment messtechnischer L\u00f6sungen zur Bestimmung und Analyse fester und fl\u00fcssiger Verunreinigungen in Fluiden.<\/p>\n<p>Das Produktprogramm erstreckt sich von kompakten Sensoren zur Bestimmung der \u00d6lreinheit direkt an der Maschine bis hin zu portablen Serviceger\u00e4ten mit umfangreicher Sensorausstattung und Funktionsumfang. <\/p>\n<p>W\u00e4hrend erste vorrangig bei der Zustands\u00fcberwachung prozesskritischer und hochwertiger Maschinen zum Einsatz kommen, werden letztere im Rahmen der industriellen Instandhaltung, Qualit\u00e4tssicherung oder bei Service-Eins\u00e4tzen im Feld eingesetzt. Der Produktfokus liegt hierbei stets auf der Bestimmung fester partikul\u00e4rer Verunreinigungen in Fluiden, da diese einen direkten Einfluss auf die Lebensdauer und Effizienz von Hydraulik- und Schmiersystemen haben und sich in der Regel f\u00fcr 80% der Systemausf\u00e4lle verantwortlich zeigen.<\/p>\n<p>Mit der von MP Filtri eingesetzten Technologie lassen sich nicht nur Sch\u00e4digungspotentiale fr\u00fchzeitig erkennen, sondern gezielt vorbeugende und vorausschauende Wartungsma\u00dfnahmen daraus ableiten. Dieses f\u00fchrt zu einer Steigerung der Betriebssicherheit, einer l\u00e4ngeren Lebensdauer der Komponenten sowie zu einer signifikanten Reduzierung der Gesamtbetriebskosten.<\/p>\n<p><span>Weitere Informationen und technische Daten finden Sie in unserem Download-Bereich oder Info-Center.<\/span><\/p>\n","protected":false},"excerpt":{"rendered":"<p>MP Filtri entwickelt und fertigt ein komplettes Sortiment messtechnischer L\u00f6sungen zur Bestimmung und Analyse fester und fl\u00fcssiger Verunreinigungen in Fluiden. Das Produktprogramm erstreckt sich von kompakten Sensoren zur Bestimmung der \u00d6lreinheit direkt an der Maschine bis hin zu portablen Serviceger\u00e4ten mit umfangreicher Sensorausstattung und Funktionsumfang. W\u00e4hrend erste vorrangig bei der Zustands\u00fcberwachung prozesskritischer und hochwertiger Maschinen [&hellip;]<\/p>\n","protected":false},"featured_media":81766,"comment_status":"open","ping_status":"closed","template":"","meta":{"_acf_changed":false,"_gspb_post_css":"","inline_featured_image":false,"_genesis_hide_title":false,"_genesis_hide_breadcrumbs":false,"_genesis_hide_singular_image":false,"_genesis_hide_footer_widgets":false,"_genesis_custom_body_class":"","_genesis_custom_post_class":"","_genesis_layout":"","_links_to":"","_links_to_target":""},"product-structure":[60],"product_brand":[],"product_cat":[],"product_tag":[],"class_list":{"0":"post-77341","1":"product","2":"type-product","3":"status-publish","4":"has-post-thumbnail","6":"product-structure-catalogue","7":"entry","9":"first","10":"instock","11":"shipping-taxable","12":"product-type-simple"},"acf":[],"yoast_head":"<!-- This site is optimized with the Yoast SEO plugin v27.2 - https:\/\/yoast.com\/product\/yoast-seo-wordpress\/ -->\n<title>PARTIKELMESSTECHNIK - MP Filtri<\/title>\n<meta name=\"robots\" content=\"index, follow, max-snippet:-1, max-image-preview:large, max-video-preview:-1\" \/>\n<link rel=\"canonical\" href=\"https:\/\/www.mpfiltri.com\/de\/produkt\/partikelmesstechnik\/\" \/>\n<meta property=\"og:locale\" content=\"de_DE\" \/>\n<meta property=\"og:type\" content=\"article\" \/>\n<meta property=\"og:title\" content=\"PARTIKELMESSTECHNIK - MP Filtri\" \/>\n<meta property=\"og:description\" content=\"MP Filtri entwickelt und fertigt ein komplettes Sortiment messtechnischer L\u00f6sungen zur Bestimmung und Analyse fester und fl\u00fcssiger Verunreinigungen in Fluiden. Das Produktprogramm erstreckt sich von kompakten Sensoren zur Bestimmung der \u00d6lreinheit direkt an der Maschine bis hin zu portablen Serviceger\u00e4ten mit umfangreicher Sensorausstattung und Funktionsumfang. W\u00e4hrend erste vorrangig bei der Zustands\u00fcberwachung prozesskritischer und hochwertiger Maschinen [&hellip;]\" \/>\n<meta property=\"og:url\" content=\"https:\/\/www.mpfiltri.com\/de\/produkt\/partikelmesstechnik\/\" \/>\n<meta property=\"og:site_name\" content=\"MP Filtri\" \/>\n<meta property=\"article:publisher\" content=\"https:\/\/www.facebook.com\/MPFiltriITA\" \/>\n<meta property=\"article:modified_time\" content=\"2026-04-01T14:22:46+00:00\" \/>\n<meta property=\"og:image\" content=\"https:\/\/www.mpfiltri.com\/wp-content\/uploads\/2025\/10\/CMP_250px.png\" \/>\n\t<meta property=\"og:image:width\" content=\"313\" \/>\n\t<meta property=\"og:image:height\" content=\"313\" \/>\n\t<meta property=\"og:image:type\" content=\"image\/png\" \/>\n<meta name=\"twitter:card\" content=\"summary_large_image\" \/>\n<meta name=\"twitter:label1\" content=\"Gesch\u00e4tzte Lesezeit\" \/>\n\t<meta name=\"twitter:data1\" content=\"1\u00a0Minute\" \/>\n<script type=\"application\/ld+json\" class=\"yoast-schema-graph\">{\"@context\":\"https:\/\/schema.org\",\"@graph\":[{\"@type\":\"WebPage\",\"@id\":\"https:\/\/www.mpfiltri.com\/de\/produkt\/partikelmesstechnik\/\",\"url\":\"https:\/\/www.mpfiltri.com\/de\/produkt\/partikelmesstechnik\/\",\"name\":\"PARTIKELMESSTECHNIK - MP Filtri\",\"isPartOf\":{\"@id\":\"https:\/\/www.mpfiltri.com\/de\/#website\"},\"primaryImageOfPage\":{\"@id\":\"https:\/\/www.mpfiltri.com\/de\/produkt\/partikelmesstechnik\/#primaryimage\"},\"image\":{\"@id\":\"https:\/\/www.mpfiltri.com\/de\/produkt\/partikelmesstechnik\/#primaryimage\"},\"thumbnailUrl\":\"https:\/\/www.mpfiltri.com\/wp-content\/uploads\/2026\/03\/CMP_250px-3.png\",\"datePublished\":\"2025-10-22T08:35:03+00:00\",\"dateModified\":\"2026-04-01T14:22:46+00:00\",\"breadcrumb\":{\"@id\":\"https:\/\/www.mpfiltri.com\/de\/produkt\/partikelmesstechnik\/#breadcrumb\"},\"inLanguage\":\"de\",\"potentialAction\":[{\"@type\":\"ReadAction\",\"target\":[\"https:\/\/www.mpfiltri.com\/de\/produkt\/partikelmesstechnik\/\"]}]},{\"@type\":\"ImageObject\",\"inLanguage\":\"de\",\"@id\":\"https:\/\/www.mpfiltri.com\/de\/produkt\/partikelmesstechnik\/#primaryimage\",\"url\":\"https:\/\/www.mpfiltri.com\/wp-content\/uploads\/2026\/03\/CMP_250px-3.png\",\"contentUrl\":\"https:\/\/www.mpfiltri.com\/wp-content\/uploads\/2026\/03\/CMP_250px-3.png\",\"width\":313,\"height\":313},{\"@type\":\"BreadcrumbList\",\"@id\":\"https:\/\/www.mpfiltri.com\/de\/produkt\/partikelmesstechnik\/#breadcrumb\",\"itemListElement\":[{\"@type\":\"ListItem\",\"position\":1,\"name\":\"Home\",\"item\":\"https:\/\/www.mpfiltri.com\/de\/\"},{\"@type\":\"ListItem\",\"position\":2,\"name\":\"Produkte\",\"item\":\"https:\/\/www.mpfiltri.com\/de\/shop\/\"},{\"@type\":\"ListItem\",\"position\":3,\"name\":\"PARTIKELMESSTECHNIK\"}]},{\"@type\":\"WebSite\",\"@id\":\"https:\/\/www.mpfiltri.com\/de\/#website\",\"url\":\"https:\/\/www.mpfiltri.com\/de\/\",\"name\":\"MP Filtri\",\"description\":\"\",\"publisher\":{\"@id\":\"https:\/\/www.mpfiltri.com\/de\/#organization\"},\"potentialAction\":[{\"@type\":\"SearchAction\",\"target\":{\"@type\":\"EntryPoint\",\"urlTemplate\":\"https:\/\/www.mpfiltri.com\/de\/?s={search_term_string}\"},\"query-input\":{\"@type\":\"PropertyValueSpecification\",\"valueRequired\":true,\"valueName\":\"search_term_string\"}}],\"inLanguage\":\"de\"},{\"@type\":\"Organization\",\"@id\":\"https:\/\/www.mpfiltri.com\/de\/#organization\",\"name\":\"MP Filtri\",\"url\":\"https:\/\/www.mpfiltri.com\/de\/\",\"logo\":{\"@type\":\"ImageObject\",\"inLanguage\":\"de\",\"@id\":\"https:\/\/www.mpfiltri.com\/de\/#\/schema\/logo\/image\/\",\"url\":\"\",\"contentUrl\":\"\",\"caption\":\"MP Filtri\"},\"image\":{\"@id\":\"https:\/\/www.mpfiltri.com\/de\/#\/schema\/logo\/image\/\"},\"sameAs\":[\"https:\/\/www.facebook.com\/MPFiltriITA\",\"https:\/\/www.instagram.com\/mpfiltri\/\",\"https:\/\/www.youtube.com\/channel\/UCCzNMySYc1c4M-2B4v0K_QA?view_as=subscriber\",\"https:\/\/www.linkedin.com\/company\/mp-filtri-spa\/\"]}]}<\/script>\n<!-- \/ Yoast SEO plugin. -->","yoast_head_json":{"title":"PARTIKELMESSTECHNIK - MP Filtri","robots":{"index":"index","follow":"follow","max-snippet":"max-snippet:-1","max-image-preview":"max-image-preview:large","max-video-preview":"max-video-preview:-1"},"canonical":"https:\/\/www.mpfiltri.com\/de\/produkt\/partikelmesstechnik\/","og_locale":"de_DE","og_type":"article","og_title":"PARTIKELMESSTECHNIK - MP Filtri","og_description":"MP Filtri entwickelt und fertigt ein komplettes Sortiment messtechnischer L\u00f6sungen zur Bestimmung und Analyse fester und fl\u00fcssiger Verunreinigungen in Fluiden. Das Produktprogramm erstreckt sich von kompakten Sensoren zur Bestimmung der \u00d6lreinheit direkt an der Maschine bis hin zu portablen Serviceger\u00e4ten mit umfangreicher Sensorausstattung und Funktionsumfang. W\u00e4hrend erste vorrangig bei der Zustands\u00fcberwachung prozesskritischer und hochwertiger Maschinen [&hellip;]","og_url":"https:\/\/www.mpfiltri.com\/de\/produkt\/partikelmesstechnik\/","og_site_name":"MP Filtri","article_publisher":"https:\/\/www.facebook.com\/MPFiltriITA","article_modified_time":"2026-04-01T14:22:46+00:00","og_image":[{"width":313,"height":313,"url":"https:\/\/www.mpfiltri.com\/wp-content\/uploads\/2025\/10\/CMP_250px.png","type":"image\/png"}],"twitter_card":"summary_large_image","twitter_misc":{"Gesch\u00e4tzte Lesezeit":"1\u00a0Minute"},"schema":{"@context":"https:\/\/schema.org","@graph":[{"@type":"WebPage","@id":"https:\/\/www.mpfiltri.com\/de\/produkt\/partikelmesstechnik\/","url":"https:\/\/www.mpfiltri.com\/de\/produkt\/partikelmesstechnik\/","name":"PARTIKELMESSTECHNIK - MP Filtri","isPartOf":{"@id":"https:\/\/www.mpfiltri.com\/de\/#website"},"primaryImageOfPage":{"@id":"https:\/\/www.mpfiltri.com\/de\/produkt\/partikelmesstechnik\/#primaryimage"},"image":{"@id":"https:\/\/www.mpfiltri.com\/de\/produkt\/partikelmesstechnik\/#primaryimage"},"thumbnailUrl":"https:\/\/www.mpfiltri.com\/wp-content\/uploads\/2026\/03\/CMP_250px-3.png","datePublished":"2025-10-22T08:35:03+00:00","dateModified":"2026-04-01T14:22:46+00:00","breadcrumb":{"@id":"https:\/\/www.mpfiltri.com\/de\/produkt\/partikelmesstechnik\/#breadcrumb"},"inLanguage":"de","potentialAction":[{"@type":"ReadAction","target":["https:\/\/www.mpfiltri.com\/de\/produkt\/partikelmesstechnik\/"]}]},{"@type":"ImageObject","inLanguage":"de","@id":"https:\/\/www.mpfiltri.com\/de\/produkt\/partikelmesstechnik\/#primaryimage","url":"https:\/\/www.mpfiltri.com\/wp-content\/uploads\/2026\/03\/CMP_250px-3.png","contentUrl":"https:\/\/www.mpfiltri.com\/wp-content\/uploads\/2026\/03\/CMP_250px-3.png","width":313,"height":313},{"@type":"BreadcrumbList","@id":"https:\/\/www.mpfiltri.com\/de\/produkt\/partikelmesstechnik\/#breadcrumb","itemListElement":[{"@type":"ListItem","position":1,"name":"Home","item":"https:\/\/www.mpfiltri.com\/de\/"},{"@type":"ListItem","position":2,"name":"Produkte","item":"https:\/\/www.mpfiltri.com\/de\/shop\/"},{"@type":"ListItem","position":3,"name":"PARTIKELMESSTECHNIK"}]},{"@type":"WebSite","@id":"https:\/\/www.mpfiltri.com\/de\/#website","url":"https:\/\/www.mpfiltri.com\/de\/","name":"MP Filtri","description":"","publisher":{"@id":"https:\/\/www.mpfiltri.com\/de\/#organization"},"potentialAction":[{"@type":"SearchAction","target":{"@type":"EntryPoint","urlTemplate":"https:\/\/www.mpfiltri.com\/de\/?s={search_term_string}"},"query-input":{"@type":"PropertyValueSpecification","valueRequired":true,"valueName":"search_term_string"}}],"inLanguage":"de"},{"@type":"Organization","@id":"https:\/\/www.mpfiltri.com\/de\/#organization","name":"MP Filtri","url":"https:\/\/www.mpfiltri.com\/de\/","logo":{"@type":"ImageObject","inLanguage":"de","@id":"https:\/\/www.mpfiltri.com\/de\/#\/schema\/logo\/image\/","url":"","contentUrl":"","caption":"MP Filtri"},"image":{"@id":"https:\/\/www.mpfiltri.com\/de\/#\/schema\/logo\/image\/"},"sameAs":["https:\/\/www.facebook.com\/MPFiltriITA","https:\/\/www.instagram.com\/mpfiltri\/","https:\/\/www.youtube.com\/channel\/UCCzNMySYc1c4M-2B4v0K_QA?view_as=subscriber","https:\/\/www.linkedin.com\/company\/mp-filtri-spa\/"]}]}},"_links":{"self":[{"href":"https:\/\/www.mpfiltri.com\/de\/wp-json\/wp\/v2\/product\/77341","targetHints":{"allow":["GET"]}}],"collection":[{"href":"https:\/\/www.mpfiltri.com\/de\/wp-json\/wp\/v2\/product"}],"about":[{"href":"https:\/\/www.mpfiltri.com\/de\/wp-json\/wp\/v2\/types\/product"}],"replies":[{"embeddable":true,"href":"https:\/\/www.mpfiltri.com\/de\/wp-json\/wp\/v2\/comments?post=77341"}],"wp:featuredmedia":[{"embeddable":true,"href":"https:\/\/www.mpfiltri.com\/de\/wp-json\/wp\/v2\/media\/81766"}],"wp:attachment":[{"href":"https:\/\/www.mpfiltri.com\/de\/wp-json\/wp\/v2\/media?parent=77341"}],"wp:term":[{"taxonomy":"product-structure","embeddable":true,"href":"https:\/\/www.mpfiltri.com\/de\/wp-json\/wp\/v2\/product-structure?post=77341"},{"taxonomy":"product_brand","embeddable":true,"href":"https:\/\/www.mpfiltri.com\/de\/wp-json\/wp\/v2\/product_brand?post=77341"},{"taxonomy":"product_cat","embeddable":true,"href":"https:\/\/www.mpfiltri.com\/de\/wp-json\/wp\/v2\/product_cat?post=77341"},{"taxonomy":"product_tag","embeddable":true,"href":"https:\/\/www.mpfiltri.com\/de\/wp-json\/wp\/v2\/product_tag?post=77341"}],"curies":[{"name":"wp","href":"https:\/\/api.w.org\/{rel}","templated":true}]}}