

{"id":77318,"date":"2025-06-17T17:01:24","date_gmt":"2025-06-17T15:01:24","guid":{"rendered":"https:\/\/www.mpfiltri.com\/product\/produkt-3\/"},"modified":"2026-04-01T16:23:18","modified_gmt":"2026-04-01T14:23:18","slug":"lpa2-aviation-edition","status":"publish","type":"product","link":"https:\/\/www.mpfiltri.com\/de\/produkt\/lpa2-aviation-edition\/","title":{"rendered":"LPA2 AVIATION EDITION"},"content":{"rendered":"<p>Der <strong>LPA2 AVIATION EDITION<\/strong> ist ein exklusiv f\u00fcr die Luftfahrtindustrie entwickeltes Messger\u00e4t zur \u00dcberwachung der partikul\u00e4ren Feststoffverschmutzung (Fluidreinheit) in Luftfahrt-Hydraulikfluiden wie z.B. Skydrol\u00ae oder HyJet\u00ae. Das portable Messger\u00e4t besitzt eine Zulassung der Airbus SE und ist zur Durchf\u00fchrung von periodischen oder bedarfsgesteuerten Messungen an Flugzeugen im Rahmen vorgeschriebener \u201eGround Checks\u201c konzipiert (z.B. A-, C- oder D-Checks).<\/p>\n<p>Der Anschluss an das Hydrauliksystem eines zu \u00fcberpr\u00fcfenden Luftfahrzeugs erfolgt \u00fcber spezielle, mit Druck beaufschlage Messanschl\u00fcsse (min. 2 bar). In Abh\u00e4ngigkeit vom Flugzeugtyp wird hierzu ein spezieller Adapter ben\u00f6tigt (im Lieferumfang enthalten). Ein im Ger\u00e4t integrierter Drucksensor \u00fcberwacht dabei die Einhaltung des zul\u00e4ssigen Betriebsdrucks. Alternativ k\u00f6nnen an das Ger\u00e4t die MP Filtri Proben-Sampler BS110 und BS500 angeschlossen werden, um Fluidproben auch abseits der Entnahmestelle, z.B. in einem Betriebslabor oder Messplatz, analysieren zu k\u00f6nnen.<\/p>\n<p>Der LPA2 AVIATION EDITION agiert dabei autark und kann vollst\u00e4ndig \u00fcber sein hintergrundbeleuchtetes LCD-Display bedient und gesteuert werden. Die Anzeige und Analyse der Messdaten erfolgt dadurch direkt auf dem Ger\u00e4t. Alternativ k\u00f6nnen die Messungen an einen PC \u00fcbertragen und mit Hilfe der MP Filtri eigenen Software CMP View analysiert werden. F\u00fcr konventionelle Dokumentationskonzepte verf\u00fcgt das Ger\u00e4t zudem \u00fcber einen integrierten Thermodrucker, der das Ausdrucken aktueller oder gespeicherter Messungen erm\u00f6glicht.<\/p>\n<p>\u2022 Kalibriert nach relevanten ISO-Standards<\/p>\n<p>\u2022 Luftfahrtzulassung von der Airbus SE<\/p>\n<p>\u2022 Ausgabe der Fluidreinheit in folgenden Klassifizierungsstandards in bis zu 8 Gr\u00f6\u00dfenkan\u00e4len: ISO 4406, NAS 1638, SAE AS 4059 T1&amp;T2 sowie Rev. E&amp;G, GBT 14039, GJB420B, ISO 11218, GOST 17216<\/p>\n<p>\u2022 Integrierte Druckmessung<\/p>\n<p>\u2022 Datenspeicher f\u00fcr bis zu 600 Messungen<\/p>\n<p>\u2022 Integrierter Thermodrucker<\/p>\n<p>\u2022 Anzeigen aktueller und gespeicherter Messungen auf integriertem LCD-Display<\/p>\n<p>\u2022 Bequeme Bedienung durch vollst\u00e4ndige QWERTY-Tastatur<\/p>\n<p>\u2022 Geeignet f\u00fcr Standard-Hydraulik- und Schmierfluide sowie Produkte auf Phosphatester-Basis wie z.B. Skydrol\u00ae und HyJet\u00ae<\/p>\n<p>\u2022 Messen in Hochdruckkreisl\u00e4ufen bei dynamischen Betriebsdr\u00fccken von bis zu 400 bar direkt am Ger\u00e4t (ohne Hochdruckadapter)<\/p>\n<p>\u2022 Ortsflexibler Einsatz durch integrierten Akku f\u00fcr mindestens 100 Tests zwischen den Ladevorg\u00e4ngen<\/p>\n<p>\u2022 Umfangreiches Zubeh\u00f6r bereits im Lieferumfang enthalten (Transportkoffer, Schl\u00e4uche, Airbus-Adapter, Alt\u00f6lbeh\u00e4ltnis, Software, Steckernetzteil mit Adaptern f\u00fcr eine weltweite Verwendung)<\/p>\n<p>\u2022 Kompatibel zu MP Filtri\u2019s Datenverwaltungs-, Analyse- und Reporting-Software CMP View (im Lieferumfang enthalten)<\/p>\n<p>Empfohlenes CMP-Zubeh\u00f6r: Proben-Sampler BS500 (bei Bedarf)<\/p>\n","protected":false},"excerpt":{"rendered":"<p>Der LPA2 AVIATION EDITION ist ein exklusiv f\u00fcr die Luftfahrtindustrie entwickeltes Messger\u00e4t zur \u00dcberwachung der partikul\u00e4ren Feststoffverschmutzung (Fluidreinheit) in Luftfahrt-Hydraulikfluiden wie z.B. Skydrol\u00ae oder HyJet\u00ae. Das portable Messger\u00e4t besitzt eine Zulassung der Airbus SE und ist zur Durchf\u00fchrung von periodischen oder bedarfsgesteuerten Messungen an Flugzeugen im Rahmen vorgeschriebener \u201eGround Checks\u201c konzipiert (z.B. A-, C- oder [&hellip;]<\/p>\n","protected":false},"featured_media":0,"comment_status":"open","ping_status":"closed","template":"","meta":{"_acf_changed":false,"_gspb_post_css":"","inline_featured_image":false,"_genesis_hide_title":false,"_genesis_hide_breadcrumbs":false,"_genesis_hide_singular_image":false,"_genesis_hide_footer_widgets":false,"_genesis_custom_body_class":"","_genesis_custom_post_class":"","_genesis_layout":"","_links_to":"","_links_to_target":""},"product-structure":[62],"product_brand":[],"product_cat":[13189,13217,13196],"product_tag":[],"class_list":{"0":"post-77318","1":"product","2":"type-product","3":"status-publish","5":"product-structure-series","6":"product_cat-anwendungen","7":"product_cat-luftfahrt-und-marine","8":"product_cat-mobile-anwendungen","9":"entry","11":"first","12":"instock","13":"shipping-taxable","14":"product-type-simple"},"acf":[],"yoast_head":"<!-- This site is optimized with the Yoast SEO plugin v27.2 - https:\/\/yoast.com\/product\/yoast-seo-wordpress\/ -->\n<title>LPA2 AVIATION EDITION - MP Filtri<\/title>\n<meta name=\"robots\" content=\"index, follow, max-snippet:-1, max-image-preview:large, max-video-preview:-1\" \/>\n<link rel=\"canonical\" href=\"https:\/\/www.mpfiltri.com\/de\/produkt\/lpa2-aviation-edition\/\" \/>\n<meta property=\"og:locale\" content=\"de_DE\" \/>\n<meta property=\"og:type\" content=\"article\" \/>\n<meta property=\"og:title\" content=\"LPA2 AVIATION EDITION - MP Filtri\" \/>\n<meta property=\"og:description\" content=\"Der LPA2 AVIATION EDITION ist ein exklusiv f\u00fcr die Luftfahrtindustrie entwickeltes Messger\u00e4t zur \u00dcberwachung der partikul\u00e4ren Feststoffverschmutzung (Fluidreinheit) in Luftfahrt-Hydraulikfluiden wie z.B. Skydrol\u00ae oder HyJet\u00ae. Das portable Messger\u00e4t besitzt eine Zulassung der Airbus SE und ist zur Durchf\u00fchrung von periodischen oder bedarfsgesteuerten Messungen an Flugzeugen im Rahmen vorgeschriebener \u201eGround Checks\u201c konzipiert (z.B. A-, C- oder [&hellip;]\" \/>\n<meta property=\"og:url\" content=\"https:\/\/www.mpfiltri.com\/de\/produkt\/lpa2-aviation-edition\/\" \/>\n<meta property=\"og:site_name\" content=\"MP Filtri\" \/>\n<meta property=\"article:publisher\" content=\"https:\/\/www.facebook.com\/MPFiltriITA\" \/>\n<meta property=\"article:modified_time\" content=\"2026-04-01T14:23:18+00:00\" \/>\n<meta name=\"twitter:card\" content=\"summary_large_image\" \/>\n<meta name=\"twitter:label1\" content=\"Gesch\u00e4tzte Lesezeit\" \/>\n\t<meta name=\"twitter:data1\" content=\"2\u00a0Minuten\" \/>\n<script type=\"application\/ld+json\" class=\"yoast-schema-graph\">{\"@context\":\"https:\/\/schema.org\",\"@graph\":[{\"@type\":\"WebPage\",\"@id\":\"https:\/\/www.mpfiltri.com\/de\/produkt\/lpa2-aviation-edition\/\",\"url\":\"https:\/\/www.mpfiltri.com\/de\/produkt\/lpa2-aviation-edition\/\",\"name\":\"LPA2 AVIATION EDITION - MP Filtri\",\"isPartOf\":{\"@id\":\"https:\/\/www.mpfiltri.com\/de\/#website\"},\"datePublished\":\"2025-06-17T15:01:24+00:00\",\"dateModified\":\"2026-04-01T14:23:18+00:00\",\"breadcrumb\":{\"@id\":\"https:\/\/www.mpfiltri.com\/de\/produkt\/lpa2-aviation-edition\/#breadcrumb\"},\"inLanguage\":\"de\",\"potentialAction\":[{\"@type\":\"ReadAction\",\"target\":[\"https:\/\/www.mpfiltri.com\/de\/produkt\/lpa2-aviation-edition\/\"]}]},{\"@type\":\"BreadcrumbList\",\"@id\":\"https:\/\/www.mpfiltri.com\/de\/produkt\/lpa2-aviation-edition\/#breadcrumb\",\"itemListElement\":[{\"@type\":\"ListItem\",\"position\":1,\"name\":\"Home\",\"item\":\"https:\/\/www.mpfiltri.com\/de\/\"},{\"@type\":\"ListItem\",\"position\":2,\"name\":\"Produkte\",\"item\":\"https:\/\/www.mpfiltri.com\/de\/shop\/\"},{\"@type\":\"ListItem\",\"position\":3,\"name\":\"LPA2 AVIATION EDITION\"}]},{\"@type\":\"WebSite\",\"@id\":\"https:\/\/www.mpfiltri.com\/de\/#website\",\"url\":\"https:\/\/www.mpfiltri.com\/de\/\",\"name\":\"MP Filtri\",\"description\":\"\",\"publisher\":{\"@id\":\"https:\/\/www.mpfiltri.com\/de\/#organization\"},\"potentialAction\":[{\"@type\":\"SearchAction\",\"target\":{\"@type\":\"EntryPoint\",\"urlTemplate\":\"https:\/\/www.mpfiltri.com\/de\/?s={search_term_string}\"},\"query-input\":{\"@type\":\"PropertyValueSpecification\",\"valueRequired\":true,\"valueName\":\"search_term_string\"}}],\"inLanguage\":\"de\"},{\"@type\":\"Organization\",\"@id\":\"https:\/\/www.mpfiltri.com\/de\/#organization\",\"name\":\"MP Filtri\",\"url\":\"https:\/\/www.mpfiltri.com\/de\/\",\"logo\":{\"@type\":\"ImageObject\",\"inLanguage\":\"de\",\"@id\":\"https:\/\/www.mpfiltri.com\/de\/#\/schema\/logo\/image\/\",\"url\":\"\",\"contentUrl\":\"\",\"caption\":\"MP Filtri\"},\"image\":{\"@id\":\"https:\/\/www.mpfiltri.com\/de\/#\/schema\/logo\/image\/\"},\"sameAs\":[\"https:\/\/www.facebook.com\/MPFiltriITA\",\"https:\/\/www.instagram.com\/mpfiltri\/\",\"https:\/\/www.youtube.com\/channel\/UCCzNMySYc1c4M-2B4v0K_QA?view_as=subscriber\",\"https:\/\/www.linkedin.com\/company\/mp-filtri-spa\/\"]}]}<\/script>\n<!-- \/ Yoast SEO plugin. -->","yoast_head_json":{"title":"LPA2 AVIATION EDITION - MP Filtri","robots":{"index":"index","follow":"follow","max-snippet":"max-snippet:-1","max-image-preview":"max-image-preview:large","max-video-preview":"max-video-preview:-1"},"canonical":"https:\/\/www.mpfiltri.com\/de\/produkt\/lpa2-aviation-edition\/","og_locale":"de_DE","og_type":"article","og_title":"LPA2 AVIATION EDITION - MP Filtri","og_description":"Der LPA2 AVIATION EDITION ist ein exklusiv f\u00fcr die Luftfahrtindustrie entwickeltes Messger\u00e4t zur \u00dcberwachung der partikul\u00e4ren Feststoffverschmutzung (Fluidreinheit) in Luftfahrt-Hydraulikfluiden wie z.B. Skydrol\u00ae oder HyJet\u00ae. Das portable Messger\u00e4t besitzt eine Zulassung der Airbus SE und ist zur Durchf\u00fchrung von periodischen oder bedarfsgesteuerten Messungen an Flugzeugen im Rahmen vorgeschriebener \u201eGround Checks\u201c konzipiert (z.B. A-, C- oder [&hellip;]","og_url":"https:\/\/www.mpfiltri.com\/de\/produkt\/lpa2-aviation-edition\/","og_site_name":"MP Filtri","article_publisher":"https:\/\/www.facebook.com\/MPFiltriITA","article_modified_time":"2026-04-01T14:23:18+00:00","twitter_card":"summary_large_image","twitter_misc":{"Gesch\u00e4tzte Lesezeit":"2\u00a0Minuten"},"schema":{"@context":"https:\/\/schema.org","@graph":[{"@type":"WebPage","@id":"https:\/\/www.mpfiltri.com\/de\/produkt\/lpa2-aviation-edition\/","url":"https:\/\/www.mpfiltri.com\/de\/produkt\/lpa2-aviation-edition\/","name":"LPA2 AVIATION EDITION - MP Filtri","isPartOf":{"@id":"https:\/\/www.mpfiltri.com\/de\/#website"},"datePublished":"2025-06-17T15:01:24+00:00","dateModified":"2026-04-01T14:23:18+00:00","breadcrumb":{"@id":"https:\/\/www.mpfiltri.com\/de\/produkt\/lpa2-aviation-edition\/#breadcrumb"},"inLanguage":"de","potentialAction":[{"@type":"ReadAction","target":["https:\/\/www.mpfiltri.com\/de\/produkt\/lpa2-aviation-edition\/"]}]},{"@type":"BreadcrumbList","@id":"https:\/\/www.mpfiltri.com\/de\/produkt\/lpa2-aviation-edition\/#breadcrumb","itemListElement":[{"@type":"ListItem","position":1,"name":"Home","item":"https:\/\/www.mpfiltri.com\/de\/"},{"@type":"ListItem","position":2,"name":"Produkte","item":"https:\/\/www.mpfiltri.com\/de\/shop\/"},{"@type":"ListItem","position":3,"name":"LPA2 AVIATION EDITION"}]},{"@type":"WebSite","@id":"https:\/\/www.mpfiltri.com\/de\/#website","url":"https:\/\/www.mpfiltri.com\/de\/","name":"MP Filtri","description":"","publisher":{"@id":"https:\/\/www.mpfiltri.com\/de\/#organization"},"potentialAction":[{"@type":"SearchAction","target":{"@type":"EntryPoint","urlTemplate":"https:\/\/www.mpfiltri.com\/de\/?s={search_term_string}"},"query-input":{"@type":"PropertyValueSpecification","valueRequired":true,"valueName":"search_term_string"}}],"inLanguage":"de"},{"@type":"Organization","@id":"https:\/\/www.mpfiltri.com\/de\/#organization","name":"MP Filtri","url":"https:\/\/www.mpfiltri.com\/de\/","logo":{"@type":"ImageObject","inLanguage":"de","@id":"https:\/\/www.mpfiltri.com\/de\/#\/schema\/logo\/image\/","url":"","contentUrl":"","caption":"MP Filtri"},"image":{"@id":"https:\/\/www.mpfiltri.com\/de\/#\/schema\/logo\/image\/"},"sameAs":["https:\/\/www.facebook.com\/MPFiltriITA","https:\/\/www.instagram.com\/mpfiltri\/","https:\/\/www.youtube.com\/channel\/UCCzNMySYc1c4M-2B4v0K_QA?view_as=subscriber","https:\/\/www.linkedin.com\/company\/mp-filtri-spa\/"]}]}},"_links":{"self":[{"href":"https:\/\/www.mpfiltri.com\/de\/wp-json\/wp\/v2\/product\/77318","targetHints":{"allow":["GET"]}}],"collection":[{"href":"https:\/\/www.mpfiltri.com\/de\/wp-json\/wp\/v2\/product"}],"about":[{"href":"https:\/\/www.mpfiltri.com\/de\/wp-json\/wp\/v2\/types\/product"}],"replies":[{"embeddable":true,"href":"https:\/\/www.mpfiltri.com\/de\/wp-json\/wp\/v2\/comments?post=77318"}],"wp:attachment":[{"href":"https:\/\/www.mpfiltri.com\/de\/wp-json\/wp\/v2\/media?parent=77318"}],"wp:term":[{"taxonomy":"product-structure","embeddable":true,"href":"https:\/\/www.mpfiltri.com\/de\/wp-json\/wp\/v2\/product-structure?post=77318"},{"taxonomy":"product_brand","embeddable":true,"href":"https:\/\/www.mpfiltri.com\/de\/wp-json\/wp\/v2\/product_brand?post=77318"},{"taxonomy":"product_cat","embeddable":true,"href":"https:\/\/www.mpfiltri.com\/de\/wp-json\/wp\/v2\/product_cat?post=77318"},{"taxonomy":"product_tag","embeddable":true,"href":"https:\/\/www.mpfiltri.com\/de\/wp-json\/wp\/v2\/product_tag?post=77318"}],"curies":[{"name":"wp","href":"https:\/\/api.w.org\/{rel}","templated":true}]}}