

{"id":77269,"date":"2025-06-16T16:43:14","date_gmt":"2025-06-16T14:43:14","guid":{"rendered":"https:\/\/www.mpfiltri.com\/product\/produkt-3\/"},"modified":"2026-04-10T16:52:36","modified_gmt":"2026-04-10T14:52:36","slug":"lms-lds","status":"publish","type":"product","link":"https:\/\/www.mpfiltri.com\/de\/produkt\/lms-lds\/","title":{"rendered":"LMS-LDS"},"content":{"rendered":"<p>Die ger\u00e4uscharmen Pumpentr\u00e4ger der Serie LMS\/LDS werden als Verbindung zwischen IEC-Elektromotoren der Gr\u00f6\u00dfen 100 bis 355 und Pumpen mit ISO3019- oder SAE-Flansch eingesetzt. Der D\u00e4mpfungsring (NBR 75 Sh.A), der zwischen dem Motorsockel und dem Pumpenflansch angebracht ist, erm\u00f6glicht es, einen niedrigen Ger\u00e4uschpegel im System zu halten.<\/p>\n<p>\u2022 L\u00e4rmminderung bis zu 5 dB<\/p>\n<p>\u2022 Doppelbohrpumpe auf Anfrage<\/p>\n<p>\u2022 Inspektions\u00f6ffnung und \u00d6lablass, um den Zustand des Zahnkranzes und eventuelle Leckagen zu \u00fcberpr\u00fcfen<\/p>\n<p>\u2022 Kundenspezifische Bohrpumpe<\/p>\n<p>\u2022 Zus\u00e4tzliche Oberfl\u00e4chenbehandlungen auf Anfrage<\/p>\n<p>\u2022 Auswechselbar mit OMT<\/p>\n","protected":false},"excerpt":{"rendered":"<p>Die ger\u00e4uscharmen Pumpentr\u00e4ger der Serie LMS\/LDS werden als Verbindung zwischen IEC-Elektromotoren der Gr\u00f6\u00dfen 100 bis 355 und Pumpen mit ISO3019- oder SAE-Flansch eingesetzt. Der D\u00e4mpfungsring (NBR 75 Sh.A), der zwischen dem Motorsockel und dem Pumpenflansch angebracht ist, erm\u00f6glicht es, einen niedrigen Ger\u00e4uschpegel im System zu halten. \u2022 L\u00e4rmminderung bis zu 5 dB \u2022 Doppelbohrpumpe auf [&hellip;]<\/p>\n","protected":false},"featured_media":0,"comment_status":"open","ping_status":"closed","template":"","meta":{"_acf_changed":false,"_gspb_post_css":"","inline_featured_image":false,"_genesis_hide_title":false,"_genesis_hide_breadcrumbs":false,"_genesis_hide_singular_image":false,"_genesis_hide_footer_widgets":false,"_genesis_custom_body_class":"","_genesis_custom_post_class":"","_genesis_layout":"","_links_to":"","_links_to_target":""},"product-structure":[],"product_brand":[],"product_cat":[13189,13210,13271,13290,13161,13196,13278,13230,13264],"product_tag":[],"class_list":{"0":"post-77269","1":"product","2":"type-product","3":"status-publish","5":"product_cat-anwendungen","6":"product_cat-bergbau","7":"product_cat-entsorgung-und-recycling","8":"product_cat-hydraulikanlagen","9":"product_cat-land-und-forstmaschinen","10":"product_cat-mobile-anwendungen","11":"product_cat-pressen-und-umformmaschinen","12":"product_cat-stationaere-anwendungen","13":"product_cat-textil-holz-und-papier","14":"entry","16":"first","17":"instock","18":"shipping-taxable","19":"product-type-simple"},"acf":[],"yoast_head":"<!-- This site is optimized with the Yoast SEO plugin v27.2 - https:\/\/yoast.com\/product\/yoast-seo-wordpress\/ -->\n<title>Pumpentr\u00e4ger Hydraulik LMS LDS | Kraft\u00fcbertragungssystem<\/title>\n<meta name=\"description\" content=\"Die Pumpentr\u00e4ger LMS und LDS von MP Filtri sind f\u00fcr robuste Hydrauliksysteme konzipiert und unterst\u00fctzen eine zuverl\u00e4ssige Kraft\u00fcbertragung.\" \/>\n<meta name=\"robots\" content=\"index, follow, max-snippet:-1, max-image-preview:large, max-video-preview:-1\" \/>\n<link rel=\"canonical\" href=\"https:\/\/www.mpfiltri.com\/de\/produkt\/lms-lds\/\" \/>\n<meta property=\"og:locale\" content=\"de_DE\" \/>\n<meta property=\"og:type\" content=\"article\" \/>\n<meta property=\"og:title\" content=\"Pumpentr\u00e4ger Hydraulik LMS LDS | Kraft\u00fcbertragungssystem\" \/>\n<meta property=\"og:description\" content=\"Die Pumpentr\u00e4ger LMS und LDS von MP Filtri sind f\u00fcr robuste Hydrauliksysteme konzipiert und unterst\u00fctzen eine zuverl\u00e4ssige Kraft\u00fcbertragung.\" \/>\n<meta property=\"og:url\" content=\"https:\/\/www.mpfiltri.com\/de\/produkt\/lms-lds\/\" \/>\n<meta property=\"og:site_name\" content=\"MP Filtri\" \/>\n<meta property=\"article:publisher\" content=\"https:\/\/www.facebook.com\/MPFiltriITA\" \/>\n<meta property=\"article:modified_time\" content=\"2026-04-10T14:52:36+00:00\" \/>\n<meta name=\"twitter:card\" content=\"summary_large_image\" \/>\n<meta name=\"twitter:label1\" content=\"Gesch\u00e4tzte Lesezeit\" \/>\n\t<meta name=\"twitter:data1\" content=\"2\u00a0Minuten\" \/>\n<script type=\"application\/ld+json\" class=\"yoast-schema-graph\">{\"@context\":\"https:\/\/schema.org\",\"@graph\":[{\"@type\":\"WebPage\",\"@id\":\"https:\/\/www.mpfiltri.com\/de\/produkt\/lms-lds\/\",\"url\":\"https:\/\/www.mpfiltri.com\/de\/produkt\/lms-lds\/\",\"name\":\"Pumpentr\u00e4ger Hydraulik LMS LDS | Kraft\u00fcbertragungssystem\",\"isPartOf\":{\"@id\":\"https:\/\/www.mpfiltri.com\/de\/#website\"},\"datePublished\":\"2025-06-16T14:43:14+00:00\",\"dateModified\":\"2026-04-10T14:52:36+00:00\",\"description\":\"Die Pumpentr\u00e4ger LMS und LDS von MP Filtri sind f\u00fcr robuste Hydrauliksysteme konzipiert und unterst\u00fctzen eine zuverl\u00e4ssige Kraft\u00fcbertragung.\",\"breadcrumb\":{\"@id\":\"https:\/\/www.mpfiltri.com\/de\/produkt\/lms-lds\/#breadcrumb\"},\"inLanguage\":\"de\",\"potentialAction\":[{\"@type\":\"ReadAction\",\"target\":[\"https:\/\/www.mpfiltri.com\/de\/produkt\/lms-lds\/\"]}]},{\"@type\":\"BreadcrumbList\",\"@id\":\"https:\/\/www.mpfiltri.com\/de\/produkt\/lms-lds\/#breadcrumb\",\"itemListElement\":[{\"@type\":\"ListItem\",\"position\":1,\"name\":\"Home\",\"item\":\"https:\/\/www.mpfiltri.com\/de\/\"},{\"@type\":\"ListItem\",\"position\":2,\"name\":\"Produkte\",\"item\":\"https:\/\/www.mpfiltri.com\/de\/shop\/\"},{\"@type\":\"ListItem\",\"position\":3,\"name\":\"LMS-LDS\"}]},{\"@type\":\"WebSite\",\"@id\":\"https:\/\/www.mpfiltri.com\/de\/#website\",\"url\":\"https:\/\/www.mpfiltri.com\/de\/\",\"name\":\"MP Filtri\",\"description\":\"\",\"publisher\":{\"@id\":\"https:\/\/www.mpfiltri.com\/de\/#organization\"},\"potentialAction\":[{\"@type\":\"SearchAction\",\"target\":{\"@type\":\"EntryPoint\",\"urlTemplate\":\"https:\/\/www.mpfiltri.com\/de\/?s={search_term_string}\"},\"query-input\":{\"@type\":\"PropertyValueSpecification\",\"valueRequired\":true,\"valueName\":\"search_term_string\"}}],\"inLanguage\":\"de\"},{\"@type\":\"Organization\",\"@id\":\"https:\/\/www.mpfiltri.com\/de\/#organization\",\"name\":\"MP Filtri\",\"url\":\"https:\/\/www.mpfiltri.com\/de\/\",\"logo\":{\"@type\":\"ImageObject\",\"inLanguage\":\"de\",\"@id\":\"https:\/\/www.mpfiltri.com\/de\/#\/schema\/logo\/image\/\",\"url\":\"\",\"contentUrl\":\"\",\"caption\":\"MP Filtri\"},\"image\":{\"@id\":\"https:\/\/www.mpfiltri.com\/de\/#\/schema\/logo\/image\/\"},\"sameAs\":[\"https:\/\/www.facebook.com\/MPFiltriITA\",\"https:\/\/www.instagram.com\/mpfiltri\/\",\"https:\/\/www.youtube.com\/channel\/UCCzNMySYc1c4M-2B4v0K_QA?view_as=subscriber\",\"https:\/\/www.linkedin.com\/company\/mp-filtri-spa\/\"]}]}<\/script>\n<!-- \/ Yoast SEO plugin. -->","yoast_head_json":{"title":"Pumpentr\u00e4ger Hydraulik LMS LDS | Kraft\u00fcbertragungssystem","description":"Die Pumpentr\u00e4ger LMS und LDS von MP Filtri sind f\u00fcr robuste Hydrauliksysteme konzipiert und unterst\u00fctzen eine zuverl\u00e4ssige Kraft\u00fcbertragung.","robots":{"index":"index","follow":"follow","max-snippet":"max-snippet:-1","max-image-preview":"max-image-preview:large","max-video-preview":"max-video-preview:-1"},"canonical":"https:\/\/www.mpfiltri.com\/de\/produkt\/lms-lds\/","og_locale":"de_DE","og_type":"article","og_title":"Pumpentr\u00e4ger Hydraulik LMS LDS | Kraft\u00fcbertragungssystem","og_description":"Die Pumpentr\u00e4ger LMS und LDS von MP Filtri sind f\u00fcr robuste Hydrauliksysteme konzipiert und unterst\u00fctzen eine zuverl\u00e4ssige Kraft\u00fcbertragung.","og_url":"https:\/\/www.mpfiltri.com\/de\/produkt\/lms-lds\/","og_site_name":"MP Filtri","article_publisher":"https:\/\/www.facebook.com\/MPFiltriITA","article_modified_time":"2026-04-10T14:52:36+00:00","twitter_card":"summary_large_image","twitter_misc":{"Gesch\u00e4tzte Lesezeit":"2\u00a0Minuten"},"schema":{"@context":"https:\/\/schema.org","@graph":[{"@type":"WebPage","@id":"https:\/\/www.mpfiltri.com\/de\/produkt\/lms-lds\/","url":"https:\/\/www.mpfiltri.com\/de\/produkt\/lms-lds\/","name":"Pumpentr\u00e4ger Hydraulik LMS LDS | Kraft\u00fcbertragungssystem","isPartOf":{"@id":"https:\/\/www.mpfiltri.com\/de\/#website"},"datePublished":"2025-06-16T14:43:14+00:00","dateModified":"2026-04-10T14:52:36+00:00","description":"Die Pumpentr\u00e4ger LMS und LDS von MP Filtri sind f\u00fcr robuste Hydrauliksysteme konzipiert und unterst\u00fctzen eine zuverl\u00e4ssige Kraft\u00fcbertragung.","breadcrumb":{"@id":"https:\/\/www.mpfiltri.com\/de\/produkt\/lms-lds\/#breadcrumb"},"inLanguage":"de","potentialAction":[{"@type":"ReadAction","target":["https:\/\/www.mpfiltri.com\/de\/produkt\/lms-lds\/"]}]},{"@type":"BreadcrumbList","@id":"https:\/\/www.mpfiltri.com\/de\/produkt\/lms-lds\/#breadcrumb","itemListElement":[{"@type":"ListItem","position":1,"name":"Home","item":"https:\/\/www.mpfiltri.com\/de\/"},{"@type":"ListItem","position":2,"name":"Produkte","item":"https:\/\/www.mpfiltri.com\/de\/shop\/"},{"@type":"ListItem","position":3,"name":"LMS-LDS"}]},{"@type":"WebSite","@id":"https:\/\/www.mpfiltri.com\/de\/#website","url":"https:\/\/www.mpfiltri.com\/de\/","name":"MP Filtri","description":"","publisher":{"@id":"https:\/\/www.mpfiltri.com\/de\/#organization"},"potentialAction":[{"@type":"SearchAction","target":{"@type":"EntryPoint","urlTemplate":"https:\/\/www.mpfiltri.com\/de\/?s={search_term_string}"},"query-input":{"@type":"PropertyValueSpecification","valueRequired":true,"valueName":"search_term_string"}}],"inLanguage":"de"},{"@type":"Organization","@id":"https:\/\/www.mpfiltri.com\/de\/#organization","name":"MP Filtri","url":"https:\/\/www.mpfiltri.com\/de\/","logo":{"@type":"ImageObject","inLanguage":"de","@id":"https:\/\/www.mpfiltri.com\/de\/#\/schema\/logo\/image\/","url":"","contentUrl":"","caption":"MP Filtri"},"image":{"@id":"https:\/\/www.mpfiltri.com\/de\/#\/schema\/logo\/image\/"},"sameAs":["https:\/\/www.facebook.com\/MPFiltriITA","https:\/\/www.instagram.com\/mpfiltri\/","https:\/\/www.youtube.com\/channel\/UCCzNMySYc1c4M-2B4v0K_QA?view_as=subscriber","https:\/\/www.linkedin.com\/company\/mp-filtri-spa\/"]}]}},"_links":{"self":[{"href":"https:\/\/www.mpfiltri.com\/de\/wp-json\/wp\/v2\/product\/77269","targetHints":{"allow":["GET"]}}],"collection":[{"href":"https:\/\/www.mpfiltri.com\/de\/wp-json\/wp\/v2\/product"}],"about":[{"href":"https:\/\/www.mpfiltri.com\/de\/wp-json\/wp\/v2\/types\/product"}],"replies":[{"embeddable":true,"href":"https:\/\/www.mpfiltri.com\/de\/wp-json\/wp\/v2\/comments?post=77269"}],"wp:attachment":[{"href":"https:\/\/www.mpfiltri.com\/de\/wp-json\/wp\/v2\/media?parent=77269"}],"wp:term":[{"taxonomy":"product-structure","embeddable":true,"href":"https:\/\/www.mpfiltri.com\/de\/wp-json\/wp\/v2\/product-structure?post=77269"},{"taxonomy":"product_brand","embeddable":true,"href":"https:\/\/www.mpfiltri.com\/de\/wp-json\/wp\/v2\/product_brand?post=77269"},{"taxonomy":"product_cat","embeddable":true,"href":"https:\/\/www.mpfiltri.com\/de\/wp-json\/wp\/v2\/product_cat?post=77269"},{"taxonomy":"product_tag","embeddable":true,"href":"https:\/\/www.mpfiltri.com\/de\/wp-json\/wp\/v2\/product_tag?post=77269"}],"curies":[{"name":"wp","href":"https:\/\/api.w.org\/{rel}","templated":true}]}}