

{"id":77257,"date":"2025-10-20T12:56:29","date_gmt":"2025-10-20T10:56:29","guid":{"rendered":"https:\/\/www.mpfiltri.com\/product\/produkt-3\/"},"modified":"2026-04-01T16:22:47","modified_gmt":"2026-04-01T14:22:47","slug":"staudruckanzeigen","status":"publish","type":"product","link":"https:\/\/www.mpfiltri.com\/de\/produkt\/staudruckanzeigen\/","title":{"rendered":"STAUDRUCKANZEIGEN"},"content":{"rendered":"<p><strong>Anzeigeprinzip der Verschmutzung<\/strong><\/p>\n<p>R\u00fccklauffilter sind als Tankeinbaufilter im Tank integriert oder auf ihrer Auslass-Seite mit dem Tank verbunden und dort gegen die Atmosph\u00e4re offen. Mit einer preiswerten Staudruckanzeige kann der zus\u00e4tzliche Widerstand eines sich verschmutzenden Filterelementes bestimmt und als Ma\u00df f\u00fcr die Verschmutzung herangenommen werden. Staudruckanzeigen sind mit dem Buchstaben &#8220;B&#8221; gekennzeichnet.<\/p>\n<p><strong>Baureihen<\/strong><\/p>\n<p>\u2022 Wartungsanzeigen Typ BVA\/BVR: optisch (Manometer)<\/p>\n<p>\u2022 Wartungsanzeige Typ BVP\/BVQ: optisch-mechanisch<\/p>\n<p>\u2022 Wartungsanzeige Typ BEA\/BEM: elektrisch mit Wechselschalter<\/p>\n<p>\u2022 Wartungsanzeige Typ BLA: optisch-elektrisch mit LED-Anzeige<\/p>\n<p><strong>Staudruckanzeigen optisch (Manometer): BVA\/BVR<\/strong><\/p>\n<p>Bei einem Manometer wird der Verschmutzungsgrad des Filterelements mittels eines Zeigers auf einer Skala abgelesen.<\/p>\n<p><strong>BVA:<\/strong> Anschluss axial; <strong>BVR:<\/strong> Anschluss radial<\/p>\n<p>\u2022 Anschlussgewinde: R1\/8&#8243; gem\u00e4\u00df EN 10226<\/p>\n<p>\u2022 Anzeigedruck: BVA\/BVR 14: 1,4 bar <u>+<\/u> 10%; BVA\/BVR 25: 2,5 bar <u>+<\/u> 10%<\/p>\n<p>\u2022 Betriebsdruck max.: statisch: 7 bar, dynamisch: 6 bar, kurzzeitig: 10 bar<\/p>\n<p>\u2022 Betriebstemperatur: -40 \u00b0C bis +60 \u00b0C<\/p>\n<p>\u2022 Geeignet f\u00fcr: Mineral\u00f6le, synthetische Fl\u00fcssigkeiten HFA, HFB, HFC gem\u00e4\u00df ISO 2943<\/p>\n<p>\u2022 Schutzart nach IP-Klassen: IP31 gem\u00e4\u00df EN 60529<\/p>\n<p>\u2022 Schl\u00fcsselweite: S\/W 11<\/p>\n<p>\u2022 Anzugsdrehmoment: handfest<\/p>\n<p><strong>Staudruckanzeigen optisch-mechanisch: BVP\/BVQ<\/strong><\/p>\n<p>Die Verschmutzung des Filterelements wird mittels eines farbigen Stifts angezeigt. Dieser Anzeigentyp ist sowohl mit automatischer R\u00fcckstellung (BVP) als auch mit manueller R\u00fcckstellung (BVQ) erh\u00e4ltlich.<\/p>\n<p><strong>BVP: <\/strong>Farbiger Stift mit automatischer R\u00fcckstellung<\/p>\n<p><strong>BVQ:<\/strong> Farbiger Stift mit manueller R\u00fcckstellung<\/p>\n<p>\u2022 Anschlussgewinde: R1\/8&#8243; gem\u00e4\u00df EN 10226<\/p>\n<p>\u2022 Anzeigedruck: BVP\/BVQ 15: 1,5 bar <u>+<\/u> 10%; BVP\/BVQ 20: 2,0 bar <u>+<\/u> 10%<\/p>\n<p>\u2022 Betriebsdruck max.: 10 bar<\/p>\n<p>\u2022 Pr\u00fcfdruck: 15 bar<\/p>\n<p>\u2022 Betriebstemperatur: -25 \u00b0C bis +80 \u00b0C<\/p>\n<p>\u2022 Schl\u00fcsselweite: S\/W 27<\/p>\n<p>\u2022 Anzugsdrehmoment: max. 25 Nm<\/p>\n<p>\u2022 Geeignet f\u00fcr: Mineral\u00f6le, synthetische Fl\u00fcssigkeiten HFA, HFB, HFC gem\u00e4\u00df ISO 2943<\/p>\n<p>\u2022 Schutzart nach IP-Klassen: IP45 gem\u00e4\u00df EN 60529<\/p>\n<p><strong>Staudruckanzeigen elektrisch: BEA\/BEM<\/strong><\/p>\n<p>Die BE-Baureihe basiert auf einem Druckschalter mit mehreren Schaltkontakten (\u00d6ffner\/Schlie\u00dfer), die bei Erreichen des Ansprechdrucks ein elektrisches Signal ausgeben. Der Grundk\u00f6rper (Druckschalter) der BEA-Baureihe findet auch in der BL-Baureihe mit optisch-elektrischer Anzeige Verwendung.<\/p>\n<p><strong>BEA: <\/strong>Wechselschalter mit vierpoligem Anschluss-Stecker<\/p>\n<p><strong>BEA: <\/strong>Wechselschalter mit vieradrigem Anschlusskabel<\/p>\n<p>\u2022 Anschlussgewinde: R1\/8&#8243; gem\u00e4\u00df EN 10226<\/p>\n<p>\u2022 Anzeigedruck: BEA\/BEM 15: 1,5 bar <u>+<\/u> 10%; BEA\/BEM 20: 2,0 bar <u>+<\/u> 10%<\/p>\n<p>\u2022 Betriebsdruck max.: 40 bar<\/p>\n<p>\u2022 Pr\u00fcfdruck: 60 bar<\/p>\n<p>\u2022 Betriebstemperatur: -25 \u00b0C bis +80 \u00b0C<\/p>\n<p>\u2022 Schl\u00fcsselweite: S\/W 27<\/p>\n<p>\u2022 Anzugsdrehmoment: max. 25 Nm<\/p>\n<p>\u2022 Geeignet f\u00fcr: Mineral\u00f6le, synthetische Fl\u00fcssigkeiten HFA, HFB, HFC gem\u00e4\u00df ISO 2943<\/p>\n<p>\u2022 Schutzart nach IP-Klassen: IP65 gem\u00e4\u00df EN 60529<\/p>\n<p>\u2022 CE-zertifiziert<\/p>\n<p><strong>Staudruckanzeigen optisch-elektrisch: BLA<\/strong><\/p>\n<p>Die BL-Baureihe, ausgestattet mit dem Grundk\u00f6rper der BEA-Baureihe, ist eine elektrische Verschmutzungsanzeige, die den Zustand des Filterelementes mittels einer LED-Leuchte im Anschluss-Stecker anzeigt. Es sind unterschiedliche Anschluss-Stecker f\u00fcr verschiedene Spannungen und Bauarten verf\u00fcgbar.<\/p>\n<p><strong>BLA-Baureihe: <\/strong>Wechselschalter mit LED-Anzeige im Anschluss-Stecker<\/p>\n<p>\u2022 Anschlussgewinde: R1\/8&#8243; gem\u00e4\u00df EN 10226<\/p>\n<p>\u2022 Anzeigedruck: BLA 15: 1,5 bar <u>+<\/u> 10%; BLA 20: 2,0 bar <u>+<\/u> 10%<\/p>\n<p>\u2022 Betriebsdruck max.: 40 bar<\/p>\n<p>\u2022 Pr\u00fcfdruck: 60 bar<\/p>\n<p>\u2022 Betriebstemperatur: -25 \u00b0C bis +80 \u00b0C<\/p>\n<p>\u2022 Schl\u00fcsselweite: S\/W 27<\/p>\n<p>\u2022 Anzugsdrehmoment: max. 25 Nm<\/p>\n<p>\u2022 Geeignet f\u00fcr: Mineral\u00f6le, synthetische Fl\u00fcssigkeiten HFA, HFB, HFC gem\u00e4\u00df ISO 2943<\/p>\n<p>\u2022 Schutzart nach IP-Klassen: IP65 gem\u00e4\u00df EN 60529<\/p>\n<p>\u2022 Elektrischer Anschluss: BL*51, BL*52, BL*53: Vierpoliger Ventilsteckverbinder; BL*71: Rundstecker M12<\/p>\n","protected":false},"excerpt":{"rendered":"<p>Anzeigeprinzip der Verschmutzung R\u00fccklauffilter sind als Tankeinbaufilter im Tank integriert oder auf ihrer Auslass-Seite mit dem Tank verbunden und dort gegen die Atmosph\u00e4re offen. Mit einer preiswerten Staudruckanzeige kann der zus\u00e4tzliche Widerstand eines sich verschmutzenden Filterelementes bestimmt und als Ma\u00df f\u00fcr die Verschmutzung herangenommen werden. Staudruckanzeigen sind mit dem Buchstaben &#8220;B&#8221; gekennzeichnet. Baureihen \u2022 Wartungsanzeigen [&hellip;]<\/p>\n","protected":false},"featured_media":0,"comment_status":"open","ping_status":"closed","template":"","meta":{"_acf_changed":false,"_gspb_post_css":"","inline_featured_image":false,"_genesis_hide_title":false,"_genesis_hide_breadcrumbs":false,"_genesis_hide_singular_image":false,"_genesis_hide_footer_widgets":false,"_genesis_custom_body_class":"","_genesis_custom_post_class":"","_genesis_layout":"","_links_to":"","_links_to_target":""},"product-structure":[62],"product_brand":[],"product_cat":[],"product_tag":[],"class_list":{"0":"post-77257","1":"product","2":"type-product","3":"status-publish","5":"product-structure-series","6":"entry","8":"first","9":"instock","10":"shipping-taxable","11":"product-type-simple"},"acf":[],"yoast_head":"<!-- This site is optimized with the Yoast SEO plugin v27.2 - https:\/\/yoast.com\/product\/yoast-seo-wordpress\/ -->\n<title>STAUDRUCKANZEIGEN - MP Filtri<\/title>\n<meta name=\"robots\" content=\"index, follow, max-snippet:-1, max-image-preview:large, max-video-preview:-1\" \/>\n<link rel=\"canonical\" href=\"https:\/\/www.mpfiltri.com\/de\/produkt\/staudruckanzeigen\/\" \/>\n<meta property=\"og:locale\" content=\"de_DE\" \/>\n<meta property=\"og:type\" content=\"article\" \/>\n<meta property=\"og:title\" content=\"STAUDRUCKANZEIGEN - MP Filtri\" \/>\n<meta property=\"og:description\" content=\"Anzeigeprinzip der Verschmutzung R\u00fccklauffilter sind als Tankeinbaufilter im Tank integriert oder auf ihrer Auslass-Seite mit dem Tank verbunden und dort gegen die Atmosph\u00e4re offen. Mit einer preiswerten Staudruckanzeige kann der zus\u00e4tzliche Widerstand eines sich verschmutzenden Filterelementes bestimmt und als Ma\u00df f\u00fcr die Verschmutzung herangenommen werden. Staudruckanzeigen sind mit dem Buchstaben &#8220;B&#8221; gekennzeichnet. Baureihen \u2022 Wartungsanzeigen [&hellip;]\" \/>\n<meta property=\"og:url\" content=\"https:\/\/www.mpfiltri.com\/de\/produkt\/staudruckanzeigen\/\" \/>\n<meta property=\"og:site_name\" content=\"MP Filtri\" \/>\n<meta property=\"article:publisher\" content=\"https:\/\/www.facebook.com\/MPFiltriITA\" \/>\n<meta property=\"article:modified_time\" content=\"2026-04-01T14:22:47+00:00\" \/>\n<meta name=\"twitter:card\" content=\"summary_large_image\" \/>\n<meta name=\"twitter:label1\" content=\"Gesch\u00e4tzte Lesezeit\" \/>\n\t<meta name=\"twitter:data1\" content=\"2\u00a0Minuten\" \/>\n<script type=\"application\/ld+json\" class=\"yoast-schema-graph\">{\"@context\":\"https:\/\/schema.org\",\"@graph\":[{\"@type\":\"WebPage\",\"@id\":\"https:\/\/www.mpfiltri.com\/de\/produkt\/staudruckanzeigen\/\",\"url\":\"https:\/\/www.mpfiltri.com\/de\/produkt\/staudruckanzeigen\/\",\"name\":\"STAUDRUCKANZEIGEN - MP Filtri\",\"isPartOf\":{\"@id\":\"https:\/\/www.mpfiltri.com\/de\/#website\"},\"datePublished\":\"2025-10-20T10:56:29+00:00\",\"dateModified\":\"2026-04-01T14:22:47+00:00\",\"breadcrumb\":{\"@id\":\"https:\/\/www.mpfiltri.com\/de\/produkt\/staudruckanzeigen\/#breadcrumb\"},\"inLanguage\":\"de\",\"potentialAction\":[{\"@type\":\"ReadAction\",\"target\":[\"https:\/\/www.mpfiltri.com\/de\/produkt\/staudruckanzeigen\/\"]}]},{\"@type\":\"BreadcrumbList\",\"@id\":\"https:\/\/www.mpfiltri.com\/de\/produkt\/staudruckanzeigen\/#breadcrumb\",\"itemListElement\":[{\"@type\":\"ListItem\",\"position\":1,\"name\":\"Home\",\"item\":\"https:\/\/www.mpfiltri.com\/de\/\"},{\"@type\":\"ListItem\",\"position\":2,\"name\":\"Produkte\",\"item\":\"https:\/\/www.mpfiltri.com\/de\/shop\/\"},{\"@type\":\"ListItem\",\"position\":3,\"name\":\"STAUDRUCKANZEIGEN\"}]},{\"@type\":\"WebSite\",\"@id\":\"https:\/\/www.mpfiltri.com\/de\/#website\",\"url\":\"https:\/\/www.mpfiltri.com\/de\/\",\"name\":\"MP Filtri\",\"description\":\"\",\"publisher\":{\"@id\":\"https:\/\/www.mpfiltri.com\/de\/#organization\"},\"potentialAction\":[{\"@type\":\"SearchAction\",\"target\":{\"@type\":\"EntryPoint\",\"urlTemplate\":\"https:\/\/www.mpfiltri.com\/de\/?s={search_term_string}\"},\"query-input\":{\"@type\":\"PropertyValueSpecification\",\"valueRequired\":true,\"valueName\":\"search_term_string\"}}],\"inLanguage\":\"de\"},{\"@type\":\"Organization\",\"@id\":\"https:\/\/www.mpfiltri.com\/de\/#organization\",\"name\":\"MP Filtri\",\"url\":\"https:\/\/www.mpfiltri.com\/de\/\",\"logo\":{\"@type\":\"ImageObject\",\"inLanguage\":\"de\",\"@id\":\"https:\/\/www.mpfiltri.com\/de\/#\/schema\/logo\/image\/\",\"url\":\"\",\"contentUrl\":\"\",\"caption\":\"MP Filtri\"},\"image\":{\"@id\":\"https:\/\/www.mpfiltri.com\/de\/#\/schema\/logo\/image\/\"},\"sameAs\":[\"https:\/\/www.facebook.com\/MPFiltriITA\",\"https:\/\/www.instagram.com\/mpfiltri\/\",\"https:\/\/www.youtube.com\/channel\/UCCzNMySYc1c4M-2B4v0K_QA?view_as=subscriber\",\"https:\/\/www.linkedin.com\/company\/mp-filtri-spa\/\"]}]}<\/script>\n<!-- \/ Yoast SEO plugin. -->","yoast_head_json":{"title":"STAUDRUCKANZEIGEN - MP Filtri","robots":{"index":"index","follow":"follow","max-snippet":"max-snippet:-1","max-image-preview":"max-image-preview:large","max-video-preview":"max-video-preview:-1"},"canonical":"https:\/\/www.mpfiltri.com\/de\/produkt\/staudruckanzeigen\/","og_locale":"de_DE","og_type":"article","og_title":"STAUDRUCKANZEIGEN - MP Filtri","og_description":"Anzeigeprinzip der Verschmutzung R\u00fccklauffilter sind als Tankeinbaufilter im Tank integriert oder auf ihrer Auslass-Seite mit dem Tank verbunden und dort gegen die Atmosph\u00e4re offen. Mit einer preiswerten Staudruckanzeige kann der zus\u00e4tzliche Widerstand eines sich verschmutzenden Filterelementes bestimmt und als Ma\u00df f\u00fcr die Verschmutzung herangenommen werden. Staudruckanzeigen sind mit dem Buchstaben &#8220;B&#8221; gekennzeichnet. Baureihen \u2022 Wartungsanzeigen [&hellip;]","og_url":"https:\/\/www.mpfiltri.com\/de\/produkt\/staudruckanzeigen\/","og_site_name":"MP Filtri","article_publisher":"https:\/\/www.facebook.com\/MPFiltriITA","article_modified_time":"2026-04-01T14:22:47+00:00","twitter_card":"summary_large_image","twitter_misc":{"Gesch\u00e4tzte Lesezeit":"2\u00a0Minuten"},"schema":{"@context":"https:\/\/schema.org","@graph":[{"@type":"WebPage","@id":"https:\/\/www.mpfiltri.com\/de\/produkt\/staudruckanzeigen\/","url":"https:\/\/www.mpfiltri.com\/de\/produkt\/staudruckanzeigen\/","name":"STAUDRUCKANZEIGEN - MP Filtri","isPartOf":{"@id":"https:\/\/www.mpfiltri.com\/de\/#website"},"datePublished":"2025-10-20T10:56:29+00:00","dateModified":"2026-04-01T14:22:47+00:00","breadcrumb":{"@id":"https:\/\/www.mpfiltri.com\/de\/produkt\/staudruckanzeigen\/#breadcrumb"},"inLanguage":"de","potentialAction":[{"@type":"ReadAction","target":["https:\/\/www.mpfiltri.com\/de\/produkt\/staudruckanzeigen\/"]}]},{"@type":"BreadcrumbList","@id":"https:\/\/www.mpfiltri.com\/de\/produkt\/staudruckanzeigen\/#breadcrumb","itemListElement":[{"@type":"ListItem","position":1,"name":"Home","item":"https:\/\/www.mpfiltri.com\/de\/"},{"@type":"ListItem","position":2,"name":"Produkte","item":"https:\/\/www.mpfiltri.com\/de\/shop\/"},{"@type":"ListItem","position":3,"name":"STAUDRUCKANZEIGEN"}]},{"@type":"WebSite","@id":"https:\/\/www.mpfiltri.com\/de\/#website","url":"https:\/\/www.mpfiltri.com\/de\/","name":"MP Filtri","description":"","publisher":{"@id":"https:\/\/www.mpfiltri.com\/de\/#organization"},"potentialAction":[{"@type":"SearchAction","target":{"@type":"EntryPoint","urlTemplate":"https:\/\/www.mpfiltri.com\/de\/?s={search_term_string}"},"query-input":{"@type":"PropertyValueSpecification","valueRequired":true,"valueName":"search_term_string"}}],"inLanguage":"de"},{"@type":"Organization","@id":"https:\/\/www.mpfiltri.com\/de\/#organization","name":"MP Filtri","url":"https:\/\/www.mpfiltri.com\/de\/","logo":{"@type":"ImageObject","inLanguage":"de","@id":"https:\/\/www.mpfiltri.com\/de\/#\/schema\/logo\/image\/","url":"","contentUrl":"","caption":"MP Filtri"},"image":{"@id":"https:\/\/www.mpfiltri.com\/de\/#\/schema\/logo\/image\/"},"sameAs":["https:\/\/www.facebook.com\/MPFiltriITA","https:\/\/www.instagram.com\/mpfiltri\/","https:\/\/www.youtube.com\/channel\/UCCzNMySYc1c4M-2B4v0K_QA?view_as=subscriber","https:\/\/www.linkedin.com\/company\/mp-filtri-spa\/"]}]}},"_links":{"self":[{"href":"https:\/\/www.mpfiltri.com\/de\/wp-json\/wp\/v2\/product\/77257","targetHints":{"allow":["GET"]}}],"collection":[{"href":"https:\/\/www.mpfiltri.com\/de\/wp-json\/wp\/v2\/product"}],"about":[{"href":"https:\/\/www.mpfiltri.com\/de\/wp-json\/wp\/v2\/types\/product"}],"replies":[{"embeddable":true,"href":"https:\/\/www.mpfiltri.com\/de\/wp-json\/wp\/v2\/comments?post=77257"}],"wp:attachment":[{"href":"https:\/\/www.mpfiltri.com\/de\/wp-json\/wp\/v2\/media?parent=77257"}],"wp:term":[{"taxonomy":"product-structure","embeddable":true,"href":"https:\/\/www.mpfiltri.com\/de\/wp-json\/wp\/v2\/product-structure?post=77257"},{"taxonomy":"product_brand","embeddable":true,"href":"https:\/\/www.mpfiltri.com\/de\/wp-json\/wp\/v2\/product_brand?post=77257"},{"taxonomy":"product_cat","embeddable":true,"href":"https:\/\/www.mpfiltri.com\/de\/wp-json\/wp\/v2\/product_cat?post=77257"},{"taxonomy":"product_tag","embeddable":true,"href":"https:\/\/www.mpfiltri.com\/de\/wp-json\/wp\/v2\/product_tag?post=77257"}],"curies":[{"name":"wp","href":"https:\/\/api.w.org\/{rel}","templated":true}]}}