

{"id":77252,"date":"2025-06-16T16:38:45","date_gmt":"2025-06-16T14:38:45","guid":{"rendered":"https:\/\/www.mpfiltri.com\/product\/produkt-3\/"},"modified":"2026-04-01T16:24:11","modified_gmt":"2026-04-01T14:24:11","slug":"sges-ege-e-pto-system","status":"publish","type":"product","link":"https:\/\/www.mpfiltri.com\/de\/produkt\/sges-ege-e-pto-system\/","title":{"rendered":"SGES + EGE (e-PTO SYSTEM)"},"content":{"rendered":"<p>MP Filtri beteiligt sich an der Entwicklung nachhaltiger Technologien, beispielsweise durch die Integration elektrischer Nebenantriebe (e-PTO-Systeme) in bordeigene Hydrauliksysteme von Elektro- und Hybridfahrzeugen, z.B. f\u00fcr Zementmischer, Flugzeugschlepper, Kehrmaschinen, Ladekr\u00e4ne und viele weitere.<\/p>\n<p>Das e-PTO-System nutzt die elektrische Energie eines Banke e-PTO anstelle des herk\u00f6mmlichen Diesels. Diese Innovation stellt einen bedeutenden Schritt in Richtung Nachhaltigkeit und Energieeffizienz im Industriefahrzeugsektor dar.<\/p>\n<p>Einer der Hauptvorteile des Banke e-PTO-Systems ist sein ger\u00e4uscharmer Betrieb und seine CO<sup>2<\/sup>-Emissionsfreiheit. Dieses System erm\u00f6glicht eine Reduktion des Energieverbrauchs der hydraulischen Bordsysteme um bis zu 50%.<\/p>\n<p>\u2022 Die Kupplungen sind verf\u00fcgbar f\u00fcr IEC-Elektromotoren der Gr\u00f6\u00dfen 63 bis 355.<\/p>\n<p>\u2022 Je nach Anwendung hergestellt aus Aluminium- oder Stahlguss.<\/p>\n<p>\u2022 Vorbereitet f\u00fcr zylindrische Bohrungen nach metrischem oder imperialem System<\/p>\n<p>\u2022 Intelligentes elektronisches Steuerungssystem<\/p>\n<p>\u2022 Vorbereitet f\u00fcr keilf\u00f6rmige Wellenzapfen gem\u00e4\u00df DIN und SAE<\/p>\n<p>\u2022 Pumpenseitige Kupplungsh\u00e4lfte kundenspezifisch anpassbar<\/p>\n","protected":false},"excerpt":{"rendered":"<p>MP Filtri beteiligt sich an der Entwicklung nachhaltiger Technologien, beispielsweise durch die Integration elektrischer Nebenantriebe (e-PTO-Systeme) in bordeigene Hydrauliksysteme von Elektro- und Hybridfahrzeugen, z.B. f\u00fcr Zementmischer, Flugzeugschlepper, Kehrmaschinen, Ladekr\u00e4ne und viele weitere. Das e-PTO-System nutzt die elektrische Energie eines Banke e-PTO anstelle des herk\u00f6mmlichen Diesels. Diese Innovation stellt einen bedeutenden Schritt in Richtung Nachhaltigkeit und [&hellip;]<\/p>\n","protected":false},"featured_media":0,"comment_status":"open","ping_status":"closed","template":"","meta":{"_acf_changed":false,"_gspb_post_css":"","inline_featured_image":false,"_genesis_hide_title":false,"_genesis_hide_breadcrumbs":false,"_genesis_hide_singular_image":false,"_genesis_hide_footer_widgets":false,"_genesis_custom_body_class":"","_genesis_custom_post_class":"","_genesis_layout":"","_links_to":"","_links_to_target":""},"product-structure":[62],"product_brand":[],"product_cat":[13189,13224,13196],"product_tag":[],"class_list":{"0":"post-77252","1":"product","2":"type-product","3":"status-publish","5":"product-structure-series","6":"product_cat-anwendungen","7":"product_cat-kommunaltechnik-und-nutzfahrzeuge","8":"product_cat-mobile-anwendungen","9":"entry","11":"first","12":"instock","13":"shipping-taxable","14":"product-type-simple"},"acf":[],"yoast_head":"<!-- This site is optimized with the Yoast SEO plugin v27.2 - https:\/\/yoast.com\/product\/yoast-seo-wordpress\/ -->\n<title>SGES + EGE (e-PTO SYSTEM) - MP Filtri<\/title>\n<meta name=\"robots\" content=\"index, follow, max-snippet:-1, max-image-preview:large, max-video-preview:-1\" \/>\n<link rel=\"canonical\" href=\"https:\/\/www.mpfiltri.com\/de\/produkt\/sges-ege-e-pto-system\/\" \/>\n<meta property=\"og:locale\" content=\"de_DE\" \/>\n<meta property=\"og:type\" content=\"article\" \/>\n<meta property=\"og:title\" content=\"SGES + EGE (e-PTO SYSTEM) - MP Filtri\" \/>\n<meta property=\"og:description\" content=\"MP Filtri beteiligt sich an der Entwicklung nachhaltiger Technologien, beispielsweise durch die Integration elektrischer Nebenantriebe (e-PTO-Systeme) in bordeigene Hydrauliksysteme von Elektro- und Hybridfahrzeugen, z.B. f\u00fcr Zementmischer, Flugzeugschlepper, Kehrmaschinen, Ladekr\u00e4ne und viele weitere. Das e-PTO-System nutzt die elektrische Energie eines Banke e-PTO anstelle des herk\u00f6mmlichen Diesels. Diese Innovation stellt einen bedeutenden Schritt in Richtung Nachhaltigkeit und [&hellip;]\" \/>\n<meta property=\"og:url\" content=\"https:\/\/www.mpfiltri.com\/de\/produkt\/sges-ege-e-pto-system\/\" \/>\n<meta property=\"og:site_name\" content=\"MP Filtri\" \/>\n<meta property=\"article:publisher\" content=\"https:\/\/www.facebook.com\/MPFiltriITA\" \/>\n<meta property=\"article:modified_time\" content=\"2026-04-01T14:24:11+00:00\" \/>\n<meta name=\"twitter:card\" content=\"summary_large_image\" \/>\n<meta name=\"twitter:label1\" content=\"Gesch\u00e4tzte Lesezeit\" \/>\n\t<meta name=\"twitter:data1\" content=\"1\u00a0Minute\" \/>\n<script type=\"application\/ld+json\" class=\"yoast-schema-graph\">{\"@context\":\"https:\/\/schema.org\",\"@graph\":[{\"@type\":\"WebPage\",\"@id\":\"https:\/\/www.mpfiltri.com\/de\/produkt\/sges-ege-e-pto-system\/\",\"url\":\"https:\/\/www.mpfiltri.com\/de\/produkt\/sges-ege-e-pto-system\/\",\"name\":\"SGES + EGE (e-PTO SYSTEM) - MP Filtri\",\"isPartOf\":{\"@id\":\"https:\/\/www.mpfiltri.com\/de\/#website\"},\"datePublished\":\"2025-06-16T14:38:45+00:00\",\"dateModified\":\"2026-04-01T14:24:11+00:00\",\"breadcrumb\":{\"@id\":\"https:\/\/www.mpfiltri.com\/de\/produkt\/sges-ege-e-pto-system\/#breadcrumb\"},\"inLanguage\":\"de\",\"potentialAction\":[{\"@type\":\"ReadAction\",\"target\":[\"https:\/\/www.mpfiltri.com\/de\/produkt\/sges-ege-e-pto-system\/\"]}]},{\"@type\":\"BreadcrumbList\",\"@id\":\"https:\/\/www.mpfiltri.com\/de\/produkt\/sges-ege-e-pto-system\/#breadcrumb\",\"itemListElement\":[{\"@type\":\"ListItem\",\"position\":1,\"name\":\"Home\",\"item\":\"https:\/\/www.mpfiltri.com\/de\/\"},{\"@type\":\"ListItem\",\"position\":2,\"name\":\"Produkte\",\"item\":\"https:\/\/www.mpfiltri.com\/de\/shop\/\"},{\"@type\":\"ListItem\",\"position\":3,\"name\":\"SGES + EGE (e-PTO SYSTEM)\"}]},{\"@type\":\"WebSite\",\"@id\":\"https:\/\/www.mpfiltri.com\/de\/#website\",\"url\":\"https:\/\/www.mpfiltri.com\/de\/\",\"name\":\"MP Filtri\",\"description\":\"\",\"publisher\":{\"@id\":\"https:\/\/www.mpfiltri.com\/de\/#organization\"},\"potentialAction\":[{\"@type\":\"SearchAction\",\"target\":{\"@type\":\"EntryPoint\",\"urlTemplate\":\"https:\/\/www.mpfiltri.com\/de\/?s={search_term_string}\"},\"query-input\":{\"@type\":\"PropertyValueSpecification\",\"valueRequired\":true,\"valueName\":\"search_term_string\"}}],\"inLanguage\":\"de\"},{\"@type\":\"Organization\",\"@id\":\"https:\/\/www.mpfiltri.com\/de\/#organization\",\"name\":\"MP Filtri\",\"url\":\"https:\/\/www.mpfiltri.com\/de\/\",\"logo\":{\"@type\":\"ImageObject\",\"inLanguage\":\"de\",\"@id\":\"https:\/\/www.mpfiltri.com\/de\/#\/schema\/logo\/image\/\",\"url\":\"\",\"contentUrl\":\"\",\"caption\":\"MP Filtri\"},\"image\":{\"@id\":\"https:\/\/www.mpfiltri.com\/de\/#\/schema\/logo\/image\/\"},\"sameAs\":[\"https:\/\/www.facebook.com\/MPFiltriITA\",\"https:\/\/www.instagram.com\/mpfiltri\/\",\"https:\/\/www.youtube.com\/channel\/UCCzNMySYc1c4M-2B4v0K_QA?view_as=subscriber\",\"https:\/\/www.linkedin.com\/company\/mp-filtri-spa\/\"]}]}<\/script>\n<!-- \/ Yoast SEO plugin. -->","yoast_head_json":{"title":"SGES + EGE (e-PTO SYSTEM) - MP Filtri","robots":{"index":"index","follow":"follow","max-snippet":"max-snippet:-1","max-image-preview":"max-image-preview:large","max-video-preview":"max-video-preview:-1"},"canonical":"https:\/\/www.mpfiltri.com\/de\/produkt\/sges-ege-e-pto-system\/","og_locale":"de_DE","og_type":"article","og_title":"SGES + EGE (e-PTO SYSTEM) - MP Filtri","og_description":"MP Filtri beteiligt sich an der Entwicklung nachhaltiger Technologien, beispielsweise durch die Integration elektrischer Nebenantriebe (e-PTO-Systeme) in bordeigene Hydrauliksysteme von Elektro- und Hybridfahrzeugen, z.B. f\u00fcr Zementmischer, Flugzeugschlepper, Kehrmaschinen, Ladekr\u00e4ne und viele weitere. Das e-PTO-System nutzt die elektrische Energie eines Banke e-PTO anstelle des herk\u00f6mmlichen Diesels. Diese Innovation stellt einen bedeutenden Schritt in Richtung Nachhaltigkeit und [&hellip;]","og_url":"https:\/\/www.mpfiltri.com\/de\/produkt\/sges-ege-e-pto-system\/","og_site_name":"MP Filtri","article_publisher":"https:\/\/www.facebook.com\/MPFiltriITA","article_modified_time":"2026-04-01T14:24:11+00:00","twitter_card":"summary_large_image","twitter_misc":{"Gesch\u00e4tzte Lesezeit":"1\u00a0Minute"},"schema":{"@context":"https:\/\/schema.org","@graph":[{"@type":"WebPage","@id":"https:\/\/www.mpfiltri.com\/de\/produkt\/sges-ege-e-pto-system\/","url":"https:\/\/www.mpfiltri.com\/de\/produkt\/sges-ege-e-pto-system\/","name":"SGES + EGE (e-PTO SYSTEM) - MP Filtri","isPartOf":{"@id":"https:\/\/www.mpfiltri.com\/de\/#website"},"datePublished":"2025-06-16T14:38:45+00:00","dateModified":"2026-04-01T14:24:11+00:00","breadcrumb":{"@id":"https:\/\/www.mpfiltri.com\/de\/produkt\/sges-ege-e-pto-system\/#breadcrumb"},"inLanguage":"de","potentialAction":[{"@type":"ReadAction","target":["https:\/\/www.mpfiltri.com\/de\/produkt\/sges-ege-e-pto-system\/"]}]},{"@type":"BreadcrumbList","@id":"https:\/\/www.mpfiltri.com\/de\/produkt\/sges-ege-e-pto-system\/#breadcrumb","itemListElement":[{"@type":"ListItem","position":1,"name":"Home","item":"https:\/\/www.mpfiltri.com\/de\/"},{"@type":"ListItem","position":2,"name":"Produkte","item":"https:\/\/www.mpfiltri.com\/de\/shop\/"},{"@type":"ListItem","position":3,"name":"SGES + EGE (e-PTO SYSTEM)"}]},{"@type":"WebSite","@id":"https:\/\/www.mpfiltri.com\/de\/#website","url":"https:\/\/www.mpfiltri.com\/de\/","name":"MP Filtri","description":"","publisher":{"@id":"https:\/\/www.mpfiltri.com\/de\/#organization"},"potentialAction":[{"@type":"SearchAction","target":{"@type":"EntryPoint","urlTemplate":"https:\/\/www.mpfiltri.com\/de\/?s={search_term_string}"},"query-input":{"@type":"PropertyValueSpecification","valueRequired":true,"valueName":"search_term_string"}}],"inLanguage":"de"},{"@type":"Organization","@id":"https:\/\/www.mpfiltri.com\/de\/#organization","name":"MP Filtri","url":"https:\/\/www.mpfiltri.com\/de\/","logo":{"@type":"ImageObject","inLanguage":"de","@id":"https:\/\/www.mpfiltri.com\/de\/#\/schema\/logo\/image\/","url":"","contentUrl":"","caption":"MP Filtri"},"image":{"@id":"https:\/\/www.mpfiltri.com\/de\/#\/schema\/logo\/image\/"},"sameAs":["https:\/\/www.facebook.com\/MPFiltriITA","https:\/\/www.instagram.com\/mpfiltri\/","https:\/\/www.youtube.com\/channel\/UCCzNMySYc1c4M-2B4v0K_QA?view_as=subscriber","https:\/\/www.linkedin.com\/company\/mp-filtri-spa\/"]}]}},"_links":{"self":[{"href":"https:\/\/www.mpfiltri.com\/de\/wp-json\/wp\/v2\/product\/77252","targetHints":{"allow":["GET"]}}],"collection":[{"href":"https:\/\/www.mpfiltri.com\/de\/wp-json\/wp\/v2\/product"}],"about":[{"href":"https:\/\/www.mpfiltri.com\/de\/wp-json\/wp\/v2\/types\/product"}],"replies":[{"embeddable":true,"href":"https:\/\/www.mpfiltri.com\/de\/wp-json\/wp\/v2\/comments?post=77252"}],"wp:attachment":[{"href":"https:\/\/www.mpfiltri.com\/de\/wp-json\/wp\/v2\/media?parent=77252"}],"wp:term":[{"taxonomy":"product-structure","embeddable":true,"href":"https:\/\/www.mpfiltri.com\/de\/wp-json\/wp\/v2\/product-structure?post=77252"},{"taxonomy":"product_brand","embeddable":true,"href":"https:\/\/www.mpfiltri.com\/de\/wp-json\/wp\/v2\/product_brand?post=77252"},{"taxonomy":"product_cat","embeddable":true,"href":"https:\/\/www.mpfiltri.com\/de\/wp-json\/wp\/v2\/product_cat?post=77252"},{"taxonomy":"product_tag","embeddable":true,"href":"https:\/\/www.mpfiltri.com\/de\/wp-json\/wp\/v2\/product_tag?post=77252"}],"curies":[{"name":"wp","href":"https:\/\/api.w.org\/{rel}","templated":true}]}}