

{"id":77161,"date":"2025-06-18T10:58:29","date_gmt":"2025-06-18T08:58:29","guid":{"rendered":"https:\/\/www.mpfiltri.com\/product\/produkt-3\/"},"modified":"2026-04-01T16:23:13","modified_gmt":"2026-04-01T14:23:13","slug":"se10lt","status":"publish","type":"product","link":"https:\/\/www.mpfiltri.com\/de\/produkt\/se10lt\/","title":{"rendered":"SE10LT"},"content":{"rendered":"<p>Der <strong>Fl\u00fcssigkeitstank SE10LT<\/strong> ist aus einer Aluminiumlegierung im Druckgussverfahren hergestellt. Er zeichnet sich durch \u00fcberragende Festigkeit und optimales Design aus und eignet sich ideal f\u00fcr kompakte Hydraulikaggregate.<\/p>\n<p>Gro\u00dfz\u00fcgig dimensionierte K\u00fchlrippen sorgen f\u00fcr eine effiziente K\u00fchlung.<\/p>\n<p>Der Tank wird geliefert mit<\/p>\n<p>\u2022 M6-Gewindebohrungen f\u00fcr den Deckel<\/p>\n<p>\u2022 F\u00fc\u00dfe mit M8-Gewindebefestigungsl\u00f6chern<\/p>\n<p>\u2022 G 3\/8&#8243;-Gewinde-Abfluss\u00f6ffnung<\/p>\n<p>Der Deckel wird durch eine Dichtung aus Spezialpapier abgedichtet, die separat unter Angabe der Artikelnummer \u201eGUS 10.0\u201d bestellt werden muss. <\/p>\n","protected":false},"excerpt":{"rendered":"<p>Der Fl\u00fcssigkeitstank SE10LT ist aus einer Aluminiumlegierung im Druckgussverfahren hergestellt. Er zeichnet sich durch \u00fcberragende Festigkeit und optimales Design aus und eignet sich ideal f\u00fcr kompakte Hydraulikaggregate. Gro\u00dfz\u00fcgig dimensionierte K\u00fchlrippen sorgen f\u00fcr eine effiziente K\u00fchlung. Der Tank wird geliefert mit \u2022 M6-Gewindebohrungen f\u00fcr den Deckel \u2022 F\u00fc\u00dfe mit M8-Gewindebefestigungsl\u00f6chern \u2022 G 3\/8&#8243;-Gewinde-Abfluss\u00f6ffnung Der Deckel wird [&hellip;]<\/p>\n","protected":false},"featured_media":0,"comment_status":"open","ping_status":"closed","template":"","meta":{"_acf_changed":false,"_gspb_post_css":"","inline_featured_image":false,"_genesis_hide_title":false,"_genesis_hide_breadcrumbs":false,"_genesis_hide_singular_image":false,"_genesis_hide_footer_widgets":false,"_genesis_custom_body_class":"","_genesis_custom_post_class":"","_genesis_layout":"","_links_to":"","_links_to_target":""},"product-structure":[62],"product_brand":[],"product_cat":[13189,13250,13290,13161,13196,13230,13230,13290],"product_tag":[],"class_list":{"0":"post-77161","1":"product","2":"type-product","3":"status-publish","5":"product-structure-series","6":"product_cat-anwendungen","7":"product_cat-energie","8":"product_cat-hydraulikanlagen","9":"product_cat-land-und-forstmaschinen","10":"product_cat-mobile-anwendungen","11":"product_cat-stationaere-anwendungen","14":"entry","16":"first","17":"instock","18":"shipping-taxable","19":"product-type-simple"},"acf":[],"yoast_head":"<!-- This site is optimized with the Yoast SEO plugin v27.2 - https:\/\/yoast.com\/product\/yoast-seo-wordpress\/ -->\n<title>SE10LT - MP Filtri<\/title>\n<meta name=\"robots\" content=\"index, follow, max-snippet:-1, max-image-preview:large, max-video-preview:-1\" \/>\n<link rel=\"canonical\" href=\"https:\/\/www.mpfiltri.com\/de\/produkt\/se10lt\/\" \/>\n<meta property=\"og:locale\" content=\"de_DE\" \/>\n<meta property=\"og:type\" content=\"article\" \/>\n<meta property=\"og:title\" content=\"SE10LT - MP Filtri\" \/>\n<meta property=\"og:description\" content=\"Der Fl\u00fcssigkeitstank SE10LT ist aus einer Aluminiumlegierung im Druckgussverfahren hergestellt. Er zeichnet sich durch \u00fcberragende Festigkeit und optimales Design aus und eignet sich ideal f\u00fcr kompakte Hydraulikaggregate. Gro\u00dfz\u00fcgig dimensionierte K\u00fchlrippen sorgen f\u00fcr eine effiziente K\u00fchlung. Der Tank wird geliefert mit \u2022 M6-Gewindebohrungen f\u00fcr den Deckel \u2022 F\u00fc\u00dfe mit M8-Gewindebefestigungsl\u00f6chern \u2022 G 3\/8&#8243;-Gewinde-Abfluss\u00f6ffnung Der Deckel wird [&hellip;]\" \/>\n<meta property=\"og:url\" content=\"https:\/\/www.mpfiltri.com\/de\/produkt\/se10lt\/\" \/>\n<meta property=\"og:site_name\" content=\"MP Filtri\" \/>\n<meta property=\"article:publisher\" content=\"https:\/\/www.facebook.com\/MPFiltriITA\" \/>\n<meta property=\"article:modified_time\" content=\"2026-04-01T14:23:13+00:00\" \/>\n<meta name=\"twitter:card\" content=\"summary_large_image\" \/>\n<script type=\"application\/ld+json\" class=\"yoast-schema-graph\">{\"@context\":\"https:\/\/schema.org\",\"@graph\":[{\"@type\":\"WebPage\",\"@id\":\"https:\/\/www.mpfiltri.com\/de\/produkt\/se10lt\/\",\"url\":\"https:\/\/www.mpfiltri.com\/de\/produkt\/se10lt\/\",\"name\":\"SE10LT - MP Filtri\",\"isPartOf\":{\"@id\":\"https:\/\/www.mpfiltri.com\/de\/#website\"},\"datePublished\":\"2025-06-18T08:58:29+00:00\",\"dateModified\":\"2026-04-01T14:23:13+00:00\",\"breadcrumb\":{\"@id\":\"https:\/\/www.mpfiltri.com\/de\/produkt\/se10lt\/#breadcrumb\"},\"inLanguage\":\"de\",\"potentialAction\":[{\"@type\":\"ReadAction\",\"target\":[\"https:\/\/www.mpfiltri.com\/de\/produkt\/se10lt\/\"]}]},{\"@type\":\"BreadcrumbList\",\"@id\":\"https:\/\/www.mpfiltri.com\/de\/produkt\/se10lt\/#breadcrumb\",\"itemListElement\":[{\"@type\":\"ListItem\",\"position\":1,\"name\":\"Home\",\"item\":\"https:\/\/www.mpfiltri.com\/de\/\"},{\"@type\":\"ListItem\",\"position\":2,\"name\":\"Produkte\",\"item\":\"https:\/\/www.mpfiltri.com\/de\/shop\/\"},{\"@type\":\"ListItem\",\"position\":3,\"name\":\"SE10LT\"}]},{\"@type\":\"WebSite\",\"@id\":\"https:\/\/www.mpfiltri.com\/de\/#website\",\"url\":\"https:\/\/www.mpfiltri.com\/de\/\",\"name\":\"MP Filtri\",\"description\":\"\",\"publisher\":{\"@id\":\"https:\/\/www.mpfiltri.com\/de\/#organization\"},\"potentialAction\":[{\"@type\":\"SearchAction\",\"target\":{\"@type\":\"EntryPoint\",\"urlTemplate\":\"https:\/\/www.mpfiltri.com\/de\/?s={search_term_string}\"},\"query-input\":{\"@type\":\"PropertyValueSpecification\",\"valueRequired\":true,\"valueName\":\"search_term_string\"}}],\"inLanguage\":\"de\"},{\"@type\":\"Organization\",\"@id\":\"https:\/\/www.mpfiltri.com\/de\/#organization\",\"name\":\"MP Filtri\",\"url\":\"https:\/\/www.mpfiltri.com\/de\/\",\"logo\":{\"@type\":\"ImageObject\",\"inLanguage\":\"de\",\"@id\":\"https:\/\/www.mpfiltri.com\/de\/#\/schema\/logo\/image\/\",\"url\":\"\",\"contentUrl\":\"\",\"caption\":\"MP Filtri\"},\"image\":{\"@id\":\"https:\/\/www.mpfiltri.com\/de\/#\/schema\/logo\/image\/\"},\"sameAs\":[\"https:\/\/www.facebook.com\/MPFiltriITA\",\"https:\/\/www.instagram.com\/mpfiltri\/\",\"https:\/\/www.youtube.com\/channel\/UCCzNMySYc1c4M-2B4v0K_QA?view_as=subscriber\",\"https:\/\/www.linkedin.com\/company\/mp-filtri-spa\/\"]}]}<\/script>\n<!-- \/ Yoast SEO plugin. -->","yoast_head_json":{"title":"SE10LT - MP Filtri","robots":{"index":"index","follow":"follow","max-snippet":"max-snippet:-1","max-image-preview":"max-image-preview:large","max-video-preview":"max-video-preview:-1"},"canonical":"https:\/\/www.mpfiltri.com\/de\/produkt\/se10lt\/","og_locale":"de_DE","og_type":"article","og_title":"SE10LT - MP Filtri","og_description":"Der Fl\u00fcssigkeitstank SE10LT ist aus einer Aluminiumlegierung im Druckgussverfahren hergestellt. Er zeichnet sich durch \u00fcberragende Festigkeit und optimales Design aus und eignet sich ideal f\u00fcr kompakte Hydraulikaggregate. Gro\u00dfz\u00fcgig dimensionierte K\u00fchlrippen sorgen f\u00fcr eine effiziente K\u00fchlung. Der Tank wird geliefert mit \u2022 M6-Gewindebohrungen f\u00fcr den Deckel \u2022 F\u00fc\u00dfe mit M8-Gewindebefestigungsl\u00f6chern \u2022 G 3\/8&#8243;-Gewinde-Abfluss\u00f6ffnung Der Deckel wird [&hellip;]","og_url":"https:\/\/www.mpfiltri.com\/de\/produkt\/se10lt\/","og_site_name":"MP Filtri","article_publisher":"https:\/\/www.facebook.com\/MPFiltriITA","article_modified_time":"2026-04-01T14:23:13+00:00","twitter_card":"summary_large_image","schema":{"@context":"https:\/\/schema.org","@graph":[{"@type":"WebPage","@id":"https:\/\/www.mpfiltri.com\/de\/produkt\/se10lt\/","url":"https:\/\/www.mpfiltri.com\/de\/produkt\/se10lt\/","name":"SE10LT - MP Filtri","isPartOf":{"@id":"https:\/\/www.mpfiltri.com\/de\/#website"},"datePublished":"2025-06-18T08:58:29+00:00","dateModified":"2026-04-01T14:23:13+00:00","breadcrumb":{"@id":"https:\/\/www.mpfiltri.com\/de\/produkt\/se10lt\/#breadcrumb"},"inLanguage":"de","potentialAction":[{"@type":"ReadAction","target":["https:\/\/www.mpfiltri.com\/de\/produkt\/se10lt\/"]}]},{"@type":"BreadcrumbList","@id":"https:\/\/www.mpfiltri.com\/de\/produkt\/se10lt\/#breadcrumb","itemListElement":[{"@type":"ListItem","position":1,"name":"Home","item":"https:\/\/www.mpfiltri.com\/de\/"},{"@type":"ListItem","position":2,"name":"Produkte","item":"https:\/\/www.mpfiltri.com\/de\/shop\/"},{"@type":"ListItem","position":3,"name":"SE10LT"}]},{"@type":"WebSite","@id":"https:\/\/www.mpfiltri.com\/de\/#website","url":"https:\/\/www.mpfiltri.com\/de\/","name":"MP Filtri","description":"","publisher":{"@id":"https:\/\/www.mpfiltri.com\/de\/#organization"},"potentialAction":[{"@type":"SearchAction","target":{"@type":"EntryPoint","urlTemplate":"https:\/\/www.mpfiltri.com\/de\/?s={search_term_string}"},"query-input":{"@type":"PropertyValueSpecification","valueRequired":true,"valueName":"search_term_string"}}],"inLanguage":"de"},{"@type":"Organization","@id":"https:\/\/www.mpfiltri.com\/de\/#organization","name":"MP Filtri","url":"https:\/\/www.mpfiltri.com\/de\/","logo":{"@type":"ImageObject","inLanguage":"de","@id":"https:\/\/www.mpfiltri.com\/de\/#\/schema\/logo\/image\/","url":"","contentUrl":"","caption":"MP Filtri"},"image":{"@id":"https:\/\/www.mpfiltri.com\/de\/#\/schema\/logo\/image\/"},"sameAs":["https:\/\/www.facebook.com\/MPFiltriITA","https:\/\/www.instagram.com\/mpfiltri\/","https:\/\/www.youtube.com\/channel\/UCCzNMySYc1c4M-2B4v0K_QA?view_as=subscriber","https:\/\/www.linkedin.com\/company\/mp-filtri-spa\/"]}]}},"_links":{"self":[{"href":"https:\/\/www.mpfiltri.com\/de\/wp-json\/wp\/v2\/product\/77161","targetHints":{"allow":["GET"]}}],"collection":[{"href":"https:\/\/www.mpfiltri.com\/de\/wp-json\/wp\/v2\/product"}],"about":[{"href":"https:\/\/www.mpfiltri.com\/de\/wp-json\/wp\/v2\/types\/product"}],"replies":[{"embeddable":true,"href":"https:\/\/www.mpfiltri.com\/de\/wp-json\/wp\/v2\/comments?post=77161"}],"wp:attachment":[{"href":"https:\/\/www.mpfiltri.com\/de\/wp-json\/wp\/v2\/media?parent=77161"}],"wp:term":[{"taxonomy":"product-structure","embeddable":true,"href":"https:\/\/www.mpfiltri.com\/de\/wp-json\/wp\/v2\/product-structure?post=77161"},{"taxonomy":"product_brand","embeddable":true,"href":"https:\/\/www.mpfiltri.com\/de\/wp-json\/wp\/v2\/product_brand?post=77161"},{"taxonomy":"product_cat","embeddable":true,"href":"https:\/\/www.mpfiltri.com\/de\/wp-json\/wp\/v2\/product_cat?post=77161"},{"taxonomy":"product_tag","embeddable":true,"href":"https:\/\/www.mpfiltri.com\/de\/wp-json\/wp\/v2\/product_tag?post=77161"}],"curies":[{"name":"wp","href":"https:\/\/api.w.org\/{rel}","templated":true}]}}