

{"id":77135,"date":"2025-06-18T10:20:06","date_gmt":"2025-06-18T08:20:06","guid":{"rendered":"https:\/\/www.mpfiltri.com\/product\/produkt-3\/"},"modified":"2026-04-01T16:23:15","modified_gmt":"2026-04-01T14:23:15","slug":"mobile-filtrationseinheiten","status":"publish","type":"product","link":"https:\/\/www.mpfiltri.com\/de\/produkt\/mobile-filtrationseinheiten\/","title":{"rendered":"MOBILE FILTRATIONSEINHEITEN"},"content":{"rendered":"<p>MP Filtri bietet <strong>mobile Pump-Filterger\u00e4te<\/strong>, <strong>mobile Filtrationseinheiten <\/strong>mit speziellen Filterelementen sowie <strong>mobile Filterwagen<\/strong>.<\/p>\n<p style=\"text-align: left\">Diese werden zum Bef\u00fcllen, Sp\u00fclen und Reinigen von Hydraulik\u00f6l- und Schmier\u00f6ltanks verwendet und bieten eine einfache und kosteng\u00fcnstige L\u00f6sung zur Bypassfiltration. <\/p>\n<p style=\"text-align: left\">Der Einsatz einer mobilen Filtrationseinheit  wird bei allen Reinigungszyklen und \u00d6ltransferaktivit\u00e4ten dringend empfohlen. So bergen insbesondere Transferprozesse ein hohes Risiko des Eintrags fester Verunreinigungen. Eine Durchf\u00fchrung von Fluidtransfers unter sauberen und kontrollierten Bedingungen ist daher unumg\u00e4nglich.<\/p>\n<p style=\"text-align: left\">Spezielle Filterelemente mit besonders hohen Schmutzaufnahmekapazit\u00e4ten gew\u00e4hrleisten eine lange Standzeit der Filterelemente, welche eine hohe Rentabilit\u00e4t zur Folge hat. Die robuste Bauweise der Filtereinheiten garantiert eine lange Lebensdauer und einen weiten Einsatzbereich, z.B. f\u00fcr Baumaschinen, Spritzgussmaschinen oder Stanzpressen.<\/p>\n","protected":false},"excerpt":{"rendered":"<p>MP Filtri bietet mobile Pump-Filterger\u00e4te, mobile Filtrationseinheiten mit speziellen Filterelementen sowie mobile Filterwagen. Diese werden zum Bef\u00fcllen, Sp\u00fclen und Reinigen von Hydraulik\u00f6l- und Schmier\u00f6ltanks verwendet und bieten eine einfache und kosteng\u00fcnstige L\u00f6sung zur Bypassfiltration. Der Einsatz einer mobilen Filtrationseinheit wird bei allen Reinigungszyklen und \u00d6ltransferaktivit\u00e4ten dringend empfohlen. So bergen insbesondere Transferprozesse ein hohes Risiko des [&hellip;]<\/p>\n","protected":false},"featured_media":0,"comment_status":"open","ping_status":"closed","template":"","meta":{"_acf_changed":false,"_gspb_post_css":"","inline_featured_image":false,"_genesis_hide_title":false,"_genesis_hide_breadcrumbs":false,"_genesis_hide_singular_image":false,"_genesis_hide_footer_widgets":false,"_genesis_custom_body_class":"","_genesis_custom_post_class":"","_genesis_layout":"","_links_to":"","_links_to_target":""},"product-structure":[61],"product_brand":[],"product_cat":[],"product_tag":[],"class_list":{"0":"post-77135","1":"product","2":"type-product","3":"status-publish","5":"product-structure-family","6":"entry","8":"first","9":"instock","10":"shipping-taxable","11":"product-type-simple"},"acf":[],"yoast_head":"<!-- This site is optimized with the Yoast SEO plugin v27.2 - https:\/\/yoast.com\/product\/yoast-seo-wordpress\/ -->\n<title>MOBILE FILTRATIONSEINHEITEN - MP Filtri<\/title>\n<meta name=\"robots\" content=\"index, follow, max-snippet:-1, max-image-preview:large, max-video-preview:-1\" \/>\n<link rel=\"canonical\" href=\"https:\/\/www.mpfiltri.com\/de\/produkt\/mobile-filtrationseinheiten\/\" \/>\n<meta property=\"og:locale\" content=\"de_DE\" \/>\n<meta property=\"og:type\" content=\"article\" \/>\n<meta property=\"og:title\" content=\"MOBILE FILTRATIONSEINHEITEN - MP Filtri\" \/>\n<meta property=\"og:description\" content=\"MP Filtri bietet mobile Pump-Filterger\u00e4te, mobile Filtrationseinheiten mit speziellen Filterelementen sowie mobile Filterwagen. Diese werden zum Bef\u00fcllen, Sp\u00fclen und Reinigen von Hydraulik\u00f6l- und Schmier\u00f6ltanks verwendet und bieten eine einfache und kosteng\u00fcnstige L\u00f6sung zur Bypassfiltration. Der Einsatz einer mobilen Filtrationseinheit wird bei allen Reinigungszyklen und \u00d6ltransferaktivit\u00e4ten dringend empfohlen. So bergen insbesondere Transferprozesse ein hohes Risiko des [&hellip;]\" \/>\n<meta property=\"og:url\" content=\"https:\/\/www.mpfiltri.com\/de\/produkt\/mobile-filtrationseinheiten\/\" \/>\n<meta property=\"og:site_name\" content=\"MP Filtri\" \/>\n<meta property=\"article:publisher\" content=\"https:\/\/www.facebook.com\/MPFiltriITA\" \/>\n<meta property=\"article:modified_time\" content=\"2026-04-01T14:23:15+00:00\" \/>\n<meta name=\"twitter:card\" content=\"summary_large_image\" \/>\n<meta name=\"twitter:label1\" content=\"Gesch\u00e4tzte Lesezeit\" \/>\n\t<meta name=\"twitter:data1\" content=\"1\u00a0Minute\" \/>\n<script type=\"application\/ld+json\" class=\"yoast-schema-graph\">{\"@context\":\"https:\/\/schema.org\",\"@graph\":[{\"@type\":\"WebPage\",\"@id\":\"https:\/\/www.mpfiltri.com\/de\/produkt\/mobile-filtrationseinheiten\/\",\"url\":\"https:\/\/www.mpfiltri.com\/de\/produkt\/mobile-filtrationseinheiten\/\",\"name\":\"MOBILE FILTRATIONSEINHEITEN - MP Filtri\",\"isPartOf\":{\"@id\":\"https:\/\/www.mpfiltri.com\/de\/#website\"},\"datePublished\":\"2025-06-18T08:20:06+00:00\",\"dateModified\":\"2026-04-01T14:23:15+00:00\",\"breadcrumb\":{\"@id\":\"https:\/\/www.mpfiltri.com\/de\/produkt\/mobile-filtrationseinheiten\/#breadcrumb\"},\"inLanguage\":\"de\",\"potentialAction\":[{\"@type\":\"ReadAction\",\"target\":[\"https:\/\/www.mpfiltri.com\/de\/produkt\/mobile-filtrationseinheiten\/\"]}]},{\"@type\":\"BreadcrumbList\",\"@id\":\"https:\/\/www.mpfiltri.com\/de\/produkt\/mobile-filtrationseinheiten\/#breadcrumb\",\"itemListElement\":[{\"@type\":\"ListItem\",\"position\":1,\"name\":\"Home\",\"item\":\"https:\/\/www.mpfiltri.com\/de\/\"},{\"@type\":\"ListItem\",\"position\":2,\"name\":\"Produkte\",\"item\":\"https:\/\/www.mpfiltri.com\/de\/shop\/\"},{\"@type\":\"ListItem\",\"position\":3,\"name\":\"MOBILE FILTRATIONSEINHEITEN\"}]},{\"@type\":\"WebSite\",\"@id\":\"https:\/\/www.mpfiltri.com\/de\/#website\",\"url\":\"https:\/\/www.mpfiltri.com\/de\/\",\"name\":\"MP Filtri\",\"description\":\"\",\"publisher\":{\"@id\":\"https:\/\/www.mpfiltri.com\/de\/#organization\"},\"potentialAction\":[{\"@type\":\"SearchAction\",\"target\":{\"@type\":\"EntryPoint\",\"urlTemplate\":\"https:\/\/www.mpfiltri.com\/de\/?s={search_term_string}\"},\"query-input\":{\"@type\":\"PropertyValueSpecification\",\"valueRequired\":true,\"valueName\":\"search_term_string\"}}],\"inLanguage\":\"de\"},{\"@type\":\"Organization\",\"@id\":\"https:\/\/www.mpfiltri.com\/de\/#organization\",\"name\":\"MP Filtri\",\"url\":\"https:\/\/www.mpfiltri.com\/de\/\",\"logo\":{\"@type\":\"ImageObject\",\"inLanguage\":\"de\",\"@id\":\"https:\/\/www.mpfiltri.com\/de\/#\/schema\/logo\/image\/\",\"url\":\"\",\"contentUrl\":\"\",\"caption\":\"MP Filtri\"},\"image\":{\"@id\":\"https:\/\/www.mpfiltri.com\/de\/#\/schema\/logo\/image\/\"},\"sameAs\":[\"https:\/\/www.facebook.com\/MPFiltriITA\",\"https:\/\/www.instagram.com\/mpfiltri\/\",\"https:\/\/www.youtube.com\/channel\/UCCzNMySYc1c4M-2B4v0K_QA?view_as=subscriber\",\"https:\/\/www.linkedin.com\/company\/mp-filtri-spa\/\"]}]}<\/script>\n<!-- \/ Yoast SEO plugin. -->","yoast_head_json":{"title":"MOBILE FILTRATIONSEINHEITEN - MP Filtri","robots":{"index":"index","follow":"follow","max-snippet":"max-snippet:-1","max-image-preview":"max-image-preview:large","max-video-preview":"max-video-preview:-1"},"canonical":"https:\/\/www.mpfiltri.com\/de\/produkt\/mobile-filtrationseinheiten\/","og_locale":"de_DE","og_type":"article","og_title":"MOBILE FILTRATIONSEINHEITEN - MP Filtri","og_description":"MP Filtri bietet mobile Pump-Filterger\u00e4te, mobile Filtrationseinheiten mit speziellen Filterelementen sowie mobile Filterwagen. Diese werden zum Bef\u00fcllen, Sp\u00fclen und Reinigen von Hydraulik\u00f6l- und Schmier\u00f6ltanks verwendet und bieten eine einfache und kosteng\u00fcnstige L\u00f6sung zur Bypassfiltration. Der Einsatz einer mobilen Filtrationseinheit wird bei allen Reinigungszyklen und \u00d6ltransferaktivit\u00e4ten dringend empfohlen. So bergen insbesondere Transferprozesse ein hohes Risiko des [&hellip;]","og_url":"https:\/\/www.mpfiltri.com\/de\/produkt\/mobile-filtrationseinheiten\/","og_site_name":"MP Filtri","article_publisher":"https:\/\/www.facebook.com\/MPFiltriITA","article_modified_time":"2026-04-01T14:23:15+00:00","twitter_card":"summary_large_image","twitter_misc":{"Gesch\u00e4tzte Lesezeit":"1\u00a0Minute"},"schema":{"@context":"https:\/\/schema.org","@graph":[{"@type":"WebPage","@id":"https:\/\/www.mpfiltri.com\/de\/produkt\/mobile-filtrationseinheiten\/","url":"https:\/\/www.mpfiltri.com\/de\/produkt\/mobile-filtrationseinheiten\/","name":"MOBILE FILTRATIONSEINHEITEN - MP Filtri","isPartOf":{"@id":"https:\/\/www.mpfiltri.com\/de\/#website"},"datePublished":"2025-06-18T08:20:06+00:00","dateModified":"2026-04-01T14:23:15+00:00","breadcrumb":{"@id":"https:\/\/www.mpfiltri.com\/de\/produkt\/mobile-filtrationseinheiten\/#breadcrumb"},"inLanguage":"de","potentialAction":[{"@type":"ReadAction","target":["https:\/\/www.mpfiltri.com\/de\/produkt\/mobile-filtrationseinheiten\/"]}]},{"@type":"BreadcrumbList","@id":"https:\/\/www.mpfiltri.com\/de\/produkt\/mobile-filtrationseinheiten\/#breadcrumb","itemListElement":[{"@type":"ListItem","position":1,"name":"Home","item":"https:\/\/www.mpfiltri.com\/de\/"},{"@type":"ListItem","position":2,"name":"Produkte","item":"https:\/\/www.mpfiltri.com\/de\/shop\/"},{"@type":"ListItem","position":3,"name":"MOBILE FILTRATIONSEINHEITEN"}]},{"@type":"WebSite","@id":"https:\/\/www.mpfiltri.com\/de\/#website","url":"https:\/\/www.mpfiltri.com\/de\/","name":"MP Filtri","description":"","publisher":{"@id":"https:\/\/www.mpfiltri.com\/de\/#organization"},"potentialAction":[{"@type":"SearchAction","target":{"@type":"EntryPoint","urlTemplate":"https:\/\/www.mpfiltri.com\/de\/?s={search_term_string}"},"query-input":{"@type":"PropertyValueSpecification","valueRequired":true,"valueName":"search_term_string"}}],"inLanguage":"de"},{"@type":"Organization","@id":"https:\/\/www.mpfiltri.com\/de\/#organization","name":"MP Filtri","url":"https:\/\/www.mpfiltri.com\/de\/","logo":{"@type":"ImageObject","inLanguage":"de","@id":"https:\/\/www.mpfiltri.com\/de\/#\/schema\/logo\/image\/","url":"","contentUrl":"","caption":"MP Filtri"},"image":{"@id":"https:\/\/www.mpfiltri.com\/de\/#\/schema\/logo\/image\/"},"sameAs":["https:\/\/www.facebook.com\/MPFiltriITA","https:\/\/www.instagram.com\/mpfiltri\/","https:\/\/www.youtube.com\/channel\/UCCzNMySYc1c4M-2B4v0K_QA?view_as=subscriber","https:\/\/www.linkedin.com\/company\/mp-filtri-spa\/"]}]}},"_links":{"self":[{"href":"https:\/\/www.mpfiltri.com\/de\/wp-json\/wp\/v2\/product\/77135","targetHints":{"allow":["GET"]}}],"collection":[{"href":"https:\/\/www.mpfiltri.com\/de\/wp-json\/wp\/v2\/product"}],"about":[{"href":"https:\/\/www.mpfiltri.com\/de\/wp-json\/wp\/v2\/types\/product"}],"replies":[{"embeddable":true,"href":"https:\/\/www.mpfiltri.com\/de\/wp-json\/wp\/v2\/comments?post=77135"}],"wp:attachment":[{"href":"https:\/\/www.mpfiltri.com\/de\/wp-json\/wp\/v2\/media?parent=77135"}],"wp:term":[{"taxonomy":"product-structure","embeddable":true,"href":"https:\/\/www.mpfiltri.com\/de\/wp-json\/wp\/v2\/product-structure?post=77135"},{"taxonomy":"product_brand","embeddable":true,"href":"https:\/\/www.mpfiltri.com\/de\/wp-json\/wp\/v2\/product_brand?post=77135"},{"taxonomy":"product_cat","embeddable":true,"href":"https:\/\/www.mpfiltri.com\/de\/wp-json\/wp\/v2\/product_cat?post=77135"},{"taxonomy":"product_tag","embeddable":true,"href":"https:\/\/www.mpfiltri.com\/de\/wp-json\/wp\/v2\/product_tag?post=77135"}],"curies":[{"name":"wp","href":"https:\/\/api.w.org\/{rel}","templated":true}]}}