

{"id":77122,"date":"2025-06-16T16:42:01","date_gmt":"2025-06-16T14:42:01","guid":{"rendered":"https:\/\/www.mpfiltri.com\/product\/produkt-3\/"},"modified":"2026-04-07T13:56:03","modified_gmt":"2026-04-07T11:56:03","slug":"rfex-elixir","status":"publish","type":"product","link":"https:\/\/www.mpfiltri.com\/de\/produkt\/rfex-elixir\/","title":{"rendered":"RFEX (Elixir\u00ae)"},"content":{"rendered":"<p>Leicht, benutzerfreundlich und umweltbewusst &#8211; das Niederdruck-Filterkonzept wurde speziell f\u00fcr die Leitungsmontage entwickelt.<\/p>\n<p>Bei der Variante <strong>RFEX<\/strong> handelt es sich um einen <strong>R\u00fccklauffilter<\/strong>, der aus dem System kommende Verschmutzung vor Eintritt in den Tank herausfiltert. Er wird in der R\u00fccklaufleitung nahe am Tank montiert. Um ein Sch\u00e4umen des \u00d6ls zu verhindern, muss der Austritt der R\u00fccklaufleitung unterhalb des \u00d6lniveaus sein.<\/p>\n<p>Der Austausch ist schnell und einfach: Den Filtertopf mit einem Schraubenschl\u00fcssel demontieren, das Filterelement FEX herausnehmen und austauschen, das bedeutet: Gut f\u00fcr die Umwelt durch Verringerung der Abfallmenge!<\/p>\n<p>\u2022 Volumenstrom bis 260 l\/min<\/p>\n<p>\u2022 Max. Betriebsdruck 16 bar<\/p>\n<p>\u2022 Feinstfiltration zum Erreichen einer guten Reinheitsklasse im System<\/p>\n<p>\u2022 Optische und elektrische Staudruckanzeigen optional lieferbar<\/p>\n<p>\u2022 Einfache Demontage des Filtertopfs<\/p>\n<p>\u2022 Die Entsorgung des FEX ELIXIR-Filterelements umfasst lediglich das Filterelement selbst<\/p>\n","protected":false},"excerpt":{"rendered":"<p>Leicht, benutzerfreundlich und umweltbewusst &#8211; das Niederdruck-Filterkonzept wurde speziell f\u00fcr die Leitungsmontage entwickelt. Bei der Variante RFEX handelt es sich um einen R\u00fccklauffilter, der aus dem System kommende Verschmutzung vor Eintritt in den Tank herausfiltert. Er wird in der R\u00fccklaufleitung nahe am Tank montiert. Um ein Sch\u00e4umen des \u00d6ls zu verhindern, muss der Austritt der [&hellip;]<\/p>\n","protected":false},"featured_media":0,"comment_status":"open","ping_status":"closed","template":"","meta":{"_acf_changed":false,"_gspb_post_css":"","inline_featured_image":false,"_genesis_hide_title":false,"_genesis_hide_breadcrumbs":false,"_genesis_hide_singular_image":false,"_genesis_hide_footer_widgets":false,"_genesis_custom_body_class":"","_genesis_custom_post_class":"","_genesis_layout":"","_links_to":"","_links_to_target":""},"product-structure":[62],"product_brand":[],"product_cat":[13189,13126,13210,13271,13290,13224,13161,13196,13278,13243,13230,13264,13257],"product_tag":[],"class_list":{"0":"post-77122","1":"product","2":"type-product","3":"status-publish","5":"product-structure-series","6":"product_cat-anwendungen","7":"product_cat-baumaschinen","8":"product_cat-bergbau","9":"product_cat-entsorgung-und-recycling","10":"product_cat-hydraulikanlagen","11":"product_cat-kommunaltechnik-und-nutzfahrzeuge","12":"product_cat-land-und-forstmaschinen","13":"product_cat-mobile-anwendungen","14":"product_cat-pressen-und-umformmaschinen","15":"product_cat-stahlwerke-und-metallverarbeitung","16":"product_cat-stationaere-anwendungen","17":"product_cat-textil-holz-und-papier","18":"product_cat-verpackung-nahrungs-und-genussmittel","19":"entry","21":"first","22":"instock","23":"shipping-taxable","24":"product-type-simple"},"acf":[],"yoast_head":"<!-- This site is optimized with the Yoast SEO plugin v27.2 - https:\/\/yoast.com\/product\/yoast-seo-wordpress\/ -->\n<title>RFEX (Elixir\u00ae) - MP Filtri<\/title>\n<meta name=\"robots\" content=\"index, follow, max-snippet:-1, max-image-preview:large, max-video-preview:-1\" \/>\n<link rel=\"canonical\" href=\"https:\/\/www.mpfiltri.com\/de\/produkt\/rfex-elixir\/\" \/>\n<meta property=\"og:locale\" content=\"de_DE\" \/>\n<meta property=\"og:type\" content=\"article\" \/>\n<meta property=\"og:title\" content=\"RFEX (Elixir\u00ae) - MP Filtri\" \/>\n<meta property=\"og:description\" content=\"Leicht, benutzerfreundlich und umweltbewusst &#8211; das Niederdruck-Filterkonzept wurde speziell f\u00fcr die Leitungsmontage entwickelt. Bei der Variante RFEX handelt es sich um einen R\u00fccklauffilter, der aus dem System kommende Verschmutzung vor Eintritt in den Tank herausfiltert. Er wird in der R\u00fccklaufleitung nahe am Tank montiert. Um ein Sch\u00e4umen des \u00d6ls zu verhindern, muss der Austritt der [&hellip;]\" \/>\n<meta property=\"og:url\" content=\"https:\/\/www.mpfiltri.com\/de\/produkt\/rfex-elixir\/\" \/>\n<meta property=\"og:site_name\" content=\"MP Filtri\" \/>\n<meta property=\"article:publisher\" content=\"https:\/\/www.facebook.com\/MPFiltriITA\" \/>\n<meta property=\"article:modified_time\" content=\"2026-04-07T11:56:03+00:00\" \/>\n<meta name=\"twitter:card\" content=\"summary_large_image\" \/>\n<meta name=\"twitter:label1\" content=\"Gesch\u00e4tzte Lesezeit\" \/>\n\t<meta name=\"twitter:data1\" content=\"1\u00a0Minute\" \/>\n<script type=\"application\/ld+json\" class=\"yoast-schema-graph\">{\"@context\":\"https:\/\/schema.org\",\"@graph\":[{\"@type\":\"WebPage\",\"@id\":\"https:\/\/www.mpfiltri.com\/de\/produkt\/rfex-elixir\/\",\"url\":\"https:\/\/www.mpfiltri.com\/de\/produkt\/rfex-elixir\/\",\"name\":\"RFEX (Elixir\u00ae) - MP Filtri\",\"isPartOf\":{\"@id\":\"https:\/\/www.mpfiltri.com\/de\/#website\"},\"datePublished\":\"2025-06-16T14:42:01+00:00\",\"dateModified\":\"2026-04-07T11:56:03+00:00\",\"breadcrumb\":{\"@id\":\"https:\/\/www.mpfiltri.com\/de\/produkt\/rfex-elixir\/#breadcrumb\"},\"inLanguage\":\"de\",\"potentialAction\":[{\"@type\":\"ReadAction\",\"target\":[\"https:\/\/www.mpfiltri.com\/de\/produkt\/rfex-elixir\/\"]}]},{\"@type\":\"BreadcrumbList\",\"@id\":\"https:\/\/www.mpfiltri.com\/de\/produkt\/rfex-elixir\/#breadcrumb\",\"itemListElement\":[{\"@type\":\"ListItem\",\"position\":1,\"name\":\"Home\",\"item\":\"https:\/\/www.mpfiltri.com\/de\/\"},{\"@type\":\"ListItem\",\"position\":2,\"name\":\"Produkte\",\"item\":\"https:\/\/www.mpfiltri.com\/de\/shop\/\"},{\"@type\":\"ListItem\",\"position\":3,\"name\":\"RFEX (Elixir\u00ae)\"}]},{\"@type\":\"WebSite\",\"@id\":\"https:\/\/www.mpfiltri.com\/de\/#website\",\"url\":\"https:\/\/www.mpfiltri.com\/de\/\",\"name\":\"MP Filtri\",\"description\":\"\",\"publisher\":{\"@id\":\"https:\/\/www.mpfiltri.com\/de\/#organization\"},\"potentialAction\":[{\"@type\":\"SearchAction\",\"target\":{\"@type\":\"EntryPoint\",\"urlTemplate\":\"https:\/\/www.mpfiltri.com\/de\/?s={search_term_string}\"},\"query-input\":{\"@type\":\"PropertyValueSpecification\",\"valueRequired\":true,\"valueName\":\"search_term_string\"}}],\"inLanguage\":\"de\"},{\"@type\":\"Organization\",\"@id\":\"https:\/\/www.mpfiltri.com\/de\/#organization\",\"name\":\"MP Filtri\",\"url\":\"https:\/\/www.mpfiltri.com\/de\/\",\"logo\":{\"@type\":\"ImageObject\",\"inLanguage\":\"de\",\"@id\":\"https:\/\/www.mpfiltri.com\/de\/#\/schema\/logo\/image\/\",\"url\":\"\",\"contentUrl\":\"\",\"caption\":\"MP Filtri\"},\"image\":{\"@id\":\"https:\/\/www.mpfiltri.com\/de\/#\/schema\/logo\/image\/\"},\"sameAs\":[\"https:\/\/www.facebook.com\/MPFiltriITA\",\"https:\/\/www.instagram.com\/mpfiltri\/\",\"https:\/\/www.youtube.com\/channel\/UCCzNMySYc1c4M-2B4v0K_QA?view_as=subscriber\",\"https:\/\/www.linkedin.com\/company\/mp-filtri-spa\/\"]}]}<\/script>\n<!-- \/ Yoast SEO plugin. -->","yoast_head_json":{"title":"RFEX (Elixir\u00ae) - MP Filtri","robots":{"index":"index","follow":"follow","max-snippet":"max-snippet:-1","max-image-preview":"max-image-preview:large","max-video-preview":"max-video-preview:-1"},"canonical":"https:\/\/www.mpfiltri.com\/de\/produkt\/rfex-elixir\/","og_locale":"de_DE","og_type":"article","og_title":"RFEX (Elixir\u00ae) - MP Filtri","og_description":"Leicht, benutzerfreundlich und umweltbewusst &#8211; das Niederdruck-Filterkonzept wurde speziell f\u00fcr die Leitungsmontage entwickelt. Bei der Variante RFEX handelt es sich um einen R\u00fccklauffilter, der aus dem System kommende Verschmutzung vor Eintritt in den Tank herausfiltert. Er wird in der R\u00fccklaufleitung nahe am Tank montiert. Um ein Sch\u00e4umen des \u00d6ls zu verhindern, muss der Austritt der [&hellip;]","og_url":"https:\/\/www.mpfiltri.com\/de\/produkt\/rfex-elixir\/","og_site_name":"MP Filtri","article_publisher":"https:\/\/www.facebook.com\/MPFiltriITA","article_modified_time":"2026-04-07T11:56:03+00:00","twitter_card":"summary_large_image","twitter_misc":{"Gesch\u00e4tzte Lesezeit":"1\u00a0Minute"},"schema":{"@context":"https:\/\/schema.org","@graph":[{"@type":"WebPage","@id":"https:\/\/www.mpfiltri.com\/de\/produkt\/rfex-elixir\/","url":"https:\/\/www.mpfiltri.com\/de\/produkt\/rfex-elixir\/","name":"RFEX (Elixir\u00ae) - MP Filtri","isPartOf":{"@id":"https:\/\/www.mpfiltri.com\/de\/#website"},"datePublished":"2025-06-16T14:42:01+00:00","dateModified":"2026-04-07T11:56:03+00:00","breadcrumb":{"@id":"https:\/\/www.mpfiltri.com\/de\/produkt\/rfex-elixir\/#breadcrumb"},"inLanguage":"de","potentialAction":[{"@type":"ReadAction","target":["https:\/\/www.mpfiltri.com\/de\/produkt\/rfex-elixir\/"]}]},{"@type":"BreadcrumbList","@id":"https:\/\/www.mpfiltri.com\/de\/produkt\/rfex-elixir\/#breadcrumb","itemListElement":[{"@type":"ListItem","position":1,"name":"Home","item":"https:\/\/www.mpfiltri.com\/de\/"},{"@type":"ListItem","position":2,"name":"Produkte","item":"https:\/\/www.mpfiltri.com\/de\/shop\/"},{"@type":"ListItem","position":3,"name":"RFEX (Elixir\u00ae)"}]},{"@type":"WebSite","@id":"https:\/\/www.mpfiltri.com\/de\/#website","url":"https:\/\/www.mpfiltri.com\/de\/","name":"MP Filtri","description":"","publisher":{"@id":"https:\/\/www.mpfiltri.com\/de\/#organization"},"potentialAction":[{"@type":"SearchAction","target":{"@type":"EntryPoint","urlTemplate":"https:\/\/www.mpfiltri.com\/de\/?s={search_term_string}"},"query-input":{"@type":"PropertyValueSpecification","valueRequired":true,"valueName":"search_term_string"}}],"inLanguage":"de"},{"@type":"Organization","@id":"https:\/\/www.mpfiltri.com\/de\/#organization","name":"MP Filtri","url":"https:\/\/www.mpfiltri.com\/de\/","logo":{"@type":"ImageObject","inLanguage":"de","@id":"https:\/\/www.mpfiltri.com\/de\/#\/schema\/logo\/image\/","url":"","contentUrl":"","caption":"MP Filtri"},"image":{"@id":"https:\/\/www.mpfiltri.com\/de\/#\/schema\/logo\/image\/"},"sameAs":["https:\/\/www.facebook.com\/MPFiltriITA","https:\/\/www.instagram.com\/mpfiltri\/","https:\/\/www.youtube.com\/channel\/UCCzNMySYc1c4M-2B4v0K_QA?view_as=subscriber","https:\/\/www.linkedin.com\/company\/mp-filtri-spa\/"]}]}},"_links":{"self":[{"href":"https:\/\/www.mpfiltri.com\/de\/wp-json\/wp\/v2\/product\/77122","targetHints":{"allow":["GET"]}}],"collection":[{"href":"https:\/\/www.mpfiltri.com\/de\/wp-json\/wp\/v2\/product"}],"about":[{"href":"https:\/\/www.mpfiltri.com\/de\/wp-json\/wp\/v2\/types\/product"}],"replies":[{"embeddable":true,"href":"https:\/\/www.mpfiltri.com\/de\/wp-json\/wp\/v2\/comments?post=77122"}],"wp:attachment":[{"href":"https:\/\/www.mpfiltri.com\/de\/wp-json\/wp\/v2\/media?parent=77122"}],"wp:term":[{"taxonomy":"product-structure","embeddable":true,"href":"https:\/\/www.mpfiltri.com\/de\/wp-json\/wp\/v2\/product-structure?post=77122"},{"taxonomy":"product_brand","embeddable":true,"href":"https:\/\/www.mpfiltri.com\/de\/wp-json\/wp\/v2\/product_brand?post=77122"},{"taxonomy":"product_cat","embeddable":true,"href":"https:\/\/www.mpfiltri.com\/de\/wp-json\/wp\/v2\/product_cat?post=77122"},{"taxonomy":"product_tag","embeddable":true,"href":"https:\/\/www.mpfiltri.com\/de\/wp-json\/wp\/v2\/product_tag?post=77122"}],"curies":[{"name":"wp","href":"https:\/\/api.w.org\/{rel}","templated":true}]}}