

{"id":77110,"date":"2025-06-16T16:41:39","date_gmt":"2025-06-16T14:41:39","guid":{"rendered":"https:\/\/www.mpfiltri.com\/product\/produkt-3\/"},"modified":"2026-04-01T16:23:53","modified_gmt":"2026-04-01T14:23:53","slug":"pumpentraeger","status":"publish","type":"product","link":"https:\/\/www.mpfiltri.com\/de\/produkt\/pumpentraeger\/","title":{"rendered":"PUMPENTR\u00c4GER"},"content":{"rendered":"<p>Glockengeh\u00e4use werden als Verbindungselemente zwischen IEC-Motoren\/Verbrennungsmotoren und einer breiten Palette von Hydraulikpumpen eingesetzt, die auf dem internationalen Markt erh\u00e4ltlich sind. Sie werden aus Aluminium-Druckguss gefertigt und decken IEC-Motorgr\u00f6\u00dfen von 63 bis 355 sowie Verbrennungsmotoren bis zu 35 PS ab.<\/p>\n<p>Erh\u00e4ltlich in verschiedenen Ausf\u00fchrungen:<\/p>\n<p>\u2022 <strong>LMG-Baureihe<\/strong> f\u00fcr Zahnradpumpen<\/p>\n<p>\u2022 <strong>LMC-Baureihe<\/strong> Monoblock-Pumpentr\u00e4ger<\/p>\n<p>\u2022 <strong>LDC-Baureihe<\/strong> aus zwei verschraubten Teilen zur Ger\u00e4uschreduzierung<\/p>\n<p>\u2022 <strong>LMS-Baureihe<\/strong> zur Ger\u00e4uschreduzierung<\/p>\n<p>\u2022 <strong>LDS-Baureihe<\/strong> aus zwei verschraubten Teilen<\/p>\n<p>\u2022 LME\/LMEK (GKS-Kupplung) aus Aluminium-Druckgusslegierung gefertigt<\/p>\n<p>\u2022 <strong>MULTI-COMPONENTS:<\/strong> Mehrkomponenten aus 3 Teilen f\u00fcr IEC-Motoren der Baugr\u00f6\u00dfen 132\u2013225, aus 2 Teilen der Baugr\u00f6\u00dfen 250\u2013355<\/p>\n","protected":false},"excerpt":{"rendered":"<p>Glockengeh\u00e4use werden als Verbindungselemente zwischen IEC-Motoren\/Verbrennungsmotoren und einer breiten Palette von Hydraulikpumpen eingesetzt, die auf dem internationalen Markt erh\u00e4ltlich sind. Sie werden aus Aluminium-Druckguss gefertigt und decken IEC-Motorgr\u00f6\u00dfen von 63 bis 355 sowie Verbrennungsmotoren bis zu 35 PS ab. Erh\u00e4ltlich in verschiedenen Ausf\u00fchrungen: \u2022 LMG-Baureihe f\u00fcr Zahnradpumpen \u2022 LMC-Baureihe Monoblock-Pumpentr\u00e4ger \u2022 LDC-Baureihe aus zwei verschraubten [&hellip;]<\/p>\n","protected":false},"featured_media":40393,"comment_status":"open","ping_status":"closed","template":"","meta":{"_acf_changed":false,"_gspb_post_css":"","inline_featured_image":false,"_genesis_hide_title":false,"_genesis_hide_breadcrumbs":false,"_genesis_hide_singular_image":false,"_genesis_hide_footer_widgets":false,"_genesis_custom_body_class":"","_genesis_custom_post_class":"","_genesis_layout":"","_links_to":"","_links_to_target":""},"product-structure":[61],"product_brand":[],"product_cat":[],"product_tag":[],"class_list":{"0":"post-77110","1":"product","2":"type-product","3":"status-publish","4":"has-post-thumbnail","6":"product-structure-family","7":"entry","9":"first","10":"instock","11":"shipping-taxable","12":"product-type-simple"},"acf":[],"yoast_head":"<!-- This site is optimized with the Yoast SEO plugin v27.2 - https:\/\/yoast.com\/product\/yoast-seo-wordpress\/ -->\n<title>PUMPENTR\u00c4GER - MP Filtri<\/title>\n<meta name=\"robots\" content=\"index, follow, max-snippet:-1, max-image-preview:large, max-video-preview:-1\" \/>\n<link rel=\"canonical\" href=\"https:\/\/www.mpfiltri.com\/de\/produkt\/pumpentraeger\/\" \/>\n<meta property=\"og:locale\" content=\"de_DE\" \/>\n<meta property=\"og:type\" content=\"article\" \/>\n<meta property=\"og:title\" content=\"PUMPENTR\u00c4GER - MP Filtri\" \/>\n<meta property=\"og:description\" content=\"Glockengeh\u00e4use werden als Verbindungselemente zwischen IEC-Motoren\/Verbrennungsmotoren und einer breiten Palette von Hydraulikpumpen eingesetzt, die auf dem internationalen Markt erh\u00e4ltlich sind. Sie werden aus Aluminium-Druckguss gefertigt und decken IEC-Motorgr\u00f6\u00dfen von 63 bis 355 sowie Verbrennungsmotoren bis zu 35 PS ab. Erh\u00e4ltlich in verschiedenen Ausf\u00fchrungen: \u2022 LMG-Baureihe f\u00fcr Zahnradpumpen \u2022 LMC-Baureihe Monoblock-Pumpentr\u00e4ger \u2022 LDC-Baureihe aus zwei verschraubten [&hellip;]\" \/>\n<meta property=\"og:url\" content=\"https:\/\/www.mpfiltri.com\/de\/produkt\/pumpentraeger\/\" \/>\n<meta property=\"og:site_name\" content=\"MP Filtri\" \/>\n<meta property=\"article:publisher\" content=\"https:\/\/www.facebook.com\/MPFiltriITA\" \/>\n<meta property=\"article:modified_time\" content=\"2026-04-01T14:23:53+00:00\" \/>\n<meta property=\"og:image\" content=\"https:\/\/www.mpfiltri.com\/wp-content\/uploads\/2025\/10\/pt-bell-housings-2.png\" \/>\n\t<meta property=\"og:image:width\" content=\"1458\" \/>\n\t<meta property=\"og:image:height\" content=\"1458\" \/>\n\t<meta property=\"og:image:type\" content=\"image\/png\" \/>\n<meta name=\"twitter:card\" content=\"summary_large_image\" \/>\n<script type=\"application\/ld+json\" class=\"yoast-schema-graph\">{\"@context\":\"https:\/\/schema.org\",\"@graph\":[{\"@type\":\"WebPage\",\"@id\":\"https:\/\/www.mpfiltri.com\/de\/produkt\/pumpentraeger\/\",\"url\":\"https:\/\/www.mpfiltri.com\/de\/produkt\/pumpentraeger\/\",\"name\":\"PUMPENTR\u00c4GER - MP Filtri\",\"isPartOf\":{\"@id\":\"https:\/\/www.mpfiltri.com\/de\/#website\"},\"primaryImageOfPage\":{\"@id\":\"https:\/\/www.mpfiltri.com\/de\/produkt\/pumpentraeger\/#primaryimage\"},\"image\":{\"@id\":\"https:\/\/www.mpfiltri.com\/de\/produkt\/pumpentraeger\/#primaryimage\"},\"thumbnailUrl\":\"https:\/\/www.mpfiltri.com\/wp-content\/uploads\/2025\/10\/pt-bell-housings-2.png\",\"datePublished\":\"2025-06-16T14:41:39+00:00\",\"dateModified\":\"2026-04-01T14:23:53+00:00\",\"breadcrumb\":{\"@id\":\"https:\/\/www.mpfiltri.com\/de\/produkt\/pumpentraeger\/#breadcrumb\"},\"inLanguage\":\"de\",\"potentialAction\":[{\"@type\":\"ReadAction\",\"target\":[\"https:\/\/www.mpfiltri.com\/de\/produkt\/pumpentraeger\/\"]}]},{\"@type\":\"ImageObject\",\"inLanguage\":\"de\",\"@id\":\"https:\/\/www.mpfiltri.com\/de\/produkt\/pumpentraeger\/#primaryimage\",\"url\":\"https:\/\/www.mpfiltri.com\/wp-content\/uploads\/2025\/10\/pt-bell-housings-2.png\",\"contentUrl\":\"https:\/\/www.mpfiltri.com\/wp-content\/uploads\/2025\/10\/pt-bell-housings-2.png\",\"width\":1458,\"height\":1458},{\"@type\":\"BreadcrumbList\",\"@id\":\"https:\/\/www.mpfiltri.com\/de\/produkt\/pumpentraeger\/#breadcrumb\",\"itemListElement\":[{\"@type\":\"ListItem\",\"position\":1,\"name\":\"Home\",\"item\":\"https:\/\/www.mpfiltri.com\/de\/\"},{\"@type\":\"ListItem\",\"position\":2,\"name\":\"Produkte\",\"item\":\"https:\/\/www.mpfiltri.com\/de\/shop\/\"},{\"@type\":\"ListItem\",\"position\":3,\"name\":\"PUMPENTR\u00c4GER\"}]},{\"@type\":\"WebSite\",\"@id\":\"https:\/\/www.mpfiltri.com\/de\/#website\",\"url\":\"https:\/\/www.mpfiltri.com\/de\/\",\"name\":\"MP Filtri\",\"description\":\"\",\"publisher\":{\"@id\":\"https:\/\/www.mpfiltri.com\/de\/#organization\"},\"potentialAction\":[{\"@type\":\"SearchAction\",\"target\":{\"@type\":\"EntryPoint\",\"urlTemplate\":\"https:\/\/www.mpfiltri.com\/de\/?s={search_term_string}\"},\"query-input\":{\"@type\":\"PropertyValueSpecification\",\"valueRequired\":true,\"valueName\":\"search_term_string\"}}],\"inLanguage\":\"de\"},{\"@type\":\"Organization\",\"@id\":\"https:\/\/www.mpfiltri.com\/de\/#organization\",\"name\":\"MP Filtri\",\"url\":\"https:\/\/www.mpfiltri.com\/de\/\",\"logo\":{\"@type\":\"ImageObject\",\"inLanguage\":\"de\",\"@id\":\"https:\/\/www.mpfiltri.com\/de\/#\/schema\/logo\/image\/\",\"url\":\"\",\"contentUrl\":\"\",\"caption\":\"MP Filtri\"},\"image\":{\"@id\":\"https:\/\/www.mpfiltri.com\/de\/#\/schema\/logo\/image\/\"},\"sameAs\":[\"https:\/\/www.facebook.com\/MPFiltriITA\",\"https:\/\/www.instagram.com\/mpfiltri\/\",\"https:\/\/www.youtube.com\/channel\/UCCzNMySYc1c4M-2B4v0K_QA?view_as=subscriber\",\"https:\/\/www.linkedin.com\/company\/mp-filtri-spa\/\"]}]}<\/script>\n<!-- \/ Yoast SEO plugin. -->","yoast_head_json":{"title":"PUMPENTR\u00c4GER - MP Filtri","robots":{"index":"index","follow":"follow","max-snippet":"max-snippet:-1","max-image-preview":"max-image-preview:large","max-video-preview":"max-video-preview:-1"},"canonical":"https:\/\/www.mpfiltri.com\/de\/produkt\/pumpentraeger\/","og_locale":"de_DE","og_type":"article","og_title":"PUMPENTR\u00c4GER - MP Filtri","og_description":"Glockengeh\u00e4use werden als Verbindungselemente zwischen IEC-Motoren\/Verbrennungsmotoren und einer breiten Palette von Hydraulikpumpen eingesetzt, die auf dem internationalen Markt erh\u00e4ltlich sind. Sie werden aus Aluminium-Druckguss gefertigt und decken IEC-Motorgr\u00f6\u00dfen von 63 bis 355 sowie Verbrennungsmotoren bis zu 35 PS ab. Erh\u00e4ltlich in verschiedenen Ausf\u00fchrungen: \u2022 LMG-Baureihe f\u00fcr Zahnradpumpen \u2022 LMC-Baureihe Monoblock-Pumpentr\u00e4ger \u2022 LDC-Baureihe aus zwei verschraubten [&hellip;]","og_url":"https:\/\/www.mpfiltri.com\/de\/produkt\/pumpentraeger\/","og_site_name":"MP Filtri","article_publisher":"https:\/\/www.facebook.com\/MPFiltriITA","article_modified_time":"2026-04-01T14:23:53+00:00","og_image":[{"width":1458,"height":1458,"url":"https:\/\/www.mpfiltri.com\/wp-content\/uploads\/2025\/10\/pt-bell-housings-2.png","type":"image\/png"}],"twitter_card":"summary_large_image","schema":{"@context":"https:\/\/schema.org","@graph":[{"@type":"WebPage","@id":"https:\/\/www.mpfiltri.com\/de\/produkt\/pumpentraeger\/","url":"https:\/\/www.mpfiltri.com\/de\/produkt\/pumpentraeger\/","name":"PUMPENTR\u00c4GER - MP Filtri","isPartOf":{"@id":"https:\/\/www.mpfiltri.com\/de\/#website"},"primaryImageOfPage":{"@id":"https:\/\/www.mpfiltri.com\/de\/produkt\/pumpentraeger\/#primaryimage"},"image":{"@id":"https:\/\/www.mpfiltri.com\/de\/produkt\/pumpentraeger\/#primaryimage"},"thumbnailUrl":"https:\/\/www.mpfiltri.com\/wp-content\/uploads\/2025\/10\/pt-bell-housings-2.png","datePublished":"2025-06-16T14:41:39+00:00","dateModified":"2026-04-01T14:23:53+00:00","breadcrumb":{"@id":"https:\/\/www.mpfiltri.com\/de\/produkt\/pumpentraeger\/#breadcrumb"},"inLanguage":"de","potentialAction":[{"@type":"ReadAction","target":["https:\/\/www.mpfiltri.com\/de\/produkt\/pumpentraeger\/"]}]},{"@type":"ImageObject","inLanguage":"de","@id":"https:\/\/www.mpfiltri.com\/de\/produkt\/pumpentraeger\/#primaryimage","url":"https:\/\/www.mpfiltri.com\/wp-content\/uploads\/2025\/10\/pt-bell-housings-2.png","contentUrl":"https:\/\/www.mpfiltri.com\/wp-content\/uploads\/2025\/10\/pt-bell-housings-2.png","width":1458,"height":1458},{"@type":"BreadcrumbList","@id":"https:\/\/www.mpfiltri.com\/de\/produkt\/pumpentraeger\/#breadcrumb","itemListElement":[{"@type":"ListItem","position":1,"name":"Home","item":"https:\/\/www.mpfiltri.com\/de\/"},{"@type":"ListItem","position":2,"name":"Produkte","item":"https:\/\/www.mpfiltri.com\/de\/shop\/"},{"@type":"ListItem","position":3,"name":"PUMPENTR\u00c4GER"}]},{"@type":"WebSite","@id":"https:\/\/www.mpfiltri.com\/de\/#website","url":"https:\/\/www.mpfiltri.com\/de\/","name":"MP Filtri","description":"","publisher":{"@id":"https:\/\/www.mpfiltri.com\/de\/#organization"},"potentialAction":[{"@type":"SearchAction","target":{"@type":"EntryPoint","urlTemplate":"https:\/\/www.mpfiltri.com\/de\/?s={search_term_string}"},"query-input":{"@type":"PropertyValueSpecification","valueRequired":true,"valueName":"search_term_string"}}],"inLanguage":"de"},{"@type":"Organization","@id":"https:\/\/www.mpfiltri.com\/de\/#organization","name":"MP Filtri","url":"https:\/\/www.mpfiltri.com\/de\/","logo":{"@type":"ImageObject","inLanguage":"de","@id":"https:\/\/www.mpfiltri.com\/de\/#\/schema\/logo\/image\/","url":"","contentUrl":"","caption":"MP Filtri"},"image":{"@id":"https:\/\/www.mpfiltri.com\/de\/#\/schema\/logo\/image\/"},"sameAs":["https:\/\/www.facebook.com\/MPFiltriITA","https:\/\/www.instagram.com\/mpfiltri\/","https:\/\/www.youtube.com\/channel\/UCCzNMySYc1c4M-2B4v0K_QA?view_as=subscriber","https:\/\/www.linkedin.com\/company\/mp-filtri-spa\/"]}]}},"_links":{"self":[{"href":"https:\/\/www.mpfiltri.com\/de\/wp-json\/wp\/v2\/product\/77110","targetHints":{"allow":["GET"]}}],"collection":[{"href":"https:\/\/www.mpfiltri.com\/de\/wp-json\/wp\/v2\/product"}],"about":[{"href":"https:\/\/www.mpfiltri.com\/de\/wp-json\/wp\/v2\/types\/product"}],"replies":[{"embeddable":true,"href":"https:\/\/www.mpfiltri.com\/de\/wp-json\/wp\/v2\/comments?post=77110"}],"wp:featuredmedia":[{"embeddable":true,"href":"https:\/\/www.mpfiltri.com\/de\/wp-json\/wp\/v2\/media\/40393"}],"wp:attachment":[{"href":"https:\/\/www.mpfiltri.com\/de\/wp-json\/wp\/v2\/media?parent=77110"}],"wp:term":[{"taxonomy":"product-structure","embeddable":true,"href":"https:\/\/www.mpfiltri.com\/de\/wp-json\/wp\/v2\/product-structure?post=77110"},{"taxonomy":"product_brand","embeddable":true,"href":"https:\/\/www.mpfiltri.com\/de\/wp-json\/wp\/v2\/product_brand?post=77110"},{"taxonomy":"product_cat","embeddable":true,"href":"https:\/\/www.mpfiltri.com\/de\/wp-json\/wp\/v2\/product_cat?post=77110"},{"taxonomy":"product_tag","embeddable":true,"href":"https:\/\/www.mpfiltri.com\/de\/wp-json\/wp\/v2\/product_tag?post=77110"}],"curies":[{"name":"wp","href":"https:\/\/api.w.org\/{rel}","templated":true}]}}