

{"id":77107,"date":"2025-06-16T16:41:46","date_gmt":"2025-06-16T14:41:46","guid":{"rendered":"https:\/\/www.mpfiltri.com\/product\/produkt-3\/"},"modified":"2026-04-01T16:23:52","modified_gmt":"2026-04-01T14:23:52","slug":"kupplungen","status":"publish","type":"product","link":"https:\/\/www.mpfiltri.com\/de\/produkt\/kupplungen\/","title":{"rendered":"KUPPLUNGEN"},"content":{"rendered":"<p>Mit Antriebskupplungen wird die Kraft\u00fcbertragung vom Elektromotor auf die Hydraulikpumpe realisiert. <\/p>\n<p>Die <strong>Kupplungsh\u00e4lften der Baureihe SGE***<\/strong> sind durch ihre flexible Struktur sind sie in der Lage, Fluchtungs- und Winkelfehler zwischen Motor und Pumpe auszugleichen. Die Montage der Kupplungen kann horizontal\/vertikal erfolgen, um Vibrationen und Lastumkehrungen standzuhalten.<\/p>\n<p>Die Kupplungen sind in Aluminium- und Gusseisenausf\u00fchrungen mit verschiedenen Zahnkranzoptionen erh\u00e4ltlich und decken eine Vielzahl von Anwendungen mit Elektromotoren ab, die von der Baugr\u00f6\u00dfe 63 mit 0.15 kW bis zur Baugr\u00f6\u00dfe 400 mit 400 kW reichen. Die Auslegung des gesamten Kupplungsprogramms erfolgte mittels modernster Software.<\/p>\n<p>Elastomerkupplungen aus Gusseisen und Stahl sowie Zahnkupplungen werden als Standard mit Feststellschrauben ausgeliefert. Aus Aluminium gefertigte Elastomerkupplungen verf\u00fcgen nur \u00fcber eine Gewindebohrung zur Aufnahme einer Feststellschraube. <\/p>\n<p>Erh\u00e4ltlich f\u00fcr zylindrische Wellen mit metrischen und anglo-amerikanischen Abmessungen sowie f\u00fcr Passfederwellen nach DIN, ISO und SAE.<\/p>\n<p>Ausf\u00fchrungen:<\/p>\n<p>\u2022 <strong>SGEA &#8211; SGEG &#8211; SGES<\/strong>: Klauenkupplungen aus Aluminium &#8211; Gusseisen &#8211; Stahl<\/p>\n<p>\u2022 <strong>SGEK:<\/strong> Klauenkupplungen aus Aluminium und Gusseisen<\/p>\n<p>\u2022 <strong>SGDR &#8211; EGR:<\/strong> Zahnkupplungen aus Stahl, H\u00fclse Kunststoff<\/p>\n<p>\u2022 <strong>SGES + EGE (e-PTO SYSTEM):<\/strong> F\u00fcr Elektro- und Hybridfahrzeuge<\/p>\n<p>\u2022 <strong>AKG:<\/strong> Kompletter Kupplungssatz aus Aluminium, Gusseisen und Stahl<\/p>\n<p>Zahnkranzmaterialien<\/p>\n<p>\u2022 <strong>Serie EGE**:<\/strong> \u00d6lbest\u00e4ndig NBR 87 Shore A &#8211; Farbe schwarz<\/p>\n<p>\u2022 <strong>Serie EGE**RR:<\/strong> aus Polyurethan Laripur &#8211; 92 Shore A &#8211; LPR202-95A &#8211; Farbe rot<\/p>\n","protected":false},"excerpt":{"rendered":"<p>Mit Antriebskupplungen wird die Kraft\u00fcbertragung vom Elektromotor auf die Hydraulikpumpe realisiert. Die Kupplungsh\u00e4lften der Baureihe SGE*** sind durch ihre flexible Struktur sind sie in der Lage, Fluchtungs- und Winkelfehler zwischen Motor und Pumpe auszugleichen. Die Montage der Kupplungen kann horizontal\/vertikal erfolgen, um Vibrationen und Lastumkehrungen standzuhalten. Die Kupplungen sind in Aluminium- und Gusseisenausf\u00fchrungen mit verschiedenen [&hellip;]<\/p>\n","protected":false},"featured_media":40415,"comment_status":"open","ping_status":"closed","template":"","meta":{"_acf_changed":false,"_gspb_post_css":"","inline_featured_image":false,"_genesis_hide_title":false,"_genesis_hide_breadcrumbs":false,"_genesis_hide_singular_image":false,"_genesis_hide_footer_widgets":false,"_genesis_custom_body_class":"","_genesis_custom_post_class":"","_genesis_layout":"","_links_to":"","_links_to_target":""},"product-structure":[61],"product_brand":[],"product_cat":[],"product_tag":[],"class_list":{"0":"post-77107","1":"product","2":"type-product","3":"status-publish","4":"has-post-thumbnail","6":"product-structure-family","7":"entry","9":"first","10":"instock","11":"shipping-taxable","12":"product-type-simple"},"acf":[],"yoast_head":"<!-- This site is optimized with the Yoast SEO plugin v27.2 - https:\/\/yoast.com\/product\/yoast-seo-wordpress\/ -->\n<title>KUPPLUNGEN - MP Filtri<\/title>\n<meta name=\"robots\" content=\"index, follow, max-snippet:-1, max-image-preview:large, max-video-preview:-1\" \/>\n<link rel=\"canonical\" href=\"https:\/\/www.mpfiltri.com\/de\/produkt\/kupplungen\/\" \/>\n<meta property=\"og:locale\" content=\"de_DE\" \/>\n<meta property=\"og:type\" content=\"article\" \/>\n<meta property=\"og:title\" content=\"KUPPLUNGEN - MP Filtri\" \/>\n<meta property=\"og:description\" content=\"Mit Antriebskupplungen wird die Kraft\u00fcbertragung vom Elektromotor auf die Hydraulikpumpe realisiert. Die Kupplungsh\u00e4lften der Baureihe SGE*** sind durch ihre flexible Struktur sind sie in der Lage, Fluchtungs- und Winkelfehler zwischen Motor und Pumpe auszugleichen. Die Montage der Kupplungen kann horizontal\/vertikal erfolgen, um Vibrationen und Lastumkehrungen standzuhalten. Die Kupplungen sind in Aluminium- und Gusseisenausf\u00fchrungen mit verschiedenen [&hellip;]\" \/>\n<meta property=\"og:url\" content=\"https:\/\/www.mpfiltri.com\/de\/produkt\/kupplungen\/\" \/>\n<meta property=\"og:site_name\" content=\"MP Filtri\" \/>\n<meta property=\"article:publisher\" content=\"https:\/\/www.facebook.com\/MPFiltriITA\" \/>\n<meta property=\"article:modified_time\" content=\"2026-04-01T14:23:52+00:00\" \/>\n<meta property=\"og:image\" content=\"https:\/\/www.mpfiltri.com\/wp-content\/uploads\/2025\/10\/pt-coupligs.png\" \/>\n\t<meta property=\"og:image:width\" content=\"1458\" \/>\n\t<meta property=\"og:image:height\" content=\"1458\" \/>\n\t<meta property=\"og:image:type\" content=\"image\/png\" \/>\n<meta name=\"twitter:card\" content=\"summary_large_image\" \/>\n<meta name=\"twitter:label1\" content=\"Gesch\u00e4tzte Lesezeit\" \/>\n\t<meta name=\"twitter:data1\" content=\"1\u00a0Minute\" \/>\n<script type=\"application\/ld+json\" class=\"yoast-schema-graph\">{\"@context\":\"https:\/\/schema.org\",\"@graph\":[{\"@type\":\"WebPage\",\"@id\":\"https:\/\/www.mpfiltri.com\/de\/produkt\/kupplungen\/\",\"url\":\"https:\/\/www.mpfiltri.com\/de\/produkt\/kupplungen\/\",\"name\":\"KUPPLUNGEN - MP Filtri\",\"isPartOf\":{\"@id\":\"https:\/\/www.mpfiltri.com\/de\/#website\"},\"primaryImageOfPage\":{\"@id\":\"https:\/\/www.mpfiltri.com\/de\/produkt\/kupplungen\/#primaryimage\"},\"image\":{\"@id\":\"https:\/\/www.mpfiltri.com\/de\/produkt\/kupplungen\/#primaryimage\"},\"thumbnailUrl\":\"https:\/\/www.mpfiltri.com\/wp-content\/uploads\/2025\/10\/pt-coupligs.png\",\"datePublished\":\"2025-06-16T14:41:46+00:00\",\"dateModified\":\"2026-04-01T14:23:52+00:00\",\"breadcrumb\":{\"@id\":\"https:\/\/www.mpfiltri.com\/de\/produkt\/kupplungen\/#breadcrumb\"},\"inLanguage\":\"de\",\"potentialAction\":[{\"@type\":\"ReadAction\",\"target\":[\"https:\/\/www.mpfiltri.com\/de\/produkt\/kupplungen\/\"]}]},{\"@type\":\"ImageObject\",\"inLanguage\":\"de\",\"@id\":\"https:\/\/www.mpfiltri.com\/de\/produkt\/kupplungen\/#primaryimage\",\"url\":\"https:\/\/www.mpfiltri.com\/wp-content\/uploads\/2025\/10\/pt-coupligs.png\",\"contentUrl\":\"https:\/\/www.mpfiltri.com\/wp-content\/uploads\/2025\/10\/pt-coupligs.png\",\"width\":1458,\"height\":1458},{\"@type\":\"BreadcrumbList\",\"@id\":\"https:\/\/www.mpfiltri.com\/de\/produkt\/kupplungen\/#breadcrumb\",\"itemListElement\":[{\"@type\":\"ListItem\",\"position\":1,\"name\":\"Home\",\"item\":\"https:\/\/www.mpfiltri.com\/de\/\"},{\"@type\":\"ListItem\",\"position\":2,\"name\":\"Produkte\",\"item\":\"https:\/\/www.mpfiltri.com\/de\/shop\/\"},{\"@type\":\"ListItem\",\"position\":3,\"name\":\"KUPPLUNGEN\"}]},{\"@type\":\"WebSite\",\"@id\":\"https:\/\/www.mpfiltri.com\/de\/#website\",\"url\":\"https:\/\/www.mpfiltri.com\/de\/\",\"name\":\"MP Filtri\",\"description\":\"\",\"publisher\":{\"@id\":\"https:\/\/www.mpfiltri.com\/de\/#organization\"},\"potentialAction\":[{\"@type\":\"SearchAction\",\"target\":{\"@type\":\"EntryPoint\",\"urlTemplate\":\"https:\/\/www.mpfiltri.com\/de\/?s={search_term_string}\"},\"query-input\":{\"@type\":\"PropertyValueSpecification\",\"valueRequired\":true,\"valueName\":\"search_term_string\"}}],\"inLanguage\":\"de\"},{\"@type\":\"Organization\",\"@id\":\"https:\/\/www.mpfiltri.com\/de\/#organization\",\"name\":\"MP Filtri\",\"url\":\"https:\/\/www.mpfiltri.com\/de\/\",\"logo\":{\"@type\":\"ImageObject\",\"inLanguage\":\"de\",\"@id\":\"https:\/\/www.mpfiltri.com\/de\/#\/schema\/logo\/image\/\",\"url\":\"\",\"contentUrl\":\"\",\"caption\":\"MP Filtri\"},\"image\":{\"@id\":\"https:\/\/www.mpfiltri.com\/de\/#\/schema\/logo\/image\/\"},\"sameAs\":[\"https:\/\/www.facebook.com\/MPFiltriITA\",\"https:\/\/www.instagram.com\/mpfiltri\/\",\"https:\/\/www.youtube.com\/channel\/UCCzNMySYc1c4M-2B4v0K_QA?view_as=subscriber\",\"https:\/\/www.linkedin.com\/company\/mp-filtri-spa\/\"]}]}<\/script>\n<!-- \/ Yoast SEO plugin. -->","yoast_head_json":{"title":"KUPPLUNGEN - MP Filtri","robots":{"index":"index","follow":"follow","max-snippet":"max-snippet:-1","max-image-preview":"max-image-preview:large","max-video-preview":"max-video-preview:-1"},"canonical":"https:\/\/www.mpfiltri.com\/de\/produkt\/kupplungen\/","og_locale":"de_DE","og_type":"article","og_title":"KUPPLUNGEN - MP Filtri","og_description":"Mit Antriebskupplungen wird die Kraft\u00fcbertragung vom Elektromotor auf die Hydraulikpumpe realisiert. Die Kupplungsh\u00e4lften der Baureihe SGE*** sind durch ihre flexible Struktur sind sie in der Lage, Fluchtungs- und Winkelfehler zwischen Motor und Pumpe auszugleichen. Die Montage der Kupplungen kann horizontal\/vertikal erfolgen, um Vibrationen und Lastumkehrungen standzuhalten. Die Kupplungen sind in Aluminium- und Gusseisenausf\u00fchrungen mit verschiedenen [&hellip;]","og_url":"https:\/\/www.mpfiltri.com\/de\/produkt\/kupplungen\/","og_site_name":"MP Filtri","article_publisher":"https:\/\/www.facebook.com\/MPFiltriITA","article_modified_time":"2026-04-01T14:23:52+00:00","og_image":[{"width":1458,"height":1458,"url":"https:\/\/www.mpfiltri.com\/wp-content\/uploads\/2025\/10\/pt-coupligs.png","type":"image\/png"}],"twitter_card":"summary_large_image","twitter_misc":{"Gesch\u00e4tzte Lesezeit":"1\u00a0Minute"},"schema":{"@context":"https:\/\/schema.org","@graph":[{"@type":"WebPage","@id":"https:\/\/www.mpfiltri.com\/de\/produkt\/kupplungen\/","url":"https:\/\/www.mpfiltri.com\/de\/produkt\/kupplungen\/","name":"KUPPLUNGEN - MP Filtri","isPartOf":{"@id":"https:\/\/www.mpfiltri.com\/de\/#website"},"primaryImageOfPage":{"@id":"https:\/\/www.mpfiltri.com\/de\/produkt\/kupplungen\/#primaryimage"},"image":{"@id":"https:\/\/www.mpfiltri.com\/de\/produkt\/kupplungen\/#primaryimage"},"thumbnailUrl":"https:\/\/www.mpfiltri.com\/wp-content\/uploads\/2025\/10\/pt-coupligs.png","datePublished":"2025-06-16T14:41:46+00:00","dateModified":"2026-04-01T14:23:52+00:00","breadcrumb":{"@id":"https:\/\/www.mpfiltri.com\/de\/produkt\/kupplungen\/#breadcrumb"},"inLanguage":"de","potentialAction":[{"@type":"ReadAction","target":["https:\/\/www.mpfiltri.com\/de\/produkt\/kupplungen\/"]}]},{"@type":"ImageObject","inLanguage":"de","@id":"https:\/\/www.mpfiltri.com\/de\/produkt\/kupplungen\/#primaryimage","url":"https:\/\/www.mpfiltri.com\/wp-content\/uploads\/2025\/10\/pt-coupligs.png","contentUrl":"https:\/\/www.mpfiltri.com\/wp-content\/uploads\/2025\/10\/pt-coupligs.png","width":1458,"height":1458},{"@type":"BreadcrumbList","@id":"https:\/\/www.mpfiltri.com\/de\/produkt\/kupplungen\/#breadcrumb","itemListElement":[{"@type":"ListItem","position":1,"name":"Home","item":"https:\/\/www.mpfiltri.com\/de\/"},{"@type":"ListItem","position":2,"name":"Produkte","item":"https:\/\/www.mpfiltri.com\/de\/shop\/"},{"@type":"ListItem","position":3,"name":"KUPPLUNGEN"}]},{"@type":"WebSite","@id":"https:\/\/www.mpfiltri.com\/de\/#website","url":"https:\/\/www.mpfiltri.com\/de\/","name":"MP Filtri","description":"","publisher":{"@id":"https:\/\/www.mpfiltri.com\/de\/#organization"},"potentialAction":[{"@type":"SearchAction","target":{"@type":"EntryPoint","urlTemplate":"https:\/\/www.mpfiltri.com\/de\/?s={search_term_string}"},"query-input":{"@type":"PropertyValueSpecification","valueRequired":true,"valueName":"search_term_string"}}],"inLanguage":"de"},{"@type":"Organization","@id":"https:\/\/www.mpfiltri.com\/de\/#organization","name":"MP Filtri","url":"https:\/\/www.mpfiltri.com\/de\/","logo":{"@type":"ImageObject","inLanguage":"de","@id":"https:\/\/www.mpfiltri.com\/de\/#\/schema\/logo\/image\/","url":"","contentUrl":"","caption":"MP Filtri"},"image":{"@id":"https:\/\/www.mpfiltri.com\/de\/#\/schema\/logo\/image\/"},"sameAs":["https:\/\/www.facebook.com\/MPFiltriITA","https:\/\/www.instagram.com\/mpfiltri\/","https:\/\/www.youtube.com\/channel\/UCCzNMySYc1c4M-2B4v0K_QA?view_as=subscriber","https:\/\/www.linkedin.com\/company\/mp-filtri-spa\/"]}]}},"_links":{"self":[{"href":"https:\/\/www.mpfiltri.com\/de\/wp-json\/wp\/v2\/product\/77107","targetHints":{"allow":["GET"]}}],"collection":[{"href":"https:\/\/www.mpfiltri.com\/de\/wp-json\/wp\/v2\/product"}],"about":[{"href":"https:\/\/www.mpfiltri.com\/de\/wp-json\/wp\/v2\/types\/product"}],"replies":[{"embeddable":true,"href":"https:\/\/www.mpfiltri.com\/de\/wp-json\/wp\/v2\/comments?post=77107"}],"wp:featuredmedia":[{"embeddable":true,"href":"https:\/\/www.mpfiltri.com\/de\/wp-json\/wp\/v2\/media\/40415"}],"wp:attachment":[{"href":"https:\/\/www.mpfiltri.com\/de\/wp-json\/wp\/v2\/media?parent=77107"}],"wp:term":[{"taxonomy":"product-structure","embeddable":true,"href":"https:\/\/www.mpfiltri.com\/de\/wp-json\/wp\/v2\/product-structure?post=77107"},{"taxonomy":"product_brand","embeddable":true,"href":"https:\/\/www.mpfiltri.com\/de\/wp-json\/wp\/v2\/product_brand?post=77107"},{"taxonomy":"product_cat","embeddable":true,"href":"https:\/\/www.mpfiltri.com\/de\/wp-json\/wp\/v2\/product_cat?post=77107"},{"taxonomy":"product_tag","embeddable":true,"href":"https:\/\/www.mpfiltri.com\/de\/wp-json\/wp\/v2\/product_tag?post=77107"}],"curies":[{"name":"wp","href":"https:\/\/api.w.org\/{rel}","templated":true}]}}