

{"id":77077,"date":"2026-01-28T17:38:35","date_gmt":"2026-01-28T16:38:35","guid":{"rendered":"https:\/\/www.mpfiltri.com\/product\/produkt-3\/"},"modified":"2026-04-01T16:22:42","modified_gmt":"2026-04-01T14:22:42","slug":"antriebstechnik","status":"publish","type":"product","link":"https:\/\/www.mpfiltri.com\/de\/produkt\/antriebstechnik\/","title":{"rendered":"ANTRIEBSTECHNIK"},"content":{"rendered":"<p>Der Bereich Antriebtechnik komplettiert MP Filtri\u2019s Produktangebot durch ein breites Sortiment an Pumpentr\u00e4gern und Kupplungen. Es handelt sich hierbei um Strukturkomponenten, die als Verbindungselement zwischen Motor- und Pumpe fungieren. MP Filtri bedient mit seinen Produkten neben Elektromotoren auch mit Verbrennungsmotor betriebene Antriebseinheiten.<\/p>\n<p>MP Filtri Wellenkupplungen dienen in diesem Zusammenhang zur \u00dcbertragung von Kr\u00e4ften und Drehmomenten zwischen IEC-Elektromotoren\/ Verbrennungsmotoren und Hydraulikpumpen. Komplettkupplungen vom Typ AKG sind zudem nach ATEX 2014\/34\/EU Kategorie 2G \u2013 Bereiche 1 und 2 sowie der britischen Verordnung S.I. 2016 Nr. 1107 zertifiziert.<\/p>\n<p>In Erg\u00e4nzung dazu bietet MP Filtri passende Pumpentr\u00e4ger sowohl in einteiliger als auch in mehrteiliger Ausf\u00fchrung sowie mit unterschiedlichen Ausstattungsmerkmalen an. Dadurch sind neben Standardtypen auch spezielle Ausf\u00fchrungen erh\u00e4ltlich, z.B. mit integrierter Schwingungsd\u00e4mpfung.<\/p>\n<p>Diese Variantenvielfalt und Variabilit\u00e4t f\u00fchrt dazu, dass Pumpentr\u00e4ger und Kupplungen von MP Filtri mit einer Vielzahl markt\u00fcblicher Pumpenmodelle unterschiedlicher Hersteller kompatibel sind.<\/p>\n<p><span style=\"color: rgb(255, 255, 255);\">Weitere Informationen und technische Daten finden Sie in unserem Download-Bereich.<\/span><\/p>\n","protected":false},"excerpt":{"rendered":"<p>Der Bereich Antriebtechnik komplettiert MP Filtri\u2019s Produktangebot durch ein breites Sortiment an Pumpentr\u00e4gern und Kupplungen. Es handelt sich hierbei um Strukturkomponenten, die als Verbindungselement zwischen Motor- und Pumpe fungieren. MP Filtri bedient mit seinen Produkten neben Elektromotoren auch mit Verbrennungsmotor betriebene Antriebseinheiten. MP Filtri Wellenkupplungen dienen in diesem Zusammenhang zur \u00dcbertragung von Kr\u00e4ften und Drehmomenten [&hellip;]<\/p>\n","protected":false},"featured_media":23087,"comment_status":"open","ping_status":"closed","template":"","meta":{"_acf_changed":false,"_gspb_post_css":"","inline_featured_image":false,"_genesis_hide_title":false,"_genesis_hide_breadcrumbs":false,"_genesis_hide_singular_image":false,"_genesis_hide_footer_widgets":false,"_genesis_custom_body_class":"","_genesis_custom_post_class":"","_genesis_layout":"","_links_to":"","_links_to_target":""},"product-structure":[60],"product_brand":[],"product_cat":[],"product_tag":[],"class_list":{"0":"post-77077","1":"product","2":"type-product","3":"status-publish","4":"has-post-thumbnail","6":"product-structure-catalogue","7":"entry","9":"first","10":"instock","11":"shipping-taxable","12":"product-type-simple"},"acf":[],"yoast_head":"<!-- This site is optimized with the Yoast SEO plugin v27.2 - https:\/\/yoast.com\/product\/yoast-seo-wordpress\/ -->\n<title>ANTRIEBSTECHNIK - MP Filtri<\/title>\n<meta name=\"robots\" content=\"index, follow, max-snippet:-1, max-image-preview:large, max-video-preview:-1\" \/>\n<link rel=\"canonical\" href=\"https:\/\/www.mpfiltri.com\/de\/produkt\/antriebstechnik\/\" \/>\n<meta property=\"og:locale\" content=\"de_DE\" \/>\n<meta property=\"og:type\" content=\"article\" \/>\n<meta property=\"og:title\" content=\"ANTRIEBSTECHNIK - MP Filtri\" \/>\n<meta property=\"og:description\" content=\"Der Bereich Antriebtechnik komplettiert MP Filtri\u2019s Produktangebot durch ein breites Sortiment an Pumpentr\u00e4gern und Kupplungen. Es handelt sich hierbei um Strukturkomponenten, die als Verbindungselement zwischen Motor- und Pumpe fungieren. MP Filtri bedient mit seinen Produkten neben Elektromotoren auch mit Verbrennungsmotor betriebene Antriebseinheiten. MP Filtri Wellenkupplungen dienen in diesem Zusammenhang zur \u00dcbertragung von Kr\u00e4ften und Drehmomenten [&hellip;]\" \/>\n<meta property=\"og:url\" content=\"https:\/\/www.mpfiltri.com\/de\/produkt\/antriebstechnik\/\" \/>\n<meta property=\"og:site_name\" content=\"MP Filtri\" \/>\n<meta property=\"article:publisher\" content=\"https:\/\/www.facebook.com\/MPFiltriITA\" \/>\n<meta property=\"article:modified_time\" content=\"2026-04-01T14:22:42+00:00\" \/>\n<meta property=\"og:image\" content=\"https:\/\/www.mpfiltri.com\/wp-content\/uploads\/2025\/06\/PT.png\" \/>\n\t<meta property=\"og:image:width\" content=\"313\" \/>\n\t<meta property=\"og:image:height\" content=\"313\" \/>\n\t<meta property=\"og:image:type\" content=\"image\/png\" \/>\n<meta name=\"twitter:card\" content=\"summary_large_image\" \/>\n<meta name=\"twitter:label1\" content=\"Gesch\u00e4tzte Lesezeit\" \/>\n\t<meta name=\"twitter:data1\" content=\"1\u00a0Minute\" \/>\n<script type=\"application\/ld+json\" class=\"yoast-schema-graph\">{\"@context\":\"https:\/\/schema.org\",\"@graph\":[{\"@type\":\"WebPage\",\"@id\":\"https:\/\/www.mpfiltri.com\/de\/produkt\/antriebstechnik\/\",\"url\":\"https:\/\/www.mpfiltri.com\/de\/produkt\/antriebstechnik\/\",\"name\":\"ANTRIEBSTECHNIK - MP Filtri\",\"isPartOf\":{\"@id\":\"https:\/\/www.mpfiltri.com\/de\/#website\"},\"primaryImageOfPage\":{\"@id\":\"https:\/\/www.mpfiltri.com\/de\/produkt\/antriebstechnik\/#primaryimage\"},\"image\":{\"@id\":\"https:\/\/www.mpfiltri.com\/de\/produkt\/antriebstechnik\/#primaryimage\"},\"thumbnailUrl\":\"https:\/\/www.mpfiltri.com\/wp-content\/uploads\/2025\/06\/PT.png\",\"datePublished\":\"2026-01-28T16:38:35+00:00\",\"dateModified\":\"2026-04-01T14:22:42+00:00\",\"breadcrumb\":{\"@id\":\"https:\/\/www.mpfiltri.com\/de\/produkt\/antriebstechnik\/#breadcrumb\"},\"inLanguage\":\"de\",\"potentialAction\":[{\"@type\":\"ReadAction\",\"target\":[\"https:\/\/www.mpfiltri.com\/de\/produkt\/antriebstechnik\/\"]}]},{\"@type\":\"ImageObject\",\"inLanguage\":\"de\",\"@id\":\"https:\/\/www.mpfiltri.com\/de\/produkt\/antriebstechnik\/#primaryimage\",\"url\":\"https:\/\/www.mpfiltri.com\/wp-content\/uploads\/2025\/06\/PT.png\",\"contentUrl\":\"https:\/\/www.mpfiltri.com\/wp-content\/uploads\/2025\/06\/PT.png\",\"width\":313,\"height\":313,\"caption\":\"Power transmission\"},{\"@type\":\"BreadcrumbList\",\"@id\":\"https:\/\/www.mpfiltri.com\/de\/produkt\/antriebstechnik\/#breadcrumb\",\"itemListElement\":[{\"@type\":\"ListItem\",\"position\":1,\"name\":\"Home\",\"item\":\"https:\/\/www.mpfiltri.com\/de\/\"},{\"@type\":\"ListItem\",\"position\":2,\"name\":\"Produkte\",\"item\":\"https:\/\/www.mpfiltri.com\/de\/shop\/\"},{\"@type\":\"ListItem\",\"position\":3,\"name\":\"ANTRIEBSTECHNIK\"}]},{\"@type\":\"WebSite\",\"@id\":\"https:\/\/www.mpfiltri.com\/de\/#website\",\"url\":\"https:\/\/www.mpfiltri.com\/de\/\",\"name\":\"MP Filtri\",\"description\":\"\",\"publisher\":{\"@id\":\"https:\/\/www.mpfiltri.com\/de\/#organization\"},\"potentialAction\":[{\"@type\":\"SearchAction\",\"target\":{\"@type\":\"EntryPoint\",\"urlTemplate\":\"https:\/\/www.mpfiltri.com\/de\/?s={search_term_string}\"},\"query-input\":{\"@type\":\"PropertyValueSpecification\",\"valueRequired\":true,\"valueName\":\"search_term_string\"}}],\"inLanguage\":\"de\"},{\"@type\":\"Organization\",\"@id\":\"https:\/\/www.mpfiltri.com\/de\/#organization\",\"name\":\"MP Filtri\",\"url\":\"https:\/\/www.mpfiltri.com\/de\/\",\"logo\":{\"@type\":\"ImageObject\",\"inLanguage\":\"de\",\"@id\":\"https:\/\/www.mpfiltri.com\/de\/#\/schema\/logo\/image\/\",\"url\":\"\",\"contentUrl\":\"\",\"caption\":\"MP Filtri\"},\"image\":{\"@id\":\"https:\/\/www.mpfiltri.com\/de\/#\/schema\/logo\/image\/\"},\"sameAs\":[\"https:\/\/www.facebook.com\/MPFiltriITA\",\"https:\/\/www.instagram.com\/mpfiltri\/\",\"https:\/\/www.youtube.com\/channel\/UCCzNMySYc1c4M-2B4v0K_QA?view_as=subscriber\",\"https:\/\/www.linkedin.com\/company\/mp-filtri-spa\/\"]}]}<\/script>\n<!-- \/ Yoast SEO plugin. -->","yoast_head_json":{"title":"ANTRIEBSTECHNIK - MP Filtri","robots":{"index":"index","follow":"follow","max-snippet":"max-snippet:-1","max-image-preview":"max-image-preview:large","max-video-preview":"max-video-preview:-1"},"canonical":"https:\/\/www.mpfiltri.com\/de\/produkt\/antriebstechnik\/","og_locale":"de_DE","og_type":"article","og_title":"ANTRIEBSTECHNIK - MP Filtri","og_description":"Der Bereich Antriebtechnik komplettiert MP Filtri\u2019s Produktangebot durch ein breites Sortiment an Pumpentr\u00e4gern und Kupplungen. Es handelt sich hierbei um Strukturkomponenten, die als Verbindungselement zwischen Motor- und Pumpe fungieren. MP Filtri bedient mit seinen Produkten neben Elektromotoren auch mit Verbrennungsmotor betriebene Antriebseinheiten. MP Filtri Wellenkupplungen dienen in diesem Zusammenhang zur \u00dcbertragung von Kr\u00e4ften und Drehmomenten [&hellip;]","og_url":"https:\/\/www.mpfiltri.com\/de\/produkt\/antriebstechnik\/","og_site_name":"MP Filtri","article_publisher":"https:\/\/www.facebook.com\/MPFiltriITA","article_modified_time":"2026-04-01T14:22:42+00:00","og_image":[{"width":313,"height":313,"url":"https:\/\/www.mpfiltri.com\/wp-content\/uploads\/2025\/06\/PT.png","type":"image\/png"}],"twitter_card":"summary_large_image","twitter_misc":{"Gesch\u00e4tzte Lesezeit":"1\u00a0Minute"},"schema":{"@context":"https:\/\/schema.org","@graph":[{"@type":"WebPage","@id":"https:\/\/www.mpfiltri.com\/de\/produkt\/antriebstechnik\/","url":"https:\/\/www.mpfiltri.com\/de\/produkt\/antriebstechnik\/","name":"ANTRIEBSTECHNIK - MP Filtri","isPartOf":{"@id":"https:\/\/www.mpfiltri.com\/de\/#website"},"primaryImageOfPage":{"@id":"https:\/\/www.mpfiltri.com\/de\/produkt\/antriebstechnik\/#primaryimage"},"image":{"@id":"https:\/\/www.mpfiltri.com\/de\/produkt\/antriebstechnik\/#primaryimage"},"thumbnailUrl":"https:\/\/www.mpfiltri.com\/wp-content\/uploads\/2025\/06\/PT.png","datePublished":"2026-01-28T16:38:35+00:00","dateModified":"2026-04-01T14:22:42+00:00","breadcrumb":{"@id":"https:\/\/www.mpfiltri.com\/de\/produkt\/antriebstechnik\/#breadcrumb"},"inLanguage":"de","potentialAction":[{"@type":"ReadAction","target":["https:\/\/www.mpfiltri.com\/de\/produkt\/antriebstechnik\/"]}]},{"@type":"ImageObject","inLanguage":"de","@id":"https:\/\/www.mpfiltri.com\/de\/produkt\/antriebstechnik\/#primaryimage","url":"https:\/\/www.mpfiltri.com\/wp-content\/uploads\/2025\/06\/PT.png","contentUrl":"https:\/\/www.mpfiltri.com\/wp-content\/uploads\/2025\/06\/PT.png","width":313,"height":313,"caption":"Power transmission"},{"@type":"BreadcrumbList","@id":"https:\/\/www.mpfiltri.com\/de\/produkt\/antriebstechnik\/#breadcrumb","itemListElement":[{"@type":"ListItem","position":1,"name":"Home","item":"https:\/\/www.mpfiltri.com\/de\/"},{"@type":"ListItem","position":2,"name":"Produkte","item":"https:\/\/www.mpfiltri.com\/de\/shop\/"},{"@type":"ListItem","position":3,"name":"ANTRIEBSTECHNIK"}]},{"@type":"WebSite","@id":"https:\/\/www.mpfiltri.com\/de\/#website","url":"https:\/\/www.mpfiltri.com\/de\/","name":"MP Filtri","description":"","publisher":{"@id":"https:\/\/www.mpfiltri.com\/de\/#organization"},"potentialAction":[{"@type":"SearchAction","target":{"@type":"EntryPoint","urlTemplate":"https:\/\/www.mpfiltri.com\/de\/?s={search_term_string}"},"query-input":{"@type":"PropertyValueSpecification","valueRequired":true,"valueName":"search_term_string"}}],"inLanguage":"de"},{"@type":"Organization","@id":"https:\/\/www.mpfiltri.com\/de\/#organization","name":"MP Filtri","url":"https:\/\/www.mpfiltri.com\/de\/","logo":{"@type":"ImageObject","inLanguage":"de","@id":"https:\/\/www.mpfiltri.com\/de\/#\/schema\/logo\/image\/","url":"","contentUrl":"","caption":"MP Filtri"},"image":{"@id":"https:\/\/www.mpfiltri.com\/de\/#\/schema\/logo\/image\/"},"sameAs":["https:\/\/www.facebook.com\/MPFiltriITA","https:\/\/www.instagram.com\/mpfiltri\/","https:\/\/www.youtube.com\/channel\/UCCzNMySYc1c4M-2B4v0K_QA?view_as=subscriber","https:\/\/www.linkedin.com\/company\/mp-filtri-spa\/"]}]}},"_links":{"self":[{"href":"https:\/\/www.mpfiltri.com\/de\/wp-json\/wp\/v2\/product\/77077","targetHints":{"allow":["GET"]}}],"collection":[{"href":"https:\/\/www.mpfiltri.com\/de\/wp-json\/wp\/v2\/product"}],"about":[{"href":"https:\/\/www.mpfiltri.com\/de\/wp-json\/wp\/v2\/types\/product"}],"replies":[{"embeddable":true,"href":"https:\/\/www.mpfiltri.com\/de\/wp-json\/wp\/v2\/comments?post=77077"}],"wp:featuredmedia":[{"embeddable":true,"href":"https:\/\/www.mpfiltri.com\/de\/wp-json\/wp\/v2\/media\/23087"}],"wp:attachment":[{"href":"https:\/\/www.mpfiltri.com\/de\/wp-json\/wp\/v2\/media?parent=77077"}],"wp:term":[{"taxonomy":"product-structure","embeddable":true,"href":"https:\/\/www.mpfiltri.com\/de\/wp-json\/wp\/v2\/product-structure?post=77077"},{"taxonomy":"product_brand","embeddable":true,"href":"https:\/\/www.mpfiltri.com\/de\/wp-json\/wp\/v2\/product_brand?post=77077"},{"taxonomy":"product_cat","embeddable":true,"href":"https:\/\/www.mpfiltri.com\/de\/wp-json\/wp\/v2\/product_cat?post=77077"},{"taxonomy":"product_tag","embeddable":true,"href":"https:\/\/www.mpfiltri.com\/de\/wp-json\/wp\/v2\/product_tag?post=77077"}],"curies":[{"name":"wp","href":"https:\/\/api.w.org\/{rel}","templated":true}]}}