

{"id":77070,"date":"2025-06-17T12:40:06","date_gmt":"2025-06-17T10:40:06","guid":{"rendered":"https:\/\/www.mpfiltri.com\/product\/produkt-3\/"},"modified":"2026-04-01T16:23:27","modified_gmt":"2026-04-01T14:23:27","slug":"optische-fuellstandsanzeigen","status":"publish","type":"product","link":"https:\/\/www.mpfiltri.com\/de\/produkt\/optische-fuellstandsanzeigen\/","title":{"rendered":"OPTISCHE F\u00dcLLSTANDSANZEIGEN"},"content":{"rendered":"<p>Optische F\u00fcllstandsanzeigen werden zur \u00dcberwachung des Fl\u00fcssigkeitsstands im Tank genutzt. Der Anbau erfolgt seitlich am Tank.<\/p>\n<p>Die runden \u00d6l-Schaugl\u00e4ser der <strong>Baureihen LCP und LCC<\/strong> bestehen aus einem kompakten Kunststoff- oder Aluminiumgeh\u00e4use. Ein spezielles Befestigungsset sorgt f\u00fcr zuverl\u00e4ssige Abdichtung.<\/p>\n<p>Die <strong>Baureihen LVA und LVU<\/strong> sind optische F\u00fcllstandsanzeigen in vertikaler Form. Die Fl\u00fcssigkeit gelangt durch die untere Anschlussverschraubung in die F\u00fcllstandsanzeige und ist durch das transparente Fenster gut sichtbar. LVA und LVU sind ohne oder mit Thermometer zur Temperaturanzeige erh\u00e4ltlich.<\/p>\n","protected":false},"excerpt":{"rendered":"<p>Optische F\u00fcllstandsanzeigen werden zur \u00dcberwachung des Fl\u00fcssigkeitsstands im Tank genutzt. Der Anbau erfolgt seitlich am Tank. Die runden \u00d6l-Schaugl\u00e4ser der Baureihen LCP und LCC bestehen aus einem kompakten Kunststoff- oder Aluminiumgeh\u00e4use. Ein spezielles Befestigungsset sorgt f\u00fcr zuverl\u00e4ssige Abdichtung. Die Baureihen LVA und LVU sind optische F\u00fcllstandsanzeigen in vertikaler Form. Die Fl\u00fcssigkeit gelangt durch die untere [&hellip;]<\/p>\n","protected":false},"featured_media":25884,"comment_status":"open","ping_status":"closed","template":"","meta":{"_acf_changed":false,"_gspb_post_css":"","inline_featured_image":false,"_genesis_hide_title":false,"_genesis_hide_breadcrumbs":false,"_genesis_hide_singular_image":false,"_genesis_hide_footer_widgets":false,"_genesis_custom_body_class":"","_genesis_custom_post_class":"","_genesis_layout":"","_links_to":"","_links_to_target":""},"product-structure":[61],"product_brand":[],"product_cat":[],"product_tag":[],"class_list":{"0":"post-77070","1":"product","2":"type-product","3":"status-publish","4":"has-post-thumbnail","6":"product-structure-family","7":"entry","9":"first","10":"instock","11":"shipping-taxable","12":"product-type-simple"},"acf":[],"yoast_head":"<!-- This site is optimized with the Yoast SEO plugin v27.2 - https:\/\/yoast.com\/product\/yoast-seo-wordpress\/ -->\n<title>OPTISCHE F\u00dcLLSTANDSANZEIGEN - MP Filtri<\/title>\n<meta name=\"robots\" content=\"index, follow, max-snippet:-1, max-image-preview:large, max-video-preview:-1\" \/>\n<link rel=\"canonical\" href=\"https:\/\/www.mpfiltri.com\/de\/produkt\/optische-fuellstandsanzeigen\/\" \/>\n<meta property=\"og:locale\" content=\"de_DE\" \/>\n<meta property=\"og:type\" content=\"article\" \/>\n<meta property=\"og:title\" content=\"OPTISCHE F\u00dcLLSTANDSANZEIGEN - MP Filtri\" \/>\n<meta property=\"og:description\" content=\"Optische F\u00fcllstandsanzeigen werden zur \u00dcberwachung des Fl\u00fcssigkeitsstands im Tank genutzt. Der Anbau erfolgt seitlich am Tank. Die runden \u00d6l-Schaugl\u00e4ser der Baureihen LCP und LCC bestehen aus einem kompakten Kunststoff- oder Aluminiumgeh\u00e4use. Ein spezielles Befestigungsset sorgt f\u00fcr zuverl\u00e4ssige Abdichtung. Die Baureihen LVA und LVU sind optische F\u00fcllstandsanzeigen in vertikaler Form. Die Fl\u00fcssigkeit gelangt durch die untere [&hellip;]\" \/>\n<meta property=\"og:url\" content=\"https:\/\/www.mpfiltri.com\/de\/produkt\/optische-fuellstandsanzeigen\/\" \/>\n<meta property=\"og:site_name\" content=\"MP Filtri\" \/>\n<meta property=\"article:publisher\" content=\"https:\/\/www.facebook.com\/MPFiltriITA\" \/>\n<meta property=\"article:modified_time\" content=\"2026-04-01T14:23:27+00:00\" \/>\n<meta property=\"og:image\" content=\"https:\/\/www.mpfiltri.com\/wp-content\/uploads\/2025\/06\/TANK-indic-visivi_250px.png\" \/>\n\t<meta property=\"og:image:width\" content=\"313\" \/>\n\t<meta property=\"og:image:height\" content=\"313\" \/>\n\t<meta property=\"og:image:type\" content=\"image\/png\" \/>\n<meta name=\"twitter:card\" content=\"summary_large_image\" \/>\n<script type=\"application\/ld+json\" class=\"yoast-schema-graph\">{\"@context\":\"https:\/\/schema.org\",\"@graph\":[{\"@type\":\"WebPage\",\"@id\":\"https:\/\/www.mpfiltri.com\/de\/produkt\/optische-fuellstandsanzeigen\/\",\"url\":\"https:\/\/www.mpfiltri.com\/de\/produkt\/optische-fuellstandsanzeigen\/\",\"name\":\"OPTISCHE F\u00dcLLSTANDSANZEIGEN - MP Filtri\",\"isPartOf\":{\"@id\":\"https:\/\/www.mpfiltri.com\/de\/#website\"},\"primaryImageOfPage\":{\"@id\":\"https:\/\/www.mpfiltri.com\/de\/produkt\/optische-fuellstandsanzeigen\/#primaryimage\"},\"image\":{\"@id\":\"https:\/\/www.mpfiltri.com\/de\/produkt\/optische-fuellstandsanzeigen\/#primaryimage\"},\"thumbnailUrl\":\"https:\/\/www.mpfiltri.com\/wp-content\/uploads\/2025\/06\/TANK-indic-visivi_250px.png\",\"datePublished\":\"2025-06-17T10:40:06+00:00\",\"dateModified\":\"2026-04-01T14:23:27+00:00\",\"breadcrumb\":{\"@id\":\"https:\/\/www.mpfiltri.com\/de\/produkt\/optische-fuellstandsanzeigen\/#breadcrumb\"},\"inLanguage\":\"de\",\"potentialAction\":[{\"@type\":\"ReadAction\",\"target\":[\"https:\/\/www.mpfiltri.com\/de\/produkt\/optische-fuellstandsanzeigen\/\"]}]},{\"@type\":\"ImageObject\",\"inLanguage\":\"de\",\"@id\":\"https:\/\/www.mpfiltri.com\/de\/produkt\/optische-fuellstandsanzeigen\/#primaryimage\",\"url\":\"https:\/\/www.mpfiltri.com\/wp-content\/uploads\/2025\/06\/TANK-indic-visivi_250px.png\",\"contentUrl\":\"https:\/\/www.mpfiltri.com\/wp-content\/uploads\/2025\/06\/TANK-indic-visivi_250px.png\",\"width\":313,\"height\":313},{\"@type\":\"BreadcrumbList\",\"@id\":\"https:\/\/www.mpfiltri.com\/de\/produkt\/optische-fuellstandsanzeigen\/#breadcrumb\",\"itemListElement\":[{\"@type\":\"ListItem\",\"position\":1,\"name\":\"Home\",\"item\":\"https:\/\/www.mpfiltri.com\/de\/\"},{\"@type\":\"ListItem\",\"position\":2,\"name\":\"Produkte\",\"item\":\"https:\/\/www.mpfiltri.com\/de\/shop\/\"},{\"@type\":\"ListItem\",\"position\":3,\"name\":\"OPTISCHE F\u00dcLLSTANDSANZEIGEN\"}]},{\"@type\":\"WebSite\",\"@id\":\"https:\/\/www.mpfiltri.com\/de\/#website\",\"url\":\"https:\/\/www.mpfiltri.com\/de\/\",\"name\":\"MP Filtri\",\"description\":\"\",\"publisher\":{\"@id\":\"https:\/\/www.mpfiltri.com\/de\/#organization\"},\"potentialAction\":[{\"@type\":\"SearchAction\",\"target\":{\"@type\":\"EntryPoint\",\"urlTemplate\":\"https:\/\/www.mpfiltri.com\/de\/?s={search_term_string}\"},\"query-input\":{\"@type\":\"PropertyValueSpecification\",\"valueRequired\":true,\"valueName\":\"search_term_string\"}}],\"inLanguage\":\"de\"},{\"@type\":\"Organization\",\"@id\":\"https:\/\/www.mpfiltri.com\/de\/#organization\",\"name\":\"MP Filtri\",\"url\":\"https:\/\/www.mpfiltri.com\/de\/\",\"logo\":{\"@type\":\"ImageObject\",\"inLanguage\":\"de\",\"@id\":\"https:\/\/www.mpfiltri.com\/de\/#\/schema\/logo\/image\/\",\"url\":\"\",\"contentUrl\":\"\",\"caption\":\"MP Filtri\"},\"image\":{\"@id\":\"https:\/\/www.mpfiltri.com\/de\/#\/schema\/logo\/image\/\"},\"sameAs\":[\"https:\/\/www.facebook.com\/MPFiltriITA\",\"https:\/\/www.instagram.com\/mpfiltri\/\",\"https:\/\/www.youtube.com\/channel\/UCCzNMySYc1c4M-2B4v0K_QA?view_as=subscriber\",\"https:\/\/www.linkedin.com\/company\/mp-filtri-spa\/\"]}]}<\/script>\n<!-- \/ Yoast SEO plugin. -->","yoast_head_json":{"title":"OPTISCHE F\u00dcLLSTANDSANZEIGEN - MP Filtri","robots":{"index":"index","follow":"follow","max-snippet":"max-snippet:-1","max-image-preview":"max-image-preview:large","max-video-preview":"max-video-preview:-1"},"canonical":"https:\/\/www.mpfiltri.com\/de\/produkt\/optische-fuellstandsanzeigen\/","og_locale":"de_DE","og_type":"article","og_title":"OPTISCHE F\u00dcLLSTANDSANZEIGEN - MP Filtri","og_description":"Optische F\u00fcllstandsanzeigen werden zur \u00dcberwachung des Fl\u00fcssigkeitsstands im Tank genutzt. Der Anbau erfolgt seitlich am Tank. Die runden \u00d6l-Schaugl\u00e4ser der Baureihen LCP und LCC bestehen aus einem kompakten Kunststoff- oder Aluminiumgeh\u00e4use. Ein spezielles Befestigungsset sorgt f\u00fcr zuverl\u00e4ssige Abdichtung. Die Baureihen LVA und LVU sind optische F\u00fcllstandsanzeigen in vertikaler Form. Die Fl\u00fcssigkeit gelangt durch die untere [&hellip;]","og_url":"https:\/\/www.mpfiltri.com\/de\/produkt\/optische-fuellstandsanzeigen\/","og_site_name":"MP Filtri","article_publisher":"https:\/\/www.facebook.com\/MPFiltriITA","article_modified_time":"2026-04-01T14:23:27+00:00","og_image":[{"width":313,"height":313,"url":"https:\/\/www.mpfiltri.com\/wp-content\/uploads\/2025\/06\/TANK-indic-visivi_250px.png","type":"image\/png"}],"twitter_card":"summary_large_image","schema":{"@context":"https:\/\/schema.org","@graph":[{"@type":"WebPage","@id":"https:\/\/www.mpfiltri.com\/de\/produkt\/optische-fuellstandsanzeigen\/","url":"https:\/\/www.mpfiltri.com\/de\/produkt\/optische-fuellstandsanzeigen\/","name":"OPTISCHE F\u00dcLLSTANDSANZEIGEN - MP Filtri","isPartOf":{"@id":"https:\/\/www.mpfiltri.com\/de\/#website"},"primaryImageOfPage":{"@id":"https:\/\/www.mpfiltri.com\/de\/produkt\/optische-fuellstandsanzeigen\/#primaryimage"},"image":{"@id":"https:\/\/www.mpfiltri.com\/de\/produkt\/optische-fuellstandsanzeigen\/#primaryimage"},"thumbnailUrl":"https:\/\/www.mpfiltri.com\/wp-content\/uploads\/2025\/06\/TANK-indic-visivi_250px.png","datePublished":"2025-06-17T10:40:06+00:00","dateModified":"2026-04-01T14:23:27+00:00","breadcrumb":{"@id":"https:\/\/www.mpfiltri.com\/de\/produkt\/optische-fuellstandsanzeigen\/#breadcrumb"},"inLanguage":"de","potentialAction":[{"@type":"ReadAction","target":["https:\/\/www.mpfiltri.com\/de\/produkt\/optische-fuellstandsanzeigen\/"]}]},{"@type":"ImageObject","inLanguage":"de","@id":"https:\/\/www.mpfiltri.com\/de\/produkt\/optische-fuellstandsanzeigen\/#primaryimage","url":"https:\/\/www.mpfiltri.com\/wp-content\/uploads\/2025\/06\/TANK-indic-visivi_250px.png","contentUrl":"https:\/\/www.mpfiltri.com\/wp-content\/uploads\/2025\/06\/TANK-indic-visivi_250px.png","width":313,"height":313},{"@type":"BreadcrumbList","@id":"https:\/\/www.mpfiltri.com\/de\/produkt\/optische-fuellstandsanzeigen\/#breadcrumb","itemListElement":[{"@type":"ListItem","position":1,"name":"Home","item":"https:\/\/www.mpfiltri.com\/de\/"},{"@type":"ListItem","position":2,"name":"Produkte","item":"https:\/\/www.mpfiltri.com\/de\/shop\/"},{"@type":"ListItem","position":3,"name":"OPTISCHE F\u00dcLLSTANDSANZEIGEN"}]},{"@type":"WebSite","@id":"https:\/\/www.mpfiltri.com\/de\/#website","url":"https:\/\/www.mpfiltri.com\/de\/","name":"MP Filtri","description":"","publisher":{"@id":"https:\/\/www.mpfiltri.com\/de\/#organization"},"potentialAction":[{"@type":"SearchAction","target":{"@type":"EntryPoint","urlTemplate":"https:\/\/www.mpfiltri.com\/de\/?s={search_term_string}"},"query-input":{"@type":"PropertyValueSpecification","valueRequired":true,"valueName":"search_term_string"}}],"inLanguage":"de"},{"@type":"Organization","@id":"https:\/\/www.mpfiltri.com\/de\/#organization","name":"MP Filtri","url":"https:\/\/www.mpfiltri.com\/de\/","logo":{"@type":"ImageObject","inLanguage":"de","@id":"https:\/\/www.mpfiltri.com\/de\/#\/schema\/logo\/image\/","url":"","contentUrl":"","caption":"MP Filtri"},"image":{"@id":"https:\/\/www.mpfiltri.com\/de\/#\/schema\/logo\/image\/"},"sameAs":["https:\/\/www.facebook.com\/MPFiltriITA","https:\/\/www.instagram.com\/mpfiltri\/","https:\/\/www.youtube.com\/channel\/UCCzNMySYc1c4M-2B4v0K_QA?view_as=subscriber","https:\/\/www.linkedin.com\/company\/mp-filtri-spa\/"]}]}},"_links":{"self":[{"href":"https:\/\/www.mpfiltri.com\/de\/wp-json\/wp\/v2\/product\/77070","targetHints":{"allow":["GET"]}}],"collection":[{"href":"https:\/\/www.mpfiltri.com\/de\/wp-json\/wp\/v2\/product"}],"about":[{"href":"https:\/\/www.mpfiltri.com\/de\/wp-json\/wp\/v2\/types\/product"}],"replies":[{"embeddable":true,"href":"https:\/\/www.mpfiltri.com\/de\/wp-json\/wp\/v2\/comments?post=77070"}],"wp:featuredmedia":[{"embeddable":true,"href":"https:\/\/www.mpfiltri.com\/de\/wp-json\/wp\/v2\/media\/25884"}],"wp:attachment":[{"href":"https:\/\/www.mpfiltri.com\/de\/wp-json\/wp\/v2\/media?parent=77070"}],"wp:term":[{"taxonomy":"product-structure","embeddable":true,"href":"https:\/\/www.mpfiltri.com\/de\/wp-json\/wp\/v2\/product-structure?post=77070"},{"taxonomy":"product_brand","embeddable":true,"href":"https:\/\/www.mpfiltri.com\/de\/wp-json\/wp\/v2\/product_brand?post=77070"},{"taxonomy":"product_cat","embeddable":true,"href":"https:\/\/www.mpfiltri.com\/de\/wp-json\/wp\/v2\/product_cat?post=77070"},{"taxonomy":"product_tag","embeddable":true,"href":"https:\/\/www.mpfiltri.com\/de\/wp-json\/wp\/v2\/product_tag?post=77070"}],"curies":[{"name":"wp","href":"https:\/\/api.w.org\/{rel}","templated":true}]}}