

{"id":77069,"date":"2025-06-17T11:59:06","date_gmt":"2025-06-17T09:59:06","guid":{"rendered":"https:\/\/www.mpfiltri.com\/product\/produkt-3\/"},"modified":"2026-04-01T16:23:31","modified_gmt":"2026-04-01T14:23:31","slug":"be-und-entlueftungsfilter-tankeinfuellstutzen","status":"publish","type":"product","link":"https:\/\/www.mpfiltri.com\/de\/produkt\/be-und-entlueftungsfilter-tankeinfuellstutzen\/","title":{"rendered":"BE- UND ENTL\u00dcFTUNGSFILTER \/ TANKEINF\u00dcLLSTUTZEN"},"content":{"rendered":"<p><strong>Be-und Entl\u00fcftungsfilter <\/strong>dienen zum Schutz des Tanks vor Feststoffverunreinigungen in der Luft<\/p>\n<p><strong>Tankbel\u00fcftungsfilter und -trockner<\/strong> werden zum Entfeuchten der nachgesaugten Luft eingesetzt. Sie kombinieren das Herausfiltern der verschmutzenden Komponenten mit der Aufnahme des in der Luft enthaltenen freien Wassers.<\/p>\n<p><strong>Tankeinf\u00fcllstutzen<\/strong> sorgen f\u00fcr eine H\u00f6herlegung des Be- und Entl\u00fcftungsfilters.<\/p>\n<p><strong>Flanschadapter<\/strong> werden zur Verlegung von Einf\u00fcllstutzen und Bel\u00fcftungsfilter an die Tankseitenwand genutzt.<\/p><\/p>\n","protected":false},"excerpt":{"rendered":"<p>Be-und Entl\u00fcftungsfilter dienen zum Schutz des Tanks vor Feststoffverunreinigungen in der Luft Tankbel\u00fcftungsfilter und -trockner werden zum Entfeuchten der nachgesaugten Luft eingesetzt. Sie kombinieren das Herausfiltern der verschmutzenden Komponenten mit der Aufnahme des in der Luft enthaltenen freien Wassers. Tankeinf\u00fcllstutzen sorgen f\u00fcr eine H\u00f6herlegung des Be- und Entl\u00fcftungsfilters. Flanschadapter werden zur Verlegung von Einf\u00fcllstutzen und [&hellip;]<\/p>\n","protected":false},"featured_media":25912,"comment_status":"open","ping_status":"closed","template":"","meta":{"_acf_changed":false,"_gspb_post_css":"","inline_featured_image":false,"_genesis_hide_title":false,"_genesis_hide_breadcrumbs":false,"_genesis_hide_singular_image":false,"_genesis_hide_footer_widgets":false,"_genesis_custom_body_class":"","_genesis_custom_post_class":"","_genesis_layout":"","_links_to":"","_links_to_target":""},"product-structure":[61],"product_brand":[],"product_cat":[],"product_tag":[],"class_list":{"0":"post-77069","1":"product","2":"type-product","3":"status-publish","4":"has-post-thumbnail","6":"product-structure-family","7":"entry","9":"first","10":"instock","11":"shipping-taxable","12":"product-type-simple"},"acf":[],"yoast_head":"<!-- This site is optimized with the Yoast SEO plugin v27.2 - https:\/\/yoast.com\/product\/yoast-seo-wordpress\/ -->\n<title>BE- UND ENTL\u00dcFTUNGSFILTER \/ TANKEINF\u00dcLLSTUTZEN - MP Filtri<\/title>\n<meta name=\"robots\" content=\"index, follow, max-snippet:-1, max-image-preview:large, max-video-preview:-1\" \/>\n<link rel=\"canonical\" href=\"https:\/\/www.mpfiltri.com\/de\/produkt\/be-und-entlueftungsfilter-tankeinfuellstutzen\/\" \/>\n<meta property=\"og:locale\" content=\"de_DE\" \/>\n<meta property=\"og:type\" content=\"article\" \/>\n<meta property=\"og:title\" content=\"BE- UND ENTL\u00dcFTUNGSFILTER \/ TANKEINF\u00dcLLSTUTZEN - MP Filtri\" \/>\n<meta property=\"og:description\" content=\"Be-und Entl\u00fcftungsfilter dienen zum Schutz des Tanks vor Feststoffverunreinigungen in der Luft Tankbel\u00fcftungsfilter und -trockner werden zum Entfeuchten der nachgesaugten Luft eingesetzt. Sie kombinieren das Herausfiltern der verschmutzenden Komponenten mit der Aufnahme des in der Luft enthaltenen freien Wassers. Tankeinf\u00fcllstutzen sorgen f\u00fcr eine H\u00f6herlegung des Be- und Entl\u00fcftungsfilters. Flanschadapter werden zur Verlegung von Einf\u00fcllstutzen und [&hellip;]\" \/>\n<meta property=\"og:url\" content=\"https:\/\/www.mpfiltri.com\/de\/produkt\/be-und-entlueftungsfilter-tankeinfuellstutzen\/\" \/>\n<meta property=\"og:site_name\" content=\"MP Filtri\" \/>\n<meta property=\"article:publisher\" content=\"https:\/\/www.facebook.com\/MPFiltriITA\" \/>\n<meta property=\"article:modified_time\" content=\"2026-04-01T14:23:31+00:00\" \/>\n<meta property=\"og:image\" content=\"https:\/\/www.mpfiltri.com\/wp-content\/uploads\/2025\/06\/TANK-Air-Breathers-and-Filler-Plugs_250px.png\" \/>\n\t<meta property=\"og:image:width\" content=\"313\" \/>\n\t<meta property=\"og:image:height\" content=\"313\" \/>\n\t<meta property=\"og:image:type\" content=\"image\/png\" \/>\n<meta name=\"twitter:card\" content=\"summary_large_image\" \/>\n<script type=\"application\/ld+json\" class=\"yoast-schema-graph\">{\"@context\":\"https:\/\/schema.org\",\"@graph\":[{\"@type\":\"WebPage\",\"@id\":\"https:\/\/www.mpfiltri.com\/de\/produkt\/be-und-entlueftungsfilter-tankeinfuellstutzen\/\",\"url\":\"https:\/\/www.mpfiltri.com\/de\/produkt\/be-und-entlueftungsfilter-tankeinfuellstutzen\/\",\"name\":\"BE- UND ENTL\u00dcFTUNGSFILTER \/ TANKEINF\u00dcLLSTUTZEN - MP Filtri\",\"isPartOf\":{\"@id\":\"https:\/\/www.mpfiltri.com\/de\/#website\"},\"primaryImageOfPage\":{\"@id\":\"https:\/\/www.mpfiltri.com\/de\/produkt\/be-und-entlueftungsfilter-tankeinfuellstutzen\/#primaryimage\"},\"image\":{\"@id\":\"https:\/\/www.mpfiltri.com\/de\/produkt\/be-und-entlueftungsfilter-tankeinfuellstutzen\/#primaryimage\"},\"thumbnailUrl\":\"https:\/\/www.mpfiltri.com\/wp-content\/uploads\/2025\/06\/TANK-Air-Breathers-and-Filler-Plugs_250px.png\",\"datePublished\":\"2025-06-17T09:59:06+00:00\",\"dateModified\":\"2026-04-01T14:23:31+00:00\",\"breadcrumb\":{\"@id\":\"https:\/\/www.mpfiltri.com\/de\/produkt\/be-und-entlueftungsfilter-tankeinfuellstutzen\/#breadcrumb\"},\"inLanguage\":\"de\",\"potentialAction\":[{\"@type\":\"ReadAction\",\"target\":[\"https:\/\/www.mpfiltri.com\/de\/produkt\/be-und-entlueftungsfilter-tankeinfuellstutzen\/\"]}]},{\"@type\":\"ImageObject\",\"inLanguage\":\"de\",\"@id\":\"https:\/\/www.mpfiltri.com\/de\/produkt\/be-und-entlueftungsfilter-tankeinfuellstutzen\/#primaryimage\",\"url\":\"https:\/\/www.mpfiltri.com\/wp-content\/uploads\/2025\/06\/TANK-Air-Breathers-and-Filler-Plugs_250px.png\",\"contentUrl\":\"https:\/\/www.mpfiltri.com\/wp-content\/uploads\/2025\/06\/TANK-Air-Breathers-and-Filler-Plugs_250px.png\",\"width\":313,\"height\":313},{\"@type\":\"BreadcrumbList\",\"@id\":\"https:\/\/www.mpfiltri.com\/de\/produkt\/be-und-entlueftungsfilter-tankeinfuellstutzen\/#breadcrumb\",\"itemListElement\":[{\"@type\":\"ListItem\",\"position\":1,\"name\":\"Home\",\"item\":\"https:\/\/www.mpfiltri.com\/de\/\"},{\"@type\":\"ListItem\",\"position\":2,\"name\":\"Produkte\",\"item\":\"https:\/\/www.mpfiltri.com\/de\/shop\/\"},{\"@type\":\"ListItem\",\"position\":3,\"name\":\"BE- UND ENTL\u00dcFTUNGSFILTER \/ TANKEINF\u00dcLLSTUTZEN\"}]},{\"@type\":\"WebSite\",\"@id\":\"https:\/\/www.mpfiltri.com\/de\/#website\",\"url\":\"https:\/\/www.mpfiltri.com\/de\/\",\"name\":\"MP Filtri\",\"description\":\"\",\"publisher\":{\"@id\":\"https:\/\/www.mpfiltri.com\/de\/#organization\"},\"potentialAction\":[{\"@type\":\"SearchAction\",\"target\":{\"@type\":\"EntryPoint\",\"urlTemplate\":\"https:\/\/www.mpfiltri.com\/de\/?s={search_term_string}\"},\"query-input\":{\"@type\":\"PropertyValueSpecification\",\"valueRequired\":true,\"valueName\":\"search_term_string\"}}],\"inLanguage\":\"de\"},{\"@type\":\"Organization\",\"@id\":\"https:\/\/www.mpfiltri.com\/de\/#organization\",\"name\":\"MP Filtri\",\"url\":\"https:\/\/www.mpfiltri.com\/de\/\",\"logo\":{\"@type\":\"ImageObject\",\"inLanguage\":\"de\",\"@id\":\"https:\/\/www.mpfiltri.com\/de\/#\/schema\/logo\/image\/\",\"url\":\"\",\"contentUrl\":\"\",\"caption\":\"MP Filtri\"},\"image\":{\"@id\":\"https:\/\/www.mpfiltri.com\/de\/#\/schema\/logo\/image\/\"},\"sameAs\":[\"https:\/\/www.facebook.com\/MPFiltriITA\",\"https:\/\/www.instagram.com\/mpfiltri\/\",\"https:\/\/www.youtube.com\/channel\/UCCzNMySYc1c4M-2B4v0K_QA?view_as=subscriber\",\"https:\/\/www.linkedin.com\/company\/mp-filtri-spa\/\"]}]}<\/script>\n<!-- \/ Yoast SEO plugin. -->","yoast_head_json":{"title":"BE- UND ENTL\u00dcFTUNGSFILTER \/ TANKEINF\u00dcLLSTUTZEN - MP Filtri","robots":{"index":"index","follow":"follow","max-snippet":"max-snippet:-1","max-image-preview":"max-image-preview:large","max-video-preview":"max-video-preview:-1"},"canonical":"https:\/\/www.mpfiltri.com\/de\/produkt\/be-und-entlueftungsfilter-tankeinfuellstutzen\/","og_locale":"de_DE","og_type":"article","og_title":"BE- UND ENTL\u00dcFTUNGSFILTER \/ TANKEINF\u00dcLLSTUTZEN - MP Filtri","og_description":"Be-und Entl\u00fcftungsfilter dienen zum Schutz des Tanks vor Feststoffverunreinigungen in der Luft Tankbel\u00fcftungsfilter und -trockner werden zum Entfeuchten der nachgesaugten Luft eingesetzt. Sie kombinieren das Herausfiltern der verschmutzenden Komponenten mit der Aufnahme des in der Luft enthaltenen freien Wassers. Tankeinf\u00fcllstutzen sorgen f\u00fcr eine H\u00f6herlegung des Be- und Entl\u00fcftungsfilters. Flanschadapter werden zur Verlegung von Einf\u00fcllstutzen und [&hellip;]","og_url":"https:\/\/www.mpfiltri.com\/de\/produkt\/be-und-entlueftungsfilter-tankeinfuellstutzen\/","og_site_name":"MP Filtri","article_publisher":"https:\/\/www.facebook.com\/MPFiltriITA","article_modified_time":"2026-04-01T14:23:31+00:00","og_image":[{"width":313,"height":313,"url":"https:\/\/www.mpfiltri.com\/wp-content\/uploads\/2025\/06\/TANK-Air-Breathers-and-Filler-Plugs_250px.png","type":"image\/png"}],"twitter_card":"summary_large_image","schema":{"@context":"https:\/\/schema.org","@graph":[{"@type":"WebPage","@id":"https:\/\/www.mpfiltri.com\/de\/produkt\/be-und-entlueftungsfilter-tankeinfuellstutzen\/","url":"https:\/\/www.mpfiltri.com\/de\/produkt\/be-und-entlueftungsfilter-tankeinfuellstutzen\/","name":"BE- UND ENTL\u00dcFTUNGSFILTER \/ TANKEINF\u00dcLLSTUTZEN - MP Filtri","isPartOf":{"@id":"https:\/\/www.mpfiltri.com\/de\/#website"},"primaryImageOfPage":{"@id":"https:\/\/www.mpfiltri.com\/de\/produkt\/be-und-entlueftungsfilter-tankeinfuellstutzen\/#primaryimage"},"image":{"@id":"https:\/\/www.mpfiltri.com\/de\/produkt\/be-und-entlueftungsfilter-tankeinfuellstutzen\/#primaryimage"},"thumbnailUrl":"https:\/\/www.mpfiltri.com\/wp-content\/uploads\/2025\/06\/TANK-Air-Breathers-and-Filler-Plugs_250px.png","datePublished":"2025-06-17T09:59:06+00:00","dateModified":"2026-04-01T14:23:31+00:00","breadcrumb":{"@id":"https:\/\/www.mpfiltri.com\/de\/produkt\/be-und-entlueftungsfilter-tankeinfuellstutzen\/#breadcrumb"},"inLanguage":"de","potentialAction":[{"@type":"ReadAction","target":["https:\/\/www.mpfiltri.com\/de\/produkt\/be-und-entlueftungsfilter-tankeinfuellstutzen\/"]}]},{"@type":"ImageObject","inLanguage":"de","@id":"https:\/\/www.mpfiltri.com\/de\/produkt\/be-und-entlueftungsfilter-tankeinfuellstutzen\/#primaryimage","url":"https:\/\/www.mpfiltri.com\/wp-content\/uploads\/2025\/06\/TANK-Air-Breathers-and-Filler-Plugs_250px.png","contentUrl":"https:\/\/www.mpfiltri.com\/wp-content\/uploads\/2025\/06\/TANK-Air-Breathers-and-Filler-Plugs_250px.png","width":313,"height":313},{"@type":"BreadcrumbList","@id":"https:\/\/www.mpfiltri.com\/de\/produkt\/be-und-entlueftungsfilter-tankeinfuellstutzen\/#breadcrumb","itemListElement":[{"@type":"ListItem","position":1,"name":"Home","item":"https:\/\/www.mpfiltri.com\/de\/"},{"@type":"ListItem","position":2,"name":"Produkte","item":"https:\/\/www.mpfiltri.com\/de\/shop\/"},{"@type":"ListItem","position":3,"name":"BE- UND ENTL\u00dcFTUNGSFILTER \/ TANKEINF\u00dcLLSTUTZEN"}]},{"@type":"WebSite","@id":"https:\/\/www.mpfiltri.com\/de\/#website","url":"https:\/\/www.mpfiltri.com\/de\/","name":"MP Filtri","description":"","publisher":{"@id":"https:\/\/www.mpfiltri.com\/de\/#organization"},"potentialAction":[{"@type":"SearchAction","target":{"@type":"EntryPoint","urlTemplate":"https:\/\/www.mpfiltri.com\/de\/?s={search_term_string}"},"query-input":{"@type":"PropertyValueSpecification","valueRequired":true,"valueName":"search_term_string"}}],"inLanguage":"de"},{"@type":"Organization","@id":"https:\/\/www.mpfiltri.com\/de\/#organization","name":"MP Filtri","url":"https:\/\/www.mpfiltri.com\/de\/","logo":{"@type":"ImageObject","inLanguage":"de","@id":"https:\/\/www.mpfiltri.com\/de\/#\/schema\/logo\/image\/","url":"","contentUrl":"","caption":"MP Filtri"},"image":{"@id":"https:\/\/www.mpfiltri.com\/de\/#\/schema\/logo\/image\/"},"sameAs":["https:\/\/www.facebook.com\/MPFiltriITA","https:\/\/www.instagram.com\/mpfiltri\/","https:\/\/www.youtube.com\/channel\/UCCzNMySYc1c4M-2B4v0K_QA?view_as=subscriber","https:\/\/www.linkedin.com\/company\/mp-filtri-spa\/"]}]}},"_links":{"self":[{"href":"https:\/\/www.mpfiltri.com\/de\/wp-json\/wp\/v2\/product\/77069","targetHints":{"allow":["GET"]}}],"collection":[{"href":"https:\/\/www.mpfiltri.com\/de\/wp-json\/wp\/v2\/product"}],"about":[{"href":"https:\/\/www.mpfiltri.com\/de\/wp-json\/wp\/v2\/types\/product"}],"replies":[{"embeddable":true,"href":"https:\/\/www.mpfiltri.com\/de\/wp-json\/wp\/v2\/comments?post=77069"}],"wp:featuredmedia":[{"embeddable":true,"href":"https:\/\/www.mpfiltri.com\/de\/wp-json\/wp\/v2\/media\/25912"}],"wp:attachment":[{"href":"https:\/\/www.mpfiltri.com\/de\/wp-json\/wp\/v2\/media?parent=77069"}],"wp:term":[{"taxonomy":"product-structure","embeddable":true,"href":"https:\/\/www.mpfiltri.com\/de\/wp-json\/wp\/v2\/product-structure?post=77069"},{"taxonomy":"product_brand","embeddable":true,"href":"https:\/\/www.mpfiltri.com\/de\/wp-json\/wp\/v2\/product_brand?post=77069"},{"taxonomy":"product_cat","embeddable":true,"href":"https:\/\/www.mpfiltri.com\/de\/wp-json\/wp\/v2\/product_cat?post=77069"},{"taxonomy":"product_tag","embeddable":true,"href":"https:\/\/www.mpfiltri.com\/de\/wp-json\/wp\/v2\/product_tag?post=77069"}],"curies":[{"name":"wp","href":"https:\/\/api.w.org\/{rel}","templated":true}]}}