

{"id":77051,"date":"2025-06-17T11:57:20","date_gmt":"2025-06-17T09:57:20","guid":{"rendered":"https:\/\/www.mpfiltri.com\/product\/produkt-3\/"},"modified":"2026-04-01T16:23:34","modified_gmt":"2026-04-01T14:23:34","slug":"saw115","status":"publish","type":"product","link":"https:\/\/www.mpfiltri.com\/de\/produkt\/saw115\/","title":{"rendered":"SAW115"},"content":{"rendered":"<p>Die <strong>Bel\u00fcftungstrockner der Reihe SAW115<\/strong> werden zum Entfeuchten der nachgesaugten Luft eingesetzt. Sie kombinieren das Herausfiltern der verschmutzenden Komponenten mit der Aufnahme des in der Luft enthaltenen freien Wassers.<\/p>\n<p>Wenn die Luft durch die Be-\/ Entl\u00fcftungs\u00f6ffnung in das Ger\u00e4t eintritt, entfernen die Filterschichten die Feststoffverschmutzung, w\u00e4hrend das Trocknungsmittel die Feuchtigkeit aufnimmt. Ein zus\u00e4tzlicher Luftverteiler aus Schaum f\u00e4ngt den eventuellen \u00d6lnebel auf und verteilt die eintretende Luft gleichm\u00e4\u00dfig auf die Filter- und Trocknungsbereiche. Das Trocknungsmittel funktioniert auch w\u00e4hrend des Anhaltens der Anlage und nimmt weiter Luftfeuchtigkeit auf.<\/p>\n<p>Die orange Farbe des Silica-Gels zeigt unges\u00e4ttigtes Trocknungsmittel. Ist das Trocknungsmittel wei\u00df, ist es ges\u00e4ttigt (es kann Wasser bis zu 40 % seines Gewichts enthalten) und der Tankbel\u00fcftungstrockner muss durch einen neuen ersetzt werden. Jeder neue Tankbel\u00fcftungstrockner wird zum Schutz des Trocknungsmittels mit verschlossenen Lufteinlass\u00f6ffnungen geliefert.<\/p>\n<p>Die SAW115 sind in drei Gr\u00f6\u00dfen erh\u00e4ltlich. Sie k\u00f6nnen zus\u00e4tzlich zu den in Hydraulikanlagen bereits verwendeten Bel\u00fcftungsfiltern eingesetzt werden oder diese unter Verwendung des <strong>Adapters SMG 1 <\/strong>ersetzen.<\/p>\n<p>\u2022 Optische Zustandsanzeige mittels Silika-Gel<\/p>\n<p>\u2022 Anschluss mit Au\u00dfengewinde 1&#8243; Multifit (NPT, BSPT, NPSM)<\/p>\n<p>\u2022 Maximaler Luftvolumenstrom von bis zu 453 l\/min<\/p>\n<p>\u2022 Erh\u00e4ltlich in drei unterschiedlichen Gr\u00f6\u00dfen<\/p>\n<p>Allgemeine Anwendungsbereiche sind Transformatoren, Lagertanks, Hydraulikaggregate<\/p>\n","protected":false},"excerpt":{"rendered":"<p>Die Bel\u00fcftungstrockner der Reihe SAW115 werden zum Entfeuchten der nachgesaugten Luft eingesetzt. Sie kombinieren das Herausfiltern der verschmutzenden Komponenten mit der Aufnahme des in der Luft enthaltenen freien Wassers. Wenn die Luft durch die Be-\/ Entl\u00fcftungs\u00f6ffnung in das Ger\u00e4t eintritt, entfernen die Filterschichten die Feststoffverschmutzung, w\u00e4hrend das Trocknungsmittel die Feuchtigkeit aufnimmt. Ein zus\u00e4tzlicher Luftverteiler aus [&hellip;]<\/p>\n","protected":false},"featured_media":0,"comment_status":"open","ping_status":"closed","template":"","meta":{"_acf_changed":false,"_gspb_post_css":"","inline_featured_image":false,"_genesis_hide_title":false,"_genesis_hide_breadcrumbs":false,"_genesis_hide_singular_image":false,"_genesis_hide_footer_widgets":false,"_genesis_custom_body_class":"","_genesis_custom_post_class":"","_genesis_layout":"","_links_to":"","_links_to_target":""},"product-structure":[62],"product_brand":[],"product_cat":[13189,13126,13161,13196],"product_tag":[],"class_list":{"0":"post-77051","1":"product","2":"type-product","3":"status-publish","5":"product-structure-series","6":"product_cat-anwendungen","7":"product_cat-baumaschinen","8":"product_cat-land-und-forstmaschinen","9":"product_cat-mobile-anwendungen","10":"entry","12":"first","13":"instock","14":"shipping-taxable","15":"product-type-simple"},"acf":[],"yoast_head":"<!-- This site is optimized with the Yoast SEO plugin v27.2 - https:\/\/yoast.com\/product\/yoast-seo-wordpress\/ -->\n<title>SAW115 - MP Filtri<\/title>\n<meta name=\"robots\" content=\"index, follow, max-snippet:-1, max-image-preview:large, max-video-preview:-1\" \/>\n<link rel=\"canonical\" href=\"https:\/\/www.mpfiltri.com\/de\/produkt\/saw115\/\" \/>\n<meta property=\"og:locale\" content=\"de_DE\" \/>\n<meta property=\"og:type\" content=\"article\" \/>\n<meta property=\"og:title\" content=\"SAW115 - MP Filtri\" \/>\n<meta property=\"og:description\" content=\"Die Bel\u00fcftungstrockner der Reihe SAW115 werden zum Entfeuchten der nachgesaugten Luft eingesetzt. Sie kombinieren das Herausfiltern der verschmutzenden Komponenten mit der Aufnahme des in der Luft enthaltenen freien Wassers. Wenn die Luft durch die Be-\/ Entl\u00fcftungs\u00f6ffnung in das Ger\u00e4t eintritt, entfernen die Filterschichten die Feststoffverschmutzung, w\u00e4hrend das Trocknungsmittel die Feuchtigkeit aufnimmt. Ein zus\u00e4tzlicher Luftverteiler aus [&hellip;]\" \/>\n<meta property=\"og:url\" content=\"https:\/\/www.mpfiltri.com\/de\/produkt\/saw115\/\" \/>\n<meta property=\"og:site_name\" content=\"MP Filtri\" \/>\n<meta property=\"article:publisher\" content=\"https:\/\/www.facebook.com\/MPFiltriITA\" \/>\n<meta property=\"article:modified_time\" content=\"2026-04-01T14:23:34+00:00\" \/>\n<meta name=\"twitter:card\" content=\"summary_large_image\" \/>\n<meta name=\"twitter:label1\" content=\"Gesch\u00e4tzte Lesezeit\" \/>\n\t<meta name=\"twitter:data1\" content=\"1\u00a0Minute\" \/>\n<script type=\"application\/ld+json\" class=\"yoast-schema-graph\">{\"@context\":\"https:\/\/schema.org\",\"@graph\":[{\"@type\":\"WebPage\",\"@id\":\"https:\/\/www.mpfiltri.com\/de\/produkt\/saw115\/\",\"url\":\"https:\/\/www.mpfiltri.com\/de\/produkt\/saw115\/\",\"name\":\"SAW115 - MP Filtri\",\"isPartOf\":{\"@id\":\"https:\/\/www.mpfiltri.com\/de\/#website\"},\"datePublished\":\"2025-06-17T09:57:20+00:00\",\"dateModified\":\"2026-04-01T14:23:34+00:00\",\"breadcrumb\":{\"@id\":\"https:\/\/www.mpfiltri.com\/de\/produkt\/saw115\/#breadcrumb\"},\"inLanguage\":\"de\",\"potentialAction\":[{\"@type\":\"ReadAction\",\"target\":[\"https:\/\/www.mpfiltri.com\/de\/produkt\/saw115\/\"]}]},{\"@type\":\"BreadcrumbList\",\"@id\":\"https:\/\/www.mpfiltri.com\/de\/produkt\/saw115\/#breadcrumb\",\"itemListElement\":[{\"@type\":\"ListItem\",\"position\":1,\"name\":\"Home\",\"item\":\"https:\/\/www.mpfiltri.com\/de\/\"},{\"@type\":\"ListItem\",\"position\":2,\"name\":\"Produkte\",\"item\":\"https:\/\/www.mpfiltri.com\/de\/shop\/\"},{\"@type\":\"ListItem\",\"position\":3,\"name\":\"SAW115\"}]},{\"@type\":\"WebSite\",\"@id\":\"https:\/\/www.mpfiltri.com\/de\/#website\",\"url\":\"https:\/\/www.mpfiltri.com\/de\/\",\"name\":\"MP Filtri\",\"description\":\"\",\"publisher\":{\"@id\":\"https:\/\/www.mpfiltri.com\/de\/#organization\"},\"potentialAction\":[{\"@type\":\"SearchAction\",\"target\":{\"@type\":\"EntryPoint\",\"urlTemplate\":\"https:\/\/www.mpfiltri.com\/de\/?s={search_term_string}\"},\"query-input\":{\"@type\":\"PropertyValueSpecification\",\"valueRequired\":true,\"valueName\":\"search_term_string\"}}],\"inLanguage\":\"de\"},{\"@type\":\"Organization\",\"@id\":\"https:\/\/www.mpfiltri.com\/de\/#organization\",\"name\":\"MP Filtri\",\"url\":\"https:\/\/www.mpfiltri.com\/de\/\",\"logo\":{\"@type\":\"ImageObject\",\"inLanguage\":\"de\",\"@id\":\"https:\/\/www.mpfiltri.com\/de\/#\/schema\/logo\/image\/\",\"url\":\"\",\"contentUrl\":\"\",\"caption\":\"MP Filtri\"},\"image\":{\"@id\":\"https:\/\/www.mpfiltri.com\/de\/#\/schema\/logo\/image\/\"},\"sameAs\":[\"https:\/\/www.facebook.com\/MPFiltriITA\",\"https:\/\/www.instagram.com\/mpfiltri\/\",\"https:\/\/www.youtube.com\/channel\/UCCzNMySYc1c4M-2B4v0K_QA?view_as=subscriber\",\"https:\/\/www.linkedin.com\/company\/mp-filtri-spa\/\"]}]}<\/script>\n<!-- \/ Yoast SEO plugin. -->","yoast_head_json":{"title":"SAW115 - MP Filtri","robots":{"index":"index","follow":"follow","max-snippet":"max-snippet:-1","max-image-preview":"max-image-preview:large","max-video-preview":"max-video-preview:-1"},"canonical":"https:\/\/www.mpfiltri.com\/de\/produkt\/saw115\/","og_locale":"de_DE","og_type":"article","og_title":"SAW115 - MP Filtri","og_description":"Die Bel\u00fcftungstrockner der Reihe SAW115 werden zum Entfeuchten der nachgesaugten Luft eingesetzt. Sie kombinieren das Herausfiltern der verschmutzenden Komponenten mit der Aufnahme des in der Luft enthaltenen freien Wassers. Wenn die Luft durch die Be-\/ Entl\u00fcftungs\u00f6ffnung in das Ger\u00e4t eintritt, entfernen die Filterschichten die Feststoffverschmutzung, w\u00e4hrend das Trocknungsmittel die Feuchtigkeit aufnimmt. Ein zus\u00e4tzlicher Luftverteiler aus [&hellip;]","og_url":"https:\/\/www.mpfiltri.com\/de\/produkt\/saw115\/","og_site_name":"MP Filtri","article_publisher":"https:\/\/www.facebook.com\/MPFiltriITA","article_modified_time":"2026-04-01T14:23:34+00:00","twitter_card":"summary_large_image","twitter_misc":{"Gesch\u00e4tzte Lesezeit":"1\u00a0Minute"},"schema":{"@context":"https:\/\/schema.org","@graph":[{"@type":"WebPage","@id":"https:\/\/www.mpfiltri.com\/de\/produkt\/saw115\/","url":"https:\/\/www.mpfiltri.com\/de\/produkt\/saw115\/","name":"SAW115 - MP Filtri","isPartOf":{"@id":"https:\/\/www.mpfiltri.com\/de\/#website"},"datePublished":"2025-06-17T09:57:20+00:00","dateModified":"2026-04-01T14:23:34+00:00","breadcrumb":{"@id":"https:\/\/www.mpfiltri.com\/de\/produkt\/saw115\/#breadcrumb"},"inLanguage":"de","potentialAction":[{"@type":"ReadAction","target":["https:\/\/www.mpfiltri.com\/de\/produkt\/saw115\/"]}]},{"@type":"BreadcrumbList","@id":"https:\/\/www.mpfiltri.com\/de\/produkt\/saw115\/#breadcrumb","itemListElement":[{"@type":"ListItem","position":1,"name":"Home","item":"https:\/\/www.mpfiltri.com\/de\/"},{"@type":"ListItem","position":2,"name":"Produkte","item":"https:\/\/www.mpfiltri.com\/de\/shop\/"},{"@type":"ListItem","position":3,"name":"SAW115"}]},{"@type":"WebSite","@id":"https:\/\/www.mpfiltri.com\/de\/#website","url":"https:\/\/www.mpfiltri.com\/de\/","name":"MP Filtri","description":"","publisher":{"@id":"https:\/\/www.mpfiltri.com\/de\/#organization"},"potentialAction":[{"@type":"SearchAction","target":{"@type":"EntryPoint","urlTemplate":"https:\/\/www.mpfiltri.com\/de\/?s={search_term_string}"},"query-input":{"@type":"PropertyValueSpecification","valueRequired":true,"valueName":"search_term_string"}}],"inLanguage":"de"},{"@type":"Organization","@id":"https:\/\/www.mpfiltri.com\/de\/#organization","name":"MP Filtri","url":"https:\/\/www.mpfiltri.com\/de\/","logo":{"@type":"ImageObject","inLanguage":"de","@id":"https:\/\/www.mpfiltri.com\/de\/#\/schema\/logo\/image\/","url":"","contentUrl":"","caption":"MP Filtri"},"image":{"@id":"https:\/\/www.mpfiltri.com\/de\/#\/schema\/logo\/image\/"},"sameAs":["https:\/\/www.facebook.com\/MPFiltriITA","https:\/\/www.instagram.com\/mpfiltri\/","https:\/\/www.youtube.com\/channel\/UCCzNMySYc1c4M-2B4v0K_QA?view_as=subscriber","https:\/\/www.linkedin.com\/company\/mp-filtri-spa\/"]}]}},"_links":{"self":[{"href":"https:\/\/www.mpfiltri.com\/de\/wp-json\/wp\/v2\/product\/77051","targetHints":{"allow":["GET"]}}],"collection":[{"href":"https:\/\/www.mpfiltri.com\/de\/wp-json\/wp\/v2\/product"}],"about":[{"href":"https:\/\/www.mpfiltri.com\/de\/wp-json\/wp\/v2\/types\/product"}],"replies":[{"embeddable":true,"href":"https:\/\/www.mpfiltri.com\/de\/wp-json\/wp\/v2\/comments?post=77051"}],"wp:attachment":[{"href":"https:\/\/www.mpfiltri.com\/de\/wp-json\/wp\/v2\/media?parent=77051"}],"wp:term":[{"taxonomy":"product-structure","embeddable":true,"href":"https:\/\/www.mpfiltri.com\/de\/wp-json\/wp\/v2\/product-structure?post=77051"},{"taxonomy":"product_brand","embeddable":true,"href":"https:\/\/www.mpfiltri.com\/de\/wp-json\/wp\/v2\/product_brand?post=77051"},{"taxonomy":"product_cat","embeddable":true,"href":"https:\/\/www.mpfiltri.com\/de\/wp-json\/wp\/v2\/product_cat?post=77051"},{"taxonomy":"product_tag","embeddable":true,"href":"https:\/\/www.mpfiltri.com\/de\/wp-json\/wp\/v2\/product_tag?post=77051"}],"curies":[{"name":"wp","href":"https:\/\/api.w.org\/{rel}","templated":true}]}}