

{"id":77045,"date":"2025-06-16T16:44:12","date_gmt":"2025-06-16T14:44:12","guid":{"rendered":"https:\/\/www.mpfiltri.com\/product\/produkt-3\/"},"modified":"2026-04-01T16:23:36","modified_gmt":"2026-04-01T14:23:36","slug":"mrsx","status":"publish","type":"product","link":"https:\/\/www.mpfiltri.com\/de\/produkt\/mrsx\/","title":{"rendered":"MRSX"},"content":{"rendered":"<p>Tankaufsatz-R\u00fccklauf-\/Saugfilter f\u00fcr mobile Maschinen. Betriebsdruck bis zu 10 bar (145 psi), Durchflussmengen bis zu 300 l\/min (79 gpm), Gewindeanschl\u00fcsse von 3\/4&#8243; bis 1 1\/4&#8243; BSP\/NPT\/SAE.<\/p>\n<p>MYclean-Design zur Gew\u00e4hrleistung von Maschinenzuverl\u00e4ssigkeit, Leistung, Effizienz und ROI durch Garantie der Original-Filterelemente \u00fcber die gesamte Lebensdauer der Maschine. Ausgestattet mit patentierter Technologie, eigenem Branding, mehreren Anschluss- und Ventilkreislaufoptionen sowie OEM-spezifischen Designm\u00f6glichkeiten. Speziell f\u00fcr hydrostatische Getriebeanwendungen mit offenen Hilfskreisl\u00e4ufen entwickelt, filtern sie den offenen R\u00fccklauf und versorgen die Saugleitung der Ladepumpe mit 0,5 bar Vorspannung, um Kavitation beim Kaltstart zu vermeiden.<\/p>\n<p>Siehe die <a href=\"https:\/\/www.mpfiltri.com\/de\/ressourcen\/informationscenter\/infocenter-hydraulikfiltration\/fluid-kompatibilitatstabellen\/\" title=\"https:\/\/www.mpfiltri.com\/de\/resources\/knowledge-center\/hydraulic-filtration-knowledge\/fluid-compatibility-table\/\" target=\"_blank\">entsprechendeTabelle<\/a> zur Kompatibilit\u00e4t von Fl\u00fcssigkeiten.<\/p><\/p>\n","protected":false},"excerpt":{"rendered":"<p>Tankaufsatz-R\u00fccklauf-\/Saugfilter f\u00fcr mobile Maschinen. Betriebsdruck bis zu 10 bar (145 psi), Durchflussmengen bis zu 300 l\/min (79 gpm), Gewindeanschl\u00fcsse von 3\/4&#8243; bis 1 1\/4&#8243; BSP\/NPT\/SAE. MYclean-Design zur Gew\u00e4hrleistung von Maschinenzuverl\u00e4ssigkeit, Leistung, Effizienz und ROI durch Garantie der Original-Filterelemente \u00fcber die gesamte Lebensdauer der Maschine. Ausgestattet mit patentierter Technologie, eigenem Branding, mehreren Anschluss- und Ventilkreislaufoptionen sowie [&hellip;]<\/p>\n","protected":false},"featured_media":0,"comment_status":"open","ping_status":"closed","template":"","meta":{"_acf_changed":false,"_gspb_post_css":"","inline_featured_image":false,"_genesis_hide_title":false,"_genesis_hide_breadcrumbs":false,"_genesis_hide_singular_image":false,"_genesis_hide_footer_widgets":false,"_genesis_custom_body_class":"","_genesis_custom_post_class":"","_genesis_layout":"","_links_to":"","_links_to_target":""},"product-structure":[62],"product_brand":[],"product_cat":[13189,13126,13203,13290,13224,13161,13196,13230],"product_tag":[],"class_list":{"0":"post-77045","1":"product","2":"type-product","3":"status-publish","5":"product-structure-series","6":"product_cat-anwendungen","7":"product_cat-baumaschinen","8":"product_cat-foerdertechnik","9":"product_cat-hydraulikanlagen","10":"product_cat-kommunaltechnik-und-nutzfahrzeuge","11":"product_cat-land-und-forstmaschinen","12":"product_cat-mobile-anwendungen","13":"product_cat-stationaere-anwendungen","14":"entry","16":"first","17":"instock","18":"shipping-taxable","19":"product-type-simple"},"acf":[],"yoast_head":"<!-- This site is optimized with the Yoast SEO plugin v27.2 - https:\/\/yoast.com\/product\/yoast-seo-wordpress\/ -->\n<title>MRSX - MP Filtri<\/title>\n<meta name=\"robots\" content=\"index, follow, max-snippet:-1, max-image-preview:large, max-video-preview:-1\" \/>\n<link rel=\"canonical\" href=\"https:\/\/www.mpfiltri.com\/de\/produkt\/mrsx\/\" \/>\n<meta property=\"og:locale\" content=\"de_DE\" \/>\n<meta property=\"og:type\" content=\"article\" \/>\n<meta property=\"og:title\" content=\"MRSX - MP Filtri\" \/>\n<meta property=\"og:description\" content=\"Tankaufsatz-R\u00fccklauf-\/Saugfilter f\u00fcr mobile Maschinen. Betriebsdruck bis zu 10 bar (145 psi), Durchflussmengen bis zu 300 l\/min (79 gpm), Gewindeanschl\u00fcsse von 3\/4&#8243; bis 1 1\/4&#8243; BSP\/NPT\/SAE. MYclean-Design zur Gew\u00e4hrleistung von Maschinenzuverl\u00e4ssigkeit, Leistung, Effizienz und ROI durch Garantie der Original-Filterelemente \u00fcber die gesamte Lebensdauer der Maschine. Ausgestattet mit patentierter Technologie, eigenem Branding, mehreren Anschluss- und Ventilkreislaufoptionen sowie [&hellip;]\" \/>\n<meta property=\"og:url\" content=\"https:\/\/www.mpfiltri.com\/de\/produkt\/mrsx\/\" \/>\n<meta property=\"og:site_name\" content=\"MP Filtri\" \/>\n<meta property=\"article:publisher\" content=\"https:\/\/www.facebook.com\/MPFiltriITA\" \/>\n<meta property=\"article:modified_time\" content=\"2026-04-01T14:23:36+00:00\" \/>\n<meta name=\"twitter:card\" content=\"summary_large_image\" \/>\n<meta name=\"twitter:label1\" content=\"Gesch\u00e4tzte Lesezeit\" \/>\n\t<meta name=\"twitter:data1\" content=\"1\u00a0Minute\" \/>\n<script type=\"application\/ld+json\" class=\"yoast-schema-graph\">{\"@context\":\"https:\/\/schema.org\",\"@graph\":[{\"@type\":\"WebPage\",\"@id\":\"https:\/\/www.mpfiltri.com\/de\/produkt\/mrsx\/\",\"url\":\"https:\/\/www.mpfiltri.com\/de\/produkt\/mrsx\/\",\"name\":\"MRSX - MP Filtri\",\"isPartOf\":{\"@id\":\"https:\/\/www.mpfiltri.com\/de\/#website\"},\"datePublished\":\"2025-06-16T14:44:12+00:00\",\"dateModified\":\"2026-04-01T14:23:36+00:00\",\"breadcrumb\":{\"@id\":\"https:\/\/www.mpfiltri.com\/de\/produkt\/mrsx\/#breadcrumb\"},\"inLanguage\":\"de\",\"potentialAction\":[{\"@type\":\"ReadAction\",\"target\":[\"https:\/\/www.mpfiltri.com\/de\/produkt\/mrsx\/\"]}]},{\"@type\":\"BreadcrumbList\",\"@id\":\"https:\/\/www.mpfiltri.com\/de\/produkt\/mrsx\/#breadcrumb\",\"itemListElement\":[{\"@type\":\"ListItem\",\"position\":1,\"name\":\"Home\",\"item\":\"https:\/\/www.mpfiltri.com\/de\/\"},{\"@type\":\"ListItem\",\"position\":2,\"name\":\"Produkte\",\"item\":\"https:\/\/www.mpfiltri.com\/de\/shop\/\"},{\"@type\":\"ListItem\",\"position\":3,\"name\":\"MRSX\"}]},{\"@type\":\"WebSite\",\"@id\":\"https:\/\/www.mpfiltri.com\/de\/#website\",\"url\":\"https:\/\/www.mpfiltri.com\/de\/\",\"name\":\"MP Filtri\",\"description\":\"\",\"publisher\":{\"@id\":\"https:\/\/www.mpfiltri.com\/de\/#organization\"},\"potentialAction\":[{\"@type\":\"SearchAction\",\"target\":{\"@type\":\"EntryPoint\",\"urlTemplate\":\"https:\/\/www.mpfiltri.com\/de\/?s={search_term_string}\"},\"query-input\":{\"@type\":\"PropertyValueSpecification\",\"valueRequired\":true,\"valueName\":\"search_term_string\"}}],\"inLanguage\":\"de\"},{\"@type\":\"Organization\",\"@id\":\"https:\/\/www.mpfiltri.com\/de\/#organization\",\"name\":\"MP Filtri\",\"url\":\"https:\/\/www.mpfiltri.com\/de\/\",\"logo\":{\"@type\":\"ImageObject\",\"inLanguage\":\"de\",\"@id\":\"https:\/\/www.mpfiltri.com\/de\/#\/schema\/logo\/image\/\",\"url\":\"\",\"contentUrl\":\"\",\"caption\":\"MP Filtri\"},\"image\":{\"@id\":\"https:\/\/www.mpfiltri.com\/de\/#\/schema\/logo\/image\/\"},\"sameAs\":[\"https:\/\/www.facebook.com\/MPFiltriITA\",\"https:\/\/www.instagram.com\/mpfiltri\/\",\"https:\/\/www.youtube.com\/channel\/UCCzNMySYc1c4M-2B4v0K_QA?view_as=subscriber\",\"https:\/\/www.linkedin.com\/company\/mp-filtri-spa\/\"]}]}<\/script>\n<!-- \/ Yoast SEO plugin. -->","yoast_head_json":{"title":"MRSX - MP Filtri","robots":{"index":"index","follow":"follow","max-snippet":"max-snippet:-1","max-image-preview":"max-image-preview:large","max-video-preview":"max-video-preview:-1"},"canonical":"https:\/\/www.mpfiltri.com\/de\/produkt\/mrsx\/","og_locale":"de_DE","og_type":"article","og_title":"MRSX - MP Filtri","og_description":"Tankaufsatz-R\u00fccklauf-\/Saugfilter f\u00fcr mobile Maschinen. Betriebsdruck bis zu 10 bar (145 psi), Durchflussmengen bis zu 300 l\/min (79 gpm), Gewindeanschl\u00fcsse von 3\/4&#8243; bis 1 1\/4&#8243; BSP\/NPT\/SAE. MYclean-Design zur Gew\u00e4hrleistung von Maschinenzuverl\u00e4ssigkeit, Leistung, Effizienz und ROI durch Garantie der Original-Filterelemente \u00fcber die gesamte Lebensdauer der Maschine. Ausgestattet mit patentierter Technologie, eigenem Branding, mehreren Anschluss- und Ventilkreislaufoptionen sowie [&hellip;]","og_url":"https:\/\/www.mpfiltri.com\/de\/produkt\/mrsx\/","og_site_name":"MP Filtri","article_publisher":"https:\/\/www.facebook.com\/MPFiltriITA","article_modified_time":"2026-04-01T14:23:36+00:00","twitter_card":"summary_large_image","twitter_misc":{"Gesch\u00e4tzte Lesezeit":"1\u00a0Minute"},"schema":{"@context":"https:\/\/schema.org","@graph":[{"@type":"WebPage","@id":"https:\/\/www.mpfiltri.com\/de\/produkt\/mrsx\/","url":"https:\/\/www.mpfiltri.com\/de\/produkt\/mrsx\/","name":"MRSX - MP Filtri","isPartOf":{"@id":"https:\/\/www.mpfiltri.com\/de\/#website"},"datePublished":"2025-06-16T14:44:12+00:00","dateModified":"2026-04-01T14:23:36+00:00","breadcrumb":{"@id":"https:\/\/www.mpfiltri.com\/de\/produkt\/mrsx\/#breadcrumb"},"inLanguage":"de","potentialAction":[{"@type":"ReadAction","target":["https:\/\/www.mpfiltri.com\/de\/produkt\/mrsx\/"]}]},{"@type":"BreadcrumbList","@id":"https:\/\/www.mpfiltri.com\/de\/produkt\/mrsx\/#breadcrumb","itemListElement":[{"@type":"ListItem","position":1,"name":"Home","item":"https:\/\/www.mpfiltri.com\/de\/"},{"@type":"ListItem","position":2,"name":"Produkte","item":"https:\/\/www.mpfiltri.com\/de\/shop\/"},{"@type":"ListItem","position":3,"name":"MRSX"}]},{"@type":"WebSite","@id":"https:\/\/www.mpfiltri.com\/de\/#website","url":"https:\/\/www.mpfiltri.com\/de\/","name":"MP Filtri","description":"","publisher":{"@id":"https:\/\/www.mpfiltri.com\/de\/#organization"},"potentialAction":[{"@type":"SearchAction","target":{"@type":"EntryPoint","urlTemplate":"https:\/\/www.mpfiltri.com\/de\/?s={search_term_string}"},"query-input":{"@type":"PropertyValueSpecification","valueRequired":true,"valueName":"search_term_string"}}],"inLanguage":"de"},{"@type":"Organization","@id":"https:\/\/www.mpfiltri.com\/de\/#organization","name":"MP Filtri","url":"https:\/\/www.mpfiltri.com\/de\/","logo":{"@type":"ImageObject","inLanguage":"de","@id":"https:\/\/www.mpfiltri.com\/de\/#\/schema\/logo\/image\/","url":"","contentUrl":"","caption":"MP Filtri"},"image":{"@id":"https:\/\/www.mpfiltri.com\/de\/#\/schema\/logo\/image\/"},"sameAs":["https:\/\/www.facebook.com\/MPFiltriITA","https:\/\/www.instagram.com\/mpfiltri\/","https:\/\/www.youtube.com\/channel\/UCCzNMySYc1c4M-2B4v0K_QA?view_as=subscriber","https:\/\/www.linkedin.com\/company\/mp-filtri-spa\/"]}]}},"_links":{"self":[{"href":"https:\/\/www.mpfiltri.com\/de\/wp-json\/wp\/v2\/product\/77045","targetHints":{"allow":["GET"]}}],"collection":[{"href":"https:\/\/www.mpfiltri.com\/de\/wp-json\/wp\/v2\/product"}],"about":[{"href":"https:\/\/www.mpfiltri.com\/de\/wp-json\/wp\/v2\/types\/product"}],"replies":[{"embeddable":true,"href":"https:\/\/www.mpfiltri.com\/de\/wp-json\/wp\/v2\/comments?post=77045"}],"wp:attachment":[{"href":"https:\/\/www.mpfiltri.com\/de\/wp-json\/wp\/v2\/media?parent=77045"}],"wp:term":[{"taxonomy":"product-structure","embeddable":true,"href":"https:\/\/www.mpfiltri.com\/de\/wp-json\/wp\/v2\/product-structure?post=77045"},{"taxonomy":"product_brand","embeddable":true,"href":"https:\/\/www.mpfiltri.com\/de\/wp-json\/wp\/v2\/product_brand?post=77045"},{"taxonomy":"product_cat","embeddable":true,"href":"https:\/\/www.mpfiltri.com\/de\/wp-json\/wp\/v2\/product_cat?post=77045"},{"taxonomy":"product_tag","embeddable":true,"href":"https:\/\/www.mpfiltri.com\/de\/wp-json\/wp\/v2\/product_tag?post=77045"}],"curies":[{"name":"wp","href":"https:\/\/api.w.org\/{rel}","templated":true}]}}