

{"id":76995,"date":"2025-06-17T16:59:56","date_gmt":"2025-06-17T14:59:56","guid":{"rendered":"https:\/\/www.mpfiltri.com\/product\/produkt-2\/"},"modified":"2026-04-01T16:23:20","modified_gmt":"2026-04-01T14:23:20","slug":"lpa3","status":"publish","type":"product","link":"https:\/\/www.mpfiltri.com\/de\/produkt\/lpa3\/","title":{"rendered":"LPA3"},"content":{"rendered":"<p>Der <strong>LPA3 ist ein portables Messger\u00e4t<\/strong> zur \u00dcberwachung der partikul\u00e4ren Feststoffverschmutzung (Fluidreinheit) sowie der relativen Feuchte und Temperatur (optional) in einem breiten Spektrum von Hydraulik- und Schmierfluiden. Als tragbare L\u00f6sung ist er zur Durchf\u00fchrung von Messungen an mehreren Messstellen oder Maschinen konzipiert und eignet sich dadurch ideal zur periodischen oder bedarfsgesteuerten \u00dcberwachung eingesetzter Fluide.<\/p>\n<p>Die Integration in den Fluidkreislauf einer zu \u00fcberwachenden Maschine erfolgt an einem mit Druck beaufschlagen M16x2-Messanschluss (min. 2 bar). Ein im Ger\u00e4t integrierter Drucksensor (optional) \u00fcberwacht dabei die Einhaltung des zul\u00e4ssigen Betriebsdrucks. Alternativ k\u00f6nnen an den LPA3 die MP Filtri Proben-Sampler BS110 und BS500 angeschlossen werden, um Fluidproben auch abseits der Entnahmestelle, z.B. in einem Betriebslabor oder Messplatz, analysieren zu k\u00f6nnen.<\/p>\n<p>Besonderes Merkmal des LPA3 ist seine fortschrittliche Fluidkonditioniereinheit in Kombination mit der angeflanschten Messzelle. Diese Einheit besticht nicht nur durch sehr kurze R\u00fcst- und Messzeiten, sondern erm\u00f6glicht trotz geringem Sp\u00fclvolumen ein Minimum an Fluidverschleppung beim Wechsel der Messstelle.<\/p>\n<p>Der LPA3 ist dadurch ein ideales Werkzeug f\u00fcr Abnahmepr\u00fcfungen im Rahmen der Qualit\u00e4tssicherung oder \u00fcberall dort, wo kurze R\u00fcst- und Messzeiten sowie eine wiederholgenaue Messung gefordert sind. Dabei verf\u00fcgt der LPA3 \u00fcber ein modernes Bedienkonzept und kann vollst\u00e4ndig \u00fcber sein kontrastreiches 10,1\u201c Touch-Display bedient und gesteuert werden. Die Anzeige und Analyse der Messdaten erfolgt somit direkt auf dem Ger\u00e4t. Alternativ k\u00f6nnen die Messungen an einen PC \u00fcbertragen und mit Hilfe der MP Filtri eigenen Software CMP View analysiert werden. F\u00fcr konventionelle Dokumentationskonzepte verf\u00fcgt das Ger\u00e4t zudem \u00fcber einen integrierten Thermodrucker, der das Ausdrucken aktueller oder gespeicherter Messungen erm\u00f6glicht.<\/p>\n<p>\u2022 Kalibriert nach relevanten ISO-Standards<\/p>\n<p>\u2022 Ausgabe der Fluidreinheit in folgenden Klassifizierungsstandards in bis zu 8 Gr\u00f6\u00dfenkan\u00e4len: ISO 4406, NAS 1638, SAE AS 4059 T1&amp;T2 sowie Rev. E&amp;G, GBT 14039, GJB420B, ISO 11218, GOST 17216<\/p>\n<p>\u2022 Integrierte Feuchte-, Temperatur- und Druckmessung als Option<\/p>\n<p>\u2022 Minimale Fluidverschleppungen und Sp\u00fclvolumina beim Wechsel der Messstelle dank intelligentem Ger\u00e4tedesign<\/p>\n<p>\u2022 Einstellbares Proben- und Sp\u00fclvolumen<\/p>\n<p>\u2022 Zeitersparnis durch sehr kurze Mess- und R\u00fcstzeiten<\/p>\n<p>\u2022 Datenspeicher f\u00fcr bis zu 4.000 Messungen<\/p>\n<p>\u2022 Integrierter Thermodrucker<\/p>\n<p>\u2022 Anzeigen aktueller und gespeicherter Messungen auf mehrfarbigem 10,1\u201c Touch-Display<\/p>\n<p>\u2022 Hinterlegen von Grenzwerten f\u00fcr die Fluidkontamination direkt auf dem Ger\u00e4t sowie visuelle Alarmierung bei \u00dcberschreitungen<\/p>\n<p>\u2022 F\u00fcr eine breite Auswahl an Fluiden erh\u00e4ltlich \u2013 u.a. Mineral\u00f6le, PAO. Ester (Bio\u00f6le), Offshore- und HFC-Fluide sowie Phosphatester<\/p>\n<p>\u2022 Messen in Hochdruckkreisl\u00e4ufen bei dynamischen Betriebsdr\u00fccken von bis zu 420 bar direkt am Ger\u00e4t (ohne Hochdruckadapter)<\/p>\n<p>\u2022 M\u00f6glichkeit zur Aufzeichnung von Langzeittrends, da f\u00fcr Dauerbetrieb (S1) geeignet<\/p>\n<p>\u2022 Ortsflexibler Einsatz durch integriertem Lithium-Ionen-Akku<\/p>\n<p>\u2022 Robust dank stabilem IP65 Tragekoffer aus sto\u00dffestem Kunststoff<\/p>\n<p>\u2022 USB-Anschluss zum direkten Download der Messergebnisse auf einen USB-Stick<\/p>\n<p>\u2022 Umfangreiches Zubeh\u00f6r bereits im Lieferumfang enthalten (Tragetasche, Schl\u00e4uche, Alt\u00f6lbeh\u00e4ltnis, Software, Steckernetzteil mit Adaptern f\u00fcr eine weltweite Verwendung)<\/p>\n<p>\u2022 Kompatibel zu MP Filtri\u2019s Datenverwaltungs-, Analyse- und Reporting-Software CMP View (im Lieferumfang enthalten)<\/p>\n<p>Empfohlenes CMP-Zubeh\u00f6r: Proben-Sampler BS110 oder BS500 (bei Bedarf)<\/p>\n","protected":false},"excerpt":{"rendered":"<p>Der LPA3 ist ein portables Messger\u00e4t zur \u00dcberwachung der partikul\u00e4ren Feststoffverschmutzung (Fluidreinheit) sowie der relativen Feuchte und Temperatur (optional) in einem breiten Spektrum von Hydraulik- und Schmierfluiden. Als tragbare L\u00f6sung ist er zur Durchf\u00fchrung von Messungen an mehreren Messstellen oder Maschinen konzipiert und eignet sich dadurch ideal zur periodischen oder bedarfsgesteuerten \u00dcberwachung eingesetzter Fluide. Die [&hellip;]<\/p>\n","protected":false},"featured_media":0,"comment_status":"open","ping_status":"closed","template":"","meta":{"_acf_changed":false,"_gspb_post_css":"","inline_featured_image":false,"_genesis_hide_title":false,"_genesis_hide_breadcrumbs":false,"_genesis_hide_singular_image":false,"_genesis_hide_footer_widgets":false,"_genesis_custom_body_class":"","_genesis_custom_post_class":"","_genesis_layout":"","_links_to":"","_links_to_target":""},"product-structure":[62],"product_brand":[],"product_cat":[13189,13236,13230,13230],"product_tag":[],"class_list":{"0":"post-76995","1":"product","2":"type-product","3":"status-publish","5":"product-structure-series","6":"product_cat-anwendungen","7":"product_cat-chemie-oel-gas","8":"product_cat-stationaere-anwendungen","10":"entry","12":"first","13":"instock","14":"shipping-taxable","15":"product-type-simple"},"acf":[],"yoast_head":"<!-- This site is optimized with the Yoast SEO plugin v27.2 - https:\/\/yoast.com\/product\/yoast-seo-wordpress\/ -->\n<title>LPA3 - MP Filtri<\/title>\n<meta name=\"robots\" content=\"index, follow, max-snippet:-1, max-image-preview:large, max-video-preview:-1\" \/>\n<link rel=\"canonical\" href=\"https:\/\/www.mpfiltri.com\/de\/produkt\/lpa3\/\" \/>\n<meta property=\"og:locale\" content=\"de_DE\" \/>\n<meta property=\"og:type\" content=\"article\" \/>\n<meta property=\"og:title\" content=\"LPA3 - MP Filtri\" \/>\n<meta property=\"og:description\" content=\"Der LPA3 ist ein portables Messger\u00e4t zur \u00dcberwachung der partikul\u00e4ren Feststoffverschmutzung (Fluidreinheit) sowie der relativen Feuchte und Temperatur (optional) in einem breiten Spektrum von Hydraulik- und Schmierfluiden. Als tragbare L\u00f6sung ist er zur Durchf\u00fchrung von Messungen an mehreren Messstellen oder Maschinen konzipiert und eignet sich dadurch ideal zur periodischen oder bedarfsgesteuerten \u00dcberwachung eingesetzter Fluide. Die [&hellip;]\" \/>\n<meta property=\"og:url\" content=\"https:\/\/www.mpfiltri.com\/de\/produkt\/lpa3\/\" \/>\n<meta property=\"og:site_name\" content=\"MP Filtri\" \/>\n<meta property=\"article:publisher\" content=\"https:\/\/www.facebook.com\/MPFiltriITA\" \/>\n<meta property=\"article:modified_time\" content=\"2026-04-01T14:23:20+00:00\" \/>\n<meta name=\"twitter:card\" content=\"summary_large_image\" \/>\n<meta name=\"twitter:label1\" content=\"Gesch\u00e4tzte Lesezeit\" \/>\n\t<meta name=\"twitter:data1\" content=\"2\u00a0Minuten\" \/>\n<script type=\"application\/ld+json\" class=\"yoast-schema-graph\">{\"@context\":\"https:\/\/schema.org\",\"@graph\":[{\"@type\":\"WebPage\",\"@id\":\"https:\/\/www.mpfiltri.com\/de\/produkt\/lpa3\/\",\"url\":\"https:\/\/www.mpfiltri.com\/de\/produkt\/lpa3\/\",\"name\":\"LPA3 - MP Filtri\",\"isPartOf\":{\"@id\":\"https:\/\/www.mpfiltri.com\/de\/#website\"},\"datePublished\":\"2025-06-17T14:59:56+00:00\",\"dateModified\":\"2026-04-01T14:23:20+00:00\",\"breadcrumb\":{\"@id\":\"https:\/\/www.mpfiltri.com\/de\/produkt\/lpa3\/#breadcrumb\"},\"inLanguage\":\"de\",\"potentialAction\":[{\"@type\":\"ReadAction\",\"target\":[\"https:\/\/www.mpfiltri.com\/de\/produkt\/lpa3\/\"]}]},{\"@type\":\"BreadcrumbList\",\"@id\":\"https:\/\/www.mpfiltri.com\/de\/produkt\/lpa3\/#breadcrumb\",\"itemListElement\":[{\"@type\":\"ListItem\",\"position\":1,\"name\":\"Home\",\"item\":\"https:\/\/www.mpfiltri.com\/de\/\"},{\"@type\":\"ListItem\",\"position\":2,\"name\":\"Produkte\",\"item\":\"https:\/\/www.mpfiltri.com\/de\/shop\/\"},{\"@type\":\"ListItem\",\"position\":3,\"name\":\"LPA3\"}]},{\"@type\":\"WebSite\",\"@id\":\"https:\/\/www.mpfiltri.com\/de\/#website\",\"url\":\"https:\/\/www.mpfiltri.com\/de\/\",\"name\":\"MP Filtri\",\"description\":\"\",\"publisher\":{\"@id\":\"https:\/\/www.mpfiltri.com\/de\/#organization\"},\"potentialAction\":[{\"@type\":\"SearchAction\",\"target\":{\"@type\":\"EntryPoint\",\"urlTemplate\":\"https:\/\/www.mpfiltri.com\/de\/?s={search_term_string}\"},\"query-input\":{\"@type\":\"PropertyValueSpecification\",\"valueRequired\":true,\"valueName\":\"search_term_string\"}}],\"inLanguage\":\"de\"},{\"@type\":\"Organization\",\"@id\":\"https:\/\/www.mpfiltri.com\/de\/#organization\",\"name\":\"MP Filtri\",\"url\":\"https:\/\/www.mpfiltri.com\/de\/\",\"logo\":{\"@type\":\"ImageObject\",\"inLanguage\":\"de\",\"@id\":\"https:\/\/www.mpfiltri.com\/de\/#\/schema\/logo\/image\/\",\"url\":\"\",\"contentUrl\":\"\",\"caption\":\"MP Filtri\"},\"image\":{\"@id\":\"https:\/\/www.mpfiltri.com\/de\/#\/schema\/logo\/image\/\"},\"sameAs\":[\"https:\/\/www.facebook.com\/MPFiltriITA\",\"https:\/\/www.instagram.com\/mpfiltri\/\",\"https:\/\/www.youtube.com\/channel\/UCCzNMySYc1c4M-2B4v0K_QA?view_as=subscriber\",\"https:\/\/www.linkedin.com\/company\/mp-filtri-spa\/\"]}]}<\/script>\n<!-- \/ Yoast SEO plugin. -->","yoast_head_json":{"title":"LPA3 - MP Filtri","robots":{"index":"index","follow":"follow","max-snippet":"max-snippet:-1","max-image-preview":"max-image-preview:large","max-video-preview":"max-video-preview:-1"},"canonical":"https:\/\/www.mpfiltri.com\/de\/produkt\/lpa3\/","og_locale":"de_DE","og_type":"article","og_title":"LPA3 - MP Filtri","og_description":"Der LPA3 ist ein portables Messger\u00e4t zur \u00dcberwachung der partikul\u00e4ren Feststoffverschmutzung (Fluidreinheit) sowie der relativen Feuchte und Temperatur (optional) in einem breiten Spektrum von Hydraulik- und Schmierfluiden. Als tragbare L\u00f6sung ist er zur Durchf\u00fchrung von Messungen an mehreren Messstellen oder Maschinen konzipiert und eignet sich dadurch ideal zur periodischen oder bedarfsgesteuerten \u00dcberwachung eingesetzter Fluide. Die [&hellip;]","og_url":"https:\/\/www.mpfiltri.com\/de\/produkt\/lpa3\/","og_site_name":"MP Filtri","article_publisher":"https:\/\/www.facebook.com\/MPFiltriITA","article_modified_time":"2026-04-01T14:23:20+00:00","twitter_card":"summary_large_image","twitter_misc":{"Gesch\u00e4tzte Lesezeit":"2\u00a0Minuten"},"schema":{"@context":"https:\/\/schema.org","@graph":[{"@type":"WebPage","@id":"https:\/\/www.mpfiltri.com\/de\/produkt\/lpa3\/","url":"https:\/\/www.mpfiltri.com\/de\/produkt\/lpa3\/","name":"LPA3 - MP Filtri","isPartOf":{"@id":"https:\/\/www.mpfiltri.com\/de\/#website"},"datePublished":"2025-06-17T14:59:56+00:00","dateModified":"2026-04-01T14:23:20+00:00","breadcrumb":{"@id":"https:\/\/www.mpfiltri.com\/de\/produkt\/lpa3\/#breadcrumb"},"inLanguage":"de","potentialAction":[{"@type":"ReadAction","target":["https:\/\/www.mpfiltri.com\/de\/produkt\/lpa3\/"]}]},{"@type":"BreadcrumbList","@id":"https:\/\/www.mpfiltri.com\/de\/produkt\/lpa3\/#breadcrumb","itemListElement":[{"@type":"ListItem","position":1,"name":"Home","item":"https:\/\/www.mpfiltri.com\/de\/"},{"@type":"ListItem","position":2,"name":"Produkte","item":"https:\/\/www.mpfiltri.com\/de\/shop\/"},{"@type":"ListItem","position":3,"name":"LPA3"}]},{"@type":"WebSite","@id":"https:\/\/www.mpfiltri.com\/de\/#website","url":"https:\/\/www.mpfiltri.com\/de\/","name":"MP Filtri","description":"","publisher":{"@id":"https:\/\/www.mpfiltri.com\/de\/#organization"},"potentialAction":[{"@type":"SearchAction","target":{"@type":"EntryPoint","urlTemplate":"https:\/\/www.mpfiltri.com\/de\/?s={search_term_string}"},"query-input":{"@type":"PropertyValueSpecification","valueRequired":true,"valueName":"search_term_string"}}],"inLanguage":"de"},{"@type":"Organization","@id":"https:\/\/www.mpfiltri.com\/de\/#organization","name":"MP Filtri","url":"https:\/\/www.mpfiltri.com\/de\/","logo":{"@type":"ImageObject","inLanguage":"de","@id":"https:\/\/www.mpfiltri.com\/de\/#\/schema\/logo\/image\/","url":"","contentUrl":"","caption":"MP Filtri"},"image":{"@id":"https:\/\/www.mpfiltri.com\/de\/#\/schema\/logo\/image\/"},"sameAs":["https:\/\/www.facebook.com\/MPFiltriITA","https:\/\/www.instagram.com\/mpfiltri\/","https:\/\/www.youtube.com\/channel\/UCCzNMySYc1c4M-2B4v0K_QA?view_as=subscriber","https:\/\/www.linkedin.com\/company\/mp-filtri-spa\/"]}]}},"_links":{"self":[{"href":"https:\/\/www.mpfiltri.com\/de\/wp-json\/wp\/v2\/product\/76995","targetHints":{"allow":["GET"]}}],"collection":[{"href":"https:\/\/www.mpfiltri.com\/de\/wp-json\/wp\/v2\/product"}],"about":[{"href":"https:\/\/www.mpfiltri.com\/de\/wp-json\/wp\/v2\/types\/product"}],"replies":[{"embeddable":true,"href":"https:\/\/www.mpfiltri.com\/de\/wp-json\/wp\/v2\/comments?post=76995"}],"wp:attachment":[{"href":"https:\/\/www.mpfiltri.com\/de\/wp-json\/wp\/v2\/media?parent=76995"}],"wp:term":[{"taxonomy":"product-structure","embeddable":true,"href":"https:\/\/www.mpfiltri.com\/de\/wp-json\/wp\/v2\/product-structure?post=76995"},{"taxonomy":"product_brand","embeddable":true,"href":"https:\/\/www.mpfiltri.com\/de\/wp-json\/wp\/v2\/product_brand?post=76995"},{"taxonomy":"product_cat","embeddable":true,"href":"https:\/\/www.mpfiltri.com\/de\/wp-json\/wp\/v2\/product_cat?post=76995"},{"taxonomy":"product_tag","embeddable":true,"href":"https:\/\/www.mpfiltri.com\/de\/wp-json\/wp\/v2\/product_tag?post=76995"}],"curies":[{"name":"wp","href":"https:\/\/api.w.org\/{rel}","templated":true}]}}