

{"id":76965,"date":"2025-06-18T10:17:16","date_gmt":"2025-06-18T08:17:16","guid":{"rendered":"https:\/\/www.mpfiltri.com\/product\/produkt-2\/"},"modified":"2026-04-01T16:23:17","modified_gmt":"2026-04-01T14:23:17","slug":"rdu-2-0","status":"publish","type":"product","link":"https:\/\/www.mpfiltri.com\/de\/produkt\/rdu-2-0\/","title":{"rendered":"RDU 2.0"},"content":{"rendered":"<p>Je nach Anwendung k\u00f6nnen Zugang und Sichtbarkeit von Inline-Sensoren eingeschr\u00e4nkt sein. Dieses hat mitunter negative Auswirkungen auf die Bedienbarkeit von Ger\u00e4ten mit integriertem Display und Tastensteuerung.<\/p>\n<p>Die <strong>\u201eRemote Display Unit RDU 2.0\u201c<\/strong> wurde daher speziell f\u00fcr diesen Einsatzfall entwickelt und auf die Bedienung des Inline-Kontaminationsmonitor ICM 2.0 abgestimmt. Die externe Display- und Bedieneinheit RDU 2.0 erlaubt damit die kabelgebundene Steuerung und \u00dcberwachung eines angeschlossenen ICM 2.0 von einem gew\u00fcnschten Ort im Umfeld der zu \u00fcberwachenden Maschine. Das Ger\u00e4t wird hierzu standardm\u00e4\u00dfig mit einem 10 m langen Anschlusskabel geliefert.<\/p>\n<p>\u2022 Einfach zu bedienen<\/p>\n<p>\u2022 Visualisierung des Alarmstatus dank mehrfarbigem Display<\/p>\n<p>\u2022 Steuerung eines angeschlossenen ICM 2.0 au\u00dferhalb von Gefahrenbereichen<\/p>\n<p>\u2022 Robust dank stabilem IP65 Aluminium-Druckgussgeh\u00e4use<\/p>\n<p>\u2022 USB-Anschluss zum direkten Download der Messergebnisse auf einen USB-Stick<\/p>\n","protected":false},"excerpt":{"rendered":"<p>Je nach Anwendung k\u00f6nnen Zugang und Sichtbarkeit von Inline-Sensoren eingeschr\u00e4nkt sein. Dieses hat mitunter negative Auswirkungen auf die Bedienbarkeit von Ger\u00e4ten mit integriertem Display und Tastensteuerung. Die \u201eRemote Display Unit RDU 2.0\u201c wurde daher speziell f\u00fcr diesen Einsatzfall entwickelt und auf die Bedienung des Inline-Kontaminationsmonitor ICM 2.0 abgestimmt. Die externe Display- und Bedieneinheit RDU 2.0 [&hellip;]<\/p>\n","protected":false},"featured_media":0,"comment_status":"open","ping_status":"closed","template":"","meta":{"_acf_changed":false,"_gspb_post_css":"","inline_featured_image":false,"_genesis_hide_title":false,"_genesis_hide_breadcrumbs":false,"_genesis_hide_singular_image":false,"_genesis_hide_footer_widgets":false,"_genesis_custom_body_class":"","_genesis_custom_post_class":"","_genesis_layout":"","_links_to":"","_links_to_target":""},"product-structure":[62],"product_brand":[],"product_cat":[],"product_tag":[],"class_list":{"0":"post-76965","1":"product","2":"type-product","3":"status-publish","5":"product-structure-series","6":"entry","8":"first","9":"instock","10":"shipping-taxable","11":"product-type-simple"},"acf":[],"yoast_head":"<!-- This site is optimized with the Yoast SEO plugin v27.2 - https:\/\/yoast.com\/product\/yoast-seo-wordpress\/ -->\n<title>RDU 2.0 - MP Filtri<\/title>\n<meta name=\"robots\" content=\"index, follow, max-snippet:-1, max-image-preview:large, max-video-preview:-1\" \/>\n<link rel=\"canonical\" href=\"https:\/\/www.mpfiltri.com\/de\/produkt\/rdu-2-0\/\" \/>\n<meta property=\"og:locale\" content=\"de_DE\" \/>\n<meta property=\"og:type\" content=\"article\" \/>\n<meta property=\"og:title\" content=\"RDU 2.0 - MP Filtri\" \/>\n<meta property=\"og:description\" content=\"Je nach Anwendung k\u00f6nnen Zugang und Sichtbarkeit von Inline-Sensoren eingeschr\u00e4nkt sein. Dieses hat mitunter negative Auswirkungen auf die Bedienbarkeit von Ger\u00e4ten mit integriertem Display und Tastensteuerung. Die \u201eRemote Display Unit RDU 2.0\u201c wurde daher speziell f\u00fcr diesen Einsatzfall entwickelt und auf die Bedienung des Inline-Kontaminationsmonitor ICM 2.0 abgestimmt. Die externe Display- und Bedieneinheit RDU 2.0 [&hellip;]\" \/>\n<meta property=\"og:url\" content=\"https:\/\/www.mpfiltri.com\/de\/produkt\/rdu-2-0\/\" \/>\n<meta property=\"og:site_name\" content=\"MP Filtri\" \/>\n<meta property=\"article:publisher\" content=\"https:\/\/www.facebook.com\/MPFiltriITA\" \/>\n<meta property=\"article:modified_time\" content=\"2026-04-01T14:23:17+00:00\" \/>\n<meta name=\"twitter:card\" content=\"summary_large_image\" \/>\n<meta name=\"twitter:label1\" content=\"Gesch\u00e4tzte Lesezeit\" \/>\n\t<meta name=\"twitter:data1\" content=\"1\u00a0Minute\" \/>\n<script type=\"application\/ld+json\" class=\"yoast-schema-graph\">{\"@context\":\"https:\/\/schema.org\",\"@graph\":[{\"@type\":\"WebPage\",\"@id\":\"https:\/\/www.mpfiltri.com\/de\/produkt\/rdu-2-0\/\",\"url\":\"https:\/\/www.mpfiltri.com\/de\/produkt\/rdu-2-0\/\",\"name\":\"RDU 2.0 - MP Filtri\",\"isPartOf\":{\"@id\":\"https:\/\/www.mpfiltri.com\/de\/#website\"},\"datePublished\":\"2025-06-18T08:17:16+00:00\",\"dateModified\":\"2026-04-01T14:23:17+00:00\",\"breadcrumb\":{\"@id\":\"https:\/\/www.mpfiltri.com\/de\/produkt\/rdu-2-0\/#breadcrumb\"},\"inLanguage\":\"de\",\"potentialAction\":[{\"@type\":\"ReadAction\",\"target\":[\"https:\/\/www.mpfiltri.com\/de\/produkt\/rdu-2-0\/\"]}]},{\"@type\":\"BreadcrumbList\",\"@id\":\"https:\/\/www.mpfiltri.com\/de\/produkt\/rdu-2-0\/#breadcrumb\",\"itemListElement\":[{\"@type\":\"ListItem\",\"position\":1,\"name\":\"Home\",\"item\":\"https:\/\/www.mpfiltri.com\/de\/\"},{\"@type\":\"ListItem\",\"position\":2,\"name\":\"Produkte\",\"item\":\"https:\/\/www.mpfiltri.com\/de\/shop\/\"},{\"@type\":\"ListItem\",\"position\":3,\"name\":\"RDU 2.0\"}]},{\"@type\":\"WebSite\",\"@id\":\"https:\/\/www.mpfiltri.com\/de\/#website\",\"url\":\"https:\/\/www.mpfiltri.com\/de\/\",\"name\":\"MP Filtri\",\"description\":\"\",\"publisher\":{\"@id\":\"https:\/\/www.mpfiltri.com\/de\/#organization\"},\"potentialAction\":[{\"@type\":\"SearchAction\",\"target\":{\"@type\":\"EntryPoint\",\"urlTemplate\":\"https:\/\/www.mpfiltri.com\/de\/?s={search_term_string}\"},\"query-input\":{\"@type\":\"PropertyValueSpecification\",\"valueRequired\":true,\"valueName\":\"search_term_string\"}}],\"inLanguage\":\"de\"},{\"@type\":\"Organization\",\"@id\":\"https:\/\/www.mpfiltri.com\/de\/#organization\",\"name\":\"MP Filtri\",\"url\":\"https:\/\/www.mpfiltri.com\/de\/\",\"logo\":{\"@type\":\"ImageObject\",\"inLanguage\":\"de\",\"@id\":\"https:\/\/www.mpfiltri.com\/de\/#\/schema\/logo\/image\/\",\"url\":\"\",\"contentUrl\":\"\",\"caption\":\"MP Filtri\"},\"image\":{\"@id\":\"https:\/\/www.mpfiltri.com\/de\/#\/schema\/logo\/image\/\"},\"sameAs\":[\"https:\/\/www.facebook.com\/MPFiltriITA\",\"https:\/\/www.instagram.com\/mpfiltri\/\",\"https:\/\/www.youtube.com\/channel\/UCCzNMySYc1c4M-2B4v0K_QA?view_as=subscriber\",\"https:\/\/www.linkedin.com\/company\/mp-filtri-spa\/\"]}]}<\/script>\n<!-- \/ Yoast SEO plugin. -->","yoast_head_json":{"title":"RDU 2.0 - MP Filtri","robots":{"index":"index","follow":"follow","max-snippet":"max-snippet:-1","max-image-preview":"max-image-preview:large","max-video-preview":"max-video-preview:-1"},"canonical":"https:\/\/www.mpfiltri.com\/de\/produkt\/rdu-2-0\/","og_locale":"de_DE","og_type":"article","og_title":"RDU 2.0 - MP Filtri","og_description":"Je nach Anwendung k\u00f6nnen Zugang und Sichtbarkeit von Inline-Sensoren eingeschr\u00e4nkt sein. Dieses hat mitunter negative Auswirkungen auf die Bedienbarkeit von Ger\u00e4ten mit integriertem Display und Tastensteuerung. Die \u201eRemote Display Unit RDU 2.0\u201c wurde daher speziell f\u00fcr diesen Einsatzfall entwickelt und auf die Bedienung des Inline-Kontaminationsmonitor ICM 2.0 abgestimmt. Die externe Display- und Bedieneinheit RDU 2.0 [&hellip;]","og_url":"https:\/\/www.mpfiltri.com\/de\/produkt\/rdu-2-0\/","og_site_name":"MP Filtri","article_publisher":"https:\/\/www.facebook.com\/MPFiltriITA","article_modified_time":"2026-04-01T14:23:17+00:00","twitter_card":"summary_large_image","twitter_misc":{"Gesch\u00e4tzte Lesezeit":"1\u00a0Minute"},"schema":{"@context":"https:\/\/schema.org","@graph":[{"@type":"WebPage","@id":"https:\/\/www.mpfiltri.com\/de\/produkt\/rdu-2-0\/","url":"https:\/\/www.mpfiltri.com\/de\/produkt\/rdu-2-0\/","name":"RDU 2.0 - MP Filtri","isPartOf":{"@id":"https:\/\/www.mpfiltri.com\/de\/#website"},"datePublished":"2025-06-18T08:17:16+00:00","dateModified":"2026-04-01T14:23:17+00:00","breadcrumb":{"@id":"https:\/\/www.mpfiltri.com\/de\/produkt\/rdu-2-0\/#breadcrumb"},"inLanguage":"de","potentialAction":[{"@type":"ReadAction","target":["https:\/\/www.mpfiltri.com\/de\/produkt\/rdu-2-0\/"]}]},{"@type":"BreadcrumbList","@id":"https:\/\/www.mpfiltri.com\/de\/produkt\/rdu-2-0\/#breadcrumb","itemListElement":[{"@type":"ListItem","position":1,"name":"Home","item":"https:\/\/www.mpfiltri.com\/de\/"},{"@type":"ListItem","position":2,"name":"Produkte","item":"https:\/\/www.mpfiltri.com\/de\/shop\/"},{"@type":"ListItem","position":3,"name":"RDU 2.0"}]},{"@type":"WebSite","@id":"https:\/\/www.mpfiltri.com\/de\/#website","url":"https:\/\/www.mpfiltri.com\/de\/","name":"MP Filtri","description":"","publisher":{"@id":"https:\/\/www.mpfiltri.com\/de\/#organization"},"potentialAction":[{"@type":"SearchAction","target":{"@type":"EntryPoint","urlTemplate":"https:\/\/www.mpfiltri.com\/de\/?s={search_term_string}"},"query-input":{"@type":"PropertyValueSpecification","valueRequired":true,"valueName":"search_term_string"}}],"inLanguage":"de"},{"@type":"Organization","@id":"https:\/\/www.mpfiltri.com\/de\/#organization","name":"MP Filtri","url":"https:\/\/www.mpfiltri.com\/de\/","logo":{"@type":"ImageObject","inLanguage":"de","@id":"https:\/\/www.mpfiltri.com\/de\/#\/schema\/logo\/image\/","url":"","contentUrl":"","caption":"MP Filtri"},"image":{"@id":"https:\/\/www.mpfiltri.com\/de\/#\/schema\/logo\/image\/"},"sameAs":["https:\/\/www.facebook.com\/MPFiltriITA","https:\/\/www.instagram.com\/mpfiltri\/","https:\/\/www.youtube.com\/channel\/UCCzNMySYc1c4M-2B4v0K_QA?view_as=subscriber","https:\/\/www.linkedin.com\/company\/mp-filtri-spa\/"]}]}},"_links":{"self":[{"href":"https:\/\/www.mpfiltri.com\/de\/wp-json\/wp\/v2\/product\/76965","targetHints":{"allow":["GET"]}}],"collection":[{"href":"https:\/\/www.mpfiltri.com\/de\/wp-json\/wp\/v2\/product"}],"about":[{"href":"https:\/\/www.mpfiltri.com\/de\/wp-json\/wp\/v2\/types\/product"}],"replies":[{"embeddable":true,"href":"https:\/\/www.mpfiltri.com\/de\/wp-json\/wp\/v2\/comments?post=76965"}],"wp:attachment":[{"href":"https:\/\/www.mpfiltri.com\/de\/wp-json\/wp\/v2\/media?parent=76965"}],"wp:term":[{"taxonomy":"product-structure","embeddable":true,"href":"https:\/\/www.mpfiltri.com\/de\/wp-json\/wp\/v2\/product-structure?post=76965"},{"taxonomy":"product_brand","embeddable":true,"href":"https:\/\/www.mpfiltri.com\/de\/wp-json\/wp\/v2\/product_brand?post=76965"},{"taxonomy":"product_cat","embeddable":true,"href":"https:\/\/www.mpfiltri.com\/de\/wp-json\/wp\/v2\/product_cat?post=76965"},{"taxonomy":"product_tag","embeddable":true,"href":"https:\/\/www.mpfiltri.com\/de\/wp-json\/wp\/v2\/product_tag?post=76965"}],"curies":[{"name":"wp","href":"https:\/\/api.w.org\/{rel}","templated":true}]}}