

{"id":76964,"date":"2025-10-22T10:35:06","date_gmt":"2025-10-22T08:35:06","guid":{"rendered":"https:\/\/www.mpfiltri.com\/product\/produkt-2\/"},"modified":"2026-04-01T16:22:45","modified_gmt":"2026-04-01T14:22:45","slug":"oelservicegeraete","status":"publish","type":"product","link":"https:\/\/www.mpfiltri.com\/de\/produkt\/oelservicegeraete\/","title":{"rendered":"\u00d6LSERVICEGER\u00c4TE"},"content":{"rendered":"<table style=\"min-width: 25px\">\n<colgroup>\n<col style=\"min-width: 25px\"><\/colgroup>\n<tbody>\n<tr>\n<td colspan=\"1\" rowspan=\"1\">\n<p><span>MP Filtri bietet seinen Kunden neben hochwertigen Filtrationsl\u00f6sungen und Partikelmesstechnik ein breites Spektrum an \u00d6lserviceger\u00e4ten. Diese stellen die perfekte L\u00f6sung f\u00fcr die Wartung und Pflege von Schmier\u00f6l und Hydraulikfl\u00fcssigkeiten in Nebenstromfiltrationsanwendungen dar und sind auf die Anforderungen moderner Fluidservicekonzepte abgestimmt. <\/span><\/p>\n<p><span>So werden diese vornehmlich im Rahmen von Bef\u00fcll- oder Sp\u00fclprozessen zur Vorfiltration sowie bei der Aufbereitung von Hydraulik- und Schmierfluiden in bestehenden Kreisl\u00e4ufen oder Tanks eingesetzt. Der Fokus liegt dabei auf der Entfernung fester Verunreinigungen \u2013 auch wenn der Abreinigungsprozess durch wasserabscheidende Filterelemente von MP Filtri erg\u00e4nzt werden kann.<\/span><\/p>\n<p><span>Die angebotenen Filtrationseinheiten sind f\u00fcr verschiedene Durchflussmengen erh\u00e4ltlich und k\u00f6nnen je nach Modell mit dem MP Filtri Inline-Kontaminationssensor ICM 2.0 ausgestattet werden. Dieser misst nicht nur die partikul\u00e4re Feststoffverschmutzung sowie die relative Feuchte, sondern erm\u00f6glicht eine gezielte Steuerung und Dokumentation von Abreinigungs- bzw. Fluidpflegeprozessen.<\/span><\/p>\n<p><span>Weitere Informationen und technische Daten finden Sie in unserem Download-Bereich.<\/span><\/p>\n<\/td>\n<\/tr>\n<\/tbody>\n<\/table>\n","protected":false},"excerpt":{"rendered":"<p>MP Filtri bietet seinen Kunden neben hochwertigen Filtrationsl\u00f6sungen und Partikelmesstechnik ein breites Spektrum an \u00d6lserviceger\u00e4ten. Diese stellen die perfekte L\u00f6sung f\u00fcr die Wartung und Pflege von Schmier\u00f6l und Hydraulikfl\u00fcssigkeiten in Nebenstromfiltrationsanwendungen dar und sind auf die Anforderungen moderner Fluidservicekonzepte abgestimmt. So werden diese vornehmlich im Rahmen von Bef\u00fcll- oder Sp\u00fclprozessen zur Vorfiltration sowie bei der [&hellip;]<\/p>\n","protected":false},"featured_media":25444,"comment_status":"open","ping_status":"closed","template":"","meta":{"_acf_changed":false,"_gspb_post_css":"","inline_featured_image":false,"_genesis_hide_title":false,"_genesis_hide_breadcrumbs":false,"_genesis_hide_singular_image":false,"_genesis_hide_footer_widgets":false,"_genesis_custom_body_class":"","_genesis_custom_post_class":"","_genesis_layout":"","_links_to":"","_links_to_target":""},"product-structure":[60],"product_brand":[],"product_cat":[],"product_tag":[],"class_list":{"0":"post-76964","1":"product","2":"type-product","3":"status-publish","4":"has-post-thumbnail","6":"product-structure-catalogue","7":"entry","9":"first","10":"instock","11":"shipping-taxable","12":"product-type-simple"},"acf":[],"yoast_head":"<!-- This site is optimized with the Yoast SEO plugin v27.2 - https:\/\/yoast.com\/product\/yoast-seo-wordpress\/ -->\n<title>\u00d6LSERVICEGER\u00c4TE - MP Filtri<\/title>\n<meta name=\"robots\" content=\"index, follow, max-snippet:-1, max-image-preview:large, max-video-preview:-1\" \/>\n<link rel=\"canonical\" href=\"https:\/\/www.mpfiltri.com\/de\/produkt\/oelservicegeraete\/\" \/>\n<meta property=\"og:locale\" content=\"de_DE\" \/>\n<meta property=\"og:type\" content=\"article\" \/>\n<meta property=\"og:title\" content=\"\u00d6LSERVICEGER\u00c4TE - MP Filtri\" \/>\n<meta property=\"og:description\" content=\"MP Filtri bietet seinen Kunden neben hochwertigen Filtrationsl\u00f6sungen und Partikelmesstechnik ein breites Spektrum an \u00d6lserviceger\u00e4ten. Diese stellen die perfekte L\u00f6sung f\u00fcr die Wartung und Pflege von Schmier\u00f6l und Hydraulikfl\u00fcssigkeiten in Nebenstromfiltrationsanwendungen dar und sind auf die Anforderungen moderner Fluidservicekonzepte abgestimmt. So werden diese vornehmlich im Rahmen von Bef\u00fcll- oder Sp\u00fclprozessen zur Vorfiltration sowie bei der [&hellip;]\" \/>\n<meta property=\"og:url\" content=\"https:\/\/www.mpfiltri.com\/de\/produkt\/oelservicegeraete\/\" \/>\n<meta property=\"og:site_name\" content=\"MP Filtri\" \/>\n<meta property=\"article:publisher\" content=\"https:\/\/www.facebook.com\/MPFiltriITA\" \/>\n<meta property=\"article:modified_time\" content=\"2026-04-01T14:22:45+00:00\" \/>\n<meta property=\"og:image\" content=\"https:\/\/www.mpfiltri.com\/wp-content\/uploads\/2025\/06\/UFM.png\" \/>\n\t<meta property=\"og:image:width\" content=\"313\" \/>\n\t<meta property=\"og:image:height\" content=\"313\" \/>\n\t<meta property=\"og:image:type\" content=\"image\/png\" \/>\n<meta name=\"twitter:card\" content=\"summary_large_image\" \/>\n<meta name=\"twitter:label1\" content=\"Gesch\u00e4tzte Lesezeit\" \/>\n\t<meta name=\"twitter:data1\" content=\"1\u00a0Minute\" \/>\n<script type=\"application\/ld+json\" class=\"yoast-schema-graph\">{\"@context\":\"https:\/\/schema.org\",\"@graph\":[{\"@type\":\"WebPage\",\"@id\":\"https:\/\/www.mpfiltri.com\/de\/produkt\/oelservicegeraete\/\",\"url\":\"https:\/\/www.mpfiltri.com\/de\/produkt\/oelservicegeraete\/\",\"name\":\"\u00d6LSERVICEGER\u00c4TE - MP Filtri\",\"isPartOf\":{\"@id\":\"https:\/\/www.mpfiltri.com\/de\/#website\"},\"primaryImageOfPage\":{\"@id\":\"https:\/\/www.mpfiltri.com\/de\/produkt\/oelservicegeraete\/#primaryimage\"},\"image\":{\"@id\":\"https:\/\/www.mpfiltri.com\/de\/produkt\/oelservicegeraete\/#primaryimage\"},\"thumbnailUrl\":\"https:\/\/www.mpfiltri.com\/wp-content\/uploads\/2025\/06\/UFM.png\",\"datePublished\":\"2025-10-22T08:35:06+00:00\",\"dateModified\":\"2026-04-01T14:22:45+00:00\",\"breadcrumb\":{\"@id\":\"https:\/\/www.mpfiltri.com\/de\/produkt\/oelservicegeraete\/#breadcrumb\"},\"inLanguage\":\"de\",\"potentialAction\":[{\"@type\":\"ReadAction\",\"target\":[\"https:\/\/www.mpfiltri.com\/de\/produkt\/oelservicegeraete\/\"]}]},{\"@type\":\"ImageObject\",\"inLanguage\":\"de\",\"@id\":\"https:\/\/www.mpfiltri.com\/de\/produkt\/oelservicegeraete\/#primaryimage\",\"url\":\"https:\/\/www.mpfiltri.com\/wp-content\/uploads\/2025\/06\/UFM.png\",\"contentUrl\":\"https:\/\/www.mpfiltri.com\/wp-content\/uploads\/2025\/06\/UFM.png\",\"width\":313,\"height\":313},{\"@type\":\"BreadcrumbList\",\"@id\":\"https:\/\/www.mpfiltri.com\/de\/produkt\/oelservicegeraete\/#breadcrumb\",\"itemListElement\":[{\"@type\":\"ListItem\",\"position\":1,\"name\":\"Home\",\"item\":\"https:\/\/www.mpfiltri.com\/de\/\"},{\"@type\":\"ListItem\",\"position\":2,\"name\":\"Produkte\",\"item\":\"https:\/\/www.mpfiltri.com\/de\/shop\/\"},{\"@type\":\"ListItem\",\"position\":3,\"name\":\"\u00d6LSERVICEGER\u00c4TE\"}]},{\"@type\":\"WebSite\",\"@id\":\"https:\/\/www.mpfiltri.com\/de\/#website\",\"url\":\"https:\/\/www.mpfiltri.com\/de\/\",\"name\":\"MP Filtri\",\"description\":\"\",\"publisher\":{\"@id\":\"https:\/\/www.mpfiltri.com\/de\/#organization\"},\"potentialAction\":[{\"@type\":\"SearchAction\",\"target\":{\"@type\":\"EntryPoint\",\"urlTemplate\":\"https:\/\/www.mpfiltri.com\/de\/?s={search_term_string}\"},\"query-input\":{\"@type\":\"PropertyValueSpecification\",\"valueRequired\":true,\"valueName\":\"search_term_string\"}}],\"inLanguage\":\"de\"},{\"@type\":\"Organization\",\"@id\":\"https:\/\/www.mpfiltri.com\/de\/#organization\",\"name\":\"MP Filtri\",\"url\":\"https:\/\/www.mpfiltri.com\/de\/\",\"logo\":{\"@type\":\"ImageObject\",\"inLanguage\":\"de\",\"@id\":\"https:\/\/www.mpfiltri.com\/de\/#\/schema\/logo\/image\/\",\"url\":\"\",\"contentUrl\":\"\",\"caption\":\"MP Filtri\"},\"image\":{\"@id\":\"https:\/\/www.mpfiltri.com\/de\/#\/schema\/logo\/image\/\"},\"sameAs\":[\"https:\/\/www.facebook.com\/MPFiltriITA\",\"https:\/\/www.instagram.com\/mpfiltri\/\",\"https:\/\/www.youtube.com\/channel\/UCCzNMySYc1c4M-2B4v0K_QA?view_as=subscriber\",\"https:\/\/www.linkedin.com\/company\/mp-filtri-spa\/\"]}]}<\/script>\n<!-- \/ Yoast SEO plugin. -->","yoast_head_json":{"title":"\u00d6LSERVICEGER\u00c4TE - MP Filtri","robots":{"index":"index","follow":"follow","max-snippet":"max-snippet:-1","max-image-preview":"max-image-preview:large","max-video-preview":"max-video-preview:-1"},"canonical":"https:\/\/www.mpfiltri.com\/de\/produkt\/oelservicegeraete\/","og_locale":"de_DE","og_type":"article","og_title":"\u00d6LSERVICEGER\u00c4TE - MP Filtri","og_description":"MP Filtri bietet seinen Kunden neben hochwertigen Filtrationsl\u00f6sungen und Partikelmesstechnik ein breites Spektrum an \u00d6lserviceger\u00e4ten. Diese stellen die perfekte L\u00f6sung f\u00fcr die Wartung und Pflege von Schmier\u00f6l und Hydraulikfl\u00fcssigkeiten in Nebenstromfiltrationsanwendungen dar und sind auf die Anforderungen moderner Fluidservicekonzepte abgestimmt. So werden diese vornehmlich im Rahmen von Bef\u00fcll- oder Sp\u00fclprozessen zur Vorfiltration sowie bei der [&hellip;]","og_url":"https:\/\/www.mpfiltri.com\/de\/produkt\/oelservicegeraete\/","og_site_name":"MP Filtri","article_publisher":"https:\/\/www.facebook.com\/MPFiltriITA","article_modified_time":"2026-04-01T14:22:45+00:00","og_image":[{"width":313,"height":313,"url":"https:\/\/www.mpfiltri.com\/wp-content\/uploads\/2025\/06\/UFM.png","type":"image\/png"}],"twitter_card":"summary_large_image","twitter_misc":{"Gesch\u00e4tzte Lesezeit":"1\u00a0Minute"},"schema":{"@context":"https:\/\/schema.org","@graph":[{"@type":"WebPage","@id":"https:\/\/www.mpfiltri.com\/de\/produkt\/oelservicegeraete\/","url":"https:\/\/www.mpfiltri.com\/de\/produkt\/oelservicegeraete\/","name":"\u00d6LSERVICEGER\u00c4TE - MP Filtri","isPartOf":{"@id":"https:\/\/www.mpfiltri.com\/de\/#website"},"primaryImageOfPage":{"@id":"https:\/\/www.mpfiltri.com\/de\/produkt\/oelservicegeraete\/#primaryimage"},"image":{"@id":"https:\/\/www.mpfiltri.com\/de\/produkt\/oelservicegeraete\/#primaryimage"},"thumbnailUrl":"https:\/\/www.mpfiltri.com\/wp-content\/uploads\/2025\/06\/UFM.png","datePublished":"2025-10-22T08:35:06+00:00","dateModified":"2026-04-01T14:22:45+00:00","breadcrumb":{"@id":"https:\/\/www.mpfiltri.com\/de\/produkt\/oelservicegeraete\/#breadcrumb"},"inLanguage":"de","potentialAction":[{"@type":"ReadAction","target":["https:\/\/www.mpfiltri.com\/de\/produkt\/oelservicegeraete\/"]}]},{"@type":"ImageObject","inLanguage":"de","@id":"https:\/\/www.mpfiltri.com\/de\/produkt\/oelservicegeraete\/#primaryimage","url":"https:\/\/www.mpfiltri.com\/wp-content\/uploads\/2025\/06\/UFM.png","contentUrl":"https:\/\/www.mpfiltri.com\/wp-content\/uploads\/2025\/06\/UFM.png","width":313,"height":313},{"@type":"BreadcrumbList","@id":"https:\/\/www.mpfiltri.com\/de\/produkt\/oelservicegeraete\/#breadcrumb","itemListElement":[{"@type":"ListItem","position":1,"name":"Home","item":"https:\/\/www.mpfiltri.com\/de\/"},{"@type":"ListItem","position":2,"name":"Produkte","item":"https:\/\/www.mpfiltri.com\/de\/shop\/"},{"@type":"ListItem","position":3,"name":"\u00d6LSERVICEGER\u00c4TE"}]},{"@type":"WebSite","@id":"https:\/\/www.mpfiltri.com\/de\/#website","url":"https:\/\/www.mpfiltri.com\/de\/","name":"MP Filtri","description":"","publisher":{"@id":"https:\/\/www.mpfiltri.com\/de\/#organization"},"potentialAction":[{"@type":"SearchAction","target":{"@type":"EntryPoint","urlTemplate":"https:\/\/www.mpfiltri.com\/de\/?s={search_term_string}"},"query-input":{"@type":"PropertyValueSpecification","valueRequired":true,"valueName":"search_term_string"}}],"inLanguage":"de"},{"@type":"Organization","@id":"https:\/\/www.mpfiltri.com\/de\/#organization","name":"MP Filtri","url":"https:\/\/www.mpfiltri.com\/de\/","logo":{"@type":"ImageObject","inLanguage":"de","@id":"https:\/\/www.mpfiltri.com\/de\/#\/schema\/logo\/image\/","url":"","contentUrl":"","caption":"MP Filtri"},"image":{"@id":"https:\/\/www.mpfiltri.com\/de\/#\/schema\/logo\/image\/"},"sameAs":["https:\/\/www.facebook.com\/MPFiltriITA","https:\/\/www.instagram.com\/mpfiltri\/","https:\/\/www.youtube.com\/channel\/UCCzNMySYc1c4M-2B4v0K_QA?view_as=subscriber","https:\/\/www.linkedin.com\/company\/mp-filtri-spa\/"]}]}},"_links":{"self":[{"href":"https:\/\/www.mpfiltri.com\/de\/wp-json\/wp\/v2\/product\/76964","targetHints":{"allow":["GET"]}}],"collection":[{"href":"https:\/\/www.mpfiltri.com\/de\/wp-json\/wp\/v2\/product"}],"about":[{"href":"https:\/\/www.mpfiltri.com\/de\/wp-json\/wp\/v2\/types\/product"}],"replies":[{"embeddable":true,"href":"https:\/\/www.mpfiltri.com\/de\/wp-json\/wp\/v2\/comments?post=76964"}],"wp:featuredmedia":[{"embeddable":true,"href":"https:\/\/www.mpfiltri.com\/de\/wp-json\/wp\/v2\/media\/25444"}],"wp:attachment":[{"href":"https:\/\/www.mpfiltri.com\/de\/wp-json\/wp\/v2\/media?parent=76964"}],"wp:term":[{"taxonomy":"product-structure","embeddable":true,"href":"https:\/\/www.mpfiltri.com\/de\/wp-json\/wp\/v2\/product-structure?post=76964"},{"taxonomy":"product_brand","embeddable":true,"href":"https:\/\/www.mpfiltri.com\/de\/wp-json\/wp\/v2\/product_brand?post=76964"},{"taxonomy":"product_cat","embeddable":true,"href":"https:\/\/www.mpfiltri.com\/de\/wp-json\/wp\/v2\/product_cat?post=76964"},{"taxonomy":"product_tag","embeddable":true,"href":"https:\/\/www.mpfiltri.com\/de\/wp-json\/wp\/v2\/product_tag?post=76964"}],"curies":[{"name":"wp","href":"https:\/\/api.w.org\/{rel}","templated":true}]}}