

{"id":76954,"date":"2025-06-16T16:42:10","date_gmt":"2025-06-16T14:42:10","guid":{"rendered":"https:\/\/www.mpfiltri.com\/product\/produkt-2\/"},"modified":"2026-04-01T16:23:49","modified_gmt":"2026-04-01T14:23:49","slug":"ufm091-2","status":"publish","type":"product","link":"https:\/\/www.mpfiltri.com\/de\/produkt\/ufm091-2\/","title":{"rendered":"UFM091"},"content":{"rendered":"<p>Das UFM 091 ist eine mobile Transfer- und Filtrationseinheit f\u00fcr hohe Volumenstr\u00f6me (&gt; 1000 l)<\/p>\n<p>\u2022 Einfache Handhabung dank der vier R\u00e4der und des ergonomischen Griffs<\/p>\n<p>\u2022 Verwendung einer LMP-Filterserie mit erh\u00f6hter L\u00e4nge<\/p>\n<p>\u2022 Durchflussmenge 90 l\/min<\/p>\n<p>\u2022 Maximaler Arbeitsdruck 10 bar<\/p>\n<p>\u2022 Drehstrom-Elektromotor<\/p>\n<p>\u2022 Erh\u00e4ltlich mit Online-Verschmutzungs\u00fcberwachung (ICM2.0)<\/p>\n<p>\u2022 4 R\u00e4der und integrierter Griff f\u00fcr die Handhabung<\/p>\n<p>\u2022 Leicht zu bedienen<\/p>\n<p>\u2022 Schraubenspindelpumpe f\u00fcr hohe Durchflussraten und niedrigsten Ger\u00e4uschpegel<\/p>\n<p>\u2022 Einfache Wartung dank der LMP-Filterserie<\/p>\n<p>\u2022 Ansaugfilter zum Schutz der Pumpe<\/p>\n<p>\u2022 LMP-Filter der L\u00e4nge 6 f\u00fcr eine gr\u00f6\u00dfere Filterfl\u00e4che<\/p>\n<p>\u2022 Absolutfiltration<\/p>\n<p>\u2022 Gro\u00dfe Auswahl an Filtermedien<\/p>\n<p>\u2022 Ausf\u00fchrung mit Drehstrommotor f\u00fcr kontinuierlichen und dauerhaften Einsatz<\/p>\n<p>\u2022 Optisches Differenzdruckmanometer plus Manometer zur \u00dcberwachung des Leitungsdrucks<\/p>\n<p>\u2022 Elektrisches Differenzdruckmanometer plus Manometer zur \u00dcberwachung des Leitungsdrucks<\/p>\n<p>\u2022 Neuer Partikelz\u00e4hler der Serie ICM2.0 mit integrierter zweiter Motor-Pumpeneinheit<\/p>\n","protected":false},"excerpt":{"rendered":"<p>Das UFM 091 ist eine mobile Transfer- und Filtrationseinheit f\u00fcr hohe Volumenstr\u00f6me (&gt; 1000 l) \u2022 Einfache Handhabung dank der vier R\u00e4der und des ergonomischen Griffs \u2022 Verwendung einer LMP-Filterserie mit erh\u00f6hter L\u00e4nge \u2022 Durchflussmenge 90 l\/min \u2022 Maximaler Arbeitsdruck 10 bar \u2022 Drehstrom-Elektromotor \u2022 Erh\u00e4ltlich mit Online-Verschmutzungs\u00fcberwachung (ICM2.0) \u2022 4 R\u00e4der und integrierter Griff [&hellip;]<\/p>\n","protected":false},"featured_media":0,"comment_status":"open","ping_status":"closed","template":"","meta":{"_acf_changed":false,"_gspb_post_css":"","inline_featured_image":false,"_genesis_hide_title":false,"_genesis_hide_breadcrumbs":false,"_genesis_hide_singular_image":false,"_genesis_hide_footer_widgets":false,"_genesis_custom_body_class":"","_genesis_custom_post_class":"","_genesis_layout":"","_links_to":"","_links_to_target":""},"product-structure":[62],"product_brand":[],"product_cat":[13189,13395,13290,13161,13196,13388,13230],"product_tag":[],"class_list":{"0":"post-76954","1":"product","2":"type-product","3":"status-publish","5":"product-structure-series","6":"product_cat-anwendungen","7":"product_cat-global","8":"product_cat-hydraulikanlagen","9":"product_cat-land-und-forstmaschinen","10":"product_cat-mobile-anwendungen","11":"product_cat-multimarket","12":"product_cat-stationaere-anwendungen","13":"entry","15":"first","16":"instock","17":"shipping-taxable","18":"product-type-simple"},"acf":[],"yoast_head":"<!-- This site is optimized with the Yoast SEO plugin v27.2 - https:\/\/yoast.com\/product\/yoast-seo-wordpress\/ -->\n<title>UFM091 - MP Filtri<\/title>\n<meta name=\"robots\" content=\"index, follow, max-snippet:-1, max-image-preview:large, max-video-preview:-1\" \/>\n<link rel=\"canonical\" href=\"https:\/\/www.mpfiltri.com\/de\/produkt\/ufm091-2\/\" \/>\n<meta property=\"og:locale\" content=\"de_DE\" \/>\n<meta property=\"og:type\" content=\"article\" \/>\n<meta property=\"og:title\" content=\"UFM091 - MP Filtri\" \/>\n<meta property=\"og:description\" content=\"Das UFM 091 ist eine mobile Transfer- und Filtrationseinheit f\u00fcr hohe Volumenstr\u00f6me (&gt; 1000 l) \u2022 Einfache Handhabung dank der vier R\u00e4der und des ergonomischen Griffs \u2022 Verwendung einer LMP-Filterserie mit erh\u00f6hter L\u00e4nge \u2022 Durchflussmenge 90 l\/min \u2022 Maximaler Arbeitsdruck 10 bar \u2022 Drehstrom-Elektromotor \u2022 Erh\u00e4ltlich mit Online-Verschmutzungs\u00fcberwachung (ICM2.0) \u2022 4 R\u00e4der und integrierter Griff [&hellip;]\" \/>\n<meta property=\"og:url\" content=\"https:\/\/www.mpfiltri.com\/de\/produkt\/ufm091-2\/\" \/>\n<meta property=\"og:site_name\" content=\"MP Filtri\" \/>\n<meta property=\"article:publisher\" content=\"https:\/\/www.facebook.com\/MPFiltriITA\" \/>\n<meta property=\"article:modified_time\" content=\"2026-04-01T14:23:49+00:00\" \/>\n<meta name=\"twitter:card\" content=\"summary_large_image\" \/>\n<meta name=\"twitter:label1\" content=\"Gesch\u00e4tzte Lesezeit\" \/>\n\t<meta name=\"twitter:data1\" content=\"1\u00a0Minute\" \/>\n<script type=\"application\/ld+json\" class=\"yoast-schema-graph\">{\"@context\":\"https:\/\/schema.org\",\"@graph\":[{\"@type\":\"WebPage\",\"@id\":\"https:\/\/www.mpfiltri.com\/de\/produkt\/ufm091-2\/\",\"url\":\"https:\/\/www.mpfiltri.com\/de\/produkt\/ufm091-2\/\",\"name\":\"UFM091 - MP Filtri\",\"isPartOf\":{\"@id\":\"https:\/\/www.mpfiltri.com\/de\/#website\"},\"datePublished\":\"2025-06-16T14:42:10+00:00\",\"dateModified\":\"2026-04-01T14:23:49+00:00\",\"breadcrumb\":{\"@id\":\"https:\/\/www.mpfiltri.com\/de\/produkt\/ufm091-2\/#breadcrumb\"},\"inLanguage\":\"de\",\"potentialAction\":[{\"@type\":\"ReadAction\",\"target\":[\"https:\/\/www.mpfiltri.com\/de\/produkt\/ufm091-2\/\"]}]},{\"@type\":\"BreadcrumbList\",\"@id\":\"https:\/\/www.mpfiltri.com\/de\/produkt\/ufm091-2\/#breadcrumb\",\"itemListElement\":[{\"@type\":\"ListItem\",\"position\":1,\"name\":\"Home\",\"item\":\"https:\/\/www.mpfiltri.com\/de\/\"},{\"@type\":\"ListItem\",\"position\":2,\"name\":\"Produkte\",\"item\":\"https:\/\/www.mpfiltri.com\/de\/shop\/\"},{\"@type\":\"ListItem\",\"position\":3,\"name\":\"UFM091\"}]},{\"@type\":\"WebSite\",\"@id\":\"https:\/\/www.mpfiltri.com\/de\/#website\",\"url\":\"https:\/\/www.mpfiltri.com\/de\/\",\"name\":\"MP Filtri\",\"description\":\"\",\"publisher\":{\"@id\":\"https:\/\/www.mpfiltri.com\/de\/#organization\"},\"potentialAction\":[{\"@type\":\"SearchAction\",\"target\":{\"@type\":\"EntryPoint\",\"urlTemplate\":\"https:\/\/www.mpfiltri.com\/de\/?s={search_term_string}\"},\"query-input\":{\"@type\":\"PropertyValueSpecification\",\"valueRequired\":true,\"valueName\":\"search_term_string\"}}],\"inLanguage\":\"de\"},{\"@type\":\"Organization\",\"@id\":\"https:\/\/www.mpfiltri.com\/de\/#organization\",\"name\":\"MP Filtri\",\"url\":\"https:\/\/www.mpfiltri.com\/de\/\",\"logo\":{\"@type\":\"ImageObject\",\"inLanguage\":\"de\",\"@id\":\"https:\/\/www.mpfiltri.com\/de\/#\/schema\/logo\/image\/\",\"url\":\"\",\"contentUrl\":\"\",\"caption\":\"MP Filtri\"},\"image\":{\"@id\":\"https:\/\/www.mpfiltri.com\/de\/#\/schema\/logo\/image\/\"},\"sameAs\":[\"https:\/\/www.facebook.com\/MPFiltriITA\",\"https:\/\/www.instagram.com\/mpfiltri\/\",\"https:\/\/www.youtube.com\/channel\/UCCzNMySYc1c4M-2B4v0K_QA?view_as=subscriber\",\"https:\/\/www.linkedin.com\/company\/mp-filtri-spa\/\"]}]}<\/script>\n<!-- \/ Yoast SEO plugin. -->","yoast_head_json":{"title":"UFM091 - MP Filtri","robots":{"index":"index","follow":"follow","max-snippet":"max-snippet:-1","max-image-preview":"max-image-preview:large","max-video-preview":"max-video-preview:-1"},"canonical":"https:\/\/www.mpfiltri.com\/de\/produkt\/ufm091-2\/","og_locale":"de_DE","og_type":"article","og_title":"UFM091 - MP Filtri","og_description":"Das UFM 091 ist eine mobile Transfer- und Filtrationseinheit f\u00fcr hohe Volumenstr\u00f6me (&gt; 1000 l) \u2022 Einfache Handhabung dank der vier R\u00e4der und des ergonomischen Griffs \u2022 Verwendung einer LMP-Filterserie mit erh\u00f6hter L\u00e4nge \u2022 Durchflussmenge 90 l\/min \u2022 Maximaler Arbeitsdruck 10 bar \u2022 Drehstrom-Elektromotor \u2022 Erh\u00e4ltlich mit Online-Verschmutzungs\u00fcberwachung (ICM2.0) \u2022 4 R\u00e4der und integrierter Griff [&hellip;]","og_url":"https:\/\/www.mpfiltri.com\/de\/produkt\/ufm091-2\/","og_site_name":"MP Filtri","article_publisher":"https:\/\/www.facebook.com\/MPFiltriITA","article_modified_time":"2026-04-01T14:23:49+00:00","twitter_card":"summary_large_image","twitter_misc":{"Gesch\u00e4tzte Lesezeit":"1\u00a0Minute"},"schema":{"@context":"https:\/\/schema.org","@graph":[{"@type":"WebPage","@id":"https:\/\/www.mpfiltri.com\/de\/produkt\/ufm091-2\/","url":"https:\/\/www.mpfiltri.com\/de\/produkt\/ufm091-2\/","name":"UFM091 - MP Filtri","isPartOf":{"@id":"https:\/\/www.mpfiltri.com\/de\/#website"},"datePublished":"2025-06-16T14:42:10+00:00","dateModified":"2026-04-01T14:23:49+00:00","breadcrumb":{"@id":"https:\/\/www.mpfiltri.com\/de\/produkt\/ufm091-2\/#breadcrumb"},"inLanguage":"de","potentialAction":[{"@type":"ReadAction","target":["https:\/\/www.mpfiltri.com\/de\/produkt\/ufm091-2\/"]}]},{"@type":"BreadcrumbList","@id":"https:\/\/www.mpfiltri.com\/de\/produkt\/ufm091-2\/#breadcrumb","itemListElement":[{"@type":"ListItem","position":1,"name":"Home","item":"https:\/\/www.mpfiltri.com\/de\/"},{"@type":"ListItem","position":2,"name":"Produkte","item":"https:\/\/www.mpfiltri.com\/de\/shop\/"},{"@type":"ListItem","position":3,"name":"UFM091"}]},{"@type":"WebSite","@id":"https:\/\/www.mpfiltri.com\/de\/#website","url":"https:\/\/www.mpfiltri.com\/de\/","name":"MP Filtri","description":"","publisher":{"@id":"https:\/\/www.mpfiltri.com\/de\/#organization"},"potentialAction":[{"@type":"SearchAction","target":{"@type":"EntryPoint","urlTemplate":"https:\/\/www.mpfiltri.com\/de\/?s={search_term_string}"},"query-input":{"@type":"PropertyValueSpecification","valueRequired":true,"valueName":"search_term_string"}}],"inLanguage":"de"},{"@type":"Organization","@id":"https:\/\/www.mpfiltri.com\/de\/#organization","name":"MP Filtri","url":"https:\/\/www.mpfiltri.com\/de\/","logo":{"@type":"ImageObject","inLanguage":"de","@id":"https:\/\/www.mpfiltri.com\/de\/#\/schema\/logo\/image\/","url":"","contentUrl":"","caption":"MP Filtri"},"image":{"@id":"https:\/\/www.mpfiltri.com\/de\/#\/schema\/logo\/image\/"},"sameAs":["https:\/\/www.facebook.com\/MPFiltriITA","https:\/\/www.instagram.com\/mpfiltri\/","https:\/\/www.youtube.com\/channel\/UCCzNMySYc1c4M-2B4v0K_QA?view_as=subscriber","https:\/\/www.linkedin.com\/company\/mp-filtri-spa\/"]}]}},"_links":{"self":[{"href":"https:\/\/www.mpfiltri.com\/de\/wp-json\/wp\/v2\/product\/76954","targetHints":{"allow":["GET"]}}],"collection":[{"href":"https:\/\/www.mpfiltri.com\/de\/wp-json\/wp\/v2\/product"}],"about":[{"href":"https:\/\/www.mpfiltri.com\/de\/wp-json\/wp\/v2\/types\/product"}],"replies":[{"embeddable":true,"href":"https:\/\/www.mpfiltri.com\/de\/wp-json\/wp\/v2\/comments?post=76954"}],"wp:attachment":[{"href":"https:\/\/www.mpfiltri.com\/de\/wp-json\/wp\/v2\/media?parent=76954"}],"wp:term":[{"taxonomy":"product-structure","embeddable":true,"href":"https:\/\/www.mpfiltri.com\/de\/wp-json\/wp\/v2\/product-structure?post=76954"},{"taxonomy":"product_brand","embeddable":true,"href":"https:\/\/www.mpfiltri.com\/de\/wp-json\/wp\/v2\/product_brand?post=76954"},{"taxonomy":"product_cat","embeddable":true,"href":"https:\/\/www.mpfiltri.com\/de\/wp-json\/wp\/v2\/product_cat?post=76954"},{"taxonomy":"product_tag","embeddable":true,"href":"https:\/\/www.mpfiltri.com\/de\/wp-json\/wp\/v2\/product_tag?post=76954"}],"curies":[{"name":"wp","href":"https:\/\/api.w.org\/{rel}","templated":true}]}}