

{"id":76945,"date":"2025-06-17T17:01:57","date_gmt":"2025-06-17T15:01:57","guid":{"rendered":"https:\/\/www.mpfiltri.com\/product\/produkt-2\/"},"modified":"2026-04-01T16:23:18","modified_gmt":"2026-04-01T14:23:18","slug":"icm-k-2-0-az2","status":"publish","type":"product","link":"https:\/\/www.mpfiltri.com\/de\/produkt\/icm-k-2-0-az2\/","title":{"rendered":"ICM K 2.0 AZ2"},"content":{"rendered":"<p>Der<strong> Inline-Kontaminationsmonitor ICM K 2.0 AZ2<\/strong> misst und \u00fcberwacht die partikul\u00e4re Feststoffverschmutzung (Fluidreinheit) sowie die relative Feuchte und Temperatur (optional) in einem breiten Spektrum von Hydraulik- und Schmierfluiden in explosionsgef\u00e4hrdeten Bereichen. Er ist f\u00fcr eine maschinennahe Montage konzipiert und wird in deren Fluidkreislauf als Bypass integriert. Dieses erm\u00f6glicht eine kontinuierliche \u00dcberwachung eingesetzter Fluide und hilft ungeplante sowie kostspielige Anlagenstillst\u00e4nde zu vermeiden.<\/p>\n<p>Die vorhandene Zertifizierung f\u00fcr explosionsgef\u00e4hrdete Bereiche erlaubt zudem die Verwendung des ICM K 2.0 AZ2 an Maschinen mit einem erh\u00f6hten Anspruch an die Betriebs- und Umgebungssicherheit, kann dabei eigenst\u00e4ndig und systemunabh\u00e4ngig agieren und bei Bedarf an einen externen PC oder eine SPS angeschlossen werden.<\/p>\n<p>\u2022 Kalibriert nach relevanten ISO-Standards<\/p>\n<p>\u2022 Umfangreiche Auswahl an Klassifizierungsstandards zur Ausgabe der Fluidreinheit, in bis zu 8 Gr\u00f6\u00dfenkan\u00e4len<\/p>\n<p>\u2022 Integrierte Feuchte- und Temperaturmessung (optional)<\/p>\n<p>\u2022 Datenspeicher f\u00fcr bis zu 4.000 Messungen<\/p>\n<p>\u2022 Anzeigen der Messergebnisse auf mehrfarbigem LCD-Display mit Farbumschlag bei Grenzwert\u00fcberschreitung<\/p>\n<p>\u2022 Breites Angebot an Datenkommunikationsschnittstellen wie RS485 (Modbus RTU), CANbus, 2 x Analog (4-20mA) sowie einem Schaltausgang als Standardausstattung<\/p>\n<p>\u2022 Trigger-Signal-Eingang zur Steuerung der Messung<\/p>\n<p>\u2022 F\u00fcr eine breite Auswahl an Fluiden erh\u00e4ltlich<\/p>\n<p>\u2022 Maximaler Betriebsdruck bis zu 420 bar<\/p>\n<p>\u2022 Robustes Aluminium-Druckgussgeh\u00e4use mit ATEX-Zertifizierung nach Zone II Cat. 3G (CE II 3 G Ex nR IIB T5 GC IP66)<\/p>\n<p>\u2022 Kompatibel zu MP Filtri\u2019s preisgekr\u00f6nter Datenverwaltungs-, Analyse- und Reporting-Software CMP View (im Lieferumfang enthalten)<\/p>\n<p>Empfohlenes CMP-Zubeh\u00f6r: ICM-USBi<\/p>\n","protected":false},"excerpt":{"rendered":"<p>Der Inline-Kontaminationsmonitor ICM K 2.0 AZ2 misst und \u00fcberwacht die partikul\u00e4re Feststoffverschmutzung (Fluidreinheit) sowie die relative Feuchte und Temperatur (optional) in einem breiten Spektrum von Hydraulik- und Schmierfluiden in explosionsgef\u00e4hrdeten Bereichen. Er ist f\u00fcr eine maschinennahe Montage konzipiert und wird in deren Fluidkreislauf als Bypass integriert. Dieses erm\u00f6glicht eine kontinuierliche \u00dcberwachung eingesetzter Fluide und hilft [&hellip;]<\/p>\n","protected":false},"featured_media":0,"comment_status":"open","ping_status":"closed","template":"","meta":{"_acf_changed":false,"_gspb_post_css":"","inline_featured_image":false,"_genesis_hide_title":false,"_genesis_hide_breadcrumbs":false,"_genesis_hide_singular_image":false,"_genesis_hide_footer_widgets":false,"_genesis_custom_body_class":"","_genesis_custom_post_class":"","_genesis_layout":"","_links_to":"","_links_to_target":""},"product-structure":[62],"product_brand":[],"product_cat":[13189,13236,13250,13230],"product_tag":[],"class_list":{"0":"post-76945","1":"product","2":"type-product","3":"status-publish","5":"product-structure-series","6":"product_cat-anwendungen","7":"product_cat-chemie-oel-gas","8":"product_cat-energie","9":"product_cat-stationaere-anwendungen","10":"entry","12":"first","13":"instock","14":"shipping-taxable","15":"product-type-simple"},"acf":[],"yoast_head":"<!-- This site is optimized with the Yoast SEO plugin v27.2 - https:\/\/yoast.com\/product\/yoast-seo-wordpress\/ -->\n<title>ICM K 2.0 AZ2 - MP Filtri<\/title>\n<meta name=\"robots\" content=\"index, follow, max-snippet:-1, max-image-preview:large, max-video-preview:-1\" \/>\n<link rel=\"canonical\" href=\"https:\/\/www.mpfiltri.com\/de\/produkt\/icm-k-2-0-az2\/\" \/>\n<meta property=\"og:locale\" content=\"de_DE\" \/>\n<meta property=\"og:type\" content=\"article\" \/>\n<meta property=\"og:title\" content=\"ICM K 2.0 AZ2 - MP Filtri\" \/>\n<meta property=\"og:description\" content=\"Der Inline-Kontaminationsmonitor ICM K 2.0 AZ2 misst und \u00fcberwacht die partikul\u00e4re Feststoffverschmutzung (Fluidreinheit) sowie die relative Feuchte und Temperatur (optional) in einem breiten Spektrum von Hydraulik- und Schmierfluiden in explosionsgef\u00e4hrdeten Bereichen. Er ist f\u00fcr eine maschinennahe Montage konzipiert und wird in deren Fluidkreislauf als Bypass integriert. Dieses erm\u00f6glicht eine kontinuierliche \u00dcberwachung eingesetzter Fluide und hilft [&hellip;]\" \/>\n<meta property=\"og:url\" content=\"https:\/\/www.mpfiltri.com\/de\/produkt\/icm-k-2-0-az2\/\" \/>\n<meta property=\"og:site_name\" content=\"MP Filtri\" \/>\n<meta property=\"article:publisher\" content=\"https:\/\/www.facebook.com\/MPFiltriITA\" \/>\n<meta property=\"article:modified_time\" content=\"2026-04-01T14:23:18+00:00\" \/>\n<meta name=\"twitter:card\" content=\"summary_large_image\" \/>\n<meta name=\"twitter:label1\" content=\"Gesch\u00e4tzte Lesezeit\" \/>\n\t<meta name=\"twitter:data1\" content=\"1\u00a0Minute\" \/>\n<script type=\"application\/ld+json\" class=\"yoast-schema-graph\">{\"@context\":\"https:\/\/schema.org\",\"@graph\":[{\"@type\":\"WebPage\",\"@id\":\"https:\/\/www.mpfiltri.com\/de\/produkt\/icm-k-2-0-az2\/\",\"url\":\"https:\/\/www.mpfiltri.com\/de\/produkt\/icm-k-2-0-az2\/\",\"name\":\"ICM K 2.0 AZ2 - MP Filtri\",\"isPartOf\":{\"@id\":\"https:\/\/www.mpfiltri.com\/de\/#website\"},\"datePublished\":\"2025-06-17T15:01:57+00:00\",\"dateModified\":\"2026-04-01T14:23:18+00:00\",\"breadcrumb\":{\"@id\":\"https:\/\/www.mpfiltri.com\/de\/produkt\/icm-k-2-0-az2\/#breadcrumb\"},\"inLanguage\":\"de\",\"potentialAction\":[{\"@type\":\"ReadAction\",\"target\":[\"https:\/\/www.mpfiltri.com\/de\/produkt\/icm-k-2-0-az2\/\"]}]},{\"@type\":\"BreadcrumbList\",\"@id\":\"https:\/\/www.mpfiltri.com\/de\/produkt\/icm-k-2-0-az2\/#breadcrumb\",\"itemListElement\":[{\"@type\":\"ListItem\",\"position\":1,\"name\":\"Home\",\"item\":\"https:\/\/www.mpfiltri.com\/de\/\"},{\"@type\":\"ListItem\",\"position\":2,\"name\":\"Produkte\",\"item\":\"https:\/\/www.mpfiltri.com\/de\/shop\/\"},{\"@type\":\"ListItem\",\"position\":3,\"name\":\"ICM K 2.0 AZ2\"}]},{\"@type\":\"WebSite\",\"@id\":\"https:\/\/www.mpfiltri.com\/de\/#website\",\"url\":\"https:\/\/www.mpfiltri.com\/de\/\",\"name\":\"MP Filtri\",\"description\":\"\",\"publisher\":{\"@id\":\"https:\/\/www.mpfiltri.com\/de\/#organization\"},\"potentialAction\":[{\"@type\":\"SearchAction\",\"target\":{\"@type\":\"EntryPoint\",\"urlTemplate\":\"https:\/\/www.mpfiltri.com\/de\/?s={search_term_string}\"},\"query-input\":{\"@type\":\"PropertyValueSpecification\",\"valueRequired\":true,\"valueName\":\"search_term_string\"}}],\"inLanguage\":\"de\"},{\"@type\":\"Organization\",\"@id\":\"https:\/\/www.mpfiltri.com\/de\/#organization\",\"name\":\"MP Filtri\",\"url\":\"https:\/\/www.mpfiltri.com\/de\/\",\"logo\":{\"@type\":\"ImageObject\",\"inLanguage\":\"de\",\"@id\":\"https:\/\/www.mpfiltri.com\/de\/#\/schema\/logo\/image\/\",\"url\":\"\",\"contentUrl\":\"\",\"caption\":\"MP Filtri\"},\"image\":{\"@id\":\"https:\/\/www.mpfiltri.com\/de\/#\/schema\/logo\/image\/\"},\"sameAs\":[\"https:\/\/www.facebook.com\/MPFiltriITA\",\"https:\/\/www.instagram.com\/mpfiltri\/\",\"https:\/\/www.youtube.com\/channel\/UCCzNMySYc1c4M-2B4v0K_QA?view_as=subscriber\",\"https:\/\/www.linkedin.com\/company\/mp-filtri-spa\/\"]}]}<\/script>\n<!-- \/ Yoast SEO plugin. -->","yoast_head_json":{"title":"ICM K 2.0 AZ2 - MP Filtri","robots":{"index":"index","follow":"follow","max-snippet":"max-snippet:-1","max-image-preview":"max-image-preview:large","max-video-preview":"max-video-preview:-1"},"canonical":"https:\/\/www.mpfiltri.com\/de\/produkt\/icm-k-2-0-az2\/","og_locale":"de_DE","og_type":"article","og_title":"ICM K 2.0 AZ2 - MP Filtri","og_description":"Der Inline-Kontaminationsmonitor ICM K 2.0 AZ2 misst und \u00fcberwacht die partikul\u00e4re Feststoffverschmutzung (Fluidreinheit) sowie die relative Feuchte und Temperatur (optional) in einem breiten Spektrum von Hydraulik- und Schmierfluiden in explosionsgef\u00e4hrdeten Bereichen. Er ist f\u00fcr eine maschinennahe Montage konzipiert und wird in deren Fluidkreislauf als Bypass integriert. Dieses erm\u00f6glicht eine kontinuierliche \u00dcberwachung eingesetzter Fluide und hilft [&hellip;]","og_url":"https:\/\/www.mpfiltri.com\/de\/produkt\/icm-k-2-0-az2\/","og_site_name":"MP Filtri","article_publisher":"https:\/\/www.facebook.com\/MPFiltriITA","article_modified_time":"2026-04-01T14:23:18+00:00","twitter_card":"summary_large_image","twitter_misc":{"Gesch\u00e4tzte Lesezeit":"1\u00a0Minute"},"schema":{"@context":"https:\/\/schema.org","@graph":[{"@type":"WebPage","@id":"https:\/\/www.mpfiltri.com\/de\/produkt\/icm-k-2-0-az2\/","url":"https:\/\/www.mpfiltri.com\/de\/produkt\/icm-k-2-0-az2\/","name":"ICM K 2.0 AZ2 - MP Filtri","isPartOf":{"@id":"https:\/\/www.mpfiltri.com\/de\/#website"},"datePublished":"2025-06-17T15:01:57+00:00","dateModified":"2026-04-01T14:23:18+00:00","breadcrumb":{"@id":"https:\/\/www.mpfiltri.com\/de\/produkt\/icm-k-2-0-az2\/#breadcrumb"},"inLanguage":"de","potentialAction":[{"@type":"ReadAction","target":["https:\/\/www.mpfiltri.com\/de\/produkt\/icm-k-2-0-az2\/"]}]},{"@type":"BreadcrumbList","@id":"https:\/\/www.mpfiltri.com\/de\/produkt\/icm-k-2-0-az2\/#breadcrumb","itemListElement":[{"@type":"ListItem","position":1,"name":"Home","item":"https:\/\/www.mpfiltri.com\/de\/"},{"@type":"ListItem","position":2,"name":"Produkte","item":"https:\/\/www.mpfiltri.com\/de\/shop\/"},{"@type":"ListItem","position":3,"name":"ICM K 2.0 AZ2"}]},{"@type":"WebSite","@id":"https:\/\/www.mpfiltri.com\/de\/#website","url":"https:\/\/www.mpfiltri.com\/de\/","name":"MP Filtri","description":"","publisher":{"@id":"https:\/\/www.mpfiltri.com\/de\/#organization"},"potentialAction":[{"@type":"SearchAction","target":{"@type":"EntryPoint","urlTemplate":"https:\/\/www.mpfiltri.com\/de\/?s={search_term_string}"},"query-input":{"@type":"PropertyValueSpecification","valueRequired":true,"valueName":"search_term_string"}}],"inLanguage":"de"},{"@type":"Organization","@id":"https:\/\/www.mpfiltri.com\/de\/#organization","name":"MP Filtri","url":"https:\/\/www.mpfiltri.com\/de\/","logo":{"@type":"ImageObject","inLanguage":"de","@id":"https:\/\/www.mpfiltri.com\/de\/#\/schema\/logo\/image\/","url":"","contentUrl":"","caption":"MP Filtri"},"image":{"@id":"https:\/\/www.mpfiltri.com\/de\/#\/schema\/logo\/image\/"},"sameAs":["https:\/\/www.facebook.com\/MPFiltriITA","https:\/\/www.instagram.com\/mpfiltri\/","https:\/\/www.youtube.com\/channel\/UCCzNMySYc1c4M-2B4v0K_QA?view_as=subscriber","https:\/\/www.linkedin.com\/company\/mp-filtri-spa\/"]}]}},"_links":{"self":[{"href":"https:\/\/www.mpfiltri.com\/de\/wp-json\/wp\/v2\/product\/76945","targetHints":{"allow":["GET"]}}],"collection":[{"href":"https:\/\/www.mpfiltri.com\/de\/wp-json\/wp\/v2\/product"}],"about":[{"href":"https:\/\/www.mpfiltri.com\/de\/wp-json\/wp\/v2\/types\/product"}],"replies":[{"embeddable":true,"href":"https:\/\/www.mpfiltri.com\/de\/wp-json\/wp\/v2\/comments?post=76945"}],"wp:attachment":[{"href":"https:\/\/www.mpfiltri.com\/de\/wp-json\/wp\/v2\/media?parent=76945"}],"wp:term":[{"taxonomy":"product-structure","embeddable":true,"href":"https:\/\/www.mpfiltri.com\/de\/wp-json\/wp\/v2\/product-structure?post=76945"},{"taxonomy":"product_brand","embeddable":true,"href":"https:\/\/www.mpfiltri.com\/de\/wp-json\/wp\/v2\/product_brand?post=76945"},{"taxonomy":"product_cat","embeddable":true,"href":"https:\/\/www.mpfiltri.com\/de\/wp-json\/wp\/v2\/product_cat?post=76945"},{"taxonomy":"product_tag","embeddable":true,"href":"https:\/\/www.mpfiltri.com\/de\/wp-json\/wp\/v2\/product_tag?post=76945"}],"curies":[{"name":"wp","href":"https:\/\/api.w.org\/{rel}","templated":true}]}}