

{"id":76930,"date":"2025-06-16T16:40:17","date_gmt":"2025-06-16T14:40:17","guid":{"rendered":"https:\/\/www.mpfiltri.com\/product\/produkt-2\/"},"modified":"2026-04-01T16:24:03","modified_gmt":"2026-04-01T14:24:03","slug":"sfmc","status":"publish","type":"product","link":"https:\/\/www.mpfiltri.com\/de\/produkt\/sfmc\/","title":{"rendered":"SFMC"},"content":{"rendered":"<p><strong>Saugfilter der Baureihe SFMC<\/strong> mit integriertem Absperrventil werden zum Schutz der nachgeschalteten Pumpe vor groben Verunreinigungen eingesetzt und unterhalb des Mindest\u00f6lstands direkt an die Saugleitung der Pumpe angeschlossen.<\/p>\n<p>Sie k\u00f6nnen seitlich oder unterhalb des Tanks angebracht werden, was eine flexiblere Gestaltung des Tanks erm\u00f6glicht. Das Absperrventil schlie\u00dft automatisch, wenn die Abdeckung entfernt wird, so dass das Filterelement ohne Fl\u00fcssigkeitsverlust ausgetauscht werden kann.<\/p>\n<p>\u2022 Innengewindeanschl\u00fcsse bis zu 1\u201d und Flanschanschl\u00fcsse bis zu 1 1\/2\u201d<\/p>\n<p>\u2022 Mehrfachanschl\u00fcsse zum Anschluss mehrerer Saugleitungen<\/p>\n<p>\u2022 Bypassventil zum Ausgleich \u00fcberm\u00e4\u00dfiger Druckabf\u00e4lle \u00fcber das Filtermedium<\/p>\n<p>\u2022 Magnetfilter zum Zur\u00fcckhalten von Eisenpartikeln<\/p>\n<p>\u2022 Optische, elektrische und elektronische Verschmutzungsanzeigen<\/p>\n<p>Allgemeine Anwendungsbereiche sind mobile Maschinen und Industrieanlagen.<\/p>\n","protected":false},"excerpt":{"rendered":"<p>Saugfilter der Baureihe SFMC mit integriertem Absperrventil werden zum Schutz der nachgeschalteten Pumpe vor groben Verunreinigungen eingesetzt und unterhalb des Mindest\u00f6lstands direkt an die Saugleitung der Pumpe angeschlossen. Sie k\u00f6nnen seitlich oder unterhalb des Tanks angebracht werden, was eine flexiblere Gestaltung des Tanks erm\u00f6glicht. Das Absperrventil schlie\u00dft automatisch, wenn die Abdeckung entfernt wird, so dass [&hellip;]<\/p>\n","protected":false},"featured_media":0,"comment_status":"open","ping_status":"closed","template":"","meta":{"_acf_changed":false,"_gspb_post_css":"","inline_featured_image":false,"_genesis_hide_title":false,"_genesis_hide_breadcrumbs":false,"_genesis_hide_singular_image":false,"_genesis_hide_footer_widgets":false,"_genesis_custom_body_class":"","_genesis_custom_post_class":"","_genesis_layout":"","_links_to":"","_links_to_target":""},"product-structure":[62],"product_brand":[],"product_cat":[13189,13126,13250,13271,13290,13196,13278,13243,13230,13264,13257,12991,13008],"product_tag":[],"class_list":{"0":"post-76930","1":"product","2":"type-product","3":"status-publish","5":"product-structure-series","6":"product_cat-anwendungen","7":"product_cat-baumaschinen","8":"product_cat-energie","9":"product_cat-entsorgung-und-recycling","10":"product_cat-hydraulikanlagen","11":"product_cat-mobile-anwendungen","12":"product_cat-pressen-und-umformmaschinen","13":"product_cat-stahlwerke-und-metallverarbeitung","14":"product_cat-stationaere-anwendungen","15":"product_cat-textil-holz-und-papier","16":"product_cat-verpackung-nahrungs-und-genussmittel","17":"product_cat-12991","18":"product_cat-13008","19":"entry","21":"first","22":"instock","23":"shipping-taxable","24":"product-type-simple"},"acf":[],"yoast_head":"<!-- This site is optimized with the Yoast SEO plugin v27.2 - https:\/\/yoast.com\/product\/yoast-seo-wordpress\/ -->\n<title>SFMC - MP Filtri<\/title>\n<meta name=\"robots\" content=\"index, follow, max-snippet:-1, max-image-preview:large, max-video-preview:-1\" \/>\n<link rel=\"canonical\" href=\"https:\/\/www.mpfiltri.com\/de\/produkt\/sfmc\/\" \/>\n<meta property=\"og:locale\" content=\"de_DE\" \/>\n<meta property=\"og:type\" content=\"article\" \/>\n<meta property=\"og:title\" content=\"SFMC - MP Filtri\" \/>\n<meta property=\"og:description\" content=\"Saugfilter der Baureihe SFMC mit integriertem Absperrventil werden zum Schutz der nachgeschalteten Pumpe vor groben Verunreinigungen eingesetzt und unterhalb des Mindest\u00f6lstands direkt an die Saugleitung der Pumpe angeschlossen. Sie k\u00f6nnen seitlich oder unterhalb des Tanks angebracht werden, was eine flexiblere Gestaltung des Tanks erm\u00f6glicht. Das Absperrventil schlie\u00dft automatisch, wenn die Abdeckung entfernt wird, so dass [&hellip;]\" \/>\n<meta property=\"og:url\" content=\"https:\/\/www.mpfiltri.com\/de\/produkt\/sfmc\/\" \/>\n<meta property=\"og:site_name\" content=\"MP Filtri\" \/>\n<meta property=\"article:publisher\" content=\"https:\/\/www.facebook.com\/MPFiltriITA\" \/>\n<meta property=\"article:modified_time\" content=\"2026-04-01T14:24:03+00:00\" \/>\n<meta name=\"twitter:card\" content=\"summary_large_image\" \/>\n<meta name=\"twitter:label1\" content=\"Gesch\u00e4tzte Lesezeit\" \/>\n\t<meta name=\"twitter:data1\" content=\"1\u00a0Minute\" \/>\n<script type=\"application\/ld+json\" class=\"yoast-schema-graph\">{\"@context\":\"https:\/\/schema.org\",\"@graph\":[{\"@type\":\"WebPage\",\"@id\":\"https:\/\/www.mpfiltri.com\/de\/produkt\/sfmc\/\",\"url\":\"https:\/\/www.mpfiltri.com\/de\/produkt\/sfmc\/\",\"name\":\"SFMC - MP Filtri\",\"isPartOf\":{\"@id\":\"https:\/\/www.mpfiltri.com\/de\/#website\"},\"datePublished\":\"2025-06-16T14:40:17+00:00\",\"dateModified\":\"2026-04-01T14:24:03+00:00\",\"breadcrumb\":{\"@id\":\"https:\/\/www.mpfiltri.com\/de\/produkt\/sfmc\/#breadcrumb\"},\"inLanguage\":\"de\",\"potentialAction\":[{\"@type\":\"ReadAction\",\"target\":[\"https:\/\/www.mpfiltri.com\/de\/produkt\/sfmc\/\"]}]},{\"@type\":\"BreadcrumbList\",\"@id\":\"https:\/\/www.mpfiltri.com\/de\/produkt\/sfmc\/#breadcrumb\",\"itemListElement\":[{\"@type\":\"ListItem\",\"position\":1,\"name\":\"Home\",\"item\":\"https:\/\/www.mpfiltri.com\/de\/\"},{\"@type\":\"ListItem\",\"position\":2,\"name\":\"Produkte\",\"item\":\"https:\/\/www.mpfiltri.com\/de\/shop\/\"},{\"@type\":\"ListItem\",\"position\":3,\"name\":\"SFMC\"}]},{\"@type\":\"WebSite\",\"@id\":\"https:\/\/www.mpfiltri.com\/de\/#website\",\"url\":\"https:\/\/www.mpfiltri.com\/de\/\",\"name\":\"MP Filtri\",\"description\":\"\",\"publisher\":{\"@id\":\"https:\/\/www.mpfiltri.com\/de\/#organization\"},\"potentialAction\":[{\"@type\":\"SearchAction\",\"target\":{\"@type\":\"EntryPoint\",\"urlTemplate\":\"https:\/\/www.mpfiltri.com\/de\/?s={search_term_string}\"},\"query-input\":{\"@type\":\"PropertyValueSpecification\",\"valueRequired\":true,\"valueName\":\"search_term_string\"}}],\"inLanguage\":\"de\"},{\"@type\":\"Organization\",\"@id\":\"https:\/\/www.mpfiltri.com\/de\/#organization\",\"name\":\"MP Filtri\",\"url\":\"https:\/\/www.mpfiltri.com\/de\/\",\"logo\":{\"@type\":\"ImageObject\",\"inLanguage\":\"de\",\"@id\":\"https:\/\/www.mpfiltri.com\/de\/#\/schema\/logo\/image\/\",\"url\":\"\",\"contentUrl\":\"\",\"caption\":\"MP Filtri\"},\"image\":{\"@id\":\"https:\/\/www.mpfiltri.com\/de\/#\/schema\/logo\/image\/\"},\"sameAs\":[\"https:\/\/www.facebook.com\/MPFiltriITA\",\"https:\/\/www.instagram.com\/mpfiltri\/\",\"https:\/\/www.youtube.com\/channel\/UCCzNMySYc1c4M-2B4v0K_QA?view_as=subscriber\",\"https:\/\/www.linkedin.com\/company\/mp-filtri-spa\/\"]}]}<\/script>\n<!-- \/ Yoast SEO plugin. -->","yoast_head_json":{"title":"SFMC - MP Filtri","robots":{"index":"index","follow":"follow","max-snippet":"max-snippet:-1","max-image-preview":"max-image-preview:large","max-video-preview":"max-video-preview:-1"},"canonical":"https:\/\/www.mpfiltri.com\/de\/produkt\/sfmc\/","og_locale":"de_DE","og_type":"article","og_title":"SFMC - MP Filtri","og_description":"Saugfilter der Baureihe SFMC mit integriertem Absperrventil werden zum Schutz der nachgeschalteten Pumpe vor groben Verunreinigungen eingesetzt und unterhalb des Mindest\u00f6lstands direkt an die Saugleitung der Pumpe angeschlossen. Sie k\u00f6nnen seitlich oder unterhalb des Tanks angebracht werden, was eine flexiblere Gestaltung des Tanks erm\u00f6glicht. Das Absperrventil schlie\u00dft automatisch, wenn die Abdeckung entfernt wird, so dass [&hellip;]","og_url":"https:\/\/www.mpfiltri.com\/de\/produkt\/sfmc\/","og_site_name":"MP Filtri","article_publisher":"https:\/\/www.facebook.com\/MPFiltriITA","article_modified_time":"2026-04-01T14:24:03+00:00","twitter_card":"summary_large_image","twitter_misc":{"Gesch\u00e4tzte Lesezeit":"1\u00a0Minute"},"schema":{"@context":"https:\/\/schema.org","@graph":[{"@type":"WebPage","@id":"https:\/\/www.mpfiltri.com\/de\/produkt\/sfmc\/","url":"https:\/\/www.mpfiltri.com\/de\/produkt\/sfmc\/","name":"SFMC - MP Filtri","isPartOf":{"@id":"https:\/\/www.mpfiltri.com\/de\/#website"},"datePublished":"2025-06-16T14:40:17+00:00","dateModified":"2026-04-01T14:24:03+00:00","breadcrumb":{"@id":"https:\/\/www.mpfiltri.com\/de\/produkt\/sfmc\/#breadcrumb"},"inLanguage":"de","potentialAction":[{"@type":"ReadAction","target":["https:\/\/www.mpfiltri.com\/de\/produkt\/sfmc\/"]}]},{"@type":"BreadcrumbList","@id":"https:\/\/www.mpfiltri.com\/de\/produkt\/sfmc\/#breadcrumb","itemListElement":[{"@type":"ListItem","position":1,"name":"Home","item":"https:\/\/www.mpfiltri.com\/de\/"},{"@type":"ListItem","position":2,"name":"Produkte","item":"https:\/\/www.mpfiltri.com\/de\/shop\/"},{"@type":"ListItem","position":3,"name":"SFMC"}]},{"@type":"WebSite","@id":"https:\/\/www.mpfiltri.com\/de\/#website","url":"https:\/\/www.mpfiltri.com\/de\/","name":"MP Filtri","description":"","publisher":{"@id":"https:\/\/www.mpfiltri.com\/de\/#organization"},"potentialAction":[{"@type":"SearchAction","target":{"@type":"EntryPoint","urlTemplate":"https:\/\/www.mpfiltri.com\/de\/?s={search_term_string}"},"query-input":{"@type":"PropertyValueSpecification","valueRequired":true,"valueName":"search_term_string"}}],"inLanguage":"de"},{"@type":"Organization","@id":"https:\/\/www.mpfiltri.com\/de\/#organization","name":"MP Filtri","url":"https:\/\/www.mpfiltri.com\/de\/","logo":{"@type":"ImageObject","inLanguage":"de","@id":"https:\/\/www.mpfiltri.com\/de\/#\/schema\/logo\/image\/","url":"","contentUrl":"","caption":"MP Filtri"},"image":{"@id":"https:\/\/www.mpfiltri.com\/de\/#\/schema\/logo\/image\/"},"sameAs":["https:\/\/www.facebook.com\/MPFiltriITA","https:\/\/www.instagram.com\/mpfiltri\/","https:\/\/www.youtube.com\/channel\/UCCzNMySYc1c4M-2B4v0K_QA?view_as=subscriber","https:\/\/www.linkedin.com\/company\/mp-filtri-spa\/"]}]}},"_links":{"self":[{"href":"https:\/\/www.mpfiltri.com\/de\/wp-json\/wp\/v2\/product\/76930","targetHints":{"allow":["GET"]}}],"collection":[{"href":"https:\/\/www.mpfiltri.com\/de\/wp-json\/wp\/v2\/product"}],"about":[{"href":"https:\/\/www.mpfiltri.com\/de\/wp-json\/wp\/v2\/types\/product"}],"replies":[{"embeddable":true,"href":"https:\/\/www.mpfiltri.com\/de\/wp-json\/wp\/v2\/comments?post=76930"}],"wp:attachment":[{"href":"https:\/\/www.mpfiltri.com\/de\/wp-json\/wp\/v2\/media?parent=76930"}],"wp:term":[{"taxonomy":"product-structure","embeddable":true,"href":"https:\/\/www.mpfiltri.com\/de\/wp-json\/wp\/v2\/product-structure?post=76930"},{"taxonomy":"product_brand","embeddable":true,"href":"https:\/\/www.mpfiltri.com\/de\/wp-json\/wp\/v2\/product_brand?post=76930"},{"taxonomy":"product_cat","embeddable":true,"href":"https:\/\/www.mpfiltri.com\/de\/wp-json\/wp\/v2\/product_cat?post=76930"},{"taxonomy":"product_tag","embeddable":true,"href":"https:\/\/www.mpfiltri.com\/de\/wp-json\/wp\/v2\/product_tag?post=76930"}],"curies":[{"name":"wp","href":"https:\/\/api.w.org\/{rel}","templated":true}]}}