

{"id":76921,"date":"2025-06-18T10:57:53","date_gmt":"2025-06-18T08:57:53","guid":{"rendered":"https:\/\/www.mpfiltri.com\/product\/produkt-2\/"},"modified":"2026-04-15T12:19:38","modified_gmt":"2026-04-15T10:19:38","slug":"sft-multifix","status":"publish","type":"product","link":"https:\/\/www.mpfiltri.com\/de\/produkt\/sft-multifix\/","title":{"rendered":"SFT-MULTIFIX"},"content":{"rendered":"<p>Die <strong>Befestigungssysteme der Baureihe SFT-MULTIFIX<\/strong> erm\u00f6glichen die schnelle, einfache und wirtschaftliche Installation verschiedener Rohrleitungen und\/oder Schl\u00e4uche unterschiedlicher Typen und Durchmesser auf dem Tankdeckel. Dadurch machen Sie unansehnliche Befestigungssysteme mit Winkelschellen \u00fcberfl\u00fcssig. Die Schellen sind besonders robust und temperaturbest\u00e4ndig.<\/p>\n<p>\u2022 D\u00e4mpfung von St\u00f6\u00dfen und Vibrationen<\/p>\n<p>\u2022 Schutz der Leitungen und Schl\u00e4uche<\/p>\n<p>\u2022 Robust und temperaturbest\u00e4ndig<\/p>\n<p>Allgemeine Anwendungen sind mobile und station\u00e4re Maschinen.<\/p>\n","protected":false},"excerpt":{"rendered":"<p>Die Befestigungssysteme der Baureihe SFT-MULTIFIX erm\u00f6glichen die schnelle, einfache und wirtschaftliche Installation verschiedener Rohrleitungen und\/oder Schl\u00e4uche unterschiedlicher Typen und Durchmesser auf dem Tankdeckel. Dadurch machen Sie unansehnliche Befestigungssysteme mit Winkelschellen \u00fcberfl\u00fcssig. Die Schellen sind besonders robust und temperaturbest\u00e4ndig. \u2022 D\u00e4mpfung von St\u00f6\u00dfen und Vibrationen \u2022 Schutz der Leitungen und Schl\u00e4uche \u2022 Robust und temperaturbest\u00e4ndig Allgemeine [&hellip;]<\/p>\n","protected":false},"featured_media":0,"comment_status":"open","ping_status":"closed","template":"","meta":{"_acf_changed":false,"_gspb_post_css":"","inline_featured_image":false,"_genesis_hide_title":false,"_genesis_hide_breadcrumbs":false,"_genesis_hide_singular_image":false,"_genesis_hide_footer_widgets":false,"_genesis_custom_body_class":"","_genesis_custom_post_class":"","_genesis_layout":"","_links_to":"","_links_to_target":""},"product-structure":[62],"product_brand":[],"product_cat":[13189,13290,13230],"product_tag":[],"class_list":{"0":"post-76921","1":"product","2":"type-product","3":"status-publish","5":"product-structure-series","6":"product_cat-anwendungen","7":"product_cat-hydraulikanlagen","8":"product_cat-stationaere-anwendungen","9":"entry","11":"first","12":"instock","13":"shipping-taxable","14":"product-type-simple"},"acf":[],"yoast_head":"<!-- This site is optimized with the Yoast SEO plugin v27.2 - https:\/\/yoast.com\/product\/yoast-seo-wordpress\/ -->\n<title>SFT MULTIFIX Tank Befestigungssysteme | Rohrschellen Hydraulik<\/title>\n<meta name=\"description\" content=\"SFT MULTIFIX Befestigungssysteme f\u00fcr schnelle und sichere Montage von Leitungen am Tank. Vibrationsd\u00e4mpfend und temperaturbest\u00e4ndig.\" \/>\n<meta name=\"robots\" content=\"index, follow, max-snippet:-1, max-image-preview:large, max-video-preview:-1\" \/>\n<link rel=\"canonical\" href=\"https:\/\/www.mpfiltri.com\/de\/produkt\/sft-multifix\/\" \/>\n<meta property=\"og:locale\" content=\"de_DE\" \/>\n<meta property=\"og:type\" content=\"article\" \/>\n<meta property=\"og:title\" content=\"SFT MULTIFIX Tank Befestigungssysteme | Rohrschellen Hydraulik\" \/>\n<meta property=\"og:description\" content=\"SFT MULTIFIX Befestigungssysteme f\u00fcr schnelle und sichere Montage von Leitungen am Tank. Vibrationsd\u00e4mpfend und temperaturbest\u00e4ndig.\" \/>\n<meta property=\"og:url\" content=\"https:\/\/www.mpfiltri.com\/de\/produkt\/sft-multifix\/\" \/>\n<meta property=\"og:site_name\" content=\"MP Filtri\" \/>\n<meta property=\"article:publisher\" content=\"https:\/\/www.facebook.com\/MPFiltriITA\" \/>\n<meta property=\"article:modified_time\" content=\"2026-04-15T10:19:38+00:00\" \/>\n<meta name=\"twitter:card\" content=\"summary_large_image\" \/>\n<meta name=\"twitter:label1\" content=\"Gesch\u00e4tzte Lesezeit\" \/>\n\t<meta name=\"twitter:data1\" content=\"2\u00a0Minuten\" \/>\n<script type=\"application\/ld+json\" class=\"yoast-schema-graph\">{\"@context\":\"https:\/\/schema.org\",\"@graph\":[{\"@type\":\"WebPage\",\"@id\":\"https:\/\/www.mpfiltri.com\/de\/produkt\/sft-multifix\/\",\"url\":\"https:\/\/www.mpfiltri.com\/de\/produkt\/sft-multifix\/\",\"name\":\"SFT MULTIFIX Tank Befestigungssysteme | Rohrschellen Hydraulik\",\"isPartOf\":{\"@id\":\"https:\/\/www.mpfiltri.com\/de\/#website\"},\"datePublished\":\"2025-06-18T08:57:53+00:00\",\"dateModified\":\"2026-04-15T10:19:38+00:00\",\"description\":\"SFT MULTIFIX Befestigungssysteme f\u00fcr schnelle und sichere Montage von Leitungen am Tank. Vibrationsd\u00e4mpfend und temperaturbest\u00e4ndig.\",\"breadcrumb\":{\"@id\":\"https:\/\/www.mpfiltri.com\/de\/produkt\/sft-multifix\/#breadcrumb\"},\"inLanguage\":\"de\",\"potentialAction\":[{\"@type\":\"ReadAction\",\"target\":[\"https:\/\/www.mpfiltri.com\/de\/produkt\/sft-multifix\/\"]}]},{\"@type\":\"BreadcrumbList\",\"@id\":\"https:\/\/www.mpfiltri.com\/de\/produkt\/sft-multifix\/#breadcrumb\",\"itemListElement\":[{\"@type\":\"ListItem\",\"position\":1,\"name\":\"Home\",\"item\":\"https:\/\/www.mpfiltri.com\/de\/\"},{\"@type\":\"ListItem\",\"position\":2,\"name\":\"Produkte\",\"item\":\"https:\/\/www.mpfiltri.com\/de\/shop\/\"},{\"@type\":\"ListItem\",\"position\":3,\"name\":\"SFT-MULTIFIX\"}]},{\"@type\":\"WebSite\",\"@id\":\"https:\/\/www.mpfiltri.com\/de\/#website\",\"url\":\"https:\/\/www.mpfiltri.com\/de\/\",\"name\":\"MP Filtri\",\"description\":\"\",\"publisher\":{\"@id\":\"https:\/\/www.mpfiltri.com\/de\/#organization\"},\"potentialAction\":[{\"@type\":\"SearchAction\",\"target\":{\"@type\":\"EntryPoint\",\"urlTemplate\":\"https:\/\/www.mpfiltri.com\/de\/?s={search_term_string}\"},\"query-input\":{\"@type\":\"PropertyValueSpecification\",\"valueRequired\":true,\"valueName\":\"search_term_string\"}}],\"inLanguage\":\"de\"},{\"@type\":\"Organization\",\"@id\":\"https:\/\/www.mpfiltri.com\/de\/#organization\",\"name\":\"MP Filtri\",\"url\":\"https:\/\/www.mpfiltri.com\/de\/\",\"logo\":{\"@type\":\"ImageObject\",\"inLanguage\":\"de\",\"@id\":\"https:\/\/www.mpfiltri.com\/de\/#\/schema\/logo\/image\/\",\"url\":\"\",\"contentUrl\":\"\",\"caption\":\"MP Filtri\"},\"image\":{\"@id\":\"https:\/\/www.mpfiltri.com\/de\/#\/schema\/logo\/image\/\"},\"sameAs\":[\"https:\/\/www.facebook.com\/MPFiltriITA\",\"https:\/\/www.instagram.com\/mpfiltri\/\",\"https:\/\/www.youtube.com\/channel\/UCCzNMySYc1c4M-2B4v0K_QA?view_as=subscriber\",\"https:\/\/www.linkedin.com\/company\/mp-filtri-spa\/\"]}]}<\/script>\n<!-- \/ Yoast SEO plugin. -->","yoast_head_json":{"title":"SFT MULTIFIX Tank Befestigungssysteme | Rohrschellen Hydraulik","description":"SFT MULTIFIX Befestigungssysteme f\u00fcr schnelle und sichere Montage von Leitungen am Tank. Vibrationsd\u00e4mpfend und temperaturbest\u00e4ndig.","robots":{"index":"index","follow":"follow","max-snippet":"max-snippet:-1","max-image-preview":"max-image-preview:large","max-video-preview":"max-video-preview:-1"},"canonical":"https:\/\/www.mpfiltri.com\/de\/produkt\/sft-multifix\/","og_locale":"de_DE","og_type":"article","og_title":"SFT MULTIFIX Tank Befestigungssysteme | Rohrschellen Hydraulik","og_description":"SFT MULTIFIX Befestigungssysteme f\u00fcr schnelle und sichere Montage von Leitungen am Tank. Vibrationsd\u00e4mpfend und temperaturbest\u00e4ndig.","og_url":"https:\/\/www.mpfiltri.com\/de\/produkt\/sft-multifix\/","og_site_name":"MP Filtri","article_publisher":"https:\/\/www.facebook.com\/MPFiltriITA","article_modified_time":"2026-04-15T10:19:38+00:00","twitter_card":"summary_large_image","twitter_misc":{"Gesch\u00e4tzte Lesezeit":"2\u00a0Minuten"},"schema":{"@context":"https:\/\/schema.org","@graph":[{"@type":"WebPage","@id":"https:\/\/www.mpfiltri.com\/de\/produkt\/sft-multifix\/","url":"https:\/\/www.mpfiltri.com\/de\/produkt\/sft-multifix\/","name":"SFT MULTIFIX Tank Befestigungssysteme | Rohrschellen Hydraulik","isPartOf":{"@id":"https:\/\/www.mpfiltri.com\/de\/#website"},"datePublished":"2025-06-18T08:57:53+00:00","dateModified":"2026-04-15T10:19:38+00:00","description":"SFT MULTIFIX Befestigungssysteme f\u00fcr schnelle und sichere Montage von Leitungen am Tank. Vibrationsd\u00e4mpfend und temperaturbest\u00e4ndig.","breadcrumb":{"@id":"https:\/\/www.mpfiltri.com\/de\/produkt\/sft-multifix\/#breadcrumb"},"inLanguage":"de","potentialAction":[{"@type":"ReadAction","target":["https:\/\/www.mpfiltri.com\/de\/produkt\/sft-multifix\/"]}]},{"@type":"BreadcrumbList","@id":"https:\/\/www.mpfiltri.com\/de\/produkt\/sft-multifix\/#breadcrumb","itemListElement":[{"@type":"ListItem","position":1,"name":"Home","item":"https:\/\/www.mpfiltri.com\/de\/"},{"@type":"ListItem","position":2,"name":"Produkte","item":"https:\/\/www.mpfiltri.com\/de\/shop\/"},{"@type":"ListItem","position":3,"name":"SFT-MULTIFIX"}]},{"@type":"WebSite","@id":"https:\/\/www.mpfiltri.com\/de\/#website","url":"https:\/\/www.mpfiltri.com\/de\/","name":"MP Filtri","description":"","publisher":{"@id":"https:\/\/www.mpfiltri.com\/de\/#organization"},"potentialAction":[{"@type":"SearchAction","target":{"@type":"EntryPoint","urlTemplate":"https:\/\/www.mpfiltri.com\/de\/?s={search_term_string}"},"query-input":{"@type":"PropertyValueSpecification","valueRequired":true,"valueName":"search_term_string"}}],"inLanguage":"de"},{"@type":"Organization","@id":"https:\/\/www.mpfiltri.com\/de\/#organization","name":"MP Filtri","url":"https:\/\/www.mpfiltri.com\/de\/","logo":{"@type":"ImageObject","inLanguage":"de","@id":"https:\/\/www.mpfiltri.com\/de\/#\/schema\/logo\/image\/","url":"","contentUrl":"","caption":"MP Filtri"},"image":{"@id":"https:\/\/www.mpfiltri.com\/de\/#\/schema\/logo\/image\/"},"sameAs":["https:\/\/www.facebook.com\/MPFiltriITA","https:\/\/www.instagram.com\/mpfiltri\/","https:\/\/www.youtube.com\/channel\/UCCzNMySYc1c4M-2B4v0K_QA?view_as=subscriber","https:\/\/www.linkedin.com\/company\/mp-filtri-spa\/"]}]}},"_links":{"self":[{"href":"https:\/\/www.mpfiltri.com\/de\/wp-json\/wp\/v2\/product\/76921","targetHints":{"allow":["GET"]}}],"collection":[{"href":"https:\/\/www.mpfiltri.com\/de\/wp-json\/wp\/v2\/product"}],"about":[{"href":"https:\/\/www.mpfiltri.com\/de\/wp-json\/wp\/v2\/types\/product"}],"replies":[{"embeddable":true,"href":"https:\/\/www.mpfiltri.com\/de\/wp-json\/wp\/v2\/comments?post=76921"}],"wp:attachment":[{"href":"https:\/\/www.mpfiltri.com\/de\/wp-json\/wp\/v2\/media?parent=76921"}],"wp:term":[{"taxonomy":"product-structure","embeddable":true,"href":"https:\/\/www.mpfiltri.com\/de\/wp-json\/wp\/v2\/product-structure?post=76921"},{"taxonomy":"product_brand","embeddable":true,"href":"https:\/\/www.mpfiltri.com\/de\/wp-json\/wp\/v2\/product_brand?post=76921"},{"taxonomy":"product_cat","embeddable":true,"href":"https:\/\/www.mpfiltri.com\/de\/wp-json\/wp\/v2\/product_cat?post=76921"},{"taxonomy":"product_tag","embeddable":true,"href":"https:\/\/www.mpfiltri.com\/de\/wp-json\/wp\/v2\/product_tag?post=76921"}],"curies":[{"name":"wp","href":"https:\/\/api.w.org\/{rel}","templated":true}]}}