

{"id":76905,"date":"2025-06-16T16:39:23","date_gmt":"2025-06-16T14:39:23","guid":{"rendered":"https:\/\/www.mpfiltri.com\/product\/produkt\/"},"modified":"2026-04-01T16:24:06","modified_gmt":"2026-04-01T14:24:06","slug":"sgea-sgeg-sges-ege","status":"publish","type":"product","link":"https:\/\/www.mpfiltri.com\/de\/produkt\/sgea-sgeg-sges-ege\/","title":{"rendered":"SGEA- SGEG &#8211; SGES -EGE"},"content":{"rendered":"<p>Die <strong>flexiblen Halbkupplungen der Baureihe SGE*<\/strong> werden f\u00fcr den Anschluss von IEC-Elektromotoren der Gr\u00f6\u00dfen 63 bis 400 und von Hydraulikpumpen verwendet. Die Kupplungsh\u00e4lften erm\u00f6glichen eine sichere Kraft\u00fcbertragung zwischen dem Elektromotor und der Abtriebsseite. St\u00f6\u00dfe und Vibrationen werden absorbiert sowie radiale Fluchtungsfehler, Winkel- und Axialbewegungen ausgeglichen. Die Montage der Kupplungen kann horizontal\/vertikal erfolgen, um Vibrationen und Lastumkehrungen standzuhalten.<\/p>\n<p>Alle Kupplungsh\u00e4lften werden als Standard in der Langversion ausgeliefert, die den gesamten Wellenschaft aufnehmen. Zus\u00e4tzlich verf\u00fcgen sie \u00fcber eine Feststellschraube, die zur Lagesicherung der Kupplungsh\u00e4lfte auf dem Wellenschaft dient. Erh\u00e4ltlich f\u00fcr zylindrische Wellen mit metrischen und amerikanischen Abmessungen sowie f\u00fcr Passfederwellen nach DIN, ISO und SAE.<\/p>\n<p>\u2022 Ausf\u00fchrungen in Aluminium, Gusseisen oder Stahl<\/p>\n<p>\u2022 Kompakte Abmessungen und niedrige Masse, daher geringe Schwungmomente<\/p>\n<p>\u2022 Ausgleich von axialen- und Schr\u00e4gtoleranzen mittels elastischer Zahnkr\u00e4nze<\/p>\n<p>\u2022 Guter Rundlauf aufgrund durchg\u00e4ngig bearbeiteter Fl\u00e4chen<\/p>\n<p>\u2022 Geeignet f\u00fcr Temperaturen von -20 bis +90 \u00b0<\/p>\n<p>\u2022 Komplette Baureihe nach DIN740\/2<\/p>\n<p>\u2022 Auswechselbar mit OMT &#8211; KTR &#8211; R+L HYDRAULICS<\/p>\n","protected":false},"excerpt":{"rendered":"<p>Die flexiblen Halbkupplungen der Baureihe SGE* werden f\u00fcr den Anschluss von IEC-Elektromotoren der Gr\u00f6\u00dfen 63 bis 400 und von Hydraulikpumpen verwendet. Die Kupplungsh\u00e4lften erm\u00f6glichen eine sichere Kraft\u00fcbertragung zwischen dem Elektromotor und der Abtriebsseite. St\u00f6\u00dfe und Vibrationen werden absorbiert sowie radiale Fluchtungsfehler, Winkel- und Axialbewegungen ausgeglichen. Die Montage der Kupplungen kann horizontal\/vertikal erfolgen, um Vibrationen und [&hellip;]<\/p>\n","protected":false},"featured_media":0,"comment_status":"open","ping_status":"closed","template":"","meta":{"_acf_changed":false,"_gspb_post_css":"","inline_featured_image":false,"_genesis_hide_title":false,"_genesis_hide_breadcrumbs":false,"_genesis_hide_singular_image":false,"_genesis_hide_footer_widgets":false,"_genesis_custom_body_class":"","_genesis_custom_post_class":"","_genesis_layout":"","_links_to":"","_links_to_target":""},"product-structure":[62],"product_brand":[],"product_cat":[13189,13126,13210,13271,13203,13290,13161,13217,13196,13278,13230,13264,12991,13008],"product_tag":[],"class_list":{"0":"post-76905","1":"product","2":"type-product","3":"status-publish","5":"product-structure-series","6":"product_cat-anwendungen","7":"product_cat-baumaschinen","8":"product_cat-bergbau","9":"product_cat-entsorgung-und-recycling","10":"product_cat-foerdertechnik","11":"product_cat-hydraulikanlagen","12":"product_cat-land-und-forstmaschinen","13":"product_cat-luftfahrt-und-marine","14":"product_cat-mobile-anwendungen","15":"product_cat-pressen-und-umformmaschinen","16":"product_cat-stationaere-anwendungen","17":"product_cat-textil-holz-und-papier","18":"product_cat-12991","19":"product_cat-13008","20":"entry","22":"first","23":"instock","24":"shipping-taxable","25":"product-type-simple"},"acf":[],"yoast_head":"<!-- This site is optimized with the Yoast SEO plugin v27.2 - https:\/\/yoast.com\/product\/yoast-seo-wordpress\/ -->\n<title>SGEA- SGEG - SGES -EGE - MP Filtri<\/title>\n<meta name=\"robots\" content=\"index, follow, max-snippet:-1, max-image-preview:large, max-video-preview:-1\" \/>\n<link rel=\"canonical\" href=\"https:\/\/www.mpfiltri.com\/de\/produkt\/sgea-sgeg-sges-ege\/\" \/>\n<meta property=\"og:locale\" content=\"de_DE\" \/>\n<meta property=\"og:type\" content=\"article\" \/>\n<meta property=\"og:title\" content=\"SGEA- SGEG - SGES -EGE - MP Filtri\" \/>\n<meta property=\"og:description\" content=\"Die flexiblen Halbkupplungen der Baureihe SGE* werden f\u00fcr den Anschluss von IEC-Elektromotoren der Gr\u00f6\u00dfen 63 bis 400 und von Hydraulikpumpen verwendet. Die Kupplungsh\u00e4lften erm\u00f6glichen eine sichere Kraft\u00fcbertragung zwischen dem Elektromotor und der Abtriebsseite. St\u00f6\u00dfe und Vibrationen werden absorbiert sowie radiale Fluchtungsfehler, Winkel- und Axialbewegungen ausgeglichen. Die Montage der Kupplungen kann horizontal\/vertikal erfolgen, um Vibrationen und [&hellip;]\" \/>\n<meta property=\"og:url\" content=\"https:\/\/www.mpfiltri.com\/de\/produkt\/sgea-sgeg-sges-ege\/\" \/>\n<meta property=\"og:site_name\" content=\"MP Filtri\" \/>\n<meta property=\"article:publisher\" content=\"https:\/\/www.facebook.com\/MPFiltriITA\" \/>\n<meta property=\"article:modified_time\" content=\"2026-04-01T14:24:06+00:00\" \/>\n<meta name=\"twitter:card\" content=\"summary_large_image\" \/>\n<meta name=\"twitter:label1\" content=\"Gesch\u00e4tzte Lesezeit\" \/>\n\t<meta name=\"twitter:data1\" content=\"1\u00a0Minute\" \/>\n<script type=\"application\/ld+json\" class=\"yoast-schema-graph\">{\"@context\":\"https:\/\/schema.org\",\"@graph\":[{\"@type\":\"WebPage\",\"@id\":\"https:\/\/www.mpfiltri.com\/de\/produkt\/sgea-sgeg-sges-ege\/\",\"url\":\"https:\/\/www.mpfiltri.com\/de\/produkt\/sgea-sgeg-sges-ege\/\",\"name\":\"SGEA- SGEG - SGES -EGE - MP Filtri\",\"isPartOf\":{\"@id\":\"https:\/\/www.mpfiltri.com\/de\/#website\"},\"datePublished\":\"2025-06-16T14:39:23+00:00\",\"dateModified\":\"2026-04-01T14:24:06+00:00\",\"breadcrumb\":{\"@id\":\"https:\/\/www.mpfiltri.com\/de\/produkt\/sgea-sgeg-sges-ege\/#breadcrumb\"},\"inLanguage\":\"de\",\"potentialAction\":[{\"@type\":\"ReadAction\",\"target\":[\"https:\/\/www.mpfiltri.com\/de\/produkt\/sgea-sgeg-sges-ege\/\"]}]},{\"@type\":\"BreadcrumbList\",\"@id\":\"https:\/\/www.mpfiltri.com\/de\/produkt\/sgea-sgeg-sges-ege\/#breadcrumb\",\"itemListElement\":[{\"@type\":\"ListItem\",\"position\":1,\"name\":\"Home\",\"item\":\"https:\/\/www.mpfiltri.com\/de\/\"},{\"@type\":\"ListItem\",\"position\":2,\"name\":\"Produkte\",\"item\":\"https:\/\/www.mpfiltri.com\/de\/shop\/\"},{\"@type\":\"ListItem\",\"position\":3,\"name\":\"SGEA- SGEG &#8211; SGES -EGE\"}]},{\"@type\":\"WebSite\",\"@id\":\"https:\/\/www.mpfiltri.com\/de\/#website\",\"url\":\"https:\/\/www.mpfiltri.com\/de\/\",\"name\":\"MP Filtri\",\"description\":\"\",\"publisher\":{\"@id\":\"https:\/\/www.mpfiltri.com\/de\/#organization\"},\"potentialAction\":[{\"@type\":\"SearchAction\",\"target\":{\"@type\":\"EntryPoint\",\"urlTemplate\":\"https:\/\/www.mpfiltri.com\/de\/?s={search_term_string}\"},\"query-input\":{\"@type\":\"PropertyValueSpecification\",\"valueRequired\":true,\"valueName\":\"search_term_string\"}}],\"inLanguage\":\"de\"},{\"@type\":\"Organization\",\"@id\":\"https:\/\/www.mpfiltri.com\/de\/#organization\",\"name\":\"MP Filtri\",\"url\":\"https:\/\/www.mpfiltri.com\/de\/\",\"logo\":{\"@type\":\"ImageObject\",\"inLanguage\":\"de\",\"@id\":\"https:\/\/www.mpfiltri.com\/de\/#\/schema\/logo\/image\/\",\"url\":\"\",\"contentUrl\":\"\",\"caption\":\"MP Filtri\"},\"image\":{\"@id\":\"https:\/\/www.mpfiltri.com\/de\/#\/schema\/logo\/image\/\"},\"sameAs\":[\"https:\/\/www.facebook.com\/MPFiltriITA\",\"https:\/\/www.instagram.com\/mpfiltri\/\",\"https:\/\/www.youtube.com\/channel\/UCCzNMySYc1c4M-2B4v0K_QA?view_as=subscriber\",\"https:\/\/www.linkedin.com\/company\/mp-filtri-spa\/\"]}]}<\/script>\n<!-- \/ Yoast SEO plugin. -->","yoast_head_json":{"title":"SGEA- SGEG - SGES -EGE - MP Filtri","robots":{"index":"index","follow":"follow","max-snippet":"max-snippet:-1","max-image-preview":"max-image-preview:large","max-video-preview":"max-video-preview:-1"},"canonical":"https:\/\/www.mpfiltri.com\/de\/produkt\/sgea-sgeg-sges-ege\/","og_locale":"de_DE","og_type":"article","og_title":"SGEA- SGEG - SGES -EGE - MP Filtri","og_description":"Die flexiblen Halbkupplungen der Baureihe SGE* werden f\u00fcr den Anschluss von IEC-Elektromotoren der Gr\u00f6\u00dfen 63 bis 400 und von Hydraulikpumpen verwendet. Die Kupplungsh\u00e4lften erm\u00f6glichen eine sichere Kraft\u00fcbertragung zwischen dem Elektromotor und der Abtriebsseite. St\u00f6\u00dfe und Vibrationen werden absorbiert sowie radiale Fluchtungsfehler, Winkel- und Axialbewegungen ausgeglichen. Die Montage der Kupplungen kann horizontal\/vertikal erfolgen, um Vibrationen und [&hellip;]","og_url":"https:\/\/www.mpfiltri.com\/de\/produkt\/sgea-sgeg-sges-ege\/","og_site_name":"MP Filtri","article_publisher":"https:\/\/www.facebook.com\/MPFiltriITA","article_modified_time":"2026-04-01T14:24:06+00:00","twitter_card":"summary_large_image","twitter_misc":{"Gesch\u00e4tzte Lesezeit":"1\u00a0Minute"},"schema":{"@context":"https:\/\/schema.org","@graph":[{"@type":"WebPage","@id":"https:\/\/www.mpfiltri.com\/de\/produkt\/sgea-sgeg-sges-ege\/","url":"https:\/\/www.mpfiltri.com\/de\/produkt\/sgea-sgeg-sges-ege\/","name":"SGEA- SGEG - SGES -EGE - MP Filtri","isPartOf":{"@id":"https:\/\/www.mpfiltri.com\/de\/#website"},"datePublished":"2025-06-16T14:39:23+00:00","dateModified":"2026-04-01T14:24:06+00:00","breadcrumb":{"@id":"https:\/\/www.mpfiltri.com\/de\/produkt\/sgea-sgeg-sges-ege\/#breadcrumb"},"inLanguage":"de","potentialAction":[{"@type":"ReadAction","target":["https:\/\/www.mpfiltri.com\/de\/produkt\/sgea-sgeg-sges-ege\/"]}]},{"@type":"BreadcrumbList","@id":"https:\/\/www.mpfiltri.com\/de\/produkt\/sgea-sgeg-sges-ege\/#breadcrumb","itemListElement":[{"@type":"ListItem","position":1,"name":"Home","item":"https:\/\/www.mpfiltri.com\/de\/"},{"@type":"ListItem","position":2,"name":"Produkte","item":"https:\/\/www.mpfiltri.com\/de\/shop\/"},{"@type":"ListItem","position":3,"name":"SGEA- SGEG &#8211; SGES -EGE"}]},{"@type":"WebSite","@id":"https:\/\/www.mpfiltri.com\/de\/#website","url":"https:\/\/www.mpfiltri.com\/de\/","name":"MP Filtri","description":"","publisher":{"@id":"https:\/\/www.mpfiltri.com\/de\/#organization"},"potentialAction":[{"@type":"SearchAction","target":{"@type":"EntryPoint","urlTemplate":"https:\/\/www.mpfiltri.com\/de\/?s={search_term_string}"},"query-input":{"@type":"PropertyValueSpecification","valueRequired":true,"valueName":"search_term_string"}}],"inLanguage":"de"},{"@type":"Organization","@id":"https:\/\/www.mpfiltri.com\/de\/#organization","name":"MP Filtri","url":"https:\/\/www.mpfiltri.com\/de\/","logo":{"@type":"ImageObject","inLanguage":"de","@id":"https:\/\/www.mpfiltri.com\/de\/#\/schema\/logo\/image\/","url":"","contentUrl":"","caption":"MP Filtri"},"image":{"@id":"https:\/\/www.mpfiltri.com\/de\/#\/schema\/logo\/image\/"},"sameAs":["https:\/\/www.facebook.com\/MPFiltriITA","https:\/\/www.instagram.com\/mpfiltri\/","https:\/\/www.youtube.com\/channel\/UCCzNMySYc1c4M-2B4v0K_QA?view_as=subscriber","https:\/\/www.linkedin.com\/company\/mp-filtri-spa\/"]}]}},"_links":{"self":[{"href":"https:\/\/www.mpfiltri.com\/de\/wp-json\/wp\/v2\/product\/76905","targetHints":{"allow":["GET"]}}],"collection":[{"href":"https:\/\/www.mpfiltri.com\/de\/wp-json\/wp\/v2\/product"}],"about":[{"href":"https:\/\/www.mpfiltri.com\/de\/wp-json\/wp\/v2\/types\/product"}],"replies":[{"embeddable":true,"href":"https:\/\/www.mpfiltri.com\/de\/wp-json\/wp\/v2\/comments?post=76905"}],"wp:attachment":[{"href":"https:\/\/www.mpfiltri.com\/de\/wp-json\/wp\/v2\/media?parent=76905"}],"wp:term":[{"taxonomy":"product-structure","embeddable":true,"href":"https:\/\/www.mpfiltri.com\/de\/wp-json\/wp\/v2\/product-structure?post=76905"},{"taxonomy":"product_brand","embeddable":true,"href":"https:\/\/www.mpfiltri.com\/de\/wp-json\/wp\/v2\/product_brand?post=76905"},{"taxonomy":"product_cat","embeddable":true,"href":"https:\/\/www.mpfiltri.com\/de\/wp-json\/wp\/v2\/product_cat?post=76905"},{"taxonomy":"product_tag","embeddable":true,"href":"https:\/\/www.mpfiltri.com\/de\/wp-json\/wp\/v2\/product_tag?post=76905"}],"curies":[{"name":"wp","href":"https:\/\/api.w.org\/{rel}","templated":true}]}}