

{"id":76897,"date":"2025-10-22T10:35:05","date_gmt":"2025-10-22T08:35:05","guid":{"rendered":"https:\/\/www.mpfiltri.com\/product\/produkt\/"},"modified":"2026-04-03T14:37:07","modified_gmt":"2026-04-03T12:37:07","slug":"filtertechnik","status":"publish","type":"product","link":"https:\/\/www.mpfiltri.com\/de\/produkt\/filtertechnik\/","title":{"rendered":"FILTERTECHNIK"},"content":{"rendered":"<p>MP Filtri bietet ein umfassendes Sortiment hochwertiger hydraulischer Filtrationsl\u00f6sungen, die entwickelt wurden, um eine effektive Wartung und Pflege von \u00d6l und Fl\u00fcssigkeiten zu gew\u00e4hrleisten und einen sicheren, zuverl\u00e4ssigen sowie kosteneffizienten Anlagenbetrieb zu unterst\u00fctzen; durch die Vermeidung von Verunreinigungen und die Entfernung sch\u00e4dlicher Partikel aus Hydraulik\u00f6l und anderen Prozessfl\u00fcssigkeiten tragen diese Systeme entscheidend dazu bei, Wartungskosten zu senken, Stillstandszeiten zu minimieren und die Lebensdauer von Komponenten, Maschinen und gesamten Anlagen zu verl\u00e4ngern.<\/p>\n<p>Das Produktangebot der hydraulischen Filtration von MP Filtri umfasst verschiedene Filterfamilien, abh\u00e4ngig von Anwendung und technischen Eigenschaften<\/p>\n<p>Alle von MP Filtri entwickelten und hergestellten Filterelemente basieren auf im Labor gepr\u00fcften und bew\u00e4hrten Technologien f\u00fcr ein breites Spektrum an Fl\u00fcssigkeitsanwendungen.<\/p>\n<p>Verschmutzungsanzeigen sind wesentliche Zubeh\u00f6rteile und bieten die ideale L\u00f6sung zur \u00dcberwachung der Leistung und des ordnungsgem\u00e4\u00dfen Betriebs der MP Filtri Filter im Zeitverlauf, wodurch eine rechtzeitige Wartung und eine konstante Systemeffizienz sichergestellt werden<\/p>\n","protected":false},"excerpt":{"rendered":"<p>MP Filtri bietet ein umfassendes Sortiment hochwertiger hydraulischer Filtrationsl\u00f6sungen, die entwickelt wurden, um eine effektive Wartung und Pflege von \u00d6l und Fl\u00fcssigkeiten zu gew\u00e4hrleisten und einen sicheren, zuverl\u00e4ssigen sowie kosteneffizienten Anlagenbetrieb zu unterst\u00fctzen; durch die Vermeidung von Verunreinigungen und die Entfernung sch\u00e4dlicher Partikel aus Hydraulik\u00f6l und anderen Prozessfl\u00fcssigkeiten tragen diese Systeme entscheidend dazu bei, Wartungskosten [&hellip;]<\/p>\n","protected":false},"featured_media":81754,"comment_status":"open","ping_status":"closed","template":"","meta":{"_acf_changed":false,"_gspb_post_css":"","inline_featured_image":false,"_genesis_hide_title":false,"_genesis_hide_breadcrumbs":false,"_genesis_hide_singular_image":false,"_genesis_hide_footer_widgets":false,"_genesis_custom_body_class":"","_genesis_custom_post_class":"","_genesis_layout":"","_links_to":"","_links_to_target":""},"product-structure":[60],"product_brand":[],"product_cat":[],"product_tag":[],"class_list":{"0":"post-76897","1":"product","2":"type-product","3":"status-publish","4":"has-post-thumbnail","6":"product-structure-catalogue","7":"entry","9":"first","10":"instock","11":"shipping-taxable","12":"product-type-simple"},"acf":[],"yoast_head":"<!-- This site is optimized with the Yoast SEO plugin v27.2 - https:\/\/yoast.com\/product\/yoast-seo-wordpress\/ -->\n<title>FILTERTECHNIK - MP Filtri<\/title>\n<meta name=\"robots\" content=\"index, follow, max-snippet:-1, max-image-preview:large, max-video-preview:-1\" \/>\n<link rel=\"canonical\" href=\"https:\/\/www.mpfiltri.com\/de\/produkt\/filtertechnik\/\" \/>\n<meta property=\"og:locale\" content=\"de_DE\" \/>\n<meta property=\"og:type\" content=\"article\" \/>\n<meta property=\"og:title\" content=\"FILTERTECHNIK - MP Filtri\" \/>\n<meta property=\"og:description\" content=\"MP Filtri bietet ein umfassendes Sortiment hochwertiger hydraulischer Filtrationsl\u00f6sungen, die entwickelt wurden, um eine effektive Wartung und Pflege von \u00d6l und Fl\u00fcssigkeiten zu gew\u00e4hrleisten und einen sicheren, zuverl\u00e4ssigen sowie kosteneffizienten Anlagenbetrieb zu unterst\u00fctzen; durch die Vermeidung von Verunreinigungen und die Entfernung sch\u00e4dlicher Partikel aus Hydraulik\u00f6l und anderen Prozessfl\u00fcssigkeiten tragen diese Systeme entscheidend dazu bei, Wartungskosten [&hellip;]\" \/>\n<meta property=\"og:url\" content=\"https:\/\/www.mpfiltri.com\/de\/produkt\/filtertechnik\/\" \/>\n<meta property=\"og:site_name\" content=\"MP Filtri\" \/>\n<meta property=\"article:publisher\" content=\"https:\/\/www.facebook.com\/MPFiltriITA\" \/>\n<meta property=\"article:modified_time\" content=\"2026-04-03T12:37:07+00:00\" \/>\n<meta property=\"og:image\" content=\"https:\/\/www.mpfiltri.com\/wp-content\/uploads\/2026\/03\/HF-3.png\" \/>\n\t<meta property=\"og:image:width\" content=\"313\" \/>\n\t<meta property=\"og:image:height\" content=\"313\" \/>\n\t<meta property=\"og:image:type\" content=\"image\/png\" \/>\n<meta name=\"twitter:card\" content=\"summary_large_image\" \/>\n<meta name=\"twitter:label1\" content=\"Gesch\u00e4tzte Lesezeit\" \/>\n\t<meta name=\"twitter:data1\" content=\"1\u00a0Minute\" \/>\n<script type=\"application\/ld+json\" class=\"yoast-schema-graph\">{\"@context\":\"https:\/\/schema.org\",\"@graph\":[{\"@type\":\"WebPage\",\"@id\":\"https:\/\/www.mpfiltri.com\/de\/produkt\/filtertechnik\/\",\"url\":\"https:\/\/www.mpfiltri.com\/de\/produkt\/filtertechnik\/\",\"name\":\"FILTERTECHNIK - MP Filtri\",\"isPartOf\":{\"@id\":\"https:\/\/www.mpfiltri.com\/de\/#website\"},\"primaryImageOfPage\":{\"@id\":\"https:\/\/www.mpfiltri.com\/de\/produkt\/filtertechnik\/#primaryimage\"},\"image\":{\"@id\":\"https:\/\/www.mpfiltri.com\/de\/produkt\/filtertechnik\/#primaryimage\"},\"thumbnailUrl\":\"https:\/\/www.mpfiltri.com\/wp-content\/uploads\/2026\/03\/HF-3.png\",\"datePublished\":\"2025-10-22T08:35:05+00:00\",\"dateModified\":\"2026-04-03T12:37:07+00:00\",\"breadcrumb\":{\"@id\":\"https:\/\/www.mpfiltri.com\/de\/produkt\/filtertechnik\/#breadcrumb\"},\"inLanguage\":\"de\",\"potentialAction\":[{\"@type\":\"ReadAction\",\"target\":[\"https:\/\/www.mpfiltri.com\/de\/produkt\/filtertechnik\/\"]}]},{\"@type\":\"ImageObject\",\"inLanguage\":\"de\",\"@id\":\"https:\/\/www.mpfiltri.com\/de\/produkt\/filtertechnik\/#primaryimage\",\"url\":\"https:\/\/www.mpfiltri.com\/wp-content\/uploads\/2026\/03\/HF-3.png\",\"contentUrl\":\"https:\/\/www.mpfiltri.com\/wp-content\/uploads\/2026\/03\/HF-3.png\",\"width\":313,\"height\":313},{\"@type\":\"BreadcrumbList\",\"@id\":\"https:\/\/www.mpfiltri.com\/de\/produkt\/filtertechnik\/#breadcrumb\",\"itemListElement\":[{\"@type\":\"ListItem\",\"position\":1,\"name\":\"Home\",\"item\":\"https:\/\/www.mpfiltri.com\/de\/\"},{\"@type\":\"ListItem\",\"position\":2,\"name\":\"Produkte\",\"item\":\"https:\/\/www.mpfiltri.com\/de\/shop\/\"},{\"@type\":\"ListItem\",\"position\":3,\"name\":\"FILTERTECHNIK\"}]},{\"@type\":\"WebSite\",\"@id\":\"https:\/\/www.mpfiltri.com\/de\/#website\",\"url\":\"https:\/\/www.mpfiltri.com\/de\/\",\"name\":\"MP Filtri\",\"description\":\"\",\"publisher\":{\"@id\":\"https:\/\/www.mpfiltri.com\/de\/#organization\"},\"potentialAction\":[{\"@type\":\"SearchAction\",\"target\":{\"@type\":\"EntryPoint\",\"urlTemplate\":\"https:\/\/www.mpfiltri.com\/de\/?s={search_term_string}\"},\"query-input\":{\"@type\":\"PropertyValueSpecification\",\"valueRequired\":true,\"valueName\":\"search_term_string\"}}],\"inLanguage\":\"de\"},{\"@type\":\"Organization\",\"@id\":\"https:\/\/www.mpfiltri.com\/de\/#organization\",\"name\":\"MP Filtri\",\"url\":\"https:\/\/www.mpfiltri.com\/de\/\",\"logo\":{\"@type\":\"ImageObject\",\"inLanguage\":\"de\",\"@id\":\"https:\/\/www.mpfiltri.com\/de\/#\/schema\/logo\/image\/\",\"url\":\"\",\"contentUrl\":\"\",\"caption\":\"MP Filtri\"},\"image\":{\"@id\":\"https:\/\/www.mpfiltri.com\/de\/#\/schema\/logo\/image\/\"},\"sameAs\":[\"https:\/\/www.facebook.com\/MPFiltriITA\",\"https:\/\/www.instagram.com\/mpfiltri\/\",\"https:\/\/www.youtube.com\/channel\/UCCzNMySYc1c4M-2B4v0K_QA?view_as=subscriber\",\"https:\/\/www.linkedin.com\/company\/mp-filtri-spa\/\"]}]}<\/script>\n<!-- \/ Yoast SEO plugin. -->","yoast_head_json":{"title":"FILTERTECHNIK - MP Filtri","robots":{"index":"index","follow":"follow","max-snippet":"max-snippet:-1","max-image-preview":"max-image-preview:large","max-video-preview":"max-video-preview:-1"},"canonical":"https:\/\/www.mpfiltri.com\/de\/produkt\/filtertechnik\/","og_locale":"de_DE","og_type":"article","og_title":"FILTERTECHNIK - MP Filtri","og_description":"MP Filtri bietet ein umfassendes Sortiment hochwertiger hydraulischer Filtrationsl\u00f6sungen, die entwickelt wurden, um eine effektive Wartung und Pflege von \u00d6l und Fl\u00fcssigkeiten zu gew\u00e4hrleisten und einen sicheren, zuverl\u00e4ssigen sowie kosteneffizienten Anlagenbetrieb zu unterst\u00fctzen; durch die Vermeidung von Verunreinigungen und die Entfernung sch\u00e4dlicher Partikel aus Hydraulik\u00f6l und anderen Prozessfl\u00fcssigkeiten tragen diese Systeme entscheidend dazu bei, Wartungskosten [&hellip;]","og_url":"https:\/\/www.mpfiltri.com\/de\/produkt\/filtertechnik\/","og_site_name":"MP Filtri","article_publisher":"https:\/\/www.facebook.com\/MPFiltriITA","article_modified_time":"2026-04-03T12:37:07+00:00","og_image":[{"width":313,"height":313,"url":"https:\/\/www.mpfiltri.com\/wp-content\/uploads\/2026\/03\/HF-3.png","type":"image\/png"}],"twitter_card":"summary_large_image","twitter_misc":{"Gesch\u00e4tzte Lesezeit":"1\u00a0Minute"},"schema":{"@context":"https:\/\/schema.org","@graph":[{"@type":"WebPage","@id":"https:\/\/www.mpfiltri.com\/de\/produkt\/filtertechnik\/","url":"https:\/\/www.mpfiltri.com\/de\/produkt\/filtertechnik\/","name":"FILTERTECHNIK - MP Filtri","isPartOf":{"@id":"https:\/\/www.mpfiltri.com\/de\/#website"},"primaryImageOfPage":{"@id":"https:\/\/www.mpfiltri.com\/de\/produkt\/filtertechnik\/#primaryimage"},"image":{"@id":"https:\/\/www.mpfiltri.com\/de\/produkt\/filtertechnik\/#primaryimage"},"thumbnailUrl":"https:\/\/www.mpfiltri.com\/wp-content\/uploads\/2026\/03\/HF-3.png","datePublished":"2025-10-22T08:35:05+00:00","dateModified":"2026-04-03T12:37:07+00:00","breadcrumb":{"@id":"https:\/\/www.mpfiltri.com\/de\/produkt\/filtertechnik\/#breadcrumb"},"inLanguage":"de","potentialAction":[{"@type":"ReadAction","target":["https:\/\/www.mpfiltri.com\/de\/produkt\/filtertechnik\/"]}]},{"@type":"ImageObject","inLanguage":"de","@id":"https:\/\/www.mpfiltri.com\/de\/produkt\/filtertechnik\/#primaryimage","url":"https:\/\/www.mpfiltri.com\/wp-content\/uploads\/2026\/03\/HF-3.png","contentUrl":"https:\/\/www.mpfiltri.com\/wp-content\/uploads\/2026\/03\/HF-3.png","width":313,"height":313},{"@type":"BreadcrumbList","@id":"https:\/\/www.mpfiltri.com\/de\/produkt\/filtertechnik\/#breadcrumb","itemListElement":[{"@type":"ListItem","position":1,"name":"Home","item":"https:\/\/www.mpfiltri.com\/de\/"},{"@type":"ListItem","position":2,"name":"Produkte","item":"https:\/\/www.mpfiltri.com\/de\/shop\/"},{"@type":"ListItem","position":3,"name":"FILTERTECHNIK"}]},{"@type":"WebSite","@id":"https:\/\/www.mpfiltri.com\/de\/#website","url":"https:\/\/www.mpfiltri.com\/de\/","name":"MP Filtri","description":"","publisher":{"@id":"https:\/\/www.mpfiltri.com\/de\/#organization"},"potentialAction":[{"@type":"SearchAction","target":{"@type":"EntryPoint","urlTemplate":"https:\/\/www.mpfiltri.com\/de\/?s={search_term_string}"},"query-input":{"@type":"PropertyValueSpecification","valueRequired":true,"valueName":"search_term_string"}}],"inLanguage":"de"},{"@type":"Organization","@id":"https:\/\/www.mpfiltri.com\/de\/#organization","name":"MP Filtri","url":"https:\/\/www.mpfiltri.com\/de\/","logo":{"@type":"ImageObject","inLanguage":"de","@id":"https:\/\/www.mpfiltri.com\/de\/#\/schema\/logo\/image\/","url":"","contentUrl":"","caption":"MP Filtri"},"image":{"@id":"https:\/\/www.mpfiltri.com\/de\/#\/schema\/logo\/image\/"},"sameAs":["https:\/\/www.facebook.com\/MPFiltriITA","https:\/\/www.instagram.com\/mpfiltri\/","https:\/\/www.youtube.com\/channel\/UCCzNMySYc1c4M-2B4v0K_QA?view_as=subscriber","https:\/\/www.linkedin.com\/company\/mp-filtri-spa\/"]}]}},"_links":{"self":[{"href":"https:\/\/www.mpfiltri.com\/de\/wp-json\/wp\/v2\/product\/76897","targetHints":{"allow":["GET"]}}],"collection":[{"href":"https:\/\/www.mpfiltri.com\/de\/wp-json\/wp\/v2\/product"}],"about":[{"href":"https:\/\/www.mpfiltri.com\/de\/wp-json\/wp\/v2\/types\/product"}],"replies":[{"embeddable":true,"href":"https:\/\/www.mpfiltri.com\/de\/wp-json\/wp\/v2\/comments?post=76897"}],"wp:featuredmedia":[{"embeddable":true,"href":"https:\/\/www.mpfiltri.com\/de\/wp-json\/wp\/v2\/media\/81754"}],"wp:attachment":[{"href":"https:\/\/www.mpfiltri.com\/de\/wp-json\/wp\/v2\/media?parent=76897"}],"wp:term":[{"taxonomy":"product-structure","embeddable":true,"href":"https:\/\/www.mpfiltri.com\/de\/wp-json\/wp\/v2\/product-structure?post=76897"},{"taxonomy":"product_brand","embeddable":true,"href":"https:\/\/www.mpfiltri.com\/de\/wp-json\/wp\/v2\/product_brand?post=76897"},{"taxonomy":"product_cat","embeddable":true,"href":"https:\/\/www.mpfiltri.com\/de\/wp-json\/wp\/v2\/product_cat?post=76897"},{"taxonomy":"product_tag","embeddable":true,"href":"https:\/\/www.mpfiltri.com\/de\/wp-json\/wp\/v2\/product_tag?post=76897"}],"curies":[{"name":"wp","href":"https:\/\/api.w.org\/{rel}","templated":true}]}}