

{"id":76883,"date":"2025-06-18T10:58:36","date_gmt":"2025-06-18T08:58:36","guid":{"rendered":"https:\/\/www.mpfiltri.com\/product\/produkt\/"},"modified":"2026-04-15T12:19:37","modified_gmt":"2026-04-15T10:19:37","slug":"em1","status":"publish","type":"product","link":"https:\/\/www.mpfiltri.com\/de\/produkt\/em1\/","title":{"rendered":"EM1"},"content":{"rendered":"<p>Die <strong>Manometer-Absperrventile der Baureihe EM1 <\/strong>dienen dem Schutz des Manometers vor Druckst\u00f6\u00dfen, wenn der Druckmesswert nicht ben\u00f6tigt wird. Nach dem Ablesen des Messwerts kann durch Umschalten des Wahlschalters in die geschlossene Stellung der Druck im Manometer \u00fcber das am Vorratsbeh\u00e4lter angebrachte T-Anschlussst\u00fcck entspannt werden.<\/p>\n<p>Allgemeine Anwendungsbereiche sind wichtige Kreisl\u00e4ufe im industriellen Bereich.<\/p>\n","protected":false},"excerpt":{"rendered":"<p>Die Manometer-Absperrventile der Baureihe EM1 dienen dem Schutz des Manometers vor Druckst\u00f6\u00dfen, wenn der Druckmesswert nicht ben\u00f6tigt wird. Nach dem Ablesen des Messwerts kann durch Umschalten des Wahlschalters in die geschlossene Stellung der Druck im Manometer \u00fcber das am Vorratsbeh\u00e4lter angebrachte T-Anschlussst\u00fcck entspannt werden. Allgemeine Anwendungsbereiche sind wichtige Kreisl\u00e4ufe im industriellen Bereich.<\/p>\n","protected":false},"featured_media":0,"comment_status":"open","ping_status":"closed","template":"","meta":{"_acf_changed":false,"_gspb_post_css":"","inline_featured_image":false,"_genesis_hide_title":false,"_genesis_hide_breadcrumbs":false,"_genesis_hide_singular_image":false,"_genesis_hide_footer_widgets":false,"_genesis_custom_body_class":"","_genesis_custom_post_class":"","_genesis_layout":"","_links_to":"","_links_to_target":""},"product-structure":[62],"product_brand":[],"product_cat":[13189,13290,13230],"product_tag":[],"class_list":{"0":"post-76883","1":"product","2":"type-product","3":"status-publish","5":"product-structure-series","6":"product_cat-anwendungen","7":"product_cat-hydraulikanlagen","8":"product_cat-stationaere-anwendungen","9":"entry","11":"first","12":"instock","13":"shipping-taxable","14":"product-type-simple"},"acf":[],"yoast_head":"<!-- This site is optimized with the Yoast SEO plugin v27.2 - https:\/\/yoast.com\/product\/yoast-seo-wordpress\/ -->\n<title>EM1 Manometer Absperrventil | Druckschutz f\u00fcr Hydrauliksysteme<\/title>\n<meta name=\"description\" content=\"EM1 Absperrventil sch\u00fctzt Manometer vor Druckst\u00f6\u00dfen und erm\u00f6glicht kontrollierte Druckentlastung in Hydraulikkreisl\u00e4ufen.\" \/>\n<meta name=\"robots\" content=\"index, follow, max-snippet:-1, max-image-preview:large, max-video-preview:-1\" \/>\n<link rel=\"canonical\" href=\"https:\/\/www.mpfiltri.com\/de\/produkt\/em1\/\" \/>\n<meta property=\"og:locale\" content=\"de_DE\" \/>\n<meta property=\"og:type\" content=\"article\" \/>\n<meta property=\"og:title\" content=\"EM1 Manometer Absperrventil | Druckschutz f\u00fcr Hydrauliksysteme\" \/>\n<meta property=\"og:description\" content=\"EM1 Absperrventil sch\u00fctzt Manometer vor Druckst\u00f6\u00dfen und erm\u00f6glicht kontrollierte Druckentlastung in Hydraulikkreisl\u00e4ufen.\" \/>\n<meta property=\"og:url\" content=\"https:\/\/www.mpfiltri.com\/de\/produkt\/em1\/\" \/>\n<meta property=\"og:site_name\" content=\"MP Filtri\" \/>\n<meta property=\"article:publisher\" content=\"https:\/\/www.facebook.com\/MPFiltriITA\" \/>\n<meta property=\"article:modified_time\" content=\"2026-04-15T10:19:37+00:00\" \/>\n<meta name=\"twitter:card\" content=\"summary_large_image\" \/>\n<meta name=\"twitter:label1\" content=\"Gesch\u00e4tzte Lesezeit\" \/>\n\t<meta name=\"twitter:data1\" content=\"1\u00a0Minute\" \/>\n<script type=\"application\/ld+json\" class=\"yoast-schema-graph\">{\"@context\":\"https:\/\/schema.org\",\"@graph\":[{\"@type\":\"WebPage\",\"@id\":\"https:\/\/www.mpfiltri.com\/de\/produkt\/em1\/\",\"url\":\"https:\/\/www.mpfiltri.com\/de\/produkt\/em1\/\",\"name\":\"EM1 Manometer Absperrventil | Druckschutz f\u00fcr Hydrauliksysteme\",\"isPartOf\":{\"@id\":\"https:\/\/www.mpfiltri.com\/de\/#website\"},\"datePublished\":\"2025-06-18T08:58:36+00:00\",\"dateModified\":\"2026-04-15T10:19:37+00:00\",\"description\":\"EM1 Absperrventil sch\u00fctzt Manometer vor Druckst\u00f6\u00dfen und erm\u00f6glicht kontrollierte Druckentlastung in Hydraulikkreisl\u00e4ufen.\",\"breadcrumb\":{\"@id\":\"https:\/\/www.mpfiltri.com\/de\/produkt\/em1\/#breadcrumb\"},\"inLanguage\":\"de\",\"potentialAction\":[{\"@type\":\"ReadAction\",\"target\":[\"https:\/\/www.mpfiltri.com\/de\/produkt\/em1\/\"]}]},{\"@type\":\"BreadcrumbList\",\"@id\":\"https:\/\/www.mpfiltri.com\/de\/produkt\/em1\/#breadcrumb\",\"itemListElement\":[{\"@type\":\"ListItem\",\"position\":1,\"name\":\"Home\",\"item\":\"https:\/\/www.mpfiltri.com\/de\/\"},{\"@type\":\"ListItem\",\"position\":2,\"name\":\"Produkte\",\"item\":\"https:\/\/www.mpfiltri.com\/de\/shop\/\"},{\"@type\":\"ListItem\",\"position\":3,\"name\":\"EM1\"}]},{\"@type\":\"WebSite\",\"@id\":\"https:\/\/www.mpfiltri.com\/de\/#website\",\"url\":\"https:\/\/www.mpfiltri.com\/de\/\",\"name\":\"MP Filtri\",\"description\":\"\",\"publisher\":{\"@id\":\"https:\/\/www.mpfiltri.com\/de\/#organization\"},\"potentialAction\":[{\"@type\":\"SearchAction\",\"target\":{\"@type\":\"EntryPoint\",\"urlTemplate\":\"https:\/\/www.mpfiltri.com\/de\/?s={search_term_string}\"},\"query-input\":{\"@type\":\"PropertyValueSpecification\",\"valueRequired\":true,\"valueName\":\"search_term_string\"}}],\"inLanguage\":\"de\"},{\"@type\":\"Organization\",\"@id\":\"https:\/\/www.mpfiltri.com\/de\/#organization\",\"name\":\"MP Filtri\",\"url\":\"https:\/\/www.mpfiltri.com\/de\/\",\"logo\":{\"@type\":\"ImageObject\",\"inLanguage\":\"de\",\"@id\":\"https:\/\/www.mpfiltri.com\/de\/#\/schema\/logo\/image\/\",\"url\":\"\",\"contentUrl\":\"\",\"caption\":\"MP Filtri\"},\"image\":{\"@id\":\"https:\/\/www.mpfiltri.com\/de\/#\/schema\/logo\/image\/\"},\"sameAs\":[\"https:\/\/www.facebook.com\/MPFiltriITA\",\"https:\/\/www.instagram.com\/mpfiltri\/\",\"https:\/\/www.youtube.com\/channel\/UCCzNMySYc1c4M-2B4v0K_QA?view_as=subscriber\",\"https:\/\/www.linkedin.com\/company\/mp-filtri-spa\/\"]}]}<\/script>\n<!-- \/ Yoast SEO plugin. -->","yoast_head_json":{"title":"EM1 Manometer Absperrventil | Druckschutz f\u00fcr Hydrauliksysteme","description":"EM1 Absperrventil sch\u00fctzt Manometer vor Druckst\u00f6\u00dfen und erm\u00f6glicht kontrollierte Druckentlastung in Hydraulikkreisl\u00e4ufen.","robots":{"index":"index","follow":"follow","max-snippet":"max-snippet:-1","max-image-preview":"max-image-preview:large","max-video-preview":"max-video-preview:-1"},"canonical":"https:\/\/www.mpfiltri.com\/de\/produkt\/em1\/","og_locale":"de_DE","og_type":"article","og_title":"EM1 Manometer Absperrventil | Druckschutz f\u00fcr Hydrauliksysteme","og_description":"EM1 Absperrventil sch\u00fctzt Manometer vor Druckst\u00f6\u00dfen und erm\u00f6glicht kontrollierte Druckentlastung in Hydraulikkreisl\u00e4ufen.","og_url":"https:\/\/www.mpfiltri.com\/de\/produkt\/em1\/","og_site_name":"MP Filtri","article_publisher":"https:\/\/www.facebook.com\/MPFiltriITA","article_modified_time":"2026-04-15T10:19:37+00:00","twitter_card":"summary_large_image","twitter_misc":{"Gesch\u00e4tzte Lesezeit":"1\u00a0Minute"},"schema":{"@context":"https:\/\/schema.org","@graph":[{"@type":"WebPage","@id":"https:\/\/www.mpfiltri.com\/de\/produkt\/em1\/","url":"https:\/\/www.mpfiltri.com\/de\/produkt\/em1\/","name":"EM1 Manometer Absperrventil | Druckschutz f\u00fcr Hydrauliksysteme","isPartOf":{"@id":"https:\/\/www.mpfiltri.com\/de\/#website"},"datePublished":"2025-06-18T08:58:36+00:00","dateModified":"2026-04-15T10:19:37+00:00","description":"EM1 Absperrventil sch\u00fctzt Manometer vor Druckst\u00f6\u00dfen und erm\u00f6glicht kontrollierte Druckentlastung in Hydraulikkreisl\u00e4ufen.","breadcrumb":{"@id":"https:\/\/www.mpfiltri.com\/de\/produkt\/em1\/#breadcrumb"},"inLanguage":"de","potentialAction":[{"@type":"ReadAction","target":["https:\/\/www.mpfiltri.com\/de\/produkt\/em1\/"]}]},{"@type":"BreadcrumbList","@id":"https:\/\/www.mpfiltri.com\/de\/produkt\/em1\/#breadcrumb","itemListElement":[{"@type":"ListItem","position":1,"name":"Home","item":"https:\/\/www.mpfiltri.com\/de\/"},{"@type":"ListItem","position":2,"name":"Produkte","item":"https:\/\/www.mpfiltri.com\/de\/shop\/"},{"@type":"ListItem","position":3,"name":"EM1"}]},{"@type":"WebSite","@id":"https:\/\/www.mpfiltri.com\/de\/#website","url":"https:\/\/www.mpfiltri.com\/de\/","name":"MP Filtri","description":"","publisher":{"@id":"https:\/\/www.mpfiltri.com\/de\/#organization"},"potentialAction":[{"@type":"SearchAction","target":{"@type":"EntryPoint","urlTemplate":"https:\/\/www.mpfiltri.com\/de\/?s={search_term_string}"},"query-input":{"@type":"PropertyValueSpecification","valueRequired":true,"valueName":"search_term_string"}}],"inLanguage":"de"},{"@type":"Organization","@id":"https:\/\/www.mpfiltri.com\/de\/#organization","name":"MP Filtri","url":"https:\/\/www.mpfiltri.com\/de\/","logo":{"@type":"ImageObject","inLanguage":"de","@id":"https:\/\/www.mpfiltri.com\/de\/#\/schema\/logo\/image\/","url":"","contentUrl":"","caption":"MP Filtri"},"image":{"@id":"https:\/\/www.mpfiltri.com\/de\/#\/schema\/logo\/image\/"},"sameAs":["https:\/\/www.facebook.com\/MPFiltriITA","https:\/\/www.instagram.com\/mpfiltri\/","https:\/\/www.youtube.com\/channel\/UCCzNMySYc1c4M-2B4v0K_QA?view_as=subscriber","https:\/\/www.linkedin.com\/company\/mp-filtri-spa\/"]}]}},"_links":{"self":[{"href":"https:\/\/www.mpfiltri.com\/de\/wp-json\/wp\/v2\/product\/76883","targetHints":{"allow":["GET"]}}],"collection":[{"href":"https:\/\/www.mpfiltri.com\/de\/wp-json\/wp\/v2\/product"}],"about":[{"href":"https:\/\/www.mpfiltri.com\/de\/wp-json\/wp\/v2\/types\/product"}],"replies":[{"embeddable":true,"href":"https:\/\/www.mpfiltri.com\/de\/wp-json\/wp\/v2\/comments?post=76883"}],"wp:attachment":[{"href":"https:\/\/www.mpfiltri.com\/de\/wp-json\/wp\/v2\/media?parent=76883"}],"wp:term":[{"taxonomy":"product-structure","embeddable":true,"href":"https:\/\/www.mpfiltri.com\/de\/wp-json\/wp\/v2\/product-structure?post=76883"},{"taxonomy":"product_brand","embeddable":true,"href":"https:\/\/www.mpfiltri.com\/de\/wp-json\/wp\/v2\/product_brand?post=76883"},{"taxonomy":"product_cat","embeddable":true,"href":"https:\/\/www.mpfiltri.com\/de\/wp-json\/wp\/v2\/product_cat?post=76883"},{"taxonomy":"product_tag","embeddable":true,"href":"https:\/\/www.mpfiltri.com\/de\/wp-json\/wp\/v2\/product_tag?post=76883"}],"curies":[{"name":"wp","href":"https:\/\/api.w.org\/{rel}","templated":true}]}}