

{"id":76870,"date":"2025-06-16T16:42:32","date_gmt":"2025-06-16T14:42:32","guid":{"rendered":"https:\/\/www.mpfiltri.com\/product\/produkt\/"},"modified":"2026-04-01T16:23:47","modified_gmt":"2026-04-01T14:23:47","slug":"lmd-400-401-431","status":"publish","type":"product","link":"https:\/\/www.mpfiltri.com\/de\/produkt\/lmd-400-401-431\/","title":{"rendered":"LMD 400 &#8211; 401 &#8211; 431"},"content":{"rendered":"<p>Doppelfilter f\u00fcr Leitungseinbau mit Ablassschraube (LMD 400-401) und Entl\u00fcftungsschraube f\u00fcr \u00dcberkopfmontage (LMD 431). Betriebsdruck bis zu 16 bar (232 psi), Durchflussmenge bis zu 590 l\/min (156 gpm), SAE Code 61 Flanschanschl\u00fcsse 2 1\/2&#8243;.<\/p>\n<p>Doppelfilter f\u00fcr mittlere Durchflussmengen und niedrige Dr\u00fccke mit einer breiten Palette von Elementmedienoptionen, einschlie\u00dflich Wasserentfernung, die den Elementwechsel bei Maschinen im Dauerbetrieb erm\u00f6glichen. Erh\u00e4ltlich in der Ausf\u00fchrung mit nach unten oder oben gerichteter Schale, die einen einfachen Elementwechsel und minimalen \u00d6laustritt erm\u00f6glicht.<\/p>\n<p>Siehe die entsprechendeTabelle zur Kompatibilit\u00e4t von Fl\u00fcssigkeiten.<\/p><\/p>\n","protected":false},"excerpt":{"rendered":"<p>Doppelfilter f\u00fcr Leitungseinbau mit Ablassschraube (LMD 400-401) und Entl\u00fcftungsschraube f\u00fcr \u00dcberkopfmontage (LMD 431). Betriebsdruck bis zu 16 bar (232 psi), Durchflussmenge bis zu 590 l\/min (156 gpm), SAE Code 61 Flanschanschl\u00fcsse 2 1\/2&#8243;. Doppelfilter f\u00fcr mittlere Durchflussmengen und niedrige Dr\u00fccke mit einer breiten Palette von Elementmedienoptionen, einschlie\u00dflich Wasserentfernung, die den Elementwechsel bei Maschinen im Dauerbetrieb [&hellip;]<\/p>\n","protected":false},"featured_media":0,"comment_status":"open","ping_status":"closed","template":"","meta":{"_acf_changed":false,"_gspb_post_css":"","inline_featured_image":false,"_genesis_hide_title":false,"_genesis_hide_breadcrumbs":false,"_genesis_hide_singular_image":false,"_genesis_hide_footer_widgets":false,"_genesis_custom_body_class":"","_genesis_custom_post_class":"","_genesis_layout":"","_links_to":"","_links_to_target":""},"product-structure":[62],"product_brand":[],"product_cat":[13236,13250,13290,13284,13243,13230,12991,13008],"product_tag":[],"class_list":{"0":"post-76870","1":"product","2":"type-product","3":"status-publish","5":"product-structure-series","6":"product_cat-chemie-oel-gas","7":"product_cat-energie","8":"product_cat-hydraulikanlagen","9":"product_cat-schmierungstechnik-und-spuelaggregate","10":"product_cat-stahlwerke-und-metallverarbeitung","11":"product_cat-stationaere-anwendungen","12":"product_cat-12991","13":"product_cat-13008","14":"entry","16":"first","17":"instock","18":"shipping-taxable","19":"product-type-simple"},"acf":[],"yoast_head":"<!-- This site is optimized with the Yoast SEO plugin v27.2 - https:\/\/yoast.com\/product\/yoast-seo-wordpress\/ -->\n<title>LMD 400 - 401 - 431 - MP Filtri<\/title>\n<meta name=\"robots\" content=\"index, follow, max-snippet:-1, max-image-preview:large, max-video-preview:-1\" \/>\n<link rel=\"canonical\" href=\"https:\/\/www.mpfiltri.com\/de\/produkt\/lmd-400-401-431\/\" \/>\n<meta property=\"og:locale\" content=\"de_DE\" \/>\n<meta property=\"og:type\" content=\"article\" \/>\n<meta property=\"og:title\" content=\"LMD 400 - 401 - 431 - MP Filtri\" \/>\n<meta property=\"og:description\" content=\"Doppelfilter f\u00fcr Leitungseinbau mit Ablassschraube (LMD 400-401) und Entl\u00fcftungsschraube f\u00fcr \u00dcberkopfmontage (LMD 431). Betriebsdruck bis zu 16 bar (232 psi), Durchflussmenge bis zu 590 l\/min (156 gpm), SAE Code 61 Flanschanschl\u00fcsse 2 1\/2&#8243;. Doppelfilter f\u00fcr mittlere Durchflussmengen und niedrige Dr\u00fccke mit einer breiten Palette von Elementmedienoptionen, einschlie\u00dflich Wasserentfernung, die den Elementwechsel bei Maschinen im Dauerbetrieb [&hellip;]\" \/>\n<meta property=\"og:url\" content=\"https:\/\/www.mpfiltri.com\/de\/produkt\/lmd-400-401-431\/\" \/>\n<meta property=\"og:site_name\" content=\"MP Filtri\" \/>\n<meta property=\"article:publisher\" content=\"https:\/\/www.facebook.com\/MPFiltriITA\" \/>\n<meta property=\"article:modified_time\" content=\"2026-04-01T14:23:47+00:00\" \/>\n<meta name=\"twitter:card\" content=\"summary_large_image\" \/>\n<script type=\"application\/ld+json\" class=\"yoast-schema-graph\">{\"@context\":\"https:\/\/schema.org\",\"@graph\":[{\"@type\":\"WebPage\",\"@id\":\"https:\/\/www.mpfiltri.com\/de\/produkt\/lmd-400-401-431\/\",\"url\":\"https:\/\/www.mpfiltri.com\/de\/produkt\/lmd-400-401-431\/\",\"name\":\"LMD 400 - 401 - 431 - MP Filtri\",\"isPartOf\":{\"@id\":\"https:\/\/www.mpfiltri.com\/de\/#website\"},\"datePublished\":\"2025-06-16T14:42:32+00:00\",\"dateModified\":\"2026-04-01T14:23:47+00:00\",\"breadcrumb\":{\"@id\":\"https:\/\/www.mpfiltri.com\/de\/produkt\/lmd-400-401-431\/#breadcrumb\"},\"inLanguage\":\"de\",\"potentialAction\":[{\"@type\":\"ReadAction\",\"target\":[\"https:\/\/www.mpfiltri.com\/de\/produkt\/lmd-400-401-431\/\"]}]},{\"@type\":\"BreadcrumbList\",\"@id\":\"https:\/\/www.mpfiltri.com\/de\/produkt\/lmd-400-401-431\/#breadcrumb\",\"itemListElement\":[{\"@type\":\"ListItem\",\"position\":1,\"name\":\"Home\",\"item\":\"https:\/\/www.mpfiltri.com\/de\/\"},{\"@type\":\"ListItem\",\"position\":2,\"name\":\"Produkte\",\"item\":\"https:\/\/www.mpfiltri.com\/de\/shop\/\"},{\"@type\":\"ListItem\",\"position\":3,\"name\":\"LMD 400 &#8211; 401 &#8211; 431\"}]},{\"@type\":\"WebSite\",\"@id\":\"https:\/\/www.mpfiltri.com\/de\/#website\",\"url\":\"https:\/\/www.mpfiltri.com\/de\/\",\"name\":\"MP Filtri\",\"description\":\"\",\"publisher\":{\"@id\":\"https:\/\/www.mpfiltri.com\/de\/#organization\"},\"potentialAction\":[{\"@type\":\"SearchAction\",\"target\":{\"@type\":\"EntryPoint\",\"urlTemplate\":\"https:\/\/www.mpfiltri.com\/de\/?s={search_term_string}\"},\"query-input\":{\"@type\":\"PropertyValueSpecification\",\"valueRequired\":true,\"valueName\":\"search_term_string\"}}],\"inLanguage\":\"de\"},{\"@type\":\"Organization\",\"@id\":\"https:\/\/www.mpfiltri.com\/de\/#organization\",\"name\":\"MP Filtri\",\"url\":\"https:\/\/www.mpfiltri.com\/de\/\",\"logo\":{\"@type\":\"ImageObject\",\"inLanguage\":\"de\",\"@id\":\"https:\/\/www.mpfiltri.com\/de\/#\/schema\/logo\/image\/\",\"url\":\"\",\"contentUrl\":\"\",\"caption\":\"MP Filtri\"},\"image\":{\"@id\":\"https:\/\/www.mpfiltri.com\/de\/#\/schema\/logo\/image\/\"},\"sameAs\":[\"https:\/\/www.facebook.com\/MPFiltriITA\",\"https:\/\/www.instagram.com\/mpfiltri\/\",\"https:\/\/www.youtube.com\/channel\/UCCzNMySYc1c4M-2B4v0K_QA?view_as=subscriber\",\"https:\/\/www.linkedin.com\/company\/mp-filtri-spa\/\"]}]}<\/script>\n<!-- \/ Yoast SEO plugin. -->","yoast_head_json":{"title":"LMD 400 - 401 - 431 - MP Filtri","robots":{"index":"index","follow":"follow","max-snippet":"max-snippet:-1","max-image-preview":"max-image-preview:large","max-video-preview":"max-video-preview:-1"},"canonical":"https:\/\/www.mpfiltri.com\/de\/produkt\/lmd-400-401-431\/","og_locale":"de_DE","og_type":"article","og_title":"LMD 400 - 401 - 431 - MP Filtri","og_description":"Doppelfilter f\u00fcr Leitungseinbau mit Ablassschraube (LMD 400-401) und Entl\u00fcftungsschraube f\u00fcr \u00dcberkopfmontage (LMD 431). Betriebsdruck bis zu 16 bar (232 psi), Durchflussmenge bis zu 590 l\/min (156 gpm), SAE Code 61 Flanschanschl\u00fcsse 2 1\/2&#8243;. Doppelfilter f\u00fcr mittlere Durchflussmengen und niedrige Dr\u00fccke mit einer breiten Palette von Elementmedienoptionen, einschlie\u00dflich Wasserentfernung, die den Elementwechsel bei Maschinen im Dauerbetrieb [&hellip;]","og_url":"https:\/\/www.mpfiltri.com\/de\/produkt\/lmd-400-401-431\/","og_site_name":"MP Filtri","article_publisher":"https:\/\/www.facebook.com\/MPFiltriITA","article_modified_time":"2026-04-01T14:23:47+00:00","twitter_card":"summary_large_image","schema":{"@context":"https:\/\/schema.org","@graph":[{"@type":"WebPage","@id":"https:\/\/www.mpfiltri.com\/de\/produkt\/lmd-400-401-431\/","url":"https:\/\/www.mpfiltri.com\/de\/produkt\/lmd-400-401-431\/","name":"LMD 400 - 401 - 431 - MP Filtri","isPartOf":{"@id":"https:\/\/www.mpfiltri.com\/de\/#website"},"datePublished":"2025-06-16T14:42:32+00:00","dateModified":"2026-04-01T14:23:47+00:00","breadcrumb":{"@id":"https:\/\/www.mpfiltri.com\/de\/produkt\/lmd-400-401-431\/#breadcrumb"},"inLanguage":"de","potentialAction":[{"@type":"ReadAction","target":["https:\/\/www.mpfiltri.com\/de\/produkt\/lmd-400-401-431\/"]}]},{"@type":"BreadcrumbList","@id":"https:\/\/www.mpfiltri.com\/de\/produkt\/lmd-400-401-431\/#breadcrumb","itemListElement":[{"@type":"ListItem","position":1,"name":"Home","item":"https:\/\/www.mpfiltri.com\/de\/"},{"@type":"ListItem","position":2,"name":"Produkte","item":"https:\/\/www.mpfiltri.com\/de\/shop\/"},{"@type":"ListItem","position":3,"name":"LMD 400 &#8211; 401 &#8211; 431"}]},{"@type":"WebSite","@id":"https:\/\/www.mpfiltri.com\/de\/#website","url":"https:\/\/www.mpfiltri.com\/de\/","name":"MP Filtri","description":"","publisher":{"@id":"https:\/\/www.mpfiltri.com\/de\/#organization"},"potentialAction":[{"@type":"SearchAction","target":{"@type":"EntryPoint","urlTemplate":"https:\/\/www.mpfiltri.com\/de\/?s={search_term_string}"},"query-input":{"@type":"PropertyValueSpecification","valueRequired":true,"valueName":"search_term_string"}}],"inLanguage":"de"},{"@type":"Organization","@id":"https:\/\/www.mpfiltri.com\/de\/#organization","name":"MP Filtri","url":"https:\/\/www.mpfiltri.com\/de\/","logo":{"@type":"ImageObject","inLanguage":"de","@id":"https:\/\/www.mpfiltri.com\/de\/#\/schema\/logo\/image\/","url":"","contentUrl":"","caption":"MP Filtri"},"image":{"@id":"https:\/\/www.mpfiltri.com\/de\/#\/schema\/logo\/image\/"},"sameAs":["https:\/\/www.facebook.com\/MPFiltriITA","https:\/\/www.instagram.com\/mpfiltri\/","https:\/\/www.youtube.com\/channel\/UCCzNMySYc1c4M-2B4v0K_QA?view_as=subscriber","https:\/\/www.linkedin.com\/company\/mp-filtri-spa\/"]}]}},"_links":{"self":[{"href":"https:\/\/www.mpfiltri.com\/de\/wp-json\/wp\/v2\/product\/76870","targetHints":{"allow":["GET"]}}],"collection":[{"href":"https:\/\/www.mpfiltri.com\/de\/wp-json\/wp\/v2\/product"}],"about":[{"href":"https:\/\/www.mpfiltri.com\/de\/wp-json\/wp\/v2\/types\/product"}],"replies":[{"embeddable":true,"href":"https:\/\/www.mpfiltri.com\/de\/wp-json\/wp\/v2\/comments?post=76870"}],"wp:attachment":[{"href":"https:\/\/www.mpfiltri.com\/de\/wp-json\/wp\/v2\/media?parent=76870"}],"wp:term":[{"taxonomy":"product-structure","embeddable":true,"href":"https:\/\/www.mpfiltri.com\/de\/wp-json\/wp\/v2\/product-structure?post=76870"},{"taxonomy":"product_brand","embeddable":true,"href":"https:\/\/www.mpfiltri.com\/de\/wp-json\/wp\/v2\/product_brand?post=76870"},{"taxonomy":"product_cat","embeddable":true,"href":"https:\/\/www.mpfiltri.com\/de\/wp-json\/wp\/v2\/product_cat?post=76870"},{"taxonomy":"product_tag","embeddable":true,"href":"https:\/\/www.mpfiltri.com\/de\/wp-json\/wp\/v2\/product_tag?post=76870"}],"curies":[{"name":"wp","href":"https:\/\/api.w.org\/{rel}","templated":true}]}}