

{"id":76858,"date":"2025-10-20T12:56:27","date_gmt":"2025-10-20T10:56:27","guid":{"rendered":"https:\/\/www.mpfiltri.com\/product\/produkt\/"},"modified":"2026-04-01T16:22:48","modified_gmt":"2026-04-01T14:22:48","slug":"unterdruckanzeigen","status":"publish","type":"product","link":"https:\/\/www.mpfiltri.com\/de\/produkt\/unterdruckanzeigen\/","title":{"rendered":"UNTERDRUCKANZEIGEN"},"content":{"rendered":"<p><strong>Anzeigeprinzip der Verschmutzung<\/strong><\/p>\n<p>Auf der Saugseite der Pumpe einer Hydraulikanlage ist der Leitungsdruck niedriger als der Umgebungsdruck. Die Verschmutzungsanzeige ist demnach als Unterdruckanzeige ausgelegt.<\/p>\n<p>Standardausf\u00fchrungen werden mit einem Anschluss R 1\/4\u201d EN 10226 hergestellt, Produkte mit R 1\/8\u201d EN 10226 zur Montage an der Spin-On Filterbaureihe MPS.<\/p>\n<p>Vakuumanzeigen sind mit dem Buchstaben \u201eV\u201d gekennzeichnet.<\/p>\n<p><strong>Baureihen<\/strong><\/p>\n<p>\u2022 Wartungsanzeigen Typ VV: optisch (Manometer)<\/p>\n<p>\u2022 Wartungsanzeige Typ VE: elektrisch mit Wechselschalter<\/p>\n<p>\u2022 Wartungsanzeige Typ VL: optisch-elektrisch mit LED-Anzeige<\/p>\n<p><strong>Unterdruckanzeigen optisch (Manometer): VVA\/VVB; VVR\/VVS<\/strong><\/p>\n<p>Bei einem Manometer wird der Verschmutzungsgrad des Filterelements mittels eines Zeigers auf einer Skala abgelesen.<\/p>\n<p><strong>VVA\/VVB:<\/strong> Anschluss axial; <strong>VVR\/VVS: <\/strong>Anschluss radial<\/p>\n<p>\u2022 VVA\/VVR:<strong> <\/strong>Anschlussgewinde: R1\/4&#8243; gem\u00e4\u00df EN 10226<\/p>\n<p>\u2022 VVB\/VVS:<strong> <\/strong>Anschlussgewinde: R1\/8&#8243; gem\u00e4\u00df EN 10226<\/p>\n<p>\u2022 Betriebsdruck max.: statisch: 7 bar, dynamisch: 6 bar, kurzzeitig: 10 bar<\/p>\n<p>\u2022 Betriebstemperatur: -40 \u00b0C bis +60 \u00b0C<\/p>\n<p>\u2022 Schl\u00fcsselweite: S\/W 14<\/p>\n<p>\u2022 Anzugsdrehmoment: handfest<\/p>\n<p>\u2022 Geeignet f\u00fcr: Mineral\u00f6le, synthetische Fl\u00fcssigkeiten HFA, HFB, HFC gem\u00e4\u00df ISO 2943<\/p>\n<p>\u2022 Schutzart nach IP-Klassen: IP31 gem\u00e4\u00df EN 60529<\/p>\n<p><strong>Unterdruckanzeigen elektrisch VEA\/VEB<\/strong><\/p>\n<p>Die VE-Baureihe basiert auf einem Unterdruckschalter mit Wechselkontakt. Der Grundk\u00f6rper (Unterdruckschalter) der VE-Baureihe findet auch in der VL-Baureihe mit optisch-elektrischer Anzeige Verwendung.<\/p>\n<p><strong>VEA\/VEB:<\/strong> Wechselschalter mit vierpoligem Anschluss-Stecker<\/p>\n<p>\u2022 VEA:<strong> <\/strong>Anschlussgewinde: R1\/4&#8243; gem\u00e4\u00df EN 10226<\/p>\n<p>\u2022 VEB:<strong> <\/strong>Anschlussgewinde: R1\/8&#8243; gem\u00e4\u00df EN 10226<\/p>\n<p>\u2022 Unterdruck: &#8211; 0,21 bar +10%<\/p>\n<p>\u2022 Betriebsdruck max.: 10 bar<\/p>\n<p>\u2022 Pr\u00fcfdruck: 15 bar<\/p>\n<p>\u2022 Betriebstemperatur: -25 \u00b0C bis +80 \u00b0C<\/p>\n<p>\u2022 Schl\u00fcsselweite: S\/W 27<\/p>\n<p>\u2022 Anzugsdrehmoment: max. 25 Nm<\/p>\n<p>\u2022 Geeignet f\u00fcr: Mineral\u00f6le, synthetische Fl\u00fcssigkeiten HFA, HFB, HFC gem\u00e4\u00df ISO 2943<\/p>\n<p>\u2022 Schutzart nach IP-Klassen: IP65 gem\u00e4\u00df EN 60529<\/p>\n<p>\u2022 Elektrischer Anschluss: Vierpoliger Ventilsteckverbinder<\/p>\n<p>\u2022 CE-zertifiziert<\/p>\n<p><strong>Unterdruckanzeigen optisch-elektrisch VLA \/ VLB<\/strong><\/p>\n<p>Die VL-Baureihe, ausgestattet mit dem Grundk\u00f6rper der VE-Baureihe, ist eine elektrische Verschmutzungsanzeige, die den Zustand des Filterelements mittels einer LED-Leuchte im Anschluss-Stecker anzeigt. Es sind unterschiedliche Anschluss-Stecker f\u00fcr verschiedene Spannungen und Bauarten verf\u00fcgbar.<\/p>\n<p><strong>VLA\/VLB:<\/strong> Wechselschalter mit LED-Anzeige im Anschluss-Stecker<\/p>\n<p>\u2022 VLA:<strong> <\/strong>Anschlussgewinde: R1\/4&#8243; gem\u00e4\u00df EN 10226<\/p>\n<p>\u2022 VLB:<strong> <\/strong>Anschlussgewinde: R1\/8&#8243; gem\u00e4\u00df EN 10226<\/p>\n<p>\u2022 Unterdruck: &#8211; 0,21 bar +10%<\/p>\n<p>\u2022 Betriebsdruck max.: 10 bar<\/p>\n<p>\u2022 Pr\u00fcfdruck: 15 bar<\/p>\n<p>\u2022 Betriebstemperatur: -25 \u00b0C bis +80 \u00b0C<\/p>\n<p>\u2022 Schl\u00fcsselweite: S\/W 27<\/p>\n<p>\u2022 Anzugsdrehmoment: max. 25 Nm<\/p>\n<p>\u2022 Geeignet f\u00fcr: Mineral\u00f6le, synthetische Fl\u00fcssigkeiten HFA, HFB, HFC gem\u00e4\u00df ISO 2943<\/p>\n<p>\u2022 Schutzart nach IP-Klassen: IP65 gem\u00e4\u00df EN 60529<\/p>\n<p>\u2022 Elektrischer Anschluss: VL*51, VL*52, VL*53: Vierpoliger Ventilsteckverbinder; VL*71: Rundstecker M12<\/p>\n","protected":false},"excerpt":{"rendered":"<p>Anzeigeprinzip der Verschmutzung Auf der Saugseite der Pumpe einer Hydraulikanlage ist der Leitungsdruck niedriger als der Umgebungsdruck. Die Verschmutzungsanzeige ist demnach als Unterdruckanzeige ausgelegt. Standardausf\u00fchrungen werden mit einem Anschluss R 1\/4\u201d EN 10226 hergestellt, Produkte mit R 1\/8\u201d EN 10226 zur Montage an der Spin-On Filterbaureihe MPS. Vakuumanzeigen sind mit dem Buchstaben \u201eV\u201d gekennzeichnet. Baureihen [&hellip;]<\/p>\n","protected":false},"featured_media":0,"comment_status":"open","ping_status":"closed","template":"","meta":{"_acf_changed":false,"_gspb_post_css":"","inline_featured_image":false,"_genesis_hide_title":false,"_genesis_hide_breadcrumbs":false,"_genesis_hide_singular_image":false,"_genesis_hide_footer_widgets":false,"_genesis_custom_body_class":"","_genesis_custom_post_class":"","_genesis_layout":"","_links_to":"","_links_to_target":""},"product-structure":[62],"product_brand":[],"product_cat":[],"product_tag":[],"class_list":{"0":"post-76858","1":"product","2":"type-product","3":"status-publish","5":"product-structure-series","6":"entry","8":"first","9":"instock","10":"shipping-taxable","11":"product-type-simple"},"acf":[],"yoast_head":"<!-- This site is optimized with the Yoast SEO plugin v27.2 - https:\/\/yoast.com\/product\/yoast-seo-wordpress\/ -->\n<title>UNTERDRUCKANZEIGEN - MP Filtri<\/title>\n<meta name=\"robots\" content=\"index, follow, max-snippet:-1, max-image-preview:large, max-video-preview:-1\" \/>\n<link rel=\"canonical\" href=\"https:\/\/www.mpfiltri.com\/de\/produkt\/unterdruckanzeigen\/\" \/>\n<meta property=\"og:locale\" content=\"de_DE\" \/>\n<meta property=\"og:type\" content=\"article\" \/>\n<meta property=\"og:title\" content=\"UNTERDRUCKANZEIGEN - MP Filtri\" \/>\n<meta property=\"og:description\" content=\"Anzeigeprinzip der Verschmutzung Auf der Saugseite der Pumpe einer Hydraulikanlage ist der Leitungsdruck niedriger als der Umgebungsdruck. Die Verschmutzungsanzeige ist demnach als Unterdruckanzeige ausgelegt. Standardausf\u00fchrungen werden mit einem Anschluss R 1\/4\u201d EN 10226 hergestellt, Produkte mit R 1\/8\u201d EN 10226 zur Montage an der Spin-On Filterbaureihe MPS. Vakuumanzeigen sind mit dem Buchstaben \u201eV\u201d gekennzeichnet. Baureihen [&hellip;]\" \/>\n<meta property=\"og:url\" content=\"https:\/\/www.mpfiltri.com\/de\/produkt\/unterdruckanzeigen\/\" \/>\n<meta property=\"og:site_name\" content=\"MP Filtri\" \/>\n<meta property=\"article:publisher\" content=\"https:\/\/www.facebook.com\/MPFiltriITA\" \/>\n<meta property=\"article:modified_time\" content=\"2026-04-01T14:22:48+00:00\" \/>\n<meta name=\"twitter:card\" content=\"summary_large_image\" \/>\n<meta name=\"twitter:label1\" content=\"Gesch\u00e4tzte Lesezeit\" \/>\n\t<meta name=\"twitter:data1\" content=\"2\u00a0Minuten\" \/>\n<script type=\"application\/ld+json\" class=\"yoast-schema-graph\">{\"@context\":\"https:\/\/schema.org\",\"@graph\":[{\"@type\":\"WebPage\",\"@id\":\"https:\/\/www.mpfiltri.com\/de\/produkt\/unterdruckanzeigen\/\",\"url\":\"https:\/\/www.mpfiltri.com\/de\/produkt\/unterdruckanzeigen\/\",\"name\":\"UNTERDRUCKANZEIGEN - MP Filtri\",\"isPartOf\":{\"@id\":\"https:\/\/www.mpfiltri.com\/de\/#website\"},\"datePublished\":\"2025-10-20T10:56:27+00:00\",\"dateModified\":\"2026-04-01T14:22:48+00:00\",\"breadcrumb\":{\"@id\":\"https:\/\/www.mpfiltri.com\/de\/produkt\/unterdruckanzeigen\/#breadcrumb\"},\"inLanguage\":\"de\",\"potentialAction\":[{\"@type\":\"ReadAction\",\"target\":[\"https:\/\/www.mpfiltri.com\/de\/produkt\/unterdruckanzeigen\/\"]}]},{\"@type\":\"BreadcrumbList\",\"@id\":\"https:\/\/www.mpfiltri.com\/de\/produkt\/unterdruckanzeigen\/#breadcrumb\",\"itemListElement\":[{\"@type\":\"ListItem\",\"position\":1,\"name\":\"Home\",\"item\":\"https:\/\/www.mpfiltri.com\/de\/\"},{\"@type\":\"ListItem\",\"position\":2,\"name\":\"Produkte\",\"item\":\"https:\/\/www.mpfiltri.com\/de\/shop\/\"},{\"@type\":\"ListItem\",\"position\":3,\"name\":\"UNTERDRUCKANZEIGEN\"}]},{\"@type\":\"WebSite\",\"@id\":\"https:\/\/www.mpfiltri.com\/de\/#website\",\"url\":\"https:\/\/www.mpfiltri.com\/de\/\",\"name\":\"MP Filtri\",\"description\":\"\",\"publisher\":{\"@id\":\"https:\/\/www.mpfiltri.com\/de\/#organization\"},\"potentialAction\":[{\"@type\":\"SearchAction\",\"target\":{\"@type\":\"EntryPoint\",\"urlTemplate\":\"https:\/\/www.mpfiltri.com\/de\/?s={search_term_string}\"},\"query-input\":{\"@type\":\"PropertyValueSpecification\",\"valueRequired\":true,\"valueName\":\"search_term_string\"}}],\"inLanguage\":\"de\"},{\"@type\":\"Organization\",\"@id\":\"https:\/\/www.mpfiltri.com\/de\/#organization\",\"name\":\"MP Filtri\",\"url\":\"https:\/\/www.mpfiltri.com\/de\/\",\"logo\":{\"@type\":\"ImageObject\",\"inLanguage\":\"de\",\"@id\":\"https:\/\/www.mpfiltri.com\/de\/#\/schema\/logo\/image\/\",\"url\":\"\",\"contentUrl\":\"\",\"caption\":\"MP Filtri\"},\"image\":{\"@id\":\"https:\/\/www.mpfiltri.com\/de\/#\/schema\/logo\/image\/\"},\"sameAs\":[\"https:\/\/www.facebook.com\/MPFiltriITA\",\"https:\/\/www.instagram.com\/mpfiltri\/\",\"https:\/\/www.youtube.com\/channel\/UCCzNMySYc1c4M-2B4v0K_QA?view_as=subscriber\",\"https:\/\/www.linkedin.com\/company\/mp-filtri-spa\/\"]}]}<\/script>\n<!-- \/ Yoast SEO plugin. -->","yoast_head_json":{"title":"UNTERDRUCKANZEIGEN - MP Filtri","robots":{"index":"index","follow":"follow","max-snippet":"max-snippet:-1","max-image-preview":"max-image-preview:large","max-video-preview":"max-video-preview:-1"},"canonical":"https:\/\/www.mpfiltri.com\/de\/produkt\/unterdruckanzeigen\/","og_locale":"de_DE","og_type":"article","og_title":"UNTERDRUCKANZEIGEN - MP Filtri","og_description":"Anzeigeprinzip der Verschmutzung Auf der Saugseite der Pumpe einer Hydraulikanlage ist der Leitungsdruck niedriger als der Umgebungsdruck. Die Verschmutzungsanzeige ist demnach als Unterdruckanzeige ausgelegt. Standardausf\u00fchrungen werden mit einem Anschluss R 1\/4\u201d EN 10226 hergestellt, Produkte mit R 1\/8\u201d EN 10226 zur Montage an der Spin-On Filterbaureihe MPS. Vakuumanzeigen sind mit dem Buchstaben \u201eV\u201d gekennzeichnet. Baureihen [&hellip;]","og_url":"https:\/\/www.mpfiltri.com\/de\/produkt\/unterdruckanzeigen\/","og_site_name":"MP Filtri","article_publisher":"https:\/\/www.facebook.com\/MPFiltriITA","article_modified_time":"2026-04-01T14:22:48+00:00","twitter_card":"summary_large_image","twitter_misc":{"Gesch\u00e4tzte Lesezeit":"2\u00a0Minuten"},"schema":{"@context":"https:\/\/schema.org","@graph":[{"@type":"WebPage","@id":"https:\/\/www.mpfiltri.com\/de\/produkt\/unterdruckanzeigen\/","url":"https:\/\/www.mpfiltri.com\/de\/produkt\/unterdruckanzeigen\/","name":"UNTERDRUCKANZEIGEN - MP Filtri","isPartOf":{"@id":"https:\/\/www.mpfiltri.com\/de\/#website"},"datePublished":"2025-10-20T10:56:27+00:00","dateModified":"2026-04-01T14:22:48+00:00","breadcrumb":{"@id":"https:\/\/www.mpfiltri.com\/de\/produkt\/unterdruckanzeigen\/#breadcrumb"},"inLanguage":"de","potentialAction":[{"@type":"ReadAction","target":["https:\/\/www.mpfiltri.com\/de\/produkt\/unterdruckanzeigen\/"]}]},{"@type":"BreadcrumbList","@id":"https:\/\/www.mpfiltri.com\/de\/produkt\/unterdruckanzeigen\/#breadcrumb","itemListElement":[{"@type":"ListItem","position":1,"name":"Home","item":"https:\/\/www.mpfiltri.com\/de\/"},{"@type":"ListItem","position":2,"name":"Produkte","item":"https:\/\/www.mpfiltri.com\/de\/shop\/"},{"@type":"ListItem","position":3,"name":"UNTERDRUCKANZEIGEN"}]},{"@type":"WebSite","@id":"https:\/\/www.mpfiltri.com\/de\/#website","url":"https:\/\/www.mpfiltri.com\/de\/","name":"MP Filtri","description":"","publisher":{"@id":"https:\/\/www.mpfiltri.com\/de\/#organization"},"potentialAction":[{"@type":"SearchAction","target":{"@type":"EntryPoint","urlTemplate":"https:\/\/www.mpfiltri.com\/de\/?s={search_term_string}"},"query-input":{"@type":"PropertyValueSpecification","valueRequired":true,"valueName":"search_term_string"}}],"inLanguage":"de"},{"@type":"Organization","@id":"https:\/\/www.mpfiltri.com\/de\/#organization","name":"MP Filtri","url":"https:\/\/www.mpfiltri.com\/de\/","logo":{"@type":"ImageObject","inLanguage":"de","@id":"https:\/\/www.mpfiltri.com\/de\/#\/schema\/logo\/image\/","url":"","contentUrl":"","caption":"MP Filtri"},"image":{"@id":"https:\/\/www.mpfiltri.com\/de\/#\/schema\/logo\/image\/"},"sameAs":["https:\/\/www.facebook.com\/MPFiltriITA","https:\/\/www.instagram.com\/mpfiltri\/","https:\/\/www.youtube.com\/channel\/UCCzNMySYc1c4M-2B4v0K_QA?view_as=subscriber","https:\/\/www.linkedin.com\/company\/mp-filtri-spa\/"]}]}},"_links":{"self":[{"href":"https:\/\/www.mpfiltri.com\/de\/wp-json\/wp\/v2\/product\/76858","targetHints":{"allow":["GET"]}}],"collection":[{"href":"https:\/\/www.mpfiltri.com\/de\/wp-json\/wp\/v2\/product"}],"about":[{"href":"https:\/\/www.mpfiltri.com\/de\/wp-json\/wp\/v2\/types\/product"}],"replies":[{"embeddable":true,"href":"https:\/\/www.mpfiltri.com\/de\/wp-json\/wp\/v2\/comments?post=76858"}],"wp:attachment":[{"href":"https:\/\/www.mpfiltri.com\/de\/wp-json\/wp\/v2\/media?parent=76858"}],"wp:term":[{"taxonomy":"product-structure","embeddable":true,"href":"https:\/\/www.mpfiltri.com\/de\/wp-json\/wp\/v2\/product-structure?post=76858"},{"taxonomy":"product_brand","embeddable":true,"href":"https:\/\/www.mpfiltri.com\/de\/wp-json\/wp\/v2\/product_brand?post=76858"},{"taxonomy":"product_cat","embeddable":true,"href":"https:\/\/www.mpfiltri.com\/de\/wp-json\/wp\/v2\/product_cat?post=76858"},{"taxonomy":"product_tag","embeddable":true,"href":"https:\/\/www.mpfiltri.com\/de\/wp-json\/wp\/v2\/product_tag?post=76858"}],"curies":[{"name":"wp","href":"https:\/\/api.w.org\/{rel}","templated":true}]}}