

{"id":76834,"date":"2025-10-23T09:23:51","date_gmt":"2025-10-23T07:23:51","guid":{"rendered":"https:\/\/www.mpfiltri.com\/product\/produkt\/"},"modified":"2026-04-01T16:22:44","modified_gmt":"2026-04-01T14:22:44","slug":"verschmutzungsanzeigen","status":"publish","type":"product","link":"https:\/\/www.mpfiltri.com\/de\/produkt\/verschmutzungsanzeigen\/","title":{"rendered":"VERSCHMUTZUNGSANZEIGEN"},"content":{"rendered":"<p>Eine Wartungsanzeige am Filter misst den Verschmutzungsgrad des Filterelements. Ein anstehender Wechsel ist somit einfach nachzuvollziehen und die Reinigungsleistung bleibt sicher und effektiv. Um die volle Schmutzaufnahmekapazit\u00e4t auszusch\u00f6pfen ist es sinnvoll, das Filterelement bis zum Ansprechen der Anzeige zu betreiben. Diese erkennt den Verschmutzungsgrad indirekt, indem sie den steigenden Durchflusswiderstand (Ansprechdruck) des Filters anzeigt.<\/p>\n<p>Je nach Filterbauart, Filterelement und Anwendung w\u00e4hlt man eine Anzeige mit einem unterschiedlich voreingestellten Ansprechdruck, um die richtige Kombination aus Filter und Verschmutzungsanzeige zu bekommen.<\/p>\n<p>Die MP Filtri-Software zur Filterauswahl schl\u00e4gt dazu f\u00fcr jeden gew\u00e4hlten Filtertyp die geeigneten Anzeigen vor, die sowohl in unterschiedlichen Bauarten als auch in Bezug auf das Anzeigeprinzip in unterschiedlichen Varianten erh\u00e4ltlich sind<\/p>\n<p>MP Filtri liefert Verschmutzungsanzeigen in den folgenden Ausf\u00fchrungen:<\/p>\n<p><strong>Optische und optisch-mechanische Verschmutzungsanzeigen<\/strong><\/p>\n<p><span>\u2022 <\/span>Manometer mit einfachem Zeiger<\/p>\n<p><span>\u2022 <\/span>Anzeigen, die ab einem fest eingestellten Differenzdruck eine mechanische Anzeige ausl\u00f6sen.<\/p>\n<p><span>\u2022 <\/span>Bauarten mit R\u00fcckstellmechanik: Wenn die Anzeige einmal erreicht wurde, bleibt sie bestehen und muss manuell nach dem Filterelementwechsel zur\u00fcckgesetzt werden.<\/p>\n<p><strong>Elektrische Verschmutzungsanzeigen<\/strong><\/p>\n<p>\u2022 Mit Schaltkontakten (ein oder mehrere Schaltpunkte) bei unterschiedlichen Differenzdr\u00fccken.<\/p>\n<p><strong>Optisch-elektrische Verschmutzungsanzeigen<\/strong><\/p>\n<p>\u2022 Anzeigen, die sowohl ein mechanisches Signal setzen als auch einen Schaltausgang nutzen.<\/p>\n<p>\u2022 Anzeigen, die mit dem Schaltausgang eine integrierte Anzeigeleuchte schalten, die in der Anzeige selbst oder im Anschluss-Stecker sitzt. Des Weiteren k\u00f6nnen die Anzeigen sowohl ein mechanisches Signal setzen als auch einen Schaltausgang nutzen.<\/p>\n<p><strong>Analog-elektronische Verschmutzungsanzeigen<\/strong><\/p>\n<p>Elektronische Messumformer, lieferbar f\u00fcr mehrere Messbereiche passend zur Filterbauart. Es wird ein 4-20mA-Signal erzeugt. Zus\u00e4tzlich mit zwei Schaltpunkten, die bei Erreichen von 75 % und bei 100 % des Anzeigebereichs ansprechen. <\/p>\n<p><strong>Verschmutzungsanzeigen mit Kaltstartunterdr\u00fcckung<\/strong><\/p>\n<p>Der Differenzdruck \u00fcber den Filter h\u00e4ngt auch von der Viskosit\u00e4t des Fluids ab. Bei Kaltstart einer Anlage tritt das Problem auf, dass der Durchflusswiderstand aufgrund der noch hohen Viskosit\u00e4t des Fluids ebenfalls sehr hoch ist und dadurch die Anzeige anspricht, obwohl das Filterelement noch sauber ist.<\/p>\n<p>MP Filtri liefert elektrische Anzeigen, die \u00fcber einen internen Thermoschalter verf\u00fcgen, so dass der Schaltausgang erst bei Betriebstemperatur der Fluide gesetzt werden kann. <\/p>\n","protected":false},"excerpt":{"rendered":"<p>Eine Wartungsanzeige am Filter misst den Verschmutzungsgrad des Filterelements. Ein anstehender Wechsel ist somit einfach nachzuvollziehen und die Reinigungsleistung bleibt sicher und effektiv. Um die volle Schmutzaufnahmekapazit\u00e4t auszusch\u00f6pfen ist es sinnvoll, das Filterelement bis zum Ansprechen der Anzeige zu betreiben. Diese erkennt den Verschmutzungsgrad indirekt, indem sie den steigenden Durchflusswiderstand (Ansprechdruck) des Filters anzeigt. Je [&hellip;]<\/p>\n","protected":false},"featured_media":81762,"comment_status":"open","ping_status":"closed","template":"","meta":{"_acf_changed":false,"_gspb_post_css":"","inline_featured_image":false,"_genesis_hide_title":false,"_genesis_hide_breadcrumbs":false,"_genesis_hide_singular_image":false,"_genesis_hide_footer_widgets":false,"_genesis_custom_body_class":"","_genesis_custom_post_class":"","_genesis_layout":"","_links_to":"","_links_to_target":""},"product-structure":[61],"product_brand":[],"product_cat":[],"product_tag":[],"class_list":{"0":"post-76834","1":"product","2":"type-product","3":"status-publish","4":"has-post-thumbnail","6":"product-structure-family","7":"entry","9":"first","10":"instock","11":"shipping-taxable","12":"product-type-simple"},"acf":[],"yoast_head":"<!-- This site is optimized with the Yoast SEO plugin v27.2 - https:\/\/yoast.com\/product\/yoast-seo-wordpress\/ -->\n<title>VERSCHMUTZUNGSANZEIGEN - MP Filtri<\/title>\n<meta name=\"robots\" content=\"index, follow, max-snippet:-1, max-image-preview:large, max-video-preview:-1\" \/>\n<link rel=\"canonical\" href=\"https:\/\/www.mpfiltri.com\/de\/produkt\/verschmutzungsanzeigen\/\" \/>\n<meta property=\"og:locale\" content=\"de_DE\" \/>\n<meta property=\"og:type\" content=\"article\" \/>\n<meta property=\"og:title\" content=\"VERSCHMUTZUNGSANZEIGEN - MP Filtri\" \/>\n<meta property=\"og:description\" content=\"Eine Wartungsanzeige am Filter misst den Verschmutzungsgrad des Filterelements. Ein anstehender Wechsel ist somit einfach nachzuvollziehen und die Reinigungsleistung bleibt sicher und effektiv. Um die volle Schmutzaufnahmekapazit\u00e4t auszusch\u00f6pfen ist es sinnvoll, das Filterelement bis zum Ansprechen der Anzeige zu betreiben. Diese erkennt den Verschmutzungsgrad indirekt, indem sie den steigenden Durchflusswiderstand (Ansprechdruck) des Filters anzeigt. Je [&hellip;]\" \/>\n<meta property=\"og:url\" content=\"https:\/\/www.mpfiltri.com\/de\/produkt\/verschmutzungsanzeigen\/\" \/>\n<meta property=\"og:site_name\" content=\"MP Filtri\" \/>\n<meta property=\"article:publisher\" content=\"https:\/\/www.facebook.com\/MPFiltriITA\" \/>\n<meta property=\"article:modified_time\" content=\"2026-04-01T14:22:44+00:00\" \/>\n<meta property=\"og:image\" content=\"https:\/\/www.mpfiltri.com\/wp-content\/uploads\/2025\/06\/CLOGGING1.png\" \/>\n\t<meta property=\"og:image:width\" content=\"1000\" \/>\n\t<meta property=\"og:image:height\" content=\"1000\" \/>\n\t<meta property=\"og:image:type\" content=\"image\/png\" \/>\n<meta name=\"twitter:card\" content=\"summary_large_image\" \/>\n<meta name=\"twitter:label1\" content=\"Gesch\u00e4tzte Lesezeit\" \/>\n\t<meta name=\"twitter:data1\" content=\"2\u00a0Minuten\" \/>\n<script type=\"application\/ld+json\" class=\"yoast-schema-graph\">{\"@context\":\"https:\/\/schema.org\",\"@graph\":[{\"@type\":\"WebPage\",\"@id\":\"https:\/\/www.mpfiltri.com\/de\/produkt\/verschmutzungsanzeigen\/\",\"url\":\"https:\/\/www.mpfiltri.com\/de\/produkt\/verschmutzungsanzeigen\/\",\"name\":\"VERSCHMUTZUNGSANZEIGEN - MP Filtri\",\"isPartOf\":{\"@id\":\"https:\/\/www.mpfiltri.com\/de\/#website\"},\"primaryImageOfPage\":{\"@id\":\"https:\/\/www.mpfiltri.com\/de\/produkt\/verschmutzungsanzeigen\/#primaryimage\"},\"image\":{\"@id\":\"https:\/\/www.mpfiltri.com\/de\/produkt\/verschmutzungsanzeigen\/#primaryimage\"},\"thumbnailUrl\":\"https:\/\/www.mpfiltri.com\/wp-content\/uploads\/2026\/03\/CLOGGING1-3.png\",\"datePublished\":\"2025-10-23T07:23:51+00:00\",\"dateModified\":\"2026-04-01T14:22:44+00:00\",\"breadcrumb\":{\"@id\":\"https:\/\/www.mpfiltri.com\/de\/produkt\/verschmutzungsanzeigen\/#breadcrumb\"},\"inLanguage\":\"de\",\"potentialAction\":[{\"@type\":\"ReadAction\",\"target\":[\"https:\/\/www.mpfiltri.com\/de\/produkt\/verschmutzungsanzeigen\/\"]}]},{\"@type\":\"ImageObject\",\"inLanguage\":\"de\",\"@id\":\"https:\/\/www.mpfiltri.com\/de\/produkt\/verschmutzungsanzeigen\/#primaryimage\",\"url\":\"https:\/\/www.mpfiltri.com\/wp-content\/uploads\/2026\/03\/CLOGGING1-3.png\",\"contentUrl\":\"https:\/\/www.mpfiltri.com\/wp-content\/uploads\/2026\/03\/CLOGGING1-3.png\",\"width\":1000,\"height\":1000},{\"@type\":\"BreadcrumbList\",\"@id\":\"https:\/\/www.mpfiltri.com\/de\/produkt\/verschmutzungsanzeigen\/#breadcrumb\",\"itemListElement\":[{\"@type\":\"ListItem\",\"position\":1,\"name\":\"Home\",\"item\":\"https:\/\/www.mpfiltri.com\/de\/\"},{\"@type\":\"ListItem\",\"position\":2,\"name\":\"Produkte\",\"item\":\"https:\/\/www.mpfiltri.com\/de\/shop\/\"},{\"@type\":\"ListItem\",\"position\":3,\"name\":\"VERSCHMUTZUNGSANZEIGEN\"}]},{\"@type\":\"WebSite\",\"@id\":\"https:\/\/www.mpfiltri.com\/de\/#website\",\"url\":\"https:\/\/www.mpfiltri.com\/de\/\",\"name\":\"MP Filtri\",\"description\":\"\",\"publisher\":{\"@id\":\"https:\/\/www.mpfiltri.com\/de\/#organization\"},\"potentialAction\":[{\"@type\":\"SearchAction\",\"target\":{\"@type\":\"EntryPoint\",\"urlTemplate\":\"https:\/\/www.mpfiltri.com\/de\/?s={search_term_string}\"},\"query-input\":{\"@type\":\"PropertyValueSpecification\",\"valueRequired\":true,\"valueName\":\"search_term_string\"}}],\"inLanguage\":\"de\"},{\"@type\":\"Organization\",\"@id\":\"https:\/\/www.mpfiltri.com\/de\/#organization\",\"name\":\"MP Filtri\",\"url\":\"https:\/\/www.mpfiltri.com\/de\/\",\"logo\":{\"@type\":\"ImageObject\",\"inLanguage\":\"de\",\"@id\":\"https:\/\/www.mpfiltri.com\/de\/#\/schema\/logo\/image\/\",\"url\":\"\",\"contentUrl\":\"\",\"caption\":\"MP Filtri\"},\"image\":{\"@id\":\"https:\/\/www.mpfiltri.com\/de\/#\/schema\/logo\/image\/\"},\"sameAs\":[\"https:\/\/www.facebook.com\/MPFiltriITA\",\"https:\/\/www.instagram.com\/mpfiltri\/\",\"https:\/\/www.youtube.com\/channel\/UCCzNMySYc1c4M-2B4v0K_QA?view_as=subscriber\",\"https:\/\/www.linkedin.com\/company\/mp-filtri-spa\/\"]}]}<\/script>\n<!-- \/ Yoast SEO plugin. -->","yoast_head_json":{"title":"VERSCHMUTZUNGSANZEIGEN - MP Filtri","robots":{"index":"index","follow":"follow","max-snippet":"max-snippet:-1","max-image-preview":"max-image-preview:large","max-video-preview":"max-video-preview:-1"},"canonical":"https:\/\/www.mpfiltri.com\/de\/produkt\/verschmutzungsanzeigen\/","og_locale":"de_DE","og_type":"article","og_title":"VERSCHMUTZUNGSANZEIGEN - MP Filtri","og_description":"Eine Wartungsanzeige am Filter misst den Verschmutzungsgrad des Filterelements. Ein anstehender Wechsel ist somit einfach nachzuvollziehen und die Reinigungsleistung bleibt sicher und effektiv. Um die volle Schmutzaufnahmekapazit\u00e4t auszusch\u00f6pfen ist es sinnvoll, das Filterelement bis zum Ansprechen der Anzeige zu betreiben. Diese erkennt den Verschmutzungsgrad indirekt, indem sie den steigenden Durchflusswiderstand (Ansprechdruck) des Filters anzeigt. Je [&hellip;]","og_url":"https:\/\/www.mpfiltri.com\/de\/produkt\/verschmutzungsanzeigen\/","og_site_name":"MP Filtri","article_publisher":"https:\/\/www.facebook.com\/MPFiltriITA","article_modified_time":"2026-04-01T14:22:44+00:00","og_image":[{"width":1000,"height":1000,"url":"https:\/\/www.mpfiltri.com\/wp-content\/uploads\/2025\/06\/CLOGGING1.png","type":"image\/png"}],"twitter_card":"summary_large_image","twitter_misc":{"Gesch\u00e4tzte Lesezeit":"2\u00a0Minuten"},"schema":{"@context":"https:\/\/schema.org","@graph":[{"@type":"WebPage","@id":"https:\/\/www.mpfiltri.com\/de\/produkt\/verschmutzungsanzeigen\/","url":"https:\/\/www.mpfiltri.com\/de\/produkt\/verschmutzungsanzeigen\/","name":"VERSCHMUTZUNGSANZEIGEN - MP Filtri","isPartOf":{"@id":"https:\/\/www.mpfiltri.com\/de\/#website"},"primaryImageOfPage":{"@id":"https:\/\/www.mpfiltri.com\/de\/produkt\/verschmutzungsanzeigen\/#primaryimage"},"image":{"@id":"https:\/\/www.mpfiltri.com\/de\/produkt\/verschmutzungsanzeigen\/#primaryimage"},"thumbnailUrl":"https:\/\/www.mpfiltri.com\/wp-content\/uploads\/2026\/03\/CLOGGING1-3.png","datePublished":"2025-10-23T07:23:51+00:00","dateModified":"2026-04-01T14:22:44+00:00","breadcrumb":{"@id":"https:\/\/www.mpfiltri.com\/de\/produkt\/verschmutzungsanzeigen\/#breadcrumb"},"inLanguage":"de","potentialAction":[{"@type":"ReadAction","target":["https:\/\/www.mpfiltri.com\/de\/produkt\/verschmutzungsanzeigen\/"]}]},{"@type":"ImageObject","inLanguage":"de","@id":"https:\/\/www.mpfiltri.com\/de\/produkt\/verschmutzungsanzeigen\/#primaryimage","url":"https:\/\/www.mpfiltri.com\/wp-content\/uploads\/2026\/03\/CLOGGING1-3.png","contentUrl":"https:\/\/www.mpfiltri.com\/wp-content\/uploads\/2026\/03\/CLOGGING1-3.png","width":1000,"height":1000},{"@type":"BreadcrumbList","@id":"https:\/\/www.mpfiltri.com\/de\/produkt\/verschmutzungsanzeigen\/#breadcrumb","itemListElement":[{"@type":"ListItem","position":1,"name":"Home","item":"https:\/\/www.mpfiltri.com\/de\/"},{"@type":"ListItem","position":2,"name":"Produkte","item":"https:\/\/www.mpfiltri.com\/de\/shop\/"},{"@type":"ListItem","position":3,"name":"VERSCHMUTZUNGSANZEIGEN"}]},{"@type":"WebSite","@id":"https:\/\/www.mpfiltri.com\/de\/#website","url":"https:\/\/www.mpfiltri.com\/de\/","name":"MP Filtri","description":"","publisher":{"@id":"https:\/\/www.mpfiltri.com\/de\/#organization"},"potentialAction":[{"@type":"SearchAction","target":{"@type":"EntryPoint","urlTemplate":"https:\/\/www.mpfiltri.com\/de\/?s={search_term_string}"},"query-input":{"@type":"PropertyValueSpecification","valueRequired":true,"valueName":"search_term_string"}}],"inLanguage":"de"},{"@type":"Organization","@id":"https:\/\/www.mpfiltri.com\/de\/#organization","name":"MP Filtri","url":"https:\/\/www.mpfiltri.com\/de\/","logo":{"@type":"ImageObject","inLanguage":"de","@id":"https:\/\/www.mpfiltri.com\/de\/#\/schema\/logo\/image\/","url":"","contentUrl":"","caption":"MP Filtri"},"image":{"@id":"https:\/\/www.mpfiltri.com\/de\/#\/schema\/logo\/image\/"},"sameAs":["https:\/\/www.facebook.com\/MPFiltriITA","https:\/\/www.instagram.com\/mpfiltri\/","https:\/\/www.youtube.com\/channel\/UCCzNMySYc1c4M-2B4v0K_QA?view_as=subscriber","https:\/\/www.linkedin.com\/company\/mp-filtri-spa\/"]}]}},"_links":{"self":[{"href":"https:\/\/www.mpfiltri.com\/de\/wp-json\/wp\/v2\/product\/76834","targetHints":{"allow":["GET"]}}],"collection":[{"href":"https:\/\/www.mpfiltri.com\/de\/wp-json\/wp\/v2\/product"}],"about":[{"href":"https:\/\/www.mpfiltri.com\/de\/wp-json\/wp\/v2\/types\/product"}],"replies":[{"embeddable":true,"href":"https:\/\/www.mpfiltri.com\/de\/wp-json\/wp\/v2\/comments?post=76834"}],"wp:featuredmedia":[{"embeddable":true,"href":"https:\/\/www.mpfiltri.com\/de\/wp-json\/wp\/v2\/media\/81762"}],"wp:attachment":[{"href":"https:\/\/www.mpfiltri.com\/de\/wp-json\/wp\/v2\/media?parent=76834"}],"wp:term":[{"taxonomy":"product-structure","embeddable":true,"href":"https:\/\/www.mpfiltri.com\/de\/wp-json\/wp\/v2\/product-structure?post=76834"},{"taxonomy":"product_brand","embeddable":true,"href":"https:\/\/www.mpfiltri.com\/de\/wp-json\/wp\/v2\/product_brand?post=76834"},{"taxonomy":"product_cat","embeddable":true,"href":"https:\/\/www.mpfiltri.com\/de\/wp-json\/wp\/v2\/product_cat?post=76834"},{"taxonomy":"product_tag","embeddable":true,"href":"https:\/\/www.mpfiltri.com\/de\/wp-json\/wp\/v2\/product_tag?post=76834"}],"curies":[{"name":"wp","href":"https:\/\/api.w.org\/{rel}","templated":true}]}}