

{"id":76824,"date":"2025-06-16T16:41:26","date_gmt":"2025-06-16T14:41:26","guid":{"rendered":"https:\/\/www.mpfiltri.com\/product\/produkt\/"},"modified":"2026-04-10T16:51:36","modified_gmt":"2026-04-10T14:51:36","slug":"lmg","status":"publish","type":"product","link":"https:\/\/www.mpfiltri.com\/de\/produkt\/lmg\/","title":{"rendered":"LMG"},"content":{"rendered":"<p>Die <strong>Pumpentr\u00e4ger der Serie LMG<\/strong> werden als Verbindung zwischen IEC-Elektromotoren der Gr\u00f6\u00dfen 63 bis 225 und Pumpen mit rechteckigem Flansch verwendet. Sie sind aus Aluminiumdruckguss gefertigt und k\u00f6nnen sowohl f\u00fcr die Au\u00dfenmontage als auch f\u00fcr Anwendungen im \u00d6lbad verwendet werden.<\/p>\n<p>\u2022 Mit oder ohne Zentrierring<\/p>\n<p>\u2022 Doppelbohrpumpe auf Anfrage<\/p>\n<p>\u2022 Auswechselbar mit OMT &#8211; KTR &#8211; R+L HYDRAULICS<\/p>\n","protected":false},"excerpt":{"rendered":"<p>Die Pumpentr\u00e4ger der Serie LMG werden als Verbindung zwischen IEC-Elektromotoren der Gr\u00f6\u00dfen 63 bis 225 und Pumpen mit rechteckigem Flansch verwendet. Sie sind aus Aluminiumdruckguss gefertigt und k\u00f6nnen sowohl f\u00fcr die Au\u00dfenmontage als auch f\u00fcr Anwendungen im \u00d6lbad verwendet werden. \u2022 Mit oder ohne Zentrierring \u2022 Doppelbohrpumpe auf Anfrage \u2022 Auswechselbar mit OMT &#8211; KTR [&hellip;]<\/p>\n","protected":false},"featured_media":0,"comment_status":"open","ping_status":"closed","template":"","meta":{"_acf_changed":false,"_gspb_post_css":"","inline_featured_image":false,"_genesis_hide_title":false,"_genesis_hide_breadcrumbs":false,"_genesis_hide_singular_image":false,"_genesis_hide_footer_widgets":false,"_genesis_custom_body_class":"","_genesis_custom_post_class":"","_genesis_layout":"","_links_to":"","_links_to_target":""},"product-structure":[],"product_brand":[],"product_cat":[13189,13210,13290,13161,13196,13278,13230,13264],"product_tag":[],"class_list":{"0":"post-76824","1":"product","2":"type-product","3":"status-publish","5":"product_cat-anwendungen","6":"product_cat-bergbau","7":"product_cat-hydraulikanlagen","8":"product_cat-land-und-forstmaschinen","9":"product_cat-mobile-anwendungen","10":"product_cat-pressen-und-umformmaschinen","11":"product_cat-stationaere-anwendungen","12":"product_cat-textil-holz-und-papier","13":"entry","15":"first","16":"instock","17":"shipping-taxable","18":"product-type-simple"},"acf":[],"yoast_head":"<!-- This site is optimized with the Yoast SEO plugin v27.2 - https:\/\/yoast.com\/product\/yoast-seo-wordpress\/ -->\n<title>Pumpentr\u00e4ger Hydraulik LMG | Verbindung Motor und Pumpe<\/title>\n<meta name=\"description\" content=\"Der Pumpentr\u00e4ger LMG von MP Filtri erm\u00f6glicht die pr\u00e4zise Verbindung zwischen Motor und Pumpe und sorgt f\u00fcr eine zuverl\u00e4ssige Kraft\u00fcbertragung.\" \/>\n<meta name=\"robots\" content=\"index, follow, max-snippet:-1, max-image-preview:large, max-video-preview:-1\" \/>\n<link rel=\"canonical\" href=\"https:\/\/www.mpfiltri.com\/de\/produkt\/lmg\/\" \/>\n<meta property=\"og:locale\" content=\"de_DE\" \/>\n<meta property=\"og:type\" content=\"article\" \/>\n<meta property=\"og:title\" content=\"Pumpentr\u00e4ger Hydraulik LMG | Verbindung Motor und Pumpe\" \/>\n<meta property=\"og:description\" content=\"Der Pumpentr\u00e4ger LMG von MP Filtri erm\u00f6glicht die pr\u00e4zise Verbindung zwischen Motor und Pumpe und sorgt f\u00fcr eine zuverl\u00e4ssige Kraft\u00fcbertragung.\" \/>\n<meta property=\"og:url\" content=\"https:\/\/www.mpfiltri.com\/de\/produkt\/lmg\/\" \/>\n<meta property=\"og:site_name\" content=\"MP Filtri\" \/>\n<meta property=\"article:publisher\" content=\"https:\/\/www.facebook.com\/MPFiltriITA\" \/>\n<meta property=\"article:modified_time\" content=\"2026-04-10T14:51:36+00:00\" \/>\n<meta name=\"twitter:card\" content=\"summary_large_image\" \/>\n<meta name=\"twitter:label1\" content=\"Gesch\u00e4tzte Lesezeit\" \/>\n\t<meta name=\"twitter:data1\" content=\"1\u00a0Minute\" \/>\n<script type=\"application\/ld+json\" class=\"yoast-schema-graph\">{\"@context\":\"https:\/\/schema.org\",\"@graph\":[{\"@type\":\"WebPage\",\"@id\":\"https:\/\/www.mpfiltri.com\/de\/produkt\/lmg\/\",\"url\":\"https:\/\/www.mpfiltri.com\/de\/produkt\/lmg\/\",\"name\":\"Pumpentr\u00e4ger Hydraulik LMG | Verbindung Motor und Pumpe\",\"isPartOf\":{\"@id\":\"https:\/\/www.mpfiltri.com\/de\/#website\"},\"datePublished\":\"2025-06-16T14:41:26+00:00\",\"dateModified\":\"2026-04-10T14:51:36+00:00\",\"description\":\"Der Pumpentr\u00e4ger LMG von MP Filtri erm\u00f6glicht die pr\u00e4zise Verbindung zwischen Motor und Pumpe und sorgt f\u00fcr eine zuverl\u00e4ssige Kraft\u00fcbertragung.\",\"breadcrumb\":{\"@id\":\"https:\/\/www.mpfiltri.com\/de\/produkt\/lmg\/#breadcrumb\"},\"inLanguage\":\"de\",\"potentialAction\":[{\"@type\":\"ReadAction\",\"target\":[\"https:\/\/www.mpfiltri.com\/de\/produkt\/lmg\/\"]}]},{\"@type\":\"BreadcrumbList\",\"@id\":\"https:\/\/www.mpfiltri.com\/de\/produkt\/lmg\/#breadcrumb\",\"itemListElement\":[{\"@type\":\"ListItem\",\"position\":1,\"name\":\"Home\",\"item\":\"https:\/\/www.mpfiltri.com\/de\/\"},{\"@type\":\"ListItem\",\"position\":2,\"name\":\"Produkte\",\"item\":\"https:\/\/www.mpfiltri.com\/de\/shop\/\"},{\"@type\":\"ListItem\",\"position\":3,\"name\":\"LMG\"}]},{\"@type\":\"WebSite\",\"@id\":\"https:\/\/www.mpfiltri.com\/de\/#website\",\"url\":\"https:\/\/www.mpfiltri.com\/de\/\",\"name\":\"MP Filtri\",\"description\":\"\",\"publisher\":{\"@id\":\"https:\/\/www.mpfiltri.com\/de\/#organization\"},\"potentialAction\":[{\"@type\":\"SearchAction\",\"target\":{\"@type\":\"EntryPoint\",\"urlTemplate\":\"https:\/\/www.mpfiltri.com\/de\/?s={search_term_string}\"},\"query-input\":{\"@type\":\"PropertyValueSpecification\",\"valueRequired\":true,\"valueName\":\"search_term_string\"}}],\"inLanguage\":\"de\"},{\"@type\":\"Organization\",\"@id\":\"https:\/\/www.mpfiltri.com\/de\/#organization\",\"name\":\"MP Filtri\",\"url\":\"https:\/\/www.mpfiltri.com\/de\/\",\"logo\":{\"@type\":\"ImageObject\",\"inLanguage\":\"de\",\"@id\":\"https:\/\/www.mpfiltri.com\/de\/#\/schema\/logo\/image\/\",\"url\":\"\",\"contentUrl\":\"\",\"caption\":\"MP Filtri\"},\"image\":{\"@id\":\"https:\/\/www.mpfiltri.com\/de\/#\/schema\/logo\/image\/\"},\"sameAs\":[\"https:\/\/www.facebook.com\/MPFiltriITA\",\"https:\/\/www.instagram.com\/mpfiltri\/\",\"https:\/\/www.youtube.com\/channel\/UCCzNMySYc1c4M-2B4v0K_QA?view_as=subscriber\",\"https:\/\/www.linkedin.com\/company\/mp-filtri-spa\/\"]}]}<\/script>\n<!-- \/ Yoast SEO plugin. -->","yoast_head_json":{"title":"Pumpentr\u00e4ger Hydraulik LMG | Verbindung Motor und Pumpe","description":"Der Pumpentr\u00e4ger LMG von MP Filtri erm\u00f6glicht die pr\u00e4zise Verbindung zwischen Motor und Pumpe und sorgt f\u00fcr eine zuverl\u00e4ssige Kraft\u00fcbertragung.","robots":{"index":"index","follow":"follow","max-snippet":"max-snippet:-1","max-image-preview":"max-image-preview:large","max-video-preview":"max-video-preview:-1"},"canonical":"https:\/\/www.mpfiltri.com\/de\/produkt\/lmg\/","og_locale":"de_DE","og_type":"article","og_title":"Pumpentr\u00e4ger Hydraulik LMG | Verbindung Motor und Pumpe","og_description":"Der Pumpentr\u00e4ger LMG von MP Filtri erm\u00f6glicht die pr\u00e4zise Verbindung zwischen Motor und Pumpe und sorgt f\u00fcr eine zuverl\u00e4ssige Kraft\u00fcbertragung.","og_url":"https:\/\/www.mpfiltri.com\/de\/produkt\/lmg\/","og_site_name":"MP Filtri","article_publisher":"https:\/\/www.facebook.com\/MPFiltriITA","article_modified_time":"2026-04-10T14:51:36+00:00","twitter_card":"summary_large_image","twitter_misc":{"Gesch\u00e4tzte Lesezeit":"1\u00a0Minute"},"schema":{"@context":"https:\/\/schema.org","@graph":[{"@type":"WebPage","@id":"https:\/\/www.mpfiltri.com\/de\/produkt\/lmg\/","url":"https:\/\/www.mpfiltri.com\/de\/produkt\/lmg\/","name":"Pumpentr\u00e4ger Hydraulik LMG | Verbindung Motor und Pumpe","isPartOf":{"@id":"https:\/\/www.mpfiltri.com\/de\/#website"},"datePublished":"2025-06-16T14:41:26+00:00","dateModified":"2026-04-10T14:51:36+00:00","description":"Der Pumpentr\u00e4ger LMG von MP Filtri erm\u00f6glicht die pr\u00e4zise Verbindung zwischen Motor und Pumpe und sorgt f\u00fcr eine zuverl\u00e4ssige Kraft\u00fcbertragung.","breadcrumb":{"@id":"https:\/\/www.mpfiltri.com\/de\/produkt\/lmg\/#breadcrumb"},"inLanguage":"de","potentialAction":[{"@type":"ReadAction","target":["https:\/\/www.mpfiltri.com\/de\/produkt\/lmg\/"]}]},{"@type":"BreadcrumbList","@id":"https:\/\/www.mpfiltri.com\/de\/produkt\/lmg\/#breadcrumb","itemListElement":[{"@type":"ListItem","position":1,"name":"Home","item":"https:\/\/www.mpfiltri.com\/de\/"},{"@type":"ListItem","position":2,"name":"Produkte","item":"https:\/\/www.mpfiltri.com\/de\/shop\/"},{"@type":"ListItem","position":3,"name":"LMG"}]},{"@type":"WebSite","@id":"https:\/\/www.mpfiltri.com\/de\/#website","url":"https:\/\/www.mpfiltri.com\/de\/","name":"MP Filtri","description":"","publisher":{"@id":"https:\/\/www.mpfiltri.com\/de\/#organization"},"potentialAction":[{"@type":"SearchAction","target":{"@type":"EntryPoint","urlTemplate":"https:\/\/www.mpfiltri.com\/de\/?s={search_term_string}"},"query-input":{"@type":"PropertyValueSpecification","valueRequired":true,"valueName":"search_term_string"}}],"inLanguage":"de"},{"@type":"Organization","@id":"https:\/\/www.mpfiltri.com\/de\/#organization","name":"MP Filtri","url":"https:\/\/www.mpfiltri.com\/de\/","logo":{"@type":"ImageObject","inLanguage":"de","@id":"https:\/\/www.mpfiltri.com\/de\/#\/schema\/logo\/image\/","url":"","contentUrl":"","caption":"MP Filtri"},"image":{"@id":"https:\/\/www.mpfiltri.com\/de\/#\/schema\/logo\/image\/"},"sameAs":["https:\/\/www.facebook.com\/MPFiltriITA","https:\/\/www.instagram.com\/mpfiltri\/","https:\/\/www.youtube.com\/channel\/UCCzNMySYc1c4M-2B4v0K_QA?view_as=subscriber","https:\/\/www.linkedin.com\/company\/mp-filtri-spa\/"]}]}},"_links":{"self":[{"href":"https:\/\/www.mpfiltri.com\/de\/wp-json\/wp\/v2\/product\/76824","targetHints":{"allow":["GET"]}}],"collection":[{"href":"https:\/\/www.mpfiltri.com\/de\/wp-json\/wp\/v2\/product"}],"about":[{"href":"https:\/\/www.mpfiltri.com\/de\/wp-json\/wp\/v2\/types\/product"}],"replies":[{"embeddable":true,"href":"https:\/\/www.mpfiltri.com\/de\/wp-json\/wp\/v2\/comments?post=76824"}],"wp:attachment":[{"href":"https:\/\/www.mpfiltri.com\/de\/wp-json\/wp\/v2\/media?parent=76824"}],"wp:term":[{"taxonomy":"product-structure","embeddable":true,"href":"https:\/\/www.mpfiltri.com\/de\/wp-json\/wp\/v2\/product-structure?post=76824"},{"taxonomy":"product_brand","embeddable":true,"href":"https:\/\/www.mpfiltri.com\/de\/wp-json\/wp\/v2\/product_brand?post=76824"},{"taxonomy":"product_cat","embeddable":true,"href":"https:\/\/www.mpfiltri.com\/de\/wp-json\/wp\/v2\/product_cat?post=76824"},{"taxonomy":"product_tag","embeddable":true,"href":"https:\/\/www.mpfiltri.com\/de\/wp-json\/wp\/v2\/product_tag?post=76824"}],"curies":[{"name":"wp","href":"https:\/\/api.w.org\/{rel}","templated":true}]}}