

{"id":76816,"date":"2025-06-16T16:40:32","date_gmt":"2025-06-16T14:40:32","guid":{"rendered":"https:\/\/www.mpfiltri.com\/product\/produkt\/"},"modified":"2026-04-01T16:24:02","modified_gmt":"2026-04-01T14:24:02","slug":"sfex-elixir","status":"publish","type":"product","link":"https:\/\/www.mpfiltri.com\/de\/produkt\/sfex-elixir\/","title":{"rendered":"SFEX (Elixir\u00ae)"},"content":{"rendered":"<p>Leicht, benutzerfreundlich und umweltbewusst &#8211; das Niederdruck-Filterkonzept wurde speziell f\u00fcr die Leitungsmontage entwickelt. Die Filter k\u00f6nnen mit einem Systemdruck von bis zu 16 bar beaufschlagt werden.<\/p>\n<p>Der leistungsf\u00e4hige <strong>Saugfilter SFEX<\/strong> wird direkt vor der Pumpe montiert und sch\u00fctzt diese vor Grobverschmutzung. Die Montage muss unterhalb des min. \u00d6lniveaus erfolgen &#8211; die Saugleitung zur Pumpe sollte so kurz wie m\u00f6glich ausgef\u00fchrt werden. Der Filter kann seitlich oder unterhalb des Tanks in der Saugleitung verbaut werden.<\/p>\n<p>Der Austausch ist schnell und einfach: Den Filtertopf mit einem Schraubenschl\u00fcssel demontieren, das Filterelement FEX herausnehmen und austauschen, das bedeutet: Gut f\u00fcr die Umwelt durch Verringerung der Abfallmenge!<\/p>\n<p>\u2022 Volumenstrom bis 100 l\/min<\/p>\n<p>\u2022 Max. Betriebsdruck 16 bar<\/p>\n<p>\u2022 Hexagonale Dichtungen<\/p>\n<p>\u2022 Optische und elektrische Unterdruckanzeigen optional lieferbar<\/p>\n<p>\u2022 Verringerung des \u00d6lverlustes beim Wechsel des Filterelements<\/p>\n<p>\u2022 Einfache Demontage des Filtertopfs<\/p>\n<p>\u2022 Die Entsorgung des FEX ELIXIR-Filterelements umfasst lediglich das Filterelement selbst<\/p>\n","protected":false},"excerpt":{"rendered":"<p>Leicht, benutzerfreundlich und umweltbewusst &#8211; das Niederdruck-Filterkonzept wurde speziell f\u00fcr die Leitungsmontage entwickelt. Die Filter k\u00f6nnen mit einem Systemdruck von bis zu 16 bar beaufschlagt werden. Der leistungsf\u00e4hige Saugfilter SFEX wird direkt vor der Pumpe montiert und sch\u00fctzt diese vor Grobverschmutzung. Die Montage muss unterhalb des min. \u00d6lniveaus erfolgen &#8211; die Saugleitung zur Pumpe sollte [&hellip;]<\/p>\n","protected":false},"featured_media":0,"comment_status":"open","ping_status":"closed","template":"","meta":{"_acf_changed":false,"_gspb_post_css":"","inline_featured_image":false,"_genesis_hide_title":false,"_genesis_hide_breadcrumbs":false,"_genesis_hide_singular_image":false,"_genesis_hide_footer_widgets":false,"_genesis_custom_body_class":"","_genesis_custom_post_class":"","_genesis_layout":"","_links_to":"","_links_to_target":""},"product-structure":[62],"product_brand":[],"product_cat":[13126,13250,13271,13203,13290,13224,13161,13196,13243,13230,13264,13257,12991],"product_tag":[],"class_list":{"0":"post-76816","1":"product","2":"type-product","3":"status-publish","5":"product-structure-series","6":"product_cat-baumaschinen","7":"product_cat-energie","8":"product_cat-entsorgung-und-recycling","9":"product_cat-foerdertechnik","10":"product_cat-hydraulikanlagen","11":"product_cat-kommunaltechnik-und-nutzfahrzeuge","12":"product_cat-land-und-forstmaschinen","13":"product_cat-mobile-anwendungen","14":"product_cat-stahlwerke-und-metallverarbeitung","15":"product_cat-stationaere-anwendungen","16":"product_cat-textil-holz-und-papier","17":"product_cat-verpackung-nahrungs-und-genussmittel","18":"product_cat-12991","19":"entry","21":"first","22":"instock","23":"shipping-taxable","24":"product-type-simple"},"acf":[],"yoast_head":"<!-- This site is optimized with the Yoast SEO plugin v27.2 - https:\/\/yoast.com\/product\/yoast-seo-wordpress\/ -->\n<title>SFEX (Elixir\u00ae) - MP Filtri<\/title>\n<meta name=\"robots\" content=\"index, follow, max-snippet:-1, max-image-preview:large, max-video-preview:-1\" \/>\n<link rel=\"canonical\" href=\"https:\/\/www.mpfiltri.com\/de\/produkt\/sfex-elixir\/\" \/>\n<meta property=\"og:locale\" content=\"de_DE\" \/>\n<meta property=\"og:type\" content=\"article\" \/>\n<meta property=\"og:title\" content=\"SFEX (Elixir\u00ae) - MP Filtri\" \/>\n<meta property=\"og:description\" content=\"Leicht, benutzerfreundlich und umweltbewusst &#8211; das Niederdruck-Filterkonzept wurde speziell f\u00fcr die Leitungsmontage entwickelt. Die Filter k\u00f6nnen mit einem Systemdruck von bis zu 16 bar beaufschlagt werden. Der leistungsf\u00e4hige Saugfilter SFEX wird direkt vor der Pumpe montiert und sch\u00fctzt diese vor Grobverschmutzung. Die Montage muss unterhalb des min. \u00d6lniveaus erfolgen &#8211; die Saugleitung zur Pumpe sollte [&hellip;]\" \/>\n<meta property=\"og:url\" content=\"https:\/\/www.mpfiltri.com\/de\/produkt\/sfex-elixir\/\" \/>\n<meta property=\"og:site_name\" content=\"MP Filtri\" \/>\n<meta property=\"article:publisher\" content=\"https:\/\/www.facebook.com\/MPFiltriITA\" \/>\n<meta property=\"article:modified_time\" content=\"2026-04-01T14:24:02+00:00\" \/>\n<meta name=\"twitter:card\" content=\"summary_large_image\" \/>\n<meta name=\"twitter:label1\" content=\"Gesch\u00e4tzte Lesezeit\" \/>\n\t<meta name=\"twitter:data1\" content=\"1\u00a0Minute\" \/>\n<script type=\"application\/ld+json\" class=\"yoast-schema-graph\">{\"@context\":\"https:\/\/schema.org\",\"@graph\":[{\"@type\":\"WebPage\",\"@id\":\"https:\/\/www.mpfiltri.com\/de\/produkt\/sfex-elixir\/\",\"url\":\"https:\/\/www.mpfiltri.com\/de\/produkt\/sfex-elixir\/\",\"name\":\"SFEX (Elixir\u00ae) - MP Filtri\",\"isPartOf\":{\"@id\":\"https:\/\/www.mpfiltri.com\/de\/#website\"},\"datePublished\":\"2025-06-16T14:40:32+00:00\",\"dateModified\":\"2026-04-01T14:24:02+00:00\",\"breadcrumb\":{\"@id\":\"https:\/\/www.mpfiltri.com\/de\/produkt\/sfex-elixir\/#breadcrumb\"},\"inLanguage\":\"de\",\"potentialAction\":[{\"@type\":\"ReadAction\",\"target\":[\"https:\/\/www.mpfiltri.com\/de\/produkt\/sfex-elixir\/\"]}]},{\"@type\":\"BreadcrumbList\",\"@id\":\"https:\/\/www.mpfiltri.com\/de\/produkt\/sfex-elixir\/#breadcrumb\",\"itemListElement\":[{\"@type\":\"ListItem\",\"position\":1,\"name\":\"Home\",\"item\":\"https:\/\/www.mpfiltri.com\/de\/\"},{\"@type\":\"ListItem\",\"position\":2,\"name\":\"Produkte\",\"item\":\"https:\/\/www.mpfiltri.com\/de\/shop\/\"},{\"@type\":\"ListItem\",\"position\":3,\"name\":\"SFEX (Elixir\u00ae)\"}]},{\"@type\":\"WebSite\",\"@id\":\"https:\/\/www.mpfiltri.com\/de\/#website\",\"url\":\"https:\/\/www.mpfiltri.com\/de\/\",\"name\":\"MP Filtri\",\"description\":\"\",\"publisher\":{\"@id\":\"https:\/\/www.mpfiltri.com\/de\/#organization\"},\"potentialAction\":[{\"@type\":\"SearchAction\",\"target\":{\"@type\":\"EntryPoint\",\"urlTemplate\":\"https:\/\/www.mpfiltri.com\/de\/?s={search_term_string}\"},\"query-input\":{\"@type\":\"PropertyValueSpecification\",\"valueRequired\":true,\"valueName\":\"search_term_string\"}}],\"inLanguage\":\"de\"},{\"@type\":\"Organization\",\"@id\":\"https:\/\/www.mpfiltri.com\/de\/#organization\",\"name\":\"MP Filtri\",\"url\":\"https:\/\/www.mpfiltri.com\/de\/\",\"logo\":{\"@type\":\"ImageObject\",\"inLanguage\":\"de\",\"@id\":\"https:\/\/www.mpfiltri.com\/de\/#\/schema\/logo\/image\/\",\"url\":\"\",\"contentUrl\":\"\",\"caption\":\"MP Filtri\"},\"image\":{\"@id\":\"https:\/\/www.mpfiltri.com\/de\/#\/schema\/logo\/image\/\"},\"sameAs\":[\"https:\/\/www.facebook.com\/MPFiltriITA\",\"https:\/\/www.instagram.com\/mpfiltri\/\",\"https:\/\/www.youtube.com\/channel\/UCCzNMySYc1c4M-2B4v0K_QA?view_as=subscriber\",\"https:\/\/www.linkedin.com\/company\/mp-filtri-spa\/\"]}]}<\/script>\n<!-- \/ Yoast SEO plugin. -->","yoast_head_json":{"title":"SFEX (Elixir\u00ae) - MP Filtri","robots":{"index":"index","follow":"follow","max-snippet":"max-snippet:-1","max-image-preview":"max-image-preview:large","max-video-preview":"max-video-preview:-1"},"canonical":"https:\/\/www.mpfiltri.com\/de\/produkt\/sfex-elixir\/","og_locale":"de_DE","og_type":"article","og_title":"SFEX (Elixir\u00ae) - MP Filtri","og_description":"Leicht, benutzerfreundlich und umweltbewusst &#8211; das Niederdruck-Filterkonzept wurde speziell f\u00fcr die Leitungsmontage entwickelt. Die Filter k\u00f6nnen mit einem Systemdruck von bis zu 16 bar beaufschlagt werden. Der leistungsf\u00e4hige Saugfilter SFEX wird direkt vor der Pumpe montiert und sch\u00fctzt diese vor Grobverschmutzung. Die Montage muss unterhalb des min. \u00d6lniveaus erfolgen &#8211; die Saugleitung zur Pumpe sollte [&hellip;]","og_url":"https:\/\/www.mpfiltri.com\/de\/produkt\/sfex-elixir\/","og_site_name":"MP Filtri","article_publisher":"https:\/\/www.facebook.com\/MPFiltriITA","article_modified_time":"2026-04-01T14:24:02+00:00","twitter_card":"summary_large_image","twitter_misc":{"Gesch\u00e4tzte Lesezeit":"1\u00a0Minute"},"schema":{"@context":"https:\/\/schema.org","@graph":[{"@type":"WebPage","@id":"https:\/\/www.mpfiltri.com\/de\/produkt\/sfex-elixir\/","url":"https:\/\/www.mpfiltri.com\/de\/produkt\/sfex-elixir\/","name":"SFEX (Elixir\u00ae) - MP Filtri","isPartOf":{"@id":"https:\/\/www.mpfiltri.com\/de\/#website"},"datePublished":"2025-06-16T14:40:32+00:00","dateModified":"2026-04-01T14:24:02+00:00","breadcrumb":{"@id":"https:\/\/www.mpfiltri.com\/de\/produkt\/sfex-elixir\/#breadcrumb"},"inLanguage":"de","potentialAction":[{"@type":"ReadAction","target":["https:\/\/www.mpfiltri.com\/de\/produkt\/sfex-elixir\/"]}]},{"@type":"BreadcrumbList","@id":"https:\/\/www.mpfiltri.com\/de\/produkt\/sfex-elixir\/#breadcrumb","itemListElement":[{"@type":"ListItem","position":1,"name":"Home","item":"https:\/\/www.mpfiltri.com\/de\/"},{"@type":"ListItem","position":2,"name":"Produkte","item":"https:\/\/www.mpfiltri.com\/de\/shop\/"},{"@type":"ListItem","position":3,"name":"SFEX (Elixir\u00ae)"}]},{"@type":"WebSite","@id":"https:\/\/www.mpfiltri.com\/de\/#website","url":"https:\/\/www.mpfiltri.com\/de\/","name":"MP Filtri","description":"","publisher":{"@id":"https:\/\/www.mpfiltri.com\/de\/#organization"},"potentialAction":[{"@type":"SearchAction","target":{"@type":"EntryPoint","urlTemplate":"https:\/\/www.mpfiltri.com\/de\/?s={search_term_string}"},"query-input":{"@type":"PropertyValueSpecification","valueRequired":true,"valueName":"search_term_string"}}],"inLanguage":"de"},{"@type":"Organization","@id":"https:\/\/www.mpfiltri.com\/de\/#organization","name":"MP Filtri","url":"https:\/\/www.mpfiltri.com\/de\/","logo":{"@type":"ImageObject","inLanguage":"de","@id":"https:\/\/www.mpfiltri.com\/de\/#\/schema\/logo\/image\/","url":"","contentUrl":"","caption":"MP Filtri"},"image":{"@id":"https:\/\/www.mpfiltri.com\/de\/#\/schema\/logo\/image\/"},"sameAs":["https:\/\/www.facebook.com\/MPFiltriITA","https:\/\/www.instagram.com\/mpfiltri\/","https:\/\/www.youtube.com\/channel\/UCCzNMySYc1c4M-2B4v0K_QA?view_as=subscriber","https:\/\/www.linkedin.com\/company\/mp-filtri-spa\/"]}]}},"_links":{"self":[{"href":"https:\/\/www.mpfiltri.com\/de\/wp-json\/wp\/v2\/product\/76816","targetHints":{"allow":["GET"]}}],"collection":[{"href":"https:\/\/www.mpfiltri.com\/de\/wp-json\/wp\/v2\/product"}],"about":[{"href":"https:\/\/www.mpfiltri.com\/de\/wp-json\/wp\/v2\/types\/product"}],"replies":[{"embeddable":true,"href":"https:\/\/www.mpfiltri.com\/de\/wp-json\/wp\/v2\/comments?post=76816"}],"wp:attachment":[{"href":"https:\/\/www.mpfiltri.com\/de\/wp-json\/wp\/v2\/media?parent=76816"}],"wp:term":[{"taxonomy":"product-structure","embeddable":true,"href":"https:\/\/www.mpfiltri.com\/de\/wp-json\/wp\/v2\/product-structure?post=76816"},{"taxonomy":"product_brand","embeddable":true,"href":"https:\/\/www.mpfiltri.com\/de\/wp-json\/wp\/v2\/product_brand?post=76816"},{"taxonomy":"product_cat","embeddable":true,"href":"https:\/\/www.mpfiltri.com\/de\/wp-json\/wp\/v2\/product_cat?post=76816"},{"taxonomy":"product_tag","embeddable":true,"href":"https:\/\/www.mpfiltri.com\/de\/wp-json\/wp\/v2\/product_tag?post=76816"}],"curies":[{"name":"wp","href":"https:\/\/api.w.org\/{rel}","templated":true}]}}