

{"id":76804,"date":"2025-06-16T16:40:26","date_gmt":"2025-06-16T14:40:26","guid":{"rendered":"https:\/\/www.mpfiltri.com\/product\/produkt\/"},"modified":"2026-04-01T16:24:02","modified_gmt":"2026-04-01T14:24:02","slug":"sfsc","status":"publish","type":"product","link":"https:\/\/www.mpfiltri.com\/de\/produkt\/sfsc\/","title":{"rendered":"SFSC"},"content":{"rendered":"<p><strong>Saugfilter der Baureihe SFSC<\/strong> mit integriertem Absperrventil dienen zum Schutz der nachgeschalteten Pumpe vor groben Verunreinigungen. Sie werden unterhalb des Mindest\u00f6lstands direkt an die Saugleitung der Pumpe angeschlossen.<\/p>\n<p>Sie k\u00f6nnen seitlich oder unterhalb des Tanks angebracht werden, was eine flexiblere Gestaltung des Tanks erm\u00f6glicht. Das Absperrventil schlie\u00dft automatisch, wenn die Abdeckung entfernt wird, sodass das Filterelement ohne Fl\u00fcssigkeitsverlust ausgetauscht werden kann.<\/p>\n<p>\u2022 Flanschanschl\u00fcsse bis zu 4&#8243; f\u00fcr eine maximale Durchflussrate von 700 l\/min<\/p>\n<p>\u2022 Optionaler Schlauchanschluss zum Anschluss der Saugleitung ohne Verwendung von Flanschen<\/p>\n<p>\u2022 Magnetfilter zum Auffangen von Eisenpartikeln<\/p>\n<p>\u2022 Kunststoff- und Metallgriff zum Schlie\u00dfen des Absperrventils vor dem Entfernen der Abdeckung<\/p>\n<p>\u2022 Elektrischer Schalter zur Signalisierung des geschlossenen Absperrventils<\/p>\n<p>\u2022 Optische, elektrische und elektronische Verschmutzungsanzeigen<\/p>\n<p>Allgemeine Anwendungsbereiche sind Industrieanlagen.<\/p>\n","protected":false},"excerpt":{"rendered":"<p>Saugfilter der Baureihe SFSC mit integriertem Absperrventil dienen zum Schutz der nachgeschalteten Pumpe vor groben Verunreinigungen. Sie werden unterhalb des Mindest\u00f6lstands direkt an die Saugleitung der Pumpe angeschlossen. Sie k\u00f6nnen seitlich oder unterhalb des Tanks angebracht werden, was eine flexiblere Gestaltung des Tanks erm\u00f6glicht. Das Absperrventil schlie\u00dft automatisch, wenn die Abdeckung entfernt wird, sodass das [&hellip;]<\/p>\n","protected":false},"featured_media":0,"comment_status":"open","ping_status":"closed","template":"","meta":{"_acf_changed":false,"_gspb_post_css":"","inline_featured_image":false,"_genesis_hide_title":false,"_genesis_hide_breadcrumbs":false,"_genesis_hide_singular_image":false,"_genesis_hide_footer_widgets":false,"_genesis_custom_body_class":"","_genesis_custom_post_class":"","_genesis_layout":"","_links_to":"","_links_to_target":""},"product-structure":[62],"product_brand":[],"product_cat":[13189,13250,13271,13290,13278,13243,13230,13264,13257],"product_tag":[],"class_list":{"0":"post-76804","1":"product","2":"type-product","3":"status-publish","5":"product-structure-series","6":"product_cat-anwendungen","7":"product_cat-energie","8":"product_cat-entsorgung-und-recycling","9":"product_cat-hydraulikanlagen","10":"product_cat-pressen-und-umformmaschinen","11":"product_cat-stahlwerke-und-metallverarbeitung","12":"product_cat-stationaere-anwendungen","13":"product_cat-textil-holz-und-papier","14":"product_cat-verpackung-nahrungs-und-genussmittel","15":"entry","17":"first","18":"instock","19":"shipping-taxable","20":"product-type-simple"},"acf":[],"yoast_head":"<!-- This site is optimized with the Yoast SEO plugin v27.2 - https:\/\/yoast.com\/product\/yoast-seo-wordpress\/ -->\n<title>SFSC - MP Filtri<\/title>\n<meta name=\"robots\" content=\"index, follow, max-snippet:-1, max-image-preview:large, max-video-preview:-1\" \/>\n<link rel=\"canonical\" href=\"https:\/\/www.mpfiltri.com\/de\/produkt\/sfsc\/\" \/>\n<meta property=\"og:locale\" content=\"de_DE\" \/>\n<meta property=\"og:type\" content=\"article\" \/>\n<meta property=\"og:title\" content=\"SFSC - MP Filtri\" \/>\n<meta property=\"og:description\" content=\"Saugfilter der Baureihe SFSC mit integriertem Absperrventil dienen zum Schutz der nachgeschalteten Pumpe vor groben Verunreinigungen. Sie werden unterhalb des Mindest\u00f6lstands direkt an die Saugleitung der Pumpe angeschlossen. Sie k\u00f6nnen seitlich oder unterhalb des Tanks angebracht werden, was eine flexiblere Gestaltung des Tanks erm\u00f6glicht. Das Absperrventil schlie\u00dft automatisch, wenn die Abdeckung entfernt wird, sodass das [&hellip;]\" \/>\n<meta property=\"og:url\" content=\"https:\/\/www.mpfiltri.com\/de\/produkt\/sfsc\/\" \/>\n<meta property=\"og:site_name\" content=\"MP Filtri\" \/>\n<meta property=\"article:publisher\" content=\"https:\/\/www.facebook.com\/MPFiltriITA\" \/>\n<meta property=\"article:modified_time\" content=\"2026-04-01T14:24:02+00:00\" \/>\n<meta name=\"twitter:card\" content=\"summary_large_image\" \/>\n<meta name=\"twitter:label1\" content=\"Gesch\u00e4tzte Lesezeit\" \/>\n\t<meta name=\"twitter:data1\" content=\"1\u00a0Minute\" \/>\n<script type=\"application\/ld+json\" class=\"yoast-schema-graph\">{\"@context\":\"https:\/\/schema.org\",\"@graph\":[{\"@type\":\"WebPage\",\"@id\":\"https:\/\/www.mpfiltri.com\/de\/produkt\/sfsc\/\",\"url\":\"https:\/\/www.mpfiltri.com\/de\/produkt\/sfsc\/\",\"name\":\"SFSC - MP Filtri\",\"isPartOf\":{\"@id\":\"https:\/\/www.mpfiltri.com\/de\/#website\"},\"datePublished\":\"2025-06-16T14:40:26+00:00\",\"dateModified\":\"2026-04-01T14:24:02+00:00\",\"breadcrumb\":{\"@id\":\"https:\/\/www.mpfiltri.com\/de\/produkt\/sfsc\/#breadcrumb\"},\"inLanguage\":\"de\",\"potentialAction\":[{\"@type\":\"ReadAction\",\"target\":[\"https:\/\/www.mpfiltri.com\/de\/produkt\/sfsc\/\"]}]},{\"@type\":\"BreadcrumbList\",\"@id\":\"https:\/\/www.mpfiltri.com\/de\/produkt\/sfsc\/#breadcrumb\",\"itemListElement\":[{\"@type\":\"ListItem\",\"position\":1,\"name\":\"Home\",\"item\":\"https:\/\/www.mpfiltri.com\/de\/\"},{\"@type\":\"ListItem\",\"position\":2,\"name\":\"Produkte\",\"item\":\"https:\/\/www.mpfiltri.com\/de\/shop\/\"},{\"@type\":\"ListItem\",\"position\":3,\"name\":\"SFSC\"}]},{\"@type\":\"WebSite\",\"@id\":\"https:\/\/www.mpfiltri.com\/de\/#website\",\"url\":\"https:\/\/www.mpfiltri.com\/de\/\",\"name\":\"MP Filtri\",\"description\":\"\",\"publisher\":{\"@id\":\"https:\/\/www.mpfiltri.com\/de\/#organization\"},\"potentialAction\":[{\"@type\":\"SearchAction\",\"target\":{\"@type\":\"EntryPoint\",\"urlTemplate\":\"https:\/\/www.mpfiltri.com\/de\/?s={search_term_string}\"},\"query-input\":{\"@type\":\"PropertyValueSpecification\",\"valueRequired\":true,\"valueName\":\"search_term_string\"}}],\"inLanguage\":\"de\"},{\"@type\":\"Organization\",\"@id\":\"https:\/\/www.mpfiltri.com\/de\/#organization\",\"name\":\"MP Filtri\",\"url\":\"https:\/\/www.mpfiltri.com\/de\/\",\"logo\":{\"@type\":\"ImageObject\",\"inLanguage\":\"de\",\"@id\":\"https:\/\/www.mpfiltri.com\/de\/#\/schema\/logo\/image\/\",\"url\":\"\",\"contentUrl\":\"\",\"caption\":\"MP Filtri\"},\"image\":{\"@id\":\"https:\/\/www.mpfiltri.com\/de\/#\/schema\/logo\/image\/\"},\"sameAs\":[\"https:\/\/www.facebook.com\/MPFiltriITA\",\"https:\/\/www.instagram.com\/mpfiltri\/\",\"https:\/\/www.youtube.com\/channel\/UCCzNMySYc1c4M-2B4v0K_QA?view_as=subscriber\",\"https:\/\/www.linkedin.com\/company\/mp-filtri-spa\/\"]}]}<\/script>\n<!-- \/ Yoast SEO plugin. -->","yoast_head_json":{"title":"SFSC - MP Filtri","robots":{"index":"index","follow":"follow","max-snippet":"max-snippet:-1","max-image-preview":"max-image-preview:large","max-video-preview":"max-video-preview:-1"},"canonical":"https:\/\/www.mpfiltri.com\/de\/produkt\/sfsc\/","og_locale":"de_DE","og_type":"article","og_title":"SFSC - MP Filtri","og_description":"Saugfilter der Baureihe SFSC mit integriertem Absperrventil dienen zum Schutz der nachgeschalteten Pumpe vor groben Verunreinigungen. Sie werden unterhalb des Mindest\u00f6lstands direkt an die Saugleitung der Pumpe angeschlossen. Sie k\u00f6nnen seitlich oder unterhalb des Tanks angebracht werden, was eine flexiblere Gestaltung des Tanks erm\u00f6glicht. Das Absperrventil schlie\u00dft automatisch, wenn die Abdeckung entfernt wird, sodass das [&hellip;]","og_url":"https:\/\/www.mpfiltri.com\/de\/produkt\/sfsc\/","og_site_name":"MP Filtri","article_publisher":"https:\/\/www.facebook.com\/MPFiltriITA","article_modified_time":"2026-04-01T14:24:02+00:00","twitter_card":"summary_large_image","twitter_misc":{"Gesch\u00e4tzte Lesezeit":"1\u00a0Minute"},"schema":{"@context":"https:\/\/schema.org","@graph":[{"@type":"WebPage","@id":"https:\/\/www.mpfiltri.com\/de\/produkt\/sfsc\/","url":"https:\/\/www.mpfiltri.com\/de\/produkt\/sfsc\/","name":"SFSC - MP Filtri","isPartOf":{"@id":"https:\/\/www.mpfiltri.com\/de\/#website"},"datePublished":"2025-06-16T14:40:26+00:00","dateModified":"2026-04-01T14:24:02+00:00","breadcrumb":{"@id":"https:\/\/www.mpfiltri.com\/de\/produkt\/sfsc\/#breadcrumb"},"inLanguage":"de","potentialAction":[{"@type":"ReadAction","target":["https:\/\/www.mpfiltri.com\/de\/produkt\/sfsc\/"]}]},{"@type":"BreadcrumbList","@id":"https:\/\/www.mpfiltri.com\/de\/produkt\/sfsc\/#breadcrumb","itemListElement":[{"@type":"ListItem","position":1,"name":"Home","item":"https:\/\/www.mpfiltri.com\/de\/"},{"@type":"ListItem","position":2,"name":"Produkte","item":"https:\/\/www.mpfiltri.com\/de\/shop\/"},{"@type":"ListItem","position":3,"name":"SFSC"}]},{"@type":"WebSite","@id":"https:\/\/www.mpfiltri.com\/de\/#website","url":"https:\/\/www.mpfiltri.com\/de\/","name":"MP Filtri","description":"","publisher":{"@id":"https:\/\/www.mpfiltri.com\/de\/#organization"},"potentialAction":[{"@type":"SearchAction","target":{"@type":"EntryPoint","urlTemplate":"https:\/\/www.mpfiltri.com\/de\/?s={search_term_string}"},"query-input":{"@type":"PropertyValueSpecification","valueRequired":true,"valueName":"search_term_string"}}],"inLanguage":"de"},{"@type":"Organization","@id":"https:\/\/www.mpfiltri.com\/de\/#organization","name":"MP Filtri","url":"https:\/\/www.mpfiltri.com\/de\/","logo":{"@type":"ImageObject","inLanguage":"de","@id":"https:\/\/www.mpfiltri.com\/de\/#\/schema\/logo\/image\/","url":"","contentUrl":"","caption":"MP Filtri"},"image":{"@id":"https:\/\/www.mpfiltri.com\/de\/#\/schema\/logo\/image\/"},"sameAs":["https:\/\/www.facebook.com\/MPFiltriITA","https:\/\/www.instagram.com\/mpfiltri\/","https:\/\/www.youtube.com\/channel\/UCCzNMySYc1c4M-2B4v0K_QA?view_as=subscriber","https:\/\/www.linkedin.com\/company\/mp-filtri-spa\/"]}]}},"_links":{"self":[{"href":"https:\/\/www.mpfiltri.com\/de\/wp-json\/wp\/v2\/product\/76804","targetHints":{"allow":["GET"]}}],"collection":[{"href":"https:\/\/www.mpfiltri.com\/de\/wp-json\/wp\/v2\/product"}],"about":[{"href":"https:\/\/www.mpfiltri.com\/de\/wp-json\/wp\/v2\/types\/product"}],"replies":[{"embeddable":true,"href":"https:\/\/www.mpfiltri.com\/de\/wp-json\/wp\/v2\/comments?post=76804"}],"wp:attachment":[{"href":"https:\/\/www.mpfiltri.com\/de\/wp-json\/wp\/v2\/media?parent=76804"}],"wp:term":[{"taxonomy":"product-structure","embeddable":true,"href":"https:\/\/www.mpfiltri.com\/de\/wp-json\/wp\/v2\/product-structure?post=76804"},{"taxonomy":"product_brand","embeddable":true,"href":"https:\/\/www.mpfiltri.com\/de\/wp-json\/wp\/v2\/product_brand?post=76804"},{"taxonomy":"product_cat","embeddable":true,"href":"https:\/\/www.mpfiltri.com\/de\/wp-json\/wp\/v2\/product_cat?post=76804"},{"taxonomy":"product_tag","embeddable":true,"href":"https:\/\/www.mpfiltri.com\/de\/wp-json\/wp\/v2\/product_tag?post=76804"}],"curies":[{"name":"wp","href":"https:\/\/api.w.org\/{rel}","templated":true}]}}