

{"id":76780,"date":"2025-06-17T16:57:22","date_gmt":"2025-06-17T14:57:22","guid":{"rendered":"https:\/\/www.mpfiltri.com\/product\/produkt\/"},"modified":"2026-04-01T16:23:24","modified_gmt":"2026-04-01T14:23:24","slug":"portable-servicegeraete","status":"publish","type":"product","link":"https:\/\/www.mpfiltri.com\/de\/produkt\/portable-servicegeraete\/","title":{"rendered":"PORTABLE SERVICEGER\u00c4TE"},"content":{"rendered":"<p><span>Portable Serviceger\u00e4te sind f\u00fcr den tempor\u00e4ren bzw. sporadischen Betrieb an Maschinen konzipiert und werden an deren Fluidsystem angeschlossen. Dieses erm\u00f6glicht eine zeitgesteuerte \u00dcberwachung eingesetzter Fluide direkt vor Ort. Der Produktschwerpunkt liegt dabei auf der Bestimmung feststoffbezogener Verunreinigungen.<\/span><\/p>\n<p><span>In Abh\u00e4ngigkeit vom Produkt, ist dieses optional mit einem Sensorelement zur Bestimmung des relativen Wassergehaltes bzw. Feuchte sowie anderen Messeinrichtungen ausstattbar. <br \/>Diese Art der Zustands\u00fcberwachungseinrichtungen eignet sich vor allem f\u00fcr die industrielle Instandhaltung und Serviceeins\u00e4tze im Feld.<\/span><\/p>\n","protected":false},"excerpt":{"rendered":"<p>Portable Serviceger\u00e4te sind f\u00fcr den tempor\u00e4ren bzw. sporadischen Betrieb an Maschinen konzipiert und werden an deren Fluidsystem angeschlossen. Dieses erm\u00f6glicht eine zeitgesteuerte \u00dcberwachung eingesetzter Fluide direkt vor Ort. Der Produktschwerpunkt liegt dabei auf der Bestimmung feststoffbezogener Verunreinigungen. In Abh\u00e4ngigkeit vom Produkt, ist dieses optional mit einem Sensorelement zur Bestimmung des relativen Wassergehaltes bzw. Feuchte sowie [&hellip;]<\/p>\n","protected":false},"featured_media":39769,"comment_status":"open","ping_status":"closed","template":"","meta":{"_acf_changed":false,"_gspb_post_css":"","inline_featured_image":false,"_genesis_hide_title":false,"_genesis_hide_breadcrumbs":false,"_genesis_hide_singular_image":false,"_genesis_hide_footer_widgets":false,"_genesis_custom_body_class":"","_genesis_custom_post_class":"","_genesis_layout":"","_links_to":"","_links_to_target":""},"product-structure":[61],"product_brand":[],"product_cat":[],"product_tag":[],"class_list":{"0":"post-76780","1":"product","2":"type-product","3":"status-publish","4":"has-post-thumbnail","6":"product-structure-family","7":"entry","9":"first","10":"instock","11":"shipping-taxable","12":"product-type-simple"},"acf":[],"yoast_head":"<!-- This site is optimized with the Yoast SEO plugin v27.2 - https:\/\/yoast.com\/product\/yoast-seo-wordpress\/ -->\n<title>PORTABLE SERVICEGER\u00c4TE - MP Filtri<\/title>\n<meta name=\"robots\" content=\"index, follow, max-snippet:-1, max-image-preview:large, max-video-preview:-1\" \/>\n<link rel=\"canonical\" href=\"https:\/\/www.mpfiltri.com\/de\/produkt\/portable-servicegeraete\/\" \/>\n<meta property=\"og:locale\" content=\"de_DE\" \/>\n<meta property=\"og:type\" content=\"article\" \/>\n<meta property=\"og:title\" content=\"PORTABLE SERVICEGER\u00c4TE - MP Filtri\" \/>\n<meta property=\"og:description\" content=\"Portable Serviceger\u00e4te sind f\u00fcr den tempor\u00e4ren bzw. sporadischen Betrieb an Maschinen konzipiert und werden an deren Fluidsystem angeschlossen. Dieses erm\u00f6glicht eine zeitgesteuerte \u00dcberwachung eingesetzter Fluide direkt vor Ort. Der Produktschwerpunkt liegt dabei auf der Bestimmung feststoffbezogener Verunreinigungen. In Abh\u00e4ngigkeit vom Produkt, ist dieses optional mit einem Sensorelement zur Bestimmung des relativen Wassergehaltes bzw. Feuchte sowie [&hellip;]\" \/>\n<meta property=\"og:url\" content=\"https:\/\/www.mpfiltri.com\/de\/produkt\/portable-servicegeraete\/\" \/>\n<meta property=\"og:site_name\" content=\"MP Filtri\" \/>\n<meta property=\"article:publisher\" content=\"https:\/\/www.facebook.com\/MPFiltriITA\" \/>\n<meta property=\"article:modified_time\" content=\"2026-04-01T14:23:24+00:00\" \/>\n<meta property=\"og:image\" content=\"https:\/\/www.mpfiltri.com\/wp-content\/uploads\/2025\/10\/cmp-contam-monitors.png\" \/>\n\t<meta property=\"og:image:width\" content=\"700\" \/>\n\t<meta property=\"og:image:height\" content=\"700\" \/>\n\t<meta property=\"og:image:type\" content=\"image\/png\" \/>\n<meta name=\"twitter:card\" content=\"summary_large_image\" \/>\n<script type=\"application\/ld+json\" class=\"yoast-schema-graph\">{\"@context\":\"https:\/\/schema.org\",\"@graph\":[{\"@type\":\"WebPage\",\"@id\":\"https:\/\/www.mpfiltri.com\/de\/produkt\/portable-servicegeraete\/\",\"url\":\"https:\/\/www.mpfiltri.com\/de\/produkt\/portable-servicegeraete\/\",\"name\":\"PORTABLE SERVICEGER\u00c4TE - MP Filtri\",\"isPartOf\":{\"@id\":\"https:\/\/www.mpfiltri.com\/de\/#website\"},\"primaryImageOfPage\":{\"@id\":\"https:\/\/www.mpfiltri.com\/de\/produkt\/portable-servicegeraete\/#primaryimage\"},\"image\":{\"@id\":\"https:\/\/www.mpfiltri.com\/de\/produkt\/portable-servicegeraete\/#primaryimage\"},\"thumbnailUrl\":\"https:\/\/www.mpfiltri.com\/wp-content\/uploads\/2025\/10\/cmp-contam-monitors.png\",\"datePublished\":\"2025-06-17T14:57:22+00:00\",\"dateModified\":\"2026-04-01T14:23:24+00:00\",\"breadcrumb\":{\"@id\":\"https:\/\/www.mpfiltri.com\/de\/produkt\/portable-servicegeraete\/#breadcrumb\"},\"inLanguage\":\"de\",\"potentialAction\":[{\"@type\":\"ReadAction\",\"target\":[\"https:\/\/www.mpfiltri.com\/de\/produkt\/portable-servicegeraete\/\"]}]},{\"@type\":\"ImageObject\",\"inLanguage\":\"de\",\"@id\":\"https:\/\/www.mpfiltri.com\/de\/produkt\/portable-servicegeraete\/#primaryimage\",\"url\":\"https:\/\/www.mpfiltri.com\/wp-content\/uploads\/2025\/10\/cmp-contam-monitors.png\",\"contentUrl\":\"https:\/\/www.mpfiltri.com\/wp-content\/uploads\/2025\/10\/cmp-contam-monitors.png\",\"width\":700,\"height\":700},{\"@type\":\"BreadcrumbList\",\"@id\":\"https:\/\/www.mpfiltri.com\/de\/produkt\/portable-servicegeraete\/#breadcrumb\",\"itemListElement\":[{\"@type\":\"ListItem\",\"position\":1,\"name\":\"Home\",\"item\":\"https:\/\/www.mpfiltri.com\/de\/\"},{\"@type\":\"ListItem\",\"position\":2,\"name\":\"Produkte\",\"item\":\"https:\/\/www.mpfiltri.com\/de\/shop\/\"},{\"@type\":\"ListItem\",\"position\":3,\"name\":\"PORTABLE SERVICEGER\u00c4TE\"}]},{\"@type\":\"WebSite\",\"@id\":\"https:\/\/www.mpfiltri.com\/de\/#website\",\"url\":\"https:\/\/www.mpfiltri.com\/de\/\",\"name\":\"MP Filtri\",\"description\":\"\",\"publisher\":{\"@id\":\"https:\/\/www.mpfiltri.com\/de\/#organization\"},\"potentialAction\":[{\"@type\":\"SearchAction\",\"target\":{\"@type\":\"EntryPoint\",\"urlTemplate\":\"https:\/\/www.mpfiltri.com\/de\/?s={search_term_string}\"},\"query-input\":{\"@type\":\"PropertyValueSpecification\",\"valueRequired\":true,\"valueName\":\"search_term_string\"}}],\"inLanguage\":\"de\"},{\"@type\":\"Organization\",\"@id\":\"https:\/\/www.mpfiltri.com\/de\/#organization\",\"name\":\"MP Filtri\",\"url\":\"https:\/\/www.mpfiltri.com\/de\/\",\"logo\":{\"@type\":\"ImageObject\",\"inLanguage\":\"de\",\"@id\":\"https:\/\/www.mpfiltri.com\/de\/#\/schema\/logo\/image\/\",\"url\":\"\",\"contentUrl\":\"\",\"caption\":\"MP Filtri\"},\"image\":{\"@id\":\"https:\/\/www.mpfiltri.com\/de\/#\/schema\/logo\/image\/\"},\"sameAs\":[\"https:\/\/www.facebook.com\/MPFiltriITA\",\"https:\/\/www.instagram.com\/mpfiltri\/\",\"https:\/\/www.youtube.com\/channel\/UCCzNMySYc1c4M-2B4v0K_QA?view_as=subscriber\",\"https:\/\/www.linkedin.com\/company\/mp-filtri-spa\/\"]}]}<\/script>\n<!-- \/ Yoast SEO plugin. -->","yoast_head_json":{"title":"PORTABLE SERVICEGER\u00c4TE - MP Filtri","robots":{"index":"index","follow":"follow","max-snippet":"max-snippet:-1","max-image-preview":"max-image-preview:large","max-video-preview":"max-video-preview:-1"},"canonical":"https:\/\/www.mpfiltri.com\/de\/produkt\/portable-servicegeraete\/","og_locale":"de_DE","og_type":"article","og_title":"PORTABLE SERVICEGER\u00c4TE - MP Filtri","og_description":"Portable Serviceger\u00e4te sind f\u00fcr den tempor\u00e4ren bzw. sporadischen Betrieb an Maschinen konzipiert und werden an deren Fluidsystem angeschlossen. Dieses erm\u00f6glicht eine zeitgesteuerte \u00dcberwachung eingesetzter Fluide direkt vor Ort. Der Produktschwerpunkt liegt dabei auf der Bestimmung feststoffbezogener Verunreinigungen. In Abh\u00e4ngigkeit vom Produkt, ist dieses optional mit einem Sensorelement zur Bestimmung des relativen Wassergehaltes bzw. Feuchte sowie [&hellip;]","og_url":"https:\/\/www.mpfiltri.com\/de\/produkt\/portable-servicegeraete\/","og_site_name":"MP Filtri","article_publisher":"https:\/\/www.facebook.com\/MPFiltriITA","article_modified_time":"2026-04-01T14:23:24+00:00","og_image":[{"width":700,"height":700,"url":"https:\/\/www.mpfiltri.com\/wp-content\/uploads\/2025\/10\/cmp-contam-monitors.png","type":"image\/png"}],"twitter_card":"summary_large_image","schema":{"@context":"https:\/\/schema.org","@graph":[{"@type":"WebPage","@id":"https:\/\/www.mpfiltri.com\/de\/produkt\/portable-servicegeraete\/","url":"https:\/\/www.mpfiltri.com\/de\/produkt\/portable-servicegeraete\/","name":"PORTABLE SERVICEGER\u00c4TE - MP Filtri","isPartOf":{"@id":"https:\/\/www.mpfiltri.com\/de\/#website"},"primaryImageOfPage":{"@id":"https:\/\/www.mpfiltri.com\/de\/produkt\/portable-servicegeraete\/#primaryimage"},"image":{"@id":"https:\/\/www.mpfiltri.com\/de\/produkt\/portable-servicegeraete\/#primaryimage"},"thumbnailUrl":"https:\/\/www.mpfiltri.com\/wp-content\/uploads\/2025\/10\/cmp-contam-monitors.png","datePublished":"2025-06-17T14:57:22+00:00","dateModified":"2026-04-01T14:23:24+00:00","breadcrumb":{"@id":"https:\/\/www.mpfiltri.com\/de\/produkt\/portable-servicegeraete\/#breadcrumb"},"inLanguage":"de","potentialAction":[{"@type":"ReadAction","target":["https:\/\/www.mpfiltri.com\/de\/produkt\/portable-servicegeraete\/"]}]},{"@type":"ImageObject","inLanguage":"de","@id":"https:\/\/www.mpfiltri.com\/de\/produkt\/portable-servicegeraete\/#primaryimage","url":"https:\/\/www.mpfiltri.com\/wp-content\/uploads\/2025\/10\/cmp-contam-monitors.png","contentUrl":"https:\/\/www.mpfiltri.com\/wp-content\/uploads\/2025\/10\/cmp-contam-monitors.png","width":700,"height":700},{"@type":"BreadcrumbList","@id":"https:\/\/www.mpfiltri.com\/de\/produkt\/portable-servicegeraete\/#breadcrumb","itemListElement":[{"@type":"ListItem","position":1,"name":"Home","item":"https:\/\/www.mpfiltri.com\/de\/"},{"@type":"ListItem","position":2,"name":"Produkte","item":"https:\/\/www.mpfiltri.com\/de\/shop\/"},{"@type":"ListItem","position":3,"name":"PORTABLE SERVICEGER\u00c4TE"}]},{"@type":"WebSite","@id":"https:\/\/www.mpfiltri.com\/de\/#website","url":"https:\/\/www.mpfiltri.com\/de\/","name":"MP Filtri","description":"","publisher":{"@id":"https:\/\/www.mpfiltri.com\/de\/#organization"},"potentialAction":[{"@type":"SearchAction","target":{"@type":"EntryPoint","urlTemplate":"https:\/\/www.mpfiltri.com\/de\/?s={search_term_string}"},"query-input":{"@type":"PropertyValueSpecification","valueRequired":true,"valueName":"search_term_string"}}],"inLanguage":"de"},{"@type":"Organization","@id":"https:\/\/www.mpfiltri.com\/de\/#organization","name":"MP Filtri","url":"https:\/\/www.mpfiltri.com\/de\/","logo":{"@type":"ImageObject","inLanguage":"de","@id":"https:\/\/www.mpfiltri.com\/de\/#\/schema\/logo\/image\/","url":"","contentUrl":"","caption":"MP Filtri"},"image":{"@id":"https:\/\/www.mpfiltri.com\/de\/#\/schema\/logo\/image\/"},"sameAs":["https:\/\/www.facebook.com\/MPFiltriITA","https:\/\/www.instagram.com\/mpfiltri\/","https:\/\/www.youtube.com\/channel\/UCCzNMySYc1c4M-2B4v0K_QA?view_as=subscriber","https:\/\/www.linkedin.com\/company\/mp-filtri-spa\/"]}]}},"_links":{"self":[{"href":"https:\/\/www.mpfiltri.com\/de\/wp-json\/wp\/v2\/product\/76780","targetHints":{"allow":["GET"]}}],"collection":[{"href":"https:\/\/www.mpfiltri.com\/de\/wp-json\/wp\/v2\/product"}],"about":[{"href":"https:\/\/www.mpfiltri.com\/de\/wp-json\/wp\/v2\/types\/product"}],"replies":[{"embeddable":true,"href":"https:\/\/www.mpfiltri.com\/de\/wp-json\/wp\/v2\/comments?post=76780"}],"wp:featuredmedia":[{"embeddable":true,"href":"https:\/\/www.mpfiltri.com\/de\/wp-json\/wp\/v2\/media\/39769"}],"wp:attachment":[{"href":"https:\/\/www.mpfiltri.com\/de\/wp-json\/wp\/v2\/media?parent=76780"}],"wp:term":[{"taxonomy":"product-structure","embeddable":true,"href":"https:\/\/www.mpfiltri.com\/de\/wp-json\/wp\/v2\/product-structure?post=76780"},{"taxonomy":"product_brand","embeddable":true,"href":"https:\/\/www.mpfiltri.com\/de\/wp-json\/wp\/v2\/product_brand?post=76780"},{"taxonomy":"product_cat","embeddable":true,"href":"https:\/\/www.mpfiltri.com\/de\/wp-json\/wp\/v2\/product_cat?post=76780"},{"taxonomy":"product_tag","embeddable":true,"href":"https:\/\/www.mpfiltri.com\/de\/wp-json\/wp\/v2\/product_tag?post=76780"}],"curies":[{"name":"wp","href":"https:\/\/api.w.org\/{rel}","templated":true}]}}