

{"id":76777,"date":"2025-06-16T16:44:22","date_gmt":"2025-06-16T14:44:22","guid":{"rendered":"https:\/\/www.mpfiltri.com\/product\/produkt\/"},"modified":"2026-04-01T16:23:35","modified_gmt":"2026-04-01T14:23:35","slug":"lmp-124","status":"publish","type":"product","link":"https:\/\/www.mpfiltri.com\/de\/produkt\/lmp-124\/","title":{"rendered":"LMP 124"},"content":{"rendered":"<p>Kombinierter &#8220;R\u00fccklauf\/Saug&#8221;-Leitungsfilter f\u00fcr mobile Maschinen. Betriebsdruck bis zu 80 bar (1160 psi), Durchflussmengen bis zu 120 l\/min (32 gpm), Gewindeanschl\u00fcsse 1&#8243; BSP\/SAE.<\/p>\n<p>Erh\u00e4ltlich in MULTIPORT-Ausf\u00fchrung, speziell f\u00fcr hydrostatische Getriebeanwendungen mit offenen Hilfskreisl\u00e4ufen, die den R\u00fccklauf im offenen Kreislauf filtern und die Saugleitung der Ladepumpe mit 0,5 bar Vorspannung versehen, um Kavitation beim Kaltstart zu vermeiden. Verschiedene Anschlussoptionen mit kombinierten R\u00fccklauf-\/Saugfunktionen mit verschiedenen Ventiloptionen.<\/p>\n<p>Siehe die <a href=\"https:\/\/www.mpfiltri.com\/de\/ressourcen\/informationscenter\/infocenter-hydraulikfiltration\/fluid-kompatibilitatstabellen\/\" title=\"https:\/\/www.mpfiltri.com\/de\/resources\/knowledge-center\/hydraulic-filtration-knowledge\/fluid-compatibility-table\/\" target=\"_blank\">entsprechendeTabelle<\/a> zur Kompatibilit\u00e4t von Fl\u00fcssigkeiten.<\/p>\n","protected":false},"excerpt":{"rendered":"<p>Kombinierter &#8220;R\u00fccklauf\/Saug&#8221;-Leitungsfilter f\u00fcr mobile Maschinen. Betriebsdruck bis zu 80 bar (1160 psi), Durchflussmengen bis zu 120 l\/min (32 gpm), Gewindeanschl\u00fcsse 1&#8243; BSP\/SAE. Erh\u00e4ltlich in MULTIPORT-Ausf\u00fchrung, speziell f\u00fcr hydrostatische Getriebeanwendungen mit offenen Hilfskreisl\u00e4ufen, die den R\u00fccklauf im offenen Kreislauf filtern und die Saugleitung der Ladepumpe mit 0,5 bar Vorspannung versehen, um Kavitation beim Kaltstart zu vermeiden. [&hellip;]<\/p>\n","protected":false},"featured_media":0,"comment_status":"open","ping_status":"closed","template":"","meta":{"_acf_changed":false,"_gspb_post_css":"","inline_featured_image":false,"_genesis_hide_title":false,"_genesis_hide_breadcrumbs":false,"_genesis_hide_singular_image":false,"_genesis_hide_footer_widgets":false,"_genesis_custom_body_class":"","_genesis_custom_post_class":"","_genesis_layout":"","_links_to":"","_links_to_target":""},"product-structure":[62],"product_brand":[],"product_cat":[13189,13126,13203,13290,13224,13161,13196,13243,13230],"product_tag":[],"class_list":{"0":"post-76777","1":"product","2":"type-product","3":"status-publish","5":"product-structure-series","6":"product_cat-anwendungen","7":"product_cat-baumaschinen","8":"product_cat-foerdertechnik","9":"product_cat-hydraulikanlagen","10":"product_cat-kommunaltechnik-und-nutzfahrzeuge","11":"product_cat-land-und-forstmaschinen","12":"product_cat-mobile-anwendungen","13":"product_cat-stahlwerke-und-metallverarbeitung","14":"product_cat-stationaere-anwendungen","15":"entry","17":"first","18":"instock","19":"shipping-taxable","20":"product-type-simple"},"acf":[],"yoast_head":"<!-- This site is optimized with the Yoast SEO plugin v27.2 - https:\/\/yoast.com\/product\/yoast-seo-wordpress\/ -->\n<title>LMP 124 - MP Filtri<\/title>\n<meta name=\"robots\" content=\"index, follow, max-snippet:-1, max-image-preview:large, max-video-preview:-1\" \/>\n<link rel=\"canonical\" href=\"https:\/\/www.mpfiltri.com\/de\/produkt\/lmp-124\/\" \/>\n<meta property=\"og:locale\" content=\"de_DE\" \/>\n<meta property=\"og:type\" content=\"article\" \/>\n<meta property=\"og:title\" content=\"LMP 124 - MP Filtri\" \/>\n<meta property=\"og:description\" content=\"Kombinierter &#8220;R\u00fccklauf\/Saug&#8221;-Leitungsfilter f\u00fcr mobile Maschinen. Betriebsdruck bis zu 80 bar (1160 psi), Durchflussmengen bis zu 120 l\/min (32 gpm), Gewindeanschl\u00fcsse 1&#8243; BSP\/SAE. Erh\u00e4ltlich in MULTIPORT-Ausf\u00fchrung, speziell f\u00fcr hydrostatische Getriebeanwendungen mit offenen Hilfskreisl\u00e4ufen, die den R\u00fccklauf im offenen Kreislauf filtern und die Saugleitung der Ladepumpe mit 0,5 bar Vorspannung versehen, um Kavitation beim Kaltstart zu vermeiden. [&hellip;]\" \/>\n<meta property=\"og:url\" content=\"https:\/\/www.mpfiltri.com\/de\/produkt\/lmp-124\/\" \/>\n<meta property=\"og:site_name\" content=\"MP Filtri\" \/>\n<meta property=\"article:publisher\" content=\"https:\/\/www.facebook.com\/MPFiltriITA\" \/>\n<meta property=\"article:modified_time\" content=\"2026-04-01T14:23:35+00:00\" \/>\n<meta name=\"twitter:card\" content=\"summary_large_image\" \/>\n<script type=\"application\/ld+json\" class=\"yoast-schema-graph\">{\"@context\":\"https:\/\/schema.org\",\"@graph\":[{\"@type\":\"WebPage\",\"@id\":\"https:\/\/www.mpfiltri.com\/de\/produkt\/lmp-124\/\",\"url\":\"https:\/\/www.mpfiltri.com\/de\/produkt\/lmp-124\/\",\"name\":\"LMP 124 - MP Filtri\",\"isPartOf\":{\"@id\":\"https:\/\/www.mpfiltri.com\/de\/#website\"},\"datePublished\":\"2025-06-16T14:44:22+00:00\",\"dateModified\":\"2026-04-01T14:23:35+00:00\",\"breadcrumb\":{\"@id\":\"https:\/\/www.mpfiltri.com\/de\/produkt\/lmp-124\/#breadcrumb\"},\"inLanguage\":\"de\",\"potentialAction\":[{\"@type\":\"ReadAction\",\"target\":[\"https:\/\/www.mpfiltri.com\/de\/produkt\/lmp-124\/\"]}]},{\"@type\":\"BreadcrumbList\",\"@id\":\"https:\/\/www.mpfiltri.com\/de\/produkt\/lmp-124\/#breadcrumb\",\"itemListElement\":[{\"@type\":\"ListItem\",\"position\":1,\"name\":\"Home\",\"item\":\"https:\/\/www.mpfiltri.com\/de\/\"},{\"@type\":\"ListItem\",\"position\":2,\"name\":\"Produkte\",\"item\":\"https:\/\/www.mpfiltri.com\/de\/shop\/\"},{\"@type\":\"ListItem\",\"position\":3,\"name\":\"LMP 124\"}]},{\"@type\":\"WebSite\",\"@id\":\"https:\/\/www.mpfiltri.com\/de\/#website\",\"url\":\"https:\/\/www.mpfiltri.com\/de\/\",\"name\":\"MP Filtri\",\"description\":\"\",\"publisher\":{\"@id\":\"https:\/\/www.mpfiltri.com\/de\/#organization\"},\"potentialAction\":[{\"@type\":\"SearchAction\",\"target\":{\"@type\":\"EntryPoint\",\"urlTemplate\":\"https:\/\/www.mpfiltri.com\/de\/?s={search_term_string}\"},\"query-input\":{\"@type\":\"PropertyValueSpecification\",\"valueRequired\":true,\"valueName\":\"search_term_string\"}}],\"inLanguage\":\"de\"},{\"@type\":\"Organization\",\"@id\":\"https:\/\/www.mpfiltri.com\/de\/#organization\",\"name\":\"MP Filtri\",\"url\":\"https:\/\/www.mpfiltri.com\/de\/\",\"logo\":{\"@type\":\"ImageObject\",\"inLanguage\":\"de\",\"@id\":\"https:\/\/www.mpfiltri.com\/de\/#\/schema\/logo\/image\/\",\"url\":\"\",\"contentUrl\":\"\",\"caption\":\"MP Filtri\"},\"image\":{\"@id\":\"https:\/\/www.mpfiltri.com\/de\/#\/schema\/logo\/image\/\"},\"sameAs\":[\"https:\/\/www.facebook.com\/MPFiltriITA\",\"https:\/\/www.instagram.com\/mpfiltri\/\",\"https:\/\/www.youtube.com\/channel\/UCCzNMySYc1c4M-2B4v0K_QA?view_as=subscriber\",\"https:\/\/www.linkedin.com\/company\/mp-filtri-spa\/\"]}]}<\/script>\n<!-- \/ Yoast SEO plugin. -->","yoast_head_json":{"title":"LMP 124 - MP Filtri","robots":{"index":"index","follow":"follow","max-snippet":"max-snippet:-1","max-image-preview":"max-image-preview:large","max-video-preview":"max-video-preview:-1"},"canonical":"https:\/\/www.mpfiltri.com\/de\/produkt\/lmp-124\/","og_locale":"de_DE","og_type":"article","og_title":"LMP 124 - MP Filtri","og_description":"Kombinierter &#8220;R\u00fccklauf\/Saug&#8221;-Leitungsfilter f\u00fcr mobile Maschinen. Betriebsdruck bis zu 80 bar (1160 psi), Durchflussmengen bis zu 120 l\/min (32 gpm), Gewindeanschl\u00fcsse 1&#8243; BSP\/SAE. Erh\u00e4ltlich in MULTIPORT-Ausf\u00fchrung, speziell f\u00fcr hydrostatische Getriebeanwendungen mit offenen Hilfskreisl\u00e4ufen, die den R\u00fccklauf im offenen Kreislauf filtern und die Saugleitung der Ladepumpe mit 0,5 bar Vorspannung versehen, um Kavitation beim Kaltstart zu vermeiden. [&hellip;]","og_url":"https:\/\/www.mpfiltri.com\/de\/produkt\/lmp-124\/","og_site_name":"MP Filtri","article_publisher":"https:\/\/www.facebook.com\/MPFiltriITA","article_modified_time":"2026-04-01T14:23:35+00:00","twitter_card":"summary_large_image","schema":{"@context":"https:\/\/schema.org","@graph":[{"@type":"WebPage","@id":"https:\/\/www.mpfiltri.com\/de\/produkt\/lmp-124\/","url":"https:\/\/www.mpfiltri.com\/de\/produkt\/lmp-124\/","name":"LMP 124 - MP Filtri","isPartOf":{"@id":"https:\/\/www.mpfiltri.com\/de\/#website"},"datePublished":"2025-06-16T14:44:22+00:00","dateModified":"2026-04-01T14:23:35+00:00","breadcrumb":{"@id":"https:\/\/www.mpfiltri.com\/de\/produkt\/lmp-124\/#breadcrumb"},"inLanguage":"de","potentialAction":[{"@type":"ReadAction","target":["https:\/\/www.mpfiltri.com\/de\/produkt\/lmp-124\/"]}]},{"@type":"BreadcrumbList","@id":"https:\/\/www.mpfiltri.com\/de\/produkt\/lmp-124\/#breadcrumb","itemListElement":[{"@type":"ListItem","position":1,"name":"Home","item":"https:\/\/www.mpfiltri.com\/de\/"},{"@type":"ListItem","position":2,"name":"Produkte","item":"https:\/\/www.mpfiltri.com\/de\/shop\/"},{"@type":"ListItem","position":3,"name":"LMP 124"}]},{"@type":"WebSite","@id":"https:\/\/www.mpfiltri.com\/de\/#website","url":"https:\/\/www.mpfiltri.com\/de\/","name":"MP Filtri","description":"","publisher":{"@id":"https:\/\/www.mpfiltri.com\/de\/#organization"},"potentialAction":[{"@type":"SearchAction","target":{"@type":"EntryPoint","urlTemplate":"https:\/\/www.mpfiltri.com\/de\/?s={search_term_string}"},"query-input":{"@type":"PropertyValueSpecification","valueRequired":true,"valueName":"search_term_string"}}],"inLanguage":"de"},{"@type":"Organization","@id":"https:\/\/www.mpfiltri.com\/de\/#organization","name":"MP Filtri","url":"https:\/\/www.mpfiltri.com\/de\/","logo":{"@type":"ImageObject","inLanguage":"de","@id":"https:\/\/www.mpfiltri.com\/de\/#\/schema\/logo\/image\/","url":"","contentUrl":"","caption":"MP Filtri"},"image":{"@id":"https:\/\/www.mpfiltri.com\/de\/#\/schema\/logo\/image\/"},"sameAs":["https:\/\/www.facebook.com\/MPFiltriITA","https:\/\/www.instagram.com\/mpfiltri\/","https:\/\/www.youtube.com\/channel\/UCCzNMySYc1c4M-2B4v0K_QA?view_as=subscriber","https:\/\/www.linkedin.com\/company\/mp-filtri-spa\/"]}]}},"_links":{"self":[{"href":"https:\/\/www.mpfiltri.com\/de\/wp-json\/wp\/v2\/product\/76777","targetHints":{"allow":["GET"]}}],"collection":[{"href":"https:\/\/www.mpfiltri.com\/de\/wp-json\/wp\/v2\/product"}],"about":[{"href":"https:\/\/www.mpfiltri.com\/de\/wp-json\/wp\/v2\/types\/product"}],"replies":[{"embeddable":true,"href":"https:\/\/www.mpfiltri.com\/de\/wp-json\/wp\/v2\/comments?post=76777"}],"wp:attachment":[{"href":"https:\/\/www.mpfiltri.com\/de\/wp-json\/wp\/v2\/media?parent=76777"}],"wp:term":[{"taxonomy":"product-structure","embeddable":true,"href":"https:\/\/www.mpfiltri.com\/de\/wp-json\/wp\/v2\/product-structure?post=76777"},{"taxonomy":"product_brand","embeddable":true,"href":"https:\/\/www.mpfiltri.com\/de\/wp-json\/wp\/v2\/product_brand?post=76777"},{"taxonomy":"product_cat","embeddable":true,"href":"https:\/\/www.mpfiltri.com\/de\/wp-json\/wp\/v2\/product_cat?post=76777"},{"taxonomy":"product_tag","embeddable":true,"href":"https:\/\/www.mpfiltri.com\/de\/wp-json\/wp\/v2\/product_tag?post=76777"}],"curies":[{"name":"wp","href":"https:\/\/api.w.org\/{rel}","templated":true}]}}