

{"id":76774,"date":"2025-06-16T16:41:51","date_gmt":"2025-06-16T14:41:51","guid":{"rendered":"https:\/\/www.mpfiltri.com\/product\/produkt\/"},"modified":"2026-04-01T16:23:51","modified_gmt":"2026-04-01T14:23:51","slug":"fzb","status":"publish","type":"product","link":"https:\/\/www.mpfiltri.com\/de\/produkt\/fzb\/","title":{"rendered":"FZB"},"content":{"rendered":"<p>Verteilerseitig montierter Druckfilter aus Edelstahl. Betriebsdruck bis zu 320 bar (4641 psi), Durchflussmengen bis zu 75 l\/min (20 gpm).<\/p>\n<p>Direkte seitliche Montage auf Verteilern aus Edelstahl, wodurch die Gesamtabmessungen, die Rohrleitungen und die zum Schutz der empfindlichen Ventile und Schaltkreise erforderlichen Adapter reduziert werden. Geeignet f\u00fcr Anwendungen bei niedrigen Temperaturen, in korrosiven Umgebungen und f\u00fcr spezielle Fl\u00fcssigkeiten in der Offshore-\u00d6lindustrie sowie f\u00fcr anspruchsvolle hydraulische Anwendungen.<\/p>\n<p>Siehe die entsprechende Tabelle zur Kompatibilit\u00e4t von Fl\u00fcssigkeiten.<\/p><\/p>\n","protected":false},"excerpt":{"rendered":"<p>Verteilerseitig montierter Druckfilter aus Edelstahl. Betriebsdruck bis zu 320 bar (4641 psi), Durchflussmengen bis zu 75 l\/min (20 gpm). Direkte seitliche Montage auf Verteilern aus Edelstahl, wodurch die Gesamtabmessungen, die Rohrleitungen und die zum Schutz der empfindlichen Ventile und Schaltkreise erforderlichen Adapter reduziert werden. Geeignet f\u00fcr Anwendungen bei niedrigen Temperaturen, in korrosiven Umgebungen und f\u00fcr [&hellip;]<\/p>\n","protected":false},"featured_media":0,"comment_status":"open","ping_status":"closed","template":"","meta":{"_acf_changed":false,"_gspb_post_css":"","inline_featured_image":false,"_genesis_hide_title":false,"_genesis_hide_breadcrumbs":false,"_genesis_hide_singular_image":false,"_genesis_hide_footer_widgets":false,"_genesis_custom_body_class":"","_genesis_custom_post_class":"","_genesis_layout":"","_links_to":"","_links_to_target":""},"product-structure":[62],"product_brand":[],"product_cat":[13210,13236,13250,13290,13196,13230],"product_tag":[],"class_list":{"0":"post-76774","1":"product","2":"type-product","3":"status-publish","5":"product-structure-series","6":"product_cat-bergbau","7":"product_cat-chemie-oel-gas","8":"product_cat-energie","9":"product_cat-hydraulikanlagen","10":"product_cat-mobile-anwendungen","11":"product_cat-stationaere-anwendungen","12":"entry","14":"first","15":"instock","16":"shipping-taxable","17":"product-type-simple"},"acf":[],"yoast_head":"<!-- This site is optimized with the Yoast SEO plugin v27.2 - https:\/\/yoast.com\/product\/yoast-seo-wordpress\/ -->\n<title>FZB - MP Filtri<\/title>\n<meta name=\"robots\" content=\"index, follow, max-snippet:-1, max-image-preview:large, max-video-preview:-1\" \/>\n<link rel=\"canonical\" href=\"https:\/\/www.mpfiltri.com\/de\/produkt\/fzb\/\" \/>\n<meta property=\"og:locale\" content=\"de_DE\" \/>\n<meta property=\"og:type\" content=\"article\" \/>\n<meta property=\"og:title\" content=\"FZB - MP Filtri\" \/>\n<meta property=\"og:description\" content=\"Verteilerseitig montierter Druckfilter aus Edelstahl. Betriebsdruck bis zu 320 bar (4641 psi), Durchflussmengen bis zu 75 l\/min (20 gpm). Direkte seitliche Montage auf Verteilern aus Edelstahl, wodurch die Gesamtabmessungen, die Rohrleitungen und die zum Schutz der empfindlichen Ventile und Schaltkreise erforderlichen Adapter reduziert werden. Geeignet f\u00fcr Anwendungen bei niedrigen Temperaturen, in korrosiven Umgebungen und f\u00fcr [&hellip;]\" \/>\n<meta property=\"og:url\" content=\"https:\/\/www.mpfiltri.com\/de\/produkt\/fzb\/\" \/>\n<meta property=\"og:site_name\" content=\"MP Filtri\" \/>\n<meta property=\"article:publisher\" content=\"https:\/\/www.facebook.com\/MPFiltriITA\" \/>\n<meta property=\"article:modified_time\" content=\"2026-04-01T14:23:51+00:00\" \/>\n<meta name=\"twitter:card\" content=\"summary_large_image\" \/>\n<script type=\"application\/ld+json\" class=\"yoast-schema-graph\">{\"@context\":\"https:\/\/schema.org\",\"@graph\":[{\"@type\":\"WebPage\",\"@id\":\"https:\/\/www.mpfiltri.com\/de\/produkt\/fzb\/\",\"url\":\"https:\/\/www.mpfiltri.com\/de\/produkt\/fzb\/\",\"name\":\"FZB - MP Filtri\",\"isPartOf\":{\"@id\":\"https:\/\/www.mpfiltri.com\/de\/#website\"},\"datePublished\":\"2025-06-16T14:41:51+00:00\",\"dateModified\":\"2026-04-01T14:23:51+00:00\",\"breadcrumb\":{\"@id\":\"https:\/\/www.mpfiltri.com\/de\/produkt\/fzb\/#breadcrumb\"},\"inLanguage\":\"de\",\"potentialAction\":[{\"@type\":\"ReadAction\",\"target\":[\"https:\/\/www.mpfiltri.com\/de\/produkt\/fzb\/\"]}]},{\"@type\":\"BreadcrumbList\",\"@id\":\"https:\/\/www.mpfiltri.com\/de\/produkt\/fzb\/#breadcrumb\",\"itemListElement\":[{\"@type\":\"ListItem\",\"position\":1,\"name\":\"Home\",\"item\":\"https:\/\/www.mpfiltri.com\/de\/\"},{\"@type\":\"ListItem\",\"position\":2,\"name\":\"Produkte\",\"item\":\"https:\/\/www.mpfiltri.com\/de\/shop\/\"},{\"@type\":\"ListItem\",\"position\":3,\"name\":\"FZB\"}]},{\"@type\":\"WebSite\",\"@id\":\"https:\/\/www.mpfiltri.com\/de\/#website\",\"url\":\"https:\/\/www.mpfiltri.com\/de\/\",\"name\":\"MP Filtri\",\"description\":\"\",\"publisher\":{\"@id\":\"https:\/\/www.mpfiltri.com\/de\/#organization\"},\"potentialAction\":[{\"@type\":\"SearchAction\",\"target\":{\"@type\":\"EntryPoint\",\"urlTemplate\":\"https:\/\/www.mpfiltri.com\/de\/?s={search_term_string}\"},\"query-input\":{\"@type\":\"PropertyValueSpecification\",\"valueRequired\":true,\"valueName\":\"search_term_string\"}}],\"inLanguage\":\"de\"},{\"@type\":\"Organization\",\"@id\":\"https:\/\/www.mpfiltri.com\/de\/#organization\",\"name\":\"MP Filtri\",\"url\":\"https:\/\/www.mpfiltri.com\/de\/\",\"logo\":{\"@type\":\"ImageObject\",\"inLanguage\":\"de\",\"@id\":\"https:\/\/www.mpfiltri.com\/de\/#\/schema\/logo\/image\/\",\"url\":\"\",\"contentUrl\":\"\",\"caption\":\"MP Filtri\"},\"image\":{\"@id\":\"https:\/\/www.mpfiltri.com\/de\/#\/schema\/logo\/image\/\"},\"sameAs\":[\"https:\/\/www.facebook.com\/MPFiltriITA\",\"https:\/\/www.instagram.com\/mpfiltri\/\",\"https:\/\/www.youtube.com\/channel\/UCCzNMySYc1c4M-2B4v0K_QA?view_as=subscriber\",\"https:\/\/www.linkedin.com\/company\/mp-filtri-spa\/\"]}]}<\/script>\n<!-- \/ Yoast SEO plugin. -->","yoast_head_json":{"title":"FZB - MP Filtri","robots":{"index":"index","follow":"follow","max-snippet":"max-snippet:-1","max-image-preview":"max-image-preview:large","max-video-preview":"max-video-preview:-1"},"canonical":"https:\/\/www.mpfiltri.com\/de\/produkt\/fzb\/","og_locale":"de_DE","og_type":"article","og_title":"FZB - MP Filtri","og_description":"Verteilerseitig montierter Druckfilter aus Edelstahl. Betriebsdruck bis zu 320 bar (4641 psi), Durchflussmengen bis zu 75 l\/min (20 gpm). Direkte seitliche Montage auf Verteilern aus Edelstahl, wodurch die Gesamtabmessungen, die Rohrleitungen und die zum Schutz der empfindlichen Ventile und Schaltkreise erforderlichen Adapter reduziert werden. Geeignet f\u00fcr Anwendungen bei niedrigen Temperaturen, in korrosiven Umgebungen und f\u00fcr [&hellip;]","og_url":"https:\/\/www.mpfiltri.com\/de\/produkt\/fzb\/","og_site_name":"MP Filtri","article_publisher":"https:\/\/www.facebook.com\/MPFiltriITA","article_modified_time":"2026-04-01T14:23:51+00:00","twitter_card":"summary_large_image","schema":{"@context":"https:\/\/schema.org","@graph":[{"@type":"WebPage","@id":"https:\/\/www.mpfiltri.com\/de\/produkt\/fzb\/","url":"https:\/\/www.mpfiltri.com\/de\/produkt\/fzb\/","name":"FZB - MP Filtri","isPartOf":{"@id":"https:\/\/www.mpfiltri.com\/de\/#website"},"datePublished":"2025-06-16T14:41:51+00:00","dateModified":"2026-04-01T14:23:51+00:00","breadcrumb":{"@id":"https:\/\/www.mpfiltri.com\/de\/produkt\/fzb\/#breadcrumb"},"inLanguage":"de","potentialAction":[{"@type":"ReadAction","target":["https:\/\/www.mpfiltri.com\/de\/produkt\/fzb\/"]}]},{"@type":"BreadcrumbList","@id":"https:\/\/www.mpfiltri.com\/de\/produkt\/fzb\/#breadcrumb","itemListElement":[{"@type":"ListItem","position":1,"name":"Home","item":"https:\/\/www.mpfiltri.com\/de\/"},{"@type":"ListItem","position":2,"name":"Produkte","item":"https:\/\/www.mpfiltri.com\/de\/shop\/"},{"@type":"ListItem","position":3,"name":"FZB"}]},{"@type":"WebSite","@id":"https:\/\/www.mpfiltri.com\/de\/#website","url":"https:\/\/www.mpfiltri.com\/de\/","name":"MP Filtri","description":"","publisher":{"@id":"https:\/\/www.mpfiltri.com\/de\/#organization"},"potentialAction":[{"@type":"SearchAction","target":{"@type":"EntryPoint","urlTemplate":"https:\/\/www.mpfiltri.com\/de\/?s={search_term_string}"},"query-input":{"@type":"PropertyValueSpecification","valueRequired":true,"valueName":"search_term_string"}}],"inLanguage":"de"},{"@type":"Organization","@id":"https:\/\/www.mpfiltri.com\/de\/#organization","name":"MP Filtri","url":"https:\/\/www.mpfiltri.com\/de\/","logo":{"@type":"ImageObject","inLanguage":"de","@id":"https:\/\/www.mpfiltri.com\/de\/#\/schema\/logo\/image\/","url":"","contentUrl":"","caption":"MP Filtri"},"image":{"@id":"https:\/\/www.mpfiltri.com\/de\/#\/schema\/logo\/image\/"},"sameAs":["https:\/\/www.facebook.com\/MPFiltriITA","https:\/\/www.instagram.com\/mpfiltri\/","https:\/\/www.youtube.com\/channel\/UCCzNMySYc1c4M-2B4v0K_QA?view_as=subscriber","https:\/\/www.linkedin.com\/company\/mp-filtri-spa\/"]}]}},"_links":{"self":[{"href":"https:\/\/www.mpfiltri.com\/de\/wp-json\/wp\/v2\/product\/76774","targetHints":{"allow":["GET"]}}],"collection":[{"href":"https:\/\/www.mpfiltri.com\/de\/wp-json\/wp\/v2\/product"}],"about":[{"href":"https:\/\/www.mpfiltri.com\/de\/wp-json\/wp\/v2\/types\/product"}],"replies":[{"embeddable":true,"href":"https:\/\/www.mpfiltri.com\/de\/wp-json\/wp\/v2\/comments?post=76774"}],"wp:attachment":[{"href":"https:\/\/www.mpfiltri.com\/de\/wp-json\/wp\/v2\/media?parent=76774"}],"wp:term":[{"taxonomy":"product-structure","embeddable":true,"href":"https:\/\/www.mpfiltri.com\/de\/wp-json\/wp\/v2\/product-structure?post=76774"},{"taxonomy":"product_brand","embeddable":true,"href":"https:\/\/www.mpfiltri.com\/de\/wp-json\/wp\/v2\/product_brand?post=76774"},{"taxonomy":"product_cat","embeddable":true,"href":"https:\/\/www.mpfiltri.com\/de\/wp-json\/wp\/v2\/product_cat?post=76774"},{"taxonomy":"product_tag","embeddable":true,"href":"https:\/\/www.mpfiltri.com\/de\/wp-json\/wp\/v2\/product_tag?post=76774"}],"curies":[{"name":"wp","href":"https:\/\/api.w.org\/{rel}","templated":true}]}}