

{"id":76771,"date":"2025-06-16T15:14:58","date_gmt":"2025-06-16T13:14:58","guid":{"rendered":"https:\/\/www.mpfiltri.com\/product\/produkt\/"},"modified":"2026-04-01T16:24:15","modified_gmt":"2026-04-01T14:24:15","slug":"strc","status":"publish","type":"product","link":"https:\/\/www.mpfiltri.com\/de\/produkt\/strc\/","title":{"rendered":"STRC"},"content":{"rendered":"<p>STRC sind Saugk\u00f6rbe zum Schutz der nachgeschalteten Pumpe vor groben Verunreinigungen. Sie werden unterhalb des \u00d6lstands direkt an die Saugleitung der Pumpe angeschlossen. Ein  Bypassventil dient zur Entlastung eines \u00fcberm\u00e4\u00dfigen Druckabfalls \u00fcber dem Filtermedium.<\/p>\n","protected":false},"excerpt":{"rendered":"<p>STRC sind Saugk\u00f6rbe zum Schutz der nachgeschalteten Pumpe vor groben Verunreinigungen. Sie werden unterhalb des \u00d6lstands direkt an die Saugleitung der Pumpe angeschlossen. Ein Bypassventil dient zur Entlastung eines \u00fcberm\u00e4\u00dfigen Druckabfalls \u00fcber dem Filtermedium.<\/p>\n","protected":false},"featured_media":0,"comment_status":"open","ping_status":"closed","template":"","meta":{"_acf_changed":false,"_gspb_post_css":"","inline_featured_image":false,"_genesis_hide_title":false,"_genesis_hide_breadcrumbs":false,"_genesis_hide_singular_image":false,"_genesis_hide_footer_widgets":false,"_genesis_custom_body_class":"","_genesis_custom_post_class":"","_genesis_layout":"","_links_to":"","_links_to_target":""},"product-structure":[62],"product_brand":[],"product_cat":[13236,13250,13290,13224,13161,13217,13196,13278,13243,13230,13264,13257],"product_tag":[],"class_list":{"0":"post-76771","1":"product","2":"type-product","3":"status-publish","5":"product-structure-series","6":"product_cat-chemie-oel-gas","7":"product_cat-energie","8":"product_cat-hydraulikanlagen","9":"product_cat-kommunaltechnik-und-nutzfahrzeuge","10":"product_cat-land-und-forstmaschinen","11":"product_cat-luftfahrt-und-marine","12":"product_cat-mobile-anwendungen","13":"product_cat-pressen-und-umformmaschinen","14":"product_cat-stahlwerke-und-metallverarbeitung","15":"product_cat-stationaere-anwendungen","16":"product_cat-textil-holz-und-papier","17":"product_cat-verpackung-nahrungs-und-genussmittel","18":"entry","20":"first","21":"instock","22":"shipping-taxable","23":"product-type-simple"},"acf":[],"yoast_head":"<!-- This site is optimized with the Yoast SEO plugin v27.2 - https:\/\/yoast.com\/product\/yoast-seo-wordpress\/ -->\n<title>STRC - MP Filtri<\/title>\n<meta name=\"robots\" content=\"index, follow, max-snippet:-1, max-image-preview:large, max-video-preview:-1\" \/>\n<link rel=\"canonical\" href=\"https:\/\/www.mpfiltri.com\/de\/produkt\/strc\/\" \/>\n<meta property=\"og:locale\" content=\"de_DE\" \/>\n<meta property=\"og:type\" content=\"article\" \/>\n<meta property=\"og:title\" content=\"STRC - MP Filtri\" \/>\n<meta property=\"og:description\" content=\"STRC sind Saugk\u00f6rbe zum Schutz der nachgeschalteten Pumpe vor groben Verunreinigungen. Sie werden unterhalb des \u00d6lstands direkt an die Saugleitung der Pumpe angeschlossen. Ein Bypassventil dient zur Entlastung eines \u00fcberm\u00e4\u00dfigen Druckabfalls \u00fcber dem Filtermedium.\" \/>\n<meta property=\"og:url\" content=\"https:\/\/www.mpfiltri.com\/de\/produkt\/strc\/\" \/>\n<meta property=\"og:site_name\" content=\"MP Filtri\" \/>\n<meta property=\"article:publisher\" content=\"https:\/\/www.facebook.com\/MPFiltriITA\" \/>\n<meta property=\"article:modified_time\" content=\"2026-04-01T14:24:15+00:00\" \/>\n<meta name=\"twitter:card\" content=\"summary_large_image\" \/>\n<script type=\"application\/ld+json\" class=\"yoast-schema-graph\">{\"@context\":\"https:\/\/schema.org\",\"@graph\":[{\"@type\":\"WebPage\",\"@id\":\"https:\/\/www.mpfiltri.com\/de\/produkt\/strc\/\",\"url\":\"https:\/\/www.mpfiltri.com\/de\/produkt\/strc\/\",\"name\":\"STRC - MP Filtri\",\"isPartOf\":{\"@id\":\"https:\/\/www.mpfiltri.com\/de\/#website\"},\"datePublished\":\"2025-06-16T13:14:58+00:00\",\"dateModified\":\"2026-04-01T14:24:15+00:00\",\"breadcrumb\":{\"@id\":\"https:\/\/www.mpfiltri.com\/de\/produkt\/strc\/#breadcrumb\"},\"inLanguage\":\"de\",\"potentialAction\":[{\"@type\":\"ReadAction\",\"target\":[\"https:\/\/www.mpfiltri.com\/de\/produkt\/strc\/\"]}]},{\"@type\":\"BreadcrumbList\",\"@id\":\"https:\/\/www.mpfiltri.com\/de\/produkt\/strc\/#breadcrumb\",\"itemListElement\":[{\"@type\":\"ListItem\",\"position\":1,\"name\":\"Home\",\"item\":\"https:\/\/www.mpfiltri.com\/de\/\"},{\"@type\":\"ListItem\",\"position\":2,\"name\":\"Produkte\",\"item\":\"https:\/\/www.mpfiltri.com\/de\/shop\/\"},{\"@type\":\"ListItem\",\"position\":3,\"name\":\"STRC\"}]},{\"@type\":\"WebSite\",\"@id\":\"https:\/\/www.mpfiltri.com\/de\/#website\",\"url\":\"https:\/\/www.mpfiltri.com\/de\/\",\"name\":\"MP Filtri\",\"description\":\"\",\"publisher\":{\"@id\":\"https:\/\/www.mpfiltri.com\/de\/#organization\"},\"potentialAction\":[{\"@type\":\"SearchAction\",\"target\":{\"@type\":\"EntryPoint\",\"urlTemplate\":\"https:\/\/www.mpfiltri.com\/de\/?s={search_term_string}\"},\"query-input\":{\"@type\":\"PropertyValueSpecification\",\"valueRequired\":true,\"valueName\":\"search_term_string\"}}],\"inLanguage\":\"de\"},{\"@type\":\"Organization\",\"@id\":\"https:\/\/www.mpfiltri.com\/de\/#organization\",\"name\":\"MP Filtri\",\"url\":\"https:\/\/www.mpfiltri.com\/de\/\",\"logo\":{\"@type\":\"ImageObject\",\"inLanguage\":\"de\",\"@id\":\"https:\/\/www.mpfiltri.com\/de\/#\/schema\/logo\/image\/\",\"url\":\"\",\"contentUrl\":\"\",\"caption\":\"MP Filtri\"},\"image\":{\"@id\":\"https:\/\/www.mpfiltri.com\/de\/#\/schema\/logo\/image\/\"},\"sameAs\":[\"https:\/\/www.facebook.com\/MPFiltriITA\",\"https:\/\/www.instagram.com\/mpfiltri\/\",\"https:\/\/www.youtube.com\/channel\/UCCzNMySYc1c4M-2B4v0K_QA?view_as=subscriber\",\"https:\/\/www.linkedin.com\/company\/mp-filtri-spa\/\"]}]}<\/script>\n<!-- \/ Yoast SEO plugin. -->","yoast_head_json":{"title":"STRC - MP Filtri","robots":{"index":"index","follow":"follow","max-snippet":"max-snippet:-1","max-image-preview":"max-image-preview:large","max-video-preview":"max-video-preview:-1"},"canonical":"https:\/\/www.mpfiltri.com\/de\/produkt\/strc\/","og_locale":"de_DE","og_type":"article","og_title":"STRC - MP Filtri","og_description":"STRC sind Saugk\u00f6rbe zum Schutz der nachgeschalteten Pumpe vor groben Verunreinigungen. Sie werden unterhalb des \u00d6lstands direkt an die Saugleitung der Pumpe angeschlossen. Ein Bypassventil dient zur Entlastung eines \u00fcberm\u00e4\u00dfigen Druckabfalls \u00fcber dem Filtermedium.","og_url":"https:\/\/www.mpfiltri.com\/de\/produkt\/strc\/","og_site_name":"MP Filtri","article_publisher":"https:\/\/www.facebook.com\/MPFiltriITA","article_modified_time":"2026-04-01T14:24:15+00:00","twitter_card":"summary_large_image","schema":{"@context":"https:\/\/schema.org","@graph":[{"@type":"WebPage","@id":"https:\/\/www.mpfiltri.com\/de\/produkt\/strc\/","url":"https:\/\/www.mpfiltri.com\/de\/produkt\/strc\/","name":"STRC - MP Filtri","isPartOf":{"@id":"https:\/\/www.mpfiltri.com\/de\/#website"},"datePublished":"2025-06-16T13:14:58+00:00","dateModified":"2026-04-01T14:24:15+00:00","breadcrumb":{"@id":"https:\/\/www.mpfiltri.com\/de\/produkt\/strc\/#breadcrumb"},"inLanguage":"de","potentialAction":[{"@type":"ReadAction","target":["https:\/\/www.mpfiltri.com\/de\/produkt\/strc\/"]}]},{"@type":"BreadcrumbList","@id":"https:\/\/www.mpfiltri.com\/de\/produkt\/strc\/#breadcrumb","itemListElement":[{"@type":"ListItem","position":1,"name":"Home","item":"https:\/\/www.mpfiltri.com\/de\/"},{"@type":"ListItem","position":2,"name":"Produkte","item":"https:\/\/www.mpfiltri.com\/de\/shop\/"},{"@type":"ListItem","position":3,"name":"STRC"}]},{"@type":"WebSite","@id":"https:\/\/www.mpfiltri.com\/de\/#website","url":"https:\/\/www.mpfiltri.com\/de\/","name":"MP Filtri","description":"","publisher":{"@id":"https:\/\/www.mpfiltri.com\/de\/#organization"},"potentialAction":[{"@type":"SearchAction","target":{"@type":"EntryPoint","urlTemplate":"https:\/\/www.mpfiltri.com\/de\/?s={search_term_string}"},"query-input":{"@type":"PropertyValueSpecification","valueRequired":true,"valueName":"search_term_string"}}],"inLanguage":"de"},{"@type":"Organization","@id":"https:\/\/www.mpfiltri.com\/de\/#organization","name":"MP Filtri","url":"https:\/\/www.mpfiltri.com\/de\/","logo":{"@type":"ImageObject","inLanguage":"de","@id":"https:\/\/www.mpfiltri.com\/de\/#\/schema\/logo\/image\/","url":"","contentUrl":"","caption":"MP Filtri"},"image":{"@id":"https:\/\/www.mpfiltri.com\/de\/#\/schema\/logo\/image\/"},"sameAs":["https:\/\/www.facebook.com\/MPFiltriITA","https:\/\/www.instagram.com\/mpfiltri\/","https:\/\/www.youtube.com\/channel\/UCCzNMySYc1c4M-2B4v0K_QA?view_as=subscriber","https:\/\/www.linkedin.com\/company\/mp-filtri-spa\/"]}]}},"_links":{"self":[{"href":"https:\/\/www.mpfiltri.com\/de\/wp-json\/wp\/v2\/product\/76771","targetHints":{"allow":["GET"]}}],"collection":[{"href":"https:\/\/www.mpfiltri.com\/de\/wp-json\/wp\/v2\/product"}],"about":[{"href":"https:\/\/www.mpfiltri.com\/de\/wp-json\/wp\/v2\/types\/product"}],"replies":[{"embeddable":true,"href":"https:\/\/www.mpfiltri.com\/de\/wp-json\/wp\/v2\/comments?post=76771"}],"wp:attachment":[{"href":"https:\/\/www.mpfiltri.com\/de\/wp-json\/wp\/v2\/media?parent=76771"}],"wp:term":[{"taxonomy":"product-structure","embeddable":true,"href":"https:\/\/www.mpfiltri.com\/de\/wp-json\/wp\/v2\/product-structure?post=76771"},{"taxonomy":"product_brand","embeddable":true,"href":"https:\/\/www.mpfiltri.com\/de\/wp-json\/wp\/v2\/product_brand?post=76771"},{"taxonomy":"product_cat","embeddable":true,"href":"https:\/\/www.mpfiltri.com\/de\/wp-json\/wp\/v2\/product_cat?post=76771"},{"taxonomy":"product_tag","embeddable":true,"href":"https:\/\/www.mpfiltri.com\/de\/wp-json\/wp\/v2\/product_tag?post=76771"}],"curies":[{"name":"wp","href":"https:\/\/api.w.org\/{rel}","templated":true}]}}