

{"id":76750,"date":"2025-06-17T16:56:43","date_gmt":"2025-06-17T14:56:43","guid":{"rendered":"https:\/\/www.mpfiltri.com\/product\/produkt\/"},"modified":"2026-04-01T16:23:25","modified_gmt":"2026-04-01T14:23:25","slug":"cml-3","status":"publish","type":"product","link":"https:\/\/www.mpfiltri.com\/de\/produkt\/cml-3\/","title":{"rendered":"CML 3"},"content":{"rendered":"<p>Das <strong>CML3 ist ein portables Serviceger\u00e4t<\/strong> zur \u00dcberwachung der partikul\u00e4ren Feststoffverschmutzung (Fluidreinheit) sowie der relativen Feuchte und Temperatur (optional) in Standard-Hydraulik- und Schmierfluiden. Als tragbare L\u00f6sung ist es f\u00fcr die Durchf\u00fchrung von Messungen an mehreren Mess-Stellen oder Maschinen konzipiert und eignet sich dadurch ideal zur periodischen oder bedarfsgesteuerten \u00dcberwachung eingesetzter Fluide. Die Integration in den Fluidkreislauf einer zu \u00fcberwachenden Maschine erfolgt an einem mit Druck beaufschlagen M16x2-Messanschluss (min. 2 bar).<\/p>\n<p>Besonderes Merkmal des CML3 ist sein einfacher, kostenoptimierter und wartungsfreundlicher Aufbau &#8211; ohne Abstriche bei Perfomance oder Produktqualit\u00e4t. Es eignet sich damit als idealer Begleiter f\u00fcr Serviceeins\u00e4tze an Hydrauliksystemen oder f\u00fcr die routinem\u00e4\u00dfige Kontrolle gro\u00dfer Maschinenparks mir druckbehafteten Hydrauliksystemen, wie z.B. Werkzeug- oder Kunststoffspritzgussmaschinen.<\/p>\n<p>Dabei verf\u00fcgt das CML3 \u00fcber ein modernes Bedienkonzept und kann vollst\u00e4ndig \u00fcber sein kontrastreiches 7\u201c Touch-Display bedient und gesteuert werden. Die Anzeige und Analyse der Messdaten erfolgt somit direkt auf dem Ger\u00e4t. Alternativ k\u00f6nnen die Messungen an einen PC \u00fcbertragen und mit Hilfe der MP Filtri eigenen Software CMP View analysiert werden. F\u00fcr konventionelle Dokumentationskonzepte kann das Ger\u00e4t mit einem optional erh\u00e4ltlichen Handheld-Bluetooth-Drucker gekoppelt werden. Dieser erm\u00f6glicht den Ausdruck aktueller Messergebnisse. Hochaufl\u00f6sendes 7-Zoll-Touchscreen-Display<\/p>\n<p>\u2022 Kalibriert nach relevanten ISO-Standards<\/p>\n<p>\u2022 Ausgabe der Fluidreinheit in folgenden Klassifizierungsstandards, in bis zu 8 Gr\u00f6\u00dfenkan\u00e4len: ISO 4406, NAS 1638, SAE AS 4059 T1&amp;T2 sowie Rev. E&amp;G, GBT 14039, GJB420B, ISO 11218, GOST 17216<\/p>\n<p>\u2022 Integrierte Feuchte-, Temperaturmessung als Option<\/p>\n<p>\u2022 Einstellbare Messzeit in festen Intervallen<\/p>\n<p>\u2022 Datenspeicher f\u00fcr bis zu 4.000 Messungen<\/p>\n<p>\u2022 Handheld-Bluetooth-Drucker als Option<\/p>\n<p>\u2022 Anzeigen aktueller und gespeicherter Messungen auf mehrfarbigem 7\u201c Touch-Display<\/p>\n<p>\u2022 Hinterlegen von Grenzwerten f\u00fcr die Fluidkontamination direkt auf dem Ger\u00e4t sowie visuelle Alarmierung bei \u00dcberschreitungen<\/p>\n<p>\u2022 Geeignet f\u00fcr Standardhydraulikfluide<\/p>\n<p>\u2022 Messen in Hochdruckkreisl\u00e4ufen bei dynamischen Betriebsdr\u00fccken von bis zu 420 bar direkt am Ger\u00e4t (ohne Hochdruckadapter)<\/p>\n<p>\u2022 M\u00f6glichkeit zur Aufzeichnung von Langzeittrends, da f\u00fcr Dauerbetrieb (S1) geeignet<\/p>\n<p>\u2022 Ortsflexibler Einsatz durch integriertem Li-Ionen-Akku<\/p>\n<p>\u2022 Robust dank stabilem IP65 Tragekoffer aus sto\u00dffestem Kunststoff<\/p>\n<p>\u2022 USB-Anschluss zum direkten Download der Messergebnisse auf einen USB-Stick<\/p>\n<p>\u2022 Umfangreiches Zubeh\u00f6r bereits im Lieferumfang enthalten (Tragetasche, Schl\u00e4uche, Alt\u00f6lbeh\u00e4ltnis, Software, Steckernetzteil)<\/p>\n<p>\u2022 Kompatibel zu MP Filtri\u2019s Datenverwaltungs-, Analyse- und Reporting-Software CMP View (im Lieferumfang enthalten)<\/p>\n<p>Empfohlenes CMP-Zubeh\u00f6r: Handheld-Bluetooth-Drucker (bei Bedarf)<\/p>\n","protected":false},"excerpt":{"rendered":"<p>Das CML3 ist ein portables Serviceger\u00e4t zur \u00dcberwachung der partikul\u00e4ren Feststoffverschmutzung (Fluidreinheit) sowie der relativen Feuchte und Temperatur (optional) in Standard-Hydraulik- und Schmierfluiden. Als tragbare L\u00f6sung ist es f\u00fcr die Durchf\u00fchrung von Messungen an mehreren Mess-Stellen oder Maschinen konzipiert und eignet sich dadurch ideal zur periodischen oder bedarfsgesteuerten \u00dcberwachung eingesetzter Fluide. Die Integration in den [&hellip;]<\/p>\n","protected":false},"featured_media":0,"comment_status":"open","ping_status":"closed","template":"","meta":{"_acf_changed":false,"_gspb_post_css":"","inline_featured_image":false,"_genesis_hide_title":false,"_genesis_hide_breadcrumbs":false,"_genesis_hide_singular_image":false,"_genesis_hide_footer_widgets":false,"_genesis_custom_body_class":"","_genesis_custom_post_class":"","_genesis_layout":"","_links_to":"","_links_to_target":""},"product-structure":[62],"product_brand":[],"product_cat":[13189,13126,13210,13236,13250,13271,13203,13290,13224,13161,13217,13196,13278,13284,13243,13230,13264,13257],"product_tag":[],"class_list":{"0":"post-76750","1":"product","2":"type-product","3":"status-publish","5":"product-structure-series","6":"product_cat-anwendungen","7":"product_cat-baumaschinen","8":"product_cat-bergbau","9":"product_cat-chemie-oel-gas","10":"product_cat-energie","11":"product_cat-entsorgung-und-recycling","12":"product_cat-foerdertechnik","13":"product_cat-hydraulikanlagen","14":"product_cat-kommunaltechnik-und-nutzfahrzeuge","15":"product_cat-land-und-forstmaschinen","16":"product_cat-luftfahrt-und-marine","17":"product_cat-mobile-anwendungen","18":"product_cat-pressen-und-umformmaschinen","19":"product_cat-schmierungstechnik-und-spuelaggregate","20":"product_cat-stahlwerke-und-metallverarbeitung","21":"product_cat-stationaere-anwendungen","22":"product_cat-textil-holz-und-papier","23":"product_cat-verpackung-nahrungs-und-genussmittel","24":"entry","26":"first","27":"instock","28":"shipping-taxable","29":"product-type-simple"},"acf":[],"yoast_head":"<!-- This site is optimized with the Yoast SEO plugin v27.2 - https:\/\/yoast.com\/product\/yoast-seo-wordpress\/ -->\n<title>CML 3 - MP Filtri<\/title>\n<meta name=\"robots\" content=\"index, follow, max-snippet:-1, max-image-preview:large, max-video-preview:-1\" \/>\n<link rel=\"canonical\" href=\"https:\/\/www.mpfiltri.com\/de\/produkt\/cml-3\/\" \/>\n<meta property=\"og:locale\" content=\"de_DE\" \/>\n<meta property=\"og:type\" content=\"article\" \/>\n<meta property=\"og:title\" content=\"CML 3 - MP Filtri\" \/>\n<meta property=\"og:description\" content=\"Das CML3 ist ein portables Serviceger\u00e4t zur \u00dcberwachung der partikul\u00e4ren Feststoffverschmutzung (Fluidreinheit) sowie der relativen Feuchte und Temperatur (optional) in Standard-Hydraulik- und Schmierfluiden. Als tragbare L\u00f6sung ist es f\u00fcr die Durchf\u00fchrung von Messungen an mehreren Mess-Stellen oder Maschinen konzipiert und eignet sich dadurch ideal zur periodischen oder bedarfsgesteuerten \u00dcberwachung eingesetzter Fluide. Die Integration in den [&hellip;]\" \/>\n<meta property=\"og:url\" content=\"https:\/\/www.mpfiltri.com\/de\/produkt\/cml-3\/\" \/>\n<meta property=\"og:site_name\" content=\"MP Filtri\" \/>\n<meta property=\"article:publisher\" content=\"https:\/\/www.facebook.com\/MPFiltriITA\" \/>\n<meta property=\"article:modified_time\" content=\"2026-04-01T14:23:25+00:00\" \/>\n<meta name=\"twitter:card\" content=\"summary_large_image\" \/>\n<meta name=\"twitter:label1\" content=\"Gesch\u00e4tzte Lesezeit\" \/>\n\t<meta name=\"twitter:data1\" content=\"2\u00a0Minuten\" \/>\n<script type=\"application\/ld+json\" class=\"yoast-schema-graph\">{\"@context\":\"https:\/\/schema.org\",\"@graph\":[{\"@type\":\"WebPage\",\"@id\":\"https:\/\/www.mpfiltri.com\/de\/produkt\/cml-3\/\",\"url\":\"https:\/\/www.mpfiltri.com\/de\/produkt\/cml-3\/\",\"name\":\"CML 3 - MP Filtri\",\"isPartOf\":{\"@id\":\"https:\/\/www.mpfiltri.com\/de\/#website\"},\"datePublished\":\"2025-06-17T14:56:43+00:00\",\"dateModified\":\"2026-04-01T14:23:25+00:00\",\"breadcrumb\":{\"@id\":\"https:\/\/www.mpfiltri.com\/de\/produkt\/cml-3\/#breadcrumb\"},\"inLanguage\":\"de\",\"potentialAction\":[{\"@type\":\"ReadAction\",\"target\":[\"https:\/\/www.mpfiltri.com\/de\/produkt\/cml-3\/\"]}]},{\"@type\":\"BreadcrumbList\",\"@id\":\"https:\/\/www.mpfiltri.com\/de\/produkt\/cml-3\/#breadcrumb\",\"itemListElement\":[{\"@type\":\"ListItem\",\"position\":1,\"name\":\"Home\",\"item\":\"https:\/\/www.mpfiltri.com\/de\/\"},{\"@type\":\"ListItem\",\"position\":2,\"name\":\"Produkte\",\"item\":\"https:\/\/www.mpfiltri.com\/de\/shop\/\"},{\"@type\":\"ListItem\",\"position\":3,\"name\":\"CML 3\"}]},{\"@type\":\"WebSite\",\"@id\":\"https:\/\/www.mpfiltri.com\/de\/#website\",\"url\":\"https:\/\/www.mpfiltri.com\/de\/\",\"name\":\"MP Filtri\",\"description\":\"\",\"publisher\":{\"@id\":\"https:\/\/www.mpfiltri.com\/de\/#organization\"},\"potentialAction\":[{\"@type\":\"SearchAction\",\"target\":{\"@type\":\"EntryPoint\",\"urlTemplate\":\"https:\/\/www.mpfiltri.com\/de\/?s={search_term_string}\"},\"query-input\":{\"@type\":\"PropertyValueSpecification\",\"valueRequired\":true,\"valueName\":\"search_term_string\"}}],\"inLanguage\":\"de\"},{\"@type\":\"Organization\",\"@id\":\"https:\/\/www.mpfiltri.com\/de\/#organization\",\"name\":\"MP Filtri\",\"url\":\"https:\/\/www.mpfiltri.com\/de\/\",\"logo\":{\"@type\":\"ImageObject\",\"inLanguage\":\"de\",\"@id\":\"https:\/\/www.mpfiltri.com\/de\/#\/schema\/logo\/image\/\",\"url\":\"\",\"contentUrl\":\"\",\"caption\":\"MP Filtri\"},\"image\":{\"@id\":\"https:\/\/www.mpfiltri.com\/de\/#\/schema\/logo\/image\/\"},\"sameAs\":[\"https:\/\/www.facebook.com\/MPFiltriITA\",\"https:\/\/www.instagram.com\/mpfiltri\/\",\"https:\/\/www.youtube.com\/channel\/UCCzNMySYc1c4M-2B4v0K_QA?view_as=subscriber\",\"https:\/\/www.linkedin.com\/company\/mp-filtri-spa\/\"]}]}<\/script>\n<!-- \/ Yoast SEO plugin. -->","yoast_head_json":{"title":"CML 3 - MP Filtri","robots":{"index":"index","follow":"follow","max-snippet":"max-snippet:-1","max-image-preview":"max-image-preview:large","max-video-preview":"max-video-preview:-1"},"canonical":"https:\/\/www.mpfiltri.com\/de\/produkt\/cml-3\/","og_locale":"de_DE","og_type":"article","og_title":"CML 3 - MP Filtri","og_description":"Das CML3 ist ein portables Serviceger\u00e4t zur \u00dcberwachung der partikul\u00e4ren Feststoffverschmutzung (Fluidreinheit) sowie der relativen Feuchte und Temperatur (optional) in Standard-Hydraulik- und Schmierfluiden. Als tragbare L\u00f6sung ist es f\u00fcr die Durchf\u00fchrung von Messungen an mehreren Mess-Stellen oder Maschinen konzipiert und eignet sich dadurch ideal zur periodischen oder bedarfsgesteuerten \u00dcberwachung eingesetzter Fluide. Die Integration in den [&hellip;]","og_url":"https:\/\/www.mpfiltri.com\/de\/produkt\/cml-3\/","og_site_name":"MP Filtri","article_publisher":"https:\/\/www.facebook.com\/MPFiltriITA","article_modified_time":"2026-04-01T14:23:25+00:00","twitter_card":"summary_large_image","twitter_misc":{"Gesch\u00e4tzte Lesezeit":"2\u00a0Minuten"},"schema":{"@context":"https:\/\/schema.org","@graph":[{"@type":"WebPage","@id":"https:\/\/www.mpfiltri.com\/de\/produkt\/cml-3\/","url":"https:\/\/www.mpfiltri.com\/de\/produkt\/cml-3\/","name":"CML 3 - MP Filtri","isPartOf":{"@id":"https:\/\/www.mpfiltri.com\/de\/#website"},"datePublished":"2025-06-17T14:56:43+00:00","dateModified":"2026-04-01T14:23:25+00:00","breadcrumb":{"@id":"https:\/\/www.mpfiltri.com\/de\/produkt\/cml-3\/#breadcrumb"},"inLanguage":"de","potentialAction":[{"@type":"ReadAction","target":["https:\/\/www.mpfiltri.com\/de\/produkt\/cml-3\/"]}]},{"@type":"BreadcrumbList","@id":"https:\/\/www.mpfiltri.com\/de\/produkt\/cml-3\/#breadcrumb","itemListElement":[{"@type":"ListItem","position":1,"name":"Home","item":"https:\/\/www.mpfiltri.com\/de\/"},{"@type":"ListItem","position":2,"name":"Produkte","item":"https:\/\/www.mpfiltri.com\/de\/shop\/"},{"@type":"ListItem","position":3,"name":"CML 3"}]},{"@type":"WebSite","@id":"https:\/\/www.mpfiltri.com\/de\/#website","url":"https:\/\/www.mpfiltri.com\/de\/","name":"MP Filtri","description":"","publisher":{"@id":"https:\/\/www.mpfiltri.com\/de\/#organization"},"potentialAction":[{"@type":"SearchAction","target":{"@type":"EntryPoint","urlTemplate":"https:\/\/www.mpfiltri.com\/de\/?s={search_term_string}"},"query-input":{"@type":"PropertyValueSpecification","valueRequired":true,"valueName":"search_term_string"}}],"inLanguage":"de"},{"@type":"Organization","@id":"https:\/\/www.mpfiltri.com\/de\/#organization","name":"MP Filtri","url":"https:\/\/www.mpfiltri.com\/de\/","logo":{"@type":"ImageObject","inLanguage":"de","@id":"https:\/\/www.mpfiltri.com\/de\/#\/schema\/logo\/image\/","url":"","contentUrl":"","caption":"MP Filtri"},"image":{"@id":"https:\/\/www.mpfiltri.com\/de\/#\/schema\/logo\/image\/"},"sameAs":["https:\/\/www.facebook.com\/MPFiltriITA","https:\/\/www.instagram.com\/mpfiltri\/","https:\/\/www.youtube.com\/channel\/UCCzNMySYc1c4M-2B4v0K_QA?view_as=subscriber","https:\/\/www.linkedin.com\/company\/mp-filtri-spa\/"]}]}},"_links":{"self":[{"href":"https:\/\/www.mpfiltri.com\/de\/wp-json\/wp\/v2\/product\/76750","targetHints":{"allow":["GET"]}}],"collection":[{"href":"https:\/\/www.mpfiltri.com\/de\/wp-json\/wp\/v2\/product"}],"about":[{"href":"https:\/\/www.mpfiltri.com\/de\/wp-json\/wp\/v2\/types\/product"}],"replies":[{"embeddable":true,"href":"https:\/\/www.mpfiltri.com\/de\/wp-json\/wp\/v2\/comments?post=76750"}],"wp:attachment":[{"href":"https:\/\/www.mpfiltri.com\/de\/wp-json\/wp\/v2\/media?parent=76750"}],"wp:term":[{"taxonomy":"product-structure","embeddable":true,"href":"https:\/\/www.mpfiltri.com\/de\/wp-json\/wp\/v2\/product-structure?post=76750"},{"taxonomy":"product_brand","embeddable":true,"href":"https:\/\/www.mpfiltri.com\/de\/wp-json\/wp\/v2\/product_brand?post=76750"},{"taxonomy":"product_cat","embeddable":true,"href":"https:\/\/www.mpfiltri.com\/de\/wp-json\/wp\/v2\/product_cat?post=76750"},{"taxonomy":"product_tag","embeddable":true,"href":"https:\/\/www.mpfiltri.com\/de\/wp-json\/wp\/v2\/product_tag?post=76750"}],"curies":[{"name":"wp","href":"https:\/\/api.w.org\/{rel}","templated":true}]}}