

{"id":76730,"date":"2025-06-17T11:56:54","date_gmt":"2025-06-17T09:56:54","guid":{"rendered":"https:\/\/www.mpfiltri.com\/product\/produkt\/"},"modified":"2026-04-01T16:23:35","modified_gmt":"2026-04-01T14:23:35","slug":"sme-1-smf-1-sml-1","status":"publish","type":"product","link":"https:\/\/www.mpfiltri.com\/de\/produkt\/sme-1-smf-1-sml-1\/","title":{"rendered":"SME 1 &#8211; SMF 1 &#8211; SML 1"},"content":{"rendered":"<p>Flanschadapter zur Installation von Be- und Entl\u00fcftungsfiltern an beliebigen Stellen am Tank.<\/p>\n<p>Die <strong>Baureihe SME1<\/strong> sorgt f\u00fcr eine H\u00f6herlegung des Be- und Entl\u00fcftungsfilters und vermeidet dadurch das Herausschwappen des \u00d6ls aus dem Tank bei ruckartigen Bewegungen. Sofern es die Maschinenabmessungen nicht zulassen, k\u00f6nnen mittels <strong>SMF1 oder SML1<\/strong> der Einf\u00fcllstutzen und der Bel\u00fcftungsfilter an die Tankseitenwand verlegt werden.<\/p>\n<p> Allgemeine  Anwendungsbereiche sind mobile Maschinen und Industrieanlagen. <\/p>\n","protected":false},"excerpt":{"rendered":"<p>Flanschadapter zur Installation von Be- und Entl\u00fcftungsfiltern an beliebigen Stellen am Tank. Die Baureihe SME1 sorgt f\u00fcr eine H\u00f6herlegung des Be- und Entl\u00fcftungsfilters und vermeidet dadurch das Herausschwappen des \u00d6ls aus dem Tank bei ruckartigen Bewegungen. Sofern es die Maschinenabmessungen nicht zulassen, k\u00f6nnen mittels SMF1 oder SML1 der Einf\u00fcllstutzen und der Bel\u00fcftungsfilter an die Tankseitenwand [&hellip;]<\/p>\n","protected":false},"featured_media":0,"comment_status":"open","ping_status":"closed","template":"","meta":{"_acf_changed":false,"_gspb_post_css":"","inline_featured_image":false,"_genesis_hide_title":false,"_genesis_hide_breadcrumbs":false,"_genesis_hide_singular_image":false,"_genesis_hide_footer_widgets":false,"_genesis_custom_body_class":"","_genesis_custom_post_class":"","_genesis_layout":"","_links_to":"","_links_to_target":""},"product-structure":[62],"product_brand":[],"product_cat":[13189,13126,13161,13196],"product_tag":[],"class_list":{"0":"post-76730","1":"product","2":"type-product","3":"status-publish","5":"product-structure-series","6":"product_cat-anwendungen","7":"product_cat-baumaschinen","8":"product_cat-land-und-forstmaschinen","9":"product_cat-mobile-anwendungen","10":"entry","12":"first","13":"instock","14":"shipping-taxable","15":"product-type-simple"},"acf":[],"yoast_head":"<!-- This site is optimized with the Yoast SEO plugin v27.2 - https:\/\/yoast.com\/product\/yoast-seo-wordpress\/ -->\n<title>SME 1 - SMF 1 - SML 1 - MP Filtri<\/title>\n<meta name=\"robots\" content=\"index, follow, max-snippet:-1, max-image-preview:large, max-video-preview:-1\" \/>\n<link rel=\"canonical\" href=\"https:\/\/www.mpfiltri.com\/de\/produkt\/sme-1-smf-1-sml-1\/\" \/>\n<meta property=\"og:locale\" content=\"de_DE\" \/>\n<meta property=\"og:type\" content=\"article\" \/>\n<meta property=\"og:title\" content=\"SME 1 - SMF 1 - SML 1 - MP Filtri\" \/>\n<meta property=\"og:description\" content=\"Flanschadapter zur Installation von Be- und Entl\u00fcftungsfiltern an beliebigen Stellen am Tank. Die Baureihe SME1 sorgt f\u00fcr eine H\u00f6herlegung des Be- und Entl\u00fcftungsfilters und vermeidet dadurch das Herausschwappen des \u00d6ls aus dem Tank bei ruckartigen Bewegungen. Sofern es die Maschinenabmessungen nicht zulassen, k\u00f6nnen mittels SMF1 oder SML1 der Einf\u00fcllstutzen und der Bel\u00fcftungsfilter an die Tankseitenwand [&hellip;]\" \/>\n<meta property=\"og:url\" content=\"https:\/\/www.mpfiltri.com\/de\/produkt\/sme-1-smf-1-sml-1\/\" \/>\n<meta property=\"og:site_name\" content=\"MP Filtri\" \/>\n<meta property=\"article:publisher\" content=\"https:\/\/www.facebook.com\/MPFiltriITA\" \/>\n<meta property=\"article:modified_time\" content=\"2026-04-01T14:23:35+00:00\" \/>\n<meta name=\"twitter:card\" content=\"summary_large_image\" \/>\n<script type=\"application\/ld+json\" class=\"yoast-schema-graph\">{\"@context\":\"https:\/\/schema.org\",\"@graph\":[{\"@type\":\"WebPage\",\"@id\":\"https:\/\/www.mpfiltri.com\/de\/produkt\/sme-1-smf-1-sml-1\/\",\"url\":\"https:\/\/www.mpfiltri.com\/de\/produkt\/sme-1-smf-1-sml-1\/\",\"name\":\"SME 1 - SMF 1 - SML 1 - MP Filtri\",\"isPartOf\":{\"@id\":\"https:\/\/www.mpfiltri.com\/de\/#website\"},\"datePublished\":\"2025-06-17T09:56:54+00:00\",\"dateModified\":\"2026-04-01T14:23:35+00:00\",\"breadcrumb\":{\"@id\":\"https:\/\/www.mpfiltri.com\/de\/produkt\/sme-1-smf-1-sml-1\/#breadcrumb\"},\"inLanguage\":\"de\",\"potentialAction\":[{\"@type\":\"ReadAction\",\"target\":[\"https:\/\/www.mpfiltri.com\/de\/produkt\/sme-1-smf-1-sml-1\/\"]}]},{\"@type\":\"BreadcrumbList\",\"@id\":\"https:\/\/www.mpfiltri.com\/de\/produkt\/sme-1-smf-1-sml-1\/#breadcrumb\",\"itemListElement\":[{\"@type\":\"ListItem\",\"position\":1,\"name\":\"Home\",\"item\":\"https:\/\/www.mpfiltri.com\/de\/\"},{\"@type\":\"ListItem\",\"position\":2,\"name\":\"Produkte\",\"item\":\"https:\/\/www.mpfiltri.com\/de\/shop\/\"},{\"@type\":\"ListItem\",\"position\":3,\"name\":\"SME 1 &#8211; SMF 1 &#8211; SML 1\"}]},{\"@type\":\"WebSite\",\"@id\":\"https:\/\/www.mpfiltri.com\/de\/#website\",\"url\":\"https:\/\/www.mpfiltri.com\/de\/\",\"name\":\"MP Filtri\",\"description\":\"\",\"publisher\":{\"@id\":\"https:\/\/www.mpfiltri.com\/de\/#organization\"},\"potentialAction\":[{\"@type\":\"SearchAction\",\"target\":{\"@type\":\"EntryPoint\",\"urlTemplate\":\"https:\/\/www.mpfiltri.com\/de\/?s={search_term_string}\"},\"query-input\":{\"@type\":\"PropertyValueSpecification\",\"valueRequired\":true,\"valueName\":\"search_term_string\"}}],\"inLanguage\":\"de\"},{\"@type\":\"Organization\",\"@id\":\"https:\/\/www.mpfiltri.com\/de\/#organization\",\"name\":\"MP Filtri\",\"url\":\"https:\/\/www.mpfiltri.com\/de\/\",\"logo\":{\"@type\":\"ImageObject\",\"inLanguage\":\"de\",\"@id\":\"https:\/\/www.mpfiltri.com\/de\/#\/schema\/logo\/image\/\",\"url\":\"\",\"contentUrl\":\"\",\"caption\":\"MP Filtri\"},\"image\":{\"@id\":\"https:\/\/www.mpfiltri.com\/de\/#\/schema\/logo\/image\/\"},\"sameAs\":[\"https:\/\/www.facebook.com\/MPFiltriITA\",\"https:\/\/www.instagram.com\/mpfiltri\/\",\"https:\/\/www.youtube.com\/channel\/UCCzNMySYc1c4M-2B4v0K_QA?view_as=subscriber\",\"https:\/\/www.linkedin.com\/company\/mp-filtri-spa\/\"]}]}<\/script>\n<!-- \/ Yoast SEO plugin. -->","yoast_head_json":{"title":"SME 1 - SMF 1 - SML 1 - MP Filtri","robots":{"index":"index","follow":"follow","max-snippet":"max-snippet:-1","max-image-preview":"max-image-preview:large","max-video-preview":"max-video-preview:-1"},"canonical":"https:\/\/www.mpfiltri.com\/de\/produkt\/sme-1-smf-1-sml-1\/","og_locale":"de_DE","og_type":"article","og_title":"SME 1 - SMF 1 - SML 1 - MP Filtri","og_description":"Flanschadapter zur Installation von Be- und Entl\u00fcftungsfiltern an beliebigen Stellen am Tank. Die Baureihe SME1 sorgt f\u00fcr eine H\u00f6herlegung des Be- und Entl\u00fcftungsfilters und vermeidet dadurch das Herausschwappen des \u00d6ls aus dem Tank bei ruckartigen Bewegungen. Sofern es die Maschinenabmessungen nicht zulassen, k\u00f6nnen mittels SMF1 oder SML1 der Einf\u00fcllstutzen und der Bel\u00fcftungsfilter an die Tankseitenwand [&hellip;]","og_url":"https:\/\/www.mpfiltri.com\/de\/produkt\/sme-1-smf-1-sml-1\/","og_site_name":"MP Filtri","article_publisher":"https:\/\/www.facebook.com\/MPFiltriITA","article_modified_time":"2026-04-01T14:23:35+00:00","twitter_card":"summary_large_image","schema":{"@context":"https:\/\/schema.org","@graph":[{"@type":"WebPage","@id":"https:\/\/www.mpfiltri.com\/de\/produkt\/sme-1-smf-1-sml-1\/","url":"https:\/\/www.mpfiltri.com\/de\/produkt\/sme-1-smf-1-sml-1\/","name":"SME 1 - SMF 1 - SML 1 - MP Filtri","isPartOf":{"@id":"https:\/\/www.mpfiltri.com\/de\/#website"},"datePublished":"2025-06-17T09:56:54+00:00","dateModified":"2026-04-01T14:23:35+00:00","breadcrumb":{"@id":"https:\/\/www.mpfiltri.com\/de\/produkt\/sme-1-smf-1-sml-1\/#breadcrumb"},"inLanguage":"de","potentialAction":[{"@type":"ReadAction","target":["https:\/\/www.mpfiltri.com\/de\/produkt\/sme-1-smf-1-sml-1\/"]}]},{"@type":"BreadcrumbList","@id":"https:\/\/www.mpfiltri.com\/de\/produkt\/sme-1-smf-1-sml-1\/#breadcrumb","itemListElement":[{"@type":"ListItem","position":1,"name":"Home","item":"https:\/\/www.mpfiltri.com\/de\/"},{"@type":"ListItem","position":2,"name":"Produkte","item":"https:\/\/www.mpfiltri.com\/de\/shop\/"},{"@type":"ListItem","position":3,"name":"SME 1 &#8211; SMF 1 &#8211; SML 1"}]},{"@type":"WebSite","@id":"https:\/\/www.mpfiltri.com\/de\/#website","url":"https:\/\/www.mpfiltri.com\/de\/","name":"MP Filtri","description":"","publisher":{"@id":"https:\/\/www.mpfiltri.com\/de\/#organization"},"potentialAction":[{"@type":"SearchAction","target":{"@type":"EntryPoint","urlTemplate":"https:\/\/www.mpfiltri.com\/de\/?s={search_term_string}"},"query-input":{"@type":"PropertyValueSpecification","valueRequired":true,"valueName":"search_term_string"}}],"inLanguage":"de"},{"@type":"Organization","@id":"https:\/\/www.mpfiltri.com\/de\/#organization","name":"MP Filtri","url":"https:\/\/www.mpfiltri.com\/de\/","logo":{"@type":"ImageObject","inLanguage":"de","@id":"https:\/\/www.mpfiltri.com\/de\/#\/schema\/logo\/image\/","url":"","contentUrl":"","caption":"MP Filtri"},"image":{"@id":"https:\/\/www.mpfiltri.com\/de\/#\/schema\/logo\/image\/"},"sameAs":["https:\/\/www.facebook.com\/MPFiltriITA","https:\/\/www.instagram.com\/mpfiltri\/","https:\/\/www.youtube.com\/channel\/UCCzNMySYc1c4M-2B4v0K_QA?view_as=subscriber","https:\/\/www.linkedin.com\/company\/mp-filtri-spa\/"]}]}},"_links":{"self":[{"href":"https:\/\/www.mpfiltri.com\/de\/wp-json\/wp\/v2\/product\/76730","targetHints":{"allow":["GET"]}}],"collection":[{"href":"https:\/\/www.mpfiltri.com\/de\/wp-json\/wp\/v2\/product"}],"about":[{"href":"https:\/\/www.mpfiltri.com\/de\/wp-json\/wp\/v2\/types\/product"}],"replies":[{"embeddable":true,"href":"https:\/\/www.mpfiltri.com\/de\/wp-json\/wp\/v2\/comments?post=76730"}],"wp:attachment":[{"href":"https:\/\/www.mpfiltri.com\/de\/wp-json\/wp\/v2\/media?parent=76730"}],"wp:term":[{"taxonomy":"product-structure","embeddable":true,"href":"https:\/\/www.mpfiltri.com\/de\/wp-json\/wp\/v2\/product-structure?post=76730"},{"taxonomy":"product_brand","embeddable":true,"href":"https:\/\/www.mpfiltri.com\/de\/wp-json\/wp\/v2\/product_brand?post=76730"},{"taxonomy":"product_cat","embeddable":true,"href":"https:\/\/www.mpfiltri.com\/de\/wp-json\/wp\/v2\/product_cat?post=76730"},{"taxonomy":"product_tag","embeddable":true,"href":"https:\/\/www.mpfiltri.com\/de\/wp-json\/wp\/v2\/product_tag?post=76730"}],"curies":[{"name":"wp","href":"https:\/\/api.w.org\/{rel}","templated":true}]}}